{"id":982,"date":"2023-05-19T12:17:11","date_gmt":"2023-05-19T10:17:11","guid":{"rendered":"https:\/\/loiseauvert.fr\/?post_type=product&#038;p=982"},"modified":"2026-03-25T12:44:04","modified_gmt":"2026-03-25T11:44:04","slug":"solarisation-n66-harmonisation-vibratoire-des-environnements","status":"publish","type":"product","link":"https:\/\/loiseauvert.fr\/en\/product\/solarisation-n66-harmonisation-vibratoire-des-environnements\/","title":{"rendered":"exodf"},"content":{"rendered":"<h3>Solarization No. 66<\/h3>\n<p><strong>\u00ab\u00a0Harmonisation vibratoire dans les environnements charg\u00e9s\u00a0\u00bb<\/strong><\/p>\n<ul>\n<li>\n<p data-start=\"151\" data-end=\"344\">Favorise la d\u00e9tente et l\u2019\u00e9quilibre int\u00e9rieur.<\/p>\n<\/li>\n<li>\n<p data-start=\"151\" data-end=\"344\">Accompagne le processus de lib\u00e9ration des influences n\u00e9gatives et des \u00e9nergies perturbatrices, pour un mieux-\u00eatre global.<\/p>\n<\/li>\n<\/ul>","protected":false},"excerpt":{"rendered":"<p data-start=\"154\" data-end=\"362\">Soutient le rel\u00e2chement des tensions et favorise un sentiment de libert\u00e9 face aux influences ext\u00e9rieures.<br data-start=\"278\" data-end=\"281\" \/>Elle invite \u00e0 retrouver un \u00e9quilibre profond et une d\u00e9tente durable au quotidien.<\/p>","protected":false},"featured_media":991,"template":"","meta":{"_acf_changed":false,"_glsr_average":0,"_glsr_ranking":0,"_glsr_reviews":0},"product_brand":[],"product_cat":[58],"product_tag":[],"class_list":{"0":"post-982","1":"product","2":"type-product","3":"status-publish","4":"has-post-thumbnail","6":"product_cat-les-mixtes","8":"first","9":"instock","10":"taxable","11":"shipping-taxable","12":"purchasable","13":"product-type-simple"},"supplier_id":null,"supplier_sku":"","barcode":null,"atum_controlled":true,"out_stock_date":null,"out_stock_threshold":null,"inheritable":false,"inbound_stock":null,"stock_on_hold":6,"sold_today":0,"sales_last_days":0,"reserved_stock":null,"customer_returns":null,"warehouse_damage":null,"lost_in_post":null,"other_logs":null,"out_stock_days":0,"lost_sales":0,"has_location":false,"update_date":"2026-04-09T10:18:01","atum_locations":[],"atum_stock_status":"instock","restock_status":false,"low_stock_amount":"","sales_update_date":"2026-04-09T10:18:01","calc_backorders":null,"acf":[],"yoast_head":"<!-- This site is optimized with the Yoast SEO plugin v26.9 - https:\/\/yoast.com\/product\/yoast-seo-wordpress\/ -->\n<title>Exodef - L&#039;Oiseau Vert<\/title>\n<meta name=\"description\" content=\"Solarisation n\u00b066 \u2013 Harmonisation \u00e9nerg\u00e9tique et d\u00e9tente int\u00e9rieure. Lib\u00e8re les \u00e9nergies n\u00e9gatives pour un mieux-\u00eatre global et durable.\" \/>\n<meta name=\"robots\" content=\"index, follow, max-snippet:-1, max-image-preview:large, max-video-preview:-1\" \/>\n<link rel=\"canonical\" href=\"https:\/\/loiseauvert.fr\/en\/product\/solarisation-n66-harmonisation-vibratoire-des-environnements\/\" \/>\n<meta property=\"og:locale\" content=\"en_GB\" \/>\n<meta property=\"og:type\" content=\"article\" \/>\n<meta property=\"og:title\" content=\"Exodef - L&#039;Oiseau Vert\" \/>\n<meta property=\"og:description\" content=\"Solarisation n\u00b066 \u2013 Harmonisation \u00e9nerg\u00e9tique et d\u00e9tente int\u00e9rieure. Lib\u00e8re les \u00e9nergies n\u00e9gatives pour un mieux-\u00eatre global et durable.\" \/>\n<meta property=\"og:url\" content=\"https:\/\/loiseauvert.fr\/en\/product\/solarisation-n66-harmonisation-vibratoire-des-environnements\/\" \/>\n<meta property=\"og:site_name\" content=\"L&#039;Oiseau Vert\" \/>\n<meta property=\"article:modified_time\" content=\"2026-03-25T11:44:04+00:00\" \/>\n<meta property=\"og:image\" content=\"https:\/\/loiseauvert.fr\/wp-content\/uploads\/2023\/05\/oiseau-vert-solarisation-exodef-66-jpg.webp\" \/>\n\t<meta property=\"og:image:width\" content=\"1000\" \/>\n\t<meta property=\"og:image:height\" content=\"1000\" \/>\n\t<meta property=\"og:image:type\" content=\"image\/jpeg\" \/>\n<meta name=\"twitter:card\" content=\"summary_large_image\" \/>\n<meta name=\"twitter:label1\" content=\"Estimated reading time\" \/>\n\t<meta name=\"twitter:data1\" content=\"1 minute\" \/>\n<script type=\"application\/ld+json\" class=\"yoast-schema-graph\">{\"@context\":\"https:\/\/schema.org\",\"@graph\":[{\"@type\":\"WebPage\",\"@id\":\"https:\/\/loiseauvert.fr\/produit\/solarisation-n66-harmonisation-vibratoire-des-environnements\/\",\"url\":\"https:\/\/loiseauvert.fr\/produit\/solarisation-n66-harmonisation-vibratoire-des-environnements\/\",\"name\":\"Exodef - L&#039;Oiseau Vert\",\"isPartOf\":{\"@id\":\"https:\/\/loiseauvert.fr\/#website\"},\"primaryImageOfPage\":{\"@id\":\"https:\/\/loiseauvert.fr\/produit\/solarisation-n66-harmonisation-vibratoire-des-environnements\/#primaryimage\"},\"image\":{\"@id\":\"https:\/\/loiseauvert.fr\/produit\/solarisation-n66-harmonisation-vibratoire-des-environnements\/#primaryimage\"},\"thumbnailUrl\":\"https:\/\/loiseauvert.fr\/wp-content\/uploads\/2023\/05\/oiseau-vert-solarisation-exodef-66-jpg.webp\",\"datePublished\":\"2023-05-19T10:17:11+00:00\",\"dateModified\":\"2026-03-25T11:44:04+00:00\",\"description\":\"Solarisation n\u00b066 \u2013 Harmonisation \u00e9nerg\u00e9tique et d\u00e9tente int\u00e9rieure. Lib\u00e8re les \u00e9nergies n\u00e9gatives pour un mieux-\u00eatre global et durable.\",\"breadcrumb\":{\"@id\":\"https:\/\/loiseauvert.fr\/produit\/solarisation-n66-harmonisation-vibratoire-des-environnements\/#breadcrumb\"},\"inLanguage\":\"en-GB\",\"potentialAction\":[{\"@type\":\"ReadAction\",\"target\":[\"https:\/\/loiseauvert.fr\/produit\/solarisation-n66-harmonisation-vibratoire-des-environnements\/\"]}]},{\"@type\":\"ImageObject\",\"inLanguage\":\"en-GB\",\"@id\":\"https:\/\/loiseauvert.fr\/produit\/solarisation-n66-harmonisation-vibratoire-des-environnements\/#primaryimage\",\"url\":\"https:\/\/loiseauvert.fr\/wp-content\/uploads\/2023\/05\/oiseau-vert-solarisation-exodef-66-jpg.webp\",\"contentUrl\":\"https:\/\/loiseauvert.fr\/wp-content\/uploads\/2023\/05\/oiseau-vert-solarisation-exodef-66-jpg.webp\",\"width\":1000,\"height\":1000},{\"@type\":\"BreadcrumbList\",\"@id\":\"https:\/\/loiseauvert.fr\/produit\/solarisation-n66-harmonisation-vibratoire-des-environnements\/#breadcrumb\",\"itemListElement\":[{\"@type\":\"ListItem\",\"position\":1,\"name\":\"Accueil\",\"item\":\"https:\/\/loiseauvert.fr\/\"},{\"@type\":\"ListItem\",\"position\":2,\"name\":\"Les Mixtes\",\"item\":\"https:\/\/loiseauvert.fr\/categorie-produit\/les-mixtes\/\"},{\"@type\":\"ListItem\",\"position\":3,\"name\":\"Exodef\"}]},{\"@type\":\"WebSite\",\"@id\":\"https:\/\/loiseauvert.fr\/#website\",\"url\":\"https:\/\/loiseauvert.fr\/\",\"name\":\"L&#039;Oiseau Vert\",\"description\":\"\",\"potentialAction\":[{\"@type\":\"SearchAction\",\"target\":{\"@type\":\"EntryPoint\",\"urlTemplate\":\"https:\/\/loiseauvert.fr\/?s={search_term_string}\"},\"query-input\":{\"@type\":\"PropertyValueSpecification\",\"valueRequired\":true,\"valueName\":\"search_term_string\"}}],\"inLanguage\":\"en-GB\"}]}<\/script>\n<!-- \/ Yoast SEO plugin. -->","yoast_head_json":{"title":"Exodef - The Green Bird","description":"Solarisation n\u00b066 \u2013 Harmonisation \u00e9nerg\u00e9tique et d\u00e9tente int\u00e9rieure. Lib\u00e8re les \u00e9nergies n\u00e9gatives pour un mieux-\u00eatre global et durable.","robots":{"index":"index","follow":"follow","max-snippet":"max-snippet:-1","max-image-preview":"max-image-preview:large","max-video-preview":"max-video-preview:-1"},"canonical":"https:\/\/loiseauvert.fr\/en\/product\/solarisation-n66-harmonisation-vibratoire-des-environnements\/","og_locale":"en_GB","og_type":"article","og_title":"Exodef - L&#039;Oiseau Vert","og_description":"Solarisation n\u00b066 \u2013 Harmonisation \u00e9nerg\u00e9tique et d\u00e9tente int\u00e9rieure. Lib\u00e8re les \u00e9nergies n\u00e9gatives pour un mieux-\u00eatre global et durable.","og_url":"https:\/\/loiseauvert.fr\/en\/product\/solarisation-n66-harmonisation-vibratoire-des-environnements\/","og_site_name":"L&#039;Oiseau Vert","article_modified_time":"2026-03-25T11:44:04+00:00","og_image":[{"width":1000,"height":1000,"url":"https:\/\/loiseauvert.fr\/wp-content\/uploads\/2023\/05\/oiseau-vert-solarisation-exodef-66-jpg.webp","type":"image\/jpeg"}],"twitter_card":"summary_large_image","twitter_misc":{"Estimated reading time":"1 minute"},"schema":{"@context":"https:\/\/schema.org","@graph":[{"@type":"WebPage","@id":"https:\/\/loiseauvert.fr\/produit\/solarisation-n66-harmonisation-vibratoire-des-environnements\/","url":"https:\/\/loiseauvert.fr\/produit\/solarisation-n66-harmonisation-vibratoire-des-environnements\/","name":"Exodef - The Green Bird","isPartOf":{"@id":"https:\/\/loiseauvert.fr\/#website"},"primaryImageOfPage":{"@id":"https:\/\/loiseauvert.fr\/produit\/solarisation-n66-harmonisation-vibratoire-des-environnements\/#primaryimage"},"image":{"@id":"https:\/\/loiseauvert.fr\/produit\/solarisation-n66-harmonisation-vibratoire-des-environnements\/#primaryimage"},"thumbnailUrl":"https:\/\/loiseauvert.fr\/wp-content\/uploads\/2023\/05\/oiseau-vert-solarisation-exodef-66-jpg.webp","datePublished":"2023-05-19T10:17:11+00:00","dateModified":"2026-03-25T11:44:04+00:00","description":"Solarisation n\u00b066 \u2013 Harmonisation \u00e9nerg\u00e9tique et d\u00e9tente int\u00e9rieure. Lib\u00e8re les \u00e9nergies n\u00e9gatives pour un mieux-\u00eatre global et durable.","breadcrumb":{"@id":"https:\/\/loiseauvert.fr\/produit\/solarisation-n66-harmonisation-vibratoire-des-environnements\/#breadcrumb"},"inLanguage":"en-GB","potentialAction":[{"@type":"ReadAction","target":["https:\/\/loiseauvert.fr\/produit\/solarisation-n66-harmonisation-vibratoire-des-environnements\/"]}]},{"@type":"ImageObject","inLanguage":"en-GB","@id":"https:\/\/loiseauvert.fr\/produit\/solarisation-n66-harmonisation-vibratoire-des-environnements\/#primaryimage","url":"https:\/\/loiseauvert.fr\/wp-content\/uploads\/2023\/05\/oiseau-vert-solarisation-exodef-66-jpg.webp","contentUrl":"https:\/\/loiseauvert.fr\/wp-content\/uploads\/2023\/05\/oiseau-vert-solarisation-exodef-66-jpg.webp","width":1000,"height":1000},{"@type":"BreadcrumbList","@id":"https:\/\/loiseauvert.fr\/produit\/solarisation-n66-harmonisation-vibratoire-des-environnements\/#breadcrumb","itemListElement":[{"@type":"ListItem","position":1,"name":"Accueil","item":"https:\/\/loiseauvert.fr\/"},{"@type":"ListItem","position":2,"name":"Les Mixtes","item":"https:\/\/loiseauvert.fr\/categorie-produit\/les-mixtes\/"},{"@type":"ListItem","position":3,"name":"Exodef"}]},{"@type":"WebSite","@id":"https:\/\/loiseauvert.fr\/#website","url":"https:\/\/loiseauvert.fr\/","name":"The Green Bird","description":"","potentialAction":[{"@type":"SearchAction","target":{"@type":"EntryPoint","urlTemplate":"https:\/\/loiseauvert.fr\/?s={search_term_string}"},"query-input":{"@type":"PropertyValueSpecification","valueRequired":true,"valueName":"search_term_string"}}],"inLanguage":"en-GB"}]}},"batches":[{"id":"51","date_created":"2025-05-22 11:52:47","date_expiry":"2027-01-01 00:00:00","user_id":"8","batch_number":"66.25.027","location":"","quantity":"10.0000","quantity_available":"0.0000","units":"1","status":"archived","order_ids":"[14433,14464,13864,14547,14544]"},{"id":"68","date_created":"2025-06-06 14:30:18","date_expiry":"2027-06-01 00:00:00","user_id":"8","batch_number":"66.25.028","location":"","quantity":"70.0000","quantity_available":"0.0000","units":"1","status":"archived","order_ids":"[14544,14630,14812,14243,14797,14944,15104,15126,15148,15153,15232,15267,15326,15336,15405,15440,15451,15492,15508,15517,15526,15537,15739,15754,15827,15859,15878,15970,15985,15993,16003,16006,16032,16089,16230,16289,16310,16315,16355,16506,16519,16604,16659,16688,16747,16841,17122,17141,17174,17185,17239,17296,17472,17488,17496,17554]"},{"id":"158","date_created":"2025-12-19 09:31:28","date_expiry":"2027-12-01 00:00:00","user_id":"0","batch_number":"66.25.029","location":"","quantity":"74.0000","quantity_available":"26.0000","units":"1","status":"active","order_ids":"[17554,17612,17765,17793,17862,17868,17914,17941,18024,18082,18085,18098,18227,18308,18317,18499,18555,18572,18694,18696,18743,18602]"}],"_links":{"self":[{"href":"https:\/\/loiseauvert.fr\/en\/wp-json\/wp\/v2\/product\/982","targetHints":{"allow":["GET"]}}],"collection":[{"href":"https:\/\/loiseauvert.fr\/en\/wp-json\/wp\/v2\/product"}],"about":[{"href":"https:\/\/loiseauvert.fr\/en\/wp-json\/wp\/v2\/types\/product"}],"wp:featuredmedia":[{"embeddable":true,"href":"https:\/\/loiseauvert.fr\/en\/wp-json\/wp\/v2\/media\/991"}],"wp:attachment":[{"href":"https:\/\/loiseauvert.fr\/en\/wp-json\/wp\/v2\/media?parent=982"}],"wp:term":[{"taxonomy":"product_brand","embeddable":true,"href":"https:\/\/loiseauvert.fr\/en\/wp-json\/wp\/v2\/product_brand?post=982"},{"taxonomy":"product_cat","embeddable":true,"href":"https:\/\/loiseauvert.fr\/en\/wp-json\/wp\/v2\/product_cat?post=982"},{"taxonomy":"product_tag","embeddable":true,"href":"https:\/\/loiseauvert.fr\/en\/wp-json\/wp\/v2\/product_tag?post=982"}],"curies":[{"name":"wp","href":"https:\/\/api.w.org\/{rel}","templated":true}]}}