{"id":981,"date":"2023-05-19T12:17:11","date_gmt":"2023-05-19T10:17:11","guid":{"rendered":"https:\/\/loiseauvert.fr\/?post_type=product&#038;p=981"},"modified":"2026-04-07T14:49:34","modified_gmt":"2026-04-07T12:49:34","slug":"solarisation-n74-elixir-vibratoire-de-clarte-et-dalignement","status":"publish","type":"product","link":"https:\/\/loiseauvert.fr\/en\/product\/solarisation-n74-elixir-vibratoire-de-clarte-et-dalignement\/","title":{"rendered":"Balance- Self-esteem"},"content":{"rendered":"<h3>Solarization No. 74<\/h3>\n<p><strong>\u00ab\u00a0Soutien vibratoire vers plus de clart\u00e9 et d\u2019alignement\u00a0\u00bb<\/strong><\/p>\n<ul>\n<li>\n<p data-start=\"169\" data-end=\"446\">Favorise l\u2019harmonisation entre intuition et raisonnement.<\/p>\n<\/li>\n<li>\n<p data-start=\"169\" data-end=\"446\">Accompagne le recentrage int\u00e9rieur et le d\u00e9veloppement d\u2019une conscience claire de sa propre valeur.<\/p>\n<\/li>\n<li>\n<p data-start=\"169\" data-end=\"446\">Soutient l\u2019\u00e9quilibre dans les attitudes et comportements, entre autorit\u00e9 et ouverture.<\/p>\n<\/li>\n<\/ul>\n<h5>Vibration Supports:<\/h5>\n<p>Staplex, Seren, Atox and Archelia<\/p>","protected":false},"excerpt":{"rendered":"<p data-start=\"124\" data-end=\"354\">Encourage la motivation et la prise de responsabilit\u00e9 pour reprendre pleinement les commandes de sa vie.<br data-start=\"247\" data-end=\"250\" \/>Favorise l\u2019harmonisation entre \u00e9nergie terrestre et aspirations \u00e9lev\u00e9es, pour un \u00e9quilibre durable.<\/p>","protected":false},"featured_media":990,"template":"","meta":{"_acf_changed":false,"_glsr_average":0,"_glsr_ranking":0,"_glsr_reviews":0},"product_brand":[],"product_cat":[59],"product_tag":[],"class_list":{"0":"post-981","1":"product","2":"type-product","3":"status-publish","4":"has-post-thumbnail","6":"product_cat-les-complexes","8":"first","9":"instock","10":"taxable","11":"shipping-taxable","12":"purchasable","13":"product-type-simple"},"supplier_id":null,"supplier_sku":"","barcode":null,"atum_controlled":true,"out_stock_date":null,"out_stock_threshold":null,"inheritable":false,"inbound_stock":null,"stock_on_hold":6,"sold_today":0,"sales_last_days":2,"reserved_stock":null,"customer_returns":null,"warehouse_damage":null,"lost_in_post":null,"other_logs":null,"out_stock_days":0,"lost_sales":0,"has_location":false,"update_date":"2026-04-09T12:02:18","atum_locations":[],"atum_stock_status":"instock","restock_status":false,"low_stock_amount":"","sales_update_date":"2026-04-09T12:02:18","calc_backorders":null,"acf":[],"yoast_head":"<!-- This site is optimized with the Yoast SEO plugin v26.9 - https:\/\/yoast.com\/product\/yoast-seo-wordpress\/ -->\n<title>Equilibre- Estime de soi - L&#039;Oiseau Vert<\/title>\n<meta name=\"description\" content=\"Solarisation n\u00b074 \u2013 \u00c9quilibre intuition et raison, recentrage int\u00e9rieur et clart\u00e9 de soi pour un alignement \u00e9nerg\u00e9tique harmonieux.\" \/>\n<meta name=\"robots\" content=\"index, follow, max-snippet:-1, max-image-preview:large, max-video-preview:-1\" \/>\n<link rel=\"canonical\" href=\"https:\/\/loiseauvert.fr\/en\/product\/solarisation-n74-elixir-vibratoire-de-clarte-et-dalignement\/\" \/>\n<meta property=\"og:locale\" content=\"en_GB\" \/>\n<meta property=\"og:type\" content=\"article\" \/>\n<meta property=\"og:title\" content=\"Equilibre- Estime de soi - L&#039;Oiseau Vert\" \/>\n<meta property=\"og:description\" content=\"Solarisation n\u00b074 \u2013 \u00c9quilibre intuition et raison, recentrage int\u00e9rieur et clart\u00e9 de soi pour un alignement \u00e9nerg\u00e9tique harmonieux.\" \/>\n<meta property=\"og:url\" content=\"https:\/\/loiseauvert.fr\/en\/product\/solarisation-n74-elixir-vibratoire-de-clarte-et-dalignement\/\" \/>\n<meta property=\"og:site_name\" content=\"L&#039;Oiseau Vert\" \/>\n<meta property=\"article:modified_time\" content=\"2026-04-07T12:49:34+00:00\" \/>\n<meta property=\"og:image\" content=\"https:\/\/loiseauvert.fr\/wp-content\/uploads\/2023\/05\/solarisation-74-equilibre-estime-oiseau-vert-jpg.webp\" \/>\n\t<meta property=\"og:image:width\" content=\"1000\" \/>\n\t<meta property=\"og:image:height\" content=\"1000\" \/>\n\t<meta property=\"og:image:type\" content=\"image\/jpeg\" \/>\n<meta name=\"twitter:card\" content=\"summary_large_image\" \/>\n<meta name=\"twitter:label1\" content=\"Estimated reading time\" \/>\n\t<meta name=\"twitter:data1\" content=\"1 minute\" \/>\n<script type=\"application\/ld+json\" class=\"yoast-schema-graph\">{\"@context\":\"https:\/\/schema.org\",\"@graph\":[{\"@type\":\"WebPage\",\"@id\":\"https:\/\/loiseauvert.fr\/produit\/solarisation-n74-elixir-vibratoire-de-clarte-et-dalignement\/\",\"url\":\"https:\/\/loiseauvert.fr\/produit\/solarisation-n74-elixir-vibratoire-de-clarte-et-dalignement\/\",\"name\":\"Equilibre- Estime de soi - L&#039;Oiseau Vert\",\"isPartOf\":{\"@id\":\"https:\/\/loiseauvert.fr\/#website\"},\"primaryImageOfPage\":{\"@id\":\"https:\/\/loiseauvert.fr\/produit\/solarisation-n74-elixir-vibratoire-de-clarte-et-dalignement\/#primaryimage\"},\"image\":{\"@id\":\"https:\/\/loiseauvert.fr\/produit\/solarisation-n74-elixir-vibratoire-de-clarte-et-dalignement\/#primaryimage\"},\"thumbnailUrl\":\"https:\/\/loiseauvert.fr\/wp-content\/uploads\/2023\/05\/solarisation-74-equilibre-estime-oiseau-vert-jpg.webp\",\"datePublished\":\"2023-05-19T10:17:11+00:00\",\"dateModified\":\"2026-04-07T12:49:34+00:00\",\"description\":\"Solarisation n\u00b074 \u2013 \u00c9quilibre intuition et raison, recentrage int\u00e9rieur et clart\u00e9 de soi pour un alignement \u00e9nerg\u00e9tique harmonieux.\",\"breadcrumb\":{\"@id\":\"https:\/\/loiseauvert.fr\/produit\/solarisation-n74-elixir-vibratoire-de-clarte-et-dalignement\/#breadcrumb\"},\"inLanguage\":\"en-GB\",\"potentialAction\":[{\"@type\":\"ReadAction\",\"target\":[\"https:\/\/loiseauvert.fr\/produit\/solarisation-n74-elixir-vibratoire-de-clarte-et-dalignement\/\"]}]},{\"@type\":\"ImageObject\",\"inLanguage\":\"en-GB\",\"@id\":\"https:\/\/loiseauvert.fr\/produit\/solarisation-n74-elixir-vibratoire-de-clarte-et-dalignement\/#primaryimage\",\"url\":\"https:\/\/loiseauvert.fr\/wp-content\/uploads\/2023\/05\/solarisation-74-equilibre-estime-oiseau-vert-jpg.webp\",\"contentUrl\":\"https:\/\/loiseauvert.fr\/wp-content\/uploads\/2023\/05\/solarisation-74-equilibre-estime-oiseau-vert-jpg.webp\",\"width\":1000,\"height\":1000},{\"@type\":\"BreadcrumbList\",\"@id\":\"https:\/\/loiseauvert.fr\/produit\/solarisation-n74-elixir-vibratoire-de-clarte-et-dalignement\/#breadcrumb\",\"itemListElement\":[{\"@type\":\"ListItem\",\"position\":1,\"name\":\"Accueil\",\"item\":\"https:\/\/loiseauvert.fr\/\"},{\"@type\":\"ListItem\",\"position\":2,\"name\":\"Les Complexes\",\"item\":\"https:\/\/loiseauvert.fr\/categorie-produit\/les-complexes\/\"},{\"@type\":\"ListItem\",\"position\":3,\"name\":\"Equilibre- Estime de soi\"}]},{\"@type\":\"WebSite\",\"@id\":\"https:\/\/loiseauvert.fr\/#website\",\"url\":\"https:\/\/loiseauvert.fr\/\",\"name\":\"L&#039;Oiseau Vert\",\"description\":\"\",\"potentialAction\":[{\"@type\":\"SearchAction\",\"target\":{\"@type\":\"EntryPoint\",\"urlTemplate\":\"https:\/\/loiseauvert.fr\/?s={search_term_string}\"},\"query-input\":{\"@type\":\"PropertyValueSpecification\",\"valueRequired\":true,\"valueName\":\"search_term_string\"}}],\"inLanguage\":\"en-GB\"}]}<\/script>\n<!-- \/ Yoast SEO plugin. -->","yoast_head_json":{"title":"Balance- Self-esteem - L&#039;Oiseau Vert","description":"Solarisation n\u00b074 \u2013 \u00c9quilibre intuition et raison, recentrage int\u00e9rieur et clart\u00e9 de soi pour un alignement \u00e9nerg\u00e9tique harmonieux.","robots":{"index":"index","follow":"follow","max-snippet":"max-snippet:-1","max-image-preview":"max-image-preview:large","max-video-preview":"max-video-preview:-1"},"canonical":"https:\/\/loiseauvert.fr\/en\/product\/solarisation-n74-elixir-vibratoire-de-clarte-et-dalignement\/","og_locale":"en_GB","og_type":"article","og_title":"Equilibre- Estime de soi - L&#039;Oiseau Vert","og_description":"Solarisation n\u00b074 \u2013 \u00c9quilibre intuition et raison, recentrage int\u00e9rieur et clart\u00e9 de soi pour un alignement \u00e9nerg\u00e9tique harmonieux.","og_url":"https:\/\/loiseauvert.fr\/en\/product\/solarisation-n74-elixir-vibratoire-de-clarte-et-dalignement\/","og_site_name":"L&#039;Oiseau Vert","article_modified_time":"2026-04-07T12:49:34+00:00","og_image":[{"width":1000,"height":1000,"url":"https:\/\/loiseauvert.fr\/wp-content\/uploads\/2023\/05\/solarisation-74-equilibre-estime-oiseau-vert-jpg.webp","type":"image\/jpeg"}],"twitter_card":"summary_large_image","twitter_misc":{"Estimated reading time":"1 minute"},"schema":{"@context":"https:\/\/schema.org","@graph":[{"@type":"WebPage","@id":"https:\/\/loiseauvert.fr\/produit\/solarisation-n74-elixir-vibratoire-de-clarte-et-dalignement\/","url":"https:\/\/loiseauvert.fr\/produit\/solarisation-n74-elixir-vibratoire-de-clarte-et-dalignement\/","name":"Balance- Self-esteem - L&#039;Oiseau Vert","isPartOf":{"@id":"https:\/\/loiseauvert.fr\/#website"},"primaryImageOfPage":{"@id":"https:\/\/loiseauvert.fr\/produit\/solarisation-n74-elixir-vibratoire-de-clarte-et-dalignement\/#primaryimage"},"image":{"@id":"https:\/\/loiseauvert.fr\/produit\/solarisation-n74-elixir-vibratoire-de-clarte-et-dalignement\/#primaryimage"},"thumbnailUrl":"https:\/\/loiseauvert.fr\/wp-content\/uploads\/2023\/05\/solarisation-74-equilibre-estime-oiseau-vert-jpg.webp","datePublished":"2023-05-19T10:17:11+00:00","dateModified":"2026-04-07T12:49:34+00:00","description":"Solarisation n\u00b074 \u2013 \u00c9quilibre intuition et raison, recentrage int\u00e9rieur et clart\u00e9 de soi pour un alignement \u00e9nerg\u00e9tique harmonieux.","breadcrumb":{"@id":"https:\/\/loiseauvert.fr\/produit\/solarisation-n74-elixir-vibratoire-de-clarte-et-dalignement\/#breadcrumb"},"inLanguage":"en-GB","potentialAction":[{"@type":"ReadAction","target":["https:\/\/loiseauvert.fr\/produit\/solarisation-n74-elixir-vibratoire-de-clarte-et-dalignement\/"]}]},{"@type":"ImageObject","inLanguage":"en-GB","@id":"https:\/\/loiseauvert.fr\/produit\/solarisation-n74-elixir-vibratoire-de-clarte-et-dalignement\/#primaryimage","url":"https:\/\/loiseauvert.fr\/wp-content\/uploads\/2023\/05\/solarisation-74-equilibre-estime-oiseau-vert-jpg.webp","contentUrl":"https:\/\/loiseauvert.fr\/wp-content\/uploads\/2023\/05\/solarisation-74-equilibre-estime-oiseau-vert-jpg.webp","width":1000,"height":1000},{"@type":"BreadcrumbList","@id":"https:\/\/loiseauvert.fr\/produit\/solarisation-n74-elixir-vibratoire-de-clarte-et-dalignement\/#breadcrumb","itemListElement":[{"@type":"ListItem","position":1,"name":"Accueil","item":"https:\/\/loiseauvert.fr\/"},{"@type":"ListItem","position":2,"name":"Les Complexes","item":"https:\/\/loiseauvert.fr\/categorie-produit\/les-complexes\/"},{"@type":"ListItem","position":3,"name":"Equilibre- Estime de soi"}]},{"@type":"WebSite","@id":"https:\/\/loiseauvert.fr\/#website","url":"https:\/\/loiseauvert.fr\/","name":"The Green Bird","description":"","potentialAction":[{"@type":"SearchAction","target":{"@type":"EntryPoint","urlTemplate":"https:\/\/loiseauvert.fr\/?s={search_term_string}"},"query-input":{"@type":"PropertyValueSpecification","valueRequired":true,"valueName":"search_term_string"}}],"inLanguage":"en-GB"}]}},"batches":[{"id":"64","date_created":"2025-05-22 12:07:08","date_expiry":"2026-11-01 00:00:00","user_id":"8","batch_number":"74.24.030","location":"","quantity":"7.0000","quantity_available":"0.0000","units":"1","status":"archived","order_ids":"[14399,14436,14493,13864]"},{"id":"66","date_created":"2025-05-28 17:30:28","date_expiry":"2027-05-01 00:00:00","user_id":"8","batch_number":"74.25.031","location":"","quantity":"71.0000","quantity_available":"0.0000","units":"1","status":"archived","order_ids":"[13864,14549,14685,14761,14822,14852,14984,15038,15267,15275,15337,15375,15399,15404,15515,15534,15588,15599,15645,15664,15665,15707,15739,15751,15824,15892,15911,15940,15949,16079,16217,16309,16418,16449,16482,16493,16696,16726,16942,17006,17024,17141,17186,17207,17265,17293,17455,17499,17586,17591,17713,17836]"},{"id":"169","date_created":"2026-01-14 14:30:28","date_expiry":"2028-01-01 00:00:00","user_id":"0","batch_number":"74.26.032","location":"","quantity":"75.0000","quantity_available":"55.0000","units":"1","status":"active","order_ids":"[17879,18108,18161,18250,18303,18317,18476,18525,18555,18706,18822,18842,18602,18926]"}],"_links":{"self":[{"href":"https:\/\/loiseauvert.fr\/en\/wp-json\/wp\/v2\/product\/981","targetHints":{"allow":["GET"]}}],"collection":[{"href":"https:\/\/loiseauvert.fr\/en\/wp-json\/wp\/v2\/product"}],"about":[{"href":"https:\/\/loiseauvert.fr\/en\/wp-json\/wp\/v2\/types\/product"}],"wp:featuredmedia":[{"embeddable":true,"href":"https:\/\/loiseauvert.fr\/en\/wp-json\/wp\/v2\/media\/990"}],"wp:attachment":[{"href":"https:\/\/loiseauvert.fr\/en\/wp-json\/wp\/v2\/media?parent=981"}],"wp:term":[{"taxonomy":"product_brand","embeddable":true,"href":"https:\/\/loiseauvert.fr\/en\/wp-json\/wp\/v2\/product_brand?post=981"},{"taxonomy":"product_cat","embeddable":true,"href":"https:\/\/loiseauvert.fr\/en\/wp-json\/wp\/v2\/product_cat?post=981"},{"taxonomy":"product_tag","embeddable":true,"href":"https:\/\/loiseauvert.fr\/en\/wp-json\/wp\/v2\/product_tag?post=981"}],"curies":[{"name":"wp","href":"https:\/\/api.w.org\/{rel}","templated":true}]}}