{"id":980,"date":"2023-05-19T12:17:11","date_gmt":"2023-05-19T10:17:11","guid":{"rendered":"https:\/\/loiseauvert.fr\/?post_type=product&#038;p=980"},"modified":"2026-04-03T11:36:56","modified_gmt":"2026-04-03T09:36:56","slug":"solarisation-n26-vision-confiante-du-chemin-a-venir","status":"publish","type":"product","link":"https:\/\/loiseauvert.fr\/en\/product\/solarisation-n26-vision-confiante-du-chemin-a-venir\/","title":{"rendered":"spur"},"content":{"rendered":"<h3>Solarization No. 26<\/h3>\n<p><strong>\u00ab\u00a0Vision confiante du chemin \u00e0 venir\u00a0\u00bb<\/strong><\/p>\n<ul>\n<li>\n<p data-start=\"166\" data-end=\"524\">Accompagne les \u00e9tapes de renforcement de l\u2019estime personnelle et de la confiance int\u00e9rieure.<\/p>\n<\/li>\n<li>\n<p data-start=\"166\" data-end=\"524\">Favorise l\u2019expression libre des \u00e9motions et soutient l\u2019harmonisation des relations avec les autres.<\/p>\n<\/li>\n<li>\n<p data-start=\"166\" data-end=\"524\">Invite \u00e0 une meilleure compr\u00e9hension de soi et des situations, tout en cultivant la confiance en sa capacit\u00e9 d\u2019aimer et d\u2019\u00eatre aim\u00e9.<\/p>\n<\/li>\n<\/ul>","protected":false},"excerpt":{"rendered":"<p data-start=\"105\" data-end=\"155\"><strong data-start=\"109\" data-end=\"155\">Clart\u00e9 mentale &amp; Optimisme\u00a0<\/strong><\/p>\n<p data-start=\"157\" data-end=\"365\">Favorise un esprit clair et autonome, libre des influences ext\u00e9rieures.<br data-start=\"247\" data-end=\"250\" \/>Accompagne le d\u00e9veloppement d\u2019une vision positive et ouverte sur l\u2019avenir, encourageant confiance et s\u00e9r\u00e9nit\u00e9.<\/p>","protected":false},"featured_media":989,"template":"","meta":{"_acf_changed":false,"_glsr_average":0,"_glsr_ranking":0,"_glsr_reviews":0},"product_brand":[],"product_cat":[60],"product_tag":[],"class_list":{"0":"post-980","1":"product","2":"type-product","3":"status-publish","4":"has-post-thumbnail","6":"product_cat-les-specifiques","8":"first","9":"instock","10":"taxable","11":"shipping-taxable","12":"purchasable","13":"product-type-simple"},"supplier_id":null,"supplier_sku":"","barcode":null,"atum_controlled":true,"out_stock_date":null,"out_stock_threshold":null,"inheritable":false,"inbound_stock":null,"stock_on_hold":1,"sold_today":0,"sales_last_days":1,"reserved_stock":null,"customer_returns":null,"warehouse_damage":null,"lost_in_post":null,"other_logs":null,"out_stock_days":0,"lost_sales":0,"has_location":false,"update_date":"2026-04-06T10:18:20","atum_locations":[],"atum_stock_status":"instock","restock_status":false,"low_stock_amount":"","sales_update_date":"2026-04-06T10:18:20","calc_backorders":null,"acf":[],"yoast_head":"<!-- This site is optimized with the Yoast SEO plugin v26.9 - https:\/\/yoast.com\/product\/yoast-seo-wordpress\/ -->\n<title>Eper - L&#039;Oiseau Vert<\/title>\n<meta name=\"description\" content=\"Solarisation n\u00b026 \u2013 D\u00e9veloppez confiance int\u00e9rieure et estime personnelle. Favorise expression \u00e9motionnelle et relations harmonieuses.\" \/>\n<meta name=\"robots\" content=\"index, follow, max-snippet:-1, max-image-preview:large, max-video-preview:-1\" \/>\n<link rel=\"canonical\" href=\"https:\/\/loiseauvert.fr\/en\/product\/solarisation-n26-vision-confiante-du-chemin-a-venir\/\" \/>\n<meta property=\"og:locale\" content=\"en_GB\" \/>\n<meta property=\"og:type\" content=\"article\" \/>\n<meta property=\"og:title\" content=\"Eper - L&#039;Oiseau Vert\" \/>\n<meta property=\"og:description\" content=\"Solarisation n\u00b026 \u2013 D\u00e9veloppez confiance int\u00e9rieure et estime personnelle. Favorise expression \u00e9motionnelle et relations harmonieuses.\" \/>\n<meta property=\"og:url\" content=\"https:\/\/loiseauvert.fr\/en\/product\/solarisation-n26-vision-confiante-du-chemin-a-venir\/\" \/>\n<meta property=\"og:site_name\" content=\"L&#039;Oiseau Vert\" \/>\n<meta property=\"article:modified_time\" content=\"2026-04-03T09:36:56+00:00\" \/>\n<meta property=\"og:image\" content=\"https:\/\/loiseauvert.fr\/wp-content\/uploads\/2023\/05\/oiseau-vert-solarisation-eper-26-jpg.webp\" \/>\n\t<meta property=\"og:image:width\" content=\"1000\" \/>\n\t<meta property=\"og:image:height\" content=\"1000\" \/>\n\t<meta property=\"og:image:type\" content=\"image\/jpeg\" \/>\n<meta name=\"twitter:card\" content=\"summary_large_image\" \/>\n<meta name=\"twitter:label1\" content=\"Estimated reading time\" \/>\n\t<meta name=\"twitter:data1\" content=\"1 minute\" \/>\n<script type=\"application\/ld+json\" class=\"yoast-schema-graph\">{\"@context\":\"https:\/\/schema.org\",\"@graph\":[{\"@type\":\"WebPage\",\"@id\":\"https:\/\/loiseauvert.fr\/produit\/solarisation-n26-vision-confiante-du-chemin-a-venir\/\",\"url\":\"https:\/\/loiseauvert.fr\/produit\/solarisation-n26-vision-confiante-du-chemin-a-venir\/\",\"name\":\"Eper - L&#039;Oiseau Vert\",\"isPartOf\":{\"@id\":\"https:\/\/loiseauvert.fr\/#website\"},\"primaryImageOfPage\":{\"@id\":\"https:\/\/loiseauvert.fr\/produit\/solarisation-n26-vision-confiante-du-chemin-a-venir\/#primaryimage\"},\"image\":{\"@id\":\"https:\/\/loiseauvert.fr\/produit\/solarisation-n26-vision-confiante-du-chemin-a-venir\/#primaryimage\"},\"thumbnailUrl\":\"https:\/\/loiseauvert.fr\/wp-content\/uploads\/2023\/05\/oiseau-vert-solarisation-eper-26-jpg.webp\",\"datePublished\":\"2023-05-19T10:17:11+00:00\",\"dateModified\":\"2026-04-03T09:36:56+00:00\",\"description\":\"Solarisation n\u00b026 \u2013 D\u00e9veloppez confiance int\u00e9rieure et estime personnelle. Favorise expression \u00e9motionnelle et relations harmonieuses.\",\"breadcrumb\":{\"@id\":\"https:\/\/loiseauvert.fr\/produit\/solarisation-n26-vision-confiante-du-chemin-a-venir\/#breadcrumb\"},\"inLanguage\":\"en-GB\",\"potentialAction\":[{\"@type\":\"ReadAction\",\"target\":[\"https:\/\/loiseauvert.fr\/produit\/solarisation-n26-vision-confiante-du-chemin-a-venir\/\"]}]},{\"@type\":\"ImageObject\",\"inLanguage\":\"en-GB\",\"@id\":\"https:\/\/loiseauvert.fr\/produit\/solarisation-n26-vision-confiante-du-chemin-a-venir\/#primaryimage\",\"url\":\"https:\/\/loiseauvert.fr\/wp-content\/uploads\/2023\/05\/oiseau-vert-solarisation-eper-26-jpg.webp\",\"contentUrl\":\"https:\/\/loiseauvert.fr\/wp-content\/uploads\/2023\/05\/oiseau-vert-solarisation-eper-26-jpg.webp\",\"width\":1000,\"height\":1000},{\"@type\":\"BreadcrumbList\",\"@id\":\"https:\/\/loiseauvert.fr\/produit\/solarisation-n26-vision-confiante-du-chemin-a-venir\/#breadcrumb\",\"itemListElement\":[{\"@type\":\"ListItem\",\"position\":1,\"name\":\"Accueil\",\"item\":\"https:\/\/loiseauvert.fr\/\"},{\"@type\":\"ListItem\",\"position\":2,\"name\":\"Les Sp\u00e9cifiques\",\"item\":\"https:\/\/loiseauvert.fr\/categorie-produit\/les-specifiques\/\"},{\"@type\":\"ListItem\",\"position\":3,\"name\":\"Eper\"}]},{\"@type\":\"WebSite\",\"@id\":\"https:\/\/loiseauvert.fr\/#website\",\"url\":\"https:\/\/loiseauvert.fr\/\",\"name\":\"L&#039;Oiseau Vert\",\"description\":\"\",\"potentialAction\":[{\"@type\":\"SearchAction\",\"target\":{\"@type\":\"EntryPoint\",\"urlTemplate\":\"https:\/\/loiseauvert.fr\/?s={search_term_string}\"},\"query-input\":{\"@type\":\"PropertyValueSpecification\",\"valueRequired\":true,\"valueName\":\"search_term_string\"}}],\"inLanguage\":\"en-GB\"}]}<\/script>\n<!-- \/ Yoast SEO plugin. -->","yoast_head_json":{"title":"Eper - L&#039;Green Bird","description":"Solarisation n\u00b026 \u2013 D\u00e9veloppez confiance int\u00e9rieure et estime personnelle. Favorise expression \u00e9motionnelle et relations harmonieuses.","robots":{"index":"index","follow":"follow","max-snippet":"max-snippet:-1","max-image-preview":"max-image-preview:large","max-video-preview":"max-video-preview:-1"},"canonical":"https:\/\/loiseauvert.fr\/en\/product\/solarisation-n26-vision-confiante-du-chemin-a-venir\/","og_locale":"en_GB","og_type":"article","og_title":"Eper - L&#039;Oiseau Vert","og_description":"Solarisation n\u00b026 \u2013 D\u00e9veloppez confiance int\u00e9rieure et estime personnelle. Favorise expression \u00e9motionnelle et relations harmonieuses.","og_url":"https:\/\/loiseauvert.fr\/en\/product\/solarisation-n26-vision-confiante-du-chemin-a-venir\/","og_site_name":"L&#039;Oiseau Vert","article_modified_time":"2026-04-03T09:36:56+00:00","og_image":[{"width":1000,"height":1000,"url":"https:\/\/loiseauvert.fr\/wp-content\/uploads\/2023\/05\/oiseau-vert-solarisation-eper-26-jpg.webp","type":"image\/jpeg"}],"twitter_card":"summary_large_image","twitter_misc":{"Estimated reading time":"1 minute"},"schema":{"@context":"https:\/\/schema.org","@graph":[{"@type":"WebPage","@id":"https:\/\/loiseauvert.fr\/produit\/solarisation-n26-vision-confiante-du-chemin-a-venir\/","url":"https:\/\/loiseauvert.fr\/produit\/solarisation-n26-vision-confiante-du-chemin-a-venir\/","name":"Eper - L&#039;Green Bird","isPartOf":{"@id":"https:\/\/loiseauvert.fr\/#website"},"primaryImageOfPage":{"@id":"https:\/\/loiseauvert.fr\/produit\/solarisation-n26-vision-confiante-du-chemin-a-venir\/#primaryimage"},"image":{"@id":"https:\/\/loiseauvert.fr\/produit\/solarisation-n26-vision-confiante-du-chemin-a-venir\/#primaryimage"},"thumbnailUrl":"https:\/\/loiseauvert.fr\/wp-content\/uploads\/2023\/05\/oiseau-vert-solarisation-eper-26-jpg.webp","datePublished":"2023-05-19T10:17:11+00:00","dateModified":"2026-04-03T09:36:56+00:00","description":"Solarisation n\u00b026 \u2013 D\u00e9veloppez confiance int\u00e9rieure et estime personnelle. Favorise expression \u00e9motionnelle et relations harmonieuses.","breadcrumb":{"@id":"https:\/\/loiseauvert.fr\/produit\/solarisation-n26-vision-confiante-du-chemin-a-venir\/#breadcrumb"},"inLanguage":"en-GB","potentialAction":[{"@type":"ReadAction","target":["https:\/\/loiseauvert.fr\/produit\/solarisation-n26-vision-confiante-du-chemin-a-venir\/"]}]},{"@type":"ImageObject","inLanguage":"en-GB","@id":"https:\/\/loiseauvert.fr\/produit\/solarisation-n26-vision-confiante-du-chemin-a-venir\/#primaryimage","url":"https:\/\/loiseauvert.fr\/wp-content\/uploads\/2023\/05\/oiseau-vert-solarisation-eper-26-jpg.webp","contentUrl":"https:\/\/loiseauvert.fr\/wp-content\/uploads\/2023\/05\/oiseau-vert-solarisation-eper-26-jpg.webp","width":1000,"height":1000},{"@type":"BreadcrumbList","@id":"https:\/\/loiseauvert.fr\/produit\/solarisation-n26-vision-confiante-du-chemin-a-venir\/#breadcrumb","itemListElement":[{"@type":"ListItem","position":1,"name":"Accueil","item":"https:\/\/loiseauvert.fr\/"},{"@type":"ListItem","position":2,"name":"Les Sp\u00e9cifiques","item":"https:\/\/loiseauvert.fr\/categorie-produit\/les-specifiques\/"},{"@type":"ListItem","position":3,"name":"Eper"}]},{"@type":"WebSite","@id":"https:\/\/loiseauvert.fr\/#website","url":"https:\/\/loiseauvert.fr\/","name":"The Green Bird","description":"","potentialAction":[{"@type":"SearchAction","target":{"@type":"EntryPoint","urlTemplate":"https:\/\/loiseauvert.fr\/?s={search_term_string}"},"query-input":{"@type":"PropertyValueSpecification","valueRequired":true,"valueName":"search_term_string"}}],"inLanguage":"en-GB"}]}},"batches":[{"id":"28","date_created":"2025-05-22 11:01:09","date_expiry":"2027-03-01 00:00:00","user_id":"8","batch_number":"26.25.054","location":"","quantity":"54.0000","quantity_available":"0.0000","units":"1","status":"archived","order_ids":"[14528,14609,14630,14698,14852,14946,14987,15033,15163,15235,15259,15336,15393,15440,15478,15519,15609,15613,15637,11411,15705,15719,15745,15765]"},{"id":"107","date_created":"2025-09-10 18:02:17","date_expiry":"2027-09-01 00:00:00","user_id":"0","batch_number":"26.25.055","location":"","quantity":"73.0000","quantity_available":"43.0000","units":"1","status":"active","order_ids":"[15852,15890,16053,16112,16130,16177,16191,16304,16390,16434,16677,16701,16842,16853,16938,16969,17050,17371,17398,17560,17624,17773,17801,17941,18114,18208,18278,18548,18571,18590,18586,18751,18884]"}],"_links":{"self":[{"href":"https:\/\/loiseauvert.fr\/en\/wp-json\/wp\/v2\/product\/980","targetHints":{"allow":["GET"]}}],"collection":[{"href":"https:\/\/loiseauvert.fr\/en\/wp-json\/wp\/v2\/product"}],"about":[{"href":"https:\/\/loiseauvert.fr\/en\/wp-json\/wp\/v2\/types\/product"}],"wp:featuredmedia":[{"embeddable":true,"href":"https:\/\/loiseauvert.fr\/en\/wp-json\/wp\/v2\/media\/989"}],"wp:attachment":[{"href":"https:\/\/loiseauvert.fr\/en\/wp-json\/wp\/v2\/media?parent=980"}],"wp:term":[{"taxonomy":"product_brand","embeddable":true,"href":"https:\/\/loiseauvert.fr\/en\/wp-json\/wp\/v2\/product_brand?post=980"},{"taxonomy":"product_cat","embeddable":true,"href":"https:\/\/loiseauvert.fr\/en\/wp-json\/wp\/v2\/product_cat?post=980"},{"taxonomy":"product_tag","embeddable":true,"href":"https:\/\/loiseauvert.fr\/en\/wp-json\/wp\/v2\/product_tag?post=980"}],"curies":[{"name":"wp","href":"https:\/\/api.w.org\/{rel}","templated":true}]}}