{"id":926,"date":"2023-05-19T11:59:47","date_gmt":"2023-05-19T09:59:47","guid":{"rendered":"https:\/\/loiseauvert.fr\/?post_type=product&#038;p=926"},"modified":"2026-04-08T15:19:52","modified_gmt":"2026-04-08T13:19:52","slug":"leaumere-elixir-vibratoire-hydrique-pour-bien-etre-et-equilibre-quotidien","status":"publish","type":"product","link":"https:\/\/loiseauvert.fr\/en\/product\/leaumere-elixir-vibratoire-hydrique-pour-bien-etre-et-equilibre-quotidien\/","title":{"rendered":"Eaum\u00e8re set of 3"},"content":{"rendered":"<p data-start=\"127\" data-end=\"226\"><strong data-start=\"127\" data-end=\"150\">Produit sans alcool<\/strong><br data-start=\"150\" data-end=\"153\" \/>Lot de 3 flacons, correspondant \u00e0 une cure de 6 mois pour une personne.<\/p>\n<p data-start=\"228\" data-end=\"380\"><strong data-start=\"228\" data-end=\"245\">Composition :<\/strong><br data-start=\"245\" data-end=\"248\" \/>\u00ab Sel double \u00bb issu du calcinat de v\u00e9g\u00e9taux solaris\u00e9s \u00e0 l&rsquo;eau de mer, avant lixiviation, magn\u00e9tisation et dynamisation oscillatoire.<\/p>\n<p><strong data-start=\"382\" data-end=\"393\">Usage :<\/strong><br data-start=\"393\" data-end=\"396\" \/>L\u2019EAUMERE est con\u00e7u pour optimiser la qualit\u00e9 de l\u2019eau en la rendant plus compatible avec l\u2019organisme, dans le cadre d\u2019un usage quotidien ou ponctuel. Cette eau peut contribuer \u00e0 une sensation de bien-\u00eatre et de l\u00e9g\u00e8ret\u00e9 au quotidien.<br data-start=\"511\" data-end=\"514\" \/>Son utilisation accompagne un mode de vie sain et \u00e9quilibr\u00e9.<\/p>\n<p>Plants: Lady&#039;s mantle. Alchemilla vulgaris L Rosaceae (Aerial part. As is), Marjoram. Origanum Majorana L Lamiaceae (Flowering top leaf), Stinging nettle. Urtica dioica L Urticaceae (Aerial part. As is).<\/p>","protected":false},"excerpt":{"rendered":"<p>Produit sans alcoolLot de 3 flacons, correspondant \u00e0 une cure de 6 mois pour une personne. Composition :\u00ab Sel double \u00bb issu du calcinat de v\u00e9g\u00e9taux solaris\u00e9s \u00e0 l&rsquo;eau de mer, avant lixiviation, magn\u00e9tisation et dynamisation oscillatoire. Usage :L\u2019EAUMERE est con\u00e7u pour optimiser la qualit\u00e9 de l\u2019eau en la rendant plus compatible avec l\u2019organisme, dans [&hellip;]<\/p>","protected":false},"featured_media":938,"template":"","meta":{"_acf_changed":false,"_glsr_average":0,"_glsr_ranking":0,"_glsr_reviews":0},"product_brand":[],"product_cat":[59,58],"product_tag":[],"class_list":{"0":"post-926","1":"product","2":"type-product","3":"status-publish","4":"has-post-thumbnail","6":"product_cat-les-complexes","7":"product_cat-les-mixtes","9":"first","10":"instock","11":"taxable","12":"shipping-taxable","13":"purchasable","14":"product-type-simple"},"supplier_id":null,"supplier_sku":"","barcode":null,"atum_controlled":true,"out_stock_date":null,"out_stock_threshold":null,"inheritable":false,"inbound_stock":null,"stock_on_hold":0,"sold_today":0,"sales_last_days":4,"reserved_stock":null,"customer_returns":null,"warehouse_damage":null,"lost_in_post":null,"other_logs":null,"out_stock_days":0,"lost_sales":0,"has_location":false,"update_date":"2026-04-09T17:22:09","atum_locations":[],"atum_stock_status":"instock","restock_status":false,"low_stock_amount":"","sales_update_date":"2026-04-09T17:22:08","calc_backorders":null,"acf":[],"yoast_head":"<!-- This site is optimized with the Yoast SEO plugin v26.9 - https:\/\/yoast.com\/product\/yoast-seo-wordpress\/ -->\n<title>Eaum\u00e8re lot de 3 - L&#039;Oiseau Vert<\/title>\n<meta name=\"description\" content=\"L\u2019EAUMERE \u2013 \u00c9lixir vibratoire hydrique sans alcool pour harmoniser l\u2019eau, favoriser bien-\u00eatre, l\u00e9g\u00e8ret\u00e9 et \u00e9quilibre quotidien, cure 6 mois.\" \/>\n<meta name=\"robots\" content=\"index, follow, max-snippet:-1, max-image-preview:large, max-video-preview:-1\" \/>\n<link rel=\"canonical\" href=\"https:\/\/loiseauvert.fr\/en\/product\/leaumere-elixir-vibratoire-hydrique-pour-bien-etre-et-equilibre-quotidien\/\" \/>\n<meta property=\"og:locale\" content=\"en_GB\" \/>\n<meta property=\"og:type\" content=\"article\" \/>\n<meta property=\"og:title\" content=\"Eaum\u00e8re lot de 3 - L&#039;Oiseau Vert\" \/>\n<meta property=\"og:description\" content=\"L\u2019EAUMERE \u2013 \u00c9lixir vibratoire hydrique sans alcool pour harmoniser l\u2019eau, favoriser bien-\u00eatre, l\u00e9g\u00e8ret\u00e9 et \u00e9quilibre quotidien, cure 6 mois.\" \/>\n<meta property=\"og:url\" content=\"https:\/\/loiseauvert.fr\/en\/product\/leaumere-elixir-vibratoire-hydrique-pour-bien-etre-et-equilibre-quotidien\/\" \/>\n<meta property=\"og:site_name\" content=\"L&#039;Oiseau Vert\" \/>\n<meta property=\"article:modified_time\" content=\"2026-04-08T13:19:52+00:00\" \/>\n<meta property=\"og:image\" content=\"https:\/\/loiseauvert.fr\/wp-content\/uploads\/2023\/05\/eaumere-lot-3-solarisation-76-1-jpg.webp\" \/>\n\t<meta property=\"og:image:width\" content=\"1000\" \/>\n\t<meta property=\"og:image:height\" content=\"1000\" \/>\n\t<meta property=\"og:image:type\" content=\"image\/jpeg\" \/>\n<meta name=\"twitter:card\" content=\"summary_large_image\" \/>\n<meta name=\"twitter:label1\" content=\"Estimated reading time\" \/>\n\t<meta name=\"twitter:data1\" content=\"1 minute\" \/>\n<script type=\"application\/ld+json\" class=\"yoast-schema-graph\">{\"@context\":\"https:\/\/schema.org\",\"@graph\":[{\"@type\":\"WebPage\",\"@id\":\"https:\/\/loiseauvert.fr\/produit\/leaumere-elixir-vibratoire-hydrique-pour-bien-etre-et-equilibre-quotidien\/\",\"url\":\"https:\/\/loiseauvert.fr\/produit\/leaumere-elixir-vibratoire-hydrique-pour-bien-etre-et-equilibre-quotidien\/\",\"name\":\"Eaum\u00e8re lot de 3 - L&#039;Oiseau Vert\",\"isPartOf\":{\"@id\":\"https:\/\/loiseauvert.fr\/#website\"},\"primaryImageOfPage\":{\"@id\":\"https:\/\/loiseauvert.fr\/produit\/leaumere-elixir-vibratoire-hydrique-pour-bien-etre-et-equilibre-quotidien\/#primaryimage\"},\"image\":{\"@id\":\"https:\/\/loiseauvert.fr\/produit\/leaumere-elixir-vibratoire-hydrique-pour-bien-etre-et-equilibre-quotidien\/#primaryimage\"},\"thumbnailUrl\":\"https:\/\/loiseauvert.fr\/wp-content\/uploads\/2023\/05\/eaumere-lot-3-solarisation-76-1-jpg.webp\",\"datePublished\":\"2023-05-19T09:59:47+00:00\",\"dateModified\":\"2026-04-08T13:19:52+00:00\",\"description\":\"L\u2019EAUMERE \u2013 \u00c9lixir vibratoire hydrique sans alcool pour harmoniser l\u2019eau, favoriser bien-\u00eatre, l\u00e9g\u00e8ret\u00e9 et \u00e9quilibre quotidien, cure 6 mois.\",\"breadcrumb\":{\"@id\":\"https:\/\/loiseauvert.fr\/produit\/leaumere-elixir-vibratoire-hydrique-pour-bien-etre-et-equilibre-quotidien\/#breadcrumb\"},\"inLanguage\":\"en-GB\",\"potentialAction\":[{\"@type\":\"ReadAction\",\"target\":[\"https:\/\/loiseauvert.fr\/produit\/leaumere-elixir-vibratoire-hydrique-pour-bien-etre-et-equilibre-quotidien\/\"]}]},{\"@type\":\"ImageObject\",\"inLanguage\":\"en-GB\",\"@id\":\"https:\/\/loiseauvert.fr\/produit\/leaumere-elixir-vibratoire-hydrique-pour-bien-etre-et-equilibre-quotidien\/#primaryimage\",\"url\":\"https:\/\/loiseauvert.fr\/wp-content\/uploads\/2023\/05\/eaumere-lot-3-solarisation-76-1-jpg.webp\",\"contentUrl\":\"https:\/\/loiseauvert.fr\/wp-content\/uploads\/2023\/05\/eaumere-lot-3-solarisation-76-1-jpg.webp\",\"width\":1000,\"height\":1000},{\"@type\":\"BreadcrumbList\",\"@id\":\"https:\/\/loiseauvert.fr\/produit\/leaumere-elixir-vibratoire-hydrique-pour-bien-etre-et-equilibre-quotidien\/#breadcrumb\",\"itemListElement\":[{\"@type\":\"ListItem\",\"position\":1,\"name\":\"Accueil\",\"item\":\"https:\/\/loiseauvert.fr\/\"},{\"@type\":\"ListItem\",\"position\":2,\"name\":\"Les Complexes\",\"item\":\"https:\/\/loiseauvert.fr\/categorie-produit\/les-complexes\/\"},{\"@type\":\"ListItem\",\"position\":3,\"name\":\"Eaum\u00e8re lot de 3\"}]},{\"@type\":\"WebSite\",\"@id\":\"https:\/\/loiseauvert.fr\/#website\",\"url\":\"https:\/\/loiseauvert.fr\/\",\"name\":\"L&#039;Oiseau Vert\",\"description\":\"\",\"potentialAction\":[{\"@type\":\"SearchAction\",\"target\":{\"@type\":\"EntryPoint\",\"urlTemplate\":\"https:\/\/loiseauvert.fr\/?s={search_term_string}\"},\"query-input\":{\"@type\":\"PropertyValueSpecification\",\"valueRequired\":true,\"valueName\":\"search_term_string\"}}],\"inLanguage\":\"en-GB\"}]}<\/script>\n<!-- \/ Yoast SEO plugin. -->","yoast_head_json":{"title":"Eaum\u00e8re set of 3 - L&#039;Green Bird","description":"L\u2019EAUMERE \u2013 \u00c9lixir vibratoire hydrique sans alcool pour harmoniser l\u2019eau, favoriser bien-\u00eatre, l\u00e9g\u00e8ret\u00e9 et \u00e9quilibre quotidien, cure 6 mois.","robots":{"index":"index","follow":"follow","max-snippet":"max-snippet:-1","max-image-preview":"max-image-preview:large","max-video-preview":"max-video-preview:-1"},"canonical":"https:\/\/loiseauvert.fr\/en\/product\/leaumere-elixir-vibratoire-hydrique-pour-bien-etre-et-equilibre-quotidien\/","og_locale":"en_GB","og_type":"article","og_title":"Eaum\u00e8re lot de 3 - L&#039;Oiseau Vert","og_description":"L\u2019EAUMERE \u2013 \u00c9lixir vibratoire hydrique sans alcool pour harmoniser l\u2019eau, favoriser bien-\u00eatre, l\u00e9g\u00e8ret\u00e9 et \u00e9quilibre quotidien, cure 6 mois.","og_url":"https:\/\/loiseauvert.fr\/en\/product\/leaumere-elixir-vibratoire-hydrique-pour-bien-etre-et-equilibre-quotidien\/","og_site_name":"L&#039;Oiseau Vert","article_modified_time":"2026-04-08T13:19:52+00:00","og_image":[{"width":1000,"height":1000,"url":"https:\/\/loiseauvert.fr\/wp-content\/uploads\/2023\/05\/eaumere-lot-3-solarisation-76-1-jpg.webp","type":"image\/jpeg"}],"twitter_card":"summary_large_image","twitter_misc":{"Estimated reading time":"1 minute"},"schema":{"@context":"https:\/\/schema.org","@graph":[{"@type":"WebPage","@id":"https:\/\/loiseauvert.fr\/produit\/leaumere-elixir-vibratoire-hydrique-pour-bien-etre-et-equilibre-quotidien\/","url":"https:\/\/loiseauvert.fr\/produit\/leaumere-elixir-vibratoire-hydrique-pour-bien-etre-et-equilibre-quotidien\/","name":"Eaum\u00e8re set of 3 - L&#039;Green Bird","isPartOf":{"@id":"https:\/\/loiseauvert.fr\/#website"},"primaryImageOfPage":{"@id":"https:\/\/loiseauvert.fr\/produit\/leaumere-elixir-vibratoire-hydrique-pour-bien-etre-et-equilibre-quotidien\/#primaryimage"},"image":{"@id":"https:\/\/loiseauvert.fr\/produit\/leaumere-elixir-vibratoire-hydrique-pour-bien-etre-et-equilibre-quotidien\/#primaryimage"},"thumbnailUrl":"https:\/\/loiseauvert.fr\/wp-content\/uploads\/2023\/05\/eaumere-lot-3-solarisation-76-1-jpg.webp","datePublished":"2023-05-19T09:59:47+00:00","dateModified":"2026-04-08T13:19:52+00:00","description":"L\u2019EAUMERE \u2013 \u00c9lixir vibratoire hydrique sans alcool pour harmoniser l\u2019eau, favoriser bien-\u00eatre, l\u00e9g\u00e8ret\u00e9 et \u00e9quilibre quotidien, cure 6 mois.","breadcrumb":{"@id":"https:\/\/loiseauvert.fr\/produit\/leaumere-elixir-vibratoire-hydrique-pour-bien-etre-et-equilibre-quotidien\/#breadcrumb"},"inLanguage":"en-GB","potentialAction":[{"@type":"ReadAction","target":["https:\/\/loiseauvert.fr\/produit\/leaumere-elixir-vibratoire-hydrique-pour-bien-etre-et-equilibre-quotidien\/"]}]},{"@type":"ImageObject","inLanguage":"en-GB","@id":"https:\/\/loiseauvert.fr\/produit\/leaumere-elixir-vibratoire-hydrique-pour-bien-etre-et-equilibre-quotidien\/#primaryimage","url":"https:\/\/loiseauvert.fr\/wp-content\/uploads\/2023\/05\/eaumere-lot-3-solarisation-76-1-jpg.webp","contentUrl":"https:\/\/loiseauvert.fr\/wp-content\/uploads\/2023\/05\/eaumere-lot-3-solarisation-76-1-jpg.webp","width":1000,"height":1000},{"@type":"BreadcrumbList","@id":"https:\/\/loiseauvert.fr\/produit\/leaumere-elixir-vibratoire-hydrique-pour-bien-etre-et-equilibre-quotidien\/#breadcrumb","itemListElement":[{"@type":"ListItem","position":1,"name":"Accueil","item":"https:\/\/loiseauvert.fr\/"},{"@type":"ListItem","position":2,"name":"Les Complexes","item":"https:\/\/loiseauvert.fr\/categorie-produit\/les-complexes\/"},{"@type":"ListItem","position":3,"name":"Eaum\u00e8re lot de 3"}]},{"@type":"WebSite","@id":"https:\/\/loiseauvert.fr\/#website","url":"https:\/\/loiseauvert.fr\/","name":"The Green Bird","description":"","potentialAction":[{"@type":"SearchAction","target":{"@type":"EntryPoint","urlTemplate":"https:\/\/loiseauvert.fr\/?s={search_term_string}"},"query-input":{"@type":"PropertyValueSpecification","valueRequired":true,"valueName":"search_term_string"}}],"inLanguage":"en-GB"}]}},"batches":[{"id":"48","date_created":"2025-05-22 11:49:03","date_expiry":"2027-05-01 00:00:00","user_id":"8","batch_number":"76.25.117","location":"","quantity":"15.0000","quantity_available":"0.0000","units":"1","status":"archived","order_ids":"[14409,14473,14528,14531,14614,14787,14860,14885,14923,15076,15105,15125]"}],"_links":{"self":[{"href":"https:\/\/loiseauvert.fr\/en\/wp-json\/wp\/v2\/product\/926","targetHints":{"allow":["GET"]}}],"collection":[{"href":"https:\/\/loiseauvert.fr\/en\/wp-json\/wp\/v2\/product"}],"about":[{"href":"https:\/\/loiseauvert.fr\/en\/wp-json\/wp\/v2\/types\/product"}],"wp:featuredmedia":[{"embeddable":true,"href":"https:\/\/loiseauvert.fr\/en\/wp-json\/wp\/v2\/media\/938"}],"wp:attachment":[{"href":"https:\/\/loiseauvert.fr\/en\/wp-json\/wp\/v2\/media?parent=926"}],"wp:term":[{"taxonomy":"product_brand","embeddable":true,"href":"https:\/\/loiseauvert.fr\/en\/wp-json\/wp\/v2\/product_brand?post=926"},{"taxonomy":"product_cat","embeddable":true,"href":"https:\/\/loiseauvert.fr\/en\/wp-json\/wp\/v2\/product_cat?post=926"},{"taxonomy":"product_tag","embeddable":true,"href":"https:\/\/loiseauvert.fr\/en\/wp-json\/wp\/v2\/product_tag?post=926"}],"curies":[{"name":"wp","href":"https:\/\/api.w.org\/{rel}","templated":true}]}}