{"id":925,"date":"2023-05-19T11:59:47","date_gmt":"2023-05-19T09:59:47","guid":{"rendered":"https:\/\/loiseauvert.fr\/?post_type=product&#038;p=925"},"modified":"2026-04-09T17:33:56","modified_gmt":"2026-04-09T15:33:56","slug":"solarisation-n76-leaumere-elixir-pour-lharmonisation-de-leau-et-du-bien-etre","status":"publish","type":"product","link":"https:\/\/loiseauvert.fr\/en\/product\/solarisation-n76-leaumere-elixir-pour-lharmonisation-de-leau-et-du-bien-etre\/","title":{"rendered":"Eaumere"},"content":{"rendered":"<h3>Solarization No. 76<\/h3>\n<p data-start=\"263\" data-end=\"574\">L\u2019EAUMERE agit pour optimiser la qualit\u00e9 de l\u2019eau, favorisant une meilleure compatibilit\u00e9 avec l\u2019organisme.<br data-start=\"370\" data-end=\"373\" \/>Cette eau peut contribuer \u00e0 une sensation de bien-\u00eatre et de l\u00e9g\u00e8ret\u00e9 au quotidien, qu\u2019elle soit utilis\u00e9e r\u00e9guli\u00e8rement ou ponctuellement.<br data-start=\"511\" data-end=\"514\" \/>Son utilisation accompagne un mode de vie sain et \u00e9quilibr\u00e9.<\/p>","protected":false},"excerpt":{"rendered":"<p>Offre une sensation de l\u00e9g\u00e8ret\u00e9 et de bien-\u00eatre au quotidien.<\/p>","protected":false},"featured_media":937,"template":"","meta":{"_acf_changed":false,"_glsr_average":0,"_glsr_ranking":0,"_glsr_reviews":0},"product_brand":[],"product_cat":[59,58],"product_tag":[],"class_list":{"0":"post-925","1":"product","2":"type-product","3":"status-publish","4":"has-post-thumbnail","6":"product_cat-les-complexes","7":"product_cat-les-mixtes","9":"first","10":"instock","11":"taxable","12":"shipping-taxable","13":"purchasable","14":"product-type-simple"},"supplier_id":null,"supplier_sku":"","barcode":null,"atum_controlled":true,"out_stock_date":null,"out_stock_threshold":null,"inheritable":false,"inbound_stock":null,"stock_on_hold":32,"sold_today":0,"sales_last_days":9,"reserved_stock":null,"customer_returns":null,"warehouse_damage":null,"lost_in_post":null,"other_logs":null,"out_stock_days":0,"lost_sales":0,"has_location":false,"update_date":"2026-04-09T17:43:15","atum_locations":[],"atum_stock_status":"instock","restock_status":false,"low_stock_amount":"","sales_update_date":"2026-04-09T17:43:14","calc_backorders":null,"acf":[],"yoast_head":"<!-- This site is optimized with the Yoast SEO plugin v26.9 - https:\/\/yoast.com\/product\/yoast-seo-wordpress\/ -->\n<title>Eaum\u00e8re - L&#039;Oiseau Vert<\/title>\n<meta name=\"description\" content=\"Solarisation n\u00b076 \u2013 L\u2019EAUMERE, \u00e9lixir vibratoire qui harmonise l\u2019eau, favorise bien-\u00eatre, l\u00e9g\u00e8ret\u00e9 et \u00e9quilibre dans un mode de vie sain.\" \/>\n<meta name=\"robots\" content=\"index, follow, max-snippet:-1, max-image-preview:large, max-video-preview:-1\" \/>\n<link rel=\"canonical\" href=\"https:\/\/loiseauvert.fr\/en\/product\/solarisation-n76-leaumere-elixir-pour-lharmonisation-de-leau-et-du-bien-etre\/\" \/>\n<meta property=\"og:locale\" content=\"en_GB\" \/>\n<meta property=\"og:type\" content=\"article\" \/>\n<meta property=\"og:title\" content=\"Eaum\u00e8re - L&#039;Oiseau Vert\" \/>\n<meta property=\"og:description\" content=\"Solarisation n\u00b076 \u2013 L\u2019EAUMERE, \u00e9lixir vibratoire qui harmonise l\u2019eau, favorise bien-\u00eatre, l\u00e9g\u00e8ret\u00e9 et \u00e9quilibre dans un mode de vie sain.\" \/>\n<meta property=\"og:url\" content=\"https:\/\/loiseauvert.fr\/en\/product\/solarisation-n76-leaumere-elixir-pour-lharmonisation-de-leau-et-du-bien-etre\/\" \/>\n<meta property=\"og:site_name\" content=\"L&#039;Oiseau Vert\" \/>\n<meta property=\"article:modified_time\" content=\"2026-04-09T15:33:56+00:00\" \/>\n<meta property=\"og:image\" content=\"https:\/\/loiseauvert.fr\/wp-content\/uploads\/2023\/05\/eaumere-solarisation-76-jpg.webp\" \/>\n\t<meta property=\"og:image:width\" content=\"1000\" \/>\n\t<meta property=\"og:image:height\" content=\"1000\" \/>\n\t<meta property=\"og:image:type\" content=\"image\/jpeg\" \/>\n<meta name=\"twitter:card\" content=\"summary_large_image\" \/>\n<meta name=\"twitter:label1\" content=\"Estimated reading time\" \/>\n\t<meta name=\"twitter:data1\" content=\"1 minute\" \/>\n<script type=\"application\/ld+json\" class=\"yoast-schema-graph\">{\"@context\":\"https:\/\/schema.org\",\"@graph\":[{\"@type\":\"WebPage\",\"@id\":\"https:\/\/loiseauvert.fr\/produit\/solarisation-n76-leaumere-elixir-pour-lharmonisation-de-leau-et-du-bien-etre\/\",\"url\":\"https:\/\/loiseauvert.fr\/produit\/solarisation-n76-leaumere-elixir-pour-lharmonisation-de-leau-et-du-bien-etre\/\",\"name\":\"Eaum\u00e8re - L&#039;Oiseau Vert\",\"isPartOf\":{\"@id\":\"https:\/\/loiseauvert.fr\/#website\"},\"primaryImageOfPage\":{\"@id\":\"https:\/\/loiseauvert.fr\/produit\/solarisation-n76-leaumere-elixir-pour-lharmonisation-de-leau-et-du-bien-etre\/#primaryimage\"},\"image\":{\"@id\":\"https:\/\/loiseauvert.fr\/produit\/solarisation-n76-leaumere-elixir-pour-lharmonisation-de-leau-et-du-bien-etre\/#primaryimage\"},\"thumbnailUrl\":\"https:\/\/loiseauvert.fr\/wp-content\/uploads\/2023\/05\/eaumere-solarisation-76-jpg.webp\",\"datePublished\":\"2023-05-19T09:59:47+00:00\",\"dateModified\":\"2026-04-09T15:33:56+00:00\",\"description\":\"Solarisation n\u00b076 \u2013 L\u2019EAUMERE, \u00e9lixir vibratoire qui harmonise l\u2019eau, favorise bien-\u00eatre, l\u00e9g\u00e8ret\u00e9 et \u00e9quilibre dans un mode de vie sain.\",\"breadcrumb\":{\"@id\":\"https:\/\/loiseauvert.fr\/produit\/solarisation-n76-leaumere-elixir-pour-lharmonisation-de-leau-et-du-bien-etre\/#breadcrumb\"},\"inLanguage\":\"en-GB\",\"potentialAction\":[{\"@type\":\"ReadAction\",\"target\":[\"https:\/\/loiseauvert.fr\/produit\/solarisation-n76-leaumere-elixir-pour-lharmonisation-de-leau-et-du-bien-etre\/\"]}]},{\"@type\":\"ImageObject\",\"inLanguage\":\"en-GB\",\"@id\":\"https:\/\/loiseauvert.fr\/produit\/solarisation-n76-leaumere-elixir-pour-lharmonisation-de-leau-et-du-bien-etre\/#primaryimage\",\"url\":\"https:\/\/loiseauvert.fr\/wp-content\/uploads\/2023\/05\/eaumere-solarisation-76-jpg.webp\",\"contentUrl\":\"https:\/\/loiseauvert.fr\/wp-content\/uploads\/2023\/05\/eaumere-solarisation-76-jpg.webp\",\"width\":1000,\"height\":1000},{\"@type\":\"BreadcrumbList\",\"@id\":\"https:\/\/loiseauvert.fr\/produit\/solarisation-n76-leaumere-elixir-pour-lharmonisation-de-leau-et-du-bien-etre\/#breadcrumb\",\"itemListElement\":[{\"@type\":\"ListItem\",\"position\":1,\"name\":\"Accueil\",\"item\":\"https:\/\/loiseauvert.fr\/\"},{\"@type\":\"ListItem\",\"position\":2,\"name\":\"Les Complexes\",\"item\":\"https:\/\/loiseauvert.fr\/categorie-produit\/les-complexes\/\"},{\"@type\":\"ListItem\",\"position\":3,\"name\":\"Eaum\u00e8re\"}]},{\"@type\":\"WebSite\",\"@id\":\"https:\/\/loiseauvert.fr\/#website\",\"url\":\"https:\/\/loiseauvert.fr\/\",\"name\":\"L&#039;Oiseau Vert\",\"description\":\"\",\"potentialAction\":[{\"@type\":\"SearchAction\",\"target\":{\"@type\":\"EntryPoint\",\"urlTemplate\":\"https:\/\/loiseauvert.fr\/?s={search_term_string}\"},\"query-input\":{\"@type\":\"PropertyValueSpecification\",\"valueRequired\":true,\"valueName\":\"search_term_string\"}}],\"inLanguage\":\"en-GB\"}]}<\/script>\n<!-- \/ Yoast SEO plugin. -->","yoast_head_json":{"title":"Eaum\u00e8re - L&#039;Green Bird","description":"Solarisation n\u00b076 \u2013 L\u2019EAUMERE, \u00e9lixir vibratoire qui harmonise l\u2019eau, favorise bien-\u00eatre, l\u00e9g\u00e8ret\u00e9 et \u00e9quilibre dans un mode de vie sain.","robots":{"index":"index","follow":"follow","max-snippet":"max-snippet:-1","max-image-preview":"max-image-preview:large","max-video-preview":"max-video-preview:-1"},"canonical":"https:\/\/loiseauvert.fr\/en\/product\/solarisation-n76-leaumere-elixir-pour-lharmonisation-de-leau-et-du-bien-etre\/","og_locale":"en_GB","og_type":"article","og_title":"Eaum\u00e8re - L&#039;Oiseau Vert","og_description":"Solarisation n\u00b076 \u2013 L\u2019EAUMERE, \u00e9lixir vibratoire qui harmonise l\u2019eau, favorise bien-\u00eatre, l\u00e9g\u00e8ret\u00e9 et \u00e9quilibre dans un mode de vie sain.","og_url":"https:\/\/loiseauvert.fr\/en\/product\/solarisation-n76-leaumere-elixir-pour-lharmonisation-de-leau-et-du-bien-etre\/","og_site_name":"L&#039;Oiseau Vert","article_modified_time":"2026-04-09T15:33:56+00:00","og_image":[{"width":1000,"height":1000,"url":"https:\/\/loiseauvert.fr\/wp-content\/uploads\/2023\/05\/eaumere-solarisation-76-jpg.webp","type":"image\/jpeg"}],"twitter_card":"summary_large_image","twitter_misc":{"Estimated reading time":"1 minute"},"schema":{"@context":"https:\/\/schema.org","@graph":[{"@type":"WebPage","@id":"https:\/\/loiseauvert.fr\/produit\/solarisation-n76-leaumere-elixir-pour-lharmonisation-de-leau-et-du-bien-etre\/","url":"https:\/\/loiseauvert.fr\/produit\/solarisation-n76-leaumere-elixir-pour-lharmonisation-de-leau-et-du-bien-etre\/","name":"Eaum\u00e8re - L&#039;Green Bird","isPartOf":{"@id":"https:\/\/loiseauvert.fr\/#website"},"primaryImageOfPage":{"@id":"https:\/\/loiseauvert.fr\/produit\/solarisation-n76-leaumere-elixir-pour-lharmonisation-de-leau-et-du-bien-etre\/#primaryimage"},"image":{"@id":"https:\/\/loiseauvert.fr\/produit\/solarisation-n76-leaumere-elixir-pour-lharmonisation-de-leau-et-du-bien-etre\/#primaryimage"},"thumbnailUrl":"https:\/\/loiseauvert.fr\/wp-content\/uploads\/2023\/05\/eaumere-solarisation-76-jpg.webp","datePublished":"2023-05-19T09:59:47+00:00","dateModified":"2026-04-09T15:33:56+00:00","description":"Solarisation n\u00b076 \u2013 L\u2019EAUMERE, \u00e9lixir vibratoire qui harmonise l\u2019eau, favorise bien-\u00eatre, l\u00e9g\u00e8ret\u00e9 et \u00e9quilibre dans un mode de vie sain.","breadcrumb":{"@id":"https:\/\/loiseauvert.fr\/produit\/solarisation-n76-leaumere-elixir-pour-lharmonisation-de-leau-et-du-bien-etre\/#breadcrumb"},"inLanguage":"en-GB","potentialAction":[{"@type":"ReadAction","target":["https:\/\/loiseauvert.fr\/produit\/solarisation-n76-leaumere-elixir-pour-lharmonisation-de-leau-et-du-bien-etre\/"]}]},{"@type":"ImageObject","inLanguage":"en-GB","@id":"https:\/\/loiseauvert.fr\/produit\/solarisation-n76-leaumere-elixir-pour-lharmonisation-de-leau-et-du-bien-etre\/#primaryimage","url":"https:\/\/loiseauvert.fr\/wp-content\/uploads\/2023\/05\/eaumere-solarisation-76-jpg.webp","contentUrl":"https:\/\/loiseauvert.fr\/wp-content\/uploads\/2023\/05\/eaumere-solarisation-76-jpg.webp","width":1000,"height":1000},{"@type":"BreadcrumbList","@id":"https:\/\/loiseauvert.fr\/produit\/solarisation-n76-leaumere-elixir-pour-lharmonisation-de-leau-et-du-bien-etre\/#breadcrumb","itemListElement":[{"@type":"ListItem","position":1,"name":"Accueil","item":"https:\/\/loiseauvert.fr\/"},{"@type":"ListItem","position":2,"name":"Les Complexes","item":"https:\/\/loiseauvert.fr\/categorie-produit\/les-complexes\/"},{"@type":"ListItem","position":3,"name":"Eaum\u00e8re"}]},{"@type":"WebSite","@id":"https:\/\/loiseauvert.fr\/#website","url":"https:\/\/loiseauvert.fr\/","name":"The Green Bird","description":"","potentialAction":[{"@type":"SearchAction","target":{"@type":"EntryPoint","urlTemplate":"https:\/\/loiseauvert.fr\/?s={search_term_string}"},"query-input":{"@type":"PropertyValueSpecification","valueRequired":true,"valueName":"search_term_string"}}],"inLanguage":"en-GB"}]}},"batches":[{"id":"44","date_created":"2025-05-22 11:44:04","date_expiry":"2027-05-01 00:00:00","user_id":"8","batch_number":"76.25.117","location":"","quantity":"71.0000","quantity_available":"0.0000","units":"1","status":"archived","order_ids":"[14469,14479,14515,14532,13864,14546,13463,14630,14659,14692,14700,14707]"},{"id":"74","date_created":"2025-06-10 18:02:53","date_expiry":"2027-06-01 00:00:00","user_id":"8","batch_number":"76.25.118","location":"","quantity":"74.0000","quantity_available":"0.0000","units":"1","status":"archived","order_ids":"[14707,14718,14757,14794,14243,14844,14856,14857,14861,14862,14876,14877,14955,12498,12496,14984,14998,15280,15283,15297,15310,15333,15334,15387]"},{"id":"78","date_created":"2025-07-01 16:24:00","date_expiry":"2027-07-01 00:00:00","user_id":"8","batch_number":"76.25.119","location":"","quantity":"76.0000","quantity_available":"0.0000","units":"1","status":"active","order_ids":"[15387,15427,15557,15591,15640,15739,15772,15793,15833,15855,15870,15915,15922,15948,16112,16157,16163,16164,16193,16278,16461,16465,16493]"},{"id":"92","date_created":"2025-07-28 15:28:46","date_expiry":"2027-07-01 00:00:00","user_id":"8","batch_number":"76.25.120","location":"","quantity":"77.0000","quantity_available":"0.0000","units":"1","status":"active","order_ids":null},{"id":"112","date_created":"2025-09-22 17:34:38","date_expiry":"2027-09-01 00:00:00","user_id":"0","batch_number":"76.25.121","location":"","quantity":"73.0000","quantity_available":"0.0000","units":"1","status":"active","order_ids":null},{"id":"121","date_created":"2025-10-10 17:18:02","date_expiry":"2027-10-01 00:00:00","user_id":"0","batch_number":"76.25.122","location":"","quantity":"73.0000","quantity_available":"0.0000","units":"1","status":"archived","order_ids":"[16495,16513,16541,16553,16608,16660,16689,16789,16791,17070,17136,17367,17521,17524,17554,17586]"},{"id":"139","date_created":"2025-11-20 15:41:43","date_expiry":"2027-11-01 00:00:00","user_id":"0","batch_number":"76.25.123","location":"","quantity":"70.0000","quantity_available":"0.0000","units":"1","status":"archived","order_ids":"[17586,17768,17867,17895,17919,17976,18027,18031,18165,18208,18212,18240,18317,18363,18379,18391,18421,18424,18535,18555]"},{"id":"168","date_created":"2026-01-14 14:29:37","date_expiry":"2028-01-01 00:00:00","user_id":"0","batch_number":"76.26.124","location":"","quantity":"73.0000","quantity_available":"35.0000","units":"1","status":"active","order_ids":"[18555,18567,18688,18724,18770,18779,18784,18785,18802,18803,18823,18828,18865,18602,18964]"},{"id":"196","date_created":"2026-04-07 09:30:44","date_expiry":"2028-04-01 00:00:00","user_id":"0","batch_number":"76.26.125","location":"","quantity":"77.0000","quantity_available":"77.0000","units":"1","status":"active","order_ids":null}],"_links":{"self":[{"href":"https:\/\/loiseauvert.fr\/en\/wp-json\/wp\/v2\/product\/925","targetHints":{"allow":["GET"]}}],"collection":[{"href":"https:\/\/loiseauvert.fr\/en\/wp-json\/wp\/v2\/product"}],"about":[{"href":"https:\/\/loiseauvert.fr\/en\/wp-json\/wp\/v2\/types\/product"}],"wp:featuredmedia":[{"embeddable":true,"href":"https:\/\/loiseauvert.fr\/en\/wp-json\/wp\/v2\/media\/937"}],"wp:attachment":[{"href":"https:\/\/loiseauvert.fr\/en\/wp-json\/wp\/v2\/media?parent=925"}],"wp:term":[{"taxonomy":"product_brand","embeddable":true,"href":"https:\/\/loiseauvert.fr\/en\/wp-json\/wp\/v2\/product_brand?post=925"},{"taxonomy":"product_cat","embeddable":true,"href":"https:\/\/loiseauvert.fr\/en\/wp-json\/wp\/v2\/product_cat?post=925"},{"taxonomy":"product_tag","embeddable":true,"href":"https:\/\/loiseauvert.fr\/en\/wp-json\/wp\/v2\/product_tag?post=925"}],"curies":[{"name":"wp","href":"https:\/\/api.w.org\/{rel}","templated":true}]}}