{"id":924,"date":"2023-05-19T11:59:47","date_gmt":"2023-05-19T09:59:47","guid":{"rendered":"https:\/\/loiseauvert.fr\/?post_type=product&#038;p=924"},"modified":"2026-04-15T09:34:42","modified_gmt":"2026-04-15T07:34:42","slug":"solarisation-n25-elixir-vibratoire-pour-transitions-et-passages-de-vie","status":"publish","type":"product","link":"https:\/\/loiseauvert.fr\/en\/product\/solarisation-n25-elixir-vibratoire-pour-transitions-et-passages-de-vie\/","title":{"rendered":"Grief"},"content":{"rendered":"<h3>Solarization No. 25<\/h3>\n<p><strong>\u00ab\u00a0Invite \u00e0 accueillir le sens profond des passages de vie\u00a0\u00bb<\/strong><\/p>\n<ul>\n<li>Accompagne les p\u00e9riodes de transition et de changement profond.<\/li>\n<li>Favorise le d\u00e9tachement face aux situations pass\u00e9es, soutient l\u2019acceptation des fins de cycle, et encourage une \u00e9volution personnelle plus sereine.<\/li>\n<li>Invitation \u00e0 transformer ce qui p\u00e8se pour accueillir ce qui vient, avec plus de paix int\u00e9rieure.<\/li>\n<\/ul>","protected":false},"excerpt":{"rendered":"<p data-start=\"118\" data-end=\"170\"><strong data-start=\"122\" data-end=\"170\">Lib\u00e9ration &amp; Paix int\u00e9rieure\u00a0<\/strong><\/p>\n<p data-start=\"172\" data-end=\"422\">Accompagne les prises de conscience profondes et soutient un cheminement int\u00e9rieur bas\u00e9 sur le discernement et la s\u00e9r\u00e9nit\u00e9.<br data-start=\"314\" data-end=\"317\" \/>Favorise un apaisement durable et invite \u00e0 avancer avec clart\u00e9 et confiance, au-del\u00e0 des apparences.<\/p>","protected":false},"featured_media":936,"template":"","meta":{"_acf_changed":false,"_glsr_average":0,"_glsr_ranking":0,"_glsr_reviews":0},"product_brand":[],"product_cat":[60],"product_tag":[],"class_list":{"0":"post-924","1":"product","2":"type-product","3":"status-publish","4":"has-post-thumbnail","6":"product_cat-les-specifiques","8":"first","9":"instock","10":"taxable","11":"shipping-taxable","12":"purchasable","13":"product-type-simple"},"supplier_id":null,"supplier_sku":"","barcode":null,"atum_controlled":true,"out_stock_date":null,"out_stock_threshold":null,"inheritable":false,"inbound_stock":null,"stock_on_hold":12,"sold_today":0,"sales_last_days":5,"reserved_stock":null,"customer_returns":null,"warehouse_damage":null,"lost_in_post":null,"other_logs":null,"out_stock_days":0,"lost_sales":0,"has_location":false,"update_date":"2026-04-17T10:17:34","atum_locations":[],"atum_stock_status":"instock","restock_status":false,"low_stock_amount":"","sales_update_date":"2026-04-17T10:17:34","calc_backorders":null,"acf":[],"yoast_head":"<!-- This site is optimized with the Yoast SEO plugin v26.9 - https:\/\/yoast.com\/product\/yoast-seo-wordpress\/ -->\n<title>Deuil - L&#039;Oiseau Vert<\/title>\n<meta name=\"description\" content=\"Solarisation n\u00b025 \u2013 \u00c9lixir vibratoire pour accompagner transitions et changements de vie, favoriser le d\u00e9tachement et accueillir l\u2019\u00e9volution avec s\u00e9r\u00e9nit\u00e9.\" \/>\n<meta name=\"robots\" content=\"index, follow, max-snippet:-1, max-image-preview:large, max-video-preview:-1\" \/>\n<link rel=\"canonical\" href=\"https:\/\/loiseauvert.fr\/en\/product\/solarisation-n25-elixir-vibratoire-pour-transitions-et-passages-de-vie\/\" \/>\n<meta property=\"og:locale\" content=\"en_GB\" \/>\n<meta property=\"og:type\" content=\"article\" \/>\n<meta property=\"og:title\" content=\"Deuil - L&#039;Oiseau Vert\" \/>\n<meta property=\"og:description\" content=\"Solarisation n\u00b025 \u2013 \u00c9lixir vibratoire pour accompagner transitions et changements de vie, favoriser le d\u00e9tachement et accueillir l\u2019\u00e9volution avec s\u00e9r\u00e9nit\u00e9.\" \/>\n<meta property=\"og:url\" content=\"https:\/\/loiseauvert.fr\/en\/product\/solarisation-n25-elixir-vibratoire-pour-transitions-et-passages-de-vie\/\" \/>\n<meta property=\"og:site_name\" content=\"L&#039;Oiseau Vert\" \/>\n<meta property=\"article:modified_time\" content=\"2026-04-15T07:34:42+00:00\" \/>\n<meta property=\"og:image\" content=\"https:\/\/loiseauvert.fr\/wp-content\/uploads\/2023\/05\/oiseau-vert-solarisation-deuil-25-jpg.webp\" \/>\n\t<meta property=\"og:image:width\" content=\"1000\" \/>\n\t<meta property=\"og:image:height\" content=\"1000\" \/>\n\t<meta property=\"og:image:type\" content=\"image\/jpeg\" \/>\n<meta name=\"twitter:card\" content=\"summary_large_image\" \/>\n<meta name=\"twitter:label1\" content=\"Estimated reading time\" \/>\n\t<meta name=\"twitter:data1\" content=\"1 minute\" \/>\n<script type=\"application\/ld+json\" class=\"yoast-schema-graph\">{\"@context\":\"https:\/\/schema.org\",\"@graph\":[{\"@type\":\"WebPage\",\"@id\":\"https:\/\/loiseauvert.fr\/produit\/solarisation-n25-elixir-vibratoire-pour-transitions-et-passages-de-vie\/\",\"url\":\"https:\/\/loiseauvert.fr\/produit\/solarisation-n25-elixir-vibratoire-pour-transitions-et-passages-de-vie\/\",\"name\":\"Deuil - L&#039;Oiseau Vert\",\"isPartOf\":{\"@id\":\"https:\/\/loiseauvert.fr\/#website\"},\"primaryImageOfPage\":{\"@id\":\"https:\/\/loiseauvert.fr\/produit\/solarisation-n25-elixir-vibratoire-pour-transitions-et-passages-de-vie\/#primaryimage\"},\"image\":{\"@id\":\"https:\/\/loiseauvert.fr\/produit\/solarisation-n25-elixir-vibratoire-pour-transitions-et-passages-de-vie\/#primaryimage\"},\"thumbnailUrl\":\"https:\/\/loiseauvert.fr\/wp-content\/uploads\/2023\/05\/oiseau-vert-solarisation-deuil-25-jpg.webp\",\"datePublished\":\"2023-05-19T09:59:47+00:00\",\"dateModified\":\"2026-04-15T07:34:42+00:00\",\"description\":\"Solarisation n\u00b025 \u2013 \u00c9lixir vibratoire pour accompagner transitions et changements de vie, favoriser le d\u00e9tachement et accueillir l\u2019\u00e9volution avec s\u00e9r\u00e9nit\u00e9.\",\"breadcrumb\":{\"@id\":\"https:\/\/loiseauvert.fr\/produit\/solarisation-n25-elixir-vibratoire-pour-transitions-et-passages-de-vie\/#breadcrumb\"},\"inLanguage\":\"en-GB\",\"potentialAction\":[{\"@type\":\"ReadAction\",\"target\":[\"https:\/\/loiseauvert.fr\/produit\/solarisation-n25-elixir-vibratoire-pour-transitions-et-passages-de-vie\/\"]}]},{\"@type\":\"ImageObject\",\"inLanguage\":\"en-GB\",\"@id\":\"https:\/\/loiseauvert.fr\/produit\/solarisation-n25-elixir-vibratoire-pour-transitions-et-passages-de-vie\/#primaryimage\",\"url\":\"https:\/\/loiseauvert.fr\/wp-content\/uploads\/2023\/05\/oiseau-vert-solarisation-deuil-25-jpg.webp\",\"contentUrl\":\"https:\/\/loiseauvert.fr\/wp-content\/uploads\/2023\/05\/oiseau-vert-solarisation-deuil-25-jpg.webp\",\"width\":1000,\"height\":1000},{\"@type\":\"BreadcrumbList\",\"@id\":\"https:\/\/loiseauvert.fr\/produit\/solarisation-n25-elixir-vibratoire-pour-transitions-et-passages-de-vie\/#breadcrumb\",\"itemListElement\":[{\"@type\":\"ListItem\",\"position\":1,\"name\":\"Accueil\",\"item\":\"https:\/\/loiseauvert.fr\/\"},{\"@type\":\"ListItem\",\"position\":2,\"name\":\"Les Sp\u00e9cifiques\",\"item\":\"https:\/\/loiseauvert.fr\/categorie-produit\/les-specifiques\/\"},{\"@type\":\"ListItem\",\"position\":3,\"name\":\"Deuil\"}]},{\"@type\":\"WebSite\",\"@id\":\"https:\/\/loiseauvert.fr\/#website\",\"url\":\"https:\/\/loiseauvert.fr\/\",\"name\":\"L&#039;Oiseau Vert\",\"description\":\"\",\"potentialAction\":[{\"@type\":\"SearchAction\",\"target\":{\"@type\":\"EntryPoint\",\"urlTemplate\":\"https:\/\/loiseauvert.fr\/?s={search_term_string}\"},\"query-input\":{\"@type\":\"PropertyValueSpecification\",\"valueRequired\":true,\"valueName\":\"search_term_string\"}}],\"inLanguage\":\"en-GB\"}]}<\/script>\n<!-- \/ Yoast SEO plugin. -->","yoast_head_json":{"title":"Mourning - The Green Bird","description":"Solarisation n\u00b025 \u2013 \u00c9lixir vibratoire pour accompagner transitions et changements de vie, favoriser le d\u00e9tachement et accueillir l\u2019\u00e9volution avec s\u00e9r\u00e9nit\u00e9.","robots":{"index":"index","follow":"follow","max-snippet":"max-snippet:-1","max-image-preview":"max-image-preview:large","max-video-preview":"max-video-preview:-1"},"canonical":"https:\/\/loiseauvert.fr\/en\/product\/solarisation-n25-elixir-vibratoire-pour-transitions-et-passages-de-vie\/","og_locale":"en_GB","og_type":"article","og_title":"Deuil - L&#039;Oiseau Vert","og_description":"Solarisation n\u00b025 \u2013 \u00c9lixir vibratoire pour accompagner transitions et changements de vie, favoriser le d\u00e9tachement et accueillir l\u2019\u00e9volution avec s\u00e9r\u00e9nit\u00e9.","og_url":"https:\/\/loiseauvert.fr\/en\/product\/solarisation-n25-elixir-vibratoire-pour-transitions-et-passages-de-vie\/","og_site_name":"L&#039;Oiseau Vert","article_modified_time":"2026-04-15T07:34:42+00:00","og_image":[{"width":1000,"height":1000,"url":"https:\/\/loiseauvert.fr\/wp-content\/uploads\/2023\/05\/oiseau-vert-solarisation-deuil-25-jpg.webp","type":"image\/jpeg"}],"twitter_card":"summary_large_image","twitter_misc":{"Estimated reading time":"1 minute"},"schema":{"@context":"https:\/\/schema.org","@graph":[{"@type":"WebPage","@id":"https:\/\/loiseauvert.fr\/produit\/solarisation-n25-elixir-vibratoire-pour-transitions-et-passages-de-vie\/","url":"https:\/\/loiseauvert.fr\/produit\/solarisation-n25-elixir-vibratoire-pour-transitions-et-passages-de-vie\/","name":"Mourning - The Green Bird","isPartOf":{"@id":"https:\/\/loiseauvert.fr\/#website"},"primaryImageOfPage":{"@id":"https:\/\/loiseauvert.fr\/produit\/solarisation-n25-elixir-vibratoire-pour-transitions-et-passages-de-vie\/#primaryimage"},"image":{"@id":"https:\/\/loiseauvert.fr\/produit\/solarisation-n25-elixir-vibratoire-pour-transitions-et-passages-de-vie\/#primaryimage"},"thumbnailUrl":"https:\/\/loiseauvert.fr\/wp-content\/uploads\/2023\/05\/oiseau-vert-solarisation-deuil-25-jpg.webp","datePublished":"2023-05-19T09:59:47+00:00","dateModified":"2026-04-15T07:34:42+00:00","description":"Solarisation n\u00b025 \u2013 \u00c9lixir vibratoire pour accompagner transitions et changements de vie, favoriser le d\u00e9tachement et accueillir l\u2019\u00e9volution avec s\u00e9r\u00e9nit\u00e9.","breadcrumb":{"@id":"https:\/\/loiseauvert.fr\/produit\/solarisation-n25-elixir-vibratoire-pour-transitions-et-passages-de-vie\/#breadcrumb"},"inLanguage":"en-GB","potentialAction":[{"@type":"ReadAction","target":["https:\/\/loiseauvert.fr\/produit\/solarisation-n25-elixir-vibratoire-pour-transitions-et-passages-de-vie\/"]}]},{"@type":"ImageObject","inLanguage":"en-GB","@id":"https:\/\/loiseauvert.fr\/produit\/solarisation-n25-elixir-vibratoire-pour-transitions-et-passages-de-vie\/#primaryimage","url":"https:\/\/loiseauvert.fr\/wp-content\/uploads\/2023\/05\/oiseau-vert-solarisation-deuil-25-jpg.webp","contentUrl":"https:\/\/loiseauvert.fr\/wp-content\/uploads\/2023\/05\/oiseau-vert-solarisation-deuil-25-jpg.webp","width":1000,"height":1000},{"@type":"BreadcrumbList","@id":"https:\/\/loiseauvert.fr\/produit\/solarisation-n25-elixir-vibratoire-pour-transitions-et-passages-de-vie\/#breadcrumb","itemListElement":[{"@type":"ListItem","position":1,"name":"Accueil","item":"https:\/\/loiseauvert.fr\/"},{"@type":"ListItem","position":2,"name":"Les Sp\u00e9cifiques","item":"https:\/\/loiseauvert.fr\/categorie-produit\/les-specifiques\/"},{"@type":"ListItem","position":3,"name":"Deuil"}]},{"@type":"WebSite","@id":"https:\/\/loiseauvert.fr\/#website","url":"https:\/\/loiseauvert.fr\/","name":"The Green Bird","description":"","potentialAction":[{"@type":"SearchAction","target":{"@type":"EntryPoint","urlTemplate":"https:\/\/loiseauvert.fr\/?s={search_term_string}"},"query-input":{"@type":"PropertyValueSpecification","valueRequired":true,"valueName":"search_term_string"}}],"inLanguage":"en-GB"}]}},"batches":[{"id":"27","date_created":"2025-05-22 11:00:13","date_expiry":"2027-04-01 00:00:00","user_id":"8","batch_number":"25.25.085","location":"","quantity":"60.0000","quantity_available":"0.0000","units":"1","status":"archived","order_ids":"[14401,14420,14428,14440,14486,14490,14524,14541,13883,14545,14619,14630,14718,14790,14825,14984,15116,15223,15227,15267,15289,15320,15225,15338,15435,15514,15580,15607,15612,15627,15634,15705,15739,15745,15800,15815,15843,15872,15904,15924,15930]"},{"id":"109","date_created":"2025-09-16 16:38:29","date_expiry":"2027-09-01 00:00:00","user_id":"0","batch_number":"25.25.086","location":"","quantity":"74.0000","quantity_available":"0.0000","units":"1","status":"archived","order_ids":"[15996,16003,16010,16066,16147,16151,16234,16253,16313,16351,16379,16445,16456,16495,16497,16534,16576,16593,16640,16652,16704,16714,16730,16764,16771,16787,16797,16822,16825,16970,17070,17078,17248,17295,17376,17387,17464,17526,17534,17554,17582,17594,17782,17808,17899,17940,18017,18024]"},{"id":"175","date_created":"2026-02-04 13:22:09","date_expiry":"2028-02-01 00:00:00","user_id":"0","batch_number":"25.26.087","location":"","quantity":"72.0000","quantity_available":"11.0000","units":"1","status":"active","order_ids":"[18024,18040,18096,18110,18116,18168,18189,18192,18195,18203,18234,18278,18301,18302,18374,18415,18423,18444,18470,18472,18505,18521,18555,18678,18703,18762,18770,18871,18881,18915,18602,18940,18953,18966,19000,19033]"}],"_links":{"self":[{"href":"https:\/\/loiseauvert.fr\/en\/wp-json\/wp\/v2\/product\/924","targetHints":{"allow":["GET"]}}],"collection":[{"href":"https:\/\/loiseauvert.fr\/en\/wp-json\/wp\/v2\/product"}],"about":[{"href":"https:\/\/loiseauvert.fr\/en\/wp-json\/wp\/v2\/types\/product"}],"wp:featuredmedia":[{"embeddable":true,"href":"https:\/\/loiseauvert.fr\/en\/wp-json\/wp\/v2\/media\/936"}],"wp:attachment":[{"href":"https:\/\/loiseauvert.fr\/en\/wp-json\/wp\/v2\/media?parent=924"}],"wp:term":[{"taxonomy":"product_brand","embeddable":true,"href":"https:\/\/loiseauvert.fr\/en\/wp-json\/wp\/v2\/product_brand?post=924"},{"taxonomy":"product_cat","embeddable":true,"href":"https:\/\/loiseauvert.fr\/en\/wp-json\/wp\/v2\/product_cat?post=924"},{"taxonomy":"product_tag","embeddable":true,"href":"https:\/\/loiseauvert.fr\/en\/wp-json\/wp\/v2\/product_tag?post=924"}],"curies":[{"name":"wp","href":"https:\/\/api.w.org\/{rel}","templated":true}]}}