{"id":8923,"date":"2024-03-22T17:39:48","date_gmt":"2024-03-22T16:39:48","guid":{"rendered":"https:\/\/loiseauvert.fr\/?post_type=product&#038;p=8923"},"modified":"2026-04-08T14:52:13","modified_gmt":"2026-04-08T12:52:13","slug":"solarization-guidebook","status":"publish","type":"product","link":"https:\/\/loiseauvert.fr\/en\/product\/solarization-guidebook\/","title":{"rendered":"Book \u201cGuide to Solarizations\u201d"},"content":{"rendered":"<p data-start=\"87\" data-end=\"361\"><strong data-start=\"87\" data-end=\"141\">Plongez dans l\u2019univers fascinant des Solarisations<\/strong><br data-start=\"141\" data-end=\"144\" \/>Explorez un monde riche de symbolique et d\u2019harmonisation int\u00e9rieure.<br data-start=\"212\" data-end=\"215\" \/>Le guide vous accompagne dans la d\u00e9couverte des Solarisations et de leur r\u00f4le dans le soutien des processus d\u2019\u00e9quilibre \u00e9motionnel et \u00e9nerg\u00e9tique.<\/p>\n<p data-start=\"87\" data-end=\"361\">Il pr\u00e9sente de fa\u00e7on claire et structur\u00e9e les diff\u00e9rentes pr\u00e9parations, leur symbolique, et leur lien avec les \u00e9tats \u00e9motionnels ou les d\u00e9s\u00e9quilibres \u00e9nerg\u00e9tiques que peuvent traverser certaines personnes.<\/p>\n<p data-start=\"523\" data-end=\"647\">Un outil pr\u00e9cieux pour mieux comprendre les correspondances entre les \u00e9lixirs et les processus de transformation int\u00e9rieure.<\/p>\n<p>&nbsp;<\/p>","protected":false},"excerpt":{"rendered":"<p>Plongez dans l\u2019univers fascinant des SolarisationsExplorez un monde riche de symbolique et d\u2019harmonisation int\u00e9rieure.Le guide vous accompagne dans la d\u00e9couverte des Solarisations et de leur r\u00f4le dans le soutien des processus d\u2019\u00e9quilibre \u00e9motionnel et \u00e9nerg\u00e9tique. Il pr\u00e9sente de fa\u00e7on claire et structur\u00e9e les diff\u00e9rentes pr\u00e9parations, leur symbolique, et leur lien avec les \u00e9tats \u00e9motionnels ou [&hellip;]<\/p>","protected":false},"featured_media":9363,"template":"","meta":{"_acf_changed":false,"_glsr_average":0,"_glsr_ranking":0,"_glsr_reviews":0},"product_brand":[],"product_cat":[64],"product_tag":[],"class_list":{"0":"post-8923","1":"product","2":"type-product","3":"status-publish","4":"has-post-thumbnail","6":"product_cat-autres-produits","8":"first","9":"instock","10":"taxable","11":"shipping-taxable","12":"purchasable","13":"product-type-simple"},"supplier_id":null,"supplier_sku":"","barcode":null,"atum_controlled":true,"out_stock_date":null,"out_stock_threshold":null,"inheritable":false,"inbound_stock":0,"stock_on_hold":0,"sold_today":0,"sales_last_days":2,"reserved_stock":0,"customer_returns":0,"warehouse_damage":0,"lost_in_post":0,"other_logs":0,"out_stock_days":0,"lost_sales":0,"has_location":false,"update_date":"2026-04-09T16:47:24","atum_locations":[],"atum_stock_status":"instock","restock_status":false,"low_stock_amount":"","sales_update_date":"2026-04-09T16:47:24","calc_backorders":null,"acf":[],"yoast_head":"<!-- This site is optimized with the Yoast SEO plugin v26.9 - https:\/\/yoast.com\/product\/yoast-seo-wordpress\/ -->\n<title>Livre &quot;Guide des Solarisations&quot; - L&#039;Oiseau Vert<\/title>\n<meta name=\"description\" content=\"D\u00e9couvrez en d\u00e9tail les Solarisations de l&#039;Oiseau Vert gr\u00e2ce \u00e0 ce guide sp\u00e9cialement con\u00e7u pour vous. L&#039;Oiseau Vert Livre &quot;Guide des Solarisations&quot;\" \/>\n<meta name=\"robots\" content=\"index, follow, max-snippet:-1, max-image-preview:large, max-video-preview:-1\" \/>\n<link rel=\"canonical\" href=\"https:\/\/loiseauvert.fr\/en\/product\/solarization-guidebook\/\" \/>\n<meta property=\"og:locale\" content=\"en_GB\" \/>\n<meta property=\"og:type\" content=\"article\" \/>\n<meta property=\"og:title\" content=\"Livre &quot;Guide des Solarisations&quot; - L&#039;Oiseau Vert\" \/>\n<meta property=\"og:description\" content=\"D\u00e9couvrez en d\u00e9tail les Solarisations de l&#039;Oiseau Vert gr\u00e2ce \u00e0 ce guide sp\u00e9cialement con\u00e7u pour vous. L&#039;Oiseau Vert Livre &quot;Guide des Solarisations&quot;\" \/>\n<meta property=\"og:url\" content=\"https:\/\/loiseauvert.fr\/en\/product\/solarization-guidebook\/\" \/>\n<meta property=\"og:site_name\" content=\"L&#039;Oiseau Vert\" \/>\n<meta property=\"article:modified_time\" content=\"2026-04-08T12:52:13+00:00\" \/>\n<meta property=\"og:image\" content=\"https:\/\/loiseauvert.fr\/wp-content\/uploads\/2024\/03\/couv-livre-site-scaled.webp\" \/>\n\t<meta property=\"og:image:width\" content=\"1813\" \/>\n\t<meta property=\"og:image:height\" content=\"2560\" \/>\n\t<meta property=\"og:image:type\" content=\"image\/jpeg\" \/>\n<meta name=\"twitter:card\" content=\"summary_large_image\" \/>\n<meta name=\"twitter:label1\" content=\"Estimated reading time\" \/>\n\t<meta name=\"twitter:data1\" content=\"1 minute\" \/>\n<script type=\"application\/ld+json\" class=\"yoast-schema-graph\">{\"@context\":\"https:\/\/schema.org\",\"@graph\":[{\"@type\":\"WebPage\",\"@id\":\"https:\/\/loiseauvert.fr\/produit\/livre-guide-des-solarisations\/\",\"url\":\"https:\/\/loiseauvert.fr\/produit\/livre-guide-des-solarisations\/\",\"name\":\"Livre \\\"Guide des Solarisations\\\" - L&#039;Oiseau Vert\",\"isPartOf\":{\"@id\":\"https:\/\/loiseauvert.fr\/#website\"},\"primaryImageOfPage\":{\"@id\":\"https:\/\/loiseauvert.fr\/produit\/livre-guide-des-solarisations\/#primaryimage\"},\"image\":{\"@id\":\"https:\/\/loiseauvert.fr\/produit\/livre-guide-des-solarisations\/#primaryimage\"},\"thumbnailUrl\":\"https:\/\/loiseauvert.fr\/wp-content\/uploads\/2024\/03\/couv-livre-site-scaled.webp\",\"datePublished\":\"2024-03-22T16:39:48+00:00\",\"dateModified\":\"2026-04-08T12:52:13+00:00\",\"description\":\"D\u00e9couvrez en d\u00e9tail les Solarisations de l'Oiseau Vert gr\u00e2ce \u00e0 ce guide sp\u00e9cialement con\u00e7u pour vous. L&#039;Oiseau Vert Livre \\\"Guide des Solarisations\\\"\",\"breadcrumb\":{\"@id\":\"https:\/\/loiseauvert.fr\/produit\/livre-guide-des-solarisations\/#breadcrumb\"},\"inLanguage\":\"en-GB\",\"potentialAction\":[{\"@type\":\"ReadAction\",\"target\":[\"https:\/\/loiseauvert.fr\/produit\/livre-guide-des-solarisations\/\"]}]},{\"@type\":\"ImageObject\",\"inLanguage\":\"en-GB\",\"@id\":\"https:\/\/loiseauvert.fr\/produit\/livre-guide-des-solarisations\/#primaryimage\",\"url\":\"https:\/\/loiseauvert.fr\/wp-content\/uploads\/2024\/03\/couv-livre-site-scaled.webp\",\"contentUrl\":\"https:\/\/loiseauvert.fr\/wp-content\/uploads\/2024\/03\/couv-livre-site-scaled.webp\",\"width\":1813,\"height\":2560},{\"@type\":\"BreadcrumbList\",\"@id\":\"https:\/\/loiseauvert.fr\/produit\/livre-guide-des-solarisations\/#breadcrumb\",\"itemListElement\":[{\"@type\":\"ListItem\",\"position\":1,\"name\":\"Accueil\",\"item\":\"https:\/\/loiseauvert.fr\/\"},{\"@type\":\"ListItem\",\"position\":2,\"name\":\"Autres produits\",\"item\":\"https:\/\/loiseauvert.fr\/categorie-produit\/autres-produits\/\"},{\"@type\":\"ListItem\",\"position\":3,\"name\":\"Livre &#8220;Guide des Solarisations&#8221;\"}]},{\"@type\":\"WebSite\",\"@id\":\"https:\/\/loiseauvert.fr\/#website\",\"url\":\"https:\/\/loiseauvert.fr\/\",\"name\":\"L&#039;Oiseau Vert\",\"description\":\"\",\"potentialAction\":[{\"@type\":\"SearchAction\",\"target\":{\"@type\":\"EntryPoint\",\"urlTemplate\":\"https:\/\/loiseauvert.fr\/?s={search_term_string}\"},\"query-input\":{\"@type\":\"PropertyValueSpecification\",\"valueRequired\":true,\"valueName\":\"search_term_string\"}}],\"inLanguage\":\"en-GB\"}]}<\/script>\n<!-- \/ Yoast SEO plugin. -->","yoast_head_json":{"title":"Book &quot;Guide to Solarizations&quot; - L&#039;Oiseau Vert","description":"D\u00e9couvrez en d\u00e9tail les Solarisations de l'Oiseau Vert gr\u00e2ce \u00e0 ce guide sp\u00e9cialement con\u00e7u pour vous. L&#039;Oiseau Vert Livre \"Guide des Solarisations\"","robots":{"index":"index","follow":"follow","max-snippet":"max-snippet:-1","max-image-preview":"max-image-preview:large","max-video-preview":"max-video-preview:-1"},"canonical":"https:\/\/loiseauvert.fr\/en\/product\/solarization-guidebook\/","og_locale":"en_GB","og_type":"article","og_title":"Livre \"Guide des Solarisations\" - L&#039;Oiseau Vert","og_description":"D\u00e9couvrez en d\u00e9tail les Solarisations de l'Oiseau Vert gr\u00e2ce \u00e0 ce guide sp\u00e9cialement con\u00e7u pour vous. L&#039;Oiseau Vert Livre \"Guide des Solarisations\"","og_url":"https:\/\/loiseauvert.fr\/en\/product\/solarization-guidebook\/","og_site_name":"L&#039;Oiseau Vert","article_modified_time":"2026-04-08T12:52:13+00:00","og_image":[{"width":1813,"height":2560,"url":"https:\/\/loiseauvert.fr\/wp-content\/uploads\/2024\/03\/couv-livre-site-scaled.webp","type":"image\/jpeg"}],"twitter_card":"summary_large_image","twitter_misc":{"Estimated reading time":"1 minute"},"schema":{"@context":"https:\/\/schema.org","@graph":[{"@type":"WebPage","@id":"https:\/\/loiseauvert.fr\/produit\/livre-guide-des-solarisations\/","url":"https:\/\/loiseauvert.fr\/produit\/livre-guide-des-solarisations\/","name":"Book &quot;Guide to Solarizations&quot; - L&#039;Oiseau Vert","isPartOf":{"@id":"https:\/\/loiseauvert.fr\/#website"},"primaryImageOfPage":{"@id":"https:\/\/loiseauvert.fr\/produit\/livre-guide-des-solarisations\/#primaryimage"},"image":{"@id":"https:\/\/loiseauvert.fr\/produit\/livre-guide-des-solarisations\/#primaryimage"},"thumbnailUrl":"https:\/\/loiseauvert.fr\/wp-content\/uploads\/2024\/03\/couv-livre-site-scaled.webp","datePublished":"2024-03-22T16:39:48+00:00","dateModified":"2026-04-08T12:52:13+00:00","description":"D\u00e9couvrez en d\u00e9tail les Solarisations de l'Oiseau Vert gr\u00e2ce \u00e0 ce guide sp\u00e9cialement con\u00e7u pour vous. L&#039;Oiseau Vert Livre \"Guide des Solarisations\"","breadcrumb":{"@id":"https:\/\/loiseauvert.fr\/produit\/livre-guide-des-solarisations\/#breadcrumb"},"inLanguage":"en-GB","potentialAction":[{"@type":"ReadAction","target":["https:\/\/loiseauvert.fr\/produit\/livre-guide-des-solarisations\/"]}]},{"@type":"ImageObject","inLanguage":"en-GB","@id":"https:\/\/loiseauvert.fr\/produit\/livre-guide-des-solarisations\/#primaryimage","url":"https:\/\/loiseauvert.fr\/wp-content\/uploads\/2024\/03\/couv-livre-site-scaled.webp","contentUrl":"https:\/\/loiseauvert.fr\/wp-content\/uploads\/2024\/03\/couv-livre-site-scaled.webp","width":1813,"height":2560},{"@type":"BreadcrumbList","@id":"https:\/\/loiseauvert.fr\/produit\/livre-guide-des-solarisations\/#breadcrumb","itemListElement":[{"@type":"ListItem","position":1,"name":"Accueil","item":"https:\/\/loiseauvert.fr\/"},{"@type":"ListItem","position":2,"name":"Autres produits","item":"https:\/\/loiseauvert.fr\/categorie-produit\/autres-produits\/"},{"@type":"ListItem","position":3,"name":"Livre &#8220;Guide des Solarisations&#8221;"}]},{"@type":"WebSite","@id":"https:\/\/loiseauvert.fr\/#website","url":"https:\/\/loiseauvert.fr\/","name":"The Green Bird","description":"","potentialAction":[{"@type":"SearchAction","target":{"@type":"EntryPoint","urlTemplate":"https:\/\/loiseauvert.fr\/?s={search_term_string}"},"query-input":{"@type":"PropertyValueSpecification","valueRequired":true,"valueName":"search_term_string"}}],"inLanguage":"en-GB"}]}},"batches":[],"_links":{"self":[{"href":"https:\/\/loiseauvert.fr\/en\/wp-json\/wp\/v2\/product\/8923","targetHints":{"allow":["GET"]}}],"collection":[{"href":"https:\/\/loiseauvert.fr\/en\/wp-json\/wp\/v2\/product"}],"about":[{"href":"https:\/\/loiseauvert.fr\/en\/wp-json\/wp\/v2\/types\/product"}],"wp:featuredmedia":[{"embeddable":true,"href":"https:\/\/loiseauvert.fr\/en\/wp-json\/wp\/v2\/media\/9363"}],"wp:attachment":[{"href":"https:\/\/loiseauvert.fr\/en\/wp-json\/wp\/v2\/media?parent=8923"}],"wp:term":[{"taxonomy":"product_brand","embeddable":true,"href":"https:\/\/loiseauvert.fr\/en\/wp-json\/wp\/v2\/product_brand?post=8923"},{"taxonomy":"product_cat","embeddable":true,"href":"https:\/\/loiseauvert.fr\/en\/wp-json\/wp\/v2\/product_cat?post=8923"},{"taxonomy":"product_tag","embeddable":true,"href":"https:\/\/loiseauvert.fr\/en\/wp-json\/wp\/v2\/product_tag?post=8923"}],"curies":[{"name":"wp","href":"https:\/\/api.w.org\/{rel}","templated":true}]}}