{"id":864,"date":"2023-05-19T11:52:40","date_gmt":"2023-05-19T09:52:40","guid":{"rendered":"https:\/\/loiseauvert.fr\/?post_type=product&#038;p=864"},"modified":"2026-03-25T21:27:03","modified_gmt":"2026-03-25T20:27:03","slug":"solarisation-n73-elixir-vibratoire-pour-emergence-et-expression-des-potentiels","status":"publish","type":"product","link":"https:\/\/loiseauvert.fr\/en\/product\/solarisation-n73-elixir-vibratoire-pour-emergence-et-expression-des-potentiels\/","title":{"rendered":"Creativity"},"content":{"rendered":"<h3>Solarization No. 73<\/h3>\n<p><strong>\u00ab\u00a0Emergence des potentiels individuels\u00a0\u00bb<\/strong><\/p>\n<ul>\n<li>\n<p data-start=\"146\" data-end=\"443\">Soutient l\u2019expression cr\u00e9ative, la mise en mouvement de projets personnels et l\u2019int\u00e9gration des exp\u00e9riences v\u00e9cues.<\/p>\n<\/li>\n<li>\n<p data-start=\"146\" data-end=\"443\">Accompagne l\u2019harmonisation \u00e9motionnelle, notamment en lien avec la col\u00e8re, et favorise un rapport \u00e9quilibr\u00e9 \u00e0 sa vitalit\u00e9, y compris dans la sph\u00e8re intime.<\/p>\n<\/li>\n<\/ul>\n<h5>Vibration Supports:<\/h5>\n<p>Ti Z\u00e9lia 2, Sinap, Metab, Natyl and Airain.<\/p>","protected":false},"excerpt":{"rendered":"<p>Favorise l\u2019expression de son potentiel personnel<\/p>","protected":false},"featured_media":911,"template":"","meta":{"_acf_changed":false,"_glsr_average":0,"_glsr_ranking":0,"_glsr_reviews":0},"product_brand":[],"product_cat":[59],"product_tag":[],"class_list":{"0":"post-864","1":"product","2":"type-product","3":"status-publish","4":"has-post-thumbnail","6":"product_cat-les-complexes","8":"first","9":"instock","10":"taxable","11":"shipping-taxable","12":"purchasable","13":"product-type-simple"},"supplier_id":null,"supplier_sku":"","barcode":null,"atum_controlled":true,"out_stock_date":null,"out_stock_threshold":null,"inheritable":false,"inbound_stock":null,"stock_on_hold":0,"sold_today":0,"sales_last_days":0,"reserved_stock":null,"customer_returns":null,"warehouse_damage":null,"lost_in_post":null,"other_logs":null,"out_stock_days":0,"lost_sales":0,"has_location":false,"update_date":"2026-04-09T10:18:03","atum_locations":[],"atum_stock_status":"instock","restock_status":false,"low_stock_amount":"","sales_update_date":"2026-04-09T10:18:03","calc_backorders":null,"acf":[],"yoast_head":"<!-- This site is optimized with the Yoast SEO plugin v26.9 - https:\/\/yoast.com\/product\/yoast-seo-wordpress\/ -->\n<title>Cr\u00e9ativit\u00e9 - L&#039;Oiseau Vert<\/title>\n<meta name=\"description\" content=\"Solarisation n\u00b073 \u2013 \u00c9lixir vibratoire pour soutenir l\u2019expression cr\u00e9ative, l\u2019\u00e9mergence des potentiels et l\u2019harmonisation \u00e9motionnelle au quotidien.\" \/>\n<meta name=\"robots\" content=\"index, follow, max-snippet:-1, max-image-preview:large, max-video-preview:-1\" \/>\n<link rel=\"canonical\" href=\"https:\/\/loiseauvert.fr\/en\/product\/solarisation-n73-elixir-vibratoire-pour-emergence-et-expression-des-potentiels\/\" \/>\n<meta property=\"og:locale\" content=\"en_GB\" \/>\n<meta property=\"og:type\" content=\"article\" \/>\n<meta property=\"og:title\" content=\"Cr\u00e9ativit\u00e9 - L&#039;Oiseau Vert\" \/>\n<meta property=\"og:description\" content=\"Solarisation n\u00b073 \u2013 \u00c9lixir vibratoire pour soutenir l\u2019expression cr\u00e9ative, l\u2019\u00e9mergence des potentiels et l\u2019harmonisation \u00e9motionnelle au quotidien.\" \/>\n<meta property=\"og:url\" content=\"https:\/\/loiseauvert.fr\/en\/product\/solarisation-n73-elixir-vibratoire-pour-emergence-et-expression-des-potentiels\/\" \/>\n<meta property=\"og:site_name\" content=\"L&#039;Oiseau Vert\" \/>\n<meta property=\"article:modified_time\" content=\"2026-03-25T20:27:03+00:00\" \/>\n<meta property=\"og:image\" content=\"https:\/\/loiseauvert.fr\/wp-content\/uploads\/2023\/05\/oiseau-vert-solarisation-acceptation-creativite-73-jpg.webp\" \/>\n\t<meta property=\"og:image:width\" content=\"1000\" \/>\n\t<meta property=\"og:image:height\" content=\"1000\" \/>\n\t<meta property=\"og:image:type\" content=\"image\/jpeg\" \/>\n<meta name=\"twitter:card\" content=\"summary_large_image\" \/>\n<meta name=\"twitter:label1\" content=\"Estimated reading time\" \/>\n\t<meta name=\"twitter:data1\" content=\"1 minute\" \/>\n<script type=\"application\/ld+json\" class=\"yoast-schema-graph\">{\"@context\":\"https:\/\/schema.org\",\"@graph\":[{\"@type\":\"WebPage\",\"@id\":\"https:\/\/loiseauvert.fr\/produit\/solarisation-n73-elixir-vibratoire-pour-emergence-et-expression-des-potentiels\/\",\"url\":\"https:\/\/loiseauvert.fr\/produit\/solarisation-n73-elixir-vibratoire-pour-emergence-et-expression-des-potentiels\/\",\"name\":\"Cr\u00e9ativit\u00e9 - L&#039;Oiseau Vert\",\"isPartOf\":{\"@id\":\"https:\/\/loiseauvert.fr\/#website\"},\"primaryImageOfPage\":{\"@id\":\"https:\/\/loiseauvert.fr\/produit\/solarisation-n73-elixir-vibratoire-pour-emergence-et-expression-des-potentiels\/#primaryimage\"},\"image\":{\"@id\":\"https:\/\/loiseauvert.fr\/produit\/solarisation-n73-elixir-vibratoire-pour-emergence-et-expression-des-potentiels\/#primaryimage\"},\"thumbnailUrl\":\"https:\/\/loiseauvert.fr\/wp-content\/uploads\/2023\/05\/oiseau-vert-solarisation-acceptation-creativite-73-jpg.webp\",\"datePublished\":\"2023-05-19T09:52:40+00:00\",\"dateModified\":\"2026-03-25T20:27:03+00:00\",\"description\":\"Solarisation n\u00b073 \u2013 \u00c9lixir vibratoire pour soutenir l\u2019expression cr\u00e9ative, l\u2019\u00e9mergence des potentiels et l\u2019harmonisation \u00e9motionnelle au quotidien.\",\"breadcrumb\":{\"@id\":\"https:\/\/loiseauvert.fr\/produit\/solarisation-n73-elixir-vibratoire-pour-emergence-et-expression-des-potentiels\/#breadcrumb\"},\"inLanguage\":\"en-GB\",\"potentialAction\":[{\"@type\":\"ReadAction\",\"target\":[\"https:\/\/loiseauvert.fr\/produit\/solarisation-n73-elixir-vibratoire-pour-emergence-et-expression-des-potentiels\/\"]}]},{\"@type\":\"ImageObject\",\"inLanguage\":\"en-GB\",\"@id\":\"https:\/\/loiseauvert.fr\/produit\/solarisation-n73-elixir-vibratoire-pour-emergence-et-expression-des-potentiels\/#primaryimage\",\"url\":\"https:\/\/loiseauvert.fr\/wp-content\/uploads\/2023\/05\/oiseau-vert-solarisation-acceptation-creativite-73-jpg.webp\",\"contentUrl\":\"https:\/\/loiseauvert.fr\/wp-content\/uploads\/2023\/05\/oiseau-vert-solarisation-acceptation-creativite-73-jpg.webp\",\"width\":1000,\"height\":1000},{\"@type\":\"BreadcrumbList\",\"@id\":\"https:\/\/loiseauvert.fr\/produit\/solarisation-n73-elixir-vibratoire-pour-emergence-et-expression-des-potentiels\/#breadcrumb\",\"itemListElement\":[{\"@type\":\"ListItem\",\"position\":1,\"name\":\"Accueil\",\"item\":\"https:\/\/loiseauvert.fr\/\"},{\"@type\":\"ListItem\",\"position\":2,\"name\":\"Les Complexes\",\"item\":\"https:\/\/loiseauvert.fr\/categorie-produit\/les-complexes\/\"},{\"@type\":\"ListItem\",\"position\":3,\"name\":\"Cr\u00e9ativit\u00e9\"}]},{\"@type\":\"WebSite\",\"@id\":\"https:\/\/loiseauvert.fr\/#website\",\"url\":\"https:\/\/loiseauvert.fr\/\",\"name\":\"L&#039;Oiseau Vert\",\"description\":\"\",\"potentialAction\":[{\"@type\":\"SearchAction\",\"target\":{\"@type\":\"EntryPoint\",\"urlTemplate\":\"https:\/\/loiseauvert.fr\/?s={search_term_string}\"},\"query-input\":{\"@type\":\"PropertyValueSpecification\",\"valueRequired\":true,\"valueName\":\"search_term_string\"}}],\"inLanguage\":\"en-GB\"}]}<\/script>\n<!-- \/ Yoast SEO plugin. -->","yoast_head_json":{"title":"Creativity - The Green Bird","description":"Solarisation n\u00b073 \u2013 \u00c9lixir vibratoire pour soutenir l\u2019expression cr\u00e9ative, l\u2019\u00e9mergence des potentiels et l\u2019harmonisation \u00e9motionnelle au quotidien.","robots":{"index":"index","follow":"follow","max-snippet":"max-snippet:-1","max-image-preview":"max-image-preview:large","max-video-preview":"max-video-preview:-1"},"canonical":"https:\/\/loiseauvert.fr\/en\/product\/solarisation-n73-elixir-vibratoire-pour-emergence-et-expression-des-potentiels\/","og_locale":"en_GB","og_type":"article","og_title":"Cr\u00e9ativit\u00e9 - L&#039;Oiseau Vert","og_description":"Solarisation n\u00b073 \u2013 \u00c9lixir vibratoire pour soutenir l\u2019expression cr\u00e9ative, l\u2019\u00e9mergence des potentiels et l\u2019harmonisation \u00e9motionnelle au quotidien.","og_url":"https:\/\/loiseauvert.fr\/en\/product\/solarisation-n73-elixir-vibratoire-pour-emergence-et-expression-des-potentiels\/","og_site_name":"L&#039;Oiseau Vert","article_modified_time":"2026-03-25T20:27:03+00:00","og_image":[{"width":1000,"height":1000,"url":"https:\/\/loiseauvert.fr\/wp-content\/uploads\/2023\/05\/oiseau-vert-solarisation-acceptation-creativite-73-jpg.webp","type":"image\/jpeg"}],"twitter_card":"summary_large_image","twitter_misc":{"Estimated reading time":"1 minute"},"schema":{"@context":"https:\/\/schema.org","@graph":[{"@type":"WebPage","@id":"https:\/\/loiseauvert.fr\/produit\/solarisation-n73-elixir-vibratoire-pour-emergence-et-expression-des-potentiels\/","url":"https:\/\/loiseauvert.fr\/produit\/solarisation-n73-elixir-vibratoire-pour-emergence-et-expression-des-potentiels\/","name":"Creativity - The Green Bird","isPartOf":{"@id":"https:\/\/loiseauvert.fr\/#website"},"primaryImageOfPage":{"@id":"https:\/\/loiseauvert.fr\/produit\/solarisation-n73-elixir-vibratoire-pour-emergence-et-expression-des-potentiels\/#primaryimage"},"image":{"@id":"https:\/\/loiseauvert.fr\/produit\/solarisation-n73-elixir-vibratoire-pour-emergence-et-expression-des-potentiels\/#primaryimage"},"thumbnailUrl":"https:\/\/loiseauvert.fr\/wp-content\/uploads\/2023\/05\/oiseau-vert-solarisation-acceptation-creativite-73-jpg.webp","datePublished":"2023-05-19T09:52:40+00:00","dateModified":"2026-03-25T20:27:03+00:00","description":"Solarisation n\u00b073 \u2013 \u00c9lixir vibratoire pour soutenir l\u2019expression cr\u00e9ative, l\u2019\u00e9mergence des potentiels et l\u2019harmonisation \u00e9motionnelle au quotidien.","breadcrumb":{"@id":"https:\/\/loiseauvert.fr\/produit\/solarisation-n73-elixir-vibratoire-pour-emergence-et-expression-des-potentiels\/#breadcrumb"},"inLanguage":"en-GB","potentialAction":[{"@type":"ReadAction","target":["https:\/\/loiseauvert.fr\/produit\/solarisation-n73-elixir-vibratoire-pour-emergence-et-expression-des-potentiels\/"]}]},{"@type":"ImageObject","inLanguage":"en-GB","@id":"https:\/\/loiseauvert.fr\/produit\/solarisation-n73-elixir-vibratoire-pour-emergence-et-expression-des-potentiels\/#primaryimage","url":"https:\/\/loiseauvert.fr\/wp-content\/uploads\/2023\/05\/oiseau-vert-solarisation-acceptation-creativite-73-jpg.webp","contentUrl":"https:\/\/loiseauvert.fr\/wp-content\/uploads\/2023\/05\/oiseau-vert-solarisation-acceptation-creativite-73-jpg.webp","width":1000,"height":1000},{"@type":"BreadcrumbList","@id":"https:\/\/loiseauvert.fr\/produit\/solarisation-n73-elixir-vibratoire-pour-emergence-et-expression-des-potentiels\/#breadcrumb","itemListElement":[{"@type":"ListItem","position":1,"name":"Accueil","item":"https:\/\/loiseauvert.fr\/"},{"@type":"ListItem","position":2,"name":"Les Complexes","item":"https:\/\/loiseauvert.fr\/categorie-produit\/les-complexes\/"},{"@type":"ListItem","position":3,"name":"Cr\u00e9ativit\u00e9"}]},{"@type":"WebSite","@id":"https:\/\/loiseauvert.fr\/#website","url":"https:\/\/loiseauvert.fr\/","name":"The Green Bird","description":"","potentialAction":[{"@type":"SearchAction","target":{"@type":"EntryPoint","urlTemplate":"https:\/\/loiseauvert.fr\/?s={search_term_string}"},"query-input":{"@type":"PropertyValueSpecification","valueRequired":true,"valueName":"search_term_string"}}],"inLanguage":"en-GB"}]}},"batches":[{"id":"62","date_created":"2025-05-22 12:05:40","date_expiry":"2026-06-01 00:00:00","user_id":"8","batch_number":"73.24.018","location":"","quantity":"19.0000","quantity_available":"0.0000","units":"1","status":"archived","order_ids":"[14457,14718,14784,14955,15370,15395,15402,15413,15706,15739,15858,15890,15893,15928,15935,15949,16004,17400,17748,17837]"},{"id":"104","date_created":"2025-09-02 17:35:11","date_expiry":"2027-03-07 00:00:00","user_id":"8","batch_number":"73.25.019","location":"","quantity":"70.0000","quantity_available":"37.0000","units":"1","status":"active","order_ids":"[16137,16174,16195,16253,16399,16594,16625,16706,17026,17069,17128,18024,18030,18326,18418,18424,18458,18566,18572,18645,18746,18602]"}],"_links":{"self":[{"href":"https:\/\/loiseauvert.fr\/en\/wp-json\/wp\/v2\/product\/864","targetHints":{"allow":["GET"]}}],"collection":[{"href":"https:\/\/loiseauvert.fr\/en\/wp-json\/wp\/v2\/product"}],"about":[{"href":"https:\/\/loiseauvert.fr\/en\/wp-json\/wp\/v2\/types\/product"}],"wp:featuredmedia":[{"embeddable":true,"href":"https:\/\/loiseauvert.fr\/en\/wp-json\/wp\/v2\/media\/911"}],"wp:attachment":[{"href":"https:\/\/loiseauvert.fr\/en\/wp-json\/wp\/v2\/media?parent=864"}],"wp:term":[{"taxonomy":"product_brand","embeddable":true,"href":"https:\/\/loiseauvert.fr\/en\/wp-json\/wp\/v2\/product_brand?post=864"},{"taxonomy":"product_cat","embeddable":true,"href":"https:\/\/loiseauvert.fr\/en\/wp-json\/wp\/v2\/product_cat?post=864"},{"taxonomy":"product_tag","embeddable":true,"href":"https:\/\/loiseauvert.fr\/en\/wp-json\/wp\/v2\/product_tag?post=864"}],"curies":[{"name":"wp","href":"https:\/\/api.w.org\/{rel}","templated":true}]}}