{"id":863,"date":"2023-05-19T11:52:40","date_gmt":"2023-05-19T09:52:40","guid":{"rendered":"https:\/\/loiseauvert.fr\/?post_type=product&#038;p=863"},"modified":"2026-03-30T10:05:09","modified_gmt":"2026-03-30T08:05:09","slug":"coffret-solarmonie-elixir-vibratoire-pour-harmonisation-des-lieux-et-atmospheres","status":"publish","type":"product","link":"https:\/\/loiseauvert.fr\/en\/product\/coffret-solarmonie-elixir-vibratoire-pour-harmonisation-des-lieux-et-atmospheres\/","title":{"rendered":"Solarmonie Box"},"content":{"rendered":"<p data-start=\"192\" data-end=\"215\"><strong data-start=\"192\" data-end=\"215\">Produit sans alcool<\/strong><\/p>\n<p data-start=\"217\" data-end=\"496\">Solarmonie est une synergie issue des solarisations <em data-start=\"269\" data-end=\"278\">Protect<\/em>, <em data-start=\"280\" data-end=\"287\">Kouei<\/em> And <em data-start=\"291\" data-end=\"297\">Shen<\/em>, \u00e9labor\u00e9e selon un protocole pr\u00e9cis.<br data-start=\"334\" data-end=\"337\" \/>Elle accompagne l\u2019harmonisation vibratoire des lieux de vie et des environnements professionnels ou de passage (voyages, transports, h\u00f4tels, bureaux, stages\u2026).<\/p>\n<p data-start=\"498\" data-end=\"629\">Utilis\u00e9e en vaporisation, elle favorise une atmosph\u00e8re \u00e9quilibr\u00e9e et soutient une meilleure circulation des \u00e9nergies dans l\u2019espace.<\/p>\n<p data-start=\"636\" data-end=\"731\"><strong data-start=\"636\" data-end=\"658\">Solarmonie Box<\/strong><br data-start=\"658\" data-end=\"661\" \/>\u2013 1 flacon de 30 ml<br data-start=\"680\" data-end=\"683\" \/>\u2013 1 vaporisateur 12 ml (rempli, pr\u00eat \u00e0 l\u2019emploi)<\/p>","protected":false},"excerpt":{"rendered":"<p>Produit sans alcool Solarmonie est une synergie issue des solarisations Protect, Kouei et Shen, \u00e9labor\u00e9e selon un protocole pr\u00e9cis.Elle accompagne l\u2019harmonisation vibratoire des lieux de vie et des environnements professionnels ou de passage (voyages, transports, h\u00f4tels, bureaux, stages\u2026). Utilis\u00e9e en vaporisation, elle favorise une atmosph\u00e8re \u00e9quilibr\u00e9e et soutient une meilleure circulation des \u00e9nergies dans l\u2019espace. [&hellip;]<\/p>","protected":false},"featured_media":909,"template":"","meta":{"_acf_changed":false,"_glsr_average":0,"_glsr_ranking":0,"_glsr_reviews":0},"product_brand":[],"product_cat":[61],"product_tag":[],"class_list":{"0":"post-863","1":"product","2":"type-product","3":"status-publish","4":"has-post-thumbnail","6":"product_cat-coffrets","8":"first","9":"instock","10":"taxable","11":"shipping-taxable","12":"purchasable","13":"product-type-simple"},"supplier_id":null,"supplier_sku":"","barcode":null,"atum_controlled":true,"out_stock_date":null,"out_stock_threshold":null,"inheritable":false,"inbound_stock":null,"stock_on_hold":14,"sold_today":0,"sales_last_days":2,"reserved_stock":null,"customer_returns":null,"warehouse_damage":null,"lost_in_post":null,"other_logs":null,"out_stock_days":0,"lost_sales":0,"has_location":false,"update_date":"2026-04-06T10:18:20","atum_locations":[],"atum_stock_status":"instock","restock_status":false,"low_stock_amount":"","sales_update_date":"2026-04-06T10:18:20","calc_backorders":null,"acf":[],"yoast_head":"<!-- This site is optimized with the Yoast SEO plugin v26.9 - https:\/\/yoast.com\/product\/yoast-seo-wordpress\/ -->\n<title>Coffret Solarmonie - L&#039;Oiseau Vert<\/title>\n<meta name=\"description\" content=\"Solarmonie \u2013 \u00c9lixir vibratoire sans alcool pour harmoniser les lieux, cr\u00e9er une atmosph\u00e8re \u00e9quilibr\u00e9e et favoriser la circulation positive des \u00e9nergies.\" \/>\n<meta name=\"robots\" content=\"index, follow, max-snippet:-1, max-image-preview:large, max-video-preview:-1\" \/>\n<link rel=\"canonical\" href=\"https:\/\/loiseauvert.fr\/en\/product\/coffret-solarmonie-elixir-vibratoire-pour-harmonisation-des-lieux-et-atmospheres\/\" \/>\n<meta property=\"og:locale\" content=\"en_GB\" \/>\n<meta property=\"og:type\" content=\"article\" \/>\n<meta property=\"og:title\" content=\"Coffret Solarmonie - L&#039;Oiseau Vert\" \/>\n<meta property=\"og:description\" content=\"Solarmonie \u2013 \u00c9lixir vibratoire sans alcool pour harmoniser les lieux, cr\u00e9er une atmosph\u00e8re \u00e9quilibr\u00e9e et favoriser la circulation positive des \u00e9nergies.\" \/>\n<meta property=\"og:url\" content=\"https:\/\/loiseauvert.fr\/en\/product\/coffret-solarmonie-elixir-vibratoire-pour-harmonisation-des-lieux-et-atmospheres\/\" \/>\n<meta property=\"og:site_name\" content=\"L&#039;Oiseau Vert\" \/>\n<meta property=\"article:modified_time\" content=\"2026-03-30T08:05:09+00:00\" \/>\n<meta property=\"og:image\" content=\"https:\/\/loiseauvert.fr\/wp-content\/uploads\/2023\/05\/coffret-oiseau-vert-solarisations-solarmonie-jpg.webp\" \/>\n\t<meta property=\"og:image:width\" content=\"1000\" \/>\n\t<meta property=\"og:image:height\" content=\"1000\" \/>\n\t<meta property=\"og:image:type\" content=\"image\/jpeg\" \/>\n<meta name=\"twitter:card\" content=\"summary_large_image\" \/>\n<meta name=\"twitter:label1\" content=\"Estimated reading time\" \/>\n\t<meta name=\"twitter:data1\" content=\"1 minute\" \/>\n<script type=\"application\/ld+json\" class=\"yoast-schema-graph\">{\"@context\":\"https:\/\/schema.org\",\"@graph\":[{\"@type\":\"WebPage\",\"@id\":\"https:\/\/loiseauvert.fr\/produit\/coffret-solarmonie-elixir-vibratoire-pour-harmonisation-des-lieux-et-atmospheres\/\",\"url\":\"https:\/\/loiseauvert.fr\/produit\/coffret-solarmonie-elixir-vibratoire-pour-harmonisation-des-lieux-et-atmospheres\/\",\"name\":\"Coffret Solarmonie - L&#039;Oiseau Vert\",\"isPartOf\":{\"@id\":\"https:\/\/loiseauvert.fr\/#website\"},\"primaryImageOfPage\":{\"@id\":\"https:\/\/loiseauvert.fr\/produit\/coffret-solarmonie-elixir-vibratoire-pour-harmonisation-des-lieux-et-atmospheres\/#primaryimage\"},\"image\":{\"@id\":\"https:\/\/loiseauvert.fr\/produit\/coffret-solarmonie-elixir-vibratoire-pour-harmonisation-des-lieux-et-atmospheres\/#primaryimage\"},\"thumbnailUrl\":\"https:\/\/loiseauvert.fr\/wp-content\/uploads\/2023\/05\/coffret-oiseau-vert-solarisations-solarmonie-jpg.webp\",\"datePublished\":\"2023-05-19T09:52:40+00:00\",\"dateModified\":\"2026-03-30T08:05:09+00:00\",\"description\":\"Solarmonie \u2013 \u00c9lixir vibratoire sans alcool pour harmoniser les lieux, cr\u00e9er une atmosph\u00e8re \u00e9quilibr\u00e9e et favoriser la circulation positive des \u00e9nergies.\",\"breadcrumb\":{\"@id\":\"https:\/\/loiseauvert.fr\/produit\/coffret-solarmonie-elixir-vibratoire-pour-harmonisation-des-lieux-et-atmospheres\/#breadcrumb\"},\"inLanguage\":\"en-GB\",\"potentialAction\":[{\"@type\":\"ReadAction\",\"target\":[\"https:\/\/loiseauvert.fr\/produit\/coffret-solarmonie-elixir-vibratoire-pour-harmonisation-des-lieux-et-atmospheres\/\"]}]},{\"@type\":\"ImageObject\",\"inLanguage\":\"en-GB\",\"@id\":\"https:\/\/loiseauvert.fr\/produit\/coffret-solarmonie-elixir-vibratoire-pour-harmonisation-des-lieux-et-atmospheres\/#primaryimage\",\"url\":\"https:\/\/loiseauvert.fr\/wp-content\/uploads\/2023\/05\/coffret-oiseau-vert-solarisations-solarmonie-jpg.webp\",\"contentUrl\":\"https:\/\/loiseauvert.fr\/wp-content\/uploads\/2023\/05\/coffret-oiseau-vert-solarisations-solarmonie-jpg.webp\",\"width\":1000,\"height\":1000},{\"@type\":\"BreadcrumbList\",\"@id\":\"https:\/\/loiseauvert.fr\/produit\/coffret-solarmonie-elixir-vibratoire-pour-harmonisation-des-lieux-et-atmospheres\/#breadcrumb\",\"itemListElement\":[{\"@type\":\"ListItem\",\"position\":1,\"name\":\"Accueil\",\"item\":\"https:\/\/loiseauvert.fr\/\"},{\"@type\":\"ListItem\",\"position\":2,\"name\":\"Coffrets\",\"item\":\"https:\/\/loiseauvert.fr\/categorie-produit\/coffrets\/\"},{\"@type\":\"ListItem\",\"position\":3,\"name\":\"Coffret Solarmonie\"}]},{\"@type\":\"WebSite\",\"@id\":\"https:\/\/loiseauvert.fr\/#website\",\"url\":\"https:\/\/loiseauvert.fr\/\",\"name\":\"L&#039;Oiseau Vert\",\"description\":\"\",\"potentialAction\":[{\"@type\":\"SearchAction\",\"target\":{\"@type\":\"EntryPoint\",\"urlTemplate\":\"https:\/\/loiseauvert.fr\/?s={search_term_string}\"},\"query-input\":{\"@type\":\"PropertyValueSpecification\",\"valueRequired\":true,\"valueName\":\"search_term_string\"}}],\"inLanguage\":\"en-GB\"}]}<\/script>\n<!-- \/ Yoast SEO plugin. -->","yoast_head_json":{"title":"Solarmonie Box - The Green Bird","description":"Solarmonie \u2013 \u00c9lixir vibratoire sans alcool pour harmoniser les lieux, cr\u00e9er une atmosph\u00e8re \u00e9quilibr\u00e9e et favoriser la circulation positive des \u00e9nergies.","robots":{"index":"index","follow":"follow","max-snippet":"max-snippet:-1","max-image-preview":"max-image-preview:large","max-video-preview":"max-video-preview:-1"},"canonical":"https:\/\/loiseauvert.fr\/en\/product\/coffret-solarmonie-elixir-vibratoire-pour-harmonisation-des-lieux-et-atmospheres\/","og_locale":"en_GB","og_type":"article","og_title":"Coffret Solarmonie - L&#039;Oiseau Vert","og_description":"Solarmonie \u2013 \u00c9lixir vibratoire sans alcool pour harmoniser les lieux, cr\u00e9er une atmosph\u00e8re \u00e9quilibr\u00e9e et favoriser la circulation positive des \u00e9nergies.","og_url":"https:\/\/loiseauvert.fr\/en\/product\/coffret-solarmonie-elixir-vibratoire-pour-harmonisation-des-lieux-et-atmospheres\/","og_site_name":"L&#039;Oiseau Vert","article_modified_time":"2026-03-30T08:05:09+00:00","og_image":[{"width":1000,"height":1000,"url":"https:\/\/loiseauvert.fr\/wp-content\/uploads\/2023\/05\/coffret-oiseau-vert-solarisations-solarmonie-jpg.webp","type":"image\/jpeg"}],"twitter_card":"summary_large_image","twitter_misc":{"Estimated reading time":"1 minute"},"schema":{"@context":"https:\/\/schema.org","@graph":[{"@type":"WebPage","@id":"https:\/\/loiseauvert.fr\/produit\/coffret-solarmonie-elixir-vibratoire-pour-harmonisation-des-lieux-et-atmospheres\/","url":"https:\/\/loiseauvert.fr\/produit\/coffret-solarmonie-elixir-vibratoire-pour-harmonisation-des-lieux-et-atmospheres\/","name":"Solarmonie Box - The Green Bird","isPartOf":{"@id":"https:\/\/loiseauvert.fr\/#website"},"primaryImageOfPage":{"@id":"https:\/\/loiseauvert.fr\/produit\/coffret-solarmonie-elixir-vibratoire-pour-harmonisation-des-lieux-et-atmospheres\/#primaryimage"},"image":{"@id":"https:\/\/loiseauvert.fr\/produit\/coffret-solarmonie-elixir-vibratoire-pour-harmonisation-des-lieux-et-atmospheres\/#primaryimage"},"thumbnailUrl":"https:\/\/loiseauvert.fr\/wp-content\/uploads\/2023\/05\/coffret-oiseau-vert-solarisations-solarmonie-jpg.webp","datePublished":"2023-05-19T09:52:40+00:00","dateModified":"2026-03-30T08:05:09+00:00","description":"Solarmonie \u2013 \u00c9lixir vibratoire sans alcool pour harmoniser les lieux, cr\u00e9er une atmosph\u00e8re \u00e9quilibr\u00e9e et favoriser la circulation positive des \u00e9nergies.","breadcrumb":{"@id":"https:\/\/loiseauvert.fr\/produit\/coffret-solarmonie-elixir-vibratoire-pour-harmonisation-des-lieux-et-atmospheres\/#breadcrumb"},"inLanguage":"en-GB","potentialAction":[{"@type":"ReadAction","target":["https:\/\/loiseauvert.fr\/produit\/coffret-solarmonie-elixir-vibratoire-pour-harmonisation-des-lieux-et-atmospheres\/"]}]},{"@type":"ImageObject","inLanguage":"en-GB","@id":"https:\/\/loiseauvert.fr\/produit\/coffret-solarmonie-elixir-vibratoire-pour-harmonisation-des-lieux-et-atmospheres\/#primaryimage","url":"https:\/\/loiseauvert.fr\/wp-content\/uploads\/2023\/05\/coffret-oiseau-vert-solarisations-solarmonie-jpg.webp","contentUrl":"https:\/\/loiseauvert.fr\/wp-content\/uploads\/2023\/05\/coffret-oiseau-vert-solarisations-solarmonie-jpg.webp","width":1000,"height":1000},{"@type":"BreadcrumbList","@id":"https:\/\/loiseauvert.fr\/produit\/coffret-solarmonie-elixir-vibratoire-pour-harmonisation-des-lieux-et-atmospheres\/#breadcrumb","itemListElement":[{"@type":"ListItem","position":1,"name":"Accueil","item":"https:\/\/loiseauvert.fr\/"},{"@type":"ListItem","position":2,"name":"Coffrets","item":"https:\/\/loiseauvert.fr\/categorie-produit\/coffrets\/"},{"@type":"ListItem","position":3,"name":"Coffret Solarmonie"}]},{"@type":"WebSite","@id":"https:\/\/loiseauvert.fr\/#website","url":"https:\/\/loiseauvert.fr\/","name":"The Green Bird","description":"","potentialAction":[{"@type":"SearchAction","target":{"@type":"EntryPoint","urlTemplate":"https:\/\/loiseauvert.fr\/?s={search_term_string}"},"query-input":{"@type":"PropertyValueSpecification","valueRequired":true,"valueName":"search_term_string"}}],"inLanguage":"en-GB"}]}},"batches":[],"_links":{"self":[{"href":"https:\/\/loiseauvert.fr\/en\/wp-json\/wp\/v2\/product\/863","targetHints":{"allow":["GET"]}}],"collection":[{"href":"https:\/\/loiseauvert.fr\/en\/wp-json\/wp\/v2\/product"}],"about":[{"href":"https:\/\/loiseauvert.fr\/en\/wp-json\/wp\/v2\/types\/product"}],"wp:featuredmedia":[{"embeddable":true,"href":"https:\/\/loiseauvert.fr\/en\/wp-json\/wp\/v2\/media\/909"}],"wp:attachment":[{"href":"https:\/\/loiseauvert.fr\/en\/wp-json\/wp\/v2\/media?parent=863"}],"wp:term":[{"taxonomy":"product_brand","embeddable":true,"href":"https:\/\/loiseauvert.fr\/en\/wp-json\/wp\/v2\/product_brand?post=863"},{"taxonomy":"product_cat","embeddable":true,"href":"https:\/\/loiseauvert.fr\/en\/wp-json\/wp\/v2\/product_cat?post=863"},{"taxonomy":"product_tag","embeddable":true,"href":"https:\/\/loiseauvert.fr\/en\/wp-json\/wp\/v2\/product_tag?post=863"}],"curies":[{"name":"wp","href":"https:\/\/api.w.org\/{rel}","templated":true}]}}