{"id":849,"date":"2023-05-19T11:51:50","date_gmt":"2023-05-19T09:51:50","guid":{"rendered":"https:\/\/loiseauvert.fr\/?post_type=product&#038;p=849"},"modified":"2026-04-14T16:13:55","modified_gmt":"2026-04-14T14:13:55","slug":"solarisation-n3-elixir-vibratoire-pour-liberte-interieure-et-confiance-en-soi","status":"publish","type":"product","link":"https:\/\/loiseauvert.fr\/en\/product\/solarisation-n3-elixir-vibratoire-pour-liberte-interieure-et-confiance-en-soi\/","title":{"rendered":"Ti Zelia 3"},"content":{"rendered":"<h3>Solarization n\u00b0 3<\/h3>\n<p><strong>\u00ab\u00a0Je me sens libre et j\u2019ai la capacit\u00e9 d\u2019agir\u00a0\u00bb<\/strong><\/p>\n<ul>\n<li data-start=\"204\" data-end=\"433\">Accompagne les p\u00e9riodes de surcharge \u00e9motionnelle et mentale.<\/li>\n<li data-start=\"204\" data-end=\"433\">Soutient le rel\u00e2chement des tensions li\u00e9es au sentiment d\u2019inf\u00e9riorit\u00e9, \u00e0 la difficult\u00e9 \u00e0 poser ses limites ou \u00e0 l\u2019inqui\u00e9tude face \u00e0 l\u2019avenir.<\/li>\n<li data-start=\"204\" data-end=\"433\"><span style=\"font-family: inherit;\">Favorise un retour \u00e0 la l\u00e9g\u00e8ret\u00e9, \u00e0 la spontan\u00e9it\u00e9 et \u00e0 une vision plus confiante de la vie.<\/span><\/li>\n<\/ul>\n<p data-start=\"435\" data-end=\"648\">","protected":false},"excerpt":{"rendered":"<p data-start=\"86\" data-end=\"133\">Soutient l\u2019\u00e9lan naturel d\u2019agir avec confiance et authenticit\u00e9, pour soi-m\u00eame comme dans la relation aux autres.<br data-start=\"265\" data-end=\"268\" \/>Accompagne l\u2019expression d\u2019une \u00e9nergie vivante, joyeuse et ouverte \u00e0 l\u2019action.<\/p>","protected":false},"featured_media":860,"template":"","meta":{"_acf_changed":false,"_glsr_average":0,"_glsr_ranking":0,"_glsr_reviews":0},"product_brand":[],"product_cat":[66],"product_tag":[],"class_list":{"0":"post-849","1":"product","2":"type-product","3":"status-publish","4":"has-post-thumbnail","6":"product_cat-les-ti-zelia","8":"first","9":"instock","10":"taxable","11":"shipping-taxable","12":"purchasable","13":"product-type-simple"},"supplier_id":null,"supplier_sku":"","barcode":null,"atum_controlled":true,"out_stock_date":null,"out_stock_threshold":null,"inheritable":false,"inbound_stock":null,"stock_on_hold":0,"sold_today":0,"sales_last_days":1,"reserved_stock":null,"customer_returns":null,"warehouse_damage":null,"lost_in_post":null,"other_logs":null,"out_stock_days":0,"lost_sales":0,"has_location":false,"update_date":"2026-04-17T10:17:33","atum_locations":[],"atum_stock_status":"instock","restock_status":false,"low_stock_amount":"","sales_update_date":"2026-04-17T10:17:33","calc_backorders":null,"acf":[],"yoast_head":"<!-- This site is optimized with the Yoast SEO plugin v26.9 - https:\/\/yoast.com\/product\/yoast-seo-wordpress\/ -->\n<title>Ti Z\u00e9lia 3 - L&#039;Oiseau Vert<\/title>\n<meta name=\"description\" content=\"Solarisation n\u00b03 \u2013 \u00c9lixir vibratoire pour retrouver libert\u00e9 int\u00e9rieure, confiance en soi et l\u00e9g\u00e8ret\u00e9, tout en rel\u00e2chant tensions et inqui\u00e9tudes.\" \/>\n<meta name=\"robots\" content=\"index, follow, max-snippet:-1, max-image-preview:large, max-video-preview:-1\" \/>\n<link rel=\"canonical\" href=\"https:\/\/loiseauvert.fr\/en\/product\/solarisation-n3-elixir-vibratoire-pour-liberte-interieure-et-confiance-en-soi\/\" \/>\n<meta property=\"og:locale\" content=\"en_GB\" \/>\n<meta property=\"og:type\" content=\"article\" \/>\n<meta property=\"og:title\" content=\"Ti Z\u00e9lia 3 - L&#039;Oiseau Vert\" \/>\n<meta property=\"og:description\" content=\"Solarisation n\u00b03 \u2013 \u00c9lixir vibratoire pour retrouver libert\u00e9 int\u00e9rieure, confiance en soi et l\u00e9g\u00e8ret\u00e9, tout en rel\u00e2chant tensions et inqui\u00e9tudes.\" \/>\n<meta property=\"og:url\" content=\"https:\/\/loiseauvert.fr\/en\/product\/solarisation-n3-elixir-vibratoire-pour-liberte-interieure-et-confiance-en-soi\/\" \/>\n<meta property=\"og:site_name\" content=\"L&#039;Oiseau Vert\" \/>\n<meta property=\"article:modified_time\" content=\"2026-04-14T14:13:55+00:00\" \/>\n<meta property=\"og:image\" content=\"https:\/\/loiseauvert.fr\/wp-content\/uploads\/2023\/05\/tizelia-3-jpg.webp\" \/>\n\t<meta property=\"og:image:width\" content=\"2000\" \/>\n\t<meta property=\"og:image:height\" content=\"2000\" \/>\n\t<meta property=\"og:image:type\" content=\"image\/jpeg\" \/>\n<meta name=\"twitter:card\" content=\"summary_large_image\" \/>\n<meta name=\"twitter:label1\" content=\"Estimated reading time\" \/>\n\t<meta name=\"twitter:data1\" content=\"1 minute\" \/>\n<script type=\"application\/ld+json\" class=\"yoast-schema-graph\">{\"@context\":\"https:\/\/schema.org\",\"@graph\":[{\"@type\":\"WebPage\",\"@id\":\"https:\/\/loiseauvert.fr\/produit\/solarisation-n3-elixir-vibratoire-pour-liberte-interieure-et-confiance-en-soi\/\",\"url\":\"https:\/\/loiseauvert.fr\/produit\/solarisation-n3-elixir-vibratoire-pour-liberte-interieure-et-confiance-en-soi\/\",\"name\":\"Ti Z\u00e9lia 3 - L&#039;Oiseau Vert\",\"isPartOf\":{\"@id\":\"https:\/\/loiseauvert.fr\/#website\"},\"primaryImageOfPage\":{\"@id\":\"https:\/\/loiseauvert.fr\/produit\/solarisation-n3-elixir-vibratoire-pour-liberte-interieure-et-confiance-en-soi\/#primaryimage\"},\"image\":{\"@id\":\"https:\/\/loiseauvert.fr\/produit\/solarisation-n3-elixir-vibratoire-pour-liberte-interieure-et-confiance-en-soi\/#primaryimage\"},\"thumbnailUrl\":\"https:\/\/loiseauvert.fr\/wp-content\/uploads\/2023\/05\/tizelia-3-jpg.webp\",\"datePublished\":\"2023-05-19T09:51:50+00:00\",\"dateModified\":\"2026-04-14T14:13:55+00:00\",\"description\":\"Solarisation n\u00b03 \u2013 \u00c9lixir vibratoire pour retrouver libert\u00e9 int\u00e9rieure, confiance en soi et l\u00e9g\u00e8ret\u00e9, tout en rel\u00e2chant tensions et inqui\u00e9tudes.\",\"breadcrumb\":{\"@id\":\"https:\/\/loiseauvert.fr\/produit\/solarisation-n3-elixir-vibratoire-pour-liberte-interieure-et-confiance-en-soi\/#breadcrumb\"},\"inLanguage\":\"en-GB\",\"potentialAction\":[{\"@type\":\"ReadAction\",\"target\":[\"https:\/\/loiseauvert.fr\/produit\/solarisation-n3-elixir-vibratoire-pour-liberte-interieure-et-confiance-en-soi\/\"]}]},{\"@type\":\"ImageObject\",\"inLanguage\":\"en-GB\",\"@id\":\"https:\/\/loiseauvert.fr\/produit\/solarisation-n3-elixir-vibratoire-pour-liberte-interieure-et-confiance-en-soi\/#primaryimage\",\"url\":\"https:\/\/loiseauvert.fr\/wp-content\/uploads\/2023\/05\/tizelia-3-jpg.webp\",\"contentUrl\":\"https:\/\/loiseauvert.fr\/wp-content\/uploads\/2023\/05\/tizelia-3-jpg.webp\",\"width\":2000,\"height\":2000},{\"@type\":\"BreadcrumbList\",\"@id\":\"https:\/\/loiseauvert.fr\/produit\/solarisation-n3-elixir-vibratoire-pour-liberte-interieure-et-confiance-en-soi\/#breadcrumb\",\"itemListElement\":[{\"@type\":\"ListItem\",\"position\":1,\"name\":\"Accueil\",\"item\":\"https:\/\/loiseauvert.fr\/\"},{\"@type\":\"ListItem\",\"position\":2,\"name\":\"Les Ti Z\u00e9lia\",\"item\":\"https:\/\/loiseauvert.fr\/categorie-produit\/les-ti-zelia\/\"},{\"@type\":\"ListItem\",\"position\":3,\"name\":\"Ti Z\u00e9lia 3\"}]},{\"@type\":\"WebSite\",\"@id\":\"https:\/\/loiseauvert.fr\/#website\",\"url\":\"https:\/\/loiseauvert.fr\/\",\"name\":\"L&#039;Oiseau Vert\",\"description\":\"\",\"potentialAction\":[{\"@type\":\"SearchAction\",\"target\":{\"@type\":\"EntryPoint\",\"urlTemplate\":\"https:\/\/loiseauvert.fr\/?s={search_term_string}\"},\"query-input\":{\"@type\":\"PropertyValueSpecification\",\"valueRequired\":true,\"valueName\":\"search_term_string\"}}],\"inLanguage\":\"en-GB\"}]}<\/script>\n<!-- \/ Yoast SEO plugin. -->","yoast_head_json":{"title":"Ti Z\u00e9lia 3 - L&#039;Green Bird","description":"Solarisation n\u00b03 \u2013 \u00c9lixir vibratoire pour retrouver libert\u00e9 int\u00e9rieure, confiance en soi et l\u00e9g\u00e8ret\u00e9, tout en rel\u00e2chant tensions et inqui\u00e9tudes.","robots":{"index":"index","follow":"follow","max-snippet":"max-snippet:-1","max-image-preview":"max-image-preview:large","max-video-preview":"max-video-preview:-1"},"canonical":"https:\/\/loiseauvert.fr\/en\/product\/solarisation-n3-elixir-vibratoire-pour-liberte-interieure-et-confiance-en-soi\/","og_locale":"en_GB","og_type":"article","og_title":"Ti Z\u00e9lia 3 - L&#039;Oiseau Vert","og_description":"Solarisation n\u00b03 \u2013 \u00c9lixir vibratoire pour retrouver libert\u00e9 int\u00e9rieure, confiance en soi et l\u00e9g\u00e8ret\u00e9, tout en rel\u00e2chant tensions et inqui\u00e9tudes.","og_url":"https:\/\/loiseauvert.fr\/en\/product\/solarisation-n3-elixir-vibratoire-pour-liberte-interieure-et-confiance-en-soi\/","og_site_name":"L&#039;Oiseau Vert","article_modified_time":"2026-04-14T14:13:55+00:00","og_image":[{"width":2000,"height":2000,"url":"https:\/\/loiseauvert.fr\/wp-content\/uploads\/2023\/05\/tizelia-3-jpg.webp","type":"image\/jpeg"}],"twitter_card":"summary_large_image","twitter_misc":{"Estimated reading time":"1 minute"},"schema":{"@context":"https:\/\/schema.org","@graph":[{"@type":"WebPage","@id":"https:\/\/loiseauvert.fr\/produit\/solarisation-n3-elixir-vibratoire-pour-liberte-interieure-et-confiance-en-soi\/","url":"https:\/\/loiseauvert.fr\/produit\/solarisation-n3-elixir-vibratoire-pour-liberte-interieure-et-confiance-en-soi\/","name":"Ti Z\u00e9lia 3 - L&#039;Green Bird","isPartOf":{"@id":"https:\/\/loiseauvert.fr\/#website"},"primaryImageOfPage":{"@id":"https:\/\/loiseauvert.fr\/produit\/solarisation-n3-elixir-vibratoire-pour-liberte-interieure-et-confiance-en-soi\/#primaryimage"},"image":{"@id":"https:\/\/loiseauvert.fr\/produit\/solarisation-n3-elixir-vibratoire-pour-liberte-interieure-et-confiance-en-soi\/#primaryimage"},"thumbnailUrl":"https:\/\/loiseauvert.fr\/wp-content\/uploads\/2023\/05\/tizelia-3-jpg.webp","datePublished":"2023-05-19T09:51:50+00:00","dateModified":"2026-04-14T14:13:55+00:00","description":"Solarisation n\u00b03 \u2013 \u00c9lixir vibratoire pour retrouver libert\u00e9 int\u00e9rieure, confiance en soi et l\u00e9g\u00e8ret\u00e9, tout en rel\u00e2chant tensions et inqui\u00e9tudes.","breadcrumb":{"@id":"https:\/\/loiseauvert.fr\/produit\/solarisation-n3-elixir-vibratoire-pour-liberte-interieure-et-confiance-en-soi\/#breadcrumb"},"inLanguage":"en-GB","potentialAction":[{"@type":"ReadAction","target":["https:\/\/loiseauvert.fr\/produit\/solarisation-n3-elixir-vibratoire-pour-liberte-interieure-et-confiance-en-soi\/"]}]},{"@type":"ImageObject","inLanguage":"en-GB","@id":"https:\/\/loiseauvert.fr\/produit\/solarisation-n3-elixir-vibratoire-pour-liberte-interieure-et-confiance-en-soi\/#primaryimage","url":"https:\/\/loiseauvert.fr\/wp-content\/uploads\/2023\/05\/tizelia-3-jpg.webp","contentUrl":"https:\/\/loiseauvert.fr\/wp-content\/uploads\/2023\/05\/tizelia-3-jpg.webp","width":2000,"height":2000},{"@type":"BreadcrumbList","@id":"https:\/\/loiseauvert.fr\/produit\/solarisation-n3-elixir-vibratoire-pour-liberte-interieure-et-confiance-en-soi\/#breadcrumb","itemListElement":[{"@type":"ListItem","position":1,"name":"Accueil","item":"https:\/\/loiseauvert.fr\/"},{"@type":"ListItem","position":2,"name":"Les Ti Z\u00e9lia","item":"https:\/\/loiseauvert.fr\/categorie-produit\/les-ti-zelia\/"},{"@type":"ListItem","position":3,"name":"Ti Z\u00e9lia 3"}]},{"@type":"WebSite","@id":"https:\/\/loiseauvert.fr\/#website","url":"https:\/\/loiseauvert.fr\/","name":"The Green Bird","description":"","potentialAction":[{"@type":"SearchAction","target":{"@type":"EntryPoint","urlTemplate":"https:\/\/loiseauvert.fr\/?s={search_term_string}"},"query-input":{"@type":"PropertyValueSpecification","valueRequired":true,"valueName":"search_term_string"}}],"inLanguage":"en-GB"}]}},"batches":[{"id":"7","date_created":"2025-05-22 10:22:28","date_expiry":"2026-11-01 00:00:00","user_id":"8","batch_number":"03.24.058","location":"","quantity":"66.0000","quantity_available":"0.0000","units":"1","status":"archived","order_ids":"[13868,13883,14128,14428,14433,14499,14503,14589,14652,14672,14699,14804,14828,14843,14846,14852,14898,14908,14934,14988,15032,15067,15113,15115,15181,15240,15296,15297,15320,15414,15440,15494]"},{"id":"119","date_created":"2025-10-10 16:15:34","date_expiry":"2027-10-01 00:00:00","user_id":"0","batch_number":"03.25.060","location":"","quantity":"67.0000","quantity_available":"32.0000","units":"1","status":"active","order_ids":"[16238,16304,16493,16531,16553,16571,16649,16809,16840,16849,16938,17001,17027,17064,12561,17174,17197,17202,17267,17293,17748,17782,18032,18036,18115,18328,18502,18548,18591,18663,18602,19026]"}],"_links":{"self":[{"href":"https:\/\/loiseauvert.fr\/en\/wp-json\/wp\/v2\/product\/849","targetHints":{"allow":["GET"]}}],"collection":[{"href":"https:\/\/loiseauvert.fr\/en\/wp-json\/wp\/v2\/product"}],"about":[{"href":"https:\/\/loiseauvert.fr\/en\/wp-json\/wp\/v2\/types\/product"}],"wp:featuredmedia":[{"embeddable":true,"href":"https:\/\/loiseauvert.fr\/en\/wp-json\/wp\/v2\/media\/860"}],"wp:attachment":[{"href":"https:\/\/loiseauvert.fr\/en\/wp-json\/wp\/v2\/media?parent=849"}],"wp:term":[{"taxonomy":"product_brand","embeddable":true,"href":"https:\/\/loiseauvert.fr\/en\/wp-json\/wp\/v2\/product_brand?post=849"},{"taxonomy":"product_cat","embeddable":true,"href":"https:\/\/loiseauvert.fr\/en\/wp-json\/wp\/v2\/product_cat?post=849"},{"taxonomy":"product_tag","embeddable":true,"href":"https:\/\/loiseauvert.fr\/en\/wp-json\/wp\/v2\/product_tag?post=849"}],"curies":[{"name":"wp","href":"https:\/\/api.w.org\/{rel}","templated":true}]}}