{"id":8064,"date":"2024-01-11T11:03:18","date_gmt":"2024-01-11T10:03:18","guid":{"rendered":"https:\/\/loiseauvert.fr\/?post_type=product&#038;p=8064"},"modified":"2026-04-08T15:19:52","modified_gmt":"2026-04-08T13:19:52","slug":"solarmonia-2","status":"publish","type":"product","link":"https:\/\/loiseauvert.fr\/en\/product\/solarmonia-2\/","title":{"rendered":"Solarmonie 100ml"},"content":{"rendered":"<h3>Solarisation n\u00b0 68 (Flacon pulv\u00e9risateur de 100 ml)<\/h3>\n<p><strong>\u00ab\u00a0Circulation harmonieuse des \u00e9nergies et \u00e9l\u00e9vation vibratoire des lieux\u00a0\u00bb<\/strong><\/p>\n<p><strong>SOLARMONY<\/strong> was born from the assembly of solarizations <strong>Protect<\/strong> , <strong>Kouei<\/strong> And <strong>Shen<\/strong>, following a very specific protocol.<\/p>\n<p><strong>SOLARMONY<\/strong> raises the vibratory rate, promotes a better circulation of energies, cleanses vibration and restores the Yin and Yang circuits.<br \/>\nEffective for harmonizing living spaces or when traveling (travel, train, hotel, etc.), <strong>SOLARMONY<\/strong> is also recommended in workplaces (offices, conferences, internships, etc.)<\/p>\n<ul>\n<li>\n<p data-start=\"301\" data-end=\"491\"><strong data-start=\"301\" data-end=\"491\">Aide \u00e0 purifier l\u2019atmosph\u00e8re et \u00e0 cr\u00e9er une sensation d\u2019\u00e9quilibre \u00e9nerg\u00e9tique pour les personnes et les lieux.<\/strong><\/p>\n<\/li>\n<li>\n<p data-start=\"301\" data-end=\"491\"><strong data-start=\"301\" data-end=\"491\">Favorise une ambiance propice \u00e0 une meilleure circulation des \u00e9nergies.\u00a0\u00bb<\/strong><\/p>\n<\/li>\n<\/ul>","protected":false},"excerpt":{"rendered":"<p>Accompagne le nettoyage \u00e9nerg\u00e9tique et le r\u00e9\u00e9quilibrage des espaces et des personnes.<\/p>","protected":false},"featured_media":8065,"template":"","meta":{"_acf_changed":false,"_glsr_average":0,"_glsr_ranking":0,"_glsr_reviews":0},"product_brand":[],"product_cat":[59],"product_tag":[],"class_list":{"0":"post-8064","1":"product","2":"type-product","3":"status-publish","4":"has-post-thumbnail","6":"product_cat-les-complexes","8":"first","9":"instock","10":"taxable","11":"shipping-taxable","12":"purchasable","13":"product-type-simple"},"supplier_id":null,"supplier_sku":"","barcode":null,"atum_controlled":true,"out_stock_date":null,"out_stock_threshold":null,"inheritable":false,"inbound_stock":0,"stock_on_hold":22,"sold_today":0,"sales_last_days":3,"reserved_stock":0,"customer_returns":0,"warehouse_damage":0,"lost_in_post":0,"other_logs":0,"out_stock_days":0,"lost_sales":0,"has_location":false,"update_date":"2026-04-09T16:13:11","atum_locations":[],"atum_stock_status":"instock","restock_status":false,"low_stock_amount":"","sales_update_date":"2026-04-09T16:13:11","calc_backorders":null,"acf":[],"yoast_head":"<!-- This site is optimized with the Yoast SEO plugin v26.9 - https:\/\/yoast.com\/product\/yoast-seo-wordpress\/ -->\n<title>Solarmonie 100ml - L&#039;Oiseau Vert<\/title>\n<meta name=\"description\" content=\"Solarisation Solarmonie L&#039;Oiseau Vert -Pollutions vibratoires et environnementales; Pr\u00e9sence d\u2019entit\u00e9s. Interf\u00e9rence avec le sommeil et le repos . Magie.\" \/>\n<meta name=\"robots\" content=\"index, follow, max-snippet:-1, max-image-preview:large, max-video-preview:-1\" \/>\n<link rel=\"canonical\" href=\"https:\/\/loiseauvert.fr\/en\/product\/solarmonia-2\/\" \/>\n<meta property=\"og:locale\" content=\"en_GB\" \/>\n<meta property=\"og:type\" content=\"article\" \/>\n<meta property=\"og:title\" content=\"Solarmonie 100ml - L&#039;Oiseau Vert\" \/>\n<meta property=\"og:description\" content=\"Solarisation Solarmonie L&#039;Oiseau Vert -Pollutions vibratoires et environnementales; Pr\u00e9sence d\u2019entit\u00e9s. Interf\u00e9rence avec le sommeil et le repos . Magie.\" \/>\n<meta property=\"og:url\" content=\"https:\/\/loiseauvert.fr\/en\/product\/solarmonia-2\/\" \/>\n<meta property=\"og:site_name\" content=\"L&#039;Oiseau Vert\" \/>\n<meta property=\"article:modified_time\" content=\"2026-04-08T13:19:52+00:00\" \/>\n<meta property=\"og:image\" content=\"https:\/\/loiseauvert.fr\/wp-content\/uploads\/2024\/01\/SOLARM100ML-scaled.webp\" \/>\n\t<meta property=\"og:image:width\" content=\"2517\" \/>\n\t<meta property=\"og:image:height\" content=\"2560\" \/>\n\t<meta property=\"og:image:type\" content=\"image\/jpeg\" \/>\n<meta name=\"twitter:card\" content=\"summary_large_image\" \/>\n<meta name=\"twitter:label1\" content=\"Estimated reading time\" \/>\n\t<meta name=\"twitter:data1\" content=\"1 minute\" \/>\n<script type=\"application\/ld+json\" class=\"yoast-schema-graph\">{\"@context\":\"https:\/\/schema.org\",\"@graph\":[{\"@type\":\"WebPage\",\"@id\":\"https:\/\/loiseauvert.fr\/produit\/solarmonie-100ml\/\",\"url\":\"https:\/\/loiseauvert.fr\/produit\/solarmonie-100ml\/\",\"name\":\"Solarmonie 100ml - L&#039;Oiseau Vert\",\"isPartOf\":{\"@id\":\"https:\/\/loiseauvert.fr\/#website\"},\"primaryImageOfPage\":{\"@id\":\"https:\/\/loiseauvert.fr\/produit\/solarmonie-100ml\/#primaryimage\"},\"image\":{\"@id\":\"https:\/\/loiseauvert.fr\/produit\/solarmonie-100ml\/#primaryimage\"},\"thumbnailUrl\":\"https:\/\/loiseauvert.fr\/wp-content\/uploads\/2024\/01\/SOLARM100ML-scaled.webp\",\"datePublished\":\"2024-01-11T10:03:18+00:00\",\"dateModified\":\"2026-04-08T13:19:52+00:00\",\"description\":\"Solarisation Solarmonie L'Oiseau Vert -Pollutions vibratoires et environnementales; Pr\u00e9sence d\u2019entit\u00e9s. Interf\u00e9rence avec le sommeil et le repos . Magie.\",\"breadcrumb\":{\"@id\":\"https:\/\/loiseauvert.fr\/produit\/solarmonie-100ml\/#breadcrumb\"},\"inLanguage\":\"en-GB\",\"potentialAction\":[{\"@type\":\"ReadAction\",\"target\":[\"https:\/\/loiseauvert.fr\/produit\/solarmonie-100ml\/\"]}]},{\"@type\":\"ImageObject\",\"inLanguage\":\"en-GB\",\"@id\":\"https:\/\/loiseauvert.fr\/produit\/solarmonie-100ml\/#primaryimage\",\"url\":\"https:\/\/loiseauvert.fr\/wp-content\/uploads\/2024\/01\/SOLARM100ML-scaled.webp\",\"contentUrl\":\"https:\/\/loiseauvert.fr\/wp-content\/uploads\/2024\/01\/SOLARM100ML-scaled.webp\",\"width\":2517,\"height\":2560,\"caption\":\"OLYMPUS DIGITAL CAMERA\"},{\"@type\":\"BreadcrumbList\",\"@id\":\"https:\/\/loiseauvert.fr\/produit\/solarmonie-100ml\/#breadcrumb\",\"itemListElement\":[{\"@type\":\"ListItem\",\"position\":1,\"name\":\"Accueil\",\"item\":\"https:\/\/loiseauvert.fr\/\"},{\"@type\":\"ListItem\",\"position\":2,\"name\":\"Les Complexes\",\"item\":\"https:\/\/loiseauvert.fr\/categorie-produit\/les-complexes\/\"},{\"@type\":\"ListItem\",\"position\":3,\"name\":\"Solarmonie 100ml\"}]},{\"@type\":\"WebSite\",\"@id\":\"https:\/\/loiseauvert.fr\/#website\",\"url\":\"https:\/\/loiseauvert.fr\/\",\"name\":\"L&#039;Oiseau Vert\",\"description\":\"\",\"potentialAction\":[{\"@type\":\"SearchAction\",\"target\":{\"@type\":\"EntryPoint\",\"urlTemplate\":\"https:\/\/loiseauvert.fr\/?s={search_term_string}\"},\"query-input\":{\"@type\":\"PropertyValueSpecification\",\"valueRequired\":true,\"valueName\":\"search_term_string\"}}],\"inLanguage\":\"en-GB\"}]}<\/script>\n<!-- \/ Yoast SEO plugin. -->","yoast_head_json":{"title":"Solarmonie 100ml - L&#039;Oiseau Vert","description":"Solarisation Solarmonie L'Oiseau Vert -Pollutions vibratoires et environnementales; Pr\u00e9sence d\u2019entit\u00e9s. Interf\u00e9rence avec le sommeil et le repos . Magie.","robots":{"index":"index","follow":"follow","max-snippet":"max-snippet:-1","max-image-preview":"max-image-preview:large","max-video-preview":"max-video-preview:-1"},"canonical":"https:\/\/loiseauvert.fr\/en\/product\/solarmonia-2\/","og_locale":"en_GB","og_type":"article","og_title":"Solarmonie 100ml - L&#039;Oiseau Vert","og_description":"Solarisation Solarmonie L'Oiseau Vert -Pollutions vibratoires et environnementales; Pr\u00e9sence d\u2019entit\u00e9s. Interf\u00e9rence avec le sommeil et le repos . Magie.","og_url":"https:\/\/loiseauvert.fr\/en\/product\/solarmonia-2\/","og_site_name":"L&#039;Oiseau Vert","article_modified_time":"2026-04-08T13:19:52+00:00","og_image":[{"width":2517,"height":2560,"url":"https:\/\/loiseauvert.fr\/wp-content\/uploads\/2024\/01\/SOLARM100ML-scaled.webp","type":"image\/jpeg"}],"twitter_card":"summary_large_image","twitter_misc":{"Estimated reading time":"1 minute"},"schema":{"@context":"https:\/\/schema.org","@graph":[{"@type":"WebPage","@id":"https:\/\/loiseauvert.fr\/produit\/solarmonie-100ml\/","url":"https:\/\/loiseauvert.fr\/produit\/solarmonie-100ml\/","name":"Solarmonie 100ml - L&#039;Oiseau Vert","isPartOf":{"@id":"https:\/\/loiseauvert.fr\/#website"},"primaryImageOfPage":{"@id":"https:\/\/loiseauvert.fr\/produit\/solarmonie-100ml\/#primaryimage"},"image":{"@id":"https:\/\/loiseauvert.fr\/produit\/solarmonie-100ml\/#primaryimage"},"thumbnailUrl":"https:\/\/loiseauvert.fr\/wp-content\/uploads\/2024\/01\/SOLARM100ML-scaled.webp","datePublished":"2024-01-11T10:03:18+00:00","dateModified":"2026-04-08T13:19:52+00:00","description":"Solarisation Solarmonie L'Oiseau Vert -Pollutions vibratoires et environnementales; Pr\u00e9sence d\u2019entit\u00e9s. Interf\u00e9rence avec le sommeil et le repos . Magie.","breadcrumb":{"@id":"https:\/\/loiseauvert.fr\/produit\/solarmonie-100ml\/#breadcrumb"},"inLanguage":"en-GB","potentialAction":[{"@type":"ReadAction","target":["https:\/\/loiseauvert.fr\/produit\/solarmonie-100ml\/"]}]},{"@type":"ImageObject","inLanguage":"en-GB","@id":"https:\/\/loiseauvert.fr\/produit\/solarmonie-100ml\/#primaryimage","url":"https:\/\/loiseauvert.fr\/wp-content\/uploads\/2024\/01\/SOLARM100ML-scaled.webp","contentUrl":"https:\/\/loiseauvert.fr\/wp-content\/uploads\/2024\/01\/SOLARM100ML-scaled.webp","width":2517,"height":2560,"caption":"OLYMPUS DIGITAL CAMERA"},{"@type":"BreadcrumbList","@id":"https:\/\/loiseauvert.fr\/produit\/solarmonie-100ml\/#breadcrumb","itemListElement":[{"@type":"ListItem","position":1,"name":"Accueil","item":"https:\/\/loiseauvert.fr\/"},{"@type":"ListItem","position":2,"name":"Les Complexes","item":"https:\/\/loiseauvert.fr\/categorie-produit\/les-complexes\/"},{"@type":"ListItem","position":3,"name":"Solarmonie 100ml"}]},{"@type":"WebSite","@id":"https:\/\/loiseauvert.fr\/#website","url":"https:\/\/loiseauvert.fr\/","name":"The Green Bird","description":"","potentialAction":[{"@type":"SearchAction","target":{"@type":"EntryPoint","urlTemplate":"https:\/\/loiseauvert.fr\/?s={search_term_string}"},"query-input":{"@type":"PropertyValueSpecification","valueRequired":true,"valueName":"search_term_string"}}],"inLanguage":"en-GB"}]}},"batches":[{"id":"59","date_created":"2025-05-22 12:02:53","date_expiry":"2027-05-01 00:00:00","user_id":"8","batch_number":"68\/100.25.14","location":"","quantity":"10.0000","quantity_available":"0.0000","units":"1","status":"archived","order_ids":"[14459,14490,14646,14707]"},{"id":"70","date_created":"2025-06-06 14:32:12","date_expiry":"2027-06-01 00:00:00","user_id":"8","batch_number":"68\/100.25.15","location":"","quantity":"10.0000","quantity_available":"0.0000","units":"1","status":"archived","order_ids":"[14707,14779,14784]"},{"id":"77","date_created":"2025-06-26 09:57:16","date_expiry":"2027-06-01 00:00:00","user_id":"8","batch_number":"68\/100.25.015","location":"","quantity":"20.0000","quantity_available":"0.0000","units":"1","status":"archived","order_ids":"[14873,14891,11314,14995,15109,15224,15286,15297,15325,15329,15348,15444,15538,15629,15738]"},{"id":"98","date_created":"2025-08-01 11:33:19","date_expiry":"2027-08-01 00:00:00","user_id":"0","batch_number":"28\/100.25.016","location":"","quantity":"14.0000","quantity_available":"0.0000","units":"1","status":"archived","order_ids":"[15776,15878,15991,15993,16029,16049,16050,16100,16147,16151,16169]"},{"id":"114","date_created":"2025-10-07 14:32:39","date_expiry":"2027-10-01 00:00:00","user_id":"0","batch_number":"68\/100.25.016","location":"","quantity":"14.0000","quantity_available":"0.0000","units":"1","status":"archived","order_ids":"[16183,16237,16248,16258,16278,16294,16307,16345,16420,16525,16541,16551]"},{"id":"132","date_created":"2025-10-31 17:09:05","date_expiry":"2027-11-01 00:00:00","user_id":"0","batch_number":"68\/100.25.017","location":"","quantity":"14.0000","quantity_available":"0.0000","units":"1","status":"archived","order_ids":"[16551,16566,16598,16612,16625,16629,16689,16725,16747,16791,16857,16865]"},{"id":"138","date_created":"2025-11-20 15:32:08","date_expiry":"2027-11-01 00:00:00","user_id":"0","batch_number":"68\/100.25.018","location":"","quantity":"20.0000","quantity_available":"0.0000","units":"1","status":"archived","order_ids":"[16910,16951,17115,17118,17279,17460,17473]"},{"id":"149","date_created":"2025-12-10 11:58:03","date_expiry":"2027-12-01 00:00:00","user_id":"0","batch_number":"68\/100.25.019","location":"","quantity":"6.0000","quantity_available":"0.0000","units":"1","status":"archived","order_ids":"[17473,17500,17512,17556,17569]"},{"id":"165","date_created":"2026-01-12 14:30:06","date_expiry":"2028-01-01 00:00:00","user_id":"0","batch_number":"68\/100.26.020","location":"","quantity":"14.0000","quantity_available":"0.0000","units":"1","status":"archived","order_ids":"[17569,17586,17631,17689,17748]"},{"id":"171","date_created":"2026-01-15 12:10:39","date_expiry":"2028-01-01 00:00:00","user_id":"0","batch_number":"68\/100.26.021","location":"","quantity":"24.0000","quantity_available":"0.0000","units":"1","status":"archived","order_ids":"[17768,17895,18038,18049,18062,18106,18114,18297,18311,18320,18379,18674,18694]"},{"id":"180","date_created":"2026-02-06 14:59:45","date_expiry":"2028-02-01 00:00:00","user_id":"0","batch_number":"68\/100.26.022","location":"","quantity":"12.0000","quantity_available":"0.0000","units":"1","status":"archived","order_ids":"[18712,18741,18745]"},{"id":"192","date_created":"2026-03-23 15:24:44","date_expiry":"2028-03-01 00:00:00","user_id":"0","batch_number":"68\/100.26.023","location":"","quantity":"14.0000","quantity_available":"9.0000","units":"1","status":"active","order_ids":"[18838,18856,18891,18602,18948]"}],"_links":{"self":[{"href":"https:\/\/loiseauvert.fr\/en\/wp-json\/wp\/v2\/product\/8064","targetHints":{"allow":["GET"]}}],"collection":[{"href":"https:\/\/loiseauvert.fr\/en\/wp-json\/wp\/v2\/product"}],"about":[{"href":"https:\/\/loiseauvert.fr\/en\/wp-json\/wp\/v2\/types\/product"}],"wp:featuredmedia":[{"embeddable":true,"href":"https:\/\/loiseauvert.fr\/en\/wp-json\/wp\/v2\/media\/8065"}],"wp:attachment":[{"href":"https:\/\/loiseauvert.fr\/en\/wp-json\/wp\/v2\/media?parent=8064"}],"wp:term":[{"taxonomy":"product_brand","embeddable":true,"href":"https:\/\/loiseauvert.fr\/en\/wp-json\/wp\/v2\/product_brand?post=8064"},{"taxonomy":"product_cat","embeddable":true,"href":"https:\/\/loiseauvert.fr\/en\/wp-json\/wp\/v2\/product_cat?post=8064"},{"taxonomy":"product_tag","embeddable":true,"href":"https:\/\/loiseauvert.fr\/en\/wp-json\/wp\/v2\/product_tag?post=8064"}],"curies":[{"name":"wp","href":"https:\/\/api.w.org\/{rel}","templated":true}]}}