{"id":801,"date":"2023-05-19T11:51:33","date_gmt":"2023-05-19T09:51:33","guid":{"rendered":"https:\/\/loiseauvert.fr\/?post_type=product&#038;p=801"},"modified":"2026-03-13T13:07:31","modified_gmt":"2026-03-13T12:07:31","slug":"coffret-les-indispensables-solarisation-pour-equilibre-soutien-et-harmonie","status":"publish","type":"product","link":"https:\/\/loiseauvert.fr\/en\/product\/coffret-les-indispensables-solarisation-pour-equilibre-soutien-et-harmonie\/","title":{"rendered":"\u201cThe Essentials\u201d box set\u00a0"},"content":{"rendered":"<h3 data-start=\"102\" data-end=\"179\"><strong data-start=\"106\" data-end=\"177\">Coffret bois \u00ab Les Indispensables \u00bb \u2013 \u00c9quilibre, Soutien &amp; Harmonie<\/strong><\/h3>\n<p data-start=\"180\" data-end=\"231\"><strong data-start=\"180\" data-end=\"231\">3 solarisations essentielles \u2013 Flacons de 30 ml<\/strong><\/p>\n<p data-start=\"233\" data-end=\"581\">L\u2019Oiseau Vert vous pr\u00e9sente en avant-premi\u00e8re son coffret bois <strong data-start=\"296\" data-end=\"322\">\u00ab Les Indispensables \u00bb<\/strong>, une s\u00e9lection de ses trois solarisations phares :<br data-start=\"373\" data-end=\"376\" \/>\u2013 <strong data-start=\"378\" data-end=\"392\">Solarmonie<\/strong> : pour l\u2019harmonisation des lieux et des \u00e9nergies<br data-start=\"441\" data-end=\"444\" \/>\u2013 <strong data-start=\"446\" data-end=\"457\">Emergency<\/strong> : pour les moments de tension ou de d\u00e9s\u00e9quilibre \u00e9motionnel<br data-start=\"517\" data-end=\"520\" \/>\u2013 <strong data-start=\"522\" data-end=\"533\">Eaumere<\/strong> : pour optimiser la qualit\u00e9 vibratoire de l\u2019eau<\/p>\n<p data-start=\"583\" data-end=\"722\">Un coffret pens\u00e9 pour un usage quotidien ou ponctuel, \u00e0 int\u00e9grer dans votre rituel de bien-\u00eatre \u00e9nerg\u00e9tique.<br data-start=\"691\" data-end=\"694\" \/><strong data-start=\"694\" data-end=\"722\">Vendu sans vaporisateur.<\/strong><\/p>","protected":false},"excerpt":{"rendered":"<p>The wooden box &quot;Les Indispensables&quot; composed of the Solarisations &quot;Solarmonie; Urgence and Eaumere&quot;. (30ml bottles)<\/p>","protected":false},"featured_media":8105,"template":"","meta":{"_acf_changed":false,"_glsr_average":0,"_glsr_ranking":0,"_glsr_reviews":0},"product_brand":[],"product_cat":[61],"product_tag":[],"class_list":{"0":"post-801","1":"product","2":"type-product","3":"status-publish","4":"has-post-thumbnail","6":"product_cat-coffrets","8":"first","9":"instock","10":"taxable","11":"shipping-taxable","12":"purchasable","13":"product-type-simple"},"supplier_id":null,"supplier_sku":"","barcode":null,"atum_controlled":true,"out_stock_date":null,"out_stock_threshold":null,"inheritable":false,"inbound_stock":null,"stock_on_hold":6,"sold_today":0,"sales_last_days":0,"reserved_stock":null,"customer_returns":null,"warehouse_damage":null,"lost_in_post":null,"other_logs":null,"out_stock_days":0,"lost_sales":0,"has_location":false,"update_date":"2026-04-06T10:18:21","atum_locations":[],"atum_stock_status":"instock","restock_status":false,"low_stock_amount":"","sales_update_date":"2026-04-06T10:18:21","calc_backorders":null,"acf":[],"yoast_head":"<!-- This site is optimized with the Yoast SEO plugin v26.9 - https:\/\/yoast.com\/product\/yoast-seo-wordpress\/ -->\n<title>Coffret &quot; Les Indispensables &quot; - L&#039;Oiseau Vert<\/title>\n<meta name=\"description\" content=\"Coffret Les Indispensables \u2013 3 solarisations essentielles pour \u00e9quilibre, soutien et harmonie \u00e9nerg\u00e9tique, \u00e0 int\u00e9grer dans votre rituel quotidien.\" \/>\n<meta name=\"robots\" content=\"index, follow, max-snippet:-1, max-image-preview:large, max-video-preview:-1\" \/>\n<link rel=\"canonical\" href=\"https:\/\/loiseauvert.fr\/en\/product\/coffret-les-indispensables-solarisation-pour-equilibre-soutien-et-harmonie\/\" \/>\n<meta property=\"og:locale\" content=\"en_GB\" \/>\n<meta property=\"og:type\" content=\"article\" \/>\n<meta property=\"og:title\" content=\"Coffret &quot; Les Indispensables &quot; - L&#039;Oiseau Vert\" \/>\n<meta property=\"og:description\" content=\"Coffret Les Indispensables \u2013 3 solarisations essentielles pour \u00e9quilibre, soutien et harmonie \u00e9nerg\u00e9tique, \u00e0 int\u00e9grer dans votre rituel quotidien.\" \/>\n<meta property=\"og:url\" content=\"https:\/\/loiseauvert.fr\/en\/product\/coffret-les-indispensables-solarisation-pour-equilibre-soutien-et-harmonie\/\" \/>\n<meta property=\"og:site_name\" content=\"L&#039;Oiseau Vert\" \/>\n<meta property=\"article:modified_time\" content=\"2026-03-13T12:07:31+00:00\" \/>\n<meta property=\"og:image\" content=\"https:\/\/loiseauvert.fr\/wp-content\/uploads\/2023\/05\/coffret-indis-jpg.webp\" \/>\n\t<meta property=\"og:image:width\" content=\"892\" \/>\n\t<meta property=\"og:image:height\" content=\"836\" \/>\n\t<meta property=\"og:image:type\" content=\"image\/jpeg\" \/>\n<meta name=\"twitter:card\" content=\"summary_large_image\" \/>\n<meta name=\"twitter:label1\" content=\"Estimated reading time\" \/>\n\t<meta name=\"twitter:data1\" content=\"1 minute\" \/>\n<script type=\"application\/ld+json\" class=\"yoast-schema-graph\">{\"@context\":\"https:\/\/schema.org\",\"@graph\":[{\"@type\":\"WebPage\",\"@id\":\"https:\/\/loiseauvert.fr\/produit\/coffret-les-indispensables-solarisation-pour-equilibre-soutien-et-harmonie\/\",\"url\":\"https:\/\/loiseauvert.fr\/produit\/coffret-les-indispensables-solarisation-pour-equilibre-soutien-et-harmonie\/\",\"name\":\"Coffret \\\" Les Indispensables \\\" - L&#039;Oiseau Vert\",\"isPartOf\":{\"@id\":\"https:\/\/loiseauvert.fr\/#website\"},\"primaryImageOfPage\":{\"@id\":\"https:\/\/loiseauvert.fr\/produit\/coffret-les-indispensables-solarisation-pour-equilibre-soutien-et-harmonie\/#primaryimage\"},\"image\":{\"@id\":\"https:\/\/loiseauvert.fr\/produit\/coffret-les-indispensables-solarisation-pour-equilibre-soutien-et-harmonie\/#primaryimage\"},\"thumbnailUrl\":\"https:\/\/loiseauvert.fr\/wp-content\/uploads\/2023\/05\/coffret-indis-jpg.webp\",\"datePublished\":\"2023-05-19T09:51:33+00:00\",\"dateModified\":\"2026-03-13T12:07:31+00:00\",\"description\":\"Coffret Les Indispensables \u2013 3 solarisations essentielles pour \u00e9quilibre, soutien et harmonie \u00e9nerg\u00e9tique, \u00e0 int\u00e9grer dans votre rituel quotidien.\",\"breadcrumb\":{\"@id\":\"https:\/\/loiseauvert.fr\/produit\/coffret-les-indispensables-solarisation-pour-equilibre-soutien-et-harmonie\/#breadcrumb\"},\"inLanguage\":\"en-GB\",\"potentialAction\":[{\"@type\":\"ReadAction\",\"target\":[\"https:\/\/loiseauvert.fr\/produit\/coffret-les-indispensables-solarisation-pour-equilibre-soutien-et-harmonie\/\"]}]},{\"@type\":\"ImageObject\",\"inLanguage\":\"en-GB\",\"@id\":\"https:\/\/loiseauvert.fr\/produit\/coffret-les-indispensables-solarisation-pour-equilibre-soutien-et-harmonie\/#primaryimage\",\"url\":\"https:\/\/loiseauvert.fr\/wp-content\/uploads\/2023\/05\/coffret-indis-jpg.webp\",\"contentUrl\":\"https:\/\/loiseauvert.fr\/wp-content\/uploads\/2023\/05\/coffret-indis-jpg.webp\",\"width\":892,\"height\":836},{\"@type\":\"BreadcrumbList\",\"@id\":\"https:\/\/loiseauvert.fr\/produit\/coffret-les-indispensables-solarisation-pour-equilibre-soutien-et-harmonie\/#breadcrumb\",\"itemListElement\":[{\"@type\":\"ListItem\",\"position\":1,\"name\":\"Accueil\",\"item\":\"https:\/\/loiseauvert.fr\/\"},{\"@type\":\"ListItem\",\"position\":2,\"name\":\"Coffrets\",\"item\":\"https:\/\/loiseauvert.fr\/categorie-produit\/coffrets\/\"},{\"@type\":\"ListItem\",\"position\":3,\"name\":\"Coffret &#8221; Les Indispensables &#8220;\"}]},{\"@type\":\"WebSite\",\"@id\":\"https:\/\/loiseauvert.fr\/#website\",\"url\":\"https:\/\/loiseauvert.fr\/\",\"name\":\"L&#039;Oiseau Vert\",\"description\":\"\",\"potentialAction\":[{\"@type\":\"SearchAction\",\"target\":{\"@type\":\"EntryPoint\",\"urlTemplate\":\"https:\/\/loiseauvert.fr\/?s={search_term_string}\"},\"query-input\":{\"@type\":\"PropertyValueSpecification\",\"valueRequired\":true,\"valueName\":\"search_term_string\"}}],\"inLanguage\":\"en-GB\"}]}<\/script>\n<!-- \/ Yoast SEO plugin. -->","yoast_head_json":{"title":"&quot;Essentials&quot; Box - L&#039;Oiseau Vert","description":"Coffret Les Indispensables \u2013 3 solarisations essentielles pour \u00e9quilibre, soutien et harmonie \u00e9nerg\u00e9tique, \u00e0 int\u00e9grer dans votre rituel quotidien.","robots":{"index":"index","follow":"follow","max-snippet":"max-snippet:-1","max-image-preview":"max-image-preview:large","max-video-preview":"max-video-preview:-1"},"canonical":"https:\/\/loiseauvert.fr\/en\/product\/coffret-les-indispensables-solarisation-pour-equilibre-soutien-et-harmonie\/","og_locale":"en_GB","og_type":"article","og_title":"Coffret \" Les Indispensables \" - L&#039;Oiseau Vert","og_description":"Coffret Les Indispensables \u2013 3 solarisations essentielles pour \u00e9quilibre, soutien et harmonie \u00e9nerg\u00e9tique, \u00e0 int\u00e9grer dans votre rituel quotidien.","og_url":"https:\/\/loiseauvert.fr\/en\/product\/coffret-les-indispensables-solarisation-pour-equilibre-soutien-et-harmonie\/","og_site_name":"L&#039;Oiseau Vert","article_modified_time":"2026-03-13T12:07:31+00:00","og_image":[{"width":892,"height":836,"url":"https:\/\/loiseauvert.fr\/wp-content\/uploads\/2023\/05\/coffret-indis-jpg.webp","type":"image\/jpeg"}],"twitter_card":"summary_large_image","twitter_misc":{"Estimated reading time":"1 minute"},"schema":{"@context":"https:\/\/schema.org","@graph":[{"@type":"WebPage","@id":"https:\/\/loiseauvert.fr\/produit\/coffret-les-indispensables-solarisation-pour-equilibre-soutien-et-harmonie\/","url":"https:\/\/loiseauvert.fr\/produit\/coffret-les-indispensables-solarisation-pour-equilibre-soutien-et-harmonie\/","name":"&quot;Essentials&quot; Box - L&#039;Oiseau Vert","isPartOf":{"@id":"https:\/\/loiseauvert.fr\/#website"},"primaryImageOfPage":{"@id":"https:\/\/loiseauvert.fr\/produit\/coffret-les-indispensables-solarisation-pour-equilibre-soutien-et-harmonie\/#primaryimage"},"image":{"@id":"https:\/\/loiseauvert.fr\/produit\/coffret-les-indispensables-solarisation-pour-equilibre-soutien-et-harmonie\/#primaryimage"},"thumbnailUrl":"https:\/\/loiseauvert.fr\/wp-content\/uploads\/2023\/05\/coffret-indis-jpg.webp","datePublished":"2023-05-19T09:51:33+00:00","dateModified":"2026-03-13T12:07:31+00:00","description":"Coffret Les Indispensables \u2013 3 solarisations essentielles pour \u00e9quilibre, soutien et harmonie \u00e9nerg\u00e9tique, \u00e0 int\u00e9grer dans votre rituel quotidien.","breadcrumb":{"@id":"https:\/\/loiseauvert.fr\/produit\/coffret-les-indispensables-solarisation-pour-equilibre-soutien-et-harmonie\/#breadcrumb"},"inLanguage":"en-GB","potentialAction":[{"@type":"ReadAction","target":["https:\/\/loiseauvert.fr\/produit\/coffret-les-indispensables-solarisation-pour-equilibre-soutien-et-harmonie\/"]}]},{"@type":"ImageObject","inLanguage":"en-GB","@id":"https:\/\/loiseauvert.fr\/produit\/coffret-les-indispensables-solarisation-pour-equilibre-soutien-et-harmonie\/#primaryimage","url":"https:\/\/loiseauvert.fr\/wp-content\/uploads\/2023\/05\/coffret-indis-jpg.webp","contentUrl":"https:\/\/loiseauvert.fr\/wp-content\/uploads\/2023\/05\/coffret-indis-jpg.webp","width":892,"height":836},{"@type":"BreadcrumbList","@id":"https:\/\/loiseauvert.fr\/produit\/coffret-les-indispensables-solarisation-pour-equilibre-soutien-et-harmonie\/#breadcrumb","itemListElement":[{"@type":"ListItem","position":1,"name":"Accueil","item":"https:\/\/loiseauvert.fr\/"},{"@type":"ListItem","position":2,"name":"Coffrets","item":"https:\/\/loiseauvert.fr\/categorie-produit\/coffrets\/"},{"@type":"ListItem","position":3,"name":"Coffret &#8221; Les Indispensables &#8220;"}]},{"@type":"WebSite","@id":"https:\/\/loiseauvert.fr\/#website","url":"https:\/\/loiseauvert.fr\/","name":"The Green Bird","description":"","potentialAction":[{"@type":"SearchAction","target":{"@type":"EntryPoint","urlTemplate":"https:\/\/loiseauvert.fr\/?s={search_term_string}"},"query-input":{"@type":"PropertyValueSpecification","valueRequired":true,"valueName":"search_term_string"}}],"inLanguage":"en-GB"}]}},"batches":[],"_links":{"self":[{"href":"https:\/\/loiseauvert.fr\/en\/wp-json\/wp\/v2\/product\/801","targetHints":{"allow":["GET"]}}],"collection":[{"href":"https:\/\/loiseauvert.fr\/en\/wp-json\/wp\/v2\/product"}],"about":[{"href":"https:\/\/loiseauvert.fr\/en\/wp-json\/wp\/v2\/types\/product"}],"wp:featuredmedia":[{"embeddable":true,"href":"https:\/\/loiseauvert.fr\/en\/wp-json\/wp\/v2\/media\/8105"}],"wp:attachment":[{"href":"https:\/\/loiseauvert.fr\/en\/wp-json\/wp\/v2\/media?parent=801"}],"wp:term":[{"taxonomy":"product_brand","embeddable":true,"href":"https:\/\/loiseauvert.fr\/en\/wp-json\/wp\/v2\/product_brand?post=801"},{"taxonomy":"product_cat","embeddable":true,"href":"https:\/\/loiseauvert.fr\/en\/wp-json\/wp\/v2\/product_cat?post=801"},{"taxonomy":"product_tag","embeddable":true,"href":"https:\/\/loiseauvert.fr\/en\/wp-json\/wp\/v2\/product_tag?post=801"}],"curies":[{"name":"wp","href":"https:\/\/api.w.org\/{rel}","templated":true}]}}