{"id":800,"date":"2023-05-19T11:51:33","date_gmt":"2023-05-19T09:51:33","guid":{"rendered":"https:\/\/loiseauvert.fr\/?post_type=product&#038;p=800"},"modified":"2026-04-03T11:20:54","modified_gmt":"2026-04-03T09:20:54","slug":"solarisation-n69-elixir-vibratoire-pour-intuition-et-experience-interieure","status":"publish","type":"product","link":"https:\/\/loiseauvert.fr\/en\/product\/solarisation-n69-elixir-vibratoire-pour-intuition-et-experience-interieure\/","title":{"rendered":"Clarity - Lucidity"},"content":{"rendered":"<h3>Solarization No. 69<\/h3>\n<p><strong>\u00ab\u00a0Ouverture \u00e0 l\u2019intuition et \u00e0 l\u2019exp\u00e9rience int\u00e9rieure\u00a0\u00bb<\/strong><\/p>\n<ul>\n<li>\n<p data-start=\"149\" data-end=\"375\">Favorise une meilleure clart\u00e9 mentale et une compr\u00e9hension approfondie des situations.<\/p>\n<\/li>\n<li>\n<p data-start=\"149\" data-end=\"375\">Accompagne le d\u00e9veloppement des capacit\u00e9s d\u2019apprentissage et soutient l\u2019ouverture \u00e0 des exp\u00e9riences spirituelles.<\/p>\n<\/li>\n<\/ul>\n<h5>Vibration Supports:<\/h5>\n<p>Ti Z\u00e9lia 6, Eper, Mirror and Shen.<\/p>","protected":false},"excerpt":{"rendered":"<p>Soutient le renforcement de la clairvoyance et favorise l\u2019ouverture aux exp\u00e9riences spirituelles.<\/p>","protected":false},"featured_media":817,"template":"","meta":{"_acf_changed":false,"_glsr_average":0,"_glsr_ranking":0,"_glsr_reviews":0},"product_brand":[],"product_cat":[59],"product_tag":[],"class_list":{"0":"post-800","1":"product","2":"type-product","3":"status-publish","4":"has-post-thumbnail","6":"product_cat-les-complexes","8":"first","9":"instock","10":"taxable","11":"shipping-taxable","12":"purchasable","13":"product-type-simple"},"supplier_id":null,"supplier_sku":"","barcode":null,"atum_controlled":true,"out_stock_date":null,"out_stock_threshold":null,"inheritable":false,"inbound_stock":null,"stock_on_hold":1,"sold_today":0,"sales_last_days":1,"reserved_stock":null,"customer_returns":null,"warehouse_damage":null,"lost_in_post":null,"other_logs":null,"out_stock_days":0,"lost_sales":0,"has_location":false,"update_date":"2026-04-09T10:18:03","atum_locations":[],"atum_stock_status":"instock","restock_status":false,"low_stock_amount":"","sales_update_date":"2026-04-09T10:18:03","calc_backorders":null,"acf":[],"yoast_head":"<!-- This site is optimized with the Yoast SEO plugin v26.9 - https:\/\/yoast.com\/product\/yoast-seo-wordpress\/ -->\n<title>Clart\u00e9- Lucidit\u00e9 - L&#039;Oiseau Vert<\/title>\n<meta name=\"description\" content=\"Solarisation n\u00b069 \u2013 \u00c9lixir vibratoire pour stimuler intuition, clart\u00e9 mentale et ouverture aux exp\u00e9riences spirituelles, soutien au d\u00e9veloppement int\u00e9rieur.\" \/>\n<meta name=\"robots\" content=\"index, follow, max-snippet:-1, max-image-preview:large, max-video-preview:-1\" \/>\n<link rel=\"canonical\" href=\"https:\/\/loiseauvert.fr\/en\/product\/solarisation-n69-elixir-vibratoire-pour-intuition-et-experience-interieure\/\" \/>\n<meta property=\"og:locale\" content=\"en_GB\" \/>\n<meta property=\"og:type\" content=\"article\" \/>\n<meta property=\"og:title\" content=\"Clart\u00e9- Lucidit\u00e9 - L&#039;Oiseau Vert\" \/>\n<meta property=\"og:description\" content=\"Solarisation n\u00b069 \u2013 \u00c9lixir vibratoire pour stimuler intuition, clart\u00e9 mentale et ouverture aux exp\u00e9riences spirituelles, soutien au d\u00e9veloppement int\u00e9rieur.\" \/>\n<meta property=\"og:url\" content=\"https:\/\/loiseauvert.fr\/en\/product\/solarisation-n69-elixir-vibratoire-pour-intuition-et-experience-interieure\/\" \/>\n<meta property=\"og:site_name\" content=\"L&#039;Oiseau Vert\" \/>\n<meta property=\"article:modified_time\" content=\"2026-04-03T09:20:54+00:00\" \/>\n<meta property=\"og:image\" content=\"https:\/\/loiseauvert.fr\/wp-content\/uploads\/2023\/05\/oiseau-vert-solarisation-clartelucidite-69-jpg.webp\" \/>\n\t<meta property=\"og:image:width\" content=\"1000\" \/>\n\t<meta property=\"og:image:height\" content=\"1000\" \/>\n\t<meta property=\"og:image:type\" content=\"image\/jpeg\" \/>\n<meta name=\"twitter:card\" content=\"summary_large_image\" \/>\n<meta name=\"twitter:label1\" content=\"Estimated reading time\" \/>\n\t<meta name=\"twitter:data1\" content=\"1 minute\" \/>\n<script type=\"application\/ld+json\" class=\"yoast-schema-graph\">{\"@context\":\"https:\/\/schema.org\",\"@graph\":[{\"@type\":\"WebPage\",\"@id\":\"https:\/\/loiseauvert.fr\/produit\/solarisation-n69-elixir-vibratoire-pour-intuition-et-experience-interieure\/\",\"url\":\"https:\/\/loiseauvert.fr\/produit\/solarisation-n69-elixir-vibratoire-pour-intuition-et-experience-interieure\/\",\"name\":\"Clart\u00e9- Lucidit\u00e9 - L&#039;Oiseau Vert\",\"isPartOf\":{\"@id\":\"https:\/\/loiseauvert.fr\/#website\"},\"primaryImageOfPage\":{\"@id\":\"https:\/\/loiseauvert.fr\/produit\/solarisation-n69-elixir-vibratoire-pour-intuition-et-experience-interieure\/#primaryimage\"},\"image\":{\"@id\":\"https:\/\/loiseauvert.fr\/produit\/solarisation-n69-elixir-vibratoire-pour-intuition-et-experience-interieure\/#primaryimage\"},\"thumbnailUrl\":\"https:\/\/loiseauvert.fr\/wp-content\/uploads\/2023\/05\/oiseau-vert-solarisation-clartelucidite-69-jpg.webp\",\"datePublished\":\"2023-05-19T09:51:33+00:00\",\"dateModified\":\"2026-04-03T09:20:54+00:00\",\"description\":\"Solarisation n\u00b069 \u2013 \u00c9lixir vibratoire pour stimuler intuition, clart\u00e9 mentale et ouverture aux exp\u00e9riences spirituelles, soutien au d\u00e9veloppement int\u00e9rieur.\",\"breadcrumb\":{\"@id\":\"https:\/\/loiseauvert.fr\/produit\/solarisation-n69-elixir-vibratoire-pour-intuition-et-experience-interieure\/#breadcrumb\"},\"inLanguage\":\"en-GB\",\"potentialAction\":[{\"@type\":\"ReadAction\",\"target\":[\"https:\/\/loiseauvert.fr\/produit\/solarisation-n69-elixir-vibratoire-pour-intuition-et-experience-interieure\/\"]}]},{\"@type\":\"ImageObject\",\"inLanguage\":\"en-GB\",\"@id\":\"https:\/\/loiseauvert.fr\/produit\/solarisation-n69-elixir-vibratoire-pour-intuition-et-experience-interieure\/#primaryimage\",\"url\":\"https:\/\/loiseauvert.fr\/wp-content\/uploads\/2023\/05\/oiseau-vert-solarisation-clartelucidite-69-jpg.webp\",\"contentUrl\":\"https:\/\/loiseauvert.fr\/wp-content\/uploads\/2023\/05\/oiseau-vert-solarisation-clartelucidite-69-jpg.webp\",\"width\":1000,\"height\":1000},{\"@type\":\"BreadcrumbList\",\"@id\":\"https:\/\/loiseauvert.fr\/produit\/solarisation-n69-elixir-vibratoire-pour-intuition-et-experience-interieure\/#breadcrumb\",\"itemListElement\":[{\"@type\":\"ListItem\",\"position\":1,\"name\":\"Accueil\",\"item\":\"https:\/\/loiseauvert.fr\/\"},{\"@type\":\"ListItem\",\"position\":2,\"name\":\"Les Complexes\",\"item\":\"https:\/\/loiseauvert.fr\/categorie-produit\/les-complexes\/\"},{\"@type\":\"ListItem\",\"position\":3,\"name\":\"Clart\u00e9- Lucidit\u00e9\"}]},{\"@type\":\"WebSite\",\"@id\":\"https:\/\/loiseauvert.fr\/#website\",\"url\":\"https:\/\/loiseauvert.fr\/\",\"name\":\"L&#039;Oiseau Vert\",\"description\":\"\",\"potentialAction\":[{\"@type\":\"SearchAction\",\"target\":{\"@type\":\"EntryPoint\",\"urlTemplate\":\"https:\/\/loiseauvert.fr\/?s={search_term_string}\"},\"query-input\":{\"@type\":\"PropertyValueSpecification\",\"valueRequired\":true,\"valueName\":\"search_term_string\"}}],\"inLanguage\":\"en-GB\"}]}<\/script>\n<!-- \/ Yoast SEO plugin. -->","yoast_head_json":{"title":"Clarity - Lucidity - L&#039;Green Bird","description":"Solarisation n\u00b069 \u2013 \u00c9lixir vibratoire pour stimuler intuition, clart\u00e9 mentale et ouverture aux exp\u00e9riences spirituelles, soutien au d\u00e9veloppement int\u00e9rieur.","robots":{"index":"index","follow":"follow","max-snippet":"max-snippet:-1","max-image-preview":"max-image-preview:large","max-video-preview":"max-video-preview:-1"},"canonical":"https:\/\/loiseauvert.fr\/en\/product\/solarisation-n69-elixir-vibratoire-pour-intuition-et-experience-interieure\/","og_locale":"en_GB","og_type":"article","og_title":"Clart\u00e9- Lucidit\u00e9 - L&#039;Oiseau Vert","og_description":"Solarisation n\u00b069 \u2013 \u00c9lixir vibratoire pour stimuler intuition, clart\u00e9 mentale et ouverture aux exp\u00e9riences spirituelles, soutien au d\u00e9veloppement int\u00e9rieur.","og_url":"https:\/\/loiseauvert.fr\/en\/product\/solarisation-n69-elixir-vibratoire-pour-intuition-et-experience-interieure\/","og_site_name":"L&#039;Oiseau Vert","article_modified_time":"2026-04-03T09:20:54+00:00","og_image":[{"width":1000,"height":1000,"url":"https:\/\/loiseauvert.fr\/wp-content\/uploads\/2023\/05\/oiseau-vert-solarisation-clartelucidite-69-jpg.webp","type":"image\/jpeg"}],"twitter_card":"summary_large_image","twitter_misc":{"Estimated reading time":"1 minute"},"schema":{"@context":"https:\/\/schema.org","@graph":[{"@type":"WebPage","@id":"https:\/\/loiseauvert.fr\/produit\/solarisation-n69-elixir-vibratoire-pour-intuition-et-experience-interieure\/","url":"https:\/\/loiseauvert.fr\/produit\/solarisation-n69-elixir-vibratoire-pour-intuition-et-experience-interieure\/","name":"Clarity - Lucidity - L&#039;Green Bird","isPartOf":{"@id":"https:\/\/loiseauvert.fr\/#website"},"primaryImageOfPage":{"@id":"https:\/\/loiseauvert.fr\/produit\/solarisation-n69-elixir-vibratoire-pour-intuition-et-experience-interieure\/#primaryimage"},"image":{"@id":"https:\/\/loiseauvert.fr\/produit\/solarisation-n69-elixir-vibratoire-pour-intuition-et-experience-interieure\/#primaryimage"},"thumbnailUrl":"https:\/\/loiseauvert.fr\/wp-content\/uploads\/2023\/05\/oiseau-vert-solarisation-clartelucidite-69-jpg.webp","datePublished":"2023-05-19T09:51:33+00:00","dateModified":"2026-04-03T09:20:54+00:00","description":"Solarisation n\u00b069 \u2013 \u00c9lixir vibratoire pour stimuler intuition, clart\u00e9 mentale et ouverture aux exp\u00e9riences spirituelles, soutien au d\u00e9veloppement int\u00e9rieur.","breadcrumb":{"@id":"https:\/\/loiseauvert.fr\/produit\/solarisation-n69-elixir-vibratoire-pour-intuition-et-experience-interieure\/#breadcrumb"},"inLanguage":"en-GB","potentialAction":[{"@type":"ReadAction","target":["https:\/\/loiseauvert.fr\/produit\/solarisation-n69-elixir-vibratoire-pour-intuition-et-experience-interieure\/"]}]},{"@type":"ImageObject","inLanguage":"en-GB","@id":"https:\/\/loiseauvert.fr\/produit\/solarisation-n69-elixir-vibratoire-pour-intuition-et-experience-interieure\/#primaryimage","url":"https:\/\/loiseauvert.fr\/wp-content\/uploads\/2023\/05\/oiseau-vert-solarisation-clartelucidite-69-jpg.webp","contentUrl":"https:\/\/loiseauvert.fr\/wp-content\/uploads\/2023\/05\/oiseau-vert-solarisation-clartelucidite-69-jpg.webp","width":1000,"height":1000},{"@type":"BreadcrumbList","@id":"https:\/\/loiseauvert.fr\/produit\/solarisation-n69-elixir-vibratoire-pour-intuition-et-experience-interieure\/#breadcrumb","itemListElement":[{"@type":"ListItem","position":1,"name":"Accueil","item":"https:\/\/loiseauvert.fr\/"},{"@type":"ListItem","position":2,"name":"Les Complexes","item":"https:\/\/loiseauvert.fr\/categorie-produit\/les-complexes\/"},{"@type":"ListItem","position":3,"name":"Clart\u00e9- Lucidit\u00e9"}]},{"@type":"WebSite","@id":"https:\/\/loiseauvert.fr\/#website","url":"https:\/\/loiseauvert.fr\/","name":"The Green Bird","description":"","potentialAction":[{"@type":"SearchAction","target":{"@type":"EntryPoint","urlTemplate":"https:\/\/loiseauvert.fr\/?s={search_term_string}"},"query-input":{"@type":"PropertyValueSpecification","valueRequired":true,"valueName":"search_term_string"}}],"inLanguage":"en-GB"}]}},"batches":[{"id":"55","date_created":"2025-05-22 11:59:14","date_expiry":"2027-01-01 00:00:00","user_id":"8","batch_number":"69.25.020","location":"","quantity":"52.0000","quantity_available":"11.0000","units":"1","status":"active","order_ids":"[13864,14614,14693,14846,14972,15326,15329,15451,15568,15770,15923,16040,16044,16072,16114,16132,16899,17117,17252,17439,17496,17698,17919,18024,18163,18724,18769,18770,18822,18883,18602]"}],"_links":{"self":[{"href":"https:\/\/loiseauvert.fr\/en\/wp-json\/wp\/v2\/product\/800","targetHints":{"allow":["GET"]}}],"collection":[{"href":"https:\/\/loiseauvert.fr\/en\/wp-json\/wp\/v2\/product"}],"about":[{"href":"https:\/\/loiseauvert.fr\/en\/wp-json\/wp\/v2\/types\/product"}],"wp:featuredmedia":[{"embeddable":true,"href":"https:\/\/loiseauvert.fr\/en\/wp-json\/wp\/v2\/media\/817"}],"wp:attachment":[{"href":"https:\/\/loiseauvert.fr\/en\/wp-json\/wp\/v2\/media?parent=800"}],"wp:term":[{"taxonomy":"product_brand","embeddable":true,"href":"https:\/\/loiseauvert.fr\/en\/wp-json\/wp\/v2\/product_brand?post=800"},{"taxonomy":"product_cat","embeddable":true,"href":"https:\/\/loiseauvert.fr\/en\/wp-json\/wp\/v2\/product_cat?post=800"},{"taxonomy":"product_tag","embeddable":true,"href":"https:\/\/loiseauvert.fr\/en\/wp-json\/wp\/v2\/product_tag?post=800"}],"curies":[{"name":"wp","href":"https:\/\/api.w.org\/{rel}","templated":true}]}}