{"id":737,"date":"2023-05-19T11:50:15","date_gmt":"2023-05-19T09:50:15","guid":{"rendered":"https:\/\/loiseauvert.fr\/?post_type=product&#038;p=737"},"modified":"2026-04-14T19:12:44","modified_gmt":"2026-04-14T17:12:44","slug":"solarisation-n29-elixir-vibratoire-pour-elan-vital-amour-de-soi-et-joie-detre","status":"publish","type":"product","link":"https:\/\/loiseauvert.fr\/en\/product\/solarisation-n29-elixir-vibratoire-pour-elan-vital-amour-de-soi-et-joie-detre\/","title":{"rendered":"Carva"},"content":{"rendered":"<h3>Solarization No. 29<\/h3>\n<p><strong>\u00ab\u00a0Elan vital, joie d\u2019\u00eatre\u00a0 aim\u00e9 et amour de soi\u00a0\u00bb<\/strong><\/p>\n<ul>\n<li>\n<p data-start=\"189\" data-end=\"428\">Accompagne la lib\u00e9ration des blocages \u00e9motionnels et des conditionnements limitants.<\/p>\n<\/li>\n<li>\n<p data-start=\"189\" data-end=\"428\">Soutient l\u2019harmonisation entre pens\u00e9e et ressenti, favorisant l\u2019expression authentique du potentiel d\u2019amour et de bienveillance.<\/p>\n<\/li>\n<li>\n<p data-start=\"189\" data-end=\"428\">Invitation \u00e0 se reconnecter \u00e0 sa voix int\u00e9rieure, \u00e0 renforcer la confiance en sa force vitale, et \u00e0 s\u2019ouvrir \u00e0 un don d\u2019amour inconditionnel.<\/p>\n<\/li>\n<\/ul>","protected":false},"excerpt":{"rendered":"<p data-start=\"95\" data-end=\"154\"><strong data-start=\"99\" data-end=\"154\">S\u00e9r\u00e9nit\u00e9, Paix du c\u0153ur &amp; Compassion\u00a0<\/strong><\/p>\n<p data-start=\"156\" data-end=\"347\">Favorise l\u2019amour de soi, l\u2019acceptation joyeuse de la vie, et l\u2019ouverture du c\u0153ur.<br data-start=\"256\" data-end=\"259\" \/>Accompagne l\u2019\u00e9panouissement personnel et l\u2019expression authentique de la compassion.<\/p>","protected":false},"featured_media":757,"template":"","meta":{"_acf_changed":false,"_glsr_average":0,"_glsr_ranking":0,"_glsr_reviews":0},"product_brand":[],"product_cat":[60],"product_tag":[],"class_list":{"0":"post-737","1":"product","2":"type-product","3":"status-publish","4":"has-post-thumbnail","6":"product_cat-les-specifiques","8":"first","9":"instock","10":"taxable","11":"shipping-taxable","12":"purchasable","13":"product-type-simple"},"supplier_id":null,"supplier_sku":"","barcode":null,"atum_controlled":true,"out_stock_date":null,"out_stock_threshold":null,"inheritable":false,"inbound_stock":null,"stock_on_hold":0,"sold_today":0,"sales_last_days":1,"reserved_stock":null,"customer_returns":null,"warehouse_damage":null,"lost_in_post":null,"other_logs":null,"out_stock_days":0,"lost_sales":0,"has_location":false,"update_date":"2026-04-17T13:44:44","atum_locations":[],"atum_stock_status":"instock","restock_status":false,"low_stock_amount":"","sales_update_date":"2026-04-17T13:44:44","calc_backorders":null,"acf":[],"yoast_head":"<!-- This site is optimized with the Yoast SEO plugin v26.9 - https:\/\/yoast.com\/product\/yoast-seo-wordpress\/ -->\n<title>Carva - L&#039;Oiseau Vert<\/title>\n<meta name=\"description\" content=\"Solarisation n\u00b029 \u2013 \u00c9lixir vibratoire pour \u00e9lan vital, amour de soi et joie d\u2019\u00eatre, lib\u00e9ration des blocages \u00e9motionnels et harmonisation int\u00e9rieure.\" \/>\n<meta name=\"robots\" content=\"index, follow, max-snippet:-1, max-image-preview:large, max-video-preview:-1\" \/>\n<link rel=\"canonical\" href=\"https:\/\/loiseauvert.fr\/en\/product\/solarisation-n29-elixir-vibratoire-pour-elan-vital-amour-de-soi-et-joie-detre\/\" \/>\n<meta property=\"og:locale\" content=\"en_GB\" \/>\n<meta property=\"og:type\" content=\"article\" \/>\n<meta property=\"og:title\" content=\"Carva - L&#039;Oiseau Vert\" \/>\n<meta property=\"og:description\" content=\"Solarisation n\u00b029 \u2013 \u00c9lixir vibratoire pour \u00e9lan vital, amour de soi et joie d\u2019\u00eatre, lib\u00e9ration des blocages \u00e9motionnels et harmonisation int\u00e9rieure.\" \/>\n<meta property=\"og:url\" content=\"https:\/\/loiseauvert.fr\/en\/product\/solarisation-n29-elixir-vibratoire-pour-elan-vital-amour-de-soi-et-joie-detre\/\" \/>\n<meta property=\"og:site_name\" content=\"L&#039;Oiseau Vert\" \/>\n<meta property=\"article:modified_time\" content=\"2026-04-14T17:12:44+00:00\" \/>\n<meta property=\"og:image\" content=\"https:\/\/loiseauvert.fr\/wp-content\/uploads\/2023\/05\/oiseau-vert-solarisation-carva-29-jpg.webp\" \/>\n\t<meta property=\"og:image:width\" content=\"1000\" \/>\n\t<meta property=\"og:image:height\" content=\"1000\" \/>\n\t<meta property=\"og:image:type\" content=\"image\/jpeg\" \/>\n<meta name=\"twitter:card\" content=\"summary_large_image\" \/>\n<meta name=\"twitter:label1\" content=\"Estimated reading time\" \/>\n\t<meta name=\"twitter:data1\" content=\"1 minute\" \/>\n<script type=\"application\/ld+json\" class=\"yoast-schema-graph\">{\"@context\":\"https:\/\/schema.org\",\"@graph\":[{\"@type\":\"WebPage\",\"@id\":\"https:\/\/loiseauvert.fr\/produit\/solarisation-n29-elixir-vibratoire-pour-elan-vital-amour-de-soi-et-joie-detre\/\",\"url\":\"https:\/\/loiseauvert.fr\/produit\/solarisation-n29-elixir-vibratoire-pour-elan-vital-amour-de-soi-et-joie-detre\/\",\"name\":\"Carva - L&#039;Oiseau Vert\",\"isPartOf\":{\"@id\":\"https:\/\/loiseauvert.fr\/#website\"},\"primaryImageOfPage\":{\"@id\":\"https:\/\/loiseauvert.fr\/produit\/solarisation-n29-elixir-vibratoire-pour-elan-vital-amour-de-soi-et-joie-detre\/#primaryimage\"},\"image\":{\"@id\":\"https:\/\/loiseauvert.fr\/produit\/solarisation-n29-elixir-vibratoire-pour-elan-vital-amour-de-soi-et-joie-detre\/#primaryimage\"},\"thumbnailUrl\":\"https:\/\/loiseauvert.fr\/wp-content\/uploads\/2023\/05\/oiseau-vert-solarisation-carva-29-jpg.webp\",\"datePublished\":\"2023-05-19T09:50:15+00:00\",\"dateModified\":\"2026-04-14T17:12:44+00:00\",\"description\":\"Solarisation n\u00b029 \u2013 \u00c9lixir vibratoire pour \u00e9lan vital, amour de soi et joie d\u2019\u00eatre, lib\u00e9ration des blocages \u00e9motionnels et harmonisation int\u00e9rieure.\",\"breadcrumb\":{\"@id\":\"https:\/\/loiseauvert.fr\/produit\/solarisation-n29-elixir-vibratoire-pour-elan-vital-amour-de-soi-et-joie-detre\/#breadcrumb\"},\"inLanguage\":\"en-GB\",\"potentialAction\":[{\"@type\":\"ReadAction\",\"target\":[\"https:\/\/loiseauvert.fr\/produit\/solarisation-n29-elixir-vibratoire-pour-elan-vital-amour-de-soi-et-joie-detre\/\"]}]},{\"@type\":\"ImageObject\",\"inLanguage\":\"en-GB\",\"@id\":\"https:\/\/loiseauvert.fr\/produit\/solarisation-n29-elixir-vibratoire-pour-elan-vital-amour-de-soi-et-joie-detre\/#primaryimage\",\"url\":\"https:\/\/loiseauvert.fr\/wp-content\/uploads\/2023\/05\/oiseau-vert-solarisation-carva-29-jpg.webp\",\"contentUrl\":\"https:\/\/loiseauvert.fr\/wp-content\/uploads\/2023\/05\/oiseau-vert-solarisation-carva-29-jpg.webp\",\"width\":1000,\"height\":1000},{\"@type\":\"BreadcrumbList\",\"@id\":\"https:\/\/loiseauvert.fr\/produit\/solarisation-n29-elixir-vibratoire-pour-elan-vital-amour-de-soi-et-joie-detre\/#breadcrumb\",\"itemListElement\":[{\"@type\":\"ListItem\",\"position\":1,\"name\":\"Accueil\",\"item\":\"https:\/\/loiseauvert.fr\/\"},{\"@type\":\"ListItem\",\"position\":2,\"name\":\"Les Sp\u00e9cifiques\",\"item\":\"https:\/\/loiseauvert.fr\/categorie-produit\/les-specifiques\/\"},{\"@type\":\"ListItem\",\"position\":3,\"name\":\"Carva\"}]},{\"@type\":\"WebSite\",\"@id\":\"https:\/\/loiseauvert.fr\/#website\",\"url\":\"https:\/\/loiseauvert.fr\/\",\"name\":\"L&#039;Oiseau Vert\",\"description\":\"\",\"potentialAction\":[{\"@type\":\"SearchAction\",\"target\":{\"@type\":\"EntryPoint\",\"urlTemplate\":\"https:\/\/loiseauvert.fr\/?s={search_term_string}\"},\"query-input\":{\"@type\":\"PropertyValueSpecification\",\"valueRequired\":true,\"valueName\":\"search_term_string\"}}],\"inLanguage\":\"en-GB\"}]}<\/script>\n<!-- \/ Yoast SEO plugin. -->","yoast_head_json":{"title":"Carva - L&#039;Green Bird","description":"Solarisation n\u00b029 \u2013 \u00c9lixir vibratoire pour \u00e9lan vital, amour de soi et joie d\u2019\u00eatre, lib\u00e9ration des blocages \u00e9motionnels et harmonisation int\u00e9rieure.","robots":{"index":"index","follow":"follow","max-snippet":"max-snippet:-1","max-image-preview":"max-image-preview:large","max-video-preview":"max-video-preview:-1"},"canonical":"https:\/\/loiseauvert.fr\/en\/product\/solarisation-n29-elixir-vibratoire-pour-elan-vital-amour-de-soi-et-joie-detre\/","og_locale":"en_GB","og_type":"article","og_title":"Carva - L&#039;Oiseau Vert","og_description":"Solarisation n\u00b029 \u2013 \u00c9lixir vibratoire pour \u00e9lan vital, amour de soi et joie d\u2019\u00eatre, lib\u00e9ration des blocages \u00e9motionnels et harmonisation int\u00e9rieure.","og_url":"https:\/\/loiseauvert.fr\/en\/product\/solarisation-n29-elixir-vibratoire-pour-elan-vital-amour-de-soi-et-joie-detre\/","og_site_name":"L&#039;Oiseau Vert","article_modified_time":"2026-04-14T17:12:44+00:00","og_image":[{"width":1000,"height":1000,"url":"https:\/\/loiseauvert.fr\/wp-content\/uploads\/2023\/05\/oiseau-vert-solarisation-carva-29-jpg.webp","type":"image\/jpeg"}],"twitter_card":"summary_large_image","twitter_misc":{"Estimated reading time":"1 minute"},"schema":{"@context":"https:\/\/schema.org","@graph":[{"@type":"WebPage","@id":"https:\/\/loiseauvert.fr\/produit\/solarisation-n29-elixir-vibratoire-pour-elan-vital-amour-de-soi-et-joie-detre\/","url":"https:\/\/loiseauvert.fr\/produit\/solarisation-n29-elixir-vibratoire-pour-elan-vital-amour-de-soi-et-joie-detre\/","name":"Carva - L&#039;Green Bird","isPartOf":{"@id":"https:\/\/loiseauvert.fr\/#website"},"primaryImageOfPage":{"@id":"https:\/\/loiseauvert.fr\/produit\/solarisation-n29-elixir-vibratoire-pour-elan-vital-amour-de-soi-et-joie-detre\/#primaryimage"},"image":{"@id":"https:\/\/loiseauvert.fr\/produit\/solarisation-n29-elixir-vibratoire-pour-elan-vital-amour-de-soi-et-joie-detre\/#primaryimage"},"thumbnailUrl":"https:\/\/loiseauvert.fr\/wp-content\/uploads\/2023\/05\/oiseau-vert-solarisation-carva-29-jpg.webp","datePublished":"2023-05-19T09:50:15+00:00","dateModified":"2026-04-14T17:12:44+00:00","description":"Solarisation n\u00b029 \u2013 \u00c9lixir vibratoire pour \u00e9lan vital, amour de soi et joie d\u2019\u00eatre, lib\u00e9ration des blocages \u00e9motionnels et harmonisation int\u00e9rieure.","breadcrumb":{"@id":"https:\/\/loiseauvert.fr\/produit\/solarisation-n29-elixir-vibratoire-pour-elan-vital-amour-de-soi-et-joie-detre\/#breadcrumb"},"inLanguage":"en-GB","potentialAction":[{"@type":"ReadAction","target":["https:\/\/loiseauvert.fr\/produit\/solarisation-n29-elixir-vibratoire-pour-elan-vital-amour-de-soi-et-joie-detre\/"]}]},{"@type":"ImageObject","inLanguage":"en-GB","@id":"https:\/\/loiseauvert.fr\/produit\/solarisation-n29-elixir-vibratoire-pour-elan-vital-amour-de-soi-et-joie-detre\/#primaryimage","url":"https:\/\/loiseauvert.fr\/wp-content\/uploads\/2023\/05\/oiseau-vert-solarisation-carva-29-jpg.webp","contentUrl":"https:\/\/loiseauvert.fr\/wp-content\/uploads\/2023\/05\/oiseau-vert-solarisation-carva-29-jpg.webp","width":1000,"height":1000},{"@type":"BreadcrumbList","@id":"https:\/\/loiseauvert.fr\/produit\/solarisation-n29-elixir-vibratoire-pour-elan-vital-amour-de-soi-et-joie-detre\/#breadcrumb","itemListElement":[{"@type":"ListItem","position":1,"name":"Accueil","item":"https:\/\/loiseauvert.fr\/"},{"@type":"ListItem","position":2,"name":"Les Sp\u00e9cifiques","item":"https:\/\/loiseauvert.fr\/categorie-produit\/les-specifiques\/"},{"@type":"ListItem","position":3,"name":"Carva"}]},{"@type":"WebSite","@id":"https:\/\/loiseauvert.fr\/#website","url":"https:\/\/loiseauvert.fr\/","name":"The Green Bird","description":"","potentialAction":[{"@type":"SearchAction","target":{"@type":"EntryPoint","urlTemplate":"https:\/\/loiseauvert.fr\/?s={search_term_string}"},"query-input":{"@type":"PropertyValueSpecification","valueRequired":true,"valueName":"search_term_string"}}],"inLanguage":"en-GB"}]}},"batches":[{"id":"32","date_created":"2025-05-22 11:04:24","date_expiry":"2027-05-01 00:00:00","user_id":"8","batch_number":"19.25.068","location":"","quantity":"69.0000","quantity_available":"0.0000","units":"1","status":"archived","order_ids":"[14413,14434,13779,14486,14563,14569,14591,14602,14603,14620,14630,14679,14718,14833,14912,15183,15250,15330,15396,15479,15510,15554,15667,11411,15712,15755,15805,15954,16155,16163,16422,16554,16804,16833,17007,17058,17075,17152,17408,17514,17554,17613,17629,17664,17853,17941,17998,18024,18050,18129,18153,18171,18268]"},{"id":"181","date_created":"2026-02-09 09:51:28","date_expiry":"2028-02-01 00:00:00","user_id":"0","batch_number":"29.26.069","location":"","quantity":"77.0000","quantity_available":"64.0000","units":"1","status":"active","order_ids":"[18276,18354,18424,18487,18520,18554,18572,18698,18876,18886,18602,18957,19029]"}],"_links":{"self":[{"href":"https:\/\/loiseauvert.fr\/en\/wp-json\/wp\/v2\/product\/737","targetHints":{"allow":["GET"]}}],"collection":[{"href":"https:\/\/loiseauvert.fr\/en\/wp-json\/wp\/v2\/product"}],"about":[{"href":"https:\/\/loiseauvert.fr\/en\/wp-json\/wp\/v2\/types\/product"}],"wp:featuredmedia":[{"embeddable":true,"href":"https:\/\/loiseauvert.fr\/en\/wp-json\/wp\/v2\/media\/757"}],"wp:attachment":[{"href":"https:\/\/loiseauvert.fr\/en\/wp-json\/wp\/v2\/media?parent=737"}],"wp:term":[{"taxonomy":"product_brand","embeddable":true,"href":"https:\/\/loiseauvert.fr\/en\/wp-json\/wp\/v2\/product_brand?post=737"},{"taxonomy":"product_cat","embeddable":true,"href":"https:\/\/loiseauvert.fr\/en\/wp-json\/wp\/v2\/product_cat?post=737"},{"taxonomy":"product_tag","embeddable":true,"href":"https:\/\/loiseauvert.fr\/en\/wp-json\/wp\/v2\/product_tag?post=737"}],"curies":[{"name":"wp","href":"https:\/\/api.w.org\/{rel}","templated":true}]}}