{"id":736,"date":"2023-05-19T11:50:15","date_gmt":"2023-05-19T09:50:15","guid":{"rendered":"https:\/\/loiseauvert.fr\/?post_type=product&#038;p=736"},"modified":"2026-04-15T20:34:29","modified_gmt":"2026-04-15T18:34:29","slug":"solarisation-n39-elixir-vibratoire-pour-estime-de-soi-et-autonomie-personnelle","status":"publish","type":"product","link":"https:\/\/loiseauvert.fr\/en\/product\/solarisation-n39-elixir-vibratoire-pour-estime-de-soi-et-autonomie-personnelle\/","title":{"rendered":"Atox"},"content":{"rendered":"<h3>Solarization No. 39<\/h3>\n<p><strong>\u00ab\u00a0Je suis ma\u00eetre de ma vie, en paix avec moi-m\u00eame\u00a0\u00bb<\/strong><\/p>\n<ul>\n<li>Accompagne la lib\u00e9ration des comportements de d\u00e9pendance et des sch\u00e9mas d\u2019autodestruction.<\/li>\n<li>Soutient le d\u00e9veloppement de l\u2019estime personnelle, de la confiance en soi et la capacit\u00e9 \u00e0 reprendre pleinement le contr\u00f4le de sa vie.<\/li>\n<\/ul>","protected":false},"excerpt":{"rendered":"<p><strong data-start=\"89\" data-end=\"122\">Estime de soi<\/strong><\/p>\n<p>Soutient la reconnaissance de sa juste place dans le monde, dans un climat d\u2019amour et de respect.<\/p>\n<p>Accompagne l\u2019acceptation profonde de soi et la conscience m\u00e9rit\u00e9e d\u2019\u00eatre aim\u00e9 tel que l\u2019on est.<\/p>","protected":false},"featured_media":756,"template":"","meta":{"_acf_changed":false,"_glsr_average":0,"_glsr_ranking":0,"_glsr_reviews":0},"product_brand":[],"product_cat":[60],"product_tag":[],"class_list":{"0":"post-736","1":"product","2":"type-product","3":"status-publish","4":"has-post-thumbnail","6":"product_cat-les-specifiques","8":"first","9":"instock","10":"taxable","11":"shipping-taxable","12":"purchasable","13":"product-type-simple"},"supplier_id":null,"supplier_sku":"","barcode":null,"atum_controlled":true,"out_stock_date":null,"out_stock_threshold":null,"inheritable":false,"inbound_stock":null,"stock_on_hold":0,"sold_today":0,"sales_last_days":2,"reserved_stock":null,"customer_returns":null,"warehouse_damage":null,"lost_in_post":null,"other_logs":null,"out_stock_days":0,"lost_sales":0,"has_location":false,"update_date":"2026-04-17T12:51:03","atum_locations":[],"atum_stock_status":"instock","restock_status":false,"low_stock_amount":"","sales_update_date":"2026-04-17T12:51:03","calc_backorders":null,"acf":[],"yoast_head":"<!-- This site is optimized with the Yoast SEO plugin v26.9 - https:\/\/yoast.com\/product\/yoast-seo-wordpress\/ -->\n<title>Atox - L&#039;Oiseau Vert<\/title>\n<meta name=\"description\" content=\"Solarisation n\u00b039 \u2013 \u00c9lixir vibratoire pour renforcer estime de soi, autonomie et confiance, lib\u00e9rer comportements limitants et vivre en paix int\u00e9rieure.\" \/>\n<meta name=\"robots\" content=\"index, follow, max-snippet:-1, max-image-preview:large, max-video-preview:-1\" \/>\n<link rel=\"canonical\" href=\"https:\/\/loiseauvert.fr\/en\/product\/solarisation-n39-elixir-vibratoire-pour-estime-de-soi-et-autonomie-personnelle\/\" \/>\n<meta property=\"og:locale\" content=\"en_GB\" \/>\n<meta property=\"og:type\" content=\"article\" \/>\n<meta property=\"og:title\" content=\"Atox - L&#039;Oiseau Vert\" \/>\n<meta property=\"og:description\" content=\"Solarisation n\u00b039 \u2013 \u00c9lixir vibratoire pour renforcer estime de soi, autonomie et confiance, lib\u00e9rer comportements limitants et vivre en paix int\u00e9rieure.\" \/>\n<meta property=\"og:url\" content=\"https:\/\/loiseauvert.fr\/en\/product\/solarisation-n39-elixir-vibratoire-pour-estime-de-soi-et-autonomie-personnelle\/\" \/>\n<meta property=\"og:site_name\" content=\"L&#039;Oiseau Vert\" \/>\n<meta property=\"article:modified_time\" content=\"2026-04-15T18:34:29+00:00\" \/>\n<meta property=\"og:image\" content=\"https:\/\/loiseauvert.fr\/wp-content\/uploads\/2023\/05\/oiseau-vert-solarisation-atox-39-jpg.webp\" \/>\n\t<meta property=\"og:image:width\" content=\"1000\" \/>\n\t<meta property=\"og:image:height\" content=\"1000\" \/>\n\t<meta property=\"og:image:type\" content=\"image\/jpeg\" \/>\n<meta name=\"twitter:card\" content=\"summary_large_image\" \/>\n<meta name=\"twitter:label1\" content=\"Estimated reading time\" \/>\n\t<meta name=\"twitter:data1\" content=\"1 minute\" \/>\n<script type=\"application\/ld+json\" class=\"yoast-schema-graph\">{\"@context\":\"https:\/\/schema.org\",\"@graph\":[{\"@type\":\"WebPage\",\"@id\":\"https:\/\/loiseauvert.fr\/produit\/solarisation-n39-elixir-vibratoire-pour-estime-de-soi-et-autonomie-personnelle\/\",\"url\":\"https:\/\/loiseauvert.fr\/produit\/solarisation-n39-elixir-vibratoire-pour-estime-de-soi-et-autonomie-personnelle\/\",\"name\":\"Atox - L&#039;Oiseau Vert\",\"isPartOf\":{\"@id\":\"https:\/\/loiseauvert.fr\/#website\"},\"primaryImageOfPage\":{\"@id\":\"https:\/\/loiseauvert.fr\/produit\/solarisation-n39-elixir-vibratoire-pour-estime-de-soi-et-autonomie-personnelle\/#primaryimage\"},\"image\":{\"@id\":\"https:\/\/loiseauvert.fr\/produit\/solarisation-n39-elixir-vibratoire-pour-estime-de-soi-et-autonomie-personnelle\/#primaryimage\"},\"thumbnailUrl\":\"https:\/\/loiseauvert.fr\/wp-content\/uploads\/2023\/05\/oiseau-vert-solarisation-atox-39-jpg.webp\",\"datePublished\":\"2023-05-19T09:50:15+00:00\",\"dateModified\":\"2026-04-15T18:34:29+00:00\",\"description\":\"Solarisation n\u00b039 \u2013 \u00c9lixir vibratoire pour renforcer estime de soi, autonomie et confiance, lib\u00e9rer comportements limitants et vivre en paix int\u00e9rieure.\",\"breadcrumb\":{\"@id\":\"https:\/\/loiseauvert.fr\/produit\/solarisation-n39-elixir-vibratoire-pour-estime-de-soi-et-autonomie-personnelle\/#breadcrumb\"},\"inLanguage\":\"en-GB\",\"potentialAction\":[{\"@type\":\"ReadAction\",\"target\":[\"https:\/\/loiseauvert.fr\/produit\/solarisation-n39-elixir-vibratoire-pour-estime-de-soi-et-autonomie-personnelle\/\"]}]},{\"@type\":\"ImageObject\",\"inLanguage\":\"en-GB\",\"@id\":\"https:\/\/loiseauvert.fr\/produit\/solarisation-n39-elixir-vibratoire-pour-estime-de-soi-et-autonomie-personnelle\/#primaryimage\",\"url\":\"https:\/\/loiseauvert.fr\/wp-content\/uploads\/2023\/05\/oiseau-vert-solarisation-atox-39-jpg.webp\",\"contentUrl\":\"https:\/\/loiseauvert.fr\/wp-content\/uploads\/2023\/05\/oiseau-vert-solarisation-atox-39-jpg.webp\",\"width\":1000,\"height\":1000},{\"@type\":\"BreadcrumbList\",\"@id\":\"https:\/\/loiseauvert.fr\/produit\/solarisation-n39-elixir-vibratoire-pour-estime-de-soi-et-autonomie-personnelle\/#breadcrumb\",\"itemListElement\":[{\"@type\":\"ListItem\",\"position\":1,\"name\":\"Accueil\",\"item\":\"https:\/\/loiseauvert.fr\/\"},{\"@type\":\"ListItem\",\"position\":2,\"name\":\"Les Sp\u00e9cifiques\",\"item\":\"https:\/\/loiseauvert.fr\/categorie-produit\/les-specifiques\/\"},{\"@type\":\"ListItem\",\"position\":3,\"name\":\"Atox\"}]},{\"@type\":\"WebSite\",\"@id\":\"https:\/\/loiseauvert.fr\/#website\",\"url\":\"https:\/\/loiseauvert.fr\/\",\"name\":\"L&#039;Oiseau Vert\",\"description\":\"\",\"potentialAction\":[{\"@type\":\"SearchAction\",\"target\":{\"@type\":\"EntryPoint\",\"urlTemplate\":\"https:\/\/loiseauvert.fr\/?s={search_term_string}\"},\"query-input\":{\"@type\":\"PropertyValueSpecification\",\"valueRequired\":true,\"valueName\":\"search_term_string\"}}],\"inLanguage\":\"en-GB\"}]}<\/script>\n<!-- \/ Yoast SEO plugin. -->","yoast_head_json":{"title":"Atox - L&#039;Green Bird","description":"Solarisation n\u00b039 \u2013 \u00c9lixir vibratoire pour renforcer estime de soi, autonomie et confiance, lib\u00e9rer comportements limitants et vivre en paix int\u00e9rieure.","robots":{"index":"index","follow":"follow","max-snippet":"max-snippet:-1","max-image-preview":"max-image-preview:large","max-video-preview":"max-video-preview:-1"},"canonical":"https:\/\/loiseauvert.fr\/en\/product\/solarisation-n39-elixir-vibratoire-pour-estime-de-soi-et-autonomie-personnelle\/","og_locale":"en_GB","og_type":"article","og_title":"Atox - L&#039;Oiseau Vert","og_description":"Solarisation n\u00b039 \u2013 \u00c9lixir vibratoire pour renforcer estime de soi, autonomie et confiance, lib\u00e9rer comportements limitants et vivre en paix int\u00e9rieure.","og_url":"https:\/\/loiseauvert.fr\/en\/product\/solarisation-n39-elixir-vibratoire-pour-estime-de-soi-et-autonomie-personnelle\/","og_site_name":"L&#039;Oiseau Vert","article_modified_time":"2026-04-15T18:34:29+00:00","og_image":[{"width":1000,"height":1000,"url":"https:\/\/loiseauvert.fr\/wp-content\/uploads\/2023\/05\/oiseau-vert-solarisation-atox-39-jpg.webp","type":"image\/jpeg"}],"twitter_card":"summary_large_image","twitter_misc":{"Estimated reading time":"1 minute"},"schema":{"@context":"https:\/\/schema.org","@graph":[{"@type":"WebPage","@id":"https:\/\/loiseauvert.fr\/produit\/solarisation-n39-elixir-vibratoire-pour-estime-de-soi-et-autonomie-personnelle\/","url":"https:\/\/loiseauvert.fr\/produit\/solarisation-n39-elixir-vibratoire-pour-estime-de-soi-et-autonomie-personnelle\/","name":"Atox - L&#039;Green Bird","isPartOf":{"@id":"https:\/\/loiseauvert.fr\/#website"},"primaryImageOfPage":{"@id":"https:\/\/loiseauvert.fr\/produit\/solarisation-n39-elixir-vibratoire-pour-estime-de-soi-et-autonomie-personnelle\/#primaryimage"},"image":{"@id":"https:\/\/loiseauvert.fr\/produit\/solarisation-n39-elixir-vibratoire-pour-estime-de-soi-et-autonomie-personnelle\/#primaryimage"},"thumbnailUrl":"https:\/\/loiseauvert.fr\/wp-content\/uploads\/2023\/05\/oiseau-vert-solarisation-atox-39-jpg.webp","datePublished":"2023-05-19T09:50:15+00:00","dateModified":"2026-04-15T18:34:29+00:00","description":"Solarisation n\u00b039 \u2013 \u00c9lixir vibratoire pour renforcer estime de soi, autonomie et confiance, lib\u00e9rer comportements limitants et vivre en paix int\u00e9rieure.","breadcrumb":{"@id":"https:\/\/loiseauvert.fr\/produit\/solarisation-n39-elixir-vibratoire-pour-estime-de-soi-et-autonomie-personnelle\/#breadcrumb"},"inLanguage":"en-GB","potentialAction":[{"@type":"ReadAction","target":["https:\/\/loiseauvert.fr\/produit\/solarisation-n39-elixir-vibratoire-pour-estime-de-soi-et-autonomie-personnelle\/"]}]},{"@type":"ImageObject","inLanguage":"en-GB","@id":"https:\/\/loiseauvert.fr\/produit\/solarisation-n39-elixir-vibratoire-pour-estime-de-soi-et-autonomie-personnelle\/#primaryimage","url":"https:\/\/loiseauvert.fr\/wp-content\/uploads\/2023\/05\/oiseau-vert-solarisation-atox-39-jpg.webp","contentUrl":"https:\/\/loiseauvert.fr\/wp-content\/uploads\/2023\/05\/oiseau-vert-solarisation-atox-39-jpg.webp","width":1000,"height":1000},{"@type":"BreadcrumbList","@id":"https:\/\/loiseauvert.fr\/produit\/solarisation-n39-elixir-vibratoire-pour-estime-de-soi-et-autonomie-personnelle\/#breadcrumb","itemListElement":[{"@type":"ListItem","position":1,"name":"Accueil","item":"https:\/\/loiseauvert.fr\/"},{"@type":"ListItem","position":2,"name":"Les Sp\u00e9cifiques","item":"https:\/\/loiseauvert.fr\/categorie-produit\/les-specifiques\/"},{"@type":"ListItem","position":3,"name":"Atox"}]},{"@type":"WebSite","@id":"https:\/\/loiseauvert.fr\/#website","url":"https:\/\/loiseauvert.fr\/","name":"The Green Bird","description":"","potentialAction":[{"@type":"SearchAction","target":{"@type":"EntryPoint","urlTemplate":"https:\/\/loiseauvert.fr\/?s={search_term_string}"},"query-input":{"@type":"PropertyValueSpecification","valueRequired":true,"valueName":"search_term_string"}}],"inLanguage":"en-GB"}]}},"batches":[{"id":"40","date_created":"2025-05-22 11:37:24","date_expiry":"2026-11-01 00:00:00","user_id":"8","batch_number":"39.24.033","location":"","quantity":"17.0000","quantity_available":"0.0000","units":"1","status":"archived","order_ids":"[14505,14672,14810,14812,14824,14828,14885,14984,15103,15144,15172,15223,15261,15387]"},{"id":"89","date_created":"2025-07-28 15:26:50","date_expiry":"2027-07-01 00:00:00","user_id":"8","batch_number":"39.25.034","location":"","quantity":"76.0000","quantity_available":"8.0000","units":"1","status":"active","order_ids":"[15427,15467,15497,15603,15684,15696,15750,15772,15834,15913,15957,15959,16097,16107,16176,16198,16386,16403,16495,16534,16616,16996,17252,17818,17846,17877,17941,17943,17972,18005,18024,18026,18165,18366,18423,18555,18637,18677,18763,18768,18821,18602,18966,19019,19044]"}],"_links":{"self":[{"href":"https:\/\/loiseauvert.fr\/en\/wp-json\/wp\/v2\/product\/736","targetHints":{"allow":["GET"]}}],"collection":[{"href":"https:\/\/loiseauvert.fr\/en\/wp-json\/wp\/v2\/product"}],"about":[{"href":"https:\/\/loiseauvert.fr\/en\/wp-json\/wp\/v2\/types\/product"}],"wp:featuredmedia":[{"embeddable":true,"href":"https:\/\/loiseauvert.fr\/en\/wp-json\/wp\/v2\/media\/756"}],"wp:attachment":[{"href":"https:\/\/loiseauvert.fr\/en\/wp-json\/wp\/v2\/media?parent=736"}],"wp:term":[{"taxonomy":"product_brand","embeddable":true,"href":"https:\/\/loiseauvert.fr\/en\/wp-json\/wp\/v2\/product_brand?post=736"},{"taxonomy":"product_cat","embeddable":true,"href":"https:\/\/loiseauvert.fr\/en\/wp-json\/wp\/v2\/product_cat?post=736"},{"taxonomy":"product_tag","embeddable":true,"href":"https:\/\/loiseauvert.fr\/en\/wp-json\/wp\/v2\/product_tag?post=736"}],"curies":[{"name":"wp","href":"https:\/\/api.w.org\/{rel}","templated":true}]}}