{"id":670,"date":"2023-05-19T11:46:19","date_gmt":"2023-05-19T09:46:19","guid":{"rendered":"https:\/\/loiseauvert.fr\/?post_type=product&#038;p=670"},"modified":"2026-04-15T09:34:42","modified_gmt":"2026-04-15T07:34:42","slug":"solarisation-n19-elixir-vibratoire-pour-transformation-et-renouveau-interieur","status":"publish","type":"product","link":"https:\/\/loiseauvert.fr\/en\/product\/solarisation-n19-elixir-vibratoire-pour-transformation-et-renouveau-interieur\/","title":{"rendered":"Aria"},"content":{"rendered":"<h3>Solarization No. 19<\/h3>\n<p><strong>\u00ab\u00a0Elan de transformation et de renouveau int\u00e9rieur\u00a0\u00bb<\/strong><\/p>\n<ul>\n<li>\n<p data-start=\"181\" data-end=\"550\">Accompagne le rel\u00e2chement des tensions li\u00e9es \u00e0 un sentiment d\u2019oppression ou \u00e0 des exigences de performance.<\/p>\n<\/li>\n<li>\n<p data-start=\"181\" data-end=\"550\">Soutient l\u2019expression des \u00e9motions refoul\u00e9es et encourage une attitude plus douce, chaleureuse et bienveillante envers soi-m\u00eame.<\/p>\n<\/li>\n<li>\n<p data-start=\"181\" data-end=\"550\">Aide \u00e0 retrouver un \u00e9quilibre affectif, en favorisant le lien \u00e0 soi et \u00e0 l\u2019autre dans la tendresse.<\/p>\n<\/li>\n<\/ul>","protected":false},"excerpt":{"rendered":"<p data-start=\"316\" data-end=\"374\"><strong data-start=\"320\" data-end=\"372\">Transition &amp; Renouveau int\u00e9rieur<\/strong><\/p>\n<p>Favorise un mieux-\u00eatre lors de p\u00e9riodes de transition ou apr\u00e8s un choc \u00e9motionnel.<\/p>\n<p>Soutient l\u2019acceptation du changement et invite \u00e0 une ouverture vers une nouvelle dynamique personnelle.<\/p>","protected":false},"featured_media":691,"template":"","meta":{"_acf_changed":false,"_glsr_average":0,"_glsr_ranking":0,"_glsr_reviews":0},"product_brand":[],"product_cat":[60],"product_tag":[],"class_list":{"0":"post-670","1":"product","2":"type-product","3":"status-publish","4":"has-post-thumbnail","6":"product_cat-les-specifiques","8":"first","9":"instock","10":"taxable","11":"shipping-taxable","12":"purchasable","13":"product-type-simple"},"supplier_id":null,"supplier_sku":"","barcode":null,"atum_controlled":true,"out_stock_date":null,"out_stock_threshold":null,"inheritable":false,"inbound_stock":null,"stock_on_hold":6,"sold_today":0,"sales_last_days":6,"reserved_stock":null,"customer_returns":null,"warehouse_damage":null,"lost_in_post":null,"other_logs":null,"out_stock_days":0,"lost_sales":0,"has_location":false,"update_date":"2026-04-17T10:17:34","atum_locations":[],"atum_stock_status":"instock","restock_status":false,"low_stock_amount":"","sales_update_date":"2026-04-17T10:17:34","calc_backorders":null,"acf":[],"yoast_head":"<!-- This site is optimized with the Yoast SEO plugin v26.9 - https:\/\/yoast.com\/product\/yoast-seo-wordpress\/ -->\n<title>Aria - L&#039;Oiseau Vert<\/title>\n<meta name=\"description\" content=\"Solarisation n\u00b019 \u2013 \u00c9lixir vibratoire pour transformation int\u00e9rieure, lib\u00e9ration des tensions et \u00e9quilibre affectif, favorisant douceur et bienveillance.\" \/>\n<meta name=\"robots\" content=\"index, follow, max-snippet:-1, max-image-preview:large, max-video-preview:-1\" \/>\n<link rel=\"canonical\" href=\"https:\/\/loiseauvert.fr\/en\/product\/solarisation-n19-elixir-vibratoire-pour-transformation-et-renouveau-interieur\/\" \/>\n<meta property=\"og:locale\" content=\"en_GB\" \/>\n<meta property=\"og:type\" content=\"article\" \/>\n<meta property=\"og:title\" content=\"Aria - L&#039;Oiseau Vert\" \/>\n<meta property=\"og:description\" content=\"Solarisation n\u00b019 \u2013 \u00c9lixir vibratoire pour transformation int\u00e9rieure, lib\u00e9ration des tensions et \u00e9quilibre affectif, favorisant douceur et bienveillance.\" \/>\n<meta property=\"og:url\" content=\"https:\/\/loiseauvert.fr\/en\/product\/solarisation-n19-elixir-vibratoire-pour-transformation-et-renouveau-interieur\/\" \/>\n<meta property=\"og:site_name\" content=\"L&#039;Oiseau Vert\" \/>\n<meta property=\"article:modified_time\" content=\"2026-04-15T07:34:42+00:00\" \/>\n<meta property=\"og:image\" content=\"https:\/\/loiseauvert.fr\/wp-content\/uploads\/2023\/05\/oiseau-vert-solarisation-aria-19-jpg.webp\" \/>\n\t<meta property=\"og:image:width\" content=\"1000\" \/>\n\t<meta property=\"og:image:height\" content=\"1000\" \/>\n\t<meta property=\"og:image:type\" content=\"image\/jpeg\" \/>\n<meta name=\"twitter:card\" content=\"summary_large_image\" \/>\n<meta name=\"twitter:label1\" content=\"Estimated reading time\" \/>\n\t<meta name=\"twitter:data1\" content=\"1 minute\" \/>\n<script type=\"application\/ld+json\" class=\"yoast-schema-graph\">{\"@context\":\"https:\/\/schema.org\",\"@graph\":[{\"@type\":\"WebPage\",\"@id\":\"https:\/\/loiseauvert.fr\/produit\/solarisation-n19-elixir-vibratoire-pour-transformation-et-renouveau-interieur\/\",\"url\":\"https:\/\/loiseauvert.fr\/produit\/solarisation-n19-elixir-vibratoire-pour-transformation-et-renouveau-interieur\/\",\"name\":\"Aria - L&#039;Oiseau Vert\",\"isPartOf\":{\"@id\":\"https:\/\/loiseauvert.fr\/#website\"},\"primaryImageOfPage\":{\"@id\":\"https:\/\/loiseauvert.fr\/produit\/solarisation-n19-elixir-vibratoire-pour-transformation-et-renouveau-interieur\/#primaryimage\"},\"image\":{\"@id\":\"https:\/\/loiseauvert.fr\/produit\/solarisation-n19-elixir-vibratoire-pour-transformation-et-renouveau-interieur\/#primaryimage\"},\"thumbnailUrl\":\"https:\/\/loiseauvert.fr\/wp-content\/uploads\/2023\/05\/oiseau-vert-solarisation-aria-19-jpg.webp\",\"datePublished\":\"2023-05-19T09:46:19+00:00\",\"dateModified\":\"2026-04-15T07:34:42+00:00\",\"description\":\"Solarisation n\u00b019 \u2013 \u00c9lixir vibratoire pour transformation int\u00e9rieure, lib\u00e9ration des tensions et \u00e9quilibre affectif, favorisant douceur et bienveillance.\",\"breadcrumb\":{\"@id\":\"https:\/\/loiseauvert.fr\/produit\/solarisation-n19-elixir-vibratoire-pour-transformation-et-renouveau-interieur\/#breadcrumb\"},\"inLanguage\":\"en-GB\",\"potentialAction\":[{\"@type\":\"ReadAction\",\"target\":[\"https:\/\/loiseauvert.fr\/produit\/solarisation-n19-elixir-vibratoire-pour-transformation-et-renouveau-interieur\/\"]}]},{\"@type\":\"ImageObject\",\"inLanguage\":\"en-GB\",\"@id\":\"https:\/\/loiseauvert.fr\/produit\/solarisation-n19-elixir-vibratoire-pour-transformation-et-renouveau-interieur\/#primaryimage\",\"url\":\"https:\/\/loiseauvert.fr\/wp-content\/uploads\/2023\/05\/oiseau-vert-solarisation-aria-19-jpg.webp\",\"contentUrl\":\"https:\/\/loiseauvert.fr\/wp-content\/uploads\/2023\/05\/oiseau-vert-solarisation-aria-19-jpg.webp\",\"width\":1000,\"height\":1000},{\"@type\":\"BreadcrumbList\",\"@id\":\"https:\/\/loiseauvert.fr\/produit\/solarisation-n19-elixir-vibratoire-pour-transformation-et-renouveau-interieur\/#breadcrumb\",\"itemListElement\":[{\"@type\":\"ListItem\",\"position\":1,\"name\":\"Accueil\",\"item\":\"https:\/\/loiseauvert.fr\/\"},{\"@type\":\"ListItem\",\"position\":2,\"name\":\"Les Sp\u00e9cifiques\",\"item\":\"https:\/\/loiseauvert.fr\/categorie-produit\/les-specifiques\/\"},{\"@type\":\"ListItem\",\"position\":3,\"name\":\"Aria\"}]},{\"@type\":\"WebSite\",\"@id\":\"https:\/\/loiseauvert.fr\/#website\",\"url\":\"https:\/\/loiseauvert.fr\/\",\"name\":\"L&#039;Oiseau Vert\",\"description\":\"\",\"potentialAction\":[{\"@type\":\"SearchAction\",\"target\":{\"@type\":\"EntryPoint\",\"urlTemplate\":\"https:\/\/loiseauvert.fr\/?s={search_term_string}\"},\"query-input\":{\"@type\":\"PropertyValueSpecification\",\"valueRequired\":true,\"valueName\":\"search_term_string\"}}],\"inLanguage\":\"en-GB\"}]}<\/script>\n<!-- \/ Yoast SEO plugin. -->","yoast_head_json":{"title":"Aria - The Green Bird","description":"Solarisation n\u00b019 \u2013 \u00c9lixir vibratoire pour transformation int\u00e9rieure, lib\u00e9ration des tensions et \u00e9quilibre affectif, favorisant douceur et bienveillance.","robots":{"index":"index","follow":"follow","max-snippet":"max-snippet:-1","max-image-preview":"max-image-preview:large","max-video-preview":"max-video-preview:-1"},"canonical":"https:\/\/loiseauvert.fr\/en\/product\/solarisation-n19-elixir-vibratoire-pour-transformation-et-renouveau-interieur\/","og_locale":"en_GB","og_type":"article","og_title":"Aria - L&#039;Oiseau Vert","og_description":"Solarisation n\u00b019 \u2013 \u00c9lixir vibratoire pour transformation int\u00e9rieure, lib\u00e9ration des tensions et \u00e9quilibre affectif, favorisant douceur et bienveillance.","og_url":"https:\/\/loiseauvert.fr\/en\/product\/solarisation-n19-elixir-vibratoire-pour-transformation-et-renouveau-interieur\/","og_site_name":"L&#039;Oiseau Vert","article_modified_time":"2026-04-15T07:34:42+00:00","og_image":[{"width":1000,"height":1000,"url":"https:\/\/loiseauvert.fr\/wp-content\/uploads\/2023\/05\/oiseau-vert-solarisation-aria-19-jpg.webp","type":"image\/jpeg"}],"twitter_card":"summary_large_image","twitter_misc":{"Estimated reading time":"1 minute"},"schema":{"@context":"https:\/\/schema.org","@graph":[{"@type":"WebPage","@id":"https:\/\/loiseauvert.fr\/produit\/solarisation-n19-elixir-vibratoire-pour-transformation-et-renouveau-interieur\/","url":"https:\/\/loiseauvert.fr\/produit\/solarisation-n19-elixir-vibratoire-pour-transformation-et-renouveau-interieur\/","name":"Aria - The Green Bird","isPartOf":{"@id":"https:\/\/loiseauvert.fr\/#website"},"primaryImageOfPage":{"@id":"https:\/\/loiseauvert.fr\/produit\/solarisation-n19-elixir-vibratoire-pour-transformation-et-renouveau-interieur\/#primaryimage"},"image":{"@id":"https:\/\/loiseauvert.fr\/produit\/solarisation-n19-elixir-vibratoire-pour-transformation-et-renouveau-interieur\/#primaryimage"},"thumbnailUrl":"https:\/\/loiseauvert.fr\/wp-content\/uploads\/2023\/05\/oiseau-vert-solarisation-aria-19-jpg.webp","datePublished":"2023-05-19T09:46:19+00:00","dateModified":"2026-04-15T07:34:42+00:00","description":"Solarisation n\u00b019 \u2013 \u00c9lixir vibratoire pour transformation int\u00e9rieure, lib\u00e9ration des tensions et \u00e9quilibre affectif, favorisant douceur et bienveillance.","breadcrumb":{"@id":"https:\/\/loiseauvert.fr\/produit\/solarisation-n19-elixir-vibratoire-pour-transformation-et-renouveau-interieur\/#breadcrumb"},"inLanguage":"en-GB","potentialAction":[{"@type":"ReadAction","target":["https:\/\/loiseauvert.fr\/produit\/solarisation-n19-elixir-vibratoire-pour-transformation-et-renouveau-interieur\/"]}]},{"@type":"ImageObject","inLanguage":"en-GB","@id":"https:\/\/loiseauvert.fr\/produit\/solarisation-n19-elixir-vibratoire-pour-transformation-et-renouveau-interieur\/#primaryimage","url":"https:\/\/loiseauvert.fr\/wp-content\/uploads\/2023\/05\/oiseau-vert-solarisation-aria-19-jpg.webp","contentUrl":"https:\/\/loiseauvert.fr\/wp-content\/uploads\/2023\/05\/oiseau-vert-solarisation-aria-19-jpg.webp","width":1000,"height":1000},{"@type":"BreadcrumbList","@id":"https:\/\/loiseauvert.fr\/produit\/solarisation-n19-elixir-vibratoire-pour-transformation-et-renouveau-interieur\/#breadcrumb","itemListElement":[{"@type":"ListItem","position":1,"name":"Accueil","item":"https:\/\/loiseauvert.fr\/"},{"@type":"ListItem","position":2,"name":"Les Sp\u00e9cifiques","item":"https:\/\/loiseauvert.fr\/categorie-produit\/les-specifiques\/"},{"@type":"ListItem","position":3,"name":"Aria"}]},{"@type":"WebSite","@id":"https:\/\/loiseauvert.fr\/#website","url":"https:\/\/loiseauvert.fr\/","name":"The Green Bird","description":"","potentialAction":[{"@type":"SearchAction","target":{"@type":"EntryPoint","urlTemplate":"https:\/\/loiseauvert.fr\/?s={search_term_string}"},"query-input":{"@type":"PropertyValueSpecification","valueRequired":true,"valueName":"search_term_string"}}],"inLanguage":"en-GB"}]}},"batches":[{"id":"22","date_created":"2025-05-22 10:51:44","date_expiry":"2027-01-01 00:00:00","user_id":"8","batch_number":"19.25.070","location":"","quantity":"32.0000","quantity_available":"0.0000","units":"1","status":"archived","order_ids":"[13864,14601,14630,14669,14804,14818,14852,14981,14982,15144,15152,15170,15221,15244,15283,15364,15373,15387,17208,17242]"},{"id":"95","date_created":"2025-07-30 09:31:51","date_expiry":"2027-07-01 00:00:00","user_id":"8","batch_number":"19.25.071","location":"","quantity":"72.0000","quantity_available":"0.0000","units":"1","status":"archived","order_ids":"[15387,15436,15458,15605,15634,15640,15746,15768,15888,15918,15996,16023,16053,16125,16192,16307,16312,16384,16400,16414,16466,16563,16663,16725,16728,16771,16787,16815,16825,16843,16913,17013,17056,17116,17447,17462,17469,17507,17517,17526,17555,17795,17899,18010,18024,18043,18046,18214,18349,18413,18437,18493,18532,18555]"},{"id":"184","date_created":"2026-02-13 17:26:11","date_expiry":"2028-02-01 00:00:00","user_id":"0","batch_number":"19.26.072","location":"","quantity":"74.0000","quantity_available":"52.0000","units":"1","status":"active","order_ids":"[18555,18611,18686,18720,18830,18892,18915,18602,19011,19033]"}],"_links":{"self":[{"href":"https:\/\/loiseauvert.fr\/en\/wp-json\/wp\/v2\/product\/670","targetHints":{"allow":["GET"]}}],"collection":[{"href":"https:\/\/loiseauvert.fr\/en\/wp-json\/wp\/v2\/product"}],"about":[{"href":"https:\/\/loiseauvert.fr\/en\/wp-json\/wp\/v2\/types\/product"}],"wp:featuredmedia":[{"embeddable":true,"href":"https:\/\/loiseauvert.fr\/en\/wp-json\/wp\/v2\/media\/691"}],"wp:attachment":[{"href":"https:\/\/loiseauvert.fr\/en\/wp-json\/wp\/v2\/media?parent=670"}],"wp:term":[{"taxonomy":"product_brand","embeddable":true,"href":"https:\/\/loiseauvert.fr\/en\/wp-json\/wp\/v2\/product_brand?post=670"},{"taxonomy":"product_cat","embeddable":true,"href":"https:\/\/loiseauvert.fr\/en\/wp-json\/wp\/v2\/product_cat?post=670"},{"taxonomy":"product_tag","embeddable":true,"href":"https:\/\/loiseauvert.fr\/en\/wp-json\/wp\/v2\/product_tag?post=670"}],"curies":[{"name":"wp","href":"https:\/\/api.w.org\/{rel}","templated":true}]}}