{"id":603,"date":"2023-05-19T11:45:22","date_gmt":"2023-05-19T09:45:22","guid":{"rendered":"https:\/\/loiseauvert.fr\/?post_type=product&#038;p=603"},"modified":"2026-04-13T15:44:27","modified_gmt":"2026-04-13T13:44:27","slug":"solarisation-n42-elixir-vibratoire-pour-stabilite-ancrage-et-clarte-interieure","status":"publish","type":"product","link":"https:\/\/loiseauvert.fr\/en\/product\/solarisation-n42-elixir-vibratoire-pour-stabilite-ancrage-et-clarte-interieure\/","title":{"rendered":"Archlia"},"content":{"rendered":"<h3>Solarization No. 42<\/h3>\n<p><strong>\u00ab\u00a0Je suis stable, en phase avec mon rythme et mes choix\u00a0\u00bb<\/strong><\/p>\n<ul>\n<li>Favorise une meilleure sensation d\u2019ancrage et de recentrage dans les p\u00e9riodes de transition ou de d\u00e9s\u00e9quilibre int\u00e9rieur.<\/li>\n<li>Peut accompagner les personnes ressentant un manque de rep\u00e8res, une baisse de confiance ou un sentiment de dispersion.<\/li>\n<li data-start=\"532\" data-end=\"641\">\n<p data-start=\"534\" data-end=\"641\">Pour soutenir l\u2019adaptation lors de changements ou de d\u00e9placements (d\u00e9calages horaires, rythmes perturb\u00e9s)<\/p>\n<\/li>\n<li data-start=\"642\" data-end=\"730\">\n<p data-start=\"644\" data-end=\"730\">Pour aider \u00e0 retrouver une sensation d\u2019unit\u00e9 entre les diff\u00e9rentes dimensions de soi<\/p>\n<\/li>\n<li data-start=\"731\" data-end=\"805\">\n<p data-start=\"733\" data-end=\"805\">Pour favoriser la clart\u00e9 int\u00e9rieure et la compr\u00e9hension de ses ressentis<\/p>\n<\/li>\n<\/ul>","protected":false},"excerpt":{"rendered":"<p>Favorise une sensation de clart\u00e9 int\u00e9rieure et de recentrage, en accompagnant les moments o\u00f9 l\u2019on souhaite se reconnecter \u00e0 soi-m\u00eame.<\/p>\n<p>&nbsp;<\/p>","protected":false},"featured_media":627,"template":"","meta":{"_acf_changed":false,"_glsr_average":0,"_glsr_ranking":0,"_glsr_reviews":0},"product_brand":[],"product_cat":[60],"product_tag":[],"class_list":{"0":"post-603","1":"product","2":"type-product","3":"status-publish","4":"has-post-thumbnail","6":"product_cat-les-specifiques","8":"first","9":"instock","10":"taxable","11":"shipping-taxable","12":"purchasable","13":"product-type-simple"},"supplier_id":null,"supplier_sku":"","barcode":null,"atum_controlled":true,"out_stock_date":null,"out_stock_threshold":null,"inheritable":false,"inbound_stock":null,"stock_on_hold":0,"sold_today":0,"sales_last_days":2,"reserved_stock":null,"customer_returns":null,"warehouse_damage":null,"lost_in_post":null,"other_logs":null,"out_stock_days":0,"lost_sales":0,"has_location":false,"update_date":"2026-04-17T10:17:33","atum_locations":[],"atum_stock_status":"instock","restock_status":false,"low_stock_amount":"","sales_update_date":"2026-04-17T10:17:33","calc_backorders":null,"acf":[],"yoast_head":"<!-- This site is optimized with the Yoast SEO plugin v26.9 - https:\/\/yoast.com\/product\/yoast-seo-wordpress\/ -->\n<title>Archelia - L&#039;Oiseau Vert<\/title>\n<meta name=\"description\" content=\"Solarisation n\u00b042 \u2013 \u00c9lixir vibratoire pour stabilit\u00e9, ancrage et clart\u00e9 int\u00e9rieure, soutien \u00e9motionnel et adaptation aux transitions ou changements.\" \/>\n<meta name=\"robots\" content=\"index, follow, max-snippet:-1, max-image-preview:large, max-video-preview:-1\" \/>\n<link rel=\"canonical\" href=\"https:\/\/loiseauvert.fr\/en\/product\/solarisation-n42-elixir-vibratoire-pour-stabilite-ancrage-et-clarte-interieure\/\" \/>\n<meta property=\"og:locale\" content=\"en_GB\" \/>\n<meta property=\"og:type\" content=\"article\" \/>\n<meta property=\"og:title\" content=\"Archelia - L&#039;Oiseau Vert\" \/>\n<meta property=\"og:description\" content=\"Solarisation n\u00b042 \u2013 \u00c9lixir vibratoire pour stabilit\u00e9, ancrage et clart\u00e9 int\u00e9rieure, soutien \u00e9motionnel et adaptation aux transitions ou changements.\" \/>\n<meta property=\"og:url\" content=\"https:\/\/loiseauvert.fr\/en\/product\/solarisation-n42-elixir-vibratoire-pour-stabilite-ancrage-et-clarte-interieure\/\" \/>\n<meta property=\"og:site_name\" content=\"L&#039;Oiseau Vert\" \/>\n<meta property=\"article:modified_time\" content=\"2026-04-13T13:44:27+00:00\" \/>\n<meta property=\"og:image\" content=\"https:\/\/loiseauvert.fr\/wp-content\/uploads\/2023\/05\/oiseau-vert-solarisation-archelia-42-jpg.webp\" \/>\n\t<meta property=\"og:image:width\" content=\"1000\" \/>\n\t<meta property=\"og:image:height\" content=\"1000\" \/>\n\t<meta property=\"og:image:type\" content=\"image\/jpeg\" \/>\n<meta name=\"twitter:card\" content=\"summary_large_image\" \/>\n<meta name=\"twitter:label1\" content=\"Estimated reading time\" \/>\n\t<meta name=\"twitter:data1\" content=\"1 minute\" \/>\n<script type=\"application\/ld+json\" class=\"yoast-schema-graph\">{\"@context\":\"https:\/\/schema.org\",\"@graph\":[{\"@type\":\"WebPage\",\"@id\":\"https:\/\/loiseauvert.fr\/produit\/solarisation-n42-elixir-vibratoire-pour-stabilite-ancrage-et-clarte-interieure\/\",\"url\":\"https:\/\/loiseauvert.fr\/produit\/solarisation-n42-elixir-vibratoire-pour-stabilite-ancrage-et-clarte-interieure\/\",\"name\":\"Archelia - L&#039;Oiseau Vert\",\"isPartOf\":{\"@id\":\"https:\/\/loiseauvert.fr\/#website\"},\"primaryImageOfPage\":{\"@id\":\"https:\/\/loiseauvert.fr\/produit\/solarisation-n42-elixir-vibratoire-pour-stabilite-ancrage-et-clarte-interieure\/#primaryimage\"},\"image\":{\"@id\":\"https:\/\/loiseauvert.fr\/produit\/solarisation-n42-elixir-vibratoire-pour-stabilite-ancrage-et-clarte-interieure\/#primaryimage\"},\"thumbnailUrl\":\"https:\/\/loiseauvert.fr\/wp-content\/uploads\/2023\/05\/oiseau-vert-solarisation-archelia-42-jpg.webp\",\"datePublished\":\"2023-05-19T09:45:22+00:00\",\"dateModified\":\"2026-04-13T13:44:27+00:00\",\"description\":\"Solarisation n\u00b042 \u2013 \u00c9lixir vibratoire pour stabilit\u00e9, ancrage et clart\u00e9 int\u00e9rieure, soutien \u00e9motionnel et adaptation aux transitions ou changements.\",\"breadcrumb\":{\"@id\":\"https:\/\/loiseauvert.fr\/produit\/solarisation-n42-elixir-vibratoire-pour-stabilite-ancrage-et-clarte-interieure\/#breadcrumb\"},\"inLanguage\":\"en-GB\",\"potentialAction\":[{\"@type\":\"ReadAction\",\"target\":[\"https:\/\/loiseauvert.fr\/produit\/solarisation-n42-elixir-vibratoire-pour-stabilite-ancrage-et-clarte-interieure\/\"]}]},{\"@type\":\"ImageObject\",\"inLanguage\":\"en-GB\",\"@id\":\"https:\/\/loiseauvert.fr\/produit\/solarisation-n42-elixir-vibratoire-pour-stabilite-ancrage-et-clarte-interieure\/#primaryimage\",\"url\":\"https:\/\/loiseauvert.fr\/wp-content\/uploads\/2023\/05\/oiseau-vert-solarisation-archelia-42-jpg.webp\",\"contentUrl\":\"https:\/\/loiseauvert.fr\/wp-content\/uploads\/2023\/05\/oiseau-vert-solarisation-archelia-42-jpg.webp\",\"width\":1000,\"height\":1000},{\"@type\":\"BreadcrumbList\",\"@id\":\"https:\/\/loiseauvert.fr\/produit\/solarisation-n42-elixir-vibratoire-pour-stabilite-ancrage-et-clarte-interieure\/#breadcrumb\",\"itemListElement\":[{\"@type\":\"ListItem\",\"position\":1,\"name\":\"Accueil\",\"item\":\"https:\/\/loiseauvert.fr\/\"},{\"@type\":\"ListItem\",\"position\":2,\"name\":\"Les Sp\u00e9cifiques\",\"item\":\"https:\/\/loiseauvert.fr\/categorie-produit\/les-specifiques\/\"},{\"@type\":\"ListItem\",\"position\":3,\"name\":\"Archelia\"}]},{\"@type\":\"WebSite\",\"@id\":\"https:\/\/loiseauvert.fr\/#website\",\"url\":\"https:\/\/loiseauvert.fr\/\",\"name\":\"L&#039;Oiseau Vert\",\"description\":\"\",\"potentialAction\":[{\"@type\":\"SearchAction\",\"target\":{\"@type\":\"EntryPoint\",\"urlTemplate\":\"https:\/\/loiseauvert.fr\/?s={search_term_string}\"},\"query-input\":{\"@type\":\"PropertyValueSpecification\",\"valueRequired\":true,\"valueName\":\"search_term_string\"}}],\"inLanguage\":\"en-GB\"}]}<\/script>\n<!-- \/ Yoast SEO plugin. -->","yoast_head_json":{"title":"Archelia - L&#039;Green Bird","description":"Solarisation n\u00b042 \u2013 \u00c9lixir vibratoire pour stabilit\u00e9, ancrage et clart\u00e9 int\u00e9rieure, soutien \u00e9motionnel et adaptation aux transitions ou changements.","robots":{"index":"index","follow":"follow","max-snippet":"max-snippet:-1","max-image-preview":"max-image-preview:large","max-video-preview":"max-video-preview:-1"},"canonical":"https:\/\/loiseauvert.fr\/en\/product\/solarisation-n42-elixir-vibratoire-pour-stabilite-ancrage-et-clarte-interieure\/","og_locale":"en_GB","og_type":"article","og_title":"Archelia - L&#039;Oiseau Vert","og_description":"Solarisation n\u00b042 \u2013 \u00c9lixir vibratoire pour stabilit\u00e9, ancrage et clart\u00e9 int\u00e9rieure, soutien \u00e9motionnel et adaptation aux transitions ou changements.","og_url":"https:\/\/loiseauvert.fr\/en\/product\/solarisation-n42-elixir-vibratoire-pour-stabilite-ancrage-et-clarte-interieure\/","og_site_name":"L&#039;Oiseau Vert","article_modified_time":"2026-04-13T13:44:27+00:00","og_image":[{"width":1000,"height":1000,"url":"https:\/\/loiseauvert.fr\/wp-content\/uploads\/2023\/05\/oiseau-vert-solarisation-archelia-42-jpg.webp","type":"image\/jpeg"}],"twitter_card":"summary_large_image","twitter_misc":{"Estimated reading time":"1 minute"},"schema":{"@context":"https:\/\/schema.org","@graph":[{"@type":"WebPage","@id":"https:\/\/loiseauvert.fr\/produit\/solarisation-n42-elixir-vibratoire-pour-stabilite-ancrage-et-clarte-interieure\/","url":"https:\/\/loiseauvert.fr\/produit\/solarisation-n42-elixir-vibratoire-pour-stabilite-ancrage-et-clarte-interieure\/","name":"Archelia - L&#039;Green Bird","isPartOf":{"@id":"https:\/\/loiseauvert.fr\/#website"},"primaryImageOfPage":{"@id":"https:\/\/loiseauvert.fr\/produit\/solarisation-n42-elixir-vibratoire-pour-stabilite-ancrage-et-clarte-interieure\/#primaryimage"},"image":{"@id":"https:\/\/loiseauvert.fr\/produit\/solarisation-n42-elixir-vibratoire-pour-stabilite-ancrage-et-clarte-interieure\/#primaryimage"},"thumbnailUrl":"https:\/\/loiseauvert.fr\/wp-content\/uploads\/2023\/05\/oiseau-vert-solarisation-archelia-42-jpg.webp","datePublished":"2023-05-19T09:45:22+00:00","dateModified":"2026-04-13T13:44:27+00:00","description":"Solarisation n\u00b042 \u2013 \u00c9lixir vibratoire pour stabilit\u00e9, ancrage et clart\u00e9 int\u00e9rieure, soutien \u00e9motionnel et adaptation aux transitions ou changements.","breadcrumb":{"@id":"https:\/\/loiseauvert.fr\/produit\/solarisation-n42-elixir-vibratoire-pour-stabilite-ancrage-et-clarte-interieure\/#breadcrumb"},"inLanguage":"en-GB","potentialAction":[{"@type":"ReadAction","target":["https:\/\/loiseauvert.fr\/produit\/solarisation-n42-elixir-vibratoire-pour-stabilite-ancrage-et-clarte-interieure\/"]}]},{"@type":"ImageObject","inLanguage":"en-GB","@id":"https:\/\/loiseauvert.fr\/produit\/solarisation-n42-elixir-vibratoire-pour-stabilite-ancrage-et-clarte-interieure\/#primaryimage","url":"https:\/\/loiseauvert.fr\/wp-content\/uploads\/2023\/05\/oiseau-vert-solarisation-archelia-42-jpg.webp","contentUrl":"https:\/\/loiseauvert.fr\/wp-content\/uploads\/2023\/05\/oiseau-vert-solarisation-archelia-42-jpg.webp","width":1000,"height":1000},{"@type":"BreadcrumbList","@id":"https:\/\/loiseauvert.fr\/produit\/solarisation-n42-elixir-vibratoire-pour-stabilite-ancrage-et-clarte-interieure\/#breadcrumb","itemListElement":[{"@type":"ListItem","position":1,"name":"Accueil","item":"https:\/\/loiseauvert.fr\/"},{"@type":"ListItem","position":2,"name":"Les Sp\u00e9cifiques","item":"https:\/\/loiseauvert.fr\/categorie-produit\/les-specifiques\/"},{"@type":"ListItem","position":3,"name":"Archelia"}]},{"@type":"WebSite","@id":"https:\/\/loiseauvert.fr\/#website","url":"https:\/\/loiseauvert.fr\/","name":"The Green Bird","description":"","potentialAction":[{"@type":"SearchAction","target":{"@type":"EntryPoint","urlTemplate":"https:\/\/loiseauvert.fr\/?s={search_term_string}"},"query-input":{"@type":"PropertyValueSpecification","valueRequired":true,"valueName":"search_term_string"}}],"inLanguage":"en-GB"}]}},"batches":[{"id":"43","date_created":"2025-05-22 11:41:19","date_expiry":"2026-11-01 00:00:00","user_id":"8","batch_number":"42.24.042","location":"","quantity":"41.0000","quantity_available":"0.0000","units":"1","status":"archived","order_ids":"[14407,14493,14511,14583,14641,14738,14833,14916,15267,15361,15418,15427,15473,15552,15739,15774,15846,15871,15877,15929,15944,16093,16134,16147,16151,16307,16309,16320,16327,16352,16418,16476,16495,16733,16892,17029,17177,17252]"},{"id":"134","date_created":"2025-11-05 17:08:11","date_expiry":"2027-11-01 00:00:00","user_id":"0","batch_number":"42.25.043","location":"","quantity":"75.0000","quantity_available":"42.0000","units":"1","status":"active","order_ids":"[17311,17388,17560,17565,17643,17654,17754,17982,18024,18177,18453,18535,18550,18555,18704,18602,18979,19002]"}],"_links":{"self":[{"href":"https:\/\/loiseauvert.fr\/en\/wp-json\/wp\/v2\/product\/603","targetHints":{"allow":["GET"]}}],"collection":[{"href":"https:\/\/loiseauvert.fr\/en\/wp-json\/wp\/v2\/product"}],"about":[{"href":"https:\/\/loiseauvert.fr\/en\/wp-json\/wp\/v2\/types\/product"}],"wp:featuredmedia":[{"embeddable":true,"href":"https:\/\/loiseauvert.fr\/en\/wp-json\/wp\/v2\/media\/627"}],"wp:attachment":[{"href":"https:\/\/loiseauvert.fr\/en\/wp-json\/wp\/v2\/media?parent=603"}],"wp:term":[{"taxonomy":"product_brand","embeddable":true,"href":"https:\/\/loiseauvert.fr\/en\/wp-json\/wp\/v2\/product_brand?post=603"},{"taxonomy":"product_cat","embeddable":true,"href":"https:\/\/loiseauvert.fr\/en\/wp-json\/wp\/v2\/product_cat?post=603"},{"taxonomy":"product_tag","embeddable":true,"href":"https:\/\/loiseauvert.fr\/en\/wp-json\/wp\/v2\/product_tag?post=603"}],"curies":[{"name":"wp","href":"https:\/\/api.w.org\/{rel}","templated":true}]}}