{"id":602,"date":"2023-05-19T11:45:22","date_gmt":"2023-05-19T09:45:22","guid":{"rendered":"https:\/\/loiseauvert.fr\/?post_type=product&#038;p=602"},"modified":"2026-04-13T12:19:45","modified_gmt":"2026-04-13T10:19:45","slug":"solarisation-n12-elixir-vibratoire-pour-transformation-creativite-et-liberte","status":"publish","type":"product","link":"https:\/\/loiseauvert.fr\/en\/product\/solarisation-n12-elixir-vibratoire-pour-transformation-creativite-et-liberte\/","title":{"rendered":"Aphloia"},"content":{"rendered":"<h3>Solarization No. 12<\/h3>\n<p><strong>\u00ab\u00a0Soutien vibratoire dans les processus de transformation\u00a0\u00bb\u00a0<\/strong><\/p>\n<ul>\n<li>Accompagne les p\u00e9riodes de transition avec douceur, en favorisant un mieux-\u00eatre \u00e9motionnel.<\/li>\n<li>Invite \u00e0 accueillir les changements int\u00e9rieurs comme une ouverture vers de nouvelles formes d&rsquo;expression et de cr\u00e9ativit\u00e9.<\/li>\n<li>Encourage \u00e0 se reconnecter \u00e0 ses \u00e9lans personnels et \u00e0 savourer pleinement l\u2019instant pr\u00e9sent.<\/li>\n<li>Inspire un nouveau regard sur la libert\u00e9 personnelle et le choix de ce qui fait sens pour soi.<\/li>\n<\/ul>","protected":false},"excerpt":{"rendered":"<p>Soutient l\u2019accueil serein des \u00e9volutions personnelles, qu\u2019elles soient corporelles, \u00e9motionnelles ou spirituelles.<br data-start=\"334\" data-end=\"337\" \/>Invite \u00e0 renouer avec une image de soi ancr\u00e9e dans l\u2019exp\u00e9rience, la transmission et la sagesse int\u00e9rieure.<\/p>","protected":false},"featured_media":626,"template":"","meta":{"_acf_changed":false,"_glsr_average":0,"_glsr_ranking":0,"_glsr_reviews":0},"product_brand":[],"product_cat":[60],"product_tag":[],"class_list":{"0":"post-602","1":"product","2":"type-product","3":"status-publish","4":"has-post-thumbnail","6":"product_cat-les-specifiques","8":"first","9":"instock","10":"taxable","11":"shipping-taxable","12":"purchasable","13":"product-type-simple"},"supplier_id":null,"supplier_sku":"","barcode":null,"atum_controlled":true,"out_stock_date":null,"out_stock_threshold":null,"inheritable":false,"inbound_stock":null,"stock_on_hold":6,"sold_today":0,"sales_last_days":1,"reserved_stock":null,"customer_returns":null,"warehouse_damage":null,"lost_in_post":null,"other_logs":null,"out_stock_days":0,"lost_sales":0,"has_location":false,"update_date":"2026-04-17T10:17:35","atum_locations":[],"atum_stock_status":"instock","restock_status":false,"low_stock_amount":"","sales_update_date":"2026-04-17T10:17:35","calc_backorders":null,"acf":[],"yoast_head":"<!-- This site is optimized with the Yoast SEO plugin v26.9 - https:\/\/yoast.com\/product\/yoast-seo-wordpress\/ -->\n<title>Aphlo\u00cfa - L&#039;Oiseau Vert<\/title>\n<meta name=\"description\" content=\"Solarisation n\u00b012 \u2013 \u00c9lixir vibratoire pour accompagner transitions et transformations, stimuler cr\u00e9ativit\u00e9, libert\u00e9 personnelle et mieux-\u00eatre \u00e9motionnel.\" \/>\n<meta name=\"robots\" content=\"index, follow, max-snippet:-1, max-image-preview:large, max-video-preview:-1\" \/>\n<link rel=\"canonical\" href=\"https:\/\/loiseauvert.fr\/en\/product\/solarisation-n12-elixir-vibratoire-pour-transformation-creativite-et-liberte\/\" \/>\n<meta property=\"og:locale\" content=\"en_GB\" \/>\n<meta property=\"og:type\" content=\"article\" \/>\n<meta property=\"og:title\" content=\"Aphlo\u00cfa - L&#039;Oiseau Vert\" \/>\n<meta property=\"og:description\" content=\"Solarisation n\u00b012 \u2013 \u00c9lixir vibratoire pour accompagner transitions et transformations, stimuler cr\u00e9ativit\u00e9, libert\u00e9 personnelle et mieux-\u00eatre \u00e9motionnel.\" \/>\n<meta property=\"og:url\" content=\"https:\/\/loiseauvert.fr\/en\/product\/solarisation-n12-elixir-vibratoire-pour-transformation-creativite-et-liberte\/\" \/>\n<meta property=\"og:site_name\" content=\"L&#039;Oiseau Vert\" \/>\n<meta property=\"article:modified_time\" content=\"2026-04-13T10:19:45+00:00\" \/>\n<meta property=\"og:image\" content=\"https:\/\/loiseauvert.fr\/wp-content\/uploads\/2023\/05\/oiseau-vert-solarisation-aphloia-12-jpg.webp\" \/>\n\t<meta property=\"og:image:width\" content=\"1000\" \/>\n\t<meta property=\"og:image:height\" content=\"1000\" \/>\n\t<meta property=\"og:image:type\" content=\"image\/jpeg\" \/>\n<meta name=\"twitter:card\" content=\"summary_large_image\" \/>\n<meta name=\"twitter:label1\" content=\"Estimated reading time\" \/>\n\t<meta name=\"twitter:data1\" content=\"1 minute\" \/>\n<script type=\"application\/ld+json\" class=\"yoast-schema-graph\">{\"@context\":\"https:\/\/schema.org\",\"@graph\":[{\"@type\":\"WebPage\",\"@id\":\"https:\/\/loiseauvert.fr\/produit\/solarisation-n12-elixir-vibratoire-pour-transformation-creativite-et-liberte\/\",\"url\":\"https:\/\/loiseauvert.fr\/produit\/solarisation-n12-elixir-vibratoire-pour-transformation-creativite-et-liberte\/\",\"name\":\"Aphlo\u00cfa - L&#039;Oiseau Vert\",\"isPartOf\":{\"@id\":\"https:\/\/loiseauvert.fr\/#website\"},\"primaryImageOfPage\":{\"@id\":\"https:\/\/loiseauvert.fr\/produit\/solarisation-n12-elixir-vibratoire-pour-transformation-creativite-et-liberte\/#primaryimage\"},\"image\":{\"@id\":\"https:\/\/loiseauvert.fr\/produit\/solarisation-n12-elixir-vibratoire-pour-transformation-creativite-et-liberte\/#primaryimage\"},\"thumbnailUrl\":\"https:\/\/loiseauvert.fr\/wp-content\/uploads\/2023\/05\/oiseau-vert-solarisation-aphloia-12-jpg.webp\",\"datePublished\":\"2023-05-19T09:45:22+00:00\",\"dateModified\":\"2026-04-13T10:19:45+00:00\",\"description\":\"Solarisation n\u00b012 \u2013 \u00c9lixir vibratoire pour accompagner transitions et transformations, stimuler cr\u00e9ativit\u00e9, libert\u00e9 personnelle et mieux-\u00eatre \u00e9motionnel.\",\"breadcrumb\":{\"@id\":\"https:\/\/loiseauvert.fr\/produit\/solarisation-n12-elixir-vibratoire-pour-transformation-creativite-et-liberte\/#breadcrumb\"},\"inLanguage\":\"en-GB\",\"potentialAction\":[{\"@type\":\"ReadAction\",\"target\":[\"https:\/\/loiseauvert.fr\/produit\/solarisation-n12-elixir-vibratoire-pour-transformation-creativite-et-liberte\/\"]}]},{\"@type\":\"ImageObject\",\"inLanguage\":\"en-GB\",\"@id\":\"https:\/\/loiseauvert.fr\/produit\/solarisation-n12-elixir-vibratoire-pour-transformation-creativite-et-liberte\/#primaryimage\",\"url\":\"https:\/\/loiseauvert.fr\/wp-content\/uploads\/2023\/05\/oiseau-vert-solarisation-aphloia-12-jpg.webp\",\"contentUrl\":\"https:\/\/loiseauvert.fr\/wp-content\/uploads\/2023\/05\/oiseau-vert-solarisation-aphloia-12-jpg.webp\",\"width\":1000,\"height\":1000},{\"@type\":\"BreadcrumbList\",\"@id\":\"https:\/\/loiseauvert.fr\/produit\/solarisation-n12-elixir-vibratoire-pour-transformation-creativite-et-liberte\/#breadcrumb\",\"itemListElement\":[{\"@type\":\"ListItem\",\"position\":1,\"name\":\"Accueil\",\"item\":\"https:\/\/loiseauvert.fr\/\"},{\"@type\":\"ListItem\",\"position\":2,\"name\":\"Les Sp\u00e9cifiques\",\"item\":\"https:\/\/loiseauvert.fr\/categorie-produit\/les-specifiques\/\"},{\"@type\":\"ListItem\",\"position\":3,\"name\":\"Aphlo\u00cfa\"}]},{\"@type\":\"WebSite\",\"@id\":\"https:\/\/loiseauvert.fr\/#website\",\"url\":\"https:\/\/loiseauvert.fr\/\",\"name\":\"L&#039;Oiseau Vert\",\"description\":\"\",\"potentialAction\":[{\"@type\":\"SearchAction\",\"target\":{\"@type\":\"EntryPoint\",\"urlTemplate\":\"https:\/\/loiseauvert.fr\/?s={search_term_string}\"},\"query-input\":{\"@type\":\"PropertyValueSpecification\",\"valueRequired\":true,\"valueName\":\"search_term_string\"}}],\"inLanguage\":\"en-GB\"}]}<\/script>\n<!-- \/ Yoast SEO plugin. -->","yoast_head_json":{"title":"Aphlo\u00cfa - The Green Bird","description":"Solarisation n\u00b012 \u2013 \u00c9lixir vibratoire pour accompagner transitions et transformations, stimuler cr\u00e9ativit\u00e9, libert\u00e9 personnelle et mieux-\u00eatre \u00e9motionnel.","robots":{"index":"index","follow":"follow","max-snippet":"max-snippet:-1","max-image-preview":"max-image-preview:large","max-video-preview":"max-video-preview:-1"},"canonical":"https:\/\/loiseauvert.fr\/en\/product\/solarisation-n12-elixir-vibratoire-pour-transformation-creativite-et-liberte\/","og_locale":"en_GB","og_type":"article","og_title":"Aphlo\u00cfa - L&#039;Oiseau Vert","og_description":"Solarisation n\u00b012 \u2013 \u00c9lixir vibratoire pour accompagner transitions et transformations, stimuler cr\u00e9ativit\u00e9, libert\u00e9 personnelle et mieux-\u00eatre \u00e9motionnel.","og_url":"https:\/\/loiseauvert.fr\/en\/product\/solarisation-n12-elixir-vibratoire-pour-transformation-creativite-et-liberte\/","og_site_name":"L&#039;Oiseau Vert","article_modified_time":"2026-04-13T10:19:45+00:00","og_image":[{"width":1000,"height":1000,"url":"https:\/\/loiseauvert.fr\/wp-content\/uploads\/2023\/05\/oiseau-vert-solarisation-aphloia-12-jpg.webp","type":"image\/jpeg"}],"twitter_card":"summary_large_image","twitter_misc":{"Estimated reading time":"1 minute"},"schema":{"@context":"https:\/\/schema.org","@graph":[{"@type":"WebPage","@id":"https:\/\/loiseauvert.fr\/produit\/solarisation-n12-elixir-vibratoire-pour-transformation-creativite-et-liberte\/","url":"https:\/\/loiseauvert.fr\/produit\/solarisation-n12-elixir-vibratoire-pour-transformation-creativite-et-liberte\/","name":"Aphlo\u00cfa - The Green Bird","isPartOf":{"@id":"https:\/\/loiseauvert.fr\/#website"},"primaryImageOfPage":{"@id":"https:\/\/loiseauvert.fr\/produit\/solarisation-n12-elixir-vibratoire-pour-transformation-creativite-et-liberte\/#primaryimage"},"image":{"@id":"https:\/\/loiseauvert.fr\/produit\/solarisation-n12-elixir-vibratoire-pour-transformation-creativite-et-liberte\/#primaryimage"},"thumbnailUrl":"https:\/\/loiseauvert.fr\/wp-content\/uploads\/2023\/05\/oiseau-vert-solarisation-aphloia-12-jpg.webp","datePublished":"2023-05-19T09:45:22+00:00","dateModified":"2026-04-13T10:19:45+00:00","description":"Solarisation n\u00b012 \u2013 \u00c9lixir vibratoire pour accompagner transitions et transformations, stimuler cr\u00e9ativit\u00e9, libert\u00e9 personnelle et mieux-\u00eatre \u00e9motionnel.","breadcrumb":{"@id":"https:\/\/loiseauvert.fr\/produit\/solarisation-n12-elixir-vibratoire-pour-transformation-creativite-et-liberte\/#breadcrumb"},"inLanguage":"en-GB","potentialAction":[{"@type":"ReadAction","target":["https:\/\/loiseauvert.fr\/produit\/solarisation-n12-elixir-vibratoire-pour-transformation-creativite-et-liberte\/"]}]},{"@type":"ImageObject","inLanguage":"en-GB","@id":"https:\/\/loiseauvert.fr\/produit\/solarisation-n12-elixir-vibratoire-pour-transformation-creativite-et-liberte\/#primaryimage","url":"https:\/\/loiseauvert.fr\/wp-content\/uploads\/2023\/05\/oiseau-vert-solarisation-aphloia-12-jpg.webp","contentUrl":"https:\/\/loiseauvert.fr\/wp-content\/uploads\/2023\/05\/oiseau-vert-solarisation-aphloia-12-jpg.webp","width":1000,"height":1000},{"@type":"BreadcrumbList","@id":"https:\/\/loiseauvert.fr\/produit\/solarisation-n12-elixir-vibratoire-pour-transformation-creativite-et-liberte\/#breadcrumb","itemListElement":[{"@type":"ListItem","position":1,"name":"Accueil","item":"https:\/\/loiseauvert.fr\/"},{"@type":"ListItem","position":2,"name":"Les Sp\u00e9cifiques","item":"https:\/\/loiseauvert.fr\/categorie-produit\/les-specifiques\/"},{"@type":"ListItem","position":3,"name":"Aphlo\u00cfa"}]},{"@type":"WebSite","@id":"https:\/\/loiseauvert.fr\/#website","url":"https:\/\/loiseauvert.fr\/","name":"The Green Bird","description":"","potentialAction":[{"@type":"SearchAction","target":{"@type":"EntryPoint","urlTemplate":"https:\/\/loiseauvert.fr\/?s={search_term_string}"},"query-input":{"@type":"PropertyValueSpecification","valueRequired":true,"valueName":"search_term_string"}}],"inLanguage":"en-GB"}]}},"batches":[{"id":"13","date_created":"2025-05-22 10:34:55","date_expiry":"2027-02-01 00:00:00","user_id":"8","batch_number":"12.25.048","location":"","quantity":"28.0000","quantity_available":"0.0000","units":"1","status":"archived","order_ids":"[14397,14528,14532,13864,14591,14614,14630]"},{"id":"83","date_created":"2025-07-04 11:39:07","date_expiry":"2027-07-01 00:00:00","user_id":"8","batch_number":"12.25.049","location":"","quantity":"73.0000","quantity_available":"0.0000","units":"1","status":"archived","order_ids":"[11411,15223,15245,15267,15286,15298,15318,15320,15334,15442,15487,15522,15568,15659,15717,15812,15814,15847,15917,15925,16035,16056,16075,16295,16367,16436,16446,16461,16495,16528,16553,16558,16821,16924,16938,16977,12561,17115,17202,17348,17433,17554,17607,17814,17867,17899,18013,18046,18159,18177,18292,18374,18380,18504,18555,18712]"},{"id":"189","date_created":"2026-03-19 15:23:22","date_expiry":"2028-03-01 00:00:00","user_id":"0","batch_number":"12.26.050","location":"","quantity":"75.0000","quantity_available":"68.0000","units":"1","status":"active","order_ids":"[18712,18713,18722,18864,18602,18998]"}],"_links":{"self":[{"href":"https:\/\/loiseauvert.fr\/en\/wp-json\/wp\/v2\/product\/602","targetHints":{"allow":["GET"]}}],"collection":[{"href":"https:\/\/loiseauvert.fr\/en\/wp-json\/wp\/v2\/product"}],"about":[{"href":"https:\/\/loiseauvert.fr\/en\/wp-json\/wp\/v2\/types\/product"}],"wp:featuredmedia":[{"embeddable":true,"href":"https:\/\/loiseauvert.fr\/en\/wp-json\/wp\/v2\/media\/626"}],"wp:attachment":[{"href":"https:\/\/loiseauvert.fr\/en\/wp-json\/wp\/v2\/media?parent=602"}],"wp:term":[{"taxonomy":"product_brand","embeddable":true,"href":"https:\/\/loiseauvert.fr\/en\/wp-json\/wp\/v2\/product_brand?post=602"},{"taxonomy":"product_cat","embeddable":true,"href":"https:\/\/loiseauvert.fr\/en\/wp-json\/wp\/v2\/product_cat?post=602"},{"taxonomy":"product_tag","embeddable":true,"href":"https:\/\/loiseauvert.fr\/en\/wp-json\/wp\/v2\/product_tag?post=602"}],"curies":[{"name":"wp","href":"https:\/\/api.w.org\/{rel}","templated":true}]}}