{"id":528,"date":"2023-05-19T11:42:29","date_gmt":"2023-05-19T09:42:29","guid":{"rendered":"https:\/\/loiseauvert.fr\/?post_type=product&#038;p=528"},"modified":"2026-04-08T10:42:59","modified_gmt":"2026-04-08T08:42:59","slug":"solarisation-n80-elixir-vibratoire-pour-apaisement-interieur-et-harmonie-relationnelle","status":"publish","type":"product","link":"https:\/\/loiseauvert.fr\/en\/product\/solarisation-n80-elixir-vibratoire-pour-apaisement-interieur-et-harmonie-relationnelle\/","title":{"rendered":"Aggressiveness"},"content":{"rendered":"<h3>Solarization No. 80<\/h3>\n<p><strong>\u00ab\u00a0Soutien subtil vers l\u2019apaisement int\u00e9rieur\u00a0\u00bb<\/strong><\/p>\n<ul>\n<li>Favorise un sentiment de paix int\u00e9rieure et d\u2019harmonie dans les relations.<\/li>\n<li>Encourage une attitude bienveillante et \u00e9quilibr\u00e9e.<\/li>\n<li>Accompagne le retour \u00e0 un \u00e9tat d\u2019apaisement et de mod\u00e9ration \u00e9motionnelle.<\/li>\n<\/ul>\n<h5>Vibration Supports:<\/h5>\n<p>Arnet, Sinap, Ignix, Carva.<\/p>","protected":false},"excerpt":{"rendered":"<p>Invite \u00e0 cultiver un sentiment d\u2019harmonie int\u00e9rieure et de s\u00e9r\u00e9nit\u00e9 dans les relations avec soi-m\u00eame et les autres.<\/p>","protected":false},"featured_media":5953,"template":"","meta":{"_acf_changed":false,"_glsr_average":0,"_glsr_ranking":0,"_glsr_reviews":0},"product_brand":[],"product_cat":[59],"product_tag":[],"class_list":{"0":"post-528","1":"product","2":"type-product","3":"status-publish","4":"has-post-thumbnail","6":"product_cat-les-complexes","8":"first","9":"instock","10":"taxable","11":"shipping-taxable","12":"purchasable","13":"product-type-simple"},"supplier_id":null,"supplier_sku":"","barcode":null,"atum_controlled":true,"out_stock_date":null,"out_stock_threshold":null,"inheritable":false,"inbound_stock":null,"stock_on_hold":1,"sold_today":0,"sales_last_days":1,"reserved_stock":null,"customer_returns":null,"warehouse_damage":null,"lost_in_post":null,"other_logs":null,"out_stock_days":0,"lost_sales":0,"has_location":false,"update_date":"2026-04-09T12:43:10","atum_locations":[],"atum_stock_status":"instock","restock_status":false,"low_stock_amount":"","sales_update_date":"2026-04-09T12:43:10","calc_backorders":null,"acf":[],"yoast_head":"<!-- This site is optimized with the Yoast SEO plugin v26.9 - https:\/\/yoast.com\/product\/yoast-seo-wordpress\/ -->\n<title>Agressivit\u00e9 - L&#039;Oiseau Vert<\/title>\n<meta name=\"description\" content=\"Solarisation n\u00b080 \u2013 \u00c9lixir vibratoire pour apaisement int\u00e9rieur, \u00e9quilibre \u00e9motionnel et relations harmonieuses, soutien bienveillant vers la s\u00e9r\u00e9nit\u00e9.\" \/>\n<meta name=\"robots\" content=\"index, follow, max-snippet:-1, max-image-preview:large, max-video-preview:-1\" \/>\n<link rel=\"canonical\" href=\"https:\/\/loiseauvert.fr\/en\/product\/solarisation-n80-elixir-vibratoire-pour-apaisement-interieur-et-harmonie-relationnelle\/\" \/>\n<meta property=\"og:locale\" content=\"en_GB\" \/>\n<meta property=\"og:type\" content=\"article\" \/>\n<meta property=\"og:title\" content=\"Agressivit\u00e9 - L&#039;Oiseau Vert\" \/>\n<meta property=\"og:description\" content=\"Solarisation n\u00b080 \u2013 \u00c9lixir vibratoire pour apaisement int\u00e9rieur, \u00e9quilibre \u00e9motionnel et relations harmonieuses, soutien bienveillant vers la s\u00e9r\u00e9nit\u00e9.\" \/>\n<meta property=\"og:url\" content=\"https:\/\/loiseauvert.fr\/en\/product\/solarisation-n80-elixir-vibratoire-pour-apaisement-interieur-et-harmonie-relationnelle\/\" \/>\n<meta property=\"og:site_name\" content=\"L&#039;Oiseau Vert\" \/>\n<meta property=\"article:modified_time\" content=\"2026-04-08T08:42:59+00:00\" \/>\n<meta property=\"og:image\" content=\"https:\/\/loiseauvert.fr\/wp-content\/uploads\/2023\/05\/AGRESSIVITE.2jpg-1-scaled.webp\" \/>\n\t<meta property=\"og:image:width\" content=\"2494\" \/>\n\t<meta property=\"og:image:height\" content=\"2560\" \/>\n\t<meta property=\"og:image:type\" content=\"image\/jpeg\" \/>\n<meta name=\"twitter:card\" content=\"summary_large_image\" \/>\n<meta name=\"twitter:label1\" content=\"Estimated reading time\" \/>\n\t<meta name=\"twitter:data1\" content=\"1 minute\" \/>\n<script type=\"application\/ld+json\" class=\"yoast-schema-graph\">{\"@context\":\"https:\/\/schema.org\",\"@graph\":[{\"@type\":\"WebPage\",\"@id\":\"https:\/\/loiseauvert.fr\/produit\/solarisation-n80-elixir-vibratoire-pour-apaisement-interieur-et-harmonie-relationnelle\/\",\"url\":\"https:\/\/loiseauvert.fr\/produit\/solarisation-n80-elixir-vibratoire-pour-apaisement-interieur-et-harmonie-relationnelle\/\",\"name\":\"Agressivit\u00e9 - L&#039;Oiseau Vert\",\"isPartOf\":{\"@id\":\"https:\/\/loiseauvert.fr\/#website\"},\"primaryImageOfPage\":{\"@id\":\"https:\/\/loiseauvert.fr\/produit\/solarisation-n80-elixir-vibratoire-pour-apaisement-interieur-et-harmonie-relationnelle\/#primaryimage\"},\"image\":{\"@id\":\"https:\/\/loiseauvert.fr\/produit\/solarisation-n80-elixir-vibratoire-pour-apaisement-interieur-et-harmonie-relationnelle\/#primaryimage\"},\"thumbnailUrl\":\"https:\/\/loiseauvert.fr\/wp-content\/uploads\/2023\/05\/AGRESSIVITE.2jpg-1-scaled.webp\",\"datePublished\":\"2023-05-19T09:42:29+00:00\",\"dateModified\":\"2026-04-08T08:42:59+00:00\",\"description\":\"Solarisation n\u00b080 \u2013 \u00c9lixir vibratoire pour apaisement int\u00e9rieur, \u00e9quilibre \u00e9motionnel et relations harmonieuses, soutien bienveillant vers la s\u00e9r\u00e9nit\u00e9.\",\"breadcrumb\":{\"@id\":\"https:\/\/loiseauvert.fr\/produit\/solarisation-n80-elixir-vibratoire-pour-apaisement-interieur-et-harmonie-relationnelle\/#breadcrumb\"},\"inLanguage\":\"en-GB\",\"potentialAction\":[{\"@type\":\"ReadAction\",\"target\":[\"https:\/\/loiseauvert.fr\/produit\/solarisation-n80-elixir-vibratoire-pour-apaisement-interieur-et-harmonie-relationnelle\/\"]}]},{\"@type\":\"ImageObject\",\"inLanguage\":\"en-GB\",\"@id\":\"https:\/\/loiseauvert.fr\/produit\/solarisation-n80-elixir-vibratoire-pour-apaisement-interieur-et-harmonie-relationnelle\/#primaryimage\",\"url\":\"https:\/\/loiseauvert.fr\/wp-content\/uploads\/2023\/05\/AGRESSIVITE.2jpg-1-scaled.webp\",\"contentUrl\":\"https:\/\/loiseauvert.fr\/wp-content\/uploads\/2023\/05\/AGRESSIVITE.2jpg-1-scaled.webp\",\"width\":2494,\"height\":2560,\"caption\":\"OLYMPUS DIGITAL CAMERA\"},{\"@type\":\"BreadcrumbList\",\"@id\":\"https:\/\/loiseauvert.fr\/produit\/solarisation-n80-elixir-vibratoire-pour-apaisement-interieur-et-harmonie-relationnelle\/#breadcrumb\",\"itemListElement\":[{\"@type\":\"ListItem\",\"position\":1,\"name\":\"Accueil\",\"item\":\"https:\/\/loiseauvert.fr\/\"},{\"@type\":\"ListItem\",\"position\":2,\"name\":\"Les Complexes\",\"item\":\"https:\/\/loiseauvert.fr\/categorie-produit\/les-complexes\/\"},{\"@type\":\"ListItem\",\"position\":3,\"name\":\"Agressivit\u00e9\"}]},{\"@type\":\"WebSite\",\"@id\":\"https:\/\/loiseauvert.fr\/#website\",\"url\":\"https:\/\/loiseauvert.fr\/\",\"name\":\"L&#039;Oiseau Vert\",\"description\":\"\",\"potentialAction\":[{\"@type\":\"SearchAction\",\"target\":{\"@type\":\"EntryPoint\",\"urlTemplate\":\"https:\/\/loiseauvert.fr\/?s={search_term_string}\"},\"query-input\":{\"@type\":\"PropertyValueSpecification\",\"valueRequired\":true,\"valueName\":\"search_term_string\"}}],\"inLanguage\":\"en-GB\"}]}<\/script>\n<!-- \/ Yoast SEO plugin. -->","yoast_head_json":{"title":"Aggression - The Green Bird","description":"Solarisation n\u00b080 \u2013 \u00c9lixir vibratoire pour apaisement int\u00e9rieur, \u00e9quilibre \u00e9motionnel et relations harmonieuses, soutien bienveillant vers la s\u00e9r\u00e9nit\u00e9.","robots":{"index":"index","follow":"follow","max-snippet":"max-snippet:-1","max-image-preview":"max-image-preview:large","max-video-preview":"max-video-preview:-1"},"canonical":"https:\/\/loiseauvert.fr\/en\/product\/solarisation-n80-elixir-vibratoire-pour-apaisement-interieur-et-harmonie-relationnelle\/","og_locale":"en_GB","og_type":"article","og_title":"Agressivit\u00e9 - L&#039;Oiseau Vert","og_description":"Solarisation n\u00b080 \u2013 \u00c9lixir vibratoire pour apaisement int\u00e9rieur, \u00e9quilibre \u00e9motionnel et relations harmonieuses, soutien bienveillant vers la s\u00e9r\u00e9nit\u00e9.","og_url":"https:\/\/loiseauvert.fr\/en\/product\/solarisation-n80-elixir-vibratoire-pour-apaisement-interieur-et-harmonie-relationnelle\/","og_site_name":"L&#039;Oiseau Vert","article_modified_time":"2026-04-08T08:42:59+00:00","og_image":[{"width":2494,"height":2560,"url":"https:\/\/loiseauvert.fr\/wp-content\/uploads\/2023\/05\/AGRESSIVITE.2jpg-1-scaled.webp","type":"image\/jpeg"}],"twitter_card":"summary_large_image","twitter_misc":{"Estimated reading time":"1 minute"},"schema":{"@context":"https:\/\/schema.org","@graph":[{"@type":"WebPage","@id":"https:\/\/loiseauvert.fr\/produit\/solarisation-n80-elixir-vibratoire-pour-apaisement-interieur-et-harmonie-relationnelle\/","url":"https:\/\/loiseauvert.fr\/produit\/solarisation-n80-elixir-vibratoire-pour-apaisement-interieur-et-harmonie-relationnelle\/","name":"Aggression - The Green Bird","isPartOf":{"@id":"https:\/\/loiseauvert.fr\/#website"},"primaryImageOfPage":{"@id":"https:\/\/loiseauvert.fr\/produit\/solarisation-n80-elixir-vibratoire-pour-apaisement-interieur-et-harmonie-relationnelle\/#primaryimage"},"image":{"@id":"https:\/\/loiseauvert.fr\/produit\/solarisation-n80-elixir-vibratoire-pour-apaisement-interieur-et-harmonie-relationnelle\/#primaryimage"},"thumbnailUrl":"https:\/\/loiseauvert.fr\/wp-content\/uploads\/2023\/05\/AGRESSIVITE.2jpg-1-scaled.webp","datePublished":"2023-05-19T09:42:29+00:00","dateModified":"2026-04-08T08:42:59+00:00","description":"Solarisation n\u00b080 \u2013 \u00c9lixir vibratoire pour apaisement int\u00e9rieur, \u00e9quilibre \u00e9motionnel et relations harmonieuses, soutien bienveillant vers la s\u00e9r\u00e9nit\u00e9.","breadcrumb":{"@id":"https:\/\/loiseauvert.fr\/produit\/solarisation-n80-elixir-vibratoire-pour-apaisement-interieur-et-harmonie-relationnelle\/#breadcrumb"},"inLanguage":"en-GB","potentialAction":[{"@type":"ReadAction","target":["https:\/\/loiseauvert.fr\/produit\/solarisation-n80-elixir-vibratoire-pour-apaisement-interieur-et-harmonie-relationnelle\/"]}]},{"@type":"ImageObject","inLanguage":"en-GB","@id":"https:\/\/loiseauvert.fr\/produit\/solarisation-n80-elixir-vibratoire-pour-apaisement-interieur-et-harmonie-relationnelle\/#primaryimage","url":"https:\/\/loiseauvert.fr\/wp-content\/uploads\/2023\/05\/AGRESSIVITE.2jpg-1-scaled.webp","contentUrl":"https:\/\/loiseauvert.fr\/wp-content\/uploads\/2023\/05\/AGRESSIVITE.2jpg-1-scaled.webp","width":2494,"height":2560,"caption":"OLYMPUS DIGITAL CAMERA"},{"@type":"BreadcrumbList","@id":"https:\/\/loiseauvert.fr\/produit\/solarisation-n80-elixir-vibratoire-pour-apaisement-interieur-et-harmonie-relationnelle\/#breadcrumb","itemListElement":[{"@type":"ListItem","position":1,"name":"Accueil","item":"https:\/\/loiseauvert.fr\/"},{"@type":"ListItem","position":2,"name":"Les Complexes","item":"https:\/\/loiseauvert.fr\/categorie-produit\/les-complexes\/"},{"@type":"ListItem","position":3,"name":"Agressivit\u00e9"}]},{"@type":"WebSite","@id":"https:\/\/loiseauvert.fr\/#website","url":"https:\/\/loiseauvert.fr\/","name":"The Green Bird","description":"","potentialAction":[{"@type":"SearchAction","target":{"@type":"EntryPoint","urlTemplate":"https:\/\/loiseauvert.fr\/?s={search_term_string}"},"query-input":{"@type":"PropertyValueSpecification","valueRequired":true,"valueName":"search_term_string"}}],"inLanguage":"en-GB"}]}},"batches":[{"id":"46","date_created":"2025-05-22 11:47:32","date_expiry":"2026-09-01 00:00:00","user_id":"8","batch_number":"80.23.007","location":"","quantity":"32.0000","quantity_available":"0.0000","units":"1","status":"archived","order_ids":"[14428,14433,13868,14549,14599,14618,14707,14708,14736,14765,14925,15297,15298,15409,15427,15647]"},{"id":"108","date_created":"2025-09-10 18:03:16","date_expiry":"2027-09-01 00:00:00","user_id":"8","batch_number":"80.25.008","location":"","quantity":"71.0000","quantity_available":"39.0000","units":"1","status":"active","order_ids":"[15892,15893,15739,16284,16352,16383,16418,16480,16822,16892,16990,17075,17119,17210,17212,17215,17307,17335,17349,17504,17591,17687,17695,17746,17768,17833,18284,18334,18348,18363,18562,18640,18707,18795,18834,18883,18602,18938]"}],"_links":{"self":[{"href":"https:\/\/loiseauvert.fr\/en\/wp-json\/wp\/v2\/product\/528","targetHints":{"allow":["GET"]}}],"collection":[{"href":"https:\/\/loiseauvert.fr\/en\/wp-json\/wp\/v2\/product"}],"about":[{"href":"https:\/\/loiseauvert.fr\/en\/wp-json\/wp\/v2\/types\/product"}],"wp:featuredmedia":[{"embeddable":true,"href":"https:\/\/loiseauvert.fr\/en\/wp-json\/wp\/v2\/media\/5953"}],"wp:attachment":[{"href":"https:\/\/loiseauvert.fr\/en\/wp-json\/wp\/v2\/media?parent=528"}],"wp:term":[{"taxonomy":"product_brand","embeddable":true,"href":"https:\/\/loiseauvert.fr\/en\/wp-json\/wp\/v2\/product_brand?post=528"},{"taxonomy":"product_cat","embeddable":true,"href":"https:\/\/loiseauvert.fr\/en\/wp-json\/wp\/v2\/product_cat?post=528"},{"taxonomy":"product_tag","embeddable":true,"href":"https:\/\/loiseauvert.fr\/en\/wp-json\/wp\/v2\/product_tag?post=528"}],"curies":[{"name":"wp","href":"https:\/\/api.w.org\/{rel}","templated":true}]}}