{"id":527,"date":"2023-05-19T11:42:29","date_gmt":"2023-05-19T09:42:29","guid":{"rendered":"https:\/\/loiseauvert.fr\/?post_type=product&#038;p=527"},"modified":"2026-04-09T17:33:56","modified_gmt":"2026-04-09T15:33:56","slug":"solarisation-n67-elixir-vibratoire-pour-expression-authentique-et-liberte-interieure","status":"publish","type":"product","link":"https:\/\/loiseauvert.fr\/en\/product\/solarisation-n67-elixir-vibratoire-pour-expression-authentique-et-liberte-interieure\/","title":{"rendered":"Deal"},"content":{"rendered":"<h3>Solarization No. 67<\/h3>\n<p><strong>\u00ab\u00a0Expression authentique de soi, lib\u00e9r\u00e9e des freins int\u00e9rieurs\u00a0\u00bb\u00a0<\/strong><\/p>\n<ul>\n<li>Encourage \u00e0 avancer avec confiance et enthousiasme dans ses projets personnels.<\/li>\n<li>Favorise un sentiment de libert\u00e9 d\u2019action et d\u2019autonomie dans les choix de vie.<\/li>\n<li>Invite \u00e0 adopter une posture active face aux d\u00e9fis du quotidien, en se recentrant sur ses ressources personnelles.<\/li>\n<\/ul>\n<h5>Vibration Supports:<\/h5>\n<p>Ti Z\u00e9lia 3, Protect, Metab, Miroir, L\u00e2cher-prise, Optimisme, Seren<\/p>","protected":false},"excerpt":{"rendered":"<p>Invite \u00e0 avancer avec confiance et enthousiasme dans la r\u00e9alisation de ses projets personnels.<\/p>","protected":false},"featured_media":481,"template":"","meta":{"_acf_changed":false,"_glsr_average":0,"_glsr_ranking":0,"_glsr_reviews":0},"product_brand":[],"product_cat":[59],"product_tag":[],"class_list":{"0":"post-527","1":"product","2":"type-product","3":"status-publish","4":"has-post-thumbnail","6":"product_cat-les-complexes","8":"first","9":"instock","10":"taxable","11":"shipping-taxable","12":"purchasable","13":"product-type-simple"},"supplier_id":null,"supplier_sku":"","barcode":null,"atum_controlled":true,"out_stock_date":null,"out_stock_threshold":null,"inheritable":false,"inbound_stock":null,"stock_on_hold":0,"sold_today":0,"sales_last_days":0,"reserved_stock":null,"customer_returns":null,"warehouse_damage":null,"lost_in_post":null,"other_logs":null,"out_stock_days":0,"lost_sales":0,"has_location":false,"update_date":"2026-04-09T17:43:14","atum_locations":[],"atum_stock_status":"instock","restock_status":false,"low_stock_amount":"","sales_update_date":"2026-04-09T17:43:14","calc_backorders":null,"acf":[],"yoast_head":"<!-- This site is optimized with the Yoast SEO plugin v26.9 - https:\/\/yoast.com\/product\/yoast-seo-wordpress\/ -->\n<title>Accord - L&#039;Oiseau Vert<\/title>\n<meta name=\"description\" content=\"Solarisation n\u00b067 \u2013 \u00c9lixir vibratoire pour expression authentique, libert\u00e9 int\u00e9rieure et confiance, soutien \u00e0 l\u2019autonomie et aux projets personnels.\" \/>\n<meta name=\"robots\" content=\"index, follow, max-snippet:-1, max-image-preview:large, max-video-preview:-1\" \/>\n<link rel=\"canonical\" href=\"https:\/\/loiseauvert.fr\/en\/product\/solarisation-n67-elixir-vibratoire-pour-expression-authentique-et-liberte-interieure\/\" \/>\n<meta property=\"og:locale\" content=\"en_GB\" \/>\n<meta property=\"og:type\" content=\"article\" \/>\n<meta property=\"og:title\" content=\"Accord - L&#039;Oiseau Vert\" \/>\n<meta property=\"og:description\" content=\"Solarisation n\u00b067 \u2013 \u00c9lixir vibratoire pour expression authentique, libert\u00e9 int\u00e9rieure et confiance, soutien \u00e0 l\u2019autonomie et aux projets personnels.\" \/>\n<meta property=\"og:url\" content=\"https:\/\/loiseauvert.fr\/en\/product\/solarisation-n67-elixir-vibratoire-pour-expression-authentique-et-liberte-interieure\/\" \/>\n<meta property=\"og:site_name\" content=\"L&#039;Oiseau Vert\" \/>\n<meta property=\"article:modified_time\" content=\"2026-04-09T15:33:56+00:00\" \/>\n<meta property=\"og:image\" content=\"https:\/\/loiseauvert.fr\/wp-content\/uploads\/2023\/05\/oiseau-vert-solarisation-accord-67-jpg.webp\" \/>\n\t<meta property=\"og:image:width\" content=\"1000\" \/>\n\t<meta property=\"og:image:height\" content=\"1000\" \/>\n\t<meta property=\"og:image:type\" content=\"image\/jpeg\" \/>\n<meta name=\"twitter:card\" content=\"summary_large_image\" \/>\n<meta name=\"twitter:label1\" content=\"Estimated reading time\" \/>\n\t<meta name=\"twitter:data1\" content=\"1 minute\" \/>\n<script type=\"application\/ld+json\" class=\"yoast-schema-graph\">{\"@context\":\"https:\/\/schema.org\",\"@graph\":[{\"@type\":\"WebPage\",\"@id\":\"https:\/\/loiseauvert.fr\/produit\/solarisation-n67-elixir-vibratoire-pour-expression-authentique-et-liberte-interieure\/\",\"url\":\"https:\/\/loiseauvert.fr\/produit\/solarisation-n67-elixir-vibratoire-pour-expression-authentique-et-liberte-interieure\/\",\"name\":\"Accord - L&#039;Oiseau Vert\",\"isPartOf\":{\"@id\":\"https:\/\/loiseauvert.fr\/#website\"},\"primaryImageOfPage\":{\"@id\":\"https:\/\/loiseauvert.fr\/produit\/solarisation-n67-elixir-vibratoire-pour-expression-authentique-et-liberte-interieure\/#primaryimage\"},\"image\":{\"@id\":\"https:\/\/loiseauvert.fr\/produit\/solarisation-n67-elixir-vibratoire-pour-expression-authentique-et-liberte-interieure\/#primaryimage\"},\"thumbnailUrl\":\"https:\/\/loiseauvert.fr\/wp-content\/uploads\/2023\/05\/oiseau-vert-solarisation-accord-67-jpg.webp\",\"datePublished\":\"2023-05-19T09:42:29+00:00\",\"dateModified\":\"2026-04-09T15:33:56+00:00\",\"description\":\"Solarisation n\u00b067 \u2013 \u00c9lixir vibratoire pour expression authentique, libert\u00e9 int\u00e9rieure et confiance, soutien \u00e0 l\u2019autonomie et aux projets personnels.\",\"breadcrumb\":{\"@id\":\"https:\/\/loiseauvert.fr\/produit\/solarisation-n67-elixir-vibratoire-pour-expression-authentique-et-liberte-interieure\/#breadcrumb\"},\"inLanguage\":\"en-GB\",\"potentialAction\":[{\"@type\":\"ReadAction\",\"target\":[\"https:\/\/loiseauvert.fr\/produit\/solarisation-n67-elixir-vibratoire-pour-expression-authentique-et-liberte-interieure\/\"]}]},{\"@type\":\"ImageObject\",\"inLanguage\":\"en-GB\",\"@id\":\"https:\/\/loiseauvert.fr\/produit\/solarisation-n67-elixir-vibratoire-pour-expression-authentique-et-liberte-interieure\/#primaryimage\",\"url\":\"https:\/\/loiseauvert.fr\/wp-content\/uploads\/2023\/05\/oiseau-vert-solarisation-accord-67-jpg.webp\",\"contentUrl\":\"https:\/\/loiseauvert.fr\/wp-content\/uploads\/2023\/05\/oiseau-vert-solarisation-accord-67-jpg.webp\",\"width\":1000,\"height\":1000},{\"@type\":\"BreadcrumbList\",\"@id\":\"https:\/\/loiseauvert.fr\/produit\/solarisation-n67-elixir-vibratoire-pour-expression-authentique-et-liberte-interieure\/#breadcrumb\",\"itemListElement\":[{\"@type\":\"ListItem\",\"position\":1,\"name\":\"Accueil\",\"item\":\"https:\/\/loiseauvert.fr\/\"},{\"@type\":\"ListItem\",\"position\":2,\"name\":\"Les Complexes\",\"item\":\"https:\/\/loiseauvert.fr\/categorie-produit\/les-complexes\/\"},{\"@type\":\"ListItem\",\"position\":3,\"name\":\"Accord\"}]},{\"@type\":\"WebSite\",\"@id\":\"https:\/\/loiseauvert.fr\/#website\",\"url\":\"https:\/\/loiseauvert.fr\/\",\"name\":\"L&#039;Oiseau Vert\",\"description\":\"\",\"potentialAction\":[{\"@type\":\"SearchAction\",\"target\":{\"@type\":\"EntryPoint\",\"urlTemplate\":\"https:\/\/loiseauvert.fr\/?s={search_term_string}\"},\"query-input\":{\"@type\":\"PropertyValueSpecification\",\"valueRequired\":true,\"valueName\":\"search_term_string\"}}],\"inLanguage\":\"en-GB\"}]}<\/script>\n<!-- \/ Yoast SEO plugin. -->","yoast_head_json":{"title":"Accord - L&#039;Green Bird","description":"Solarisation n\u00b067 \u2013 \u00c9lixir vibratoire pour expression authentique, libert\u00e9 int\u00e9rieure et confiance, soutien \u00e0 l\u2019autonomie et aux projets personnels.","robots":{"index":"index","follow":"follow","max-snippet":"max-snippet:-1","max-image-preview":"max-image-preview:large","max-video-preview":"max-video-preview:-1"},"canonical":"https:\/\/loiseauvert.fr\/en\/product\/solarisation-n67-elixir-vibratoire-pour-expression-authentique-et-liberte-interieure\/","og_locale":"en_GB","og_type":"article","og_title":"Accord - L&#039;Oiseau Vert","og_description":"Solarisation n\u00b067 \u2013 \u00c9lixir vibratoire pour expression authentique, libert\u00e9 int\u00e9rieure et confiance, soutien \u00e0 l\u2019autonomie et aux projets personnels.","og_url":"https:\/\/loiseauvert.fr\/en\/product\/solarisation-n67-elixir-vibratoire-pour-expression-authentique-et-liberte-interieure\/","og_site_name":"L&#039;Oiseau Vert","article_modified_time":"2026-04-09T15:33:56+00:00","og_image":[{"width":1000,"height":1000,"url":"https:\/\/loiseauvert.fr\/wp-content\/uploads\/2023\/05\/oiseau-vert-solarisation-accord-67-jpg.webp","type":"image\/jpeg"}],"twitter_card":"summary_large_image","twitter_misc":{"Estimated reading time":"1 minute"},"schema":{"@context":"https:\/\/schema.org","@graph":[{"@type":"WebPage","@id":"https:\/\/loiseauvert.fr\/produit\/solarisation-n67-elixir-vibratoire-pour-expression-authentique-et-liberte-interieure\/","url":"https:\/\/loiseauvert.fr\/produit\/solarisation-n67-elixir-vibratoire-pour-expression-authentique-et-liberte-interieure\/","name":"Accord - L&#039;Green Bird","isPartOf":{"@id":"https:\/\/loiseauvert.fr\/#website"},"primaryImageOfPage":{"@id":"https:\/\/loiseauvert.fr\/produit\/solarisation-n67-elixir-vibratoire-pour-expression-authentique-et-liberte-interieure\/#primaryimage"},"image":{"@id":"https:\/\/loiseauvert.fr\/produit\/solarisation-n67-elixir-vibratoire-pour-expression-authentique-et-liberte-interieure\/#primaryimage"},"thumbnailUrl":"https:\/\/loiseauvert.fr\/wp-content\/uploads\/2023\/05\/oiseau-vert-solarisation-accord-67-jpg.webp","datePublished":"2023-05-19T09:42:29+00:00","dateModified":"2026-04-09T15:33:56+00:00","description":"Solarisation n\u00b067 \u2013 \u00c9lixir vibratoire pour expression authentique, libert\u00e9 int\u00e9rieure et confiance, soutien \u00e0 l\u2019autonomie et aux projets personnels.","breadcrumb":{"@id":"https:\/\/loiseauvert.fr\/produit\/solarisation-n67-elixir-vibratoire-pour-expression-authentique-et-liberte-interieure\/#breadcrumb"},"inLanguage":"en-GB","potentialAction":[{"@type":"ReadAction","target":["https:\/\/loiseauvert.fr\/produit\/solarisation-n67-elixir-vibratoire-pour-expression-authentique-et-liberte-interieure\/"]}]},{"@type":"ImageObject","inLanguage":"en-GB","@id":"https:\/\/loiseauvert.fr\/produit\/solarisation-n67-elixir-vibratoire-pour-expression-authentique-et-liberte-interieure\/#primaryimage","url":"https:\/\/loiseauvert.fr\/wp-content\/uploads\/2023\/05\/oiseau-vert-solarisation-accord-67-jpg.webp","contentUrl":"https:\/\/loiseauvert.fr\/wp-content\/uploads\/2023\/05\/oiseau-vert-solarisation-accord-67-jpg.webp","width":1000,"height":1000},{"@type":"BreadcrumbList","@id":"https:\/\/loiseauvert.fr\/produit\/solarisation-n67-elixir-vibratoire-pour-expression-authentique-et-liberte-interieure\/#breadcrumb","itemListElement":[{"@type":"ListItem","position":1,"name":"Accueil","item":"https:\/\/loiseauvert.fr\/"},{"@type":"ListItem","position":2,"name":"Les Complexes","item":"https:\/\/loiseauvert.fr\/categorie-produit\/les-complexes\/"},{"@type":"ListItem","position":3,"name":"Accord"}]},{"@type":"WebSite","@id":"https:\/\/loiseauvert.fr\/#website","url":"https:\/\/loiseauvert.fr\/","name":"The Green Bird","description":"","potentialAction":[{"@type":"SearchAction","target":{"@type":"EntryPoint","urlTemplate":"https:\/\/loiseauvert.fr\/?s={search_term_string}"},"query-input":{"@type":"PropertyValueSpecification","valueRequired":true,"valueName":"search_term_string"}}],"inLanguage":"en-GB"}]}},"batches":[{"id":"54","date_created":"2025-05-22 11:56:22","date_expiry":"2027-01-01 00:00:00","user_id":"8","batch_number":"67.25.021","location":"","quantity":"33.0000","quantity_available":"0.0000","units":"1","status":"archived","order_ids":"[8751,13864,14560,14575,14949,14979,15171,15259,15280,15346,15358,15399,15451,15507,15583,15739,15787,15857,15995,16168,16266,16530]"},{"id":"125","date_created":"2025-10-22 11:41:33","date_expiry":"2027-10-01 00:00:00","user_id":"0","batch_number":"67.25.022","location":"","quantity":"72.0000","quantity_available":"30.0000","units":"1","status":"active","order_ids":"[16564,16566,16603,16713,16728,16801,16822,16831,16886,16899,17003,17021,17115,17138,17139,17172,17453,17574,17664,17685,17869,18031,18192,18275,18299,18411,18661,18602,18930,18964]"}],"_links":{"self":[{"href":"https:\/\/loiseauvert.fr\/en\/wp-json\/wp\/v2\/product\/527","targetHints":{"allow":["GET"]}}],"collection":[{"href":"https:\/\/loiseauvert.fr\/en\/wp-json\/wp\/v2\/product"}],"about":[{"href":"https:\/\/loiseauvert.fr\/en\/wp-json\/wp\/v2\/types\/product"}],"wp:featuredmedia":[{"embeddable":true,"href":"https:\/\/loiseauvert.fr\/en\/wp-json\/wp\/v2\/media\/481"}],"wp:attachment":[{"href":"https:\/\/loiseauvert.fr\/en\/wp-json\/wp\/v2\/media?parent=527"}],"wp:term":[{"taxonomy":"product_brand","embeddable":true,"href":"https:\/\/loiseauvert.fr\/en\/wp-json\/wp\/v2\/product_brand?post=527"},{"taxonomy":"product_cat","embeddable":true,"href":"https:\/\/loiseauvert.fr\/en\/wp-json\/wp\/v2\/product_cat?post=527"},{"taxonomy":"product_tag","embeddable":true,"href":"https:\/\/loiseauvert.fr\/en\/wp-json\/wp\/v2\/product_tag?post=527"}],"curies":[{"name":"wp","href":"https:\/\/api.w.org\/{rel}","templated":true}]}}