{"id":525,"date":"2023-05-19T11:42:29","date_gmt":"2023-05-19T09:42:29","guid":{"rendered":"https:\/\/loiseauvert.fr\/?post_type=product&#038;p=525"},"modified":"2026-04-09T17:33:56","modified_gmt":"2026-04-09T15:33:56","slug":"solarisation-n78-elixir-vibratoire-pour-joie-interieure-et-confiance-en-soi","status":"publish","type":"product","link":"https:\/\/loiseauvert.fr\/en\/product\/solarisation-n78-elixir-vibratoire-pour-joie-interieure-et-confiance-en-soi\/","title":{"rendered":"Abandonment -Sadness"},"content":{"rendered":"<h3>Solarization No. 78<\/h3>\n<p><strong>\u00ab\u00a0\u00c9veil \u00e0 la joie int\u00e9rieure\u00a0\u00bb<\/strong><\/p>\n<ul>\n<li>Invite \u00e0 renouer avec une joie de vivre authentique.<\/li>\n<li>Favorise l\u2019expression du d\u00e9sir de cr\u00e9er du lien et de partager.<\/li>\n<li>Accompagne la restauration d\u2019un sentiment de confiance en soi.<\/li>\n<\/ul>\n<h5>Vibration Supports:<\/h5>\n<p>Staplex, Rutil, Leios, Netal.<\/p>","protected":false},"excerpt":{"rendered":"<p>Invite \u00e0 renouer avec la joie de vivre et la vitalit\u00e9 au quotidien.<\/p>","protected":false},"featured_media":5951,"template":"","meta":{"_acf_changed":false,"_glsr_average":0,"_glsr_ranking":0,"_glsr_reviews":0},"product_brand":[],"product_cat":[59],"product_tag":[],"class_list":{"0":"post-525","1":"product","2":"type-product","3":"status-publish","4":"has-post-thumbnail","6":"product_cat-les-complexes","8":"first","9":"instock","10":"taxable","11":"shipping-taxable","12":"purchasable","13":"product-type-simple"},"supplier_id":null,"supplier_sku":"","barcode":null,"atum_controlled":true,"out_stock_date":null,"out_stock_threshold":null,"inheritable":false,"inbound_stock":null,"stock_on_hold":0,"sold_today":0,"sales_last_days":0,"reserved_stock":null,"customer_returns":null,"warehouse_damage":null,"lost_in_post":null,"other_logs":null,"out_stock_days":0,"lost_sales":0,"has_location":false,"update_date":"2026-04-09T17:43:14","atum_locations":[],"atum_stock_status":"instock","restock_status":false,"low_stock_amount":"","sales_update_date":"2026-04-09T17:43:14","calc_backorders":null,"acf":[],"yoast_head":"<!-- This site is optimized with the Yoast SEO plugin v26.9 - https:\/\/yoast.com\/product\/yoast-seo-wordpress\/ -->\n<title>Abandon -Tristesse - L&#039;Oiseau Vert<\/title>\n<meta name=\"description\" content=\"Solarisation n\u00b078 \u2013 \u00c9lixir vibratoire pour joie int\u00e9rieure, confiance en soi et ouverture au partage, soutien au rayonnement et \u00e0 l\u2019\u00e9quilibre \u00e9motionnel.\" \/>\n<meta name=\"robots\" content=\"index, follow, max-snippet:-1, max-image-preview:large, max-video-preview:-1\" \/>\n<link rel=\"canonical\" href=\"https:\/\/loiseauvert.fr\/en\/product\/solarisation-n78-elixir-vibratoire-pour-joie-interieure-et-confiance-en-soi\/\" \/>\n<meta property=\"og:locale\" content=\"en_GB\" \/>\n<meta property=\"og:type\" content=\"article\" \/>\n<meta property=\"og:title\" content=\"Abandon -Tristesse - L&#039;Oiseau Vert\" \/>\n<meta property=\"og:description\" content=\"Solarisation n\u00b078 \u2013 \u00c9lixir vibratoire pour joie int\u00e9rieure, confiance en soi et ouverture au partage, soutien au rayonnement et \u00e0 l\u2019\u00e9quilibre \u00e9motionnel.\" \/>\n<meta property=\"og:url\" content=\"https:\/\/loiseauvert.fr\/en\/product\/solarisation-n78-elixir-vibratoire-pour-joie-interieure-et-confiance-en-soi\/\" \/>\n<meta property=\"og:site_name\" content=\"L&#039;Oiseau Vert\" \/>\n<meta property=\"article:modified_time\" content=\"2026-04-09T15:33:56+00:00\" \/>\n<meta property=\"og:image\" content=\"https:\/\/loiseauvert.fr\/wp-content\/uploads\/2023\/05\/ABANDON-TRISTESSE-2-scaled.webp\" \/>\n\t<meta property=\"og:image:width\" content=\"2442\" \/>\n\t<meta property=\"og:image:height\" content=\"2560\" \/>\n\t<meta property=\"og:image:type\" content=\"image\/jpeg\" \/>\n<meta name=\"twitter:card\" content=\"summary_large_image\" \/>\n<meta name=\"twitter:label1\" content=\"Estimated reading time\" \/>\n\t<meta name=\"twitter:data1\" content=\"1 minute\" \/>\n<script type=\"application\/ld+json\" class=\"yoast-schema-graph\">{\"@context\":\"https:\/\/schema.org\",\"@graph\":[{\"@type\":\"WebPage\",\"@id\":\"https:\/\/loiseauvert.fr\/produit\/solarisation-n78-elixir-vibratoire-pour-joie-interieure-et-confiance-en-soi\/\",\"url\":\"https:\/\/loiseauvert.fr\/produit\/solarisation-n78-elixir-vibratoire-pour-joie-interieure-et-confiance-en-soi\/\",\"name\":\"Abandon -Tristesse - L&#039;Oiseau Vert\",\"isPartOf\":{\"@id\":\"https:\/\/loiseauvert.fr\/#website\"},\"primaryImageOfPage\":{\"@id\":\"https:\/\/loiseauvert.fr\/produit\/solarisation-n78-elixir-vibratoire-pour-joie-interieure-et-confiance-en-soi\/#primaryimage\"},\"image\":{\"@id\":\"https:\/\/loiseauvert.fr\/produit\/solarisation-n78-elixir-vibratoire-pour-joie-interieure-et-confiance-en-soi\/#primaryimage\"},\"thumbnailUrl\":\"https:\/\/loiseauvert.fr\/wp-content\/uploads\/2023\/05\/ABANDON-TRISTESSE-2-scaled.webp\",\"datePublished\":\"2023-05-19T09:42:29+00:00\",\"dateModified\":\"2026-04-09T15:33:56+00:00\",\"description\":\"Solarisation n\u00b078 \u2013 \u00c9lixir vibratoire pour joie int\u00e9rieure, confiance en soi et ouverture au partage, soutien au rayonnement et \u00e0 l\u2019\u00e9quilibre \u00e9motionnel.\",\"breadcrumb\":{\"@id\":\"https:\/\/loiseauvert.fr\/produit\/solarisation-n78-elixir-vibratoire-pour-joie-interieure-et-confiance-en-soi\/#breadcrumb\"},\"inLanguage\":\"en-GB\",\"potentialAction\":[{\"@type\":\"ReadAction\",\"target\":[\"https:\/\/loiseauvert.fr\/produit\/solarisation-n78-elixir-vibratoire-pour-joie-interieure-et-confiance-en-soi\/\"]}]},{\"@type\":\"ImageObject\",\"inLanguage\":\"en-GB\",\"@id\":\"https:\/\/loiseauvert.fr\/produit\/solarisation-n78-elixir-vibratoire-pour-joie-interieure-et-confiance-en-soi\/#primaryimage\",\"url\":\"https:\/\/loiseauvert.fr\/wp-content\/uploads\/2023\/05\/ABANDON-TRISTESSE-2-scaled.webp\",\"contentUrl\":\"https:\/\/loiseauvert.fr\/wp-content\/uploads\/2023\/05\/ABANDON-TRISTESSE-2-scaled.webp\",\"width\":2442,\"height\":2560,\"caption\":\"OLYMPUS DIGITAL CAMERA\"},{\"@type\":\"BreadcrumbList\",\"@id\":\"https:\/\/loiseauvert.fr\/produit\/solarisation-n78-elixir-vibratoire-pour-joie-interieure-et-confiance-en-soi\/#breadcrumb\",\"itemListElement\":[{\"@type\":\"ListItem\",\"position\":1,\"name\":\"Accueil\",\"item\":\"https:\/\/loiseauvert.fr\/\"},{\"@type\":\"ListItem\",\"position\":2,\"name\":\"Les Complexes\",\"item\":\"https:\/\/loiseauvert.fr\/categorie-produit\/les-complexes\/\"},{\"@type\":\"ListItem\",\"position\":3,\"name\":\"Abandon -Tristesse\"}]},{\"@type\":\"WebSite\",\"@id\":\"https:\/\/loiseauvert.fr\/#website\",\"url\":\"https:\/\/loiseauvert.fr\/\",\"name\":\"L&#039;Oiseau Vert\",\"description\":\"\",\"potentialAction\":[{\"@type\":\"SearchAction\",\"target\":{\"@type\":\"EntryPoint\",\"urlTemplate\":\"https:\/\/loiseauvert.fr\/?s={search_term_string}\"},\"query-input\":{\"@type\":\"PropertyValueSpecification\",\"valueRequired\":true,\"valueName\":\"search_term_string\"}}],\"inLanguage\":\"en-GB\"}]}<\/script>\n<!-- \/ Yoast SEO plugin. -->","yoast_head_json":{"title":"Abandonment -Sadness - L&#039;Oiseau Vert","description":"Solarisation n\u00b078 \u2013 \u00c9lixir vibratoire pour joie int\u00e9rieure, confiance en soi et ouverture au partage, soutien au rayonnement et \u00e0 l\u2019\u00e9quilibre \u00e9motionnel.","robots":{"index":"index","follow":"follow","max-snippet":"max-snippet:-1","max-image-preview":"max-image-preview:large","max-video-preview":"max-video-preview:-1"},"canonical":"https:\/\/loiseauvert.fr\/en\/product\/solarisation-n78-elixir-vibratoire-pour-joie-interieure-et-confiance-en-soi\/","og_locale":"en_GB","og_type":"article","og_title":"Abandon -Tristesse - L&#039;Oiseau Vert","og_description":"Solarisation n\u00b078 \u2013 \u00c9lixir vibratoire pour joie int\u00e9rieure, confiance en soi et ouverture au partage, soutien au rayonnement et \u00e0 l\u2019\u00e9quilibre \u00e9motionnel.","og_url":"https:\/\/loiseauvert.fr\/en\/product\/solarisation-n78-elixir-vibratoire-pour-joie-interieure-et-confiance-en-soi\/","og_site_name":"L&#039;Oiseau Vert","article_modified_time":"2026-04-09T15:33:56+00:00","og_image":[{"width":2442,"height":2560,"url":"https:\/\/loiseauvert.fr\/wp-content\/uploads\/2023\/05\/ABANDON-TRISTESSE-2-scaled.webp","type":"image\/jpeg"}],"twitter_card":"summary_large_image","twitter_misc":{"Estimated reading time":"1 minute"},"schema":{"@context":"https:\/\/schema.org","@graph":[{"@type":"WebPage","@id":"https:\/\/loiseauvert.fr\/produit\/solarisation-n78-elixir-vibratoire-pour-joie-interieure-et-confiance-en-soi\/","url":"https:\/\/loiseauvert.fr\/produit\/solarisation-n78-elixir-vibratoire-pour-joie-interieure-et-confiance-en-soi\/","name":"Abandonment -Sadness - L&#039;Oiseau Vert","isPartOf":{"@id":"https:\/\/loiseauvert.fr\/#website"},"primaryImageOfPage":{"@id":"https:\/\/loiseauvert.fr\/produit\/solarisation-n78-elixir-vibratoire-pour-joie-interieure-et-confiance-en-soi\/#primaryimage"},"image":{"@id":"https:\/\/loiseauvert.fr\/produit\/solarisation-n78-elixir-vibratoire-pour-joie-interieure-et-confiance-en-soi\/#primaryimage"},"thumbnailUrl":"https:\/\/loiseauvert.fr\/wp-content\/uploads\/2023\/05\/ABANDON-TRISTESSE-2-scaled.webp","datePublished":"2023-05-19T09:42:29+00:00","dateModified":"2026-04-09T15:33:56+00:00","description":"Solarisation n\u00b078 \u2013 \u00c9lixir vibratoire pour joie int\u00e9rieure, confiance en soi et ouverture au partage, soutien au rayonnement et \u00e0 l\u2019\u00e9quilibre \u00e9motionnel.","breadcrumb":{"@id":"https:\/\/loiseauvert.fr\/produit\/solarisation-n78-elixir-vibratoire-pour-joie-interieure-et-confiance-en-soi\/#breadcrumb"},"inLanguage":"en-GB","potentialAction":[{"@type":"ReadAction","target":["https:\/\/loiseauvert.fr\/produit\/solarisation-n78-elixir-vibratoire-pour-joie-interieure-et-confiance-en-soi\/"]}]},{"@type":"ImageObject","inLanguage":"en-GB","@id":"https:\/\/loiseauvert.fr\/produit\/solarisation-n78-elixir-vibratoire-pour-joie-interieure-et-confiance-en-soi\/#primaryimage","url":"https:\/\/loiseauvert.fr\/wp-content\/uploads\/2023\/05\/ABANDON-TRISTESSE-2-scaled.webp","contentUrl":"https:\/\/loiseauvert.fr\/wp-content\/uploads\/2023\/05\/ABANDON-TRISTESSE-2-scaled.webp","width":2442,"height":2560,"caption":"OLYMPUS DIGITAL CAMERA"},{"@type":"BreadcrumbList","@id":"https:\/\/loiseauvert.fr\/produit\/solarisation-n78-elixir-vibratoire-pour-joie-interieure-et-confiance-en-soi\/#breadcrumb","itemListElement":[{"@type":"ListItem","position":1,"name":"Accueil","item":"https:\/\/loiseauvert.fr\/"},{"@type":"ListItem","position":2,"name":"Les Complexes","item":"https:\/\/loiseauvert.fr\/categorie-produit\/les-complexes\/"},{"@type":"ListItem","position":3,"name":"Abandon -Tristesse"}]},{"@type":"WebSite","@id":"https:\/\/loiseauvert.fr\/#website","url":"https:\/\/loiseauvert.fr\/","name":"The Green Bird","description":"","potentialAction":[{"@type":"SearchAction","target":{"@type":"EntryPoint","urlTemplate":"https:\/\/loiseauvert.fr\/?s={search_term_string}"},"query-input":{"@type":"PropertyValueSpecification","valueRequired":true,"valueName":"search_term_string"}}],"inLanguage":"en-GB"}]}},"batches":[{"id":"45","date_created":"2025-05-22 11:44:42","date_expiry":"2027-03-01 00:00:00","user_id":"8","batch_number":"78.25.014","location":"","quantity":"59.0000","quantity_available":"0.0000","units":"1","status":"archived","order_ids":"[14412,14454,14524,14551,14599,14610,14713,14743,14790,14925,14929,14963,14969,15035,15279,15297,15298,15256,15399,15408,15480,15505,15533,15534,17210]"},{"id":"117","date_created":"2025-10-08 15:24:11","date_expiry":"2027-10-01 00:00:00","user_id":"0","batch_number":"78.25.015","location":"","quantity":"78.0000","quantity_available":"26.0000","units":"1","status":"active","order_ids":"[15739,16361,16418,16443,16456,16499,16560,16631,16639,16653,16675,16688,16696,16697,16739,16844,16942,16951,16955,16982,17054,17070,17128,17210,17218,17366,17425,17521,17713,17869,18148,18165,18187,18227,18284,18309,18348,18356,18415,18745,18867,18602,18918,18964]"}],"_links":{"self":[{"href":"https:\/\/loiseauvert.fr\/en\/wp-json\/wp\/v2\/product\/525","targetHints":{"allow":["GET"]}}],"collection":[{"href":"https:\/\/loiseauvert.fr\/en\/wp-json\/wp\/v2\/product"}],"about":[{"href":"https:\/\/loiseauvert.fr\/en\/wp-json\/wp\/v2\/types\/product"}],"wp:featuredmedia":[{"embeddable":true,"href":"https:\/\/loiseauvert.fr\/en\/wp-json\/wp\/v2\/media\/5951"}],"wp:attachment":[{"href":"https:\/\/loiseauvert.fr\/en\/wp-json\/wp\/v2\/media?parent=525"}],"wp:term":[{"taxonomy":"product_brand","embeddable":true,"href":"https:\/\/loiseauvert.fr\/en\/wp-json\/wp\/v2\/product_brand?post=525"},{"taxonomy":"product_cat","embeddable":true,"href":"https:\/\/loiseauvert.fr\/en\/wp-json\/wp\/v2\/product_cat?post=525"},{"taxonomy":"product_tag","embeddable":true,"href":"https:\/\/loiseauvert.fr\/en\/wp-json\/wp\/v2\/product_tag?post=525"}],"curies":[{"name":"wp","href":"https:\/\/api.w.org\/{rel}","templated":true}]}}