{"id":1965,"date":"2023-06-02T16:54:07","date_gmt":"2023-06-02T14:54:07","guid":{"rendered":"https:\/\/loiseauvert.fr\/?post_type=product&#038;p=1965"},"modified":"2026-03-31T09:08:24","modified_gmt":"2026-03-31T07:08:24","slug":"apocy","status":"publish","type":"product","link":"https:\/\/loiseauvert.fr\/en\/product\/apocy\/","title":{"rendered":"Apocy"},"content":{"rendered":"<h3>Solarization No. 64<\/h3>\n<p><strong>\u00ab\u00a0Harmonisation \u00e9nerg\u00e9tique des zones pelviennes et reproductives\u00a0\u00bb<\/strong><\/p>\n<blockquote data-start=\"596\" data-end=\"822\">\n<ul>\n<li data-start=\"598\" data-end=\"822\">Contribue \u00e0 favoriser une meilleure connexion \u00e0 son corps et \u00e0 son bien-\u00eatre intime.<\/li>\n<li data-start=\"598\" data-end=\"822\">Invite \u00e0 l\u2019\u00e9coute de soi et \u00e0 l\u2019harmonie int\u00e9rieure en soutenant l\u2019ouverture \u00e0 son potentiel cr\u00e9ateur et f\u00e9cond.<\/li>\n<li data-start=\"598\" data-end=\"822\">Accompagne un travail personnel de lib\u00e9ration \u00e9motionnelle et \u00e9nerg\u00e9tique.<\/li>\n<\/ul>\n<\/blockquote>","protected":false},"excerpt":{"rendered":"<p>Harmonisation \u00e9nerg\u00e9tique des zones pelviennes et reproductives<\/p>","protected":false},"featured_media":5947,"template":"","meta":{"_acf_changed":false,"_glsr_average":0,"_glsr_ranking":0,"_glsr_reviews":0},"product_brand":[],"product_cat":[58],"product_tag":[],"class_list":{"0":"post-1965","1":"product","2":"type-product","3":"status-publish","4":"has-post-thumbnail","6":"product_cat-les-mixtes","8":"first","9":"instock","10":"taxable","11":"shipping-taxable","12":"purchasable","13":"product-type-simple"},"supplier_id":null,"supplier_sku":"","barcode":null,"atum_controlled":true,"out_stock_date":null,"out_stock_threshold":null,"inheritable":false,"inbound_stock":0,"stock_on_hold":6,"sold_today":0,"sales_last_days":2,"reserved_stock":0,"customer_returns":0,"warehouse_damage":0,"lost_in_post":0,"other_logs":0,"out_stock_days":0,"lost_sales":0,"has_location":false,"update_date":"2026-04-09T10:18:02","atum_locations":[],"atum_stock_status":"instock","restock_status":false,"low_stock_amount":"","sales_update_date":"2026-04-09T10:18:02","calc_backorders":null,"acf":[],"yoast_head":"<!-- This site is optimized with the Yoast SEO plugin v26.9 - https:\/\/yoast.com\/product\/yoast-seo-wordpress\/ -->\n<title>Apocy - L&#039;Oiseau Vert<\/title>\n<meta name=\"description\" content=\"Infertilit\u00e9, dysm\u00e9norrh\u00e9e, am\u00e9norrh\u00e9e, prostatite, r\u00e9gulation des troubles du cycle, Valorisation par la procr\u00e9ation Non-reconnaissance de sa propre valeur\" \/>\n<meta name=\"robots\" content=\"index, follow, max-snippet:-1, max-image-preview:large, max-video-preview:-1\" \/>\n<link rel=\"canonical\" href=\"https:\/\/loiseauvert.fr\/en\/product\/apocy\/\" \/>\n<meta property=\"og:locale\" content=\"en_GB\" \/>\n<meta property=\"og:type\" content=\"article\" \/>\n<meta property=\"og:title\" content=\"Apocy - L&#039;Oiseau Vert\" \/>\n<meta property=\"og:description\" content=\"Infertilit\u00e9, dysm\u00e9norrh\u00e9e, am\u00e9norrh\u00e9e, prostatite, r\u00e9gulation des troubles du cycle, Valorisation par la procr\u00e9ation Non-reconnaissance de sa propre valeur\" \/>\n<meta property=\"og:url\" content=\"https:\/\/loiseauvert.fr\/en\/product\/apocy\/\" \/>\n<meta property=\"og:site_name\" content=\"L&#039;Oiseau Vert\" \/>\n<meta property=\"article:modified_time\" content=\"2026-03-31T07:08:24+00:00\" \/>\n<meta property=\"og:image\" content=\"https:\/\/loiseauvert.fr\/wp-content\/uploads\/2023\/06\/APOCY-2-scaled.webp\" \/>\n\t<meta property=\"og:image:width\" content=\"2430\" \/>\n\t<meta property=\"og:image:height\" content=\"2560\" \/>\n\t<meta property=\"og:image:type\" content=\"image\/jpeg\" \/>\n<meta name=\"twitter:card\" content=\"summary_large_image\" \/>\n<meta name=\"twitter:label1\" content=\"Estimated reading time\" \/>\n\t<meta name=\"twitter:data1\" content=\"1 minute\" \/>\n<script type=\"application\/ld+json\" class=\"yoast-schema-graph\">{\"@context\":\"https:\/\/schema.org\",\"@graph\":[{\"@type\":\"WebPage\",\"@id\":\"https:\/\/loiseauvert.fr\/produit\/apocy\/\",\"url\":\"https:\/\/loiseauvert.fr\/produit\/apocy\/\",\"name\":\"Apocy - L&#039;Oiseau Vert\",\"isPartOf\":{\"@id\":\"https:\/\/loiseauvert.fr\/#website\"},\"primaryImageOfPage\":{\"@id\":\"https:\/\/loiseauvert.fr\/produit\/apocy\/#primaryimage\"},\"image\":{\"@id\":\"https:\/\/loiseauvert.fr\/produit\/apocy\/#primaryimage\"},\"thumbnailUrl\":\"https:\/\/loiseauvert.fr\/wp-content\/uploads\/2023\/06\/APOCY-2-scaled.webp\",\"datePublished\":\"2023-06-02T14:54:07+00:00\",\"dateModified\":\"2026-03-31T07:08:24+00:00\",\"description\":\"Infertilit\u00e9, dysm\u00e9norrh\u00e9e, am\u00e9norrh\u00e9e, prostatite, r\u00e9gulation des troubles du cycle, Valorisation par la procr\u00e9ation Non-reconnaissance de sa propre valeur\",\"breadcrumb\":{\"@id\":\"https:\/\/loiseauvert.fr\/produit\/apocy\/#breadcrumb\"},\"inLanguage\":\"en-GB\",\"potentialAction\":[{\"@type\":\"ReadAction\",\"target\":[\"https:\/\/loiseauvert.fr\/produit\/apocy\/\"]}]},{\"@type\":\"ImageObject\",\"inLanguage\":\"en-GB\",\"@id\":\"https:\/\/loiseauvert.fr\/produit\/apocy\/#primaryimage\",\"url\":\"https:\/\/loiseauvert.fr\/wp-content\/uploads\/2023\/06\/APOCY-2-scaled.webp\",\"contentUrl\":\"https:\/\/loiseauvert.fr\/wp-content\/uploads\/2023\/06\/APOCY-2-scaled.webp\",\"width\":2430,\"height\":2560,\"caption\":\"OLYMPUS DIGITAL CAMERA\"},{\"@type\":\"BreadcrumbList\",\"@id\":\"https:\/\/loiseauvert.fr\/produit\/apocy\/#breadcrumb\",\"itemListElement\":[{\"@type\":\"ListItem\",\"position\":1,\"name\":\"Accueil\",\"item\":\"https:\/\/loiseauvert.fr\/\"},{\"@type\":\"ListItem\",\"position\":2,\"name\":\"Les Mixtes\",\"item\":\"https:\/\/loiseauvert.fr\/categorie-produit\/les-mixtes\/\"},{\"@type\":\"ListItem\",\"position\":3,\"name\":\"Apocy\"}]},{\"@type\":\"WebSite\",\"@id\":\"https:\/\/loiseauvert.fr\/#website\",\"url\":\"https:\/\/loiseauvert.fr\/\",\"name\":\"L&#039;Oiseau Vert\",\"description\":\"\",\"potentialAction\":[{\"@type\":\"SearchAction\",\"target\":{\"@type\":\"EntryPoint\",\"urlTemplate\":\"https:\/\/loiseauvert.fr\/?s={search_term_string}\"},\"query-input\":{\"@type\":\"PropertyValueSpecification\",\"valueRequired\":true,\"valueName\":\"search_term_string\"}}],\"inLanguage\":\"en-GB\"}]}<\/script>\n<!-- \/ Yoast SEO plugin. -->","yoast_head_json":{"title":"Apocy - L&#039;Green Bird","description":"Infertilit\u00e9, dysm\u00e9norrh\u00e9e, am\u00e9norrh\u00e9e, prostatite, r\u00e9gulation des troubles du cycle, Valorisation par la procr\u00e9ation Non-reconnaissance de sa propre valeur","robots":{"index":"index","follow":"follow","max-snippet":"max-snippet:-1","max-image-preview":"max-image-preview:large","max-video-preview":"max-video-preview:-1"},"canonical":"https:\/\/loiseauvert.fr\/en\/product\/apocy\/","og_locale":"en_GB","og_type":"article","og_title":"Apocy - L&#039;Oiseau Vert","og_description":"Infertilit\u00e9, dysm\u00e9norrh\u00e9e, am\u00e9norrh\u00e9e, prostatite, r\u00e9gulation des troubles du cycle, Valorisation par la procr\u00e9ation Non-reconnaissance de sa propre valeur","og_url":"https:\/\/loiseauvert.fr\/en\/product\/apocy\/","og_site_name":"L&#039;Oiseau Vert","article_modified_time":"2026-03-31T07:08:24+00:00","og_image":[{"width":2430,"height":2560,"url":"https:\/\/loiseauvert.fr\/wp-content\/uploads\/2023\/06\/APOCY-2-scaled.webp","type":"image\/jpeg"}],"twitter_card":"summary_large_image","twitter_misc":{"Estimated reading time":"1 minute"},"schema":{"@context":"https:\/\/schema.org","@graph":[{"@type":"WebPage","@id":"https:\/\/loiseauvert.fr\/produit\/apocy\/","url":"https:\/\/loiseauvert.fr\/produit\/apocy\/","name":"Apocy - L&#039;Green Bird","isPartOf":{"@id":"https:\/\/loiseauvert.fr\/#website"},"primaryImageOfPage":{"@id":"https:\/\/loiseauvert.fr\/produit\/apocy\/#primaryimage"},"image":{"@id":"https:\/\/loiseauvert.fr\/produit\/apocy\/#primaryimage"},"thumbnailUrl":"https:\/\/loiseauvert.fr\/wp-content\/uploads\/2023\/06\/APOCY-2-scaled.webp","datePublished":"2023-06-02T14:54:07+00:00","dateModified":"2026-03-31T07:08:24+00:00","description":"Infertilit\u00e9, dysm\u00e9norrh\u00e9e, am\u00e9norrh\u00e9e, prostatite, r\u00e9gulation des troubles du cycle, Valorisation par la procr\u00e9ation Non-reconnaissance de sa propre valeur","breadcrumb":{"@id":"https:\/\/loiseauvert.fr\/produit\/apocy\/#breadcrumb"},"inLanguage":"en-GB","potentialAction":[{"@type":"ReadAction","target":["https:\/\/loiseauvert.fr\/produit\/apocy\/"]}]},{"@type":"ImageObject","inLanguage":"en-GB","@id":"https:\/\/loiseauvert.fr\/produit\/apocy\/#primaryimage","url":"https:\/\/loiseauvert.fr\/wp-content\/uploads\/2023\/06\/APOCY-2-scaled.webp","contentUrl":"https:\/\/loiseauvert.fr\/wp-content\/uploads\/2023\/06\/APOCY-2-scaled.webp","width":2430,"height":2560,"caption":"OLYMPUS DIGITAL CAMERA"},{"@type":"BreadcrumbList","@id":"https:\/\/loiseauvert.fr\/produit\/apocy\/#breadcrumb","itemListElement":[{"@type":"ListItem","position":1,"name":"Accueil","item":"https:\/\/loiseauvert.fr\/"},{"@type":"ListItem","position":2,"name":"Les Mixtes","item":"https:\/\/loiseauvert.fr\/categorie-produit\/les-mixtes\/"},{"@type":"ListItem","position":3,"name":"Apocy"}]},{"@type":"WebSite","@id":"https:\/\/loiseauvert.fr\/#website","url":"https:\/\/loiseauvert.fr\/","name":"The Green Bird","description":"","potentialAction":[{"@type":"SearchAction","target":{"@type":"EntryPoint","urlTemplate":"https:\/\/loiseauvert.fr\/?s={search_term_string}"},"query-input":{"@type":"PropertyValueSpecification","valueRequired":true,"valueName":"search_term_string"}}],"inLanguage":"en-GB"}]}},"batches":[{"id":"49","date_created":"2025-05-22 11:50:13","date_expiry":"2026-12-01 00:00:00","user_id":"8","batch_number":"64.24.007","location":"","quantity":"29.0000","quantity_available":"0.0000","units":"1","status":"archived","order_ids":"[14488,14523,14536,14591,14718,14752,14818,14885,14970,15036,15168,15232,15326,15333,15366,15399,15451,15463,15598,15643,15647,15706,15739,15992,16013,16078,16129,16190,16199]"},{"id":"103","date_created":"2025-09-02 17:33:27","date_expiry":"2027-09-01 00:00:00","user_id":"8","batch_number":"64.25.008","location":"","quantity":"69.0000","quantity_available":"0.0000","units":"1","status":"archived","order_ids":"[16202,16246,16277,16310,16386,16409,16433,16534,16629,16785,16793,16822,16855,16903,16904,16917,17313,17333,17433,17474,17498,17524,17542,17612,17623,17659,17765,17867,17888,17898,18024,18028,18044,18071,18088,18140,18192,18261,18280,18291]"},{"id":"178","date_created":"2026-02-06 14:48:43","date_expiry":"2028-02-01 00:00:00","user_id":"0","batch_number":"64.26.009","location":"","quantity":"75.0000","quantity_available":"53.0000","units":"1","status":"active","order_ids":"[18311,18329,18342,18365,18463,18536,18548,18555,18572,18726,18748,18767,18770,18822,18602]"}],"_links":{"self":[{"href":"https:\/\/loiseauvert.fr\/en\/wp-json\/wp\/v2\/product\/1965","targetHints":{"allow":["GET"]}}],"collection":[{"href":"https:\/\/loiseauvert.fr\/en\/wp-json\/wp\/v2\/product"}],"about":[{"href":"https:\/\/loiseauvert.fr\/en\/wp-json\/wp\/v2\/types\/product"}],"wp:featuredmedia":[{"embeddable":true,"href":"https:\/\/loiseauvert.fr\/en\/wp-json\/wp\/v2\/media\/5947"}],"wp:attachment":[{"href":"https:\/\/loiseauvert.fr\/en\/wp-json\/wp\/v2\/media?parent=1965"}],"wp:term":[{"taxonomy":"product_brand","embeddable":true,"href":"https:\/\/loiseauvert.fr\/en\/wp-json\/wp\/v2\/product_brand?post=1965"},{"taxonomy":"product_cat","embeddable":true,"href":"https:\/\/loiseauvert.fr\/en\/wp-json\/wp\/v2\/product_cat?post=1965"},{"taxonomy":"product_tag","embeddable":true,"href":"https:\/\/loiseauvert.fr\/en\/wp-json\/wp\/v2\/product_tag?post=1965"}],"curies":[{"name":"wp","href":"https:\/\/api.w.org\/{rel}","templated":true}]}}