{"id":1730,"date":"2023-05-19T15:36:51","date_gmt":"2023-05-19T13:36:51","guid":{"rendered":"https:\/\/loiseauvert.fr\/?post_type=product&#038;p=1730"},"modified":"2026-04-09T17:33:56","modified_gmt":"2026-04-09T15:33:56","slug":"solarisation-n660-exodef-amplifie-harmonisation-vibratoire-des-environnements","status":"publish","type":"product","link":"https:\/\/loiseauvert.fr\/en\/product\/solarisation-n660-exodef-amplifie-harmonisation-vibratoire-des-environnements\/","title":{"rendered":"Exomax"},"content":{"rendered":"<h3>Solarisation n\u00b0 660 (Exodef amplifi\u00e9)<\/h3>\n<p><strong>\u00ab\u00a0Harmonisation vibratoire dans les environnements charg\u00e9s\u00a0\u00bb<\/strong><\/p>\n<ul>\n<li>Contribue \u00e0 cr\u00e9er une atmosph\u00e8re harmonieuse en aidant \u00e0 apaiser les ressentis li\u00e9s aux environnements charg\u00e9s.<\/li>\n<li>Soutient un mieux-\u00eatre personnel face aux impressions de lourdeur ou de pollution \u00e9nerg\u00e9tique.<\/li>\n<li>Id\u00e9al pour accompagner vos rituels de purification et d\u2019\u00e9quilibre.<\/li>\n<\/ul>","protected":false},"excerpt":{"rendered":"<p data-start=\"154\" data-end=\"362\">Soutient le rel\u00e2chement des tensions et favorise un sentiment de libert\u00e9 face aux influences ext\u00e9rieures.<br data-start=\"278\" data-end=\"281\" \/>Elle invite \u00e0 retrouver un \u00e9quilibre profond et une d\u00e9tente durable au quotidien.<\/p>","protected":false},"featured_media":5948,"template":"","meta":{"_acf_changed":false,"_glsr_average":0,"_glsr_ranking":0,"_glsr_reviews":0},"product_brand":[],"product_cat":[58],"product_tag":[],"class_list":{"0":"post-1730","1":"product","2":"type-product","3":"status-publish","4":"has-post-thumbnail","6":"product_cat-les-mixtes","8":"first","9":"instock","10":"taxable","11":"shipping-taxable","12":"purchasable","13":"product-type-simple"},"supplier_id":null,"supplier_sku":"","barcode":null,"atum_controlled":true,"out_stock_date":null,"out_stock_threshold":null,"inheritable":false,"inbound_stock":0,"stock_on_hold":35,"sold_today":0,"sales_last_days":7,"reserved_stock":0,"customer_returns":0,"warehouse_damage":0,"lost_in_post":0,"other_logs":0,"out_stock_days":0,"lost_sales":0,"has_location":false,"update_date":"2026-04-09T17:43:14","atum_locations":[],"atum_stock_status":"instock","restock_status":false,"low_stock_amount":"","sales_update_date":"2026-04-09T17:43:14","calc_backorders":null,"acf":[],"yoast_head":"<!-- This site is optimized with the Yoast SEO plugin v26.9 - https:\/\/yoast.com\/product\/yoast-seo-wordpress\/ -->\n<title>Exomax - L&#039;Oiseau Vert<\/title>\n<meta name=\"description\" content=\"Solarisation n\u00b0660 \u2013 Harmonisation vibratoire et purification \u00e9nerg\u00e9tique. Cr\u00e9ez un environnement \u00e9quilibr\u00e9 et favorisez votre bien-\u00eatre personnel.\" \/>\n<meta name=\"robots\" content=\"index, follow, max-snippet:-1, max-image-preview:large, max-video-preview:-1\" \/>\n<link rel=\"canonical\" href=\"https:\/\/loiseauvert.fr\/en\/product\/solarisation-n660-exodef-amplifie-harmonisation-vibratoire-des-environnements\/\" \/>\n<meta property=\"og:locale\" content=\"en_GB\" \/>\n<meta property=\"og:type\" content=\"article\" \/>\n<meta property=\"og:title\" content=\"Exomax - L&#039;Oiseau Vert\" \/>\n<meta property=\"og:description\" content=\"Solarisation n\u00b0660 \u2013 Harmonisation vibratoire et purification \u00e9nerg\u00e9tique. Cr\u00e9ez un environnement \u00e9quilibr\u00e9 et favorisez votre bien-\u00eatre personnel.\" \/>\n<meta property=\"og:url\" content=\"https:\/\/loiseauvert.fr\/en\/product\/solarisation-n660-exodef-amplifie-harmonisation-vibratoire-des-environnements\/\" \/>\n<meta property=\"og:site_name\" content=\"L&#039;Oiseau Vert\" \/>\n<meta property=\"article:modified_time\" content=\"2026-04-09T15:33:56+00:00\" \/>\n<meta property=\"og:image\" content=\"https:\/\/loiseauvert.fr\/wp-content\/uploads\/2023\/05\/EXOMAX-2-scaled.webp\" \/>\n\t<meta property=\"og:image:width\" content=\"2560\" \/>\n\t<meta property=\"og:image:height\" content=\"2468\" \/>\n\t<meta property=\"og:image:type\" content=\"image\/jpeg\" \/>\n<meta name=\"twitter:card\" content=\"summary_large_image\" \/>\n<meta name=\"twitter:label1\" content=\"Estimated reading time\" \/>\n\t<meta name=\"twitter:data1\" content=\"1 minute\" \/>\n<script type=\"application\/ld+json\" class=\"yoast-schema-graph\">{\"@context\":\"https:\/\/schema.org\",\"@graph\":[{\"@type\":\"WebPage\",\"@id\":\"https:\/\/loiseauvert.fr\/produit\/solarisation-n660-exodef-amplifie-harmonisation-vibratoire-des-environnements\/\",\"url\":\"https:\/\/loiseauvert.fr\/produit\/solarisation-n660-exodef-amplifie-harmonisation-vibratoire-des-environnements\/\",\"name\":\"Exomax - L&#039;Oiseau Vert\",\"isPartOf\":{\"@id\":\"https:\/\/loiseauvert.fr\/#website\"},\"primaryImageOfPage\":{\"@id\":\"https:\/\/loiseauvert.fr\/produit\/solarisation-n660-exodef-amplifie-harmonisation-vibratoire-des-environnements\/#primaryimage\"},\"image\":{\"@id\":\"https:\/\/loiseauvert.fr\/produit\/solarisation-n660-exodef-amplifie-harmonisation-vibratoire-des-environnements\/#primaryimage\"},\"thumbnailUrl\":\"https:\/\/loiseauvert.fr\/wp-content\/uploads\/2023\/05\/EXOMAX-2-scaled.webp\",\"datePublished\":\"2023-05-19T13:36:51+00:00\",\"dateModified\":\"2026-04-09T15:33:56+00:00\",\"description\":\"Solarisation n\u00b0660 \u2013 Harmonisation vibratoire et purification \u00e9nerg\u00e9tique. Cr\u00e9ez un environnement \u00e9quilibr\u00e9 et favorisez votre bien-\u00eatre personnel.\",\"breadcrumb\":{\"@id\":\"https:\/\/loiseauvert.fr\/produit\/solarisation-n660-exodef-amplifie-harmonisation-vibratoire-des-environnements\/#breadcrumb\"},\"inLanguage\":\"en-GB\",\"potentialAction\":[{\"@type\":\"ReadAction\",\"target\":[\"https:\/\/loiseauvert.fr\/produit\/solarisation-n660-exodef-amplifie-harmonisation-vibratoire-des-environnements\/\"]}]},{\"@type\":\"ImageObject\",\"inLanguage\":\"en-GB\",\"@id\":\"https:\/\/loiseauvert.fr\/produit\/solarisation-n660-exodef-amplifie-harmonisation-vibratoire-des-environnements\/#primaryimage\",\"url\":\"https:\/\/loiseauvert.fr\/wp-content\/uploads\/2023\/05\/EXOMAX-2-scaled.webp\",\"contentUrl\":\"https:\/\/loiseauvert.fr\/wp-content\/uploads\/2023\/05\/EXOMAX-2-scaled.webp\",\"width\":2560,\"height\":2468,\"caption\":\"OLYMPUS DIGITAL CAMERA\"},{\"@type\":\"BreadcrumbList\",\"@id\":\"https:\/\/loiseauvert.fr\/produit\/solarisation-n660-exodef-amplifie-harmonisation-vibratoire-des-environnements\/#breadcrumb\",\"itemListElement\":[{\"@type\":\"ListItem\",\"position\":1,\"name\":\"Accueil\",\"item\":\"https:\/\/loiseauvert.fr\/\"},{\"@type\":\"ListItem\",\"position\":2,\"name\":\"Les Mixtes\",\"item\":\"https:\/\/loiseauvert.fr\/categorie-produit\/les-mixtes\/\"},{\"@type\":\"ListItem\",\"position\":3,\"name\":\"Exomax\"}]},{\"@type\":\"WebSite\",\"@id\":\"https:\/\/loiseauvert.fr\/#website\",\"url\":\"https:\/\/loiseauvert.fr\/\",\"name\":\"L&#039;Oiseau Vert\",\"description\":\"\",\"potentialAction\":[{\"@type\":\"SearchAction\",\"target\":{\"@type\":\"EntryPoint\",\"urlTemplate\":\"https:\/\/loiseauvert.fr\/?s={search_term_string}\"},\"query-input\":{\"@type\":\"PropertyValueSpecification\",\"valueRequired\":true,\"valueName\":\"search_term_string\"}}],\"inLanguage\":\"en-GB\"}]}<\/script>\n<!-- \/ Yoast SEO plugin. -->","yoast_head_json":{"title":"Exomax - L&#039;Green Bird","description":"Solarisation n\u00b0660 \u2013 Harmonisation vibratoire et purification \u00e9nerg\u00e9tique. Cr\u00e9ez un environnement \u00e9quilibr\u00e9 et favorisez votre bien-\u00eatre personnel.","robots":{"index":"index","follow":"follow","max-snippet":"max-snippet:-1","max-image-preview":"max-image-preview:large","max-video-preview":"max-video-preview:-1"},"canonical":"https:\/\/loiseauvert.fr\/en\/product\/solarisation-n660-exodef-amplifie-harmonisation-vibratoire-des-environnements\/","og_locale":"en_GB","og_type":"article","og_title":"Exomax - L&#039;Oiseau Vert","og_description":"Solarisation n\u00b0660 \u2013 Harmonisation vibratoire et purification \u00e9nerg\u00e9tique. Cr\u00e9ez un environnement \u00e9quilibr\u00e9 et favorisez votre bien-\u00eatre personnel.","og_url":"https:\/\/loiseauvert.fr\/en\/product\/solarisation-n660-exodef-amplifie-harmonisation-vibratoire-des-environnements\/","og_site_name":"L&#039;Oiseau Vert","article_modified_time":"2026-04-09T15:33:56+00:00","og_image":[{"width":2560,"height":2468,"url":"https:\/\/loiseauvert.fr\/wp-content\/uploads\/2023\/05\/EXOMAX-2-scaled.webp","type":"image\/jpeg"}],"twitter_card":"summary_large_image","twitter_misc":{"Estimated reading time":"1 minute"},"schema":{"@context":"https:\/\/schema.org","@graph":[{"@type":"WebPage","@id":"https:\/\/loiseauvert.fr\/produit\/solarisation-n660-exodef-amplifie-harmonisation-vibratoire-des-environnements\/","url":"https:\/\/loiseauvert.fr\/produit\/solarisation-n660-exodef-amplifie-harmonisation-vibratoire-des-environnements\/","name":"Exomax - L&#039;Green Bird","isPartOf":{"@id":"https:\/\/loiseauvert.fr\/#website"},"primaryImageOfPage":{"@id":"https:\/\/loiseauvert.fr\/produit\/solarisation-n660-exodef-amplifie-harmonisation-vibratoire-des-environnements\/#primaryimage"},"image":{"@id":"https:\/\/loiseauvert.fr\/produit\/solarisation-n660-exodef-amplifie-harmonisation-vibratoire-des-environnements\/#primaryimage"},"thumbnailUrl":"https:\/\/loiseauvert.fr\/wp-content\/uploads\/2023\/05\/EXOMAX-2-scaled.webp","datePublished":"2023-05-19T13:36:51+00:00","dateModified":"2026-04-09T15:33:56+00:00","description":"Solarisation n\u00b0660 \u2013 Harmonisation vibratoire et purification \u00e9nerg\u00e9tique. Cr\u00e9ez un environnement \u00e9quilibr\u00e9 et favorisez votre bien-\u00eatre personnel.","breadcrumb":{"@id":"https:\/\/loiseauvert.fr\/produit\/solarisation-n660-exodef-amplifie-harmonisation-vibratoire-des-environnements\/#breadcrumb"},"inLanguage":"en-GB","potentialAction":[{"@type":"ReadAction","target":["https:\/\/loiseauvert.fr\/produit\/solarisation-n660-exodef-amplifie-harmonisation-vibratoire-des-environnements\/"]}]},{"@type":"ImageObject","inLanguage":"en-GB","@id":"https:\/\/loiseauvert.fr\/produit\/solarisation-n660-exodef-amplifie-harmonisation-vibratoire-des-environnements\/#primaryimage","url":"https:\/\/loiseauvert.fr\/wp-content\/uploads\/2023\/05\/EXOMAX-2-scaled.webp","contentUrl":"https:\/\/loiseauvert.fr\/wp-content\/uploads\/2023\/05\/EXOMAX-2-scaled.webp","width":2560,"height":2468,"caption":"OLYMPUS DIGITAL CAMERA"},{"@type":"BreadcrumbList","@id":"https:\/\/loiseauvert.fr\/produit\/solarisation-n660-exodef-amplifie-harmonisation-vibratoire-des-environnements\/#breadcrumb","itemListElement":[{"@type":"ListItem","position":1,"name":"Accueil","item":"https:\/\/loiseauvert.fr\/"},{"@type":"ListItem","position":2,"name":"Les Mixtes","item":"https:\/\/loiseauvert.fr\/categorie-produit\/les-mixtes\/"},{"@type":"ListItem","position":3,"name":"Exomax"}]},{"@type":"WebSite","@id":"https:\/\/loiseauvert.fr\/#website","url":"https:\/\/loiseauvert.fr\/","name":"The Green Bird","description":"","potentialAction":[{"@type":"SearchAction","target":{"@type":"EntryPoint","urlTemplate":"https:\/\/loiseauvert.fr\/?s={search_term_string}"},"query-input":{"@type":"PropertyValueSpecification","valueRequired":true,"valueName":"search_term_string"}}],"inLanguage":"en-GB"}]}},"batches":[{"id":"52","date_created":"2025-05-22 11:54:41","date_expiry":"2027-05-01 00:00:00","user_id":"8","batch_number":"660.25.017","location":"","quantity":"28.0000","quantity_available":"0.0000","units":"1","status":"archived","order_ids":"[14412,14439,10401,14517,14551,14591,14606,14630,14651,14653,14652,14692,14700,14707,14742,14734,14243,14858,14877,14948,14972,15121,15125,15126]"},{"id":"85","date_created":"2025-07-10 09:46:17","date_expiry":"2027-07-01 00:00:00","user_id":"8","batch_number":"660.25.019","location":"","quantity":"35.0000","quantity_available":"0.0000","units":"1","status":"archived","order_ids":"[15148,15176,15206,15247,15259,15307,15326,15333,15379,15383,15404,15523,15569,15657,15664,15665,15698,15730,15739]"},{"id":"102","date_created":"2025-09-02 17:04:41","date_expiry":"2027-09-01 00:00:00","user_id":"8","batch_number":"660.25.020","location":"","quantity":"30.0000","quantity_available":"0.0000","units":"1","status":"archived","order_ids":"[15739,15827,15896,15985,15984,15991,15993,15995,16007,16006,16020,16151,16157,16129,16185,16217,16232,16240,16261,16275,16278,16289,16310]"},{"id":"124","date_created":"2025-10-15 17:17:43","date_expiry":"2027-10-01 00:00:00","user_id":"0","batch_number":"660.25.021","location":"","quantity":"68.0000","quantity_available":"0.0000","units":"1","status":"archived","order_ids":"[16398,16407,16416,16420,16439,16505,16509,16525,16534,16603,16629,16644,16683,16688,16722,16765,16822,16841,16930,16933,17042,17081,17094,17141,17207,17308,17335,17407,17412,17418,17435,17453,17464,17478,17554,17570,17574,17679,17768]"},{"id":"142","date_created":"2025-11-26 09:07:01","date_expiry":"2027-12-01 00:00:00","user_id":"0","batch_number":"660.25.022","location":"","quantity":"31.0000","quantity_available":"0.0000","units":"1","status":"archived","order_ids":"[17768,17895,18023,18032,18098,18114,18175,18187,18238,18290,18291,18309,18363,18368,18411,18417,18421,18439,18500,18535,18534,17177,18567,18576]"},{"id":"187","date_created":"2026-03-12 13:21:44","date_expiry":"2028-03-01 00:00:00","user_id":"0","batch_number":"660.26.23","location":"","quantity":"61.0000","quantity_available":"13.0000","units":"1","status":"active","order_ids":"[18576,18600,18638,18741,18743,18745,18749,18762,18770,18797,18813,18821,18869,18883,18602,18964]"}],"_links":{"self":[{"href":"https:\/\/loiseauvert.fr\/en\/wp-json\/wp\/v2\/product\/1730","targetHints":{"allow":["GET"]}}],"collection":[{"href":"https:\/\/loiseauvert.fr\/en\/wp-json\/wp\/v2\/product"}],"about":[{"href":"https:\/\/loiseauvert.fr\/en\/wp-json\/wp\/v2\/types\/product"}],"wp:featuredmedia":[{"embeddable":true,"href":"https:\/\/loiseauvert.fr\/en\/wp-json\/wp\/v2\/media\/5948"}],"wp:attachment":[{"href":"https:\/\/loiseauvert.fr\/en\/wp-json\/wp\/v2\/media?parent=1730"}],"wp:term":[{"taxonomy":"product_brand","embeddable":true,"href":"https:\/\/loiseauvert.fr\/en\/wp-json\/wp\/v2\/product_brand?post=1730"},{"taxonomy":"product_cat","embeddable":true,"href":"https:\/\/loiseauvert.fr\/en\/wp-json\/wp\/v2\/product_cat?post=1730"},{"taxonomy":"product_tag","embeddable":true,"href":"https:\/\/loiseauvert.fr\/en\/wp-json\/wp\/v2\/product_tag?post=1730"}],"curies":[{"name":"wp","href":"https:\/\/api.w.org\/{rel}","templated":true}]}}