{"id":1729,"date":"2023-05-19T15:36:51","date_gmt":"2023-05-19T13:36:51","guid":{"rendered":"https:\/\/loiseauvert.fr\/?post_type=product&#038;p=1729"},"modified":"2026-04-01T15:28:32","modified_gmt":"2026-04-01T13:28:32","slug":"vitally","status":"publish","type":"product","link":"https:\/\/loiseauvert.fr\/en\/product\/vitally\/","title":{"rendered":"Vitally"},"content":{"rendered":"<h3>Solarization No. 33<\/h3>\n<p><strong>\u00ab\u00a0Expression fluide des ressentis et accueil du changement\u00a0\u00bb<\/strong><\/p>\n<ul>\n<li>Accompagne le chemin vers un apaisement int\u00e9rieur en invitant \u00e0 se lib\u00e9rer des poids du pass\u00e9.<\/li>\n<li>Favorise un contact renouvel\u00e9 avec l\u2019amour et la douceur.<\/li>\n<li>Encourage \u00e0 accueillir pleinement ses \u00e9motions et \u00e0 s\u2019ouvrir \u00e0 la vie.<\/li>\n<\/ul>","protected":false},"excerpt":{"rendered":"<p data-start=\"100\" data-end=\"168\">Invite \u00e0 oser le changement et \u00e0 accueillir la transformation.<\/p>","protected":false},"featured_media":1733,"template":"","meta":{"_acf_changed":false,"_glsr_average":0,"_glsr_ranking":0,"_glsr_reviews":0},"product_brand":[],"product_cat":[60],"product_tag":[],"class_list":{"0":"post-1729","1":"product","2":"type-product","3":"status-publish","4":"has-post-thumbnail","6":"product_cat-les-specifiques","8":"first","9":"instock","10":"taxable","11":"shipping-taxable","12":"purchasable","13":"product-type-simple"},"supplier_id":null,"supplier_sku":"","barcode":null,"atum_controlled":true,"out_stock_date":null,"out_stock_threshold":null,"inheritable":false,"inbound_stock":0,"stock_on_hold":9,"sold_today":0,"sales_last_days":2,"reserved_stock":0,"customer_returns":0,"warehouse_damage":0,"lost_in_post":0,"other_logs":0,"out_stock_days":0,"lost_sales":0,"has_location":false,"update_date":"2026-04-06T10:18:20","atum_locations":[],"atum_stock_status":"instock","restock_status":false,"low_stock_amount":"","sales_update_date":"2026-04-06T10:18:20","calc_backorders":null,"acf":[],"yoast_head":"<!-- This site is optimized with the Yoast SEO plugin v26.9 - https:\/\/yoast.com\/product\/yoast-seo-wordpress\/ -->\n<title>Vitaly - L&#039;Oiseau Vert<\/title>\n<meta name=\"description\" content=\"La fatigue persistante , Morbide, \ufb01g\u00e9, fatigu\u00e9, L\u2019isolement \u00e9motionnel , Refoulement \u00e9motionnel Inhibition de l\u2019\u00e9nergie :\" \/>\n<meta name=\"robots\" content=\"index, follow, max-snippet:-1, max-image-preview:large, max-video-preview:-1\" \/>\n<link rel=\"canonical\" href=\"https:\/\/loiseauvert.fr\/en\/product\/vitally\/\" \/>\n<meta property=\"og:locale\" content=\"en_GB\" \/>\n<meta property=\"og:type\" content=\"article\" \/>\n<meta property=\"og:title\" content=\"Vitaly - L&#039;Oiseau Vert\" \/>\n<meta property=\"og:description\" content=\"La fatigue persistante , Morbide, \ufb01g\u00e9, fatigu\u00e9, L\u2019isolement \u00e9motionnel , Refoulement \u00e9motionnel Inhibition de l\u2019\u00e9nergie :\" \/>\n<meta property=\"og:url\" content=\"https:\/\/loiseauvert.fr\/en\/product\/vitally\/\" \/>\n<meta property=\"og:site_name\" content=\"L&#039;Oiseau Vert\" \/>\n<meta property=\"article:modified_time\" content=\"2026-04-01T13:28:32+00:00\" \/>\n<meta property=\"og:image\" content=\"https:\/\/loiseauvert.fr\/wp-content\/uploads\/2023\/05\/oiseau-vert-solarisation-vitality-33-jpg.webp\" \/>\n\t<meta property=\"og:image:width\" content=\"1000\" \/>\n\t<meta property=\"og:image:height\" content=\"1000\" \/>\n\t<meta property=\"og:image:type\" content=\"image\/jpeg\" \/>\n<meta name=\"twitter:card\" content=\"summary_large_image\" \/>\n<meta name=\"twitter:label1\" content=\"Estimated reading time\" \/>\n\t<meta name=\"twitter:data1\" content=\"1 minute\" \/>\n<script type=\"application\/ld+json\" class=\"yoast-schema-graph\">{\"@context\":\"https:\/\/schema.org\",\"@graph\":[{\"@type\":\"WebPage\",\"@id\":\"https:\/\/loiseauvert.fr\/produit\/vitaly\/\",\"url\":\"https:\/\/loiseauvert.fr\/produit\/vitaly\/\",\"name\":\"Vitaly - L&#039;Oiseau Vert\",\"isPartOf\":{\"@id\":\"https:\/\/loiseauvert.fr\/#website\"},\"primaryImageOfPage\":{\"@id\":\"https:\/\/loiseauvert.fr\/produit\/vitaly\/#primaryimage\"},\"image\":{\"@id\":\"https:\/\/loiseauvert.fr\/produit\/vitaly\/#primaryimage\"},\"thumbnailUrl\":\"https:\/\/loiseauvert.fr\/wp-content\/uploads\/2023\/05\/oiseau-vert-solarisation-vitality-33-jpg.webp\",\"datePublished\":\"2023-05-19T13:36:51+00:00\",\"dateModified\":\"2026-04-01T13:28:32+00:00\",\"description\":\"La fatigue persistante , Morbide, \ufb01g\u00e9, fatigu\u00e9, L\u2019isolement \u00e9motionnel , Refoulement \u00e9motionnel Inhibition de l\u2019\u00e9nergie :\",\"breadcrumb\":{\"@id\":\"https:\/\/loiseauvert.fr\/produit\/vitaly\/#breadcrumb\"},\"inLanguage\":\"en-GB\",\"potentialAction\":[{\"@type\":\"ReadAction\",\"target\":[\"https:\/\/loiseauvert.fr\/produit\/vitaly\/\"]}]},{\"@type\":\"ImageObject\",\"inLanguage\":\"en-GB\",\"@id\":\"https:\/\/loiseauvert.fr\/produit\/vitaly\/#primaryimage\",\"url\":\"https:\/\/loiseauvert.fr\/wp-content\/uploads\/2023\/05\/oiseau-vert-solarisation-vitality-33-jpg.webp\",\"contentUrl\":\"https:\/\/loiseauvert.fr\/wp-content\/uploads\/2023\/05\/oiseau-vert-solarisation-vitality-33-jpg.webp\",\"width\":1000,\"height\":1000},{\"@type\":\"BreadcrumbList\",\"@id\":\"https:\/\/loiseauvert.fr\/produit\/vitaly\/#breadcrumb\",\"itemListElement\":[{\"@type\":\"ListItem\",\"position\":1,\"name\":\"Accueil\",\"item\":\"https:\/\/loiseauvert.fr\/\"},{\"@type\":\"ListItem\",\"position\":2,\"name\":\"Les Sp\u00e9cifiques\",\"item\":\"https:\/\/loiseauvert.fr\/categorie-produit\/les-specifiques\/\"},{\"@type\":\"ListItem\",\"position\":3,\"name\":\"Vitaly\"}]},{\"@type\":\"WebSite\",\"@id\":\"https:\/\/loiseauvert.fr\/#website\",\"url\":\"https:\/\/loiseauvert.fr\/\",\"name\":\"L&#039;Oiseau Vert\",\"description\":\"\",\"potentialAction\":[{\"@type\":\"SearchAction\",\"target\":{\"@type\":\"EntryPoint\",\"urlTemplate\":\"https:\/\/loiseauvert.fr\/?s={search_term_string}\"},\"query-input\":{\"@type\":\"PropertyValueSpecification\",\"valueRequired\":true,\"valueName\":\"search_term_string\"}}],\"inLanguage\":\"en-GB\"}]}<\/script>\n<!-- \/ Yoast SEO plugin. -->","yoast_head_json":{"title":"Vitaly - L&#039;Green Bird","description":"La fatigue persistante , Morbide, \ufb01g\u00e9, fatigu\u00e9, L\u2019isolement \u00e9motionnel , Refoulement \u00e9motionnel Inhibition de l\u2019\u00e9nergie :","robots":{"index":"index","follow":"follow","max-snippet":"max-snippet:-1","max-image-preview":"max-image-preview:large","max-video-preview":"max-video-preview:-1"},"canonical":"https:\/\/loiseauvert.fr\/en\/product\/vitally\/","og_locale":"en_GB","og_type":"article","og_title":"Vitaly - L&#039;Oiseau Vert","og_description":"La fatigue persistante , Morbide, \ufb01g\u00e9, fatigu\u00e9, L\u2019isolement \u00e9motionnel , Refoulement \u00e9motionnel Inhibition de l\u2019\u00e9nergie :","og_url":"https:\/\/loiseauvert.fr\/en\/product\/vitally\/","og_site_name":"L&#039;Oiseau Vert","article_modified_time":"2026-04-01T13:28:32+00:00","og_image":[{"width":1000,"height":1000,"url":"https:\/\/loiseauvert.fr\/wp-content\/uploads\/2023\/05\/oiseau-vert-solarisation-vitality-33-jpg.webp","type":"image\/jpeg"}],"twitter_card":"summary_large_image","twitter_misc":{"Estimated reading time":"1 minute"},"schema":{"@context":"https:\/\/schema.org","@graph":[{"@type":"WebPage","@id":"https:\/\/loiseauvert.fr\/produit\/vitaly\/","url":"https:\/\/loiseauvert.fr\/produit\/vitaly\/","name":"Vitaly - L&#039;Green Bird","isPartOf":{"@id":"https:\/\/loiseauvert.fr\/#website"},"primaryImageOfPage":{"@id":"https:\/\/loiseauvert.fr\/produit\/vitaly\/#primaryimage"},"image":{"@id":"https:\/\/loiseauvert.fr\/produit\/vitaly\/#primaryimage"},"thumbnailUrl":"https:\/\/loiseauvert.fr\/wp-content\/uploads\/2023\/05\/oiseau-vert-solarisation-vitality-33-jpg.webp","datePublished":"2023-05-19T13:36:51+00:00","dateModified":"2026-04-01T13:28:32+00:00","description":"La fatigue persistante , Morbide, \ufb01g\u00e9, fatigu\u00e9, L\u2019isolement \u00e9motionnel , Refoulement \u00e9motionnel Inhibition de l\u2019\u00e9nergie :","breadcrumb":{"@id":"https:\/\/loiseauvert.fr\/produit\/vitaly\/#breadcrumb"},"inLanguage":"en-GB","potentialAction":[{"@type":"ReadAction","target":["https:\/\/loiseauvert.fr\/produit\/vitaly\/"]}]},{"@type":"ImageObject","inLanguage":"en-GB","@id":"https:\/\/loiseauvert.fr\/produit\/vitaly\/#primaryimage","url":"https:\/\/loiseauvert.fr\/wp-content\/uploads\/2023\/05\/oiseau-vert-solarisation-vitality-33-jpg.webp","contentUrl":"https:\/\/loiseauvert.fr\/wp-content\/uploads\/2023\/05\/oiseau-vert-solarisation-vitality-33-jpg.webp","width":1000,"height":1000},{"@type":"BreadcrumbList","@id":"https:\/\/loiseauvert.fr\/produit\/vitaly\/#breadcrumb","itemListElement":[{"@type":"ListItem","position":1,"name":"Accueil","item":"https:\/\/loiseauvert.fr\/"},{"@type":"ListItem","position":2,"name":"Les Sp\u00e9cifiques","item":"https:\/\/loiseauvert.fr\/categorie-produit\/les-specifiques\/"},{"@type":"ListItem","position":3,"name":"Vitaly"}]},{"@type":"WebSite","@id":"https:\/\/loiseauvert.fr\/#website","url":"https:\/\/loiseauvert.fr\/","name":"The Green Bird","description":"","potentialAction":[{"@type":"SearchAction","target":{"@type":"EntryPoint","urlTemplate":"https:\/\/loiseauvert.fr\/?s={search_term_string}"},"query-input":{"@type":"PropertyValueSpecification","valueRequired":true,"valueName":"search_term_string"}}],"inLanguage":"en-GB"}]}},"batches":[{"id":"34","date_created":"2025-05-22 11:10:38","date_expiry":"2027-04-01 00:00:00","user_id":"8","batch_number":"33.24.043","location":"","quantity":"73.0000","quantity_available":"0.0000","units":"1","status":"archived","order_ids":"[14488,13912,14608,14641,14697,14741,14734,14746,14759,14850,14912,15065,15162,15242,15253,15267,15279,15313,15378,15429,15431,15524,15595,15597,15672,15697,15742,15858,15911,15937,15995,16002,16020,16040,16085,16191,16113,16256,16264,16309,16475,16549,16571,16609,16610,16787]"},{"id":"148","date_created":"2025-11-28 11:46:00","date_expiry":"2027-12-01 00:00:00","user_id":"0","batch_number":"33.25.044","location":"","quantity":"78.0000","quantity_available":"35.0000","units":"1","status":"active","order_ids":"[16940,17000,17007,17041,12561,17131,17190,17200,17213,17523,17526,17544,17547,17556,17777,17812,17910,18009,18230,18287,18317,18355,18444,18446,18486,18523,18535,18536,18567,18576,18755,18840,18848]"}],"_links":{"self":[{"href":"https:\/\/loiseauvert.fr\/en\/wp-json\/wp\/v2\/product\/1729","targetHints":{"allow":["GET"]}}],"collection":[{"href":"https:\/\/loiseauvert.fr\/en\/wp-json\/wp\/v2\/product"}],"about":[{"href":"https:\/\/loiseauvert.fr\/en\/wp-json\/wp\/v2\/types\/product"}],"wp:featuredmedia":[{"embeddable":true,"href":"https:\/\/loiseauvert.fr\/en\/wp-json\/wp\/v2\/media\/1733"}],"wp:attachment":[{"href":"https:\/\/loiseauvert.fr\/en\/wp-json\/wp\/v2\/media?parent=1729"}],"wp:term":[{"taxonomy":"product_brand","embeddable":true,"href":"https:\/\/loiseauvert.fr\/en\/wp-json\/wp\/v2\/product_brand?post=1729"},{"taxonomy":"product_cat","embeddable":true,"href":"https:\/\/loiseauvert.fr\/en\/wp-json\/wp\/v2\/product_cat?post=1729"},{"taxonomy":"product_tag","embeddable":true,"href":"https:\/\/loiseauvert.fr\/en\/wp-json\/wp\/v2\/product_tag?post=1729"}],"curies":[{"name":"wp","href":"https:\/\/api.w.org\/{rel}","templated":true}]}}