{"id":17237,"date":"2025-12-18T11:14:22","date_gmt":"2025-12-18T10:14:22","guid":{"rendered":"https:\/\/loiseauvert.fr\/?post_type=product&#038;p=17237"},"modified":"2025-12-18T11:37:21","modified_gmt":"2025-12-18T10:37:21","slug":"journee-perfectionnement-ile-de-la-reunion","status":"publish","type":"product","link":"https:\/\/loiseauvert.fr\/en\/product\/journee-perfectionnement-ile-de-la-reunion\/","title":{"rendered":"Journ\u00e9e Perfectionnement Ile de la R\u00e9union"},"content":{"rendered":"<h4 data-start=\"53\" data-end=\"457\">Journ\u00e9e r\u00e9serv\u00e9e aux th\u00e9rapeutes ayant suivi la formation initiale. Cet \u00e9v\u00e9nement a pour objectif de renforcer vos comp\u00e9tences et de vous offrir des bases solides afin d\u2019int\u00e9grer de nouvelles connaissances de mani\u00e8re efficace dans votre pratique quotidienne. Il est essentiel que chaque th\u00e9rapeute puisse s\u2019approprier ces savoirs et les adapter aux besoins sp\u00e9cifiques de chaque client.<\/h4>\n<p data-start=\"459\" data-end=\"481\"><strong data-start=\"459\" data-end=\"479\">Th\u00e8mes abord\u00e9s :<\/strong><\/p>\n<ul>\n<li data-start=\"484\" data-end=\"511\">my body is my brain<\/li>\n<li data-start=\"514\" data-end=\"557\">Sensory and instinctual structures<\/li>\n<li data-start=\"560\" data-end=\"574\">Emotions<\/li>\n<li data-start=\"577\" data-end=\"590\">Fascia<\/li>\n<li data-start=\"593\" data-end=\"611\">Vagus nerves<\/li>\n<li data-start=\"614\" data-end=\"640\">Les blocages \u00e9motionnels<\/li>\n<li data-start=\"643\" data-end=\"677\">Les cinq derni\u00e8res Solarisations<\/li>\n<\/ul>","protected":false},"excerpt":{"rendered":"<p>Journ\u00e9e r\u00e9serv\u00e9e aux th\u00e9rapeutes ayant suivi la formation initiale. Cet \u00e9v\u00e9nement a pour objectif de renforcer vos comp\u00e9tences et de vous offrir des bases solides afin d\u2019int\u00e9grer de nouvelles connaissances de mani\u00e8re efficace dans votre pratique quotidienne. Il est essentiel que chaque th\u00e9rapeute puisse s\u2019approprier ces savoirs et les adapter aux besoins sp\u00e9cifiques de chaque [&hellip;]<\/p>","protected":false},"featured_media":11053,"template":"","meta":{"_acf_changed":false,"_glsr_average":0,"_glsr_ranking":0,"_glsr_reviews":0},"product_brand":[],"product_cat":[288],"product_tag":[],"class_list":{"0":"post-17237","1":"product","2":"type-product","3":"status-publish","4":"has-post-thumbnail","6":"product_cat-formations-et-ateliers","8":"first","9":"instock","10":"virtual","11":"taxable","12":"purchasable","13":"product-type-simple"},"supplier_id":null,"supplier_sku":"","barcode":null,"atum_controlled":true,"out_stock_date":null,"out_stock_threshold":null,"inheritable":false,"inbound_stock":null,"stock_on_hold":0,"sold_today":0,"sales_last_days":0,"reserved_stock":null,"customer_returns":null,"warehouse_damage":null,"lost_in_post":null,"other_logs":null,"out_stock_days":0,"lost_sales":0,"has_location":false,"update_date":"2026-04-07T01:31:43","atum_locations":[],"atum_stock_status":"instock","restock_status":false,"low_stock_amount":"","sales_update_date":"2026-04-07T01:31:43","calc_backorders":null,"acf":[],"yoast_head":"<!-- This site is optimized with the Yoast SEO plugin v26.9 - https:\/\/yoast.com\/product\/yoast-seo-wordpress\/ -->\n<title>Journ\u00e9e Perfectionnement Ile de la R\u00e9union - L&#039;Oiseau Vert<\/title>\n<meta name=\"robots\" content=\"index, follow, max-snippet:-1, max-image-preview:large, max-video-preview:-1\" \/>\n<link rel=\"canonical\" href=\"https:\/\/loiseauvert.fr\/en\/product\/journee-perfectionnement-ile-de-la-reunion\/\" \/>\n<meta property=\"og:locale\" content=\"en_GB\" \/>\n<meta property=\"og:type\" content=\"article\" \/>\n<meta property=\"og:title\" content=\"Journ\u00e9e Perfectionnement Ile de la R\u00e9union - L&#039;Oiseau Vert\" \/>\n<meta property=\"og:description\" content=\"Journ\u00e9e r\u00e9serv\u00e9e aux th\u00e9rapeutes ayant suivi la formation initiale. Cet \u00e9v\u00e9nement a pour objectif de renforcer vos comp\u00e9tences et de vous offrir des bases solides afin d\u2019int\u00e9grer de nouvelles connaissances de mani\u00e8re efficace dans votre pratique quotidienne. Il est essentiel que chaque th\u00e9rapeute puisse s\u2019approprier ces savoirs et les adapter aux besoins sp\u00e9cifiques de chaque [&hellip;]\" \/>\n<meta property=\"og:url\" content=\"https:\/\/loiseauvert.fr\/en\/product\/journee-perfectionnement-ile-de-la-reunion\/\" \/>\n<meta property=\"og:site_name\" content=\"L&#039;Oiseau Vert\" \/>\n<meta property=\"article:modified_time\" content=\"2025-12-18T10:37:21+00:00\" \/>\n<meta property=\"og:image\" content=\"https:\/\/loiseauvert.fr\/wp-content\/uploads\/2024\/04\/Design-sans-titre1.png\" \/>\n\t<meta property=\"og:image:width\" content=\"1366\" \/>\n\t<meta property=\"og:image:height\" content=\"768\" \/>\n\t<meta property=\"og:image:type\" content=\"image\/png\" \/>\n<meta name=\"twitter:card\" content=\"summary_large_image\" \/>\n<meta name=\"twitter:label1\" content=\"Estimated reading time\" \/>\n\t<meta name=\"twitter:data1\" content=\"1 minute\" \/>\n<script type=\"application\/ld+json\" class=\"yoast-schema-graph\">{\"@context\":\"https:\/\/schema.org\",\"@graph\":[{\"@type\":\"WebPage\",\"@id\":\"https:\/\/loiseauvert.fr\/produit\/journee-perfectionnement-ile-de-la-reunion\/\",\"url\":\"https:\/\/loiseauvert.fr\/produit\/journee-perfectionnement-ile-de-la-reunion\/\",\"name\":\"Journ\u00e9e Perfectionnement Ile de la R\u00e9union - L&#039;Oiseau Vert\",\"isPartOf\":{\"@id\":\"https:\/\/loiseauvert.fr\/#website\"},\"primaryImageOfPage\":{\"@id\":\"https:\/\/loiseauvert.fr\/produit\/journee-perfectionnement-ile-de-la-reunion\/#primaryimage\"},\"image\":{\"@id\":\"https:\/\/loiseauvert.fr\/produit\/journee-perfectionnement-ile-de-la-reunion\/#primaryimage\"},\"thumbnailUrl\":\"https:\/\/loiseauvert.fr\/wp-content\/uploads\/2024\/04\/Design-sans-titre1.png\",\"datePublished\":\"2025-12-18T10:14:22+00:00\",\"dateModified\":\"2025-12-18T10:37:21+00:00\",\"breadcrumb\":{\"@id\":\"https:\/\/loiseauvert.fr\/produit\/journee-perfectionnement-ile-de-la-reunion\/#breadcrumb\"},\"inLanguage\":\"en-GB\",\"potentialAction\":[{\"@type\":\"ReadAction\",\"target\":[\"https:\/\/loiseauvert.fr\/produit\/journee-perfectionnement-ile-de-la-reunion\/\"]}]},{\"@type\":\"ImageObject\",\"inLanguage\":\"en-GB\",\"@id\":\"https:\/\/loiseauvert.fr\/produit\/journee-perfectionnement-ile-de-la-reunion\/#primaryimage\",\"url\":\"https:\/\/loiseauvert.fr\/wp-content\/uploads\/2024\/04\/Design-sans-titre1.png\",\"contentUrl\":\"https:\/\/loiseauvert.fr\/wp-content\/uploads\/2024\/04\/Design-sans-titre1.png\",\"width\":1366,\"height\":768},{\"@type\":\"BreadcrumbList\",\"@id\":\"https:\/\/loiseauvert.fr\/produit\/journee-perfectionnement-ile-de-la-reunion\/#breadcrumb\",\"itemListElement\":[{\"@type\":\"ListItem\",\"position\":1,\"name\":\"Accueil\",\"item\":\"https:\/\/loiseauvert.fr\/\"},{\"@type\":\"ListItem\",\"position\":2,\"name\":\"Formations et Ateliers\",\"item\":\"https:\/\/loiseauvert.fr\/categorie-produit\/formations-et-ateliers\/\"},{\"@type\":\"ListItem\",\"position\":3,\"name\":\"Journ\u00e9e Perfectionnement Ile de la R\u00e9union\"}]},{\"@type\":\"WebSite\",\"@id\":\"https:\/\/loiseauvert.fr\/#website\",\"url\":\"https:\/\/loiseauvert.fr\/\",\"name\":\"L&#039;Oiseau Vert\",\"description\":\"\",\"potentialAction\":[{\"@type\":\"SearchAction\",\"target\":{\"@type\":\"EntryPoint\",\"urlTemplate\":\"https:\/\/loiseauvert.fr\/?s={search_term_string}\"},\"query-input\":{\"@type\":\"PropertyValueSpecification\",\"valueRequired\":true,\"valueName\":\"search_term_string\"}}],\"inLanguage\":\"en-GB\"}]}<\/script>\n<!-- \/ Yoast SEO plugin. -->","yoast_head_json":{"title":"Journ\u00e9e Perfectionnement Ile de la R\u00e9union - L&#039;Oiseau Vert","robots":{"index":"index","follow":"follow","max-snippet":"max-snippet:-1","max-image-preview":"max-image-preview:large","max-video-preview":"max-video-preview:-1"},"canonical":"https:\/\/loiseauvert.fr\/en\/product\/journee-perfectionnement-ile-de-la-reunion\/","og_locale":"en_GB","og_type":"article","og_title":"Journ\u00e9e Perfectionnement Ile de la R\u00e9union - L&#039;Oiseau Vert","og_description":"Journ\u00e9e r\u00e9serv\u00e9e aux th\u00e9rapeutes ayant suivi la formation initiale. Cet \u00e9v\u00e9nement a pour objectif de renforcer vos comp\u00e9tences et de vous offrir des bases solides afin d\u2019int\u00e9grer de nouvelles connaissances de mani\u00e8re efficace dans votre pratique quotidienne. Il est essentiel que chaque th\u00e9rapeute puisse s\u2019approprier ces savoirs et les adapter aux besoins sp\u00e9cifiques de chaque [&hellip;]","og_url":"https:\/\/loiseauvert.fr\/en\/product\/journee-perfectionnement-ile-de-la-reunion\/","og_site_name":"L&#039;Oiseau Vert","article_modified_time":"2025-12-18T10:37:21+00:00","og_image":[{"width":1366,"height":768,"url":"https:\/\/loiseauvert.fr\/wp-content\/uploads\/2024\/04\/Design-sans-titre1.png","type":"image\/png"}],"twitter_card":"summary_large_image","twitter_misc":{"Estimated reading time":"1 minute"},"schema":{"@context":"https:\/\/schema.org","@graph":[{"@type":"WebPage","@id":"https:\/\/loiseauvert.fr\/produit\/journee-perfectionnement-ile-de-la-reunion\/","url":"https:\/\/loiseauvert.fr\/produit\/journee-perfectionnement-ile-de-la-reunion\/","name":"Journ\u00e9e Perfectionnement Ile de la R\u00e9union - L&#039;Oiseau Vert","isPartOf":{"@id":"https:\/\/loiseauvert.fr\/#website"},"primaryImageOfPage":{"@id":"https:\/\/loiseauvert.fr\/produit\/journee-perfectionnement-ile-de-la-reunion\/#primaryimage"},"image":{"@id":"https:\/\/loiseauvert.fr\/produit\/journee-perfectionnement-ile-de-la-reunion\/#primaryimage"},"thumbnailUrl":"https:\/\/loiseauvert.fr\/wp-content\/uploads\/2024\/04\/Design-sans-titre1.png","datePublished":"2025-12-18T10:14:22+00:00","dateModified":"2025-12-18T10:37:21+00:00","breadcrumb":{"@id":"https:\/\/loiseauvert.fr\/produit\/journee-perfectionnement-ile-de-la-reunion\/#breadcrumb"},"inLanguage":"en-GB","potentialAction":[{"@type":"ReadAction","target":["https:\/\/loiseauvert.fr\/produit\/journee-perfectionnement-ile-de-la-reunion\/"]}]},{"@type":"ImageObject","inLanguage":"en-GB","@id":"https:\/\/loiseauvert.fr\/produit\/journee-perfectionnement-ile-de-la-reunion\/#primaryimage","url":"https:\/\/loiseauvert.fr\/wp-content\/uploads\/2024\/04\/Design-sans-titre1.png","contentUrl":"https:\/\/loiseauvert.fr\/wp-content\/uploads\/2024\/04\/Design-sans-titre1.png","width":1366,"height":768},{"@type":"BreadcrumbList","@id":"https:\/\/loiseauvert.fr\/produit\/journee-perfectionnement-ile-de-la-reunion\/#breadcrumb","itemListElement":[{"@type":"ListItem","position":1,"name":"Accueil","item":"https:\/\/loiseauvert.fr\/"},{"@type":"ListItem","position":2,"name":"Formations et Ateliers","item":"https:\/\/loiseauvert.fr\/categorie-produit\/formations-et-ateliers\/"},{"@type":"ListItem","position":3,"name":"Journ\u00e9e Perfectionnement Ile de la R\u00e9union"}]},{"@type":"WebSite","@id":"https:\/\/loiseauvert.fr\/#website","url":"https:\/\/loiseauvert.fr\/","name":"The Green Bird","description":"","potentialAction":[{"@type":"SearchAction","target":{"@type":"EntryPoint","urlTemplate":"https:\/\/loiseauvert.fr\/?s={search_term_string}"},"query-input":{"@type":"PropertyValueSpecification","valueRequired":true,"valueName":"search_term_string"}}],"inLanguage":"en-GB"}]}},"batches":[],"_links":{"self":[{"href":"https:\/\/loiseauvert.fr\/en\/wp-json\/wp\/v2\/product\/17237","targetHints":{"allow":["GET"]}}],"collection":[{"href":"https:\/\/loiseauvert.fr\/en\/wp-json\/wp\/v2\/product"}],"about":[{"href":"https:\/\/loiseauvert.fr\/en\/wp-json\/wp\/v2\/types\/product"}],"wp:featuredmedia":[{"embeddable":true,"href":"https:\/\/loiseauvert.fr\/en\/wp-json\/wp\/v2\/media\/11053"}],"wp:attachment":[{"href":"https:\/\/loiseauvert.fr\/en\/wp-json\/wp\/v2\/media?parent=17237"}],"wp:term":[{"taxonomy":"product_brand","embeddable":true,"href":"https:\/\/loiseauvert.fr\/en\/wp-json\/wp\/v2\/product_brand?post=17237"},{"taxonomy":"product_cat","embeddable":true,"href":"https:\/\/loiseauvert.fr\/en\/wp-json\/wp\/v2\/product_cat?post=17237"},{"taxonomy":"product_tag","embeddable":true,"href":"https:\/\/loiseauvert.fr\/en\/wp-json\/wp\/v2\/product_tag?post=17237"}],"curies":[{"name":"wp","href":"https:\/\/api.w.org\/{rel}","templated":true}]}}