{"id":17219,"date":"2025-12-17T16:46:28","date_gmt":"2025-12-17T15:46:28","guid":{"rendered":"https:\/\/loiseauvert.fr\/?post_type=product&#038;p=17219"},"modified":"2025-12-18T10:51:35","modified_gmt":"2025-12-18T09:51:35","slug":"formation-infotherapie-3-jours-a-pompertuzat-31450-2","status":"publish","type":"product","link":"https:\/\/loiseauvert.fr\/en\/product\/formation-infotherapie-3-jours-a-pompertuzat-31450-2\/","title":{"rendered":"Atelier d&rsquo;Initiation \u00e0 l&rsquo;Esot\u00e9risme 1 journ\u00e9e \u00e0 La R\u00e9union (Piton St Leu)"},"content":{"rendered":"<h1 data-start=\"242\" data-end=\"291\"><strong data-start=\"244\" data-end=\"289\">Atelier : Initiation \u00e0 l&rsquo;Esot\u00e9risme<\/strong><\/h1>\n<h3 data-start=\"292\" data-end=\"367\"><em data-start=\"296\" data-end=\"367\">D\u00e9veloppez une approche holistique, intuitive et profond\u00e9ment humaine<\/em><\/h3>\n<p data-start=\"369\" data-end=\"744\">D\u00e9couvrez un atelier unique con\u00e7u pour celles et ceux qui souhaitent d\u00e9couvrir les bases de l&rsquo;\u00e9sot\u00e9risme, d\u00e9velopper leur intuition, exp\u00e9rimenter diff\u00e9rents outils (pendule, oracles, purification, ressenti) et poser un cadre \u00e9thique et s\u00e9curisant.<\/p>\n<h2 data-start=\"1523\" data-end=\"1555\"><strong data-start=\"1526\" data-end=\"1555\">Objectifs de la formation<\/strong><\/h2>\n<p class=\"yiv1824536467MsoNormal\" align=\"center\"><span style=\"font-size: large;\">\u00a0<\/span><span style=\"font-size: large;\">D\u00e9couvrir les bases de l\u2019\u00e9sot\u00e9risme, d\u00e9velopper l\u2019intuition et exp\u00e9rimenter diff\u00e9rents outils<\/span><\/p>\n<ul>\n<li class=\"yiv1824536467MsoNormal\">Introduction \u00e0 l\u2019\u00e9sot\u00e9risme<b><\/b><\/li>\n<li class=\"yiv1824536467MsoNormal\">Pr\u00e9parer le terrain<\/li>\n<li class=\"yiv1824536467MsoNormal\">L&rsquo;utilisation du pendule<\/li>\n<li class=\"yiv1824536467MsoNormal\">D\u00e9veloppement de l\u2019intuition<\/li>\n<li class=\"yiv1824536467MsoNormal\">Purification et protection \u00e9nerg\u00e9tique<\/li>\n<li class=\"yiv1824536467MsoNormal\">Introduction aux oracles<\/li>\n<li class=\"yiv1824536467MsoNormal\">Premiers pas dans le monde subtil<\/li>\n<li class=\"yiv1824536467MsoNormal\">\u00c9thique et responsabilit\u00e9<\/li>\n<li class=\"yiv1824536467MsoNormal\">Int\u00e9gration et pratique personnelle<\/li>\n<\/ul>\n<p>Pour vous permettre d\u2019acc\u00e9der \u00e0 la formation en toute s\u00e9r\u00e9nit\u00e9, vous pouvez r\u00e9gler <strong data-start=\"3395\" data-end=\"3430\">en 4 fois sans frais via Paypal<\/strong>.<\/p>\n<p><span style=\"color: #339966;\"><em><strong>Lieu : salle \u00e0 cot\u00e9 de la Pharmacie du Portail &#8211; 1 rue des Baies Roses &#8211; 97424 PITON SAINT LEU<\/strong><\/em><\/span><\/p>","protected":false},"excerpt":{"rendered":"<p>Atelier : Initiation \u00e0 l&rsquo;Esot\u00e9risme D\u00e9veloppez une approche holistique, intuitive et profond\u00e9ment humaine D\u00e9couvrez un atelier unique con\u00e7u pour celles et ceux qui souhaitent d\u00e9couvrir les bases de l&rsquo;\u00e9sot\u00e9risme, d\u00e9velopper leur intuition, exp\u00e9rimenter diff\u00e9rents outils (pendule, oracles, purification, ressenti) et poser un cadre \u00e9thique et s\u00e9curisant. Objectifs de la formation \u00a0D\u00e9couvrir les bases de l\u2019\u00e9sot\u00e9risme, [&hellip;]<\/p>","protected":false},"featured_media":17226,"template":"","meta":{"_acf_changed":false,"_glsr_average":0,"_glsr_ranking":0,"_glsr_reviews":0},"product_brand":[],"product_cat":[288],"product_tag":[],"class_list":{"0":"post-17219","1":"product","2":"type-product","3":"status-publish","4":"has-post-thumbnail","6":"product_cat-formations-et-ateliers","8":"first","9":"instock","10":"virtual","11":"taxable","12":"purchasable","13":"product-type-simple"},"supplier_id":null,"supplier_sku":"","barcode":null,"atum_controlled":true,"out_stock_date":null,"out_stock_threshold":null,"inheritable":false,"inbound_stock":null,"stock_on_hold":0,"sold_today":0,"sales_last_days":0,"reserved_stock":null,"customer_returns":null,"warehouse_damage":null,"lost_in_post":null,"other_logs":null,"out_stock_days":0,"lost_sales":0,"has_location":false,"update_date":"2026-04-07T01:31:43","atum_locations":[],"atum_stock_status":"instock","restock_status":false,"low_stock_amount":"","sales_update_date":"2026-04-07T01:31:43","calc_backorders":null,"acf":[],"yoast_head":"<!-- This site is optimized with the Yoast SEO plugin v26.9 - https:\/\/yoast.com\/product\/yoast-seo-wordpress\/ -->\n<title>Atelier d&#039;Initiation \u00e0 l&#039;Esot\u00e9risme 1 journ\u00e9e \u00e0 La R\u00e9union (Piton St Leu) - L&#039;Oiseau Vert<\/title>\n<meta name=\"robots\" content=\"index, follow, max-snippet:-1, max-image-preview:large, max-video-preview:-1\" \/>\n<link rel=\"canonical\" href=\"https:\/\/loiseauvert.fr\/en\/product\/formation-infotherapie-3-jours-a-pompertuzat-31450-2\/\" \/>\n<meta property=\"og:locale\" content=\"en_GB\" \/>\n<meta property=\"og:type\" content=\"article\" \/>\n<meta property=\"og:title\" content=\"Atelier d&#039;Initiation \u00e0 l&#039;Esot\u00e9risme 1 journ\u00e9e \u00e0 La R\u00e9union (Piton St Leu) - L&#039;Oiseau Vert\" \/>\n<meta property=\"og:description\" content=\"Atelier : Initiation \u00e0 l&rsquo;Esot\u00e9risme D\u00e9veloppez une approche holistique, intuitive et profond\u00e9ment humaine D\u00e9couvrez un atelier unique con\u00e7u pour celles et ceux qui souhaitent d\u00e9couvrir les bases de l&rsquo;\u00e9sot\u00e9risme, d\u00e9velopper leur intuition, exp\u00e9rimenter diff\u00e9rents outils (pendule, oracles, purification, ressenti) et poser un cadre \u00e9thique et s\u00e9curisant. Objectifs de la formation \u00a0D\u00e9couvrir les bases de l\u2019\u00e9sot\u00e9risme, [&hellip;]\" \/>\n<meta property=\"og:url\" content=\"https:\/\/loiseauvert.fr\/en\/product\/formation-infotherapie-3-jours-a-pompertuzat-31450-2\/\" \/>\n<meta property=\"og:site_name\" content=\"L&#039;Oiseau Vert\" \/>\n<meta property=\"article:modified_time\" content=\"2025-12-18T09:51:35+00:00\" \/>\n<meta property=\"og:image\" content=\"https:\/\/loiseauvert.fr\/wp-content\/uploads\/2025\/12\/Image-Atelier-initiation-1024x683.png\" \/>\n\t<meta property=\"og:image:width\" content=\"1024\" \/>\n\t<meta property=\"og:image:height\" content=\"683\" \/>\n\t<meta property=\"og:image:type\" content=\"image\/png\" \/>\n<meta name=\"twitter:card\" content=\"summary_large_image\" \/>\n<meta name=\"twitter:label1\" content=\"Estimated reading time\" \/>\n\t<meta name=\"twitter:data1\" content=\"1 minute\" \/>\n<script type=\"application\/ld+json\" class=\"yoast-schema-graph\">{\"@context\":\"https:\/\/schema.org\",\"@graph\":[{\"@type\":\"WebPage\",\"@id\":\"https:\/\/loiseauvert.fr\/produit\/formation-infotherapie-3-jours-a-pompertuzat-31450-2\/\",\"url\":\"https:\/\/loiseauvert.fr\/produit\/formation-infotherapie-3-jours-a-pompertuzat-31450-2\/\",\"name\":\"Atelier d'Initiation \u00e0 l'Esot\u00e9risme 1 journ\u00e9e \u00e0 La R\u00e9union (Piton St Leu) - L&#039;Oiseau Vert\",\"isPartOf\":{\"@id\":\"https:\/\/loiseauvert.fr\/#website\"},\"primaryImageOfPage\":{\"@id\":\"https:\/\/loiseauvert.fr\/produit\/formation-infotherapie-3-jours-a-pompertuzat-31450-2\/#primaryimage\"},\"image\":{\"@id\":\"https:\/\/loiseauvert.fr\/produit\/formation-infotherapie-3-jours-a-pompertuzat-31450-2\/#primaryimage\"},\"thumbnailUrl\":\"https:\/\/loiseauvert.fr\/wp-content\/uploads\/2025\/12\/Image-Atelier-initiation.png\",\"datePublished\":\"2025-12-17T15:46:28+00:00\",\"dateModified\":\"2025-12-18T09:51:35+00:00\",\"breadcrumb\":{\"@id\":\"https:\/\/loiseauvert.fr\/produit\/formation-infotherapie-3-jours-a-pompertuzat-31450-2\/#breadcrumb\"},\"inLanguage\":\"en-GB\",\"potentialAction\":[{\"@type\":\"ReadAction\",\"target\":[\"https:\/\/loiseauvert.fr\/produit\/formation-infotherapie-3-jours-a-pompertuzat-31450-2\/\"]}]},{\"@type\":\"ImageObject\",\"inLanguage\":\"en-GB\",\"@id\":\"https:\/\/loiseauvert.fr\/produit\/formation-infotherapie-3-jours-a-pompertuzat-31450-2\/#primaryimage\",\"url\":\"https:\/\/loiseauvert.fr\/wp-content\/uploads\/2025\/12\/Image-Atelier-initiation.png\",\"contentUrl\":\"https:\/\/loiseauvert.fr\/wp-content\/uploads\/2025\/12\/Image-Atelier-initiation.png\",\"width\":1536,\"height\":1024},{\"@type\":\"BreadcrumbList\",\"@id\":\"https:\/\/loiseauvert.fr\/produit\/formation-infotherapie-3-jours-a-pompertuzat-31450-2\/#breadcrumb\",\"itemListElement\":[{\"@type\":\"ListItem\",\"position\":1,\"name\":\"Accueil\",\"item\":\"https:\/\/loiseauvert.fr\/\"},{\"@type\":\"ListItem\",\"position\":2,\"name\":\"Formations et Ateliers\",\"item\":\"https:\/\/loiseauvert.fr\/categorie-produit\/formations-et-ateliers\/\"},{\"@type\":\"ListItem\",\"position\":3,\"name\":\"Atelier d&#8217;Initiation \u00e0 l&#8217;Esot\u00e9risme 1 journ\u00e9e \u00e0 La R\u00e9union (Piton St Leu)\"}]},{\"@type\":\"WebSite\",\"@id\":\"https:\/\/loiseauvert.fr\/#website\",\"url\":\"https:\/\/loiseauvert.fr\/\",\"name\":\"L&#039;Oiseau Vert\",\"description\":\"\",\"potentialAction\":[{\"@type\":\"SearchAction\",\"target\":{\"@type\":\"EntryPoint\",\"urlTemplate\":\"https:\/\/loiseauvert.fr\/?s={search_term_string}\"},\"query-input\":{\"@type\":\"PropertyValueSpecification\",\"valueRequired\":true,\"valueName\":\"search_term_string\"}}],\"inLanguage\":\"en-GB\"}]}<\/script>\n<!-- \/ Yoast SEO plugin. -->","yoast_head_json":{"title":"Atelier d'Initiation \u00e0 l'Esot\u00e9risme 1 journ\u00e9e \u00e0 La R\u00e9union (Piton St Leu) - L&#039;Oiseau Vert","robots":{"index":"index","follow":"follow","max-snippet":"max-snippet:-1","max-image-preview":"max-image-preview:large","max-video-preview":"max-video-preview:-1"},"canonical":"https:\/\/loiseauvert.fr\/en\/product\/formation-infotherapie-3-jours-a-pompertuzat-31450-2\/","og_locale":"en_GB","og_type":"article","og_title":"Atelier d'Initiation \u00e0 l'Esot\u00e9risme 1 journ\u00e9e \u00e0 La R\u00e9union (Piton St Leu) - L&#039;Oiseau Vert","og_description":"Atelier : Initiation \u00e0 l&rsquo;Esot\u00e9risme D\u00e9veloppez une approche holistique, intuitive et profond\u00e9ment humaine D\u00e9couvrez un atelier unique con\u00e7u pour celles et ceux qui souhaitent d\u00e9couvrir les bases de l&rsquo;\u00e9sot\u00e9risme, d\u00e9velopper leur intuition, exp\u00e9rimenter diff\u00e9rents outils (pendule, oracles, purification, ressenti) et poser un cadre \u00e9thique et s\u00e9curisant. Objectifs de la formation \u00a0D\u00e9couvrir les bases de l\u2019\u00e9sot\u00e9risme, [&hellip;]","og_url":"https:\/\/loiseauvert.fr\/en\/product\/formation-infotherapie-3-jours-a-pompertuzat-31450-2\/","og_site_name":"L&#039;Oiseau Vert","article_modified_time":"2025-12-18T09:51:35+00:00","og_image":[{"width":1024,"height":683,"url":"https:\/\/loiseauvert.fr\/wp-content\/uploads\/2025\/12\/Image-Atelier-initiation-1024x683.png","type":"image\/png"}],"twitter_card":"summary_large_image","twitter_misc":{"Estimated reading time":"1 minute"},"schema":{"@context":"https:\/\/schema.org","@graph":[{"@type":"WebPage","@id":"https:\/\/loiseauvert.fr\/produit\/formation-infotherapie-3-jours-a-pompertuzat-31450-2\/","url":"https:\/\/loiseauvert.fr\/produit\/formation-infotherapie-3-jours-a-pompertuzat-31450-2\/","name":"Atelier d'Initiation \u00e0 l'Esot\u00e9risme 1 journ\u00e9e \u00e0 La R\u00e9union (Piton St Leu) - L&#039;Oiseau Vert","isPartOf":{"@id":"https:\/\/loiseauvert.fr\/#website"},"primaryImageOfPage":{"@id":"https:\/\/loiseauvert.fr\/produit\/formation-infotherapie-3-jours-a-pompertuzat-31450-2\/#primaryimage"},"image":{"@id":"https:\/\/loiseauvert.fr\/produit\/formation-infotherapie-3-jours-a-pompertuzat-31450-2\/#primaryimage"},"thumbnailUrl":"https:\/\/loiseauvert.fr\/wp-content\/uploads\/2025\/12\/Image-Atelier-initiation.png","datePublished":"2025-12-17T15:46:28+00:00","dateModified":"2025-12-18T09:51:35+00:00","breadcrumb":{"@id":"https:\/\/loiseauvert.fr\/produit\/formation-infotherapie-3-jours-a-pompertuzat-31450-2\/#breadcrumb"},"inLanguage":"en-GB","potentialAction":[{"@type":"ReadAction","target":["https:\/\/loiseauvert.fr\/produit\/formation-infotherapie-3-jours-a-pompertuzat-31450-2\/"]}]},{"@type":"ImageObject","inLanguage":"en-GB","@id":"https:\/\/loiseauvert.fr\/produit\/formation-infotherapie-3-jours-a-pompertuzat-31450-2\/#primaryimage","url":"https:\/\/loiseauvert.fr\/wp-content\/uploads\/2025\/12\/Image-Atelier-initiation.png","contentUrl":"https:\/\/loiseauvert.fr\/wp-content\/uploads\/2025\/12\/Image-Atelier-initiation.png","width":1536,"height":1024},{"@type":"BreadcrumbList","@id":"https:\/\/loiseauvert.fr\/produit\/formation-infotherapie-3-jours-a-pompertuzat-31450-2\/#breadcrumb","itemListElement":[{"@type":"ListItem","position":1,"name":"Accueil","item":"https:\/\/loiseauvert.fr\/"},{"@type":"ListItem","position":2,"name":"Formations et Ateliers","item":"https:\/\/loiseauvert.fr\/categorie-produit\/formations-et-ateliers\/"},{"@type":"ListItem","position":3,"name":"Atelier d&#8217;Initiation \u00e0 l&#8217;Esot\u00e9risme 1 journ\u00e9e \u00e0 La R\u00e9union (Piton St Leu)"}]},{"@type":"WebSite","@id":"https:\/\/loiseauvert.fr\/#website","url":"https:\/\/loiseauvert.fr\/","name":"The Green Bird","description":"","potentialAction":[{"@type":"SearchAction","target":{"@type":"EntryPoint","urlTemplate":"https:\/\/loiseauvert.fr\/?s={search_term_string}"},"query-input":{"@type":"PropertyValueSpecification","valueRequired":true,"valueName":"search_term_string"}}],"inLanguage":"en-GB"}]}},"batches":[],"_links":{"self":[{"href":"https:\/\/loiseauvert.fr\/en\/wp-json\/wp\/v2\/product\/17219","targetHints":{"allow":["GET"]}}],"collection":[{"href":"https:\/\/loiseauvert.fr\/en\/wp-json\/wp\/v2\/product"}],"about":[{"href":"https:\/\/loiseauvert.fr\/en\/wp-json\/wp\/v2\/types\/product"}],"wp:featuredmedia":[{"embeddable":true,"href":"https:\/\/loiseauvert.fr\/en\/wp-json\/wp\/v2\/media\/17226"}],"wp:attachment":[{"href":"https:\/\/loiseauvert.fr\/en\/wp-json\/wp\/v2\/media?parent=17219"}],"wp:term":[{"taxonomy":"product_brand","embeddable":true,"href":"https:\/\/loiseauvert.fr\/en\/wp-json\/wp\/v2\/product_brand?post=17219"},{"taxonomy":"product_cat","embeddable":true,"href":"https:\/\/loiseauvert.fr\/en\/wp-json\/wp\/v2\/product_cat?post=17219"},{"taxonomy":"product_tag","embeddable":true,"href":"https:\/\/loiseauvert.fr\/en\/wp-json\/wp\/v2\/product_tag?post=17219"}],"curies":[{"name":"wp","href":"https:\/\/api.w.org\/{rel}","templated":true}]}}