{"id":1721,"date":"2023-05-19T15:36:02","date_gmt":"2023-05-19T13:36:02","guid":{"rendered":"https:\/\/loiseauvert.fr\/?post_type=product&#038;p=1721"},"modified":"2026-03-23T15:38:26","modified_gmt":"2026-03-23T14:38:26","slug":"vaporizer-alu-vacuum","status":"publish","type":"product","link":"https:\/\/loiseauvert.fr\/en\/product\/vaporizer-alu-vacuum\/","title":{"rendered":"Bag spray (empty)"},"content":{"rendered":"<h3 data-start=\"141\" data-end=\"183\"><strong data-start=\"145\" data-end=\"181\">Vaporisateur de sac vide \u2013 12 ml<\/strong><\/h3>\n<p data-start=\"184\" data-end=\"221\"><strong data-start=\"184\" data-end=\"221\">Pratique, \u00e9l\u00e9gant et r\u00e9utilisable<\/strong><\/p>\n<p data-start=\"223\" data-end=\"481\">Ce vaporisateur de sac vide de 12 ml est un accessoire id\u00e9al pour transporter vos pr\u00e9parations liquides : cosm\u00e9tiques maison,\u00a0 hydrolats ou huiles essentielles dilu\u00e9es.<br data-start=\"399\" data-end=\"402\" \/>Compact et l\u00e9ger, il se glisse facilement dans un sac ou une trousse de voyage.<\/p>\n<p data-start=\"483\" data-end=\"507\"><strong data-start=\"483\" data-end=\"505\">Caract\u00e9ristiques :<\/strong><\/p>\n<ul data-start=\"508\" data-end=\"668\">\n<li data-start=\"508\" data-end=\"530\">\n<p data-start=\"510\" data-end=\"530\">Contenance : 12 ml<\/p>\n<\/li>\n<li data-start=\"531\" data-end=\"569\">\n<p data-start=\"533\" data-end=\"569\">Format pratique \u00e0 emporter partout<\/p>\n<\/li>\n<li data-start=\"570\" data-end=\"604\">\n<p data-start=\"572\" data-end=\"604\">Facile \u00e0 remplir et \u00e0 nettoyer<\/p>\n<\/li>\n<li data-start=\"605\" data-end=\"642\">\n<p data-start=\"607\" data-end=\"642\">Flacon r\u00e9utilisable et recyclable<\/p>\n<\/li>\n<li data-start=\"643\" data-end=\"668\">\n<p data-start=\"645\" data-end=\"668\">Design sobre et \u00e9l\u00e9gant<\/p>\n<\/li>\n<\/ul>\n<p data-start=\"670\" data-end=\"741\">Un accessoire indispensable pour une utilisation nomade et responsable.<\/p>","protected":false},"excerpt":{"rendered":"<p>Le vaporisateur de sac vide (contenance 12ml)<\/p>","protected":false},"featured_media":1726,"template":"","meta":{"_acf_changed":false,"_glsr_average":0,"_glsr_ranking":0,"_glsr_reviews":0},"product_brand":[],"product_cat":[64],"product_tag":[],"class_list":{"0":"post-1721","1":"product","2":"type-product","3":"status-publish","4":"has-post-thumbnail","6":"product_cat-autres-produits","8":"first","9":"instock","10":"taxable","11":"shipping-taxable","12":"purchasable","13":"product-type-simple"},"supplier_id":null,"supplier_sku":"","barcode":null,"atum_controlled":true,"out_stock_date":null,"out_stock_threshold":null,"inheritable":false,"inbound_stock":0,"stock_on_hold":24,"sold_today":0,"sales_last_days":0,"reserved_stock":0,"customer_returns":0,"warehouse_damage":0,"lost_in_post":0,"other_logs":0,"out_stock_days":0,"lost_sales":0,"has_location":false,"update_date":"2026-04-09T10:18:03","atum_locations":[],"atum_stock_status":"instock","restock_status":false,"low_stock_amount":"","sales_update_date":"2026-04-09T10:18:03","calc_backorders":null,"acf":[],"yoast_head":"<!-- This site is optimized with the Yoast SEO plugin v26.9 - https:\/\/yoast.com\/product\/yoast-seo-wordpress\/ -->\n<title>Vaporisateur de sac (vide) - L&#039;Oiseau Vert<\/title>\n<meta name=\"description\" content=\"Le vaporisateur de sac vide (contenance 12ml) l&#039;oiseau vert solarisation \u00e9lixirs floraux sans alcool Pratique, compact et raffin\u00e9\" \/>\n<meta name=\"robots\" content=\"index, follow, max-snippet:-1, max-image-preview:large, max-video-preview:-1\" \/>\n<link rel=\"canonical\" href=\"https:\/\/loiseauvert.fr\/en\/product\/vaporizer-alu-vacuum\/\" \/>\n<meta property=\"og:locale\" content=\"en_GB\" \/>\n<meta property=\"og:type\" content=\"article\" \/>\n<meta property=\"og:title\" content=\"Vaporisateur de sac (vide) - L&#039;Oiseau Vert\" \/>\n<meta property=\"og:description\" content=\"Le vaporisateur de sac vide (contenance 12ml) l&#039;oiseau vert solarisation \u00e9lixirs floraux sans alcool Pratique, compact et raffin\u00e9\" \/>\n<meta property=\"og:url\" content=\"https:\/\/loiseauvert.fr\/en\/product\/vaporizer-alu-vacuum\/\" \/>\n<meta property=\"og:site_name\" content=\"L&#039;Oiseau Vert\" \/>\n<meta property=\"article:modified_time\" content=\"2026-03-23T14:38:26+00:00\" \/>\n<meta property=\"og:image\" content=\"https:\/\/loiseauvert.fr\/wp-content\/uploads\/2023\/05\/oiseau-vert-solarisations-vaporisateur-jpg.webp\" \/>\n\t<meta property=\"og:image:width\" content=\"1000\" \/>\n\t<meta property=\"og:image:height\" content=\"1000\" \/>\n\t<meta property=\"og:image:type\" content=\"image\/jpeg\" \/>\n<meta name=\"twitter:card\" content=\"summary_large_image\" \/>\n<meta name=\"twitter:label1\" content=\"Estimated reading time\" \/>\n\t<meta name=\"twitter:data1\" content=\"1 minute\" \/>\n<script type=\"application\/ld+json\" class=\"yoast-schema-graph\">{\"@context\":\"https:\/\/schema.org\",\"@graph\":[{\"@type\":\"WebPage\",\"@id\":\"https:\/\/loiseauvert.fr\/produit\/vaporisateur-alu-vide\/\",\"url\":\"https:\/\/loiseauvert.fr\/produit\/vaporisateur-alu-vide\/\",\"name\":\"Vaporisateur de sac (vide) - L&#039;Oiseau Vert\",\"isPartOf\":{\"@id\":\"https:\/\/loiseauvert.fr\/#website\"},\"primaryImageOfPage\":{\"@id\":\"https:\/\/loiseauvert.fr\/produit\/vaporisateur-alu-vide\/#primaryimage\"},\"image\":{\"@id\":\"https:\/\/loiseauvert.fr\/produit\/vaporisateur-alu-vide\/#primaryimage\"},\"thumbnailUrl\":\"https:\/\/loiseauvert.fr\/wp-content\/uploads\/2023\/05\/oiseau-vert-solarisations-vaporisateur-jpg.webp\",\"datePublished\":\"2023-05-19T13:36:02+00:00\",\"dateModified\":\"2026-03-23T14:38:26+00:00\",\"description\":\"Le vaporisateur de sac vide (contenance 12ml) l'oiseau vert solarisation \u00e9lixirs floraux sans alcool Pratique, compact et raffin\u00e9\",\"breadcrumb\":{\"@id\":\"https:\/\/loiseauvert.fr\/produit\/vaporisateur-alu-vide\/#breadcrumb\"},\"inLanguage\":\"en-GB\",\"potentialAction\":[{\"@type\":\"ReadAction\",\"target\":[\"https:\/\/loiseauvert.fr\/produit\/vaporisateur-alu-vide\/\"]}]},{\"@type\":\"ImageObject\",\"inLanguage\":\"en-GB\",\"@id\":\"https:\/\/loiseauvert.fr\/produit\/vaporisateur-alu-vide\/#primaryimage\",\"url\":\"https:\/\/loiseauvert.fr\/wp-content\/uploads\/2023\/05\/oiseau-vert-solarisations-vaporisateur-jpg.webp\",\"contentUrl\":\"https:\/\/loiseauvert.fr\/wp-content\/uploads\/2023\/05\/oiseau-vert-solarisations-vaporisateur-jpg.webp\",\"width\":1000,\"height\":1000},{\"@type\":\"BreadcrumbList\",\"@id\":\"https:\/\/loiseauvert.fr\/produit\/vaporisateur-alu-vide\/#breadcrumb\",\"itemListElement\":[{\"@type\":\"ListItem\",\"position\":1,\"name\":\"Accueil\",\"item\":\"https:\/\/loiseauvert.fr\/\"},{\"@type\":\"ListItem\",\"position\":2,\"name\":\"Autres produits\",\"item\":\"https:\/\/loiseauvert.fr\/categorie-produit\/autres-produits\/\"},{\"@type\":\"ListItem\",\"position\":3,\"name\":\"Vaporisateur de sac (vide)\"}]},{\"@type\":\"WebSite\",\"@id\":\"https:\/\/loiseauvert.fr\/#website\",\"url\":\"https:\/\/loiseauvert.fr\/\",\"name\":\"L&#039;Oiseau Vert\",\"description\":\"\",\"potentialAction\":[{\"@type\":\"SearchAction\",\"target\":{\"@type\":\"EntryPoint\",\"urlTemplate\":\"https:\/\/loiseauvert.fr\/?s={search_term_string}\"},\"query-input\":{\"@type\":\"PropertyValueSpecification\",\"valueRequired\":true,\"valueName\":\"search_term_string\"}}],\"inLanguage\":\"en-GB\"}]}<\/script>\n<!-- \/ Yoast SEO plugin. -->","yoast_head_json":{"title":"Bag spray (empty) - L&#039;Oiseau Vert","description":"Le vaporisateur de sac vide (contenance 12ml) l'oiseau vert solarisation \u00e9lixirs floraux sans alcool Pratique, compact et raffin\u00e9","robots":{"index":"index","follow":"follow","max-snippet":"max-snippet:-1","max-image-preview":"max-image-preview:large","max-video-preview":"max-video-preview:-1"},"canonical":"https:\/\/loiseauvert.fr\/en\/product\/vaporizer-alu-vacuum\/","og_locale":"en_GB","og_type":"article","og_title":"Vaporisateur de sac (vide) - L&#039;Oiseau Vert","og_description":"Le vaporisateur de sac vide (contenance 12ml) l'oiseau vert solarisation \u00e9lixirs floraux sans alcool Pratique, compact et raffin\u00e9","og_url":"https:\/\/loiseauvert.fr\/en\/product\/vaporizer-alu-vacuum\/","og_site_name":"L&#039;Oiseau Vert","article_modified_time":"2026-03-23T14:38:26+00:00","og_image":[{"width":1000,"height":1000,"url":"https:\/\/loiseauvert.fr\/wp-content\/uploads\/2023\/05\/oiseau-vert-solarisations-vaporisateur-jpg.webp","type":"image\/jpeg"}],"twitter_card":"summary_large_image","twitter_misc":{"Estimated reading time":"1 minute"},"schema":{"@context":"https:\/\/schema.org","@graph":[{"@type":"WebPage","@id":"https:\/\/loiseauvert.fr\/produit\/vaporisateur-alu-vide\/","url":"https:\/\/loiseauvert.fr\/produit\/vaporisateur-alu-vide\/","name":"Bag spray (empty) - L&#039;Oiseau Vert","isPartOf":{"@id":"https:\/\/loiseauvert.fr\/#website"},"primaryImageOfPage":{"@id":"https:\/\/loiseauvert.fr\/produit\/vaporisateur-alu-vide\/#primaryimage"},"image":{"@id":"https:\/\/loiseauvert.fr\/produit\/vaporisateur-alu-vide\/#primaryimage"},"thumbnailUrl":"https:\/\/loiseauvert.fr\/wp-content\/uploads\/2023\/05\/oiseau-vert-solarisations-vaporisateur-jpg.webp","datePublished":"2023-05-19T13:36:02+00:00","dateModified":"2026-03-23T14:38:26+00:00","description":"Le vaporisateur de sac vide (contenance 12ml) l'oiseau vert solarisation \u00e9lixirs floraux sans alcool Pratique, compact et raffin\u00e9","breadcrumb":{"@id":"https:\/\/loiseauvert.fr\/produit\/vaporisateur-alu-vide\/#breadcrumb"},"inLanguage":"en-GB","potentialAction":[{"@type":"ReadAction","target":["https:\/\/loiseauvert.fr\/produit\/vaporisateur-alu-vide\/"]}]},{"@type":"ImageObject","inLanguage":"en-GB","@id":"https:\/\/loiseauvert.fr\/produit\/vaporisateur-alu-vide\/#primaryimage","url":"https:\/\/loiseauvert.fr\/wp-content\/uploads\/2023\/05\/oiseau-vert-solarisations-vaporisateur-jpg.webp","contentUrl":"https:\/\/loiseauvert.fr\/wp-content\/uploads\/2023\/05\/oiseau-vert-solarisations-vaporisateur-jpg.webp","width":1000,"height":1000},{"@type":"BreadcrumbList","@id":"https:\/\/loiseauvert.fr\/produit\/vaporisateur-alu-vide\/#breadcrumb","itemListElement":[{"@type":"ListItem","position":1,"name":"Accueil","item":"https:\/\/loiseauvert.fr\/"},{"@type":"ListItem","position":2,"name":"Autres produits","item":"https:\/\/loiseauvert.fr\/categorie-produit\/autres-produits\/"},{"@type":"ListItem","position":3,"name":"Vaporisateur de sac (vide)"}]},{"@type":"WebSite","@id":"https:\/\/loiseauvert.fr\/#website","url":"https:\/\/loiseauvert.fr\/","name":"The Green Bird","description":"","potentialAction":[{"@type":"SearchAction","target":{"@type":"EntryPoint","urlTemplate":"https:\/\/loiseauvert.fr\/?s={search_term_string}"},"query-input":{"@type":"PropertyValueSpecification","valueRequired":true,"valueName":"search_term_string"}}],"inLanguage":"en-GB"}]}},"batches":[],"_links":{"self":[{"href":"https:\/\/loiseauvert.fr\/en\/wp-json\/wp\/v2\/product\/1721","targetHints":{"allow":["GET"]}}],"collection":[{"href":"https:\/\/loiseauvert.fr\/en\/wp-json\/wp\/v2\/product"}],"about":[{"href":"https:\/\/loiseauvert.fr\/en\/wp-json\/wp\/v2\/types\/product"}],"wp:featuredmedia":[{"embeddable":true,"href":"https:\/\/loiseauvert.fr\/en\/wp-json\/wp\/v2\/media\/1726"}],"wp:attachment":[{"href":"https:\/\/loiseauvert.fr\/en\/wp-json\/wp\/v2\/media?parent=1721"}],"wp:term":[{"taxonomy":"product_brand","embeddable":true,"href":"https:\/\/loiseauvert.fr\/en\/wp-json\/wp\/v2\/product_brand?post=1721"},{"taxonomy":"product_cat","embeddable":true,"href":"https:\/\/loiseauvert.fr\/en\/wp-json\/wp\/v2\/product_cat?post=1721"},{"taxonomy":"product_tag","embeddable":true,"href":"https:\/\/loiseauvert.fr\/en\/wp-json\/wp\/v2\/product_tag?post=1721"}],"curies":[{"name":"wp","href":"https:\/\/api.w.org\/{rel}","templated":true}]}}