{"id":1720,"date":"2023-05-19T15:36:02","date_gmt":"2023-05-19T13:36:02","guid":{"rendered":"https:\/\/loiseauvert.fr\/?post_type=product&#038;p=1720"},"modified":"2026-04-02T18:23:05","modified_gmt":"2026-04-02T16:23:05","slug":"emergency-box","status":"publish","type":"product","link":"https:\/\/loiseauvert.fr\/en\/product\/emergency-box\/","title":{"rendered":"Coffret Urgence"},"content":{"rendered":"<p><strong>Complexe Urgence en coffret avec son vaporisateur de 12ml.<\/strong><\/p>\n<p>URGENCE accompagne votre quotidien face aux impr\u00e9vus de la vie.<br data-start=\"495\" data-end=\"498\" \/>Id\u00e9al pour soutenir les moments de stress passager, les situations soudaines ou les \u00e9motions fortes.<br data-start=\"598\" data-end=\"601\" \/>Convient aussi pour accompagner les b\u00e9b\u00e9s et les enfants lors de leurs moments d\u2019inconfort \u00e9motionnel.<\/p>\n<p>Le coffret Urgence comprend un vaporisateur de 12ml (rempli par nos soins) et un flacon d&rsquo;Urgence de 30ml en compte-goutte<\/p>\n<p>Vibratory supports: Ti Z\u00e9lia 1, Alpar, L\u00e9ios, Aria, Mourning, Carva, Letting go, Seren, Kou\u00e9\u00ef and Archelia.<\/p>\n<p>Store in a cool, dry place.<br \/>\nMade in France.<\/p>\n<p>Product WITHOUT ALCOHOL<\/p>\n<p>Solution hydrique dynamis\u00e9e.<br \/>\nIngr\u00e9dients: Eau osmos\u00e9e vortex\u00e9e, Fumaria,,Clematis Armandii, Parietaria Officinalis, Angelica archangelica.<\/p>","protected":false},"excerpt":{"rendered":"<p>Complexe Urgence en coffret avec son vaporisateur de 12ml. URGENCE accompagne votre quotidien face aux impr\u00e9vus de la vie.Id\u00e9al pour soutenir les moments de stress passager, les situations soudaines ou les \u00e9motions fortes.Convient aussi pour accompagner les b\u00e9b\u00e9s et les enfants lors de leurs moments d\u2019inconfort \u00e9motionnel. Le coffret Urgence comprend un vaporisateur de 12ml [&hellip;]<\/p>","protected":false},"featured_media":1718,"template":"","meta":{"_acf_changed":false,"_glsr_average":0,"_glsr_ranking":0,"_glsr_reviews":0},"product_brand":[],"product_cat":[61],"product_tag":[],"class_list":{"0":"post-1720","1":"product","2":"type-product","3":"status-publish","4":"has-post-thumbnail","6":"product_cat-coffrets","8":"first","9":"instock","10":"taxable","11":"shipping-taxable","12":"purchasable","13":"product-type-simple"},"supplier_id":null,"supplier_sku":"","barcode":null,"atum_controlled":true,"out_stock_date":null,"out_stock_threshold":null,"inheritable":false,"inbound_stock":0,"stock_on_hold":6,"sold_today":0,"sales_last_days":2,"reserved_stock":0,"customer_returns":0,"warehouse_damage":0,"lost_in_post":0,"other_logs":0,"out_stock_days":0,"lost_sales":0,"has_location":false,"update_date":"2026-04-06T14:46:19","atum_locations":[],"atum_stock_status":"instock","restock_status":false,"low_stock_amount":"","sales_update_date":"2026-04-06T14:46:19","calc_backorders":null,"acf":[],"yoast_head":"<!-- This site is optimized with the Yoast SEO plugin v26.9 - https:\/\/yoast.com\/product\/yoast-seo-wordpress\/ -->\n<title>Coffret Urgence - L&#039;Oiseau Vert<\/title>\n<meta name=\"description\" content=\"Etat de Choc, sid\u00e9ration, stress Protection psychologique Pr\u00e9occupation constante Sentiment d\u2019\u00eatre toujours en danger Troubles post-traumatiques contr\u00f4le\" \/>\n<meta name=\"robots\" content=\"index, follow, max-snippet:-1, max-image-preview:large, max-video-preview:-1\" \/>\n<link rel=\"canonical\" href=\"https:\/\/loiseauvert.fr\/en\/product\/emergency-box\/\" \/>\n<meta property=\"og:locale\" content=\"en_GB\" \/>\n<meta property=\"og:type\" content=\"article\" \/>\n<meta property=\"og:title\" content=\"Coffret Urgence - L&#039;Oiseau Vert\" \/>\n<meta property=\"og:description\" content=\"Etat de Choc, sid\u00e9ration, stress Protection psychologique Pr\u00e9occupation constante Sentiment d\u2019\u00eatre toujours en danger Troubles post-traumatiques contr\u00f4le\" \/>\n<meta property=\"og:url\" content=\"https:\/\/loiseauvert.fr\/en\/product\/emergency-box\/\" \/>\n<meta property=\"og:site_name\" content=\"L&#039;Oiseau Vert\" \/>\n<meta property=\"article:modified_time\" content=\"2026-04-02T16:23:05+00:00\" \/>\n<meta property=\"og:image\" content=\"https:\/\/loiseauvert.fr\/wp-content\/uploads\/2023\/05\/coffret-oiseau-vert-solarisations-urgence-jpg.webp\" \/>\n\t<meta property=\"og:image:width\" content=\"1000\" \/>\n\t<meta property=\"og:image:height\" content=\"1000\" \/>\n\t<meta property=\"og:image:type\" content=\"image\/jpeg\" \/>\n<meta name=\"twitter:card\" content=\"summary_large_image\" \/>\n<meta name=\"twitter:label1\" content=\"Estimated reading time\" \/>\n\t<meta name=\"twitter:data1\" content=\"1 minute\" \/>\n<script type=\"application\/ld+json\" class=\"yoast-schema-graph\">{\"@context\":\"https:\/\/schema.org\",\"@graph\":[{\"@type\":\"WebPage\",\"@id\":\"https:\/\/loiseauvert.fr\/produit\/urgence-coffret\/\",\"url\":\"https:\/\/loiseauvert.fr\/produit\/urgence-coffret\/\",\"name\":\"Coffret Urgence - L&#039;Oiseau Vert\",\"isPartOf\":{\"@id\":\"https:\/\/loiseauvert.fr\/#website\"},\"primaryImageOfPage\":{\"@id\":\"https:\/\/loiseauvert.fr\/produit\/urgence-coffret\/#primaryimage\"},\"image\":{\"@id\":\"https:\/\/loiseauvert.fr\/produit\/urgence-coffret\/#primaryimage\"},\"thumbnailUrl\":\"https:\/\/loiseauvert.fr\/wp-content\/uploads\/2023\/05\/coffret-oiseau-vert-solarisations-urgence-jpg.webp\",\"datePublished\":\"2023-05-19T13:36:02+00:00\",\"dateModified\":\"2026-04-02T16:23:05+00:00\",\"description\":\"Etat de Choc, sid\u00e9ration, stress Protection psychologique Pr\u00e9occupation constante Sentiment d\u2019\u00eatre toujours en danger Troubles post-traumatiques contr\u00f4le\",\"breadcrumb\":{\"@id\":\"https:\/\/loiseauvert.fr\/produit\/urgence-coffret\/#breadcrumb\"},\"inLanguage\":\"en-GB\",\"potentialAction\":[{\"@type\":\"ReadAction\",\"target\":[\"https:\/\/loiseauvert.fr\/produit\/urgence-coffret\/\"]}]},{\"@type\":\"ImageObject\",\"inLanguage\":\"en-GB\",\"@id\":\"https:\/\/loiseauvert.fr\/produit\/urgence-coffret\/#primaryimage\",\"url\":\"https:\/\/loiseauvert.fr\/wp-content\/uploads\/2023\/05\/coffret-oiseau-vert-solarisations-urgence-jpg.webp\",\"contentUrl\":\"https:\/\/loiseauvert.fr\/wp-content\/uploads\/2023\/05\/coffret-oiseau-vert-solarisations-urgence-jpg.webp\",\"width\":1000,\"height\":1000},{\"@type\":\"BreadcrumbList\",\"@id\":\"https:\/\/loiseauvert.fr\/produit\/urgence-coffret\/#breadcrumb\",\"itemListElement\":[{\"@type\":\"ListItem\",\"position\":1,\"name\":\"Accueil\",\"item\":\"https:\/\/loiseauvert.fr\/\"},{\"@type\":\"ListItem\",\"position\":2,\"name\":\"Coffrets\",\"item\":\"https:\/\/loiseauvert.fr\/categorie-produit\/coffrets\/\"},{\"@type\":\"ListItem\",\"position\":3,\"name\":\"Coffret Urgence\"}]},{\"@type\":\"WebSite\",\"@id\":\"https:\/\/loiseauvert.fr\/#website\",\"url\":\"https:\/\/loiseauvert.fr\/\",\"name\":\"L&#039;Oiseau Vert\",\"description\":\"\",\"potentialAction\":[{\"@type\":\"SearchAction\",\"target\":{\"@type\":\"EntryPoint\",\"urlTemplate\":\"https:\/\/loiseauvert.fr\/?s={search_term_string}\"},\"query-input\":{\"@type\":\"PropertyValueSpecification\",\"valueRequired\":true,\"valueName\":\"search_term_string\"}}],\"inLanguage\":\"en-GB\"}]}<\/script>\n<!-- \/ Yoast SEO plugin. -->","yoast_head_json":{"title":"Coffret Urgence - L&#039;Oiseau Vert","description":"Etat de Choc, sid\u00e9ration, stress Protection psychologique Pr\u00e9occupation constante Sentiment d\u2019\u00eatre toujours en danger Troubles post-traumatiques contr\u00f4le","robots":{"index":"index","follow":"follow","max-snippet":"max-snippet:-1","max-image-preview":"max-image-preview:large","max-video-preview":"max-video-preview:-1"},"canonical":"https:\/\/loiseauvert.fr\/en\/product\/emergency-box\/","og_locale":"en_GB","og_type":"article","og_title":"Coffret Urgence - L&#039;Oiseau Vert","og_description":"Etat de Choc, sid\u00e9ration, stress Protection psychologique Pr\u00e9occupation constante Sentiment d\u2019\u00eatre toujours en danger Troubles post-traumatiques contr\u00f4le","og_url":"https:\/\/loiseauvert.fr\/en\/product\/emergency-box\/","og_site_name":"L&#039;Oiseau Vert","article_modified_time":"2026-04-02T16:23:05+00:00","og_image":[{"width":1000,"height":1000,"url":"https:\/\/loiseauvert.fr\/wp-content\/uploads\/2023\/05\/coffret-oiseau-vert-solarisations-urgence-jpg.webp","type":"image\/jpeg"}],"twitter_card":"summary_large_image","twitter_misc":{"Estimated reading time":"1 minute"},"schema":{"@context":"https:\/\/schema.org","@graph":[{"@type":"WebPage","@id":"https:\/\/loiseauvert.fr\/produit\/urgence-coffret\/","url":"https:\/\/loiseauvert.fr\/produit\/urgence-coffret\/","name":"Coffret Urgence - L&#039;Oiseau Vert","isPartOf":{"@id":"https:\/\/loiseauvert.fr\/#website"},"primaryImageOfPage":{"@id":"https:\/\/loiseauvert.fr\/produit\/urgence-coffret\/#primaryimage"},"image":{"@id":"https:\/\/loiseauvert.fr\/produit\/urgence-coffret\/#primaryimage"},"thumbnailUrl":"https:\/\/loiseauvert.fr\/wp-content\/uploads\/2023\/05\/coffret-oiseau-vert-solarisations-urgence-jpg.webp","datePublished":"2023-05-19T13:36:02+00:00","dateModified":"2026-04-02T16:23:05+00:00","description":"Etat de Choc, sid\u00e9ration, stress Protection psychologique Pr\u00e9occupation constante Sentiment d\u2019\u00eatre toujours en danger Troubles post-traumatiques contr\u00f4le","breadcrumb":{"@id":"https:\/\/loiseauvert.fr\/produit\/urgence-coffret\/#breadcrumb"},"inLanguage":"en-GB","potentialAction":[{"@type":"ReadAction","target":["https:\/\/loiseauvert.fr\/produit\/urgence-coffret\/"]}]},{"@type":"ImageObject","inLanguage":"en-GB","@id":"https:\/\/loiseauvert.fr\/produit\/urgence-coffret\/#primaryimage","url":"https:\/\/loiseauvert.fr\/wp-content\/uploads\/2023\/05\/coffret-oiseau-vert-solarisations-urgence-jpg.webp","contentUrl":"https:\/\/loiseauvert.fr\/wp-content\/uploads\/2023\/05\/coffret-oiseau-vert-solarisations-urgence-jpg.webp","width":1000,"height":1000},{"@type":"BreadcrumbList","@id":"https:\/\/loiseauvert.fr\/produit\/urgence-coffret\/#breadcrumb","itemListElement":[{"@type":"ListItem","position":1,"name":"Accueil","item":"https:\/\/loiseauvert.fr\/"},{"@type":"ListItem","position":2,"name":"Coffrets","item":"https:\/\/loiseauvert.fr\/categorie-produit\/coffrets\/"},{"@type":"ListItem","position":3,"name":"Coffret Urgence"}]},{"@type":"WebSite","@id":"https:\/\/loiseauvert.fr\/#website","url":"https:\/\/loiseauvert.fr\/","name":"The Green Bird","description":"","potentialAction":[{"@type":"SearchAction","target":{"@type":"EntryPoint","urlTemplate":"https:\/\/loiseauvert.fr\/?s={search_term_string}"},"query-input":{"@type":"PropertyValueSpecification","valueRequired":true,"valueName":"search_term_string"}}],"inLanguage":"en-GB"}]}},"batches":[],"_links":{"self":[{"href":"https:\/\/loiseauvert.fr\/en\/wp-json\/wp\/v2\/product\/1720","targetHints":{"allow":["GET"]}}],"collection":[{"href":"https:\/\/loiseauvert.fr\/en\/wp-json\/wp\/v2\/product"}],"about":[{"href":"https:\/\/loiseauvert.fr\/en\/wp-json\/wp\/v2\/types\/product"}],"wp:featuredmedia":[{"embeddable":true,"href":"https:\/\/loiseauvert.fr\/en\/wp-json\/wp\/v2\/media\/1718"}],"wp:attachment":[{"href":"https:\/\/loiseauvert.fr\/en\/wp-json\/wp\/v2\/media?parent=1720"}],"wp:term":[{"taxonomy":"product_brand","embeddable":true,"href":"https:\/\/loiseauvert.fr\/en\/wp-json\/wp\/v2\/product_brand?post=1720"},{"taxonomy":"product_cat","embeddable":true,"href":"https:\/\/loiseauvert.fr\/en\/wp-json\/wp\/v2\/product_cat?post=1720"},{"taxonomy":"product_tag","embeddable":true,"href":"https:\/\/loiseauvert.fr\/en\/wp-json\/wp\/v2\/product_tag?post=1720"}],"curies":[{"name":"wp","href":"https:\/\/api.w.org\/{rel}","templated":true}]}}