{"id":1705,"date":"2023-05-19T15:34:47","date_gmt":"2023-05-19T13:34:47","guid":{"rendered":"https:\/\/loiseauvert.fr\/?post_type=product&#038;p=1705"},"modified":"2026-04-08T11:47:07","modified_gmt":"2026-04-08T09:47:07","slug":"emergency","status":"publish","type":"product","link":"https:\/\/loiseauvert.fr\/en\/product\/emergency\/","title":{"rendered":"Emergency"},"content":{"rendered":"<h3>Solarization No. 72<\/h3>\n<p><strong>\u00ab\u00a0Paix int\u00e9rieure et stabilit\u00e9 \u00e9motionnelle\u00a0\u00bb<\/strong><\/p>\n<p>Also available in box + vaporizer<\/p>\n<p>In case of emergency, bring back inner peace<\/p>\n<p>URGENCE accompagne votre quotidien face aux impr\u00e9vus de la vie.<br data-start=\"495\" data-end=\"498\" \/>Id\u00e9al pour soutenir les moments de stress passager, les situations soudaines ou les \u00e9motions fortes.<br data-start=\"598\" data-end=\"601\" \/>Convient aussi pour accompagner les b\u00e9b\u00e9s et les enfants lors de leurs moments d\u2019inconfort \u00e9motionnel.<\/p>\n<ul>\n<li>Accompagne les moments de turbulence et d\u2019incertitude en invitant \u00e0 retrouver son \u00e9quilibre int\u00e9rieur.<\/li>\n<li>Favorise l\u2019\u00e9coute de soi pour mieux vivre l\u2019instant pr\u00e9sent avec confiance.<\/li>\n<li>Encourage \u00e0 lib\u00e9rer les tensions \u00e9motionnelles et \u00e0 exprimer ses aspirations.<\/li>\n<li>Soutient un chemin personnel d\u2019acceptation et d\u2019autonomie.<\/li>\n<\/ul>\n<h5>Vibration Supports:<\/h5>\n<p>Ti Z\u00e9lia 1, Alpar, L\u00e9ios, Aria, Deuil, Carva, Let Go, Seren, Kou\u00e9\u00ef and Archelia.<\/p>","protected":false},"excerpt":{"rendered":"<p>In case of emergency, bring back inner peace<\/p>","protected":false},"featured_media":1711,"template":"","meta":{"_acf_changed":false,"_glsr_average":0,"_glsr_ranking":0,"_glsr_reviews":0},"product_brand":[],"product_cat":[59],"product_tag":[],"class_list":{"0":"post-1705","1":"product","2":"type-product","3":"status-publish","4":"has-post-thumbnail","6":"product_cat-les-complexes","8":"first","9":"instock","10":"taxable","11":"shipping-taxable","12":"purchasable","13":"product-type-simple"},"supplier_id":null,"supplier_sku":"","barcode":null,"atum_controlled":true,"out_stock_date":null,"out_stock_threshold":null,"inheritable":false,"inbound_stock":0,"stock_on_hold":35,"sold_today":1,"sales_last_days":13,"reserved_stock":0,"customer_returns":0,"warehouse_damage":0,"lost_in_post":0,"other_logs":0,"out_stock_days":0,"lost_sales":0,"has_location":false,"update_date":"2026-04-08T17:49:12","atum_locations":[],"atum_stock_status":"instock","restock_status":false,"low_stock_amount":"","sales_update_date":"2026-04-08T17:49:12","calc_backorders":null,"acf":[],"yoast_head":"<!-- This site is optimized with the Yoast SEO plugin v26.9 - https:\/\/yoast.com\/product\/yoast-seo-wordpress\/ -->\n<title>Urgence - L&#039;Oiseau Vert<\/title>\n<meta name=\"description\" content=\"Etat de Choc, sid\u00e9ration, stress Protection psychologique Pr\u00e9occupation constante Sentiment d\u2019\u00eatre toujours en danger Troubles post-traumatiques contr\u00f4le\" \/>\n<meta name=\"robots\" content=\"index, follow, max-snippet:-1, max-image-preview:large, max-video-preview:-1\" \/>\n<link rel=\"canonical\" href=\"https:\/\/loiseauvert.fr\/en\/product\/emergency\/\" \/>\n<meta property=\"og:locale\" content=\"en_GB\" \/>\n<meta property=\"og:type\" content=\"article\" \/>\n<meta property=\"og:title\" content=\"Urgence - L&#039;Oiseau Vert\" \/>\n<meta property=\"og:description\" content=\"Etat de Choc, sid\u00e9ration, stress Protection psychologique Pr\u00e9occupation constante Sentiment d\u2019\u00eatre toujours en danger Troubles post-traumatiques contr\u00f4le\" \/>\n<meta property=\"og:url\" content=\"https:\/\/loiseauvert.fr\/en\/product\/emergency\/\" \/>\n<meta property=\"og:site_name\" content=\"L&#039;Oiseau Vert\" \/>\n<meta property=\"article:modified_time\" content=\"2026-04-08T09:47:07+00:00\" \/>\n<meta property=\"og:image\" content=\"https:\/\/loiseauvert.fr\/wp-content\/uploads\/2023\/05\/oiseau-vert-solarisation-urgence-72-jpg.webp\" \/>\n\t<meta property=\"og:image:width\" content=\"1000\" \/>\n\t<meta property=\"og:image:height\" content=\"1000\" \/>\n\t<meta property=\"og:image:type\" content=\"image\/jpeg\" \/>\n<meta name=\"twitter:card\" content=\"summary_large_image\" \/>\n<meta name=\"twitter:label1\" content=\"Estimated reading time\" \/>\n\t<meta name=\"twitter:data1\" content=\"1 minute\" \/>\n<script type=\"application\/ld+json\" class=\"yoast-schema-graph\">{\"@context\":\"https:\/\/schema.org\",\"@graph\":[{\"@type\":\"WebPage\",\"@id\":\"https:\/\/loiseauvert.fr\/produit\/urgence\/\",\"url\":\"https:\/\/loiseauvert.fr\/produit\/urgence\/\",\"name\":\"Urgence - L&#039;Oiseau Vert\",\"isPartOf\":{\"@id\":\"https:\/\/loiseauvert.fr\/#website\"},\"primaryImageOfPage\":{\"@id\":\"https:\/\/loiseauvert.fr\/produit\/urgence\/#primaryimage\"},\"image\":{\"@id\":\"https:\/\/loiseauvert.fr\/produit\/urgence\/#primaryimage\"},\"thumbnailUrl\":\"https:\/\/loiseauvert.fr\/wp-content\/uploads\/2023\/05\/oiseau-vert-solarisation-urgence-72-jpg.webp\",\"datePublished\":\"2023-05-19T13:34:47+00:00\",\"dateModified\":\"2026-04-08T09:47:07+00:00\",\"description\":\"Etat de Choc, sid\u00e9ration, stress Protection psychologique Pr\u00e9occupation constante Sentiment d\u2019\u00eatre toujours en danger Troubles post-traumatiques contr\u00f4le\",\"breadcrumb\":{\"@id\":\"https:\/\/loiseauvert.fr\/produit\/urgence\/#breadcrumb\"},\"inLanguage\":\"en-GB\",\"potentialAction\":[{\"@type\":\"ReadAction\",\"target\":[\"https:\/\/loiseauvert.fr\/produit\/urgence\/\"]}]},{\"@type\":\"ImageObject\",\"inLanguage\":\"en-GB\",\"@id\":\"https:\/\/loiseauvert.fr\/produit\/urgence\/#primaryimage\",\"url\":\"https:\/\/loiseauvert.fr\/wp-content\/uploads\/2023\/05\/oiseau-vert-solarisation-urgence-72-jpg.webp\",\"contentUrl\":\"https:\/\/loiseauvert.fr\/wp-content\/uploads\/2023\/05\/oiseau-vert-solarisation-urgence-72-jpg.webp\",\"width\":1000,\"height\":1000},{\"@type\":\"BreadcrumbList\",\"@id\":\"https:\/\/loiseauvert.fr\/produit\/urgence\/#breadcrumb\",\"itemListElement\":[{\"@type\":\"ListItem\",\"position\":1,\"name\":\"Accueil\",\"item\":\"https:\/\/loiseauvert.fr\/\"},{\"@type\":\"ListItem\",\"position\":2,\"name\":\"Les Complexes\",\"item\":\"https:\/\/loiseauvert.fr\/categorie-produit\/les-complexes\/\"},{\"@type\":\"ListItem\",\"position\":3,\"name\":\"Urgence\"}]},{\"@type\":\"WebSite\",\"@id\":\"https:\/\/loiseauvert.fr\/#website\",\"url\":\"https:\/\/loiseauvert.fr\/\",\"name\":\"L&#039;Oiseau Vert\",\"description\":\"\",\"potentialAction\":[{\"@type\":\"SearchAction\",\"target\":{\"@type\":\"EntryPoint\",\"urlTemplate\":\"https:\/\/loiseauvert.fr\/?s={search_term_string}\"},\"query-input\":{\"@type\":\"PropertyValueSpecification\",\"valueRequired\":true,\"valueName\":\"search_term_string\"}}],\"inLanguage\":\"en-GB\"}]}<\/script>\n<!-- \/ Yoast SEO plugin. -->","yoast_head_json":{"title":"Emergency - The Green Bird","description":"Etat de Choc, sid\u00e9ration, stress Protection psychologique Pr\u00e9occupation constante Sentiment d\u2019\u00eatre toujours en danger Troubles post-traumatiques contr\u00f4le","robots":{"index":"index","follow":"follow","max-snippet":"max-snippet:-1","max-image-preview":"max-image-preview:large","max-video-preview":"max-video-preview:-1"},"canonical":"https:\/\/loiseauvert.fr\/en\/product\/emergency\/","og_locale":"en_GB","og_type":"article","og_title":"Urgence - L&#039;Oiseau Vert","og_description":"Etat de Choc, sid\u00e9ration, stress Protection psychologique Pr\u00e9occupation constante Sentiment d\u2019\u00eatre toujours en danger Troubles post-traumatiques contr\u00f4le","og_url":"https:\/\/loiseauvert.fr\/en\/product\/emergency\/","og_site_name":"L&#039;Oiseau Vert","article_modified_time":"2026-04-08T09:47:07+00:00","og_image":[{"width":1000,"height":1000,"url":"https:\/\/loiseauvert.fr\/wp-content\/uploads\/2023\/05\/oiseau-vert-solarisation-urgence-72-jpg.webp","type":"image\/jpeg"}],"twitter_card":"summary_large_image","twitter_misc":{"Estimated reading time":"1 minute"},"schema":{"@context":"https:\/\/schema.org","@graph":[{"@type":"WebPage","@id":"https:\/\/loiseauvert.fr\/produit\/urgence\/","url":"https:\/\/loiseauvert.fr\/produit\/urgence\/","name":"Emergency - The Green Bird","isPartOf":{"@id":"https:\/\/loiseauvert.fr\/#website"},"primaryImageOfPage":{"@id":"https:\/\/loiseauvert.fr\/produit\/urgence\/#primaryimage"},"image":{"@id":"https:\/\/loiseauvert.fr\/produit\/urgence\/#primaryimage"},"thumbnailUrl":"https:\/\/loiseauvert.fr\/wp-content\/uploads\/2023\/05\/oiseau-vert-solarisation-urgence-72-jpg.webp","datePublished":"2023-05-19T13:34:47+00:00","dateModified":"2026-04-08T09:47:07+00:00","description":"Etat de Choc, sid\u00e9ration, stress Protection psychologique Pr\u00e9occupation constante Sentiment d\u2019\u00eatre toujours en danger Troubles post-traumatiques contr\u00f4le","breadcrumb":{"@id":"https:\/\/loiseauvert.fr\/produit\/urgence\/#breadcrumb"},"inLanguage":"en-GB","potentialAction":[{"@type":"ReadAction","target":["https:\/\/loiseauvert.fr\/produit\/urgence\/"]}]},{"@type":"ImageObject","inLanguage":"en-GB","@id":"https:\/\/loiseauvert.fr\/produit\/urgence\/#primaryimage","url":"https:\/\/loiseauvert.fr\/wp-content\/uploads\/2023\/05\/oiseau-vert-solarisation-urgence-72-jpg.webp","contentUrl":"https:\/\/loiseauvert.fr\/wp-content\/uploads\/2023\/05\/oiseau-vert-solarisation-urgence-72-jpg.webp","width":1000,"height":1000},{"@type":"BreadcrumbList","@id":"https:\/\/loiseauvert.fr\/produit\/urgence\/#breadcrumb","itemListElement":[{"@type":"ListItem","position":1,"name":"Accueil","item":"https:\/\/loiseauvert.fr\/"},{"@type":"ListItem","position":2,"name":"Les Complexes","item":"https:\/\/loiseauvert.fr\/categorie-produit\/les-complexes\/"},{"@type":"ListItem","position":3,"name":"Urgence"}]},{"@type":"WebSite","@id":"https:\/\/loiseauvert.fr\/#website","url":"https:\/\/loiseauvert.fr\/","name":"The Green Bird","description":"","potentialAction":[{"@type":"SearchAction","target":{"@type":"EntryPoint","urlTemplate":"https:\/\/loiseauvert.fr\/?s={search_term_string}"},"query-input":{"@type":"PropertyValueSpecification","valueRequired":true,"valueName":"search_term_string"}}],"inLanguage":"en-GB"}]}},"batches":[{"id":"63","date_created":"2025-05-22 12:06:22","date_expiry":"2027-04-01 00:00:00","user_id":"1","batch_number":"72.25.118","location":"","quantity":"40.0000","quantity_available":"0.0000","units":"1","status":"archived","order_ids":"[14403,14433,14466,14397,14506,14519,14549,14553,14572,14591,14613,14615,14628,14692,14700,14707]"},{"id":"72","date_created":"2025-06-10 14:35:17","date_expiry":"2027-05-01 00:00:00","user_id":"1","batch_number":"72.25.119","location":"","quantity":"65.0000","quantity_available":"0.0000","units":"1","status":"archived","order_ids":"[14707,14718,14745,14795,14804,14824,14876,14877,14892,13215,14998,15034,15099,15122,15177,15249,15272,15284,15285,15290,15298,15326,15387]"},{"id":"93","date_created":"2025-07-30 09:30:11","date_expiry":"2027-07-01 00:00:00","user_id":"1","batch_number":"72.25.120","location":"","quantity":"71.0000","quantity_available":"0.0000","units":"1","status":"archived","order_ids":"[15387,15398,15399,15427,15455,15457,15481,15483,15485,15490,15491,15495,15497,15511,15515,15454,15538,15575,15599,15629,15630,15631,15657,15664,15711,15728,15737,15739,15752,15802,15778,15853,15857,15870,15903,14157,15949,15948,15978,15984,15983,16056,16068,16070]"},{"id":"106","date_created":"2025-09-05 10:22:23","date_expiry":"2027-09-01 00:00:00","user_id":"1","batch_number":"72.25.121","location":"","quantity":"72.0000","quantity_available":"0.0000","units":"1","status":"archived","order_ids":"[16134,16137,16153,16163,16169,16212,16221,16225,16253,16266,16275,16278,16284,16292,16314,16315,16349,16362,16368,16406,16412,16428,16439,16441,16443,16452,16469,16486,16489,16495,16530,16534,16564,16582,16593,16594]"},{"id":"126","date_created":"2025-10-22 11:42:11","date_expiry":"2027-10-01 00:00:00","user_id":"0","batch_number":"72.25.122","location":"","quantity":"67.0000","quantity_available":"0.0000","units":"1","status":"archived","order_ids":"[16615,16619,16660,16667,16689,16709,16713,16761,16791,16822,16876,16886,16905,16913,16923,16925,16952,16954,16986,17015,17030,17069,17115,17117,17128,17134,17139,17141,17144]"},{"id":"147","date_created":"2025-11-28 11:44:08","date_expiry":"2027-12-01 00:00:00","user_id":"0","batch_number":"72.25.123","location":"","quantity":"79.0000","quantity_available":"0.0000","units":"1","status":"archived","order_ids":"[17166,17167,17182,17186,17220,17221,17246,17269,17293,17317,17352,17362,17460,17464,17526,17556]"},{"id":"163","date_created":"2026-01-09 17:44:03","date_expiry":"2028-01-01 00:00:00","user_id":"0","batch_number":"72-26-124","location":"","quantity":"73.0000","quantity_available":"0.0000","units":"1","status":"archived","order_ids":"[17556,17595,17642,17668,17709,17739,17761,17781,17842,17844,17867,17872,17873,17878,17914,17976,17978,17990,18023,18031,18038,18035,18040]"},{"id":"177","date_created":"2026-02-06 14:47:33","date_expiry":"2028-02-01 00:00:00","user_id":"0","batch_number":"72.26.125","location":"","quantity":"76.0000","quantity_available":"0.0000","units":"1","status":"archived","order_ids":"[18114,18124,18126,18129,18208,18212,18267,18290,18319,18337,18363,18371,18405,18417,18469,18495,18511,18535,18548,18561,18565,18567,18572,18600,18656,18667,18674,18681,18706,18712,18719,18766]"},{"id":"188","date_created":"2026-03-19 15:12:40","date_expiry":"2028-03-01 00:00:00","user_id":"0","batch_number":"72.26.126","location":"","quantity":"72.0000","quantity_available":"46.0000","units":"1","status":"active","order_ids":"[18770,18775,18782,18784,18792,18795,18823,18826,18851,18854,18865,18882,18891,18602,18933,18938,18940]"}],"_links":{"self":[{"href":"https:\/\/loiseauvert.fr\/en\/wp-json\/wp\/v2\/product\/1705","targetHints":{"allow":["GET"]}}],"collection":[{"href":"https:\/\/loiseauvert.fr\/en\/wp-json\/wp\/v2\/product"}],"about":[{"href":"https:\/\/loiseauvert.fr\/en\/wp-json\/wp\/v2\/types\/product"}],"wp:featuredmedia":[{"embeddable":true,"href":"https:\/\/loiseauvert.fr\/en\/wp-json\/wp\/v2\/media\/1711"}],"wp:attachment":[{"href":"https:\/\/loiseauvert.fr\/en\/wp-json\/wp\/v2\/media?parent=1705"}],"wp:term":[{"taxonomy":"product_brand","embeddable":true,"href":"https:\/\/loiseauvert.fr\/en\/wp-json\/wp\/v2\/product_brand?post=1705"},{"taxonomy":"product_cat","embeddable":true,"href":"https:\/\/loiseauvert.fr\/en\/wp-json\/wp\/v2\/product_cat?post=1705"},{"taxonomy":"product_tag","embeddable":true,"href":"https:\/\/loiseauvert.fr\/en\/wp-json\/wp\/v2\/product_tag?post=1705"}],"curies":[{"name":"wp","href":"https:\/\/api.w.org\/{rel}","templated":true}]}}