{"id":1693,"date":"2023-05-19T15:32:13","date_gmt":"2023-05-19T13:32:13","guid":{"rendered":"https:\/\/loiseauvert.fr\/?post_type=product&#038;p=1693"},"modified":"2026-04-09T15:41:03","modified_gmt":"2026-04-09T13:41:03","slug":"ti-zelia-7","status":"publish","type":"product","link":"https:\/\/loiseauvert.fr\/en\/product\/ti-zelia-7\/","title":{"rendered":"Ti Zelia 7"},"content":{"rendered":"<h3>Solarization No. 7<\/h3>\n<p><strong>\u00ab\u00a0Je suis en mouvement et en harmonie avec le monde\u00a0\u00bb<\/strong><\/p>\n<ul>\n<li>Invite \u00e0 se lib\u00e9rer des limitations personnelles et \u00e0 accueillir un esprit ouvert.<\/li>\n<li>Accompagne un chemin vers la s\u00e9r\u00e9nit\u00e9 int\u00e9rieure et l\u2019acceptation de soi et des autres.<\/li>\n<li>Favorise une perception renouvel\u00e9e de la beaut\u00e9 int\u00e9rieure, l\u2019humilit\u00e9 et l\u2019harmonie dans les relations.<\/li>\n<li>Encourage la coop\u00e9ration, le don de soi et un sentiment de libert\u00e9.<\/li>\n<\/ul>\n<p>&nbsp;<\/p>\n<p>&nbsp;<\/p>","protected":false},"excerpt":{"rendered":"<p>Invite \u00e0 ressentir une harmonie entre son monde int\u00e9rieur et l\u2019exp\u00e9rience ext\u00e9rieure.<\/p>","protected":false},"featured_media":1703,"template":"","meta":{"_acf_changed":false,"_glsr_average":0,"_glsr_ranking":0,"_glsr_reviews":0},"product_brand":[],"product_cat":[66],"product_tag":[],"class_list":{"0":"post-1693","1":"product","2":"type-product","3":"status-publish","4":"has-post-thumbnail","6":"product_cat-les-ti-zelia","8":"first","9":"instock","10":"taxable","11":"shipping-taxable","12":"purchasable","13":"product-type-simple"},"supplier_id":null,"supplier_sku":"","barcode":null,"atum_controlled":true,"out_stock_date":null,"out_stock_threshold":null,"inheritable":false,"inbound_stock":0,"stock_on_hold":0,"sold_today":1,"sales_last_days":1,"reserved_stock":0,"customer_returns":0,"warehouse_damage":0,"lost_in_post":0,"other_logs":0,"out_stock_days":0,"lost_sales":0,"has_location":false,"update_date":"2026-04-09T14:16:12","atum_locations":[],"atum_stock_status":"instock","restock_status":false,"low_stock_amount":"","sales_update_date":"2026-04-09T14:16:12","calc_backorders":null,"acf":[],"yoast_head":"<!-- This site is optimized with the Yoast SEO plugin v26.9 - https:\/\/yoast.com\/product\/yoast-seo-wordpress\/ -->\n<title>Ti Z\u00e9lia 7 - L&#039;Oiseau Vert<\/title>\n<meta name=\"description\" content=\"D\u00e9couvrez la Solarisation n\u00b07 pour lib\u00e9rer vos limitations, cultiver l\u2019harmonie, l\u2019acceptation de soi et renforcer la s\u00e9r\u00e9nit\u00e9 int\u00e9rieure au quotidien.\" \/>\n<meta name=\"robots\" content=\"index, follow, max-snippet:-1, max-image-preview:large, max-video-preview:-1\" \/>\n<link rel=\"canonical\" href=\"https:\/\/loiseauvert.fr\/en\/product\/ti-zelia-7\/\" \/>\n<meta property=\"og:locale\" content=\"en_GB\" \/>\n<meta property=\"og:type\" content=\"article\" \/>\n<meta property=\"og:title\" content=\"Ti Z\u00e9lia 7 - L&#039;Oiseau Vert\" \/>\n<meta property=\"og:description\" content=\"D\u00e9couvrez la Solarisation n\u00b07 pour lib\u00e9rer vos limitations, cultiver l\u2019harmonie, l\u2019acceptation de soi et renforcer la s\u00e9r\u00e9nit\u00e9 int\u00e9rieure au quotidien.\" \/>\n<meta property=\"og:url\" content=\"https:\/\/loiseauvert.fr\/en\/product\/ti-zelia-7\/\" \/>\n<meta property=\"og:site_name\" content=\"L&#039;Oiseau Vert\" \/>\n<meta property=\"article:modified_time\" content=\"2026-04-09T13:41:03+00:00\" \/>\n<meta property=\"og:image\" content=\"https:\/\/loiseauvert.fr\/wp-content\/uploads\/2023\/05\/tizelia-7-jpg.webp\" \/>\n\t<meta property=\"og:image:width\" content=\"2000\" \/>\n\t<meta property=\"og:image:height\" content=\"2000\" \/>\n\t<meta property=\"og:image:type\" content=\"image\/jpeg\" \/>\n<meta name=\"twitter:card\" content=\"summary_large_image\" \/>\n<meta name=\"twitter:label1\" content=\"Estimated reading time\" \/>\n\t<meta name=\"twitter:data1\" content=\"1 minute\" \/>\n<script type=\"application\/ld+json\" class=\"yoast-schema-graph\">{\"@context\":\"https:\/\/schema.org\",\"@graph\":[{\"@type\":\"WebPage\",\"@id\":\"https:\/\/loiseauvert.fr\/produit\/ti-zelia-7\/\",\"url\":\"https:\/\/loiseauvert.fr\/produit\/ti-zelia-7\/\",\"name\":\"Ti Z\u00e9lia 7 - L&#039;Oiseau Vert\",\"isPartOf\":{\"@id\":\"https:\/\/loiseauvert.fr\/#website\"},\"primaryImageOfPage\":{\"@id\":\"https:\/\/loiseauvert.fr\/produit\/ti-zelia-7\/#primaryimage\"},\"image\":{\"@id\":\"https:\/\/loiseauvert.fr\/produit\/ti-zelia-7\/#primaryimage\"},\"thumbnailUrl\":\"https:\/\/loiseauvert.fr\/wp-content\/uploads\/2023\/05\/tizelia-7-jpg.webp\",\"datePublished\":\"2023-05-19T13:32:13+00:00\",\"dateModified\":\"2026-04-09T13:41:03+00:00\",\"description\":\"D\u00e9couvrez la Solarisation n\u00b07 pour lib\u00e9rer vos limitations, cultiver l\u2019harmonie, l\u2019acceptation de soi et renforcer la s\u00e9r\u00e9nit\u00e9 int\u00e9rieure au quotidien.\",\"breadcrumb\":{\"@id\":\"https:\/\/loiseauvert.fr\/produit\/ti-zelia-7\/#breadcrumb\"},\"inLanguage\":\"en-GB\",\"potentialAction\":[{\"@type\":\"ReadAction\",\"target\":[\"https:\/\/loiseauvert.fr\/produit\/ti-zelia-7\/\"]}]},{\"@type\":\"ImageObject\",\"inLanguage\":\"en-GB\",\"@id\":\"https:\/\/loiseauvert.fr\/produit\/ti-zelia-7\/#primaryimage\",\"url\":\"https:\/\/loiseauvert.fr\/wp-content\/uploads\/2023\/05\/tizelia-7-jpg.webp\",\"contentUrl\":\"https:\/\/loiseauvert.fr\/wp-content\/uploads\/2023\/05\/tizelia-7-jpg.webp\",\"width\":2000,\"height\":2000},{\"@type\":\"BreadcrumbList\",\"@id\":\"https:\/\/loiseauvert.fr\/produit\/ti-zelia-7\/#breadcrumb\",\"itemListElement\":[{\"@type\":\"ListItem\",\"position\":1,\"name\":\"Accueil\",\"item\":\"https:\/\/loiseauvert.fr\/\"},{\"@type\":\"ListItem\",\"position\":2,\"name\":\"Les Ti Z\u00e9lia\",\"item\":\"https:\/\/loiseauvert.fr\/categorie-produit\/les-ti-zelia\/\"},{\"@type\":\"ListItem\",\"position\":3,\"name\":\"Ti Z\u00e9lia 7\"}]},{\"@type\":\"WebSite\",\"@id\":\"https:\/\/loiseauvert.fr\/#website\",\"url\":\"https:\/\/loiseauvert.fr\/\",\"name\":\"L&#039;Oiseau Vert\",\"description\":\"\",\"potentialAction\":[{\"@type\":\"SearchAction\",\"target\":{\"@type\":\"EntryPoint\",\"urlTemplate\":\"https:\/\/loiseauvert.fr\/?s={search_term_string}\"},\"query-input\":{\"@type\":\"PropertyValueSpecification\",\"valueRequired\":true,\"valueName\":\"search_term_string\"}}],\"inLanguage\":\"en-GB\"}]}<\/script>\n<!-- \/ Yoast SEO plugin. -->","yoast_head_json":{"title":"Ti Z\u00e9lia 7 - L&#039;Green Bird","description":"D\u00e9couvrez la Solarisation n\u00b07 pour lib\u00e9rer vos limitations, cultiver l\u2019harmonie, l\u2019acceptation de soi et renforcer la s\u00e9r\u00e9nit\u00e9 int\u00e9rieure au quotidien.","robots":{"index":"index","follow":"follow","max-snippet":"max-snippet:-1","max-image-preview":"max-image-preview:large","max-video-preview":"max-video-preview:-1"},"canonical":"https:\/\/loiseauvert.fr\/en\/product\/ti-zelia-7\/","og_locale":"en_GB","og_type":"article","og_title":"Ti Z\u00e9lia 7 - L&#039;Oiseau Vert","og_description":"D\u00e9couvrez la Solarisation n\u00b07 pour lib\u00e9rer vos limitations, cultiver l\u2019harmonie, l\u2019acceptation de soi et renforcer la s\u00e9r\u00e9nit\u00e9 int\u00e9rieure au quotidien.","og_url":"https:\/\/loiseauvert.fr\/en\/product\/ti-zelia-7\/","og_site_name":"L&#039;Oiseau Vert","article_modified_time":"2026-04-09T13:41:03+00:00","og_image":[{"width":2000,"height":2000,"url":"https:\/\/loiseauvert.fr\/wp-content\/uploads\/2023\/05\/tizelia-7-jpg.webp","type":"image\/jpeg"}],"twitter_card":"summary_large_image","twitter_misc":{"Estimated reading time":"1 minute"},"schema":{"@context":"https:\/\/schema.org","@graph":[{"@type":"WebPage","@id":"https:\/\/loiseauvert.fr\/produit\/ti-zelia-7\/","url":"https:\/\/loiseauvert.fr\/produit\/ti-zelia-7\/","name":"Ti Z\u00e9lia 7 - L&#039;Green Bird","isPartOf":{"@id":"https:\/\/loiseauvert.fr\/#website"},"primaryImageOfPage":{"@id":"https:\/\/loiseauvert.fr\/produit\/ti-zelia-7\/#primaryimage"},"image":{"@id":"https:\/\/loiseauvert.fr\/produit\/ti-zelia-7\/#primaryimage"},"thumbnailUrl":"https:\/\/loiseauvert.fr\/wp-content\/uploads\/2023\/05\/tizelia-7-jpg.webp","datePublished":"2023-05-19T13:32:13+00:00","dateModified":"2026-04-09T13:41:03+00:00","description":"D\u00e9couvrez la Solarisation n\u00b07 pour lib\u00e9rer vos limitations, cultiver l\u2019harmonie, l\u2019acceptation de soi et renforcer la s\u00e9r\u00e9nit\u00e9 int\u00e9rieure au quotidien.","breadcrumb":{"@id":"https:\/\/loiseauvert.fr\/produit\/ti-zelia-7\/#breadcrumb"},"inLanguage":"en-GB","potentialAction":[{"@type":"ReadAction","target":["https:\/\/loiseauvert.fr\/produit\/ti-zelia-7\/"]}]},{"@type":"ImageObject","inLanguage":"en-GB","@id":"https:\/\/loiseauvert.fr\/produit\/ti-zelia-7\/#primaryimage","url":"https:\/\/loiseauvert.fr\/wp-content\/uploads\/2023\/05\/tizelia-7-jpg.webp","contentUrl":"https:\/\/loiseauvert.fr\/wp-content\/uploads\/2023\/05\/tizelia-7-jpg.webp","width":2000,"height":2000},{"@type":"BreadcrumbList","@id":"https:\/\/loiseauvert.fr\/produit\/ti-zelia-7\/#breadcrumb","itemListElement":[{"@type":"ListItem","position":1,"name":"Accueil","item":"https:\/\/loiseauvert.fr\/"},{"@type":"ListItem","position":2,"name":"Les Ti Z\u00e9lia","item":"https:\/\/loiseauvert.fr\/categorie-produit\/les-ti-zelia\/"},{"@type":"ListItem","position":3,"name":"Ti Z\u00e9lia 7"}]},{"@type":"WebSite","@id":"https:\/\/loiseauvert.fr\/#website","url":"https:\/\/loiseauvert.fr\/","name":"The Green Bird","description":"","potentialAction":[{"@type":"SearchAction","target":{"@type":"EntryPoint","urlTemplate":"https:\/\/loiseauvert.fr\/?s={search_term_string}"},"query-input":{"@type":"PropertyValueSpecification","valueRequired":true,"valueName":"search_term_string"}}],"inLanguage":"en-GB"}]}},"batches":[{"id":"10","date_created":"2025-05-22 10:30:52","date_expiry":"2026-09-01 00:00:00","user_id":"8","batch_number":"07.24.041","location":"","quantity":"20.0000","quantity_available":"0.0000","units":"1","status":"archived","order_ids":"[14536,13868,14637,14732,14814,14922,11847,15283,15303,17256,17293,17583]"},{"id":"81","date_created":"2025-07-03 17:45:16","date_expiry":"2027-07-01 00:00:00","user_id":"8","batch_number":"07.25.042","location":"","quantity":"70.0000","quantity_available":"37.0000","units":"1","status":"active","order_ids":"[15384,15435,15664,15707,15753,15967,16001,16082,16150,16189,16191,16289,16304,16493,16495,16538,16883,17115,17756,17846,17943,18040,18135,18308,18317,18349,18602,18960]"}],"_links":{"self":[{"href":"https:\/\/loiseauvert.fr\/en\/wp-json\/wp\/v2\/product\/1693","targetHints":{"allow":["GET"]}}],"collection":[{"href":"https:\/\/loiseauvert.fr\/en\/wp-json\/wp\/v2\/product"}],"about":[{"href":"https:\/\/loiseauvert.fr\/en\/wp-json\/wp\/v2\/types\/product"}],"wp:featuredmedia":[{"embeddable":true,"href":"https:\/\/loiseauvert.fr\/en\/wp-json\/wp\/v2\/media\/1703"}],"wp:attachment":[{"href":"https:\/\/loiseauvert.fr\/en\/wp-json\/wp\/v2\/media?parent=1693"}],"wp:term":[{"taxonomy":"product_brand","embeddable":true,"href":"https:\/\/loiseauvert.fr\/en\/wp-json\/wp\/v2\/product_brand?post=1693"},{"taxonomy":"product_cat","embeddable":true,"href":"https:\/\/loiseauvert.fr\/en\/wp-json\/wp\/v2\/product_cat?post=1693"},{"taxonomy":"product_tag","embeddable":true,"href":"https:\/\/loiseauvert.fr\/en\/wp-json\/wp\/v2\/product_tag?post=1693"}],"curies":[{"name":"wp","href":"https:\/\/api.w.org\/{rel}","templated":true}]}}