{"id":1691,"date":"2023-05-19T15:32:13","date_gmt":"2023-05-19T13:32:13","guid":{"rendered":"https:\/\/loiseauvert.fr\/?post_type=product&#038;p=1691"},"modified":"2026-04-07T15:51:20","modified_gmt":"2026-04-07T13:51:20","slug":"ti-zelia-5","status":"publish","type":"product","link":"https:\/\/loiseauvert.fr\/en\/product\/ti-zelia-5\/","title":{"rendered":"Ti Zelia 5"},"content":{"rendered":"<h3>Solarization n\u00b0 5<\/h3>\n<p><strong>\u00ab\u00a0Je communique dans la paix et la s\u00e9r\u00e9nit\u00e9\u00a0\u00bb<\/strong><\/p>\n<ul>\n<li>Accompagne l\u2019ouverture \u00e0 l\u2019expression de soi et \u00e0 la cr\u00e9ativit\u00e9 personnelle.<\/li>\n<li>Invite \u00e0 se reconnecter \u00e0 ses aspirations profondes et \u00e0 explorer son potentiel int\u00e9rieur.<\/li>\n<li>Favorise une \u00e9coute plus sensible et authentique, dans le respect de soi et des autres.<\/li>\n<\/ul>\n<p>&nbsp;<\/p>","protected":false},"excerpt":{"rendered":"<p>Favorise une communication authentique dans un climat de paix int\u00e9rieure.<\/p>","protected":false},"featured_media":1701,"template":"","meta":{"_acf_changed":false,"_glsr_average":0,"_glsr_ranking":0,"_glsr_reviews":0},"product_brand":[],"product_cat":[66],"product_tag":[],"class_list":{"0":"post-1691","1":"product","2":"type-product","3":"status-publish","4":"has-post-thumbnail","6":"product_cat-les-ti-zelia","8":"first","9":"instock","10":"taxable","11":"shipping-taxable","12":"purchasable","13":"product-type-simple"},"supplier_id":null,"supplier_sku":"","barcode":null,"atum_controlled":true,"out_stock_date":null,"out_stock_threshold":null,"inheritable":false,"inbound_stock":0,"stock_on_hold":1,"sold_today":0,"sales_last_days":2,"reserved_stock":0,"customer_returns":0,"warehouse_damage":0,"lost_in_post":0,"other_logs":0,"out_stock_days":0,"lost_sales":0,"has_location":false,"update_date":"2026-04-09T10:18:02","atum_locations":[],"atum_stock_status":"instock","restock_status":false,"low_stock_amount":"","sales_update_date":"2026-04-09T10:18:02","calc_backorders":null,"acf":[],"yoast_head":"<!-- This site is optimized with the Yoast SEO plugin v26.9 - https:\/\/yoast.com\/product\/yoast-seo-wordpress\/ -->\n<title>Ti Z\u00e9lia 5 - L&#039;Oiseau Vert<\/title>\n<meta name=\"description\" content=\"Ti ZELIA n\u00b05 pour communiquer avec s\u00e9r\u00e9nit\u00e9, exprimer votre cr\u00e9ativit\u00e9 et explorer votre potentiel int\u00e9rieur dans le respect de soi et des autres\" \/>\n<meta name=\"robots\" content=\"index, follow, max-snippet:-1, max-image-preview:large, max-video-preview:-1\" \/>\n<link rel=\"canonical\" href=\"https:\/\/loiseauvert.fr\/en\/product\/ti-zelia-5\/\" \/>\n<meta property=\"og:locale\" content=\"en_GB\" \/>\n<meta property=\"og:type\" content=\"article\" \/>\n<meta property=\"og:title\" content=\"Ti Z\u00e9lia 5 - L&#039;Oiseau Vert\" \/>\n<meta property=\"og:description\" content=\"Ti ZELIA n\u00b05 pour communiquer avec s\u00e9r\u00e9nit\u00e9, exprimer votre cr\u00e9ativit\u00e9 et explorer votre potentiel int\u00e9rieur dans le respect de soi et des autres\" \/>\n<meta property=\"og:url\" content=\"https:\/\/loiseauvert.fr\/en\/product\/ti-zelia-5\/\" \/>\n<meta property=\"og:site_name\" content=\"L&#039;Oiseau Vert\" \/>\n<meta property=\"article:modified_time\" content=\"2026-04-07T13:51:20+00:00\" \/>\n<meta property=\"og:image\" content=\"https:\/\/loiseauvert.fr\/wp-content\/uploads\/2023\/05\/tizelia-5-1-jpg.webp\" \/>\n\t<meta property=\"og:image:width\" content=\"2000\" \/>\n\t<meta property=\"og:image:height\" content=\"2000\" \/>\n\t<meta property=\"og:image:type\" content=\"image\/jpeg\" \/>\n<meta name=\"twitter:card\" content=\"summary_large_image\" \/>\n<meta name=\"twitter:label1\" content=\"Estimated reading time\" \/>\n\t<meta name=\"twitter:data1\" content=\"1 minute\" \/>\n<script type=\"application\/ld+json\" class=\"yoast-schema-graph\">{\"@context\":\"https:\/\/schema.org\",\"@graph\":[{\"@type\":\"WebPage\",\"@id\":\"https:\/\/loiseauvert.fr\/produit\/ti-zelia-5\/\",\"url\":\"https:\/\/loiseauvert.fr\/produit\/ti-zelia-5\/\",\"name\":\"Ti Z\u00e9lia 5 - L&#039;Oiseau Vert\",\"isPartOf\":{\"@id\":\"https:\/\/loiseauvert.fr\/#website\"},\"primaryImageOfPage\":{\"@id\":\"https:\/\/loiseauvert.fr\/produit\/ti-zelia-5\/#primaryimage\"},\"image\":{\"@id\":\"https:\/\/loiseauvert.fr\/produit\/ti-zelia-5\/#primaryimage\"},\"thumbnailUrl\":\"https:\/\/loiseauvert.fr\/wp-content\/uploads\/2023\/05\/tizelia-5-1-jpg.webp\",\"datePublished\":\"2023-05-19T13:32:13+00:00\",\"dateModified\":\"2026-04-07T13:51:20+00:00\",\"description\":\"Ti ZELIA n\u00b05 pour communiquer avec s\u00e9r\u00e9nit\u00e9, exprimer votre cr\u00e9ativit\u00e9 et explorer votre potentiel int\u00e9rieur dans le respect de soi et des autres\",\"breadcrumb\":{\"@id\":\"https:\/\/loiseauvert.fr\/produit\/ti-zelia-5\/#breadcrumb\"},\"inLanguage\":\"en-GB\",\"potentialAction\":[{\"@type\":\"ReadAction\",\"target\":[\"https:\/\/loiseauvert.fr\/produit\/ti-zelia-5\/\"]}]},{\"@type\":\"ImageObject\",\"inLanguage\":\"en-GB\",\"@id\":\"https:\/\/loiseauvert.fr\/produit\/ti-zelia-5\/#primaryimage\",\"url\":\"https:\/\/loiseauvert.fr\/wp-content\/uploads\/2023\/05\/tizelia-5-1-jpg.webp\",\"contentUrl\":\"https:\/\/loiseauvert.fr\/wp-content\/uploads\/2023\/05\/tizelia-5-1-jpg.webp\",\"width\":2000,\"height\":2000},{\"@type\":\"BreadcrumbList\",\"@id\":\"https:\/\/loiseauvert.fr\/produit\/ti-zelia-5\/#breadcrumb\",\"itemListElement\":[{\"@type\":\"ListItem\",\"position\":1,\"name\":\"Accueil\",\"item\":\"https:\/\/loiseauvert.fr\/\"},{\"@type\":\"ListItem\",\"position\":2,\"name\":\"Les Ti Z\u00e9lia\",\"item\":\"https:\/\/loiseauvert.fr\/categorie-produit\/les-ti-zelia\/\"},{\"@type\":\"ListItem\",\"position\":3,\"name\":\"Ti Z\u00e9lia 5\"}]},{\"@type\":\"WebSite\",\"@id\":\"https:\/\/loiseauvert.fr\/#website\",\"url\":\"https:\/\/loiseauvert.fr\/\",\"name\":\"L&#039;Oiseau Vert\",\"description\":\"\",\"potentialAction\":[{\"@type\":\"SearchAction\",\"target\":{\"@type\":\"EntryPoint\",\"urlTemplate\":\"https:\/\/loiseauvert.fr\/?s={search_term_string}\"},\"query-input\":{\"@type\":\"PropertyValueSpecification\",\"valueRequired\":true,\"valueName\":\"search_term_string\"}}],\"inLanguage\":\"en-GB\"}]}<\/script>\n<!-- \/ Yoast SEO plugin. -->","yoast_head_json":{"title":"Ti Z\u00e9lia 5 - L&#039;Green Bird","description":"Ti ZELIA n\u00b05 pour communiquer avec s\u00e9r\u00e9nit\u00e9, exprimer votre cr\u00e9ativit\u00e9 et explorer votre potentiel int\u00e9rieur dans le respect de soi et des autres","robots":{"index":"index","follow":"follow","max-snippet":"max-snippet:-1","max-image-preview":"max-image-preview:large","max-video-preview":"max-video-preview:-1"},"canonical":"https:\/\/loiseauvert.fr\/en\/product\/ti-zelia-5\/","og_locale":"en_GB","og_type":"article","og_title":"Ti Z\u00e9lia 5 - L&#039;Oiseau Vert","og_description":"Ti ZELIA n\u00b05 pour communiquer avec s\u00e9r\u00e9nit\u00e9, exprimer votre cr\u00e9ativit\u00e9 et explorer votre potentiel int\u00e9rieur dans le respect de soi et des autres","og_url":"https:\/\/loiseauvert.fr\/en\/product\/ti-zelia-5\/","og_site_name":"L&#039;Oiseau Vert","article_modified_time":"2026-04-07T13:51:20+00:00","og_image":[{"width":2000,"height":2000,"url":"https:\/\/loiseauvert.fr\/wp-content\/uploads\/2023\/05\/tizelia-5-1-jpg.webp","type":"image\/jpeg"}],"twitter_card":"summary_large_image","twitter_misc":{"Estimated reading time":"1 minute"},"schema":{"@context":"https:\/\/schema.org","@graph":[{"@type":"WebPage","@id":"https:\/\/loiseauvert.fr\/produit\/ti-zelia-5\/","url":"https:\/\/loiseauvert.fr\/produit\/ti-zelia-5\/","name":"Ti Z\u00e9lia 5 - L&#039;Green Bird","isPartOf":{"@id":"https:\/\/loiseauvert.fr\/#website"},"primaryImageOfPage":{"@id":"https:\/\/loiseauvert.fr\/produit\/ti-zelia-5\/#primaryimage"},"image":{"@id":"https:\/\/loiseauvert.fr\/produit\/ti-zelia-5\/#primaryimage"},"thumbnailUrl":"https:\/\/loiseauvert.fr\/wp-content\/uploads\/2023\/05\/tizelia-5-1-jpg.webp","datePublished":"2023-05-19T13:32:13+00:00","dateModified":"2026-04-07T13:51:20+00:00","description":"Ti ZELIA n\u00b05 pour communiquer avec s\u00e9r\u00e9nit\u00e9, exprimer votre cr\u00e9ativit\u00e9 et explorer votre potentiel int\u00e9rieur dans le respect de soi et des autres","breadcrumb":{"@id":"https:\/\/loiseauvert.fr\/produit\/ti-zelia-5\/#breadcrumb"},"inLanguage":"en-GB","potentialAction":[{"@type":"ReadAction","target":["https:\/\/loiseauvert.fr\/produit\/ti-zelia-5\/"]}]},{"@type":"ImageObject","inLanguage":"en-GB","@id":"https:\/\/loiseauvert.fr\/produit\/ti-zelia-5\/#primaryimage","url":"https:\/\/loiseauvert.fr\/wp-content\/uploads\/2023\/05\/tizelia-5-1-jpg.webp","contentUrl":"https:\/\/loiseauvert.fr\/wp-content\/uploads\/2023\/05\/tizelia-5-1-jpg.webp","width":2000,"height":2000},{"@type":"BreadcrumbList","@id":"https:\/\/loiseauvert.fr\/produit\/ti-zelia-5\/#breadcrumb","itemListElement":[{"@type":"ListItem","position":1,"name":"Accueil","item":"https:\/\/loiseauvert.fr\/"},{"@type":"ListItem","position":2,"name":"Les Ti Z\u00e9lia","item":"https:\/\/loiseauvert.fr\/categorie-produit\/les-ti-zelia\/"},{"@type":"ListItem","position":3,"name":"Ti Z\u00e9lia 5"}]},{"@type":"WebSite","@id":"https:\/\/loiseauvert.fr\/#website","url":"https:\/\/loiseauvert.fr\/","name":"The Green Bird","description":"","potentialAction":[{"@type":"SearchAction","target":{"@type":"EntryPoint","urlTemplate":"https:\/\/loiseauvert.fr\/?s={search_term_string}"},"query-input":{"@type":"PropertyValueSpecification","valueRequired":true,"valueName":"search_term_string"}}],"inLanguage":"en-GB"}]}},"batches":[{"id":"9","date_created":"2025-05-22 10:27:30","date_expiry":"2027-02-01 00:00:00","user_id":"8","batch_number":"05.25.062","location":"","quantity":"52.0000","quantity_available":"0.0000","units":"1","status":"archived","order_ids":"[14433,14468,13868,14879,14984,14989,15158,15261,15296,15292,15664,15666,15991,16019,16308,16465,16493,16551,16661,17026,17115,17554,17570,17724,17919,17988,18028,18105,18317,18377,18398]"},{"id":"151","date_created":"2025-12-10 12:01:25","date_expiry":"2027-12-01 00:00:00","user_id":"0","batch_number":"05.25.063","location":"","quantity":"72.0000","quantity_available":"54.0000","units":"1","status":"active","order_ids":"[18624,18625,18794,18821,18602,18929]"},{"id":"154","date_created":"2025-12-15 16:18:14","date_expiry":"2026-06-01 00:00:00","user_id":"0","batch_number":"05.24.061","location":"","quantity":"1.0000","quantity_available":"1.0000","units":"1","status":"active","order_ids":null}],"_links":{"self":[{"href":"https:\/\/loiseauvert.fr\/en\/wp-json\/wp\/v2\/product\/1691","targetHints":{"allow":["GET"]}}],"collection":[{"href":"https:\/\/loiseauvert.fr\/en\/wp-json\/wp\/v2\/product"}],"about":[{"href":"https:\/\/loiseauvert.fr\/en\/wp-json\/wp\/v2\/types\/product"}],"wp:featuredmedia":[{"embeddable":true,"href":"https:\/\/loiseauvert.fr\/en\/wp-json\/wp\/v2\/media\/1701"}],"wp:attachment":[{"href":"https:\/\/loiseauvert.fr\/en\/wp-json\/wp\/v2\/media?parent=1691"}],"wp:term":[{"taxonomy":"product_brand","embeddable":true,"href":"https:\/\/loiseauvert.fr\/en\/wp-json\/wp\/v2\/product_brand?post=1691"},{"taxonomy":"product_cat","embeddable":true,"href":"https:\/\/loiseauvert.fr\/en\/wp-json\/wp\/v2\/product_cat?post=1691"},{"taxonomy":"product_tag","embeddable":true,"href":"https:\/\/loiseauvert.fr\/en\/wp-json\/wp\/v2\/product_tag?post=1691"}],"curies":[{"name":"wp","href":"https:\/\/api.w.org\/{rel}","templated":true}]}}