{"id":1679,"date":"2023-05-19T15:31:28","date_gmt":"2023-05-19T13:31:28","guid":{"rendered":"https:\/\/loiseauvert.fr\/?post_type=product&#038;p=1679"},"modified":"2026-04-02T17:02:51","modified_gmt":"2026-04-02T15:02:51","slug":"ti-zelia-4-accueillir-lamour-et-exprimer-ses-sentiments","status":"publish","type":"product","link":"https:\/\/loiseauvert.fr\/en\/product\/ti-zelia-4-accueillir-lamour-et-exprimer-ses-sentiments\/","title":{"rendered":"Ti Zelia 4"},"content":{"rendered":"<h3>Solarization n\u00b0 4<\/h3>\n<p><strong>\u00ab\u00a0J\u2019accueille l\u2019amour et j\u2019exprime mes sentiments\u00a0\u00bb<\/strong><\/p>\n<ul>\n<li>Invite \u00e0 s\u2019ouvrir \u00e0 la g\u00e9n\u00e9rosit\u00e9 du c\u0153ur et \u00e0 accueillir le changement avec plus de douceur.<\/li>\n<li>Favorise l\u2019\u00e9mergence de sentiments de respect, de pardon et de gratitude.<\/li>\n<li>Accompagne l\u2019\u00e9veil \u00e0 une relation plus joyeuse, sensible et authentique \u00e0 soi et aux autres.<\/li>\n<\/ul>\n<p data-start=\"163\" data-end=\"305\">","protected":false},"excerpt":{"rendered":"<p>Invite \u00e0 s\u2019ouvrir \u00e0 l\u2019amour et \u00e0 exprimer ses sentiments avec authenticit\u00e9.<br data-start=\"213\" data-end=\"216\" \/>Favorise une connexion plus profonde au sens que l\u2019on donne \u00e0 la vie.<\/p>","protected":false},"featured_media":1689,"template":"","meta":{"_acf_changed":false,"_glsr_average":0,"_glsr_ranking":0,"_glsr_reviews":0},"product_brand":[],"product_cat":[66],"product_tag":[],"class_list":{"0":"post-1679","1":"product","2":"type-product","3":"status-publish","4":"has-post-thumbnail","6":"product_cat-les-ti-zelia","8":"first","9":"instock","10":"taxable","11":"shipping-taxable","12":"purchasable","13":"product-type-simple"},"supplier_id":null,"supplier_sku":"","barcode":null,"atum_controlled":true,"out_stock_date":null,"out_stock_threshold":null,"inheritable":false,"inbound_stock":0,"stock_on_hold":0,"sold_today":0,"sales_last_days":1,"reserved_stock":0,"customer_returns":0,"warehouse_damage":0,"lost_in_post":0,"other_logs":0,"out_stock_days":0,"lost_sales":0,"has_location":false,"update_date":"2026-04-09T10:18:03","atum_locations":[],"atum_stock_status":"instock","restock_status":false,"low_stock_amount":"","sales_update_date":"2026-04-09T10:18:03","calc_backorders":null,"acf":[],"yoast_head":"<!-- This site is optimized with the Yoast SEO plugin v26.9 - https:\/\/yoast.com\/product\/yoast-seo-wordpress\/ -->\n<title>Ti Z\u00e9lia 4 - L&#039;Oiseau Vert<\/title>\n<meta name=\"description\" content=\"La Solarisation n\u00b04 pour ouvrir votre c\u0153ur, exprimer vos \u00e9motions, cultiver le pardon et la gratitude et favoriser des relations authentiques.\" \/>\n<meta name=\"robots\" content=\"index, follow, max-snippet:-1, max-image-preview:large, max-video-preview:-1\" \/>\n<link rel=\"canonical\" href=\"https:\/\/loiseauvert.fr\/en\/product\/ti-zelia-4-accueillir-lamour-et-exprimer-ses-sentiments\/\" \/>\n<meta property=\"og:locale\" content=\"en_GB\" \/>\n<meta property=\"og:type\" content=\"article\" \/>\n<meta property=\"og:title\" content=\"Ti Z\u00e9lia 4 - L&#039;Oiseau Vert\" \/>\n<meta property=\"og:description\" content=\"La Solarisation n\u00b04 pour ouvrir votre c\u0153ur, exprimer vos \u00e9motions, cultiver le pardon et la gratitude et favoriser des relations authentiques.\" \/>\n<meta property=\"og:url\" content=\"https:\/\/loiseauvert.fr\/en\/product\/ti-zelia-4-accueillir-lamour-et-exprimer-ses-sentiments\/\" \/>\n<meta property=\"og:site_name\" content=\"L&#039;Oiseau Vert\" \/>\n<meta property=\"article:modified_time\" content=\"2026-04-02T15:02:51+00:00\" \/>\n<meta property=\"og:image\" content=\"https:\/\/loiseauvert.fr\/wp-content\/uploads\/2023\/05\/tizelia-4-jpg.webp\" \/>\n\t<meta property=\"og:image:width\" content=\"2000\" \/>\n\t<meta property=\"og:image:height\" content=\"2000\" \/>\n\t<meta property=\"og:image:type\" content=\"image\/jpeg\" \/>\n<meta name=\"twitter:card\" content=\"summary_large_image\" \/>\n<meta name=\"twitter:label1\" content=\"Estimated reading time\" \/>\n\t<meta name=\"twitter:data1\" content=\"1 minute\" \/>\n<script type=\"application\/ld+json\" class=\"yoast-schema-graph\">{\"@context\":\"https:\/\/schema.org\",\"@graph\":[{\"@type\":\"WebPage\",\"@id\":\"https:\/\/loiseauvert.fr\/produit\/ti-zelia-4-accueillir-lamour-et-exprimer-ses-sentiments\/\",\"url\":\"https:\/\/loiseauvert.fr\/produit\/ti-zelia-4-accueillir-lamour-et-exprimer-ses-sentiments\/\",\"name\":\"Ti Z\u00e9lia 4 - L&#039;Oiseau Vert\",\"isPartOf\":{\"@id\":\"https:\/\/loiseauvert.fr\/#website\"},\"primaryImageOfPage\":{\"@id\":\"https:\/\/loiseauvert.fr\/produit\/ti-zelia-4-accueillir-lamour-et-exprimer-ses-sentiments\/#primaryimage\"},\"image\":{\"@id\":\"https:\/\/loiseauvert.fr\/produit\/ti-zelia-4-accueillir-lamour-et-exprimer-ses-sentiments\/#primaryimage\"},\"thumbnailUrl\":\"https:\/\/loiseauvert.fr\/wp-content\/uploads\/2023\/05\/tizelia-4-jpg.webp\",\"datePublished\":\"2023-05-19T13:31:28+00:00\",\"dateModified\":\"2026-04-02T15:02:51+00:00\",\"description\":\"La Solarisation n\u00b04 pour ouvrir votre c\u0153ur, exprimer vos \u00e9motions, cultiver le pardon et la gratitude et favoriser des relations authentiques.\",\"breadcrumb\":{\"@id\":\"https:\/\/loiseauvert.fr\/produit\/ti-zelia-4-accueillir-lamour-et-exprimer-ses-sentiments\/#breadcrumb\"},\"inLanguage\":\"en-GB\",\"potentialAction\":[{\"@type\":\"ReadAction\",\"target\":[\"https:\/\/loiseauvert.fr\/produit\/ti-zelia-4-accueillir-lamour-et-exprimer-ses-sentiments\/\"]}]},{\"@type\":\"ImageObject\",\"inLanguage\":\"en-GB\",\"@id\":\"https:\/\/loiseauvert.fr\/produit\/ti-zelia-4-accueillir-lamour-et-exprimer-ses-sentiments\/#primaryimage\",\"url\":\"https:\/\/loiseauvert.fr\/wp-content\/uploads\/2023\/05\/tizelia-4-jpg.webp\",\"contentUrl\":\"https:\/\/loiseauvert.fr\/wp-content\/uploads\/2023\/05\/tizelia-4-jpg.webp\",\"width\":2000,\"height\":2000},{\"@type\":\"BreadcrumbList\",\"@id\":\"https:\/\/loiseauvert.fr\/produit\/ti-zelia-4-accueillir-lamour-et-exprimer-ses-sentiments\/#breadcrumb\",\"itemListElement\":[{\"@type\":\"ListItem\",\"position\":1,\"name\":\"Accueil\",\"item\":\"https:\/\/loiseauvert.fr\/\"},{\"@type\":\"ListItem\",\"position\":2,\"name\":\"Les Ti Z\u00e9lia\",\"item\":\"https:\/\/loiseauvert.fr\/categorie-produit\/les-ti-zelia\/\"},{\"@type\":\"ListItem\",\"position\":3,\"name\":\"Ti Z\u00e9lia 4\"}]},{\"@type\":\"WebSite\",\"@id\":\"https:\/\/loiseauvert.fr\/#website\",\"url\":\"https:\/\/loiseauvert.fr\/\",\"name\":\"L&#039;Oiseau Vert\",\"description\":\"\",\"potentialAction\":[{\"@type\":\"SearchAction\",\"target\":{\"@type\":\"EntryPoint\",\"urlTemplate\":\"https:\/\/loiseauvert.fr\/?s={search_term_string}\"},\"query-input\":{\"@type\":\"PropertyValueSpecification\",\"valueRequired\":true,\"valueName\":\"search_term_string\"}}],\"inLanguage\":\"en-GB\"}]}<\/script>\n<!-- \/ Yoast SEO plugin. -->","yoast_head_json":{"title":"Ti Z\u00e9lia 4 - L&#039;Green Bird","description":"La Solarisation n\u00b04 pour ouvrir votre c\u0153ur, exprimer vos \u00e9motions, cultiver le pardon et la gratitude et favoriser des relations authentiques.","robots":{"index":"index","follow":"follow","max-snippet":"max-snippet:-1","max-image-preview":"max-image-preview:large","max-video-preview":"max-video-preview:-1"},"canonical":"https:\/\/loiseauvert.fr\/en\/product\/ti-zelia-4-accueillir-lamour-et-exprimer-ses-sentiments\/","og_locale":"en_GB","og_type":"article","og_title":"Ti Z\u00e9lia 4 - L&#039;Oiseau Vert","og_description":"La Solarisation n\u00b04 pour ouvrir votre c\u0153ur, exprimer vos \u00e9motions, cultiver le pardon et la gratitude et favoriser des relations authentiques.","og_url":"https:\/\/loiseauvert.fr\/en\/product\/ti-zelia-4-accueillir-lamour-et-exprimer-ses-sentiments\/","og_site_name":"L&#039;Oiseau Vert","article_modified_time":"2026-04-02T15:02:51+00:00","og_image":[{"width":2000,"height":2000,"url":"https:\/\/loiseauvert.fr\/wp-content\/uploads\/2023\/05\/tizelia-4-jpg.webp","type":"image\/jpeg"}],"twitter_card":"summary_large_image","twitter_misc":{"Estimated reading time":"1 minute"},"schema":{"@context":"https:\/\/schema.org","@graph":[{"@type":"WebPage","@id":"https:\/\/loiseauvert.fr\/produit\/ti-zelia-4-accueillir-lamour-et-exprimer-ses-sentiments\/","url":"https:\/\/loiseauvert.fr\/produit\/ti-zelia-4-accueillir-lamour-et-exprimer-ses-sentiments\/","name":"Ti Z\u00e9lia 4 - L&#039;Green Bird","isPartOf":{"@id":"https:\/\/loiseauvert.fr\/#website"},"primaryImageOfPage":{"@id":"https:\/\/loiseauvert.fr\/produit\/ti-zelia-4-accueillir-lamour-et-exprimer-ses-sentiments\/#primaryimage"},"image":{"@id":"https:\/\/loiseauvert.fr\/produit\/ti-zelia-4-accueillir-lamour-et-exprimer-ses-sentiments\/#primaryimage"},"thumbnailUrl":"https:\/\/loiseauvert.fr\/wp-content\/uploads\/2023\/05\/tizelia-4-jpg.webp","datePublished":"2023-05-19T13:31:28+00:00","dateModified":"2026-04-02T15:02:51+00:00","description":"La Solarisation n\u00b04 pour ouvrir votre c\u0153ur, exprimer vos \u00e9motions, cultiver le pardon et la gratitude et favoriser des relations authentiques.","breadcrumb":{"@id":"https:\/\/loiseauvert.fr\/produit\/ti-zelia-4-accueillir-lamour-et-exprimer-ses-sentiments\/#breadcrumb"},"inLanguage":"en-GB","potentialAction":[{"@type":"ReadAction","target":["https:\/\/loiseauvert.fr\/produit\/ti-zelia-4-accueillir-lamour-et-exprimer-ses-sentiments\/"]}]},{"@type":"ImageObject","inLanguage":"en-GB","@id":"https:\/\/loiseauvert.fr\/produit\/ti-zelia-4-accueillir-lamour-et-exprimer-ses-sentiments\/#primaryimage","url":"https:\/\/loiseauvert.fr\/wp-content\/uploads\/2023\/05\/tizelia-4-jpg.webp","contentUrl":"https:\/\/loiseauvert.fr\/wp-content\/uploads\/2023\/05\/tizelia-4-jpg.webp","width":2000,"height":2000},{"@type":"BreadcrumbList","@id":"https:\/\/loiseauvert.fr\/produit\/ti-zelia-4-accueillir-lamour-et-exprimer-ses-sentiments\/#breadcrumb","itemListElement":[{"@type":"ListItem","position":1,"name":"Accueil","item":"https:\/\/loiseauvert.fr\/"},{"@type":"ListItem","position":2,"name":"Les Ti Z\u00e9lia","item":"https:\/\/loiseauvert.fr\/categorie-produit\/les-ti-zelia\/"},{"@type":"ListItem","position":3,"name":"Ti Z\u00e9lia 4"}]},{"@type":"WebSite","@id":"https:\/\/loiseauvert.fr\/#website","url":"https:\/\/loiseauvert.fr\/","name":"The Green Bird","description":"","potentialAction":[{"@type":"SearchAction","target":{"@type":"EntryPoint","urlTemplate":"https:\/\/loiseauvert.fr\/?s={search_term_string}"},"query-input":{"@type":"PropertyValueSpecification","valueRequired":true,"valueName":"search_term_string"}}],"inLanguage":"en-GB"}]}},"batches":[{"id":"8","date_created":"2025-05-22 10:23:39","date_expiry":"2026-09-01 00:00:00","user_id":"8","batch_number":"04.24.044","location":"","quantity":"38.0000","quantity_available":"0.0000","units":"1","status":"archived","order_ids":"[14428,14433,14485,14718,14776,14895,15114,15147,15289,15532,15550,15581,15664,15674,15686,15719,15738,15748,15850,16018,16051,16112,16493,16560,16617,16760,17165,17278,17441,17471,17537,17541,17556]"},{"id":"118","date_created":"2025-10-10 16:13:56","date_expiry":"2027-10-01 00:00:00","user_id":"0","batch_number":"04.25.045","location":"","quantity":"70.0000","quantity_available":"44.0000","units":"1","status":"active","order_ids":"[17556,17807,17835,17921,18040,18050,18266,18317,18567,18571,18822,18863,18602]"}],"_links":{"self":[{"href":"https:\/\/loiseauvert.fr\/en\/wp-json\/wp\/v2\/product\/1679","targetHints":{"allow":["GET"]}}],"collection":[{"href":"https:\/\/loiseauvert.fr\/en\/wp-json\/wp\/v2\/product"}],"about":[{"href":"https:\/\/loiseauvert.fr\/en\/wp-json\/wp\/v2\/types\/product"}],"wp:featuredmedia":[{"embeddable":true,"href":"https:\/\/loiseauvert.fr\/en\/wp-json\/wp\/v2\/media\/1689"}],"wp:attachment":[{"href":"https:\/\/loiseauvert.fr\/en\/wp-json\/wp\/v2\/media?parent=1679"}],"wp:term":[{"taxonomy":"product_brand","embeddable":true,"href":"https:\/\/loiseauvert.fr\/en\/wp-json\/wp\/v2\/product_brand?post=1679"},{"taxonomy":"product_cat","embeddable":true,"href":"https:\/\/loiseauvert.fr\/en\/wp-json\/wp\/v2\/product_cat?post=1679"},{"taxonomy":"product_tag","embeddable":true,"href":"https:\/\/loiseauvert.fr\/en\/wp-json\/wp\/v2\/product_tag?post=1679"}],"curies":[{"name":"wp","href":"https:\/\/api.w.org\/{rel}","templated":true}]}}