{"id":1674,"date":"2023-05-19T15:30:07","date_gmt":"2023-05-19T13:30:07","guid":{"rendered":"https:\/\/loiseauvert.fr\/?post_type=product&#038;p=1674"},"modified":"2026-03-31T20:46:20","modified_gmt":"2026-03-31T18:46:20","slug":"ti-zelia-1-se-connecter-a-lenergie-de-la-terre","status":"publish","type":"product","link":"https:\/\/loiseauvert.fr\/en\/product\/ti-zelia-1-se-connecter-a-lenergie-de-la-terre\/","title":{"rendered":"Ti Zelia 1"},"content":{"rendered":"<h3>Solarization n\u00b0 1<\/h3>\n<p><strong>\u00ab\u00a0Je me connecte \u00e0 l\u2019\u00e9nergie de la terre\u00a0\u00bb<\/strong><\/p>\n<ul>\n<li>Invite \u00e0 apaiser les tensions int\u00e9rieures et \u00e0 cultiver un sentiment de paix et de solidit\u00e9.<\/li>\n<li>Accompagne la motivation, le courage et la pr\u00e9sence au moment pr\u00e9sent.<\/li>\n<\/ul>\n<p data-start=\"67\" data-end=\"159\">","protected":false},"excerpt":{"rendered":"<p>Favorise la connexion \u00e0 l\u2019\u00e9nergie terrestre pour soutenir vitalit\u00e9 et confiance.<\/p>","protected":false},"featured_media":1677,"template":"","meta":{"_acf_changed":false,"_glsr_average":0,"_glsr_ranking":0,"_glsr_reviews":0},"product_brand":[],"product_cat":[66],"product_tag":[],"class_list":{"0":"post-1674","1":"product","2":"type-product","3":"status-publish","4":"has-post-thumbnail","6":"product_cat-les-ti-zelia","8":"first","9":"instock","10":"taxable","11":"shipping-taxable","12":"purchasable","13":"product-type-simple"},"supplier_id":null,"supplier_sku":"","barcode":null,"atum_controlled":true,"out_stock_date":null,"out_stock_threshold":null,"inheritable":false,"inbound_stock":0,"stock_on_hold":7,"sold_today":0,"sales_last_days":1,"reserved_stock":0,"customer_returns":0,"warehouse_damage":0,"lost_in_post":0,"other_logs":0,"out_stock_days":0,"lost_sales":0,"has_location":false,"update_date":"2026-04-09T10:18:01","atum_locations":[],"atum_stock_status":"instock","restock_status":false,"low_stock_amount":"","sales_update_date":"2026-04-09T10:18:01","calc_backorders":null,"acf":[],"yoast_head":"<!-- This site is optimized with the Yoast SEO plugin v26.9 - https:\/\/yoast.com\/product\/yoast-seo-wordpress\/ -->\n<title>Ti Z\u00e9lia 1 - L&#039;Oiseau Vert<\/title>\n<meta name=\"description\" content=\"la Solarisation n\u00b01 pour apaiser tensions, cultiver la paix int\u00e9rieure et la solidit\u00e9, renforcer courage, motivation et pr\u00e9sence au quotidien.\" \/>\n<meta name=\"robots\" content=\"index, follow, max-snippet:-1, max-image-preview:large, max-video-preview:-1\" \/>\n<link rel=\"canonical\" href=\"https:\/\/loiseauvert.fr\/en\/product\/ti-zelia-1-se-connecter-a-lenergie-de-la-terre\/\" \/>\n<meta property=\"og:locale\" content=\"en_GB\" \/>\n<meta property=\"og:type\" content=\"article\" \/>\n<meta property=\"og:title\" content=\"Ti Z\u00e9lia 1 - L&#039;Oiseau Vert\" \/>\n<meta property=\"og:description\" content=\"la Solarisation n\u00b01 pour apaiser tensions, cultiver la paix int\u00e9rieure et la solidit\u00e9, renforcer courage, motivation et pr\u00e9sence au quotidien.\" \/>\n<meta property=\"og:url\" content=\"https:\/\/loiseauvert.fr\/en\/product\/ti-zelia-1-se-connecter-a-lenergie-de-la-terre\/\" \/>\n<meta property=\"og:site_name\" content=\"L&#039;Oiseau Vert\" \/>\n<meta property=\"article:modified_time\" content=\"2026-03-31T18:46:20+00:00\" \/>\n<meta property=\"og:image\" content=\"https:\/\/loiseauvert.fr\/wp-content\/uploads\/2023\/05\/tizelia-1-2-jpg.webp\" \/>\n\t<meta property=\"og:image:width\" content=\"2000\" \/>\n\t<meta property=\"og:image:height\" content=\"2000\" \/>\n\t<meta property=\"og:image:type\" content=\"image\/jpeg\" \/>\n<meta name=\"twitter:card\" content=\"summary_large_image\" \/>\n<meta name=\"twitter:label1\" content=\"Estimated reading time\" \/>\n\t<meta name=\"twitter:data1\" content=\"1 minute\" \/>\n<script type=\"application\/ld+json\" class=\"yoast-schema-graph\">{\"@context\":\"https:\/\/schema.org\",\"@graph\":[{\"@type\":\"WebPage\",\"@id\":\"https:\/\/loiseauvert.fr\/produit\/ti-zelia-1-se-connecter-a-lenergie-de-la-terre\/\",\"url\":\"https:\/\/loiseauvert.fr\/produit\/ti-zelia-1-se-connecter-a-lenergie-de-la-terre\/\",\"name\":\"Ti Z\u00e9lia 1 - L&#039;Oiseau Vert\",\"isPartOf\":{\"@id\":\"https:\/\/loiseauvert.fr\/#website\"},\"primaryImageOfPage\":{\"@id\":\"https:\/\/loiseauvert.fr\/produit\/ti-zelia-1-se-connecter-a-lenergie-de-la-terre\/#primaryimage\"},\"image\":{\"@id\":\"https:\/\/loiseauvert.fr\/produit\/ti-zelia-1-se-connecter-a-lenergie-de-la-terre\/#primaryimage\"},\"thumbnailUrl\":\"https:\/\/loiseauvert.fr\/wp-content\/uploads\/2023\/05\/tizelia-1-2-jpg.webp\",\"datePublished\":\"2023-05-19T13:30:07+00:00\",\"dateModified\":\"2026-03-31T18:46:20+00:00\",\"description\":\"la Solarisation n\u00b01 pour apaiser tensions, cultiver la paix int\u00e9rieure et la solidit\u00e9, renforcer courage, motivation et pr\u00e9sence au quotidien.\",\"breadcrumb\":{\"@id\":\"https:\/\/loiseauvert.fr\/produit\/ti-zelia-1-se-connecter-a-lenergie-de-la-terre\/#breadcrumb\"},\"inLanguage\":\"en-GB\",\"potentialAction\":[{\"@type\":\"ReadAction\",\"target\":[\"https:\/\/loiseauvert.fr\/produit\/ti-zelia-1-se-connecter-a-lenergie-de-la-terre\/\"]}]},{\"@type\":\"ImageObject\",\"inLanguage\":\"en-GB\",\"@id\":\"https:\/\/loiseauvert.fr\/produit\/ti-zelia-1-se-connecter-a-lenergie-de-la-terre\/#primaryimage\",\"url\":\"https:\/\/loiseauvert.fr\/wp-content\/uploads\/2023\/05\/tizelia-1-2-jpg.webp\",\"contentUrl\":\"https:\/\/loiseauvert.fr\/wp-content\/uploads\/2023\/05\/tizelia-1-2-jpg.webp\",\"width\":2000,\"height\":2000},{\"@type\":\"BreadcrumbList\",\"@id\":\"https:\/\/loiseauvert.fr\/produit\/ti-zelia-1-se-connecter-a-lenergie-de-la-terre\/#breadcrumb\",\"itemListElement\":[{\"@type\":\"ListItem\",\"position\":1,\"name\":\"Accueil\",\"item\":\"https:\/\/loiseauvert.fr\/\"},{\"@type\":\"ListItem\",\"position\":2,\"name\":\"Les Ti Z\u00e9lia\",\"item\":\"https:\/\/loiseauvert.fr\/categorie-produit\/les-ti-zelia\/\"},{\"@type\":\"ListItem\",\"position\":3,\"name\":\"Ti Z\u00e9lia 1\"}]},{\"@type\":\"WebSite\",\"@id\":\"https:\/\/loiseauvert.fr\/#website\",\"url\":\"https:\/\/loiseauvert.fr\/\",\"name\":\"L&#039;Oiseau Vert\",\"description\":\"\",\"potentialAction\":[{\"@type\":\"SearchAction\",\"target\":{\"@type\":\"EntryPoint\",\"urlTemplate\":\"https:\/\/loiseauvert.fr\/?s={search_term_string}\"},\"query-input\":{\"@type\":\"PropertyValueSpecification\",\"valueRequired\":true,\"valueName\":\"search_term_string\"}}],\"inLanguage\":\"en-GB\"}]}<\/script>\n<!-- \/ Yoast SEO plugin. -->","yoast_head_json":{"title":"Ti Z\u00e9lia 1 - L&#039;Green Bird","description":"la Solarisation n\u00b01 pour apaiser tensions, cultiver la paix int\u00e9rieure et la solidit\u00e9, renforcer courage, motivation et pr\u00e9sence au quotidien.","robots":{"index":"index","follow":"follow","max-snippet":"max-snippet:-1","max-image-preview":"max-image-preview:large","max-video-preview":"max-video-preview:-1"},"canonical":"https:\/\/loiseauvert.fr\/en\/product\/ti-zelia-1-se-connecter-a-lenergie-de-la-terre\/","og_locale":"en_GB","og_type":"article","og_title":"Ti Z\u00e9lia 1 - L&#039;Oiseau Vert","og_description":"la Solarisation n\u00b01 pour apaiser tensions, cultiver la paix int\u00e9rieure et la solidit\u00e9, renforcer courage, motivation et pr\u00e9sence au quotidien.","og_url":"https:\/\/loiseauvert.fr\/en\/product\/ti-zelia-1-se-connecter-a-lenergie-de-la-terre\/","og_site_name":"L&#039;Oiseau Vert","article_modified_time":"2026-03-31T18:46:20+00:00","og_image":[{"width":2000,"height":2000,"url":"https:\/\/loiseauvert.fr\/wp-content\/uploads\/2023\/05\/tizelia-1-2-jpg.webp","type":"image\/jpeg"}],"twitter_card":"summary_large_image","twitter_misc":{"Estimated reading time":"1 minute"},"schema":{"@context":"https:\/\/schema.org","@graph":[{"@type":"WebPage","@id":"https:\/\/loiseauvert.fr\/produit\/ti-zelia-1-se-connecter-a-lenergie-de-la-terre\/","url":"https:\/\/loiseauvert.fr\/produit\/ti-zelia-1-se-connecter-a-lenergie-de-la-terre\/","name":"Ti Z\u00e9lia 1 - L&#039;Green Bird","isPartOf":{"@id":"https:\/\/loiseauvert.fr\/#website"},"primaryImageOfPage":{"@id":"https:\/\/loiseauvert.fr\/produit\/ti-zelia-1-se-connecter-a-lenergie-de-la-terre\/#primaryimage"},"image":{"@id":"https:\/\/loiseauvert.fr\/produit\/ti-zelia-1-se-connecter-a-lenergie-de-la-terre\/#primaryimage"},"thumbnailUrl":"https:\/\/loiseauvert.fr\/wp-content\/uploads\/2023\/05\/tizelia-1-2-jpg.webp","datePublished":"2023-05-19T13:30:07+00:00","dateModified":"2026-03-31T18:46:20+00:00","description":"la Solarisation n\u00b01 pour apaiser tensions, cultiver la paix int\u00e9rieure et la solidit\u00e9, renforcer courage, motivation et pr\u00e9sence au quotidien.","breadcrumb":{"@id":"https:\/\/loiseauvert.fr\/produit\/ti-zelia-1-se-connecter-a-lenergie-de-la-terre\/#breadcrumb"},"inLanguage":"en-GB","potentialAction":[{"@type":"ReadAction","target":["https:\/\/loiseauvert.fr\/produit\/ti-zelia-1-se-connecter-a-lenergie-de-la-terre\/"]}]},{"@type":"ImageObject","inLanguage":"en-GB","@id":"https:\/\/loiseauvert.fr\/produit\/ti-zelia-1-se-connecter-a-lenergie-de-la-terre\/#primaryimage","url":"https:\/\/loiseauvert.fr\/wp-content\/uploads\/2023\/05\/tizelia-1-2-jpg.webp","contentUrl":"https:\/\/loiseauvert.fr\/wp-content\/uploads\/2023\/05\/tizelia-1-2-jpg.webp","width":2000,"height":2000},{"@type":"BreadcrumbList","@id":"https:\/\/loiseauvert.fr\/produit\/ti-zelia-1-se-connecter-a-lenergie-de-la-terre\/#breadcrumb","itemListElement":[{"@type":"ListItem","position":1,"name":"Accueil","item":"https:\/\/loiseauvert.fr\/"},{"@type":"ListItem","position":2,"name":"Les Ti Z\u00e9lia","item":"https:\/\/loiseauvert.fr\/categorie-produit\/les-ti-zelia\/"},{"@type":"ListItem","position":3,"name":"Ti Z\u00e9lia 1"}]},{"@type":"WebSite","@id":"https:\/\/loiseauvert.fr\/#website","url":"https:\/\/loiseauvert.fr\/","name":"The Green Bird","description":"","potentialAction":[{"@type":"SearchAction","target":{"@type":"EntryPoint","urlTemplate":"https:\/\/loiseauvert.fr\/?s={search_term_string}"},"query-input":{"@type":"PropertyValueSpecification","valueRequired":true,"valueName":"search_term_string"}}],"inLanguage":"en-GB"}]}},"batches":[{"id":"5","date_created":"2025-05-22 10:19:06","date_expiry":"2026-10-01 00:00:00","user_id":"8","batch_number":"01.24.071","location":"","quantity":"19.0000","quantity_available":"0.0000","units":"1","status":"archived","order_ids":"[13868,14433,14709,14794,15168,15267,13150,15417,15454,15539,15562,15606,17394]"},{"id":"96","date_created":"2025-07-30 15:11:04","date_expiry":"2027-07-01 00:00:00","user_id":"8","batch_number":"01.25.072","location":"","quantity":"73.0000","quantity_available":"27.0000","units":"1","status":"active","order_ids":"[15657,15664,15689,16019,16034,16035,16079,16162,16189,16248,16493,16541,16547,16557,16927,17064,17141,17400,17452,17554,17635,17807,17914,18102,18141,18272,18396,18433,18475,18572,18576,18679,18795,18834,18602]"}],"_links":{"self":[{"href":"https:\/\/loiseauvert.fr\/en\/wp-json\/wp\/v2\/product\/1674","targetHints":{"allow":["GET"]}}],"collection":[{"href":"https:\/\/loiseauvert.fr\/en\/wp-json\/wp\/v2\/product"}],"about":[{"href":"https:\/\/loiseauvert.fr\/en\/wp-json\/wp\/v2\/types\/product"}],"wp:featuredmedia":[{"embeddable":true,"href":"https:\/\/loiseauvert.fr\/en\/wp-json\/wp\/v2\/media\/1677"}],"wp:attachment":[{"href":"https:\/\/loiseauvert.fr\/en\/wp-json\/wp\/v2\/media?parent=1674"}],"wp:term":[{"taxonomy":"product_brand","embeddable":true,"href":"https:\/\/loiseauvert.fr\/en\/wp-json\/wp\/v2\/product_brand?post=1674"},{"taxonomy":"product_cat","embeddable":true,"href":"https:\/\/loiseauvert.fr\/en\/wp-json\/wp\/v2\/product_cat?post=1674"},{"taxonomy":"product_tag","embeddable":true,"href":"https:\/\/loiseauvert.fr\/en\/wp-json\/wp\/v2\/product_tag?post=1674"}],"curies":[{"name":"wp","href":"https:\/\/api.w.org\/{rel}","templated":true}]}}