{"id":1643,"date":"2023-05-19T15:28:54","date_gmt":"2023-05-19T13:28:54","guid":{"rendered":"https:\/\/loiseauvert.fr\/?post_type=product&#038;p=1643"},"modified":"2026-04-02T14:26:09","modified_gmt":"2026-04-02T12:26:09","slug":"tensa-n23-ecoute-du-coeur-et-clarte-interieure","status":"publish","type":"product","link":"https:\/\/loiseauvert.fr\/en\/product\/tensa-n23-ecoute-du-coeur-et-clarte-interieure\/","title":{"rendered":"Tens&#039;A"},"content":{"rendered":"<h3>Solarization No. 23<\/h3>\n<p><strong>\u00ab\u00a0Ecoute du c\u0153ur et clart\u00e9 int\u00e9rieure\u00a0\u00bb<\/strong><\/p>\n<ul>\n<li>\n<p data-start=\"145\" data-end=\"342\">Invite \u00e0 se lib\u00e9rer des poids \u00e9motionnels non exprim\u00e9s et des sch\u00e9mas de pens\u00e9e limitants.<\/p>\n<\/li>\n<li>\n<p data-start=\"145\" data-end=\"342\">Accompagne la confiance en soi et encourage \u00e0 avancer pas \u00e0 pas vers ses objectifs, sans pression.<\/p>\n<\/li>\n<\/ul>","protected":false},"excerpt":{"rendered":"<p data-start=\"65\" data-end=\"168\">Favorise l\u2019harmonie entre la raison et le c\u0153ur.<br data-start=\"115\" data-end=\"118\" \/>Invite au pardon envers soi-m\u00eame et les autres.<\/p>","protected":false},"featured_media":1647,"template":"","meta":{"_acf_changed":false,"_glsr_average":0,"_glsr_ranking":0,"_glsr_reviews":0},"product_brand":[],"product_cat":[60],"product_tag":[],"class_list":{"0":"post-1643","1":"product","2":"type-product","3":"status-publish","4":"has-post-thumbnail","6":"product_cat-les-specifiques","8":"first","9":"instock","10":"taxable","11":"shipping-taxable","12":"purchasable","13":"product-type-simple"},"supplier_id":null,"supplier_sku":"","barcode":null,"atum_controlled":true,"out_stock_date":null,"out_stock_threshold":null,"inheritable":false,"inbound_stock":0,"stock_on_hold":1,"sold_today":0,"sales_last_days":0,"reserved_stock":0,"customer_returns":0,"warehouse_damage":0,"lost_in_post":0,"other_logs":0,"out_stock_days":0,"lost_sales":0,"has_location":false,"update_date":"2026-04-06T10:18:19","atum_locations":[],"atum_stock_status":"instock","restock_status":false,"low_stock_amount":"","sales_update_date":"2026-04-06T10:18:19","calc_backorders":null,"acf":[],"yoast_head":"<!-- This site is optimized with the Yoast SEO plugin v26.9 - https:\/\/yoast.com\/product\/yoast-seo-wordpress\/ -->\n<title>Tens&#039;A - L&#039;Oiseau Vert<\/title>\n<meta name=\"description\" content=\"D\u00e9couvrez la Solarisation n\u00b023 pour lib\u00e9rer vos poids \u00e9motionnels, renforcer la confiance en soi et avancer pas \u00e0 pas avec s\u00e9r\u00e9nit\u00e9 vers vos objectifs.\" \/>\n<meta name=\"robots\" content=\"index, follow, max-snippet:-1, max-image-preview:large, max-video-preview:-1\" \/>\n<link rel=\"canonical\" href=\"https:\/\/loiseauvert.fr\/en\/product\/tensa-n23-ecoute-du-coeur-et-clarte-interieure\/\" \/>\n<meta property=\"og:locale\" content=\"en_GB\" \/>\n<meta property=\"og:type\" content=\"article\" \/>\n<meta property=\"og:title\" content=\"Tens&#039;A - L&#039;Oiseau Vert\" \/>\n<meta property=\"og:description\" content=\"D\u00e9couvrez la Solarisation n\u00b023 pour lib\u00e9rer vos poids \u00e9motionnels, renforcer la confiance en soi et avancer pas \u00e0 pas avec s\u00e9r\u00e9nit\u00e9 vers vos objectifs.\" \/>\n<meta property=\"og:url\" content=\"https:\/\/loiseauvert.fr\/en\/product\/tensa-n23-ecoute-du-coeur-et-clarte-interieure\/\" \/>\n<meta property=\"og:site_name\" content=\"L&#039;Oiseau Vert\" \/>\n<meta property=\"article:modified_time\" content=\"2026-04-02T12:26:09+00:00\" \/>\n<meta property=\"og:image\" content=\"https:\/\/loiseauvert.fr\/wp-content\/uploads\/2023\/05\/oiseau-vert-solarisation-tensa-23-jpg.webp\" \/>\n\t<meta property=\"og:image:width\" content=\"1000\" \/>\n\t<meta property=\"og:image:height\" content=\"1000\" \/>\n\t<meta property=\"og:image:type\" content=\"image\/jpeg\" \/>\n<meta name=\"twitter:card\" content=\"summary_large_image\" \/>\n<meta name=\"twitter:label1\" content=\"Estimated reading time\" \/>\n\t<meta name=\"twitter:data1\" content=\"1 minute\" \/>\n<script type=\"application\/ld+json\" class=\"yoast-schema-graph\">{\"@context\":\"https:\/\/schema.org\",\"@graph\":[{\"@type\":\"WebPage\",\"@id\":\"https:\/\/loiseauvert.fr\/produit\/tensa-n23-ecoute-du-coeur-et-clarte-interieure\/\",\"url\":\"https:\/\/loiseauvert.fr\/produit\/tensa-n23-ecoute-du-coeur-et-clarte-interieure\/\",\"name\":\"Tens'A - L&#039;Oiseau Vert\",\"isPartOf\":{\"@id\":\"https:\/\/loiseauvert.fr\/#website\"},\"primaryImageOfPage\":{\"@id\":\"https:\/\/loiseauvert.fr\/produit\/tensa-n23-ecoute-du-coeur-et-clarte-interieure\/#primaryimage\"},\"image\":{\"@id\":\"https:\/\/loiseauvert.fr\/produit\/tensa-n23-ecoute-du-coeur-et-clarte-interieure\/#primaryimage\"},\"thumbnailUrl\":\"https:\/\/loiseauvert.fr\/wp-content\/uploads\/2023\/05\/oiseau-vert-solarisation-tensa-23-jpg.webp\",\"datePublished\":\"2023-05-19T13:28:54+00:00\",\"dateModified\":\"2026-04-02T12:26:09+00:00\",\"description\":\"D\u00e9couvrez la Solarisation n\u00b023 pour lib\u00e9rer vos poids \u00e9motionnels, renforcer la confiance en soi et avancer pas \u00e0 pas avec s\u00e9r\u00e9nit\u00e9 vers vos objectifs.\",\"breadcrumb\":{\"@id\":\"https:\/\/loiseauvert.fr\/produit\/tensa-n23-ecoute-du-coeur-et-clarte-interieure\/#breadcrumb\"},\"inLanguage\":\"en-GB\",\"potentialAction\":[{\"@type\":\"ReadAction\",\"target\":[\"https:\/\/loiseauvert.fr\/produit\/tensa-n23-ecoute-du-coeur-et-clarte-interieure\/\"]}]},{\"@type\":\"ImageObject\",\"inLanguage\":\"en-GB\",\"@id\":\"https:\/\/loiseauvert.fr\/produit\/tensa-n23-ecoute-du-coeur-et-clarte-interieure\/#primaryimage\",\"url\":\"https:\/\/loiseauvert.fr\/wp-content\/uploads\/2023\/05\/oiseau-vert-solarisation-tensa-23-jpg.webp\",\"contentUrl\":\"https:\/\/loiseauvert.fr\/wp-content\/uploads\/2023\/05\/oiseau-vert-solarisation-tensa-23-jpg.webp\",\"width\":1000,\"height\":1000},{\"@type\":\"BreadcrumbList\",\"@id\":\"https:\/\/loiseauvert.fr\/produit\/tensa-n23-ecoute-du-coeur-et-clarte-interieure\/#breadcrumb\",\"itemListElement\":[{\"@type\":\"ListItem\",\"position\":1,\"name\":\"Accueil\",\"item\":\"https:\/\/loiseauvert.fr\/\"},{\"@type\":\"ListItem\",\"position\":2,\"name\":\"Les Sp\u00e9cifiques\",\"item\":\"https:\/\/loiseauvert.fr\/categorie-produit\/les-specifiques\/\"},{\"@type\":\"ListItem\",\"position\":3,\"name\":\"Tens&#8217;A\"}]},{\"@type\":\"WebSite\",\"@id\":\"https:\/\/loiseauvert.fr\/#website\",\"url\":\"https:\/\/loiseauvert.fr\/\",\"name\":\"L&#039;Oiseau Vert\",\"description\":\"\",\"potentialAction\":[{\"@type\":\"SearchAction\",\"target\":{\"@type\":\"EntryPoint\",\"urlTemplate\":\"https:\/\/loiseauvert.fr\/?s={search_term_string}\"},\"query-input\":{\"@type\":\"PropertyValueSpecification\",\"valueRequired\":true,\"valueName\":\"search_term_string\"}}],\"inLanguage\":\"en-GB\"}]}<\/script>\n<!-- \/ Yoast SEO plugin. -->","yoast_head_json":{"title":"Tens&#039;A - L&#039;Green Bird","description":"D\u00e9couvrez la Solarisation n\u00b023 pour lib\u00e9rer vos poids \u00e9motionnels, renforcer la confiance en soi et avancer pas \u00e0 pas avec s\u00e9r\u00e9nit\u00e9 vers vos objectifs.","robots":{"index":"index","follow":"follow","max-snippet":"max-snippet:-1","max-image-preview":"max-image-preview:large","max-video-preview":"max-video-preview:-1"},"canonical":"https:\/\/loiseauvert.fr\/en\/product\/tensa-n23-ecoute-du-coeur-et-clarte-interieure\/","og_locale":"en_GB","og_type":"article","og_title":"Tens'A - L&#039;Oiseau Vert","og_description":"D\u00e9couvrez la Solarisation n\u00b023 pour lib\u00e9rer vos poids \u00e9motionnels, renforcer la confiance en soi et avancer pas \u00e0 pas avec s\u00e9r\u00e9nit\u00e9 vers vos objectifs.","og_url":"https:\/\/loiseauvert.fr\/en\/product\/tensa-n23-ecoute-du-coeur-et-clarte-interieure\/","og_site_name":"L&#039;Oiseau Vert","article_modified_time":"2026-04-02T12:26:09+00:00","og_image":[{"width":1000,"height":1000,"url":"https:\/\/loiseauvert.fr\/wp-content\/uploads\/2023\/05\/oiseau-vert-solarisation-tensa-23-jpg.webp","type":"image\/jpeg"}],"twitter_card":"summary_large_image","twitter_misc":{"Estimated reading time":"1 minute"},"schema":{"@context":"https:\/\/schema.org","@graph":[{"@type":"WebPage","@id":"https:\/\/loiseauvert.fr\/produit\/tensa-n23-ecoute-du-coeur-et-clarte-interieure\/","url":"https:\/\/loiseauvert.fr\/produit\/tensa-n23-ecoute-du-coeur-et-clarte-interieure\/","name":"Tens&#039;A - L&#039;Green Bird","isPartOf":{"@id":"https:\/\/loiseauvert.fr\/#website"},"primaryImageOfPage":{"@id":"https:\/\/loiseauvert.fr\/produit\/tensa-n23-ecoute-du-coeur-et-clarte-interieure\/#primaryimage"},"image":{"@id":"https:\/\/loiseauvert.fr\/produit\/tensa-n23-ecoute-du-coeur-et-clarte-interieure\/#primaryimage"},"thumbnailUrl":"https:\/\/loiseauvert.fr\/wp-content\/uploads\/2023\/05\/oiseau-vert-solarisation-tensa-23-jpg.webp","datePublished":"2023-05-19T13:28:54+00:00","dateModified":"2026-04-02T12:26:09+00:00","description":"D\u00e9couvrez la Solarisation n\u00b023 pour lib\u00e9rer vos poids \u00e9motionnels, renforcer la confiance en soi et avancer pas \u00e0 pas avec s\u00e9r\u00e9nit\u00e9 vers vos objectifs.","breadcrumb":{"@id":"https:\/\/loiseauvert.fr\/produit\/tensa-n23-ecoute-du-coeur-et-clarte-interieure\/#breadcrumb"},"inLanguage":"en-GB","potentialAction":[{"@type":"ReadAction","target":["https:\/\/loiseauvert.fr\/produit\/tensa-n23-ecoute-du-coeur-et-clarte-interieure\/"]}]},{"@type":"ImageObject","inLanguage":"en-GB","@id":"https:\/\/loiseauvert.fr\/produit\/tensa-n23-ecoute-du-coeur-et-clarte-interieure\/#primaryimage","url":"https:\/\/loiseauvert.fr\/wp-content\/uploads\/2023\/05\/oiseau-vert-solarisation-tensa-23-jpg.webp","contentUrl":"https:\/\/loiseauvert.fr\/wp-content\/uploads\/2023\/05\/oiseau-vert-solarisation-tensa-23-jpg.webp","width":1000,"height":1000},{"@type":"BreadcrumbList","@id":"https:\/\/loiseauvert.fr\/produit\/tensa-n23-ecoute-du-coeur-et-clarte-interieure\/#breadcrumb","itemListElement":[{"@type":"ListItem","position":1,"name":"Accueil","item":"https:\/\/loiseauvert.fr\/"},{"@type":"ListItem","position":2,"name":"Les Sp\u00e9cifiques","item":"https:\/\/loiseauvert.fr\/categorie-produit\/les-specifiques\/"},{"@type":"ListItem","position":3,"name":"Tens&#8217;A"}]},{"@type":"WebSite","@id":"https:\/\/loiseauvert.fr\/#website","url":"https:\/\/loiseauvert.fr\/","name":"The Green Bird","description":"","potentialAction":[{"@type":"SearchAction","target":{"@type":"EntryPoint","urlTemplate":"https:\/\/loiseauvert.fr\/?s={search_term_string}"},"query-input":{"@type":"PropertyValueSpecification","valueRequired":true,"valueName":"search_term_string"}}],"inLanguage":"en-GB"}]}},"batches":[{"id":"25","date_created":"2025-05-22 10:55:30","date_expiry":"2027-02-01 00:00:00","user_id":"8","batch_number":"23.25.037","location":"","quantity":"35.0000","quantity_available":"0.0000","units":"1","status":"archived","order_ids":"[14424,13868,14596,14806,14840,14841,14857,14912,14934,14965,14984,14989,11847,15163,15177,15312,15362,15474,15477]"},{"id":"110","date_created":"2025-09-16 16:39:17","date_expiry":"2027-09-01 00:00:00","user_id":"0","batch_number":"23.25.038","location":"","quantity":"73.0000","quantity_available":"30.0000","units":"1","status":"active","order_ids":"[15657,15865,16012,16036,16051,16253,16369,16441,16465,16585,16605,16632,16760,16831,16835,16896,17026,17245,17314,17404,17439,17476,17520,17521,17561,17735,18040,18150,18165,18173,18198,18202,18304,18349,18377,17177,18588,18824,18859]"}],"_links":{"self":[{"href":"https:\/\/loiseauvert.fr\/en\/wp-json\/wp\/v2\/product\/1643","targetHints":{"allow":["GET"]}}],"collection":[{"href":"https:\/\/loiseauvert.fr\/en\/wp-json\/wp\/v2\/product"}],"about":[{"href":"https:\/\/loiseauvert.fr\/en\/wp-json\/wp\/v2\/types\/product"}],"wp:featuredmedia":[{"embeddable":true,"href":"https:\/\/loiseauvert.fr\/en\/wp-json\/wp\/v2\/media\/1647"}],"wp:attachment":[{"href":"https:\/\/loiseauvert.fr\/en\/wp-json\/wp\/v2\/media?parent=1643"}],"wp:term":[{"taxonomy":"product_brand","embeddable":true,"href":"https:\/\/loiseauvert.fr\/en\/wp-json\/wp\/v2\/product_brand?post=1643"},{"taxonomy":"product_cat","embeddable":true,"href":"https:\/\/loiseauvert.fr\/en\/wp-json\/wp\/v2\/product_cat?post=1643"},{"taxonomy":"product_tag","embeddable":true,"href":"https:\/\/loiseauvert.fr\/en\/wp-json\/wp\/v2\/product_tag?post=1643"}],"curies":[{"name":"wp","href":"https:\/\/api.w.org\/{rel}","templated":true}]}}