{"id":1624,"date":"2023-05-19T15:28:10","date_gmt":"2023-05-19T13:28:10","guid":{"rendered":"https:\/\/loiseauvert.fr\/?post_type=product&#038;p=1624"},"modified":"2026-04-08T15:19:52","modified_gmt":"2026-04-08T13:19:52","slug":"solarisation-n77-interconnexion-universelle-et-equilibre","status":"publish","type":"product","link":"https:\/\/loiseauvert.fr\/en\/product\/solarisation-n77-interconnexion-universelle-et-equilibre\/","title":{"rendered":"Supral"},"content":{"rendered":"<h3>Solarization No. 77<\/h3>\n<p><strong>\u00ab\u00a0Facilite l\u2019interconnexion universelle\u00a0\u00bb<\/strong><\/p>\n<ul>\n<li>Favorise l\u2019ancrage et l\u2019\u00e9quilibre des centres \u00e9nerg\u00e9tiques,\u00a0tout en ouvrant \u00e0 une connexion spirituelle plus profonde.<\/li>\n<li>Accompagne la gestion des sensibilit\u00e9s et encourage une meilleure prise de recul.<\/li>\n<li>Soutient une perception affin\u00e9e et invite \u00e0 se relier \u00e0 sa dimension spirituelle avec clart\u00e9 et profondeur.<\/li>\n<\/ul>","protected":false},"excerpt":{"rendered":"<p>Invite \u00e0 ouvrir la communication avec les dimensions subtiles de l\u2019\u00eatre.<\/p>","protected":false},"featured_media":1631,"template":"","meta":{"_acf_changed":false,"_glsr_average":0,"_glsr_ranking":0,"_glsr_reviews":0},"product_brand":[],"product_cat":[58],"product_tag":[],"class_list":{"0":"post-1624","1":"product","2":"type-product","3":"status-publish","4":"has-post-thumbnail","6":"product_cat-les-mixtes","8":"first","9":"instock","10":"taxable","11":"shipping-taxable","12":"purchasable","13":"product-type-simple"},"supplier_id":null,"supplier_sku":"","barcode":null,"atum_controlled":true,"out_stock_date":null,"out_stock_threshold":null,"inheritable":false,"inbound_stock":null,"stock_on_hold":0,"sold_today":0,"sales_last_days":2,"reserved_stock":null,"customer_returns":null,"warehouse_damage":null,"lost_in_post":null,"other_logs":null,"out_stock_days":0,"lost_sales":0,"has_location":false,"update_date":"2026-04-09T13:59:50","atum_locations":[],"atum_stock_status":"instock","restock_status":false,"low_stock_amount":"","sales_update_date":"2026-04-09T13:59:50","calc_backorders":null,"acf":[],"yoast_head":"<!-- This site is optimized with the Yoast SEO plugin v26.9 - https:\/\/yoast.com\/product\/yoast-seo-wordpress\/ -->\n<title>Supral - L&#039;Oiseau Vert<\/title>\n<meta name=\"description\" content=\"D\u00e9couvrez la Solarisation n\u00b077 pour favoriser l\u2019ancrage, harmoniser les centres \u00e9nerg\u00e9tiques, mieux g\u00e9rer vos sensibilit\u00e9s et affiner votre perception.\" \/>\n<meta name=\"robots\" content=\"index, follow, max-snippet:-1, max-image-preview:large, max-video-preview:-1\" \/>\n<link rel=\"canonical\" href=\"https:\/\/loiseauvert.fr\/en\/product\/solarisation-n77-interconnexion-universelle-et-equilibre\/\" \/>\n<meta property=\"og:locale\" content=\"en_GB\" \/>\n<meta property=\"og:type\" content=\"article\" \/>\n<meta property=\"og:title\" content=\"Supral - L&#039;Oiseau Vert\" \/>\n<meta property=\"og:description\" content=\"D\u00e9couvrez la Solarisation n\u00b077 pour favoriser l\u2019ancrage, harmoniser les centres \u00e9nerg\u00e9tiques, mieux g\u00e9rer vos sensibilit\u00e9s et affiner votre perception.\" \/>\n<meta property=\"og:url\" content=\"https:\/\/loiseauvert.fr\/en\/product\/solarisation-n77-interconnexion-universelle-et-equilibre\/\" \/>\n<meta property=\"og:site_name\" content=\"L&#039;Oiseau Vert\" \/>\n<meta property=\"article:modified_time\" content=\"2026-04-08T13:19:52+00:00\" \/>\n<meta property=\"og:image\" content=\"https:\/\/loiseauvert.fr\/wp-content\/uploads\/2023\/05\/oiseau-vert-solarisation-supral-77-jpg.webp\" \/>\n\t<meta property=\"og:image:width\" content=\"1000\" \/>\n\t<meta property=\"og:image:height\" content=\"1000\" \/>\n\t<meta property=\"og:image:type\" content=\"image\/jpeg\" \/>\n<meta name=\"twitter:card\" content=\"summary_large_image\" \/>\n<meta name=\"twitter:label1\" content=\"Estimated reading time\" \/>\n\t<meta name=\"twitter:data1\" content=\"1 minute\" \/>\n<script type=\"application\/ld+json\" class=\"yoast-schema-graph\">{\"@context\":\"https:\/\/schema.org\",\"@graph\":[{\"@type\":\"WebPage\",\"@id\":\"https:\/\/loiseauvert.fr\/produit\/solarisation-n77-interconnexion-universelle-et-equilibre\/\",\"url\":\"https:\/\/loiseauvert.fr\/produit\/solarisation-n77-interconnexion-universelle-et-equilibre\/\",\"name\":\"Supral - L&#039;Oiseau Vert\",\"isPartOf\":{\"@id\":\"https:\/\/loiseauvert.fr\/#website\"},\"primaryImageOfPage\":{\"@id\":\"https:\/\/loiseauvert.fr\/produit\/solarisation-n77-interconnexion-universelle-et-equilibre\/#primaryimage\"},\"image\":{\"@id\":\"https:\/\/loiseauvert.fr\/produit\/solarisation-n77-interconnexion-universelle-et-equilibre\/#primaryimage\"},\"thumbnailUrl\":\"https:\/\/loiseauvert.fr\/wp-content\/uploads\/2023\/05\/oiseau-vert-solarisation-supral-77-jpg.webp\",\"datePublished\":\"2023-05-19T13:28:10+00:00\",\"dateModified\":\"2026-04-08T13:19:52+00:00\",\"description\":\"D\u00e9couvrez la Solarisation n\u00b077 pour favoriser l\u2019ancrage, harmoniser les centres \u00e9nerg\u00e9tiques, mieux g\u00e9rer vos sensibilit\u00e9s et affiner votre perception.\",\"breadcrumb\":{\"@id\":\"https:\/\/loiseauvert.fr\/produit\/solarisation-n77-interconnexion-universelle-et-equilibre\/#breadcrumb\"},\"inLanguage\":\"en-GB\",\"potentialAction\":[{\"@type\":\"ReadAction\",\"target\":[\"https:\/\/loiseauvert.fr\/produit\/solarisation-n77-interconnexion-universelle-et-equilibre\/\"]}]},{\"@type\":\"ImageObject\",\"inLanguage\":\"en-GB\",\"@id\":\"https:\/\/loiseauvert.fr\/produit\/solarisation-n77-interconnexion-universelle-et-equilibre\/#primaryimage\",\"url\":\"https:\/\/loiseauvert.fr\/wp-content\/uploads\/2023\/05\/oiseau-vert-solarisation-supral-77-jpg.webp\",\"contentUrl\":\"https:\/\/loiseauvert.fr\/wp-content\/uploads\/2023\/05\/oiseau-vert-solarisation-supral-77-jpg.webp\",\"width\":1000,\"height\":1000},{\"@type\":\"BreadcrumbList\",\"@id\":\"https:\/\/loiseauvert.fr\/produit\/solarisation-n77-interconnexion-universelle-et-equilibre\/#breadcrumb\",\"itemListElement\":[{\"@type\":\"ListItem\",\"position\":1,\"name\":\"Accueil\",\"item\":\"https:\/\/loiseauvert.fr\/\"},{\"@type\":\"ListItem\",\"position\":2,\"name\":\"Les Mixtes\",\"item\":\"https:\/\/loiseauvert.fr\/categorie-produit\/les-mixtes\/\"},{\"@type\":\"ListItem\",\"position\":3,\"name\":\"Supral\"}]},{\"@type\":\"WebSite\",\"@id\":\"https:\/\/loiseauvert.fr\/#website\",\"url\":\"https:\/\/loiseauvert.fr\/\",\"name\":\"L&#039;Oiseau Vert\",\"description\":\"\",\"potentialAction\":[{\"@type\":\"SearchAction\",\"target\":{\"@type\":\"EntryPoint\",\"urlTemplate\":\"https:\/\/loiseauvert.fr\/?s={search_term_string}\"},\"query-input\":{\"@type\":\"PropertyValueSpecification\",\"valueRequired\":true,\"valueName\":\"search_term_string\"}}],\"inLanguage\":\"en-GB\"}]}<\/script>\n<!-- \/ Yoast SEO plugin. -->","yoast_head_json":{"title":"Supral - L&#039;Green Bird","description":"D\u00e9couvrez la Solarisation n\u00b077 pour favoriser l\u2019ancrage, harmoniser les centres \u00e9nerg\u00e9tiques, mieux g\u00e9rer vos sensibilit\u00e9s et affiner votre perception.","robots":{"index":"index","follow":"follow","max-snippet":"max-snippet:-1","max-image-preview":"max-image-preview:large","max-video-preview":"max-video-preview:-1"},"canonical":"https:\/\/loiseauvert.fr\/en\/product\/solarisation-n77-interconnexion-universelle-et-equilibre\/","og_locale":"en_GB","og_type":"article","og_title":"Supral - L&#039;Oiseau Vert","og_description":"D\u00e9couvrez la Solarisation n\u00b077 pour favoriser l\u2019ancrage, harmoniser les centres \u00e9nerg\u00e9tiques, mieux g\u00e9rer vos sensibilit\u00e9s et affiner votre perception.","og_url":"https:\/\/loiseauvert.fr\/en\/product\/solarisation-n77-interconnexion-universelle-et-equilibre\/","og_site_name":"L&#039;Oiseau Vert","article_modified_time":"2026-04-08T13:19:52+00:00","og_image":[{"width":1000,"height":1000,"url":"https:\/\/loiseauvert.fr\/wp-content\/uploads\/2023\/05\/oiseau-vert-solarisation-supral-77-jpg.webp","type":"image\/jpeg"}],"twitter_card":"summary_large_image","twitter_misc":{"Estimated reading time":"1 minute"},"schema":{"@context":"https:\/\/schema.org","@graph":[{"@type":"WebPage","@id":"https:\/\/loiseauvert.fr\/produit\/solarisation-n77-interconnexion-universelle-et-equilibre\/","url":"https:\/\/loiseauvert.fr\/produit\/solarisation-n77-interconnexion-universelle-et-equilibre\/","name":"Supral - L&#039;Green Bird","isPartOf":{"@id":"https:\/\/loiseauvert.fr\/#website"},"primaryImageOfPage":{"@id":"https:\/\/loiseauvert.fr\/produit\/solarisation-n77-interconnexion-universelle-et-equilibre\/#primaryimage"},"image":{"@id":"https:\/\/loiseauvert.fr\/produit\/solarisation-n77-interconnexion-universelle-et-equilibre\/#primaryimage"},"thumbnailUrl":"https:\/\/loiseauvert.fr\/wp-content\/uploads\/2023\/05\/oiseau-vert-solarisation-supral-77-jpg.webp","datePublished":"2023-05-19T13:28:10+00:00","dateModified":"2026-04-08T13:19:52+00:00","description":"D\u00e9couvrez la Solarisation n\u00b077 pour favoriser l\u2019ancrage, harmoniser les centres \u00e9nerg\u00e9tiques, mieux g\u00e9rer vos sensibilit\u00e9s et affiner votre perception.","breadcrumb":{"@id":"https:\/\/loiseauvert.fr\/produit\/solarisation-n77-interconnexion-universelle-et-equilibre\/#breadcrumb"},"inLanguage":"en-GB","potentialAction":[{"@type":"ReadAction","target":["https:\/\/loiseauvert.fr\/produit\/solarisation-n77-interconnexion-universelle-et-equilibre\/"]}]},{"@type":"ImageObject","inLanguage":"en-GB","@id":"https:\/\/loiseauvert.fr\/produit\/solarisation-n77-interconnexion-universelle-et-equilibre\/#primaryimage","url":"https:\/\/loiseauvert.fr\/wp-content\/uploads\/2023\/05\/oiseau-vert-solarisation-supral-77-jpg.webp","contentUrl":"https:\/\/loiseauvert.fr\/wp-content\/uploads\/2023\/05\/oiseau-vert-solarisation-supral-77-jpg.webp","width":1000,"height":1000},{"@type":"BreadcrumbList","@id":"https:\/\/loiseauvert.fr\/produit\/solarisation-n77-interconnexion-universelle-et-equilibre\/#breadcrumb","itemListElement":[{"@type":"ListItem","position":1,"name":"Accueil","item":"https:\/\/loiseauvert.fr\/"},{"@type":"ListItem","position":2,"name":"Les Mixtes","item":"https:\/\/loiseauvert.fr\/categorie-produit\/les-mixtes\/"},{"@type":"ListItem","position":3,"name":"Supral"}]},{"@type":"WebSite","@id":"https:\/\/loiseauvert.fr\/#website","url":"https:\/\/loiseauvert.fr\/","name":"The Green Bird","description":"","potentialAction":[{"@type":"SearchAction","target":{"@type":"EntryPoint","urlTemplate":"https:\/\/loiseauvert.fr\/?s={search_term_string}"},"query-input":{"@type":"PropertyValueSpecification","valueRequired":true,"valueName":"search_term_string"}}],"inLanguage":"en-GB"}]}},"batches":[{"id":"60","date_created":"2025-05-22 12:04:07","date_expiry":"2027-03-01 00:00:00","user_id":"8","batch_number":"77.25.007","location":"","quantity":"57.0000","quantity_available":"0.0000","units":"1","status":"archived","order_ids":"[13463,13868,13992,14320,14456,14465,14637,14659,14707,15249,15383,15454,15636,15666,15892,15893,15919,15969,16134,16157,16310,16314,16350,16352,16437,16495,16551,16555,16603,16683,16811,16822,16958,17134,17367,17371,17671,17701,17801,17812,17919,17941,18112]"},{"id":"174","date_created":"2026-01-30 10:25:56","date_expiry":"2028-02-01 00:00:00","user_id":"0","batch_number":"77.26.008","location":"","quantity":"74.0000","quantity_available":"61.0000","units":"1","status":"active","order_ids":"[18297,18299,18317,18363,18388,18515,18532,18548,18661,18748,18602,18923,18948]"}],"_links":{"self":[{"href":"https:\/\/loiseauvert.fr\/en\/wp-json\/wp\/v2\/product\/1624","targetHints":{"allow":["GET"]}}],"collection":[{"href":"https:\/\/loiseauvert.fr\/en\/wp-json\/wp\/v2\/product"}],"about":[{"href":"https:\/\/loiseauvert.fr\/en\/wp-json\/wp\/v2\/types\/product"}],"wp:featuredmedia":[{"embeddable":true,"href":"https:\/\/loiseauvert.fr\/en\/wp-json\/wp\/v2\/media\/1631"}],"wp:attachment":[{"href":"https:\/\/loiseauvert.fr\/en\/wp-json\/wp\/v2\/media?parent=1624"}],"wp:term":[{"taxonomy":"product_brand","embeddable":true,"href":"https:\/\/loiseauvert.fr\/en\/wp-json\/wp\/v2\/product_brand?post=1624"},{"taxonomy":"product_cat","embeddable":true,"href":"https:\/\/loiseauvert.fr\/en\/wp-json\/wp\/v2\/product_cat?post=1624"},{"taxonomy":"product_tag","embeddable":true,"href":"https:\/\/loiseauvert.fr\/en\/wp-json\/wp\/v2\/product_tag?post=1624"}],"curies":[{"name":"wp","href":"https:\/\/api.w.org\/{rel}","templated":true}]}}