{"id":1623,"date":"2023-05-19T15:28:10","date_gmt":"2023-05-19T13:28:10","guid":{"rendered":"https:\/\/loiseauvert.fr\/?post_type=product&#038;p=1623"},"modified":"2026-04-08T14:09:23","modified_gmt":"2026-04-08T12:09:23","slug":"solarisation-n79-apaisement-interieur-et-stabilite","status":"publish","type":"product","link":"https:\/\/loiseauvert.fr\/en\/product\/solarisation-n79-apaisement-interieur-et-stabilite\/","title":{"rendered":"Stress \u2013 Fear"},"content":{"rendered":"<h3>Solarization No. 79<\/h3>\n<p><strong>\u00ab\u00a0Invitation \u00e0 l\u2019apaisement int\u00e9rieur et \u00e0 la stabilit\u00e9 \u00e9motionnelle\u00a0\u00bb<\/strong><\/p>\n<ul>\n<li>\n<p data-start=\"67\" data-end=\"188\">Favorise un sentiment de s\u00e9curit\u00e9,<\/p>\n<\/li>\n<li>\n<p data-start=\"67\" data-end=\"188\">Accompagne le regain d\u2019entrain,<\/p>\n<\/li>\n<li>\n<p data-start=\"67\" data-end=\"188\">Soutient le d\u00e9veloppement de l\u2019assurance.<\/p>\n<\/li>\n<\/ul>\n<h5>Vibration Supports:<\/h5>\n<p>Ti Z\u00e9lia 1, Protect, Seren, Vepris, Pelia, Let Go, Aria.<\/p>","protected":false},"excerpt":{"rendered":"<p data-start=\"52\" data-end=\"126\">Invite \u00e0 ressentir un sentiment de s\u00e9curit\u00e9 int\u00e9rieure au quotidien.<\/p>","protected":false},"featured_media":5950,"template":"","meta":{"_acf_changed":false,"_glsr_average":0,"_glsr_ranking":0,"_glsr_reviews":0},"product_brand":[],"product_cat":[59],"product_tag":[],"class_list":{"0":"post-1623","1":"product","2":"type-product","3":"status-publish","4":"has-post-thumbnail","6":"product_cat-les-complexes","8":"first","9":"instock","10":"taxable","11":"shipping-taxable","12":"purchasable","13":"product-type-simple"},"supplier_id":null,"supplier_sku":"","barcode":null,"atum_controlled":true,"out_stock_date":null,"out_stock_threshold":null,"inheritable":false,"inbound_stock":null,"stock_on_hold":8,"sold_today":0,"sales_last_days":2,"reserved_stock":null,"customer_returns":null,"warehouse_damage":null,"lost_in_post":null,"other_logs":null,"out_stock_days":0,"lost_sales":0,"has_location":false,"update_date":"2026-04-09T17:43:14","atum_locations":[],"atum_stock_status":"instock","restock_status":false,"low_stock_amount":"","sales_update_date":"2026-04-09T17:43:14","calc_backorders":null,"acf":[],"yoast_head":"<!-- This site is optimized with the Yoast SEO plugin v26.9 - https:\/\/yoast.com\/product\/yoast-seo-wordpress\/ -->\n<title>Stress - Peur - L&#039;Oiseau Vert<\/title>\n<meta name=\"description\" content=\"la Solarisation n\u00b079 permet cultiver l\u2019apaisement int\u00e9rieur, renforcer la stabilit\u00e9 \u00e9motionnelle, retrouver s\u00e9curit\u00e9, confiance et assurance au quotidien.\" \/>\n<meta name=\"robots\" content=\"index, follow, max-snippet:-1, max-image-preview:large, max-video-preview:-1\" \/>\n<link rel=\"canonical\" href=\"https:\/\/loiseauvert.fr\/en\/product\/solarisation-n79-apaisement-interieur-et-stabilite\/\" \/>\n<meta property=\"og:locale\" content=\"en_GB\" \/>\n<meta property=\"og:type\" content=\"article\" \/>\n<meta property=\"og:title\" content=\"Stress - Peur - L&#039;Oiseau Vert\" \/>\n<meta property=\"og:description\" content=\"la Solarisation n\u00b079 permet cultiver l\u2019apaisement int\u00e9rieur, renforcer la stabilit\u00e9 \u00e9motionnelle, retrouver s\u00e9curit\u00e9, confiance et assurance au quotidien.\" \/>\n<meta property=\"og:url\" content=\"https:\/\/loiseauvert.fr\/en\/product\/solarisation-n79-apaisement-interieur-et-stabilite\/\" \/>\n<meta property=\"og:site_name\" content=\"L&#039;Oiseau Vert\" \/>\n<meta property=\"article:modified_time\" content=\"2026-04-08T12:09:23+00:00\" \/>\n<meta property=\"og:image\" content=\"https:\/\/loiseauvert.fr\/wp-content\/uploads\/2023\/05\/STRESS-PEUR-2-1-scaled.webp\" \/>\n\t<meta property=\"og:image:width\" content=\"2560\" \/>\n\t<meta property=\"og:image:height\" content=\"2464\" \/>\n\t<meta property=\"og:image:type\" content=\"image\/jpeg\" \/>\n<meta name=\"twitter:card\" content=\"summary_large_image\" \/>\n<meta name=\"twitter:label1\" content=\"Estimated reading time\" \/>\n\t<meta name=\"twitter:data1\" content=\"1 minute\" \/>\n<script type=\"application\/ld+json\" class=\"yoast-schema-graph\">{\"@context\":\"https:\/\/schema.org\",\"@graph\":[{\"@type\":\"WebPage\",\"@id\":\"https:\/\/loiseauvert.fr\/produit\/solarisation-n79-apaisement-interieur-et-stabilite\/\",\"url\":\"https:\/\/loiseauvert.fr\/produit\/solarisation-n79-apaisement-interieur-et-stabilite\/\",\"name\":\"Stress - Peur - L&#039;Oiseau Vert\",\"isPartOf\":{\"@id\":\"https:\/\/loiseauvert.fr\/#website\"},\"primaryImageOfPage\":{\"@id\":\"https:\/\/loiseauvert.fr\/produit\/solarisation-n79-apaisement-interieur-et-stabilite\/#primaryimage\"},\"image\":{\"@id\":\"https:\/\/loiseauvert.fr\/produit\/solarisation-n79-apaisement-interieur-et-stabilite\/#primaryimage\"},\"thumbnailUrl\":\"https:\/\/loiseauvert.fr\/wp-content\/uploads\/2023\/05\/STRESS-PEUR-2-1-scaled.webp\",\"datePublished\":\"2023-05-19T13:28:10+00:00\",\"dateModified\":\"2026-04-08T12:09:23+00:00\",\"description\":\"la Solarisation n\u00b079 permet cultiver l\u2019apaisement int\u00e9rieur, renforcer la stabilit\u00e9 \u00e9motionnelle, retrouver s\u00e9curit\u00e9, confiance et assurance au quotidien.\",\"breadcrumb\":{\"@id\":\"https:\/\/loiseauvert.fr\/produit\/solarisation-n79-apaisement-interieur-et-stabilite\/#breadcrumb\"},\"inLanguage\":\"en-GB\",\"potentialAction\":[{\"@type\":\"ReadAction\",\"target\":[\"https:\/\/loiseauvert.fr\/produit\/solarisation-n79-apaisement-interieur-et-stabilite\/\"]}]},{\"@type\":\"ImageObject\",\"inLanguage\":\"en-GB\",\"@id\":\"https:\/\/loiseauvert.fr\/produit\/solarisation-n79-apaisement-interieur-et-stabilite\/#primaryimage\",\"url\":\"https:\/\/loiseauvert.fr\/wp-content\/uploads\/2023\/05\/STRESS-PEUR-2-1-scaled.webp\",\"contentUrl\":\"https:\/\/loiseauvert.fr\/wp-content\/uploads\/2023\/05\/STRESS-PEUR-2-1-scaled.webp\",\"width\":2560,\"height\":2464,\"caption\":\"OLYMPUS DIGITAL CAMERA\"},{\"@type\":\"BreadcrumbList\",\"@id\":\"https:\/\/loiseauvert.fr\/produit\/solarisation-n79-apaisement-interieur-et-stabilite\/#breadcrumb\",\"itemListElement\":[{\"@type\":\"ListItem\",\"position\":1,\"name\":\"Accueil\",\"item\":\"https:\/\/loiseauvert.fr\/\"},{\"@type\":\"ListItem\",\"position\":2,\"name\":\"Les Complexes\",\"item\":\"https:\/\/loiseauvert.fr\/categorie-produit\/les-complexes\/\"},{\"@type\":\"ListItem\",\"position\":3,\"name\":\"Stress &#8211; Peur\"}]},{\"@type\":\"WebSite\",\"@id\":\"https:\/\/loiseauvert.fr\/#website\",\"url\":\"https:\/\/loiseauvert.fr\/\",\"name\":\"L&#039;Oiseau Vert\",\"description\":\"\",\"potentialAction\":[{\"@type\":\"SearchAction\",\"target\":{\"@type\":\"EntryPoint\",\"urlTemplate\":\"https:\/\/loiseauvert.fr\/?s={search_term_string}\"},\"query-input\":{\"@type\":\"PropertyValueSpecification\",\"valueRequired\":true,\"valueName\":\"search_term_string\"}}],\"inLanguage\":\"en-GB\"}]}<\/script>\n<!-- \/ Yoast SEO plugin. -->","yoast_head_json":{"title":"Stress - Fear - The Green Bird","description":"la Solarisation n\u00b079 permet cultiver l\u2019apaisement int\u00e9rieur, renforcer la stabilit\u00e9 \u00e9motionnelle, retrouver s\u00e9curit\u00e9, confiance et assurance au quotidien.","robots":{"index":"index","follow":"follow","max-snippet":"max-snippet:-1","max-image-preview":"max-image-preview:large","max-video-preview":"max-video-preview:-1"},"canonical":"https:\/\/loiseauvert.fr\/en\/product\/solarisation-n79-apaisement-interieur-et-stabilite\/","og_locale":"en_GB","og_type":"article","og_title":"Stress - Peur - L&#039;Oiseau Vert","og_description":"la Solarisation n\u00b079 permet cultiver l\u2019apaisement int\u00e9rieur, renforcer la stabilit\u00e9 \u00e9motionnelle, retrouver s\u00e9curit\u00e9, confiance et assurance au quotidien.","og_url":"https:\/\/loiseauvert.fr\/en\/product\/solarisation-n79-apaisement-interieur-et-stabilite\/","og_site_name":"L&#039;Oiseau Vert","article_modified_time":"2026-04-08T12:09:23+00:00","og_image":[{"width":2560,"height":2464,"url":"https:\/\/loiseauvert.fr\/wp-content\/uploads\/2023\/05\/STRESS-PEUR-2-1-scaled.webp","type":"image\/jpeg"}],"twitter_card":"summary_large_image","twitter_misc":{"Estimated reading time":"1 minute"},"schema":{"@context":"https:\/\/schema.org","@graph":[{"@type":"WebPage","@id":"https:\/\/loiseauvert.fr\/produit\/solarisation-n79-apaisement-interieur-et-stabilite\/","url":"https:\/\/loiseauvert.fr\/produit\/solarisation-n79-apaisement-interieur-et-stabilite\/","name":"Stress - Fear - The Green Bird","isPartOf":{"@id":"https:\/\/loiseauvert.fr\/#website"},"primaryImageOfPage":{"@id":"https:\/\/loiseauvert.fr\/produit\/solarisation-n79-apaisement-interieur-et-stabilite\/#primaryimage"},"image":{"@id":"https:\/\/loiseauvert.fr\/produit\/solarisation-n79-apaisement-interieur-et-stabilite\/#primaryimage"},"thumbnailUrl":"https:\/\/loiseauvert.fr\/wp-content\/uploads\/2023\/05\/STRESS-PEUR-2-1-scaled.webp","datePublished":"2023-05-19T13:28:10+00:00","dateModified":"2026-04-08T12:09:23+00:00","description":"la Solarisation n\u00b079 permet cultiver l\u2019apaisement int\u00e9rieur, renforcer la stabilit\u00e9 \u00e9motionnelle, retrouver s\u00e9curit\u00e9, confiance et assurance au quotidien.","breadcrumb":{"@id":"https:\/\/loiseauvert.fr\/produit\/solarisation-n79-apaisement-interieur-et-stabilite\/#breadcrumb"},"inLanguage":"en-GB","potentialAction":[{"@type":"ReadAction","target":["https:\/\/loiseauvert.fr\/produit\/solarisation-n79-apaisement-interieur-et-stabilite\/"]}]},{"@type":"ImageObject","inLanguage":"en-GB","@id":"https:\/\/loiseauvert.fr\/produit\/solarisation-n79-apaisement-interieur-et-stabilite\/#primaryimage","url":"https:\/\/loiseauvert.fr\/wp-content\/uploads\/2023\/05\/STRESS-PEUR-2-1-scaled.webp","contentUrl":"https:\/\/loiseauvert.fr\/wp-content\/uploads\/2023\/05\/STRESS-PEUR-2-1-scaled.webp","width":2560,"height":2464,"caption":"OLYMPUS DIGITAL CAMERA"},{"@type":"BreadcrumbList","@id":"https:\/\/loiseauvert.fr\/produit\/solarisation-n79-apaisement-interieur-et-stabilite\/#breadcrumb","itemListElement":[{"@type":"ListItem","position":1,"name":"Accueil","item":"https:\/\/loiseauvert.fr\/"},{"@type":"ListItem","position":2,"name":"Les Complexes","item":"https:\/\/loiseauvert.fr\/categorie-produit\/les-complexes\/"},{"@type":"ListItem","position":3,"name":"Stress &#8211; Peur"}]},{"@type":"WebSite","@id":"https:\/\/loiseauvert.fr\/#website","url":"https:\/\/loiseauvert.fr\/","name":"The Green Bird","description":"","potentialAction":[{"@type":"SearchAction","target":{"@type":"EntryPoint","urlTemplate":"https:\/\/loiseauvert.fr\/?s={search_term_string}"},"query-input":{"@type":"PropertyValueSpecification","valueRequired":true,"valueName":"search_term_string"}}],"inLanguage":"en-GB"}]}},"batches":[{"id":"47","date_created":"2025-05-22 11:48:13","date_expiry":"2027-04-01 00:00:00","user_id":"8","batch_number":"79.25.014","location":"","quantity":"53.0000","quantity_available":"0.0000","units":"1","status":"active","order_ids":"[14452,14457,14480,14493,14532,13912,14595,14604,14658,14692,14713,14718,14743,14676,14843,14927,14929,14942,14984,15125,15237,15275]"},{"id":"82","date_created":"2025-07-04 11:38:28","date_expiry":"2027-07-01 00:00:00","user_id":"8","batch_number":"79.25.015","location":"","quantity":"68.0000","quantity_available":"0.0000","units":"1","status":"archived","order_ids":"[11411,15288,15297,15298,15300,15399,15404,15442,15502,15514,15584,15596,15739,15742,15753,15780,15786,15830,15832,15907,15914,15928,15939,15946,15999,16104,16112,16142,16160,16180,16188,16212,16248,16386,16493,16556,16616,16631,16737,16791,16822,16833,16843,16892,16903,16904,16955,17004,17026,17039,17078,12561]"},{"id":"153","date_created":"2025-12-11 13:02:34","date_expiry":"2027-12-01 00:00:00","user_id":"0","batch_number":"79.25.016","location":"","quantity":"76.0000","quantity_available":"13.0000","units":"1","status":"active","order_ids":"[17125,17145,17165,17177,17193,17215,17230,17232,17252,17307,17358,17376,17441,17496,17510,17526,17542,17556,17652,17888,18144,18147,18161,18236,18263,18277,18288,18356,18363,18519,18576,18609,18624,18656,18747,18780,18795,18827,18867,18602,18942]"}],"_links":{"self":[{"href":"https:\/\/loiseauvert.fr\/en\/wp-json\/wp\/v2\/product\/1623","targetHints":{"allow":["GET"]}}],"collection":[{"href":"https:\/\/loiseauvert.fr\/en\/wp-json\/wp\/v2\/product"}],"about":[{"href":"https:\/\/loiseauvert.fr\/en\/wp-json\/wp\/v2\/types\/product"}],"wp:featuredmedia":[{"embeddable":true,"href":"https:\/\/loiseauvert.fr\/en\/wp-json\/wp\/v2\/media\/5950"}],"wp:attachment":[{"href":"https:\/\/loiseauvert.fr\/en\/wp-json\/wp\/v2\/media?parent=1623"}],"wp:term":[{"taxonomy":"product_brand","embeddable":true,"href":"https:\/\/loiseauvert.fr\/en\/wp-json\/wp\/v2\/product_brand?post=1623"},{"taxonomy":"product_cat","embeddable":true,"href":"https:\/\/loiseauvert.fr\/en\/wp-json\/wp\/v2\/product_cat?post=1623"},{"taxonomy":"product_tag","embeddable":true,"href":"https:\/\/loiseauvert.fr\/en\/wp-json\/wp\/v2\/product_tag?post=1623"}],"curies":[{"name":"wp","href":"https:\/\/api.w.org\/{rel}","templated":true}]}}