{"id":16126,"date":"2025-10-08T11:35:20","date_gmt":"2025-10-08T09:35:20","guid":{"rendered":"https:\/\/loiseauvert.fr\/?post_type=product&#038;p=16126"},"modified":"2026-04-05T19:10:14","modified_gmt":"2026-04-05T17:10:14","slug":"aegys","status":"publish","type":"product","link":"https:\/\/loiseauvert.fr\/en\/product\/aegys\/","title":{"rendered":"Aegys"},"content":{"rendered":"<h3>Solarisation n\u00b0 63<\/h3>\n<p><strong>\u00a0\u00bb <\/strong><strong>Equilibre et bien-\u00eatre dans les environnements \u00e9lectromagn\u00e9tiques <\/strong><strong>\u00ab\u00a0<\/strong><\/p>\n<ul>\n<li>Favorise l\u2019expansion des bio champs pour renforcer l\u2019harmonie naturelle.<\/li>\n<li>Limite l\u2019impact des perturbations \u00e9lectromagn\u00e9tiques dans votre quotidien.<\/li>\n<li>Offre un environnement plus serein, propice au bien-\u00eatre et \u00e0 la clart\u00e9 d\u2019esprit.<\/li>\n<li>Lib\u00e8re le passage pour une connexion plus fluide et harmonieuse.<\/li>\n<li>Cr\u00e9e une barri\u00e8re subtile qui repousse les \u00e9nergies n\u00e9gatives et pr\u00e9serve l\u2019\u00e9quilibre.<\/li>\n<\/ul>","protected":false},"excerpt":{"rendered":"<p>Equilibre et bien-\u00eatre dans les environnements \u00e9lectromagn\u00e9tiques<\/p>","protected":false},"featured_media":16550,"template":"","meta":{"_acf_changed":false,"_glsr_average":0,"_glsr_ranking":0,"_glsr_reviews":0},"product_brand":[],"product_cat":[58],"product_tag":[],"class_list":{"0":"post-16126","1":"product","2":"type-product","3":"status-publish","4":"has-post-thumbnail","6":"product_cat-les-mixtes","8":"first","9":"instock","10":"taxable","11":"shipping-taxable","12":"purchasable","13":"product-type-simple"},"supplier_id":null,"supplier_sku":"","barcode":null,"atum_controlled":true,"out_stock_date":null,"out_stock_threshold":null,"inheritable":false,"inbound_stock":null,"stock_on_hold":1,"sold_today":0,"sales_last_days":2,"reserved_stock":null,"customer_returns":null,"warehouse_damage":null,"lost_in_post":null,"other_logs":null,"out_stock_days":0,"lost_sales":0,"has_location":false,"update_date":"2026-04-09T16:13:11","atum_locations":[],"atum_stock_status":"instock","restock_status":false,"low_stock_amount":"","sales_update_date":"2026-04-09T16:13:11","calc_backorders":null,"acf":[],"yoast_head":"<!-- This site is optimized with the Yoast SEO plugin v26.9 - https:\/\/yoast.com\/product\/yoast-seo-wordpress\/ -->\n<title>Aegys - L&#039;Oiseau Vert<\/title>\n<meta name=\"robots\" content=\"index, follow, max-snippet:-1, max-image-preview:large, max-video-preview:-1\" \/>\n<link rel=\"canonical\" href=\"https:\/\/loiseauvert.fr\/en\/product\/aegys\/\" \/>\n<meta property=\"og:locale\" content=\"en_GB\" \/>\n<meta property=\"og:type\" content=\"article\" \/>\n<meta property=\"og:title\" content=\"Aegys - L&#039;Oiseau Vert\" \/>\n<meta property=\"og:description\" content=\"Equilibre et bien-\u00eatre dans les environnements \u00e9lectromagn\u00e9tiques\" \/>\n<meta property=\"og:url\" content=\"https:\/\/loiseauvert.fr\/en\/product\/aegys\/\" \/>\n<meta property=\"og:site_name\" content=\"L&#039;Oiseau Vert\" \/>\n<meta property=\"article:modified_time\" content=\"2026-04-05T17:10:14+00:00\" \/>\n<meta property=\"og:image\" content=\"https:\/\/loiseauvert.fr\/wp-content\/uploads\/2025\/10\/Aegys-flacon.jpg\" \/>\n\t<meta property=\"og:image:width\" content=\"1656\" \/>\n\t<meta property=\"og:image:height\" content=\"1762\" \/>\n\t<meta property=\"og:image:type\" content=\"image\/jpeg\" \/>\n<meta name=\"twitter:card\" content=\"summary_large_image\" \/>\n<meta name=\"twitter:label1\" content=\"Estimated reading time\" \/>\n\t<meta name=\"twitter:data1\" content=\"1 minute\" \/>\n<script type=\"application\/ld+json\" class=\"yoast-schema-graph\">{\"@context\":\"https:\/\/schema.org\",\"@graph\":[{\"@type\":\"WebPage\",\"@id\":\"https:\/\/loiseauvert.fr\/produit\/aegys\/\",\"url\":\"https:\/\/loiseauvert.fr\/produit\/aegys\/\",\"name\":\"Aegys - L&#039;Oiseau Vert\",\"isPartOf\":{\"@id\":\"https:\/\/loiseauvert.fr\/#website\"},\"primaryImageOfPage\":{\"@id\":\"https:\/\/loiseauvert.fr\/produit\/aegys\/#primaryimage\"},\"image\":{\"@id\":\"https:\/\/loiseauvert.fr\/produit\/aegys\/#primaryimage\"},\"thumbnailUrl\":\"https:\/\/loiseauvert.fr\/wp-content\/uploads\/2025\/10\/Aegys-flacon.jpg\",\"datePublished\":\"2025-10-08T09:35:20+00:00\",\"dateModified\":\"2026-04-05T17:10:14+00:00\",\"breadcrumb\":{\"@id\":\"https:\/\/loiseauvert.fr\/produit\/aegys\/#breadcrumb\"},\"inLanguage\":\"en-GB\",\"potentialAction\":[{\"@type\":\"ReadAction\",\"target\":[\"https:\/\/loiseauvert.fr\/produit\/aegys\/\"]}]},{\"@type\":\"ImageObject\",\"inLanguage\":\"en-GB\",\"@id\":\"https:\/\/loiseauvert.fr\/produit\/aegys\/#primaryimage\",\"url\":\"https:\/\/loiseauvert.fr\/wp-content\/uploads\/2025\/10\/Aegys-flacon.jpg\",\"contentUrl\":\"https:\/\/loiseauvert.fr\/wp-content\/uploads\/2025\/10\/Aegys-flacon.jpg\",\"width\":1656,\"height\":1762},{\"@type\":\"BreadcrumbList\",\"@id\":\"https:\/\/loiseauvert.fr\/produit\/aegys\/#breadcrumb\",\"itemListElement\":[{\"@type\":\"ListItem\",\"position\":1,\"name\":\"Accueil\",\"item\":\"https:\/\/loiseauvert.fr\/\"},{\"@type\":\"ListItem\",\"position\":2,\"name\":\"Les Mixtes\",\"item\":\"https:\/\/loiseauvert.fr\/categorie-produit\/les-mixtes\/\"},{\"@type\":\"ListItem\",\"position\":3,\"name\":\"Aegys\"}]},{\"@type\":\"WebSite\",\"@id\":\"https:\/\/loiseauvert.fr\/#website\",\"url\":\"https:\/\/loiseauvert.fr\/\",\"name\":\"L&#039;Oiseau Vert\",\"description\":\"\",\"potentialAction\":[{\"@type\":\"SearchAction\",\"target\":{\"@type\":\"EntryPoint\",\"urlTemplate\":\"https:\/\/loiseauvert.fr\/?s={search_term_string}\"},\"query-input\":{\"@type\":\"PropertyValueSpecification\",\"valueRequired\":true,\"valueName\":\"search_term_string\"}}],\"inLanguage\":\"en-GB\"}]}<\/script>\n<!-- \/ Yoast SEO plugin. -->","yoast_head_json":{"title":"Aegys - L&#039;Oiseau Vert","robots":{"index":"index","follow":"follow","max-snippet":"max-snippet:-1","max-image-preview":"max-image-preview:large","max-video-preview":"max-video-preview:-1"},"canonical":"https:\/\/loiseauvert.fr\/en\/product\/aegys\/","og_locale":"en_GB","og_type":"article","og_title":"Aegys - L&#039;Oiseau Vert","og_description":"Equilibre et bien-\u00eatre dans les environnements \u00e9lectromagn\u00e9tiques","og_url":"https:\/\/loiseauvert.fr\/en\/product\/aegys\/","og_site_name":"L&#039;Oiseau Vert","article_modified_time":"2026-04-05T17:10:14+00:00","og_image":[{"width":1656,"height":1762,"url":"https:\/\/loiseauvert.fr\/wp-content\/uploads\/2025\/10\/Aegys-flacon.jpg","type":"image\/jpeg"}],"twitter_card":"summary_large_image","twitter_misc":{"Estimated reading time":"1 minute"},"schema":{"@context":"https:\/\/schema.org","@graph":[{"@type":"WebPage","@id":"https:\/\/loiseauvert.fr\/produit\/aegys\/","url":"https:\/\/loiseauvert.fr\/produit\/aegys\/","name":"Aegys - L&#039;Oiseau Vert","isPartOf":{"@id":"https:\/\/loiseauvert.fr\/#website"},"primaryImageOfPage":{"@id":"https:\/\/loiseauvert.fr\/produit\/aegys\/#primaryimage"},"image":{"@id":"https:\/\/loiseauvert.fr\/produit\/aegys\/#primaryimage"},"thumbnailUrl":"https:\/\/loiseauvert.fr\/wp-content\/uploads\/2025\/10\/Aegys-flacon.jpg","datePublished":"2025-10-08T09:35:20+00:00","dateModified":"2026-04-05T17:10:14+00:00","breadcrumb":{"@id":"https:\/\/loiseauvert.fr\/produit\/aegys\/#breadcrumb"},"inLanguage":"en-GB","potentialAction":[{"@type":"ReadAction","target":["https:\/\/loiseauvert.fr\/produit\/aegys\/"]}]},{"@type":"ImageObject","inLanguage":"en-GB","@id":"https:\/\/loiseauvert.fr\/produit\/aegys\/#primaryimage","url":"https:\/\/loiseauvert.fr\/wp-content\/uploads\/2025\/10\/Aegys-flacon.jpg","contentUrl":"https:\/\/loiseauvert.fr\/wp-content\/uploads\/2025\/10\/Aegys-flacon.jpg","width":1656,"height":1762},{"@type":"BreadcrumbList","@id":"https:\/\/loiseauvert.fr\/produit\/aegys\/#breadcrumb","itemListElement":[{"@type":"ListItem","position":1,"name":"Accueil","item":"https:\/\/loiseauvert.fr\/"},{"@type":"ListItem","position":2,"name":"Les Mixtes","item":"https:\/\/loiseauvert.fr\/categorie-produit\/les-mixtes\/"},{"@type":"ListItem","position":3,"name":"Aegys"}]},{"@type":"WebSite","@id":"https:\/\/loiseauvert.fr\/#website","url":"https:\/\/loiseauvert.fr\/","name":"The Green Bird","description":"","potentialAction":[{"@type":"SearchAction","target":{"@type":"EntryPoint","urlTemplate":"https:\/\/loiseauvert.fr\/?s={search_term_string}"},"query-input":{"@type":"PropertyValueSpecification","valueRequired":true,"valueName":"search_term_string"}}],"inLanguage":"en-GB"}]}},"batches":[{"id":"130","date_created":"2025-10-31 17:07:45","date_expiry":"2027-11-01 00:00:00","user_id":"8","batch_number":"63.25.001","location":"","quantity":"72.0000","quantity_available":"0.0000","units":"1","status":"archived","order_ids":"[16551,16596,16608,16629,16645,16683,16687,16689,16690,16702,16757,17335,17419,17424,17436,17438,17499,17526,17536,17556]"},{"id":"136","date_created":"2025-11-17 17:53:49","date_expiry":"2027-11-01 00:00:00","user_id":"8","batch_number":"63.25.002","location":"","quantity":"75.0000","quantity_available":"0.0000","units":"1","status":"archived","order_ids":"[16757,16789,16791,16818,16822,16828,16865,16926,16928,16938,16962,16994,17008,17039,17060,17122,17144,17556,17578]"},{"id":"166","date_created":"2026-01-14 14:28:01","date_expiry":"2028-01-01 00:00:00","user_id":"0","batch_number":"63.26.003","location":"","quantity":"73.0000","quantity_available":"3.0000","units":"1","status":"active","order_ids":"[17589,17592,17610,17612,17664,17746,17770,17812,17945,17970,18005,18024,18085,18106,18109,18110,18112,18114,18123,18182,18231,18290,18361,18394,18572,18660,18711,18745,18773,18795,18824,18831,18908,18602]"},{"id":"194","date_created":"2026-03-31 15:18:40","date_expiry":"2028-04-01 00:00:00","user_id":"0","batch_number":"63.26.004","location":"","quantity":"77.0000","quantity_available":"77.0000","units":"1","status":"active","order_ids":null}],"_links":{"self":[{"href":"https:\/\/loiseauvert.fr\/en\/wp-json\/wp\/v2\/product\/16126","targetHints":{"allow":["GET"]}}],"collection":[{"href":"https:\/\/loiseauvert.fr\/en\/wp-json\/wp\/v2\/product"}],"about":[{"href":"https:\/\/loiseauvert.fr\/en\/wp-json\/wp\/v2\/types\/product"}],"wp:featuredmedia":[{"embeddable":true,"href":"https:\/\/loiseauvert.fr\/en\/wp-json\/wp\/v2\/media\/16550"}],"wp:attachment":[{"href":"https:\/\/loiseauvert.fr\/en\/wp-json\/wp\/v2\/media?parent=16126"}],"wp:term":[{"taxonomy":"product_brand","embeddable":true,"href":"https:\/\/loiseauvert.fr\/en\/wp-json\/wp\/v2\/product_brand?post=16126"},{"taxonomy":"product_cat","embeddable":true,"href":"https:\/\/loiseauvert.fr\/en\/wp-json\/wp\/v2\/product_cat?post=16126"},{"taxonomy":"product_tag","embeddable":true,"href":"https:\/\/loiseauvert.fr\/en\/wp-json\/wp\/v2\/product_tag?post=16126"}],"curies":[{"name":"wp","href":"https:\/\/api.w.org\/{rel}","templated":true}]}}