{"id":1602,"date":"2023-05-19T15:25:52","date_gmt":"2023-05-19T13:25:52","guid":{"rendered":"https:\/\/loiseauvert.fr\/?post_type=product&#038;p=1602"},"modified":"2026-04-07T10:31:18","modified_gmt":"2026-04-07T08:31:18","slug":"solarmonia","status":"publish","type":"product","link":"https:\/\/loiseauvert.fr\/en\/product\/solarmonia\/","title":{"rendered":"Solarmonie"},"content":{"rendered":"<h3>Solarisation n\u00b0 68 (compte-goutte 30ml sans vaporisateur)<\/h3>\n<p><strong>\u00ab\u00a0Circulation harmonieuse des \u00e9nergies et \u00e9l\u00e9vation vibratoire des lieux\u00a0\u00bb<\/strong><\/p>\n<p><strong>SOLARMONY<\/strong> was born from the assembly of solarizations <strong>Protect<\/strong> , <strong>Kouei<\/strong> And <strong>Shen<\/strong>, following a very specific protocol.<\/p>\n<p><strong>SOLARMONY<\/strong> raises the vibratory rate, promotes a better circulation of energies, cleanses vibration and restores the Yin and Yang circuits.<br \/>\nEffective for harmonizing living spaces or when traveling (travel, train, hotel, etc.), <strong>SOLARMONY<\/strong> is also recommended in workplaces (offices, conferences, internships, etc.)<\/p>\n<ul>\n<li>\n<p data-start=\"301\" data-end=\"491\">Aide \u00e0 purifier l\u2019atmosph\u00e8re et \u00e0 cr\u00e9er une sensation d\u2019\u00e9quilibre \u00e9nerg\u00e9tique pour les personnes et les lieux.<\/p>\n<\/li>\n<li>\n<p data-start=\"301\" data-end=\"491\">Favorise une ambiance propice \u00e0 une meilleure circulation des \u00e9nergies.<\/p>\n<\/li>\n<\/ul>","protected":false},"excerpt":{"rendered":"<p>Accompagne le nettoyage \u00e9nerg\u00e9tique et le r\u00e9\u00e9quilibrage des espaces et des personnes.<\/p>","protected":false},"featured_media":1610,"template":"","meta":{"_acf_changed":false,"_glsr_average":0,"_glsr_ranking":0,"_glsr_reviews":0},"product_brand":[],"product_cat":[59],"product_tag":[],"class_list":{"0":"post-1602","1":"product","2":"type-product","3":"status-publish","4":"has-post-thumbnail","6":"product_cat-les-complexes","8":"first","9":"instock","10":"taxable","11":"shipping-taxable","12":"purchasable","13":"product-type-simple"},"supplier_id":null,"supplier_sku":"","barcode":null,"atum_controlled":true,"out_stock_date":null,"out_stock_threshold":null,"inheritable":false,"inbound_stock":null,"stock_on_hold":2,"sold_today":0,"sales_last_days":7,"reserved_stock":null,"customer_returns":null,"warehouse_damage":null,"lost_in_post":null,"other_logs":null,"out_stock_days":0,"lost_sales":0,"has_location":false,"update_date":"2026-04-08T20:09:27","atum_locations":[],"atum_stock_status":"instock","restock_status":false,"low_stock_amount":"","sales_update_date":"2026-04-08T20:09:27","calc_backorders":null,"acf":[],"yoast_head":"<!-- This site is optimized with the Yoast SEO plugin v26.9 - https:\/\/yoast.com\/product\/yoast-seo-wordpress\/ -->\n<title>Solarmonie - L&#039;Oiseau Vert<\/title>\n<meta name=\"description\" content=\"Solarisation Solarmonie L&#039;Oiseau Vert -Pollutions vibratoires et environnementales; Pr\u00e9sence d\u2019entit\u00e9s. Interf\u00e9rence avec le sommeil et le repos . Magie.\" \/>\n<meta name=\"robots\" content=\"index, follow, max-snippet:-1, max-image-preview:large, max-video-preview:-1\" \/>\n<link rel=\"canonical\" href=\"https:\/\/loiseauvert.fr\/en\/product\/solarmonia\/\" \/>\n<meta property=\"og:locale\" content=\"en_GB\" \/>\n<meta property=\"og:type\" content=\"article\" \/>\n<meta property=\"og:title\" content=\"Solarmonie - L&#039;Oiseau Vert\" \/>\n<meta property=\"og:description\" content=\"Solarisation Solarmonie L&#039;Oiseau Vert -Pollutions vibratoires et environnementales; Pr\u00e9sence d\u2019entit\u00e9s. Interf\u00e9rence avec le sommeil et le repos . Magie.\" \/>\n<meta property=\"og:url\" content=\"https:\/\/loiseauvert.fr\/en\/product\/solarmonia\/\" \/>\n<meta property=\"og:site_name\" content=\"L&#039;Oiseau Vert\" \/>\n<meta property=\"article:modified_time\" content=\"2026-04-07T08:31:18+00:00\" \/>\n<meta property=\"og:image\" content=\"https:\/\/loiseauvert.fr\/wp-content\/uploads\/2023\/05\/oiseau-vert-solarisation-solarmonie-68-jpg.webp\" \/>\n\t<meta property=\"og:image:width\" content=\"1000\" \/>\n\t<meta property=\"og:image:height\" content=\"1000\" \/>\n\t<meta property=\"og:image:type\" content=\"image\/jpeg\" \/>\n<meta name=\"twitter:card\" content=\"summary_large_image\" \/>\n<meta name=\"twitter:label1\" content=\"Estimated reading time\" \/>\n\t<meta name=\"twitter:data1\" content=\"1 minute\" \/>\n<script type=\"application\/ld+json\" class=\"yoast-schema-graph\">{\"@context\":\"https:\/\/schema.org\",\"@graph\":[{\"@type\":\"WebPage\",\"@id\":\"https:\/\/loiseauvert.fr\/produit\/solarmonie\/\",\"url\":\"https:\/\/loiseauvert.fr\/produit\/solarmonie\/\",\"name\":\"Solarmonie - L&#039;Oiseau Vert\",\"isPartOf\":{\"@id\":\"https:\/\/loiseauvert.fr\/#website\"},\"primaryImageOfPage\":{\"@id\":\"https:\/\/loiseauvert.fr\/produit\/solarmonie\/#primaryimage\"},\"image\":{\"@id\":\"https:\/\/loiseauvert.fr\/produit\/solarmonie\/#primaryimage\"},\"thumbnailUrl\":\"https:\/\/loiseauvert.fr\/wp-content\/uploads\/2023\/05\/oiseau-vert-solarisation-solarmonie-68-jpg.webp\",\"datePublished\":\"2023-05-19T13:25:52+00:00\",\"dateModified\":\"2026-04-07T08:31:18+00:00\",\"description\":\"Solarisation Solarmonie L'Oiseau Vert -Pollutions vibratoires et environnementales; Pr\u00e9sence d\u2019entit\u00e9s. Interf\u00e9rence avec le sommeil et le repos . Magie.\",\"breadcrumb\":{\"@id\":\"https:\/\/loiseauvert.fr\/produit\/solarmonie\/#breadcrumb\"},\"inLanguage\":\"en-GB\",\"potentialAction\":[{\"@type\":\"ReadAction\",\"target\":[\"https:\/\/loiseauvert.fr\/produit\/solarmonie\/\"]}]},{\"@type\":\"ImageObject\",\"inLanguage\":\"en-GB\",\"@id\":\"https:\/\/loiseauvert.fr\/produit\/solarmonie\/#primaryimage\",\"url\":\"https:\/\/loiseauvert.fr\/wp-content\/uploads\/2023\/05\/oiseau-vert-solarisation-solarmonie-68-jpg.webp\",\"contentUrl\":\"https:\/\/loiseauvert.fr\/wp-content\/uploads\/2023\/05\/oiseau-vert-solarisation-solarmonie-68-jpg.webp\",\"width\":1000,\"height\":1000},{\"@type\":\"BreadcrumbList\",\"@id\":\"https:\/\/loiseauvert.fr\/produit\/solarmonie\/#breadcrumb\",\"itemListElement\":[{\"@type\":\"ListItem\",\"position\":1,\"name\":\"Accueil\",\"item\":\"https:\/\/loiseauvert.fr\/\"},{\"@type\":\"ListItem\",\"position\":2,\"name\":\"Les Complexes\",\"item\":\"https:\/\/loiseauvert.fr\/categorie-produit\/les-complexes\/\"},{\"@type\":\"ListItem\",\"position\":3,\"name\":\"Solarmonie\"}]},{\"@type\":\"WebSite\",\"@id\":\"https:\/\/loiseauvert.fr\/#website\",\"url\":\"https:\/\/loiseauvert.fr\/\",\"name\":\"L&#039;Oiseau Vert\",\"description\":\"\",\"potentialAction\":[{\"@type\":\"SearchAction\",\"target\":{\"@type\":\"EntryPoint\",\"urlTemplate\":\"https:\/\/loiseauvert.fr\/?s={search_term_string}\"},\"query-input\":{\"@type\":\"PropertyValueSpecification\",\"valueRequired\":true,\"valueName\":\"search_term_string\"}}],\"inLanguage\":\"en-GB\"}]}<\/script>\n<!-- \/ Yoast SEO plugin. -->","yoast_head_json":{"title":"Solarmonie - The Green Bird","description":"Solarisation Solarmonie L'Oiseau Vert -Pollutions vibratoires et environnementales; Pr\u00e9sence d\u2019entit\u00e9s. Interf\u00e9rence avec le sommeil et le repos . Magie.","robots":{"index":"index","follow":"follow","max-snippet":"max-snippet:-1","max-image-preview":"max-image-preview:large","max-video-preview":"max-video-preview:-1"},"canonical":"https:\/\/loiseauvert.fr\/en\/product\/solarmonia\/","og_locale":"en_GB","og_type":"article","og_title":"Solarmonie - L&#039;Oiseau Vert","og_description":"Solarisation Solarmonie L'Oiseau Vert -Pollutions vibratoires et environnementales; Pr\u00e9sence d\u2019entit\u00e9s. Interf\u00e9rence avec le sommeil et le repos . Magie.","og_url":"https:\/\/loiseauvert.fr\/en\/product\/solarmonia\/","og_site_name":"L&#039;Oiseau Vert","article_modified_time":"2026-04-07T08:31:18+00:00","og_image":[{"width":1000,"height":1000,"url":"https:\/\/loiseauvert.fr\/wp-content\/uploads\/2023\/05\/oiseau-vert-solarisation-solarmonie-68-jpg.webp","type":"image\/jpeg"}],"twitter_card":"summary_large_image","twitter_misc":{"Estimated reading time":"1 minute"},"schema":{"@context":"https:\/\/schema.org","@graph":[{"@type":"WebPage","@id":"https:\/\/loiseauvert.fr\/produit\/solarmonie\/","url":"https:\/\/loiseauvert.fr\/produit\/solarmonie\/","name":"Solarmonie - The Green Bird","isPartOf":{"@id":"https:\/\/loiseauvert.fr\/#website"},"primaryImageOfPage":{"@id":"https:\/\/loiseauvert.fr\/produit\/solarmonie\/#primaryimage"},"image":{"@id":"https:\/\/loiseauvert.fr\/produit\/solarmonie\/#primaryimage"},"thumbnailUrl":"https:\/\/loiseauvert.fr\/wp-content\/uploads\/2023\/05\/oiseau-vert-solarisation-solarmonie-68-jpg.webp","datePublished":"2023-05-19T13:25:52+00:00","dateModified":"2026-04-07T08:31:18+00:00","description":"Solarisation Solarmonie L'Oiseau Vert -Pollutions vibratoires et environnementales; Pr\u00e9sence d\u2019entit\u00e9s. Interf\u00e9rence avec le sommeil et le repos . Magie.","breadcrumb":{"@id":"https:\/\/loiseauvert.fr\/produit\/solarmonie\/#breadcrumb"},"inLanguage":"en-GB","potentialAction":[{"@type":"ReadAction","target":["https:\/\/loiseauvert.fr\/produit\/solarmonie\/"]}]},{"@type":"ImageObject","inLanguage":"en-GB","@id":"https:\/\/loiseauvert.fr\/produit\/solarmonie\/#primaryimage","url":"https:\/\/loiseauvert.fr\/wp-content\/uploads\/2023\/05\/oiseau-vert-solarisation-solarmonie-68-jpg.webp","contentUrl":"https:\/\/loiseauvert.fr\/wp-content\/uploads\/2023\/05\/oiseau-vert-solarisation-solarmonie-68-jpg.webp","width":1000,"height":1000},{"@type":"BreadcrumbList","@id":"https:\/\/loiseauvert.fr\/produit\/solarmonie\/#breadcrumb","itemListElement":[{"@type":"ListItem","position":1,"name":"Accueil","item":"https:\/\/loiseauvert.fr\/"},{"@type":"ListItem","position":2,"name":"Les Complexes","item":"https:\/\/loiseauvert.fr\/categorie-produit\/les-complexes\/"},{"@type":"ListItem","position":3,"name":"Solarmonie"}]},{"@type":"WebSite","@id":"https:\/\/loiseauvert.fr\/#website","url":"https:\/\/loiseauvert.fr\/","name":"The Green Bird","description":"","potentialAction":[{"@type":"SearchAction","target":{"@type":"EntryPoint","urlTemplate":"https:\/\/loiseauvert.fr\/?s={search_term_string}"},"query-input":{"@type":"PropertyValueSpecification","valueRequired":true,"valueName":"search_term_string"}}],"inLanguage":"en-GB"}]}},"batches":[{"id":"57","date_created":"2025-05-22 12:01:14","date_expiry":"2027-05-01 00:00:00","user_id":"1","batch_number":"68.25.184","location":"","quantity":"26.0000","quantity_available":"0.0000","units":"1","status":"archived","order_ids":"[14401,14409,14413,14448,14517,14524,14528,13883]"},{"id":"69","date_created":"2025-06-06 14:31:15","date_expiry":"2027-06-01 00:00:00","user_id":"1","batch_number":"68.25.185","location":"","quantity":"38.0000","quantity_available":"0.0000","units":"1","status":"archived","order_ids":"[14613,14700,14722,14723,14794,14800,14811,14243,14862,14875,14885,14892,14902,14904,14975,12107,14981,14982,15037,15125,15149,15158,15267]"},{"id":"88","date_created":"2025-07-10 10:14:30","date_expiry":"2027-07-01 00:00:00","user_id":"1","batch_number":"68.25.186","location":"","quantity":"66.0000","quantity_available":"0.0000","units":"1","status":"archived","order_ids":"[15267,15315,15396,15407,15427,15569,15643,15677,15715,15739,15746,15796,15857,15859,15900,15919,15922,15949,15978,15996,16048,16072,16094,16178,16182,16221,16240,16307,16353,16416]"},{"id":"115","date_created":"2025-10-07 14:33:19","date_expiry":"2027-10-01 00:00:00","user_id":"1","batch_number":"68.25.187","location":"","quantity":"27.0000","quantity_available":"0.0000","units":"1","status":"archived","order_ids":"[16416,16465,16525,16534]"},{"id":"128","date_created":"2025-10-24 15:03:53","date_expiry":"2027-10-01 00:00:00","user_id":"0","batch_number":"68.25.188","location":"","quantity":"58.0000","quantity_available":"0.0000","units":"1","status":"archived","order_ids":"[16534,16536,16541,16593,16644,16689,16781,16789,16791,16822,16828,16923,16931,16933,16952,16981,17055,17064,17115]"},{"id":"129","date_created":"2025-10-31 17:06:50","date_expiry":"2027-11-01 00:00:00","user_id":"0","batch_number":"68.25.189","location":"","quantity":"34.0000","quantity_available":"0.0000","units":"1","status":"active","order_ids":"[17115,17167]"},{"id":"150","date_created":"2025-12-10 12:00:06","date_expiry":"2027-12-01 00:00:00","user_id":"0","batch_number":"68.25.189","location":"","quantity":"56.0000","quantity_available":"0.0000","units":"1","status":"archived","order_ids":"[17197,17209,17312,17335,17375,17430,17478,17517,17556,17660,17713,17748,17768]"},{"id":"164","date_created":"2026-01-12 14:29:09","date_expiry":"2028-01-01 00:00:00","user_id":"0","batch_number":"68.26.190","location":"","quantity":"25.0000","quantity_available":"0.0000","units":"1","status":"archived","order_ids":"[17769,17808,17884,17891,17919,17941,17942,18034,18040]"},{"id":"179","date_created":"2026-02-06 14:58:46","date_expiry":"2028-02-01 00:00:00","user_id":"0","batch_number":"68.26.191","location":"","quantity":"32.0000","quantity_available":"0.0000","units":"1","status":"archived","order_ids":"[18040,18099,18108,18146,18175,18208,18240,18265,18317,18363,18417,18506]"},{"id":"185","date_created":"2026-02-13 17:26:55","date_expiry":"2028-02-01 00:00:00","user_id":"0","batch_number":"68.26.192","location":"","quantity":"78.0000","quantity_available":"63.0000","units":"1","status":"active","order_ids":"[18551,18745,18749,18770,18779,18785,18795,18843,18851,18869,18602,18919]"},{"id":"191","date_created":"2026-03-23 15:23:55","date_expiry":"2028-03-01 00:00:00","user_id":"0","batch_number":"68.26.193","location":"","quantity":"22.0000","quantity_available":"22.0000","units":"1","status":"active","order_ids":null}],"_links":{"self":[{"href":"https:\/\/loiseauvert.fr\/en\/wp-json\/wp\/v2\/product\/1602","targetHints":{"allow":["GET"]}}],"collection":[{"href":"https:\/\/loiseauvert.fr\/en\/wp-json\/wp\/v2\/product"}],"about":[{"href":"https:\/\/loiseauvert.fr\/en\/wp-json\/wp\/v2\/types\/product"}],"wp:featuredmedia":[{"embeddable":true,"href":"https:\/\/loiseauvert.fr\/en\/wp-json\/wp\/v2\/media\/1610"}],"wp:attachment":[{"href":"https:\/\/loiseauvert.fr\/en\/wp-json\/wp\/v2\/media?parent=1602"}],"wp:term":[{"taxonomy":"product_brand","embeddable":true,"href":"https:\/\/loiseauvert.fr\/en\/wp-json\/wp\/v2\/product_brand?post=1602"},{"taxonomy":"product_cat","embeddable":true,"href":"https:\/\/loiseauvert.fr\/en\/wp-json\/wp\/v2\/product_cat?post=1602"},{"taxonomy":"product_tag","embeddable":true,"href":"https:\/\/loiseauvert.fr\/en\/wp-json\/wp\/v2\/product_tag?post=1602"}],"curies":[{"name":"wp","href":"https:\/\/api.w.org\/{rel}","templated":true}]}}