{"id":1559,"date":"2023-05-19T15:24:41","date_gmt":"2023-05-19T13:24:41","guid":{"rendered":"https:\/\/loiseauvert.fr\/?post_type=product&#038;p=1559"},"modified":"2026-03-25T18:37:45","modified_gmt":"2026-03-25T17:37:45","slug":"solarisation-n20-harmonie-et-confiance-interieur","status":"publish","type":"product","link":"https:\/\/loiseauvert.fr\/en\/product\/solarisation-n20-harmonie-et-confiance-interieur\/","title":{"rendered":"Sinap"},"content":{"rendered":"<h3>Solarization No. 20<\/h3>\n<p><strong>\u00ab\u00a0Harmonie avec le courant de vie et confiance en sa nature profonde\u00a0\u00bb<\/strong><\/p>\n<ul>\n<li>Accompagne la d\u00e9tente face aux tensions int\u00e9rieures et encourage la prise de conscience \u00e9motionnelle.<\/li>\n<li>Invite \u00e0 l\u2019acceptation des diff\u00e9rentes facettes de soi-m\u00eame et au l\u00e2cher-prise des peurs limitantes.<\/li>\n<li>Favorise l\u2019ouverture \u00e0 une connexion plus profonde avec son moi int\u00e9rieur.<\/li>\n<\/ul>","protected":false},"excerpt":{"rendered":"<p>Accompagne la lib\u00e9ration des \u00e9motions li\u00e9es \u00e0 la col\u00e8re.<br data-start=\"123\" data-end=\"126\" \/>Invite \u00e0 se reconnecter \u00e0 sa nature profonde et \u00e0 la confiance en la vie int\u00e9rieure.<\/p>","protected":false},"featured_media":1569,"template":"","meta":{"_acf_changed":false,"_glsr_average":0,"_glsr_ranking":0,"_glsr_reviews":0},"product_brand":[],"product_cat":[60],"product_tag":[],"class_list":{"0":"post-1559","1":"product","2":"type-product","3":"status-publish","4":"has-post-thumbnail","6":"product_cat-les-specifiques","8":"first","9":"instock","10":"taxable","11":"shipping-taxable","12":"purchasable","13":"product-type-simple"},"supplier_id":null,"supplier_sku":"","barcode":null,"atum_controlled":true,"out_stock_date":null,"out_stock_threshold":null,"inheritable":false,"inbound_stock":null,"stock_on_hold":1,"sold_today":0,"sales_last_days":1,"reserved_stock":null,"customer_returns":null,"warehouse_damage":null,"lost_in_post":null,"other_logs":null,"out_stock_days":0,"lost_sales":0,"has_location":false,"update_date":"2026-04-06T10:18:18","atum_locations":[],"atum_stock_status":"instock","restock_status":false,"low_stock_amount":"","sales_update_date":"2026-04-06T10:18:18","calc_backorders":null,"acf":[],"yoast_head":"<!-- This site is optimized with the Yoast SEO plugin v26.9 - https:\/\/yoast.com\/product\/yoast-seo-wordpress\/ -->\n<title>Sinap - L&#039;Oiseau Vert<\/title>\n<meta name=\"description\" content=\"D\u00e9couvrez la Solarisation n\u00b020 pour rel\u00e2cher les tensions, cultiver l\u2019acceptation de soi, l\u00e2cher les peurs limitantes et renforcer la connexion int\u00e9rieure.\" \/>\n<meta name=\"robots\" content=\"index, follow, max-snippet:-1, max-image-preview:large, max-video-preview:-1\" \/>\n<link rel=\"canonical\" href=\"https:\/\/loiseauvert.fr\/en\/product\/solarisation-n20-harmonie-et-confiance-interieur\/\" \/>\n<meta property=\"og:locale\" content=\"en_GB\" \/>\n<meta property=\"og:type\" content=\"article\" \/>\n<meta property=\"og:title\" content=\"Sinap - L&#039;Oiseau Vert\" \/>\n<meta property=\"og:description\" content=\"D\u00e9couvrez la Solarisation n\u00b020 pour rel\u00e2cher les tensions, cultiver l\u2019acceptation de soi, l\u00e2cher les peurs limitantes et renforcer la connexion int\u00e9rieure.\" \/>\n<meta property=\"og:url\" content=\"https:\/\/loiseauvert.fr\/en\/product\/solarisation-n20-harmonie-et-confiance-interieur\/\" \/>\n<meta property=\"og:site_name\" content=\"L&#039;Oiseau Vert\" \/>\n<meta property=\"article:modified_time\" content=\"2026-03-25T17:37:45+00:00\" \/>\n<meta property=\"og:image\" content=\"https:\/\/loiseauvert.fr\/wp-content\/uploads\/2023\/05\/oiseau-vert-solarisation-sinap-20-jpg.webp\" \/>\n\t<meta property=\"og:image:width\" content=\"1000\" \/>\n\t<meta property=\"og:image:height\" content=\"1000\" \/>\n\t<meta property=\"og:image:type\" content=\"image\/jpeg\" \/>\n<meta name=\"twitter:card\" content=\"summary_large_image\" \/>\n<meta name=\"twitter:label1\" content=\"Estimated reading time\" \/>\n\t<meta name=\"twitter:data1\" content=\"1 minute\" \/>\n<script type=\"application\/ld+json\" class=\"yoast-schema-graph\">{\"@context\":\"https:\/\/schema.org\",\"@graph\":[{\"@type\":\"WebPage\",\"@id\":\"https:\/\/loiseauvert.fr\/produit\/solarisation-n20-harmonie-et-confiance-interieur\/\",\"url\":\"https:\/\/loiseauvert.fr\/produit\/solarisation-n20-harmonie-et-confiance-interieur\/\",\"name\":\"Sinap - L&#039;Oiseau Vert\",\"isPartOf\":{\"@id\":\"https:\/\/loiseauvert.fr\/#website\"},\"primaryImageOfPage\":{\"@id\":\"https:\/\/loiseauvert.fr\/produit\/solarisation-n20-harmonie-et-confiance-interieur\/#primaryimage\"},\"image\":{\"@id\":\"https:\/\/loiseauvert.fr\/produit\/solarisation-n20-harmonie-et-confiance-interieur\/#primaryimage\"},\"thumbnailUrl\":\"https:\/\/loiseauvert.fr\/wp-content\/uploads\/2023\/05\/oiseau-vert-solarisation-sinap-20-jpg.webp\",\"datePublished\":\"2023-05-19T13:24:41+00:00\",\"dateModified\":\"2026-03-25T17:37:45+00:00\",\"description\":\"D\u00e9couvrez la Solarisation n\u00b020 pour rel\u00e2cher les tensions, cultiver l\u2019acceptation de soi, l\u00e2cher les peurs limitantes et renforcer la connexion int\u00e9rieure.\",\"breadcrumb\":{\"@id\":\"https:\/\/loiseauvert.fr\/produit\/solarisation-n20-harmonie-et-confiance-interieur\/#breadcrumb\"},\"inLanguage\":\"en-GB\",\"potentialAction\":[{\"@type\":\"ReadAction\",\"target\":[\"https:\/\/loiseauvert.fr\/produit\/solarisation-n20-harmonie-et-confiance-interieur\/\"]}]},{\"@type\":\"ImageObject\",\"inLanguage\":\"en-GB\",\"@id\":\"https:\/\/loiseauvert.fr\/produit\/solarisation-n20-harmonie-et-confiance-interieur\/#primaryimage\",\"url\":\"https:\/\/loiseauvert.fr\/wp-content\/uploads\/2023\/05\/oiseau-vert-solarisation-sinap-20-jpg.webp\",\"contentUrl\":\"https:\/\/loiseauvert.fr\/wp-content\/uploads\/2023\/05\/oiseau-vert-solarisation-sinap-20-jpg.webp\",\"width\":1000,\"height\":1000},{\"@type\":\"BreadcrumbList\",\"@id\":\"https:\/\/loiseauvert.fr\/produit\/solarisation-n20-harmonie-et-confiance-interieur\/#breadcrumb\",\"itemListElement\":[{\"@type\":\"ListItem\",\"position\":1,\"name\":\"Accueil\",\"item\":\"https:\/\/loiseauvert.fr\/\"},{\"@type\":\"ListItem\",\"position\":2,\"name\":\"Les Sp\u00e9cifiques\",\"item\":\"https:\/\/loiseauvert.fr\/categorie-produit\/les-specifiques\/\"},{\"@type\":\"ListItem\",\"position\":3,\"name\":\"Sinap\"}]},{\"@type\":\"WebSite\",\"@id\":\"https:\/\/loiseauvert.fr\/#website\",\"url\":\"https:\/\/loiseauvert.fr\/\",\"name\":\"L&#039;Oiseau Vert\",\"description\":\"\",\"potentialAction\":[{\"@type\":\"SearchAction\",\"target\":{\"@type\":\"EntryPoint\",\"urlTemplate\":\"https:\/\/loiseauvert.fr\/?s={search_term_string}\"},\"query-input\":{\"@type\":\"PropertyValueSpecification\",\"valueRequired\":true,\"valueName\":\"search_term_string\"}}],\"inLanguage\":\"en-GB\"}]}<\/script>\n<!-- \/ Yoast SEO plugin. -->","yoast_head_json":{"title":"Sinap - L&#039;Green Bird","description":"D\u00e9couvrez la Solarisation n\u00b020 pour rel\u00e2cher les tensions, cultiver l\u2019acceptation de soi, l\u00e2cher les peurs limitantes et renforcer la connexion int\u00e9rieure.","robots":{"index":"index","follow":"follow","max-snippet":"max-snippet:-1","max-image-preview":"max-image-preview:large","max-video-preview":"max-video-preview:-1"},"canonical":"https:\/\/loiseauvert.fr\/en\/product\/solarisation-n20-harmonie-et-confiance-interieur\/","og_locale":"en_GB","og_type":"article","og_title":"Sinap - L&#039;Oiseau Vert","og_description":"D\u00e9couvrez la Solarisation n\u00b020 pour rel\u00e2cher les tensions, cultiver l\u2019acceptation de soi, l\u00e2cher les peurs limitantes et renforcer la connexion int\u00e9rieure.","og_url":"https:\/\/loiseauvert.fr\/en\/product\/solarisation-n20-harmonie-et-confiance-interieur\/","og_site_name":"L&#039;Oiseau Vert","article_modified_time":"2026-03-25T17:37:45+00:00","og_image":[{"width":1000,"height":1000,"url":"https:\/\/loiseauvert.fr\/wp-content\/uploads\/2023\/05\/oiseau-vert-solarisation-sinap-20-jpg.webp","type":"image\/jpeg"}],"twitter_card":"summary_large_image","twitter_misc":{"Estimated reading time":"1 minute"},"schema":{"@context":"https:\/\/schema.org","@graph":[{"@type":"WebPage","@id":"https:\/\/loiseauvert.fr\/produit\/solarisation-n20-harmonie-et-confiance-interieur\/","url":"https:\/\/loiseauvert.fr\/produit\/solarisation-n20-harmonie-et-confiance-interieur\/","name":"Sinap - L&#039;Green Bird","isPartOf":{"@id":"https:\/\/loiseauvert.fr\/#website"},"primaryImageOfPage":{"@id":"https:\/\/loiseauvert.fr\/produit\/solarisation-n20-harmonie-et-confiance-interieur\/#primaryimage"},"image":{"@id":"https:\/\/loiseauvert.fr\/produit\/solarisation-n20-harmonie-et-confiance-interieur\/#primaryimage"},"thumbnailUrl":"https:\/\/loiseauvert.fr\/wp-content\/uploads\/2023\/05\/oiseau-vert-solarisation-sinap-20-jpg.webp","datePublished":"2023-05-19T13:24:41+00:00","dateModified":"2026-03-25T17:37:45+00:00","description":"D\u00e9couvrez la Solarisation n\u00b020 pour rel\u00e2cher les tensions, cultiver l\u2019acceptation de soi, l\u00e2cher les peurs limitantes et renforcer la connexion int\u00e9rieure.","breadcrumb":{"@id":"https:\/\/loiseauvert.fr\/produit\/solarisation-n20-harmonie-et-confiance-interieur\/#breadcrumb"},"inLanguage":"en-GB","potentialAction":[{"@type":"ReadAction","target":["https:\/\/loiseauvert.fr\/produit\/solarisation-n20-harmonie-et-confiance-interieur\/"]}]},{"@type":"ImageObject","inLanguage":"en-GB","@id":"https:\/\/loiseauvert.fr\/produit\/solarisation-n20-harmonie-et-confiance-interieur\/#primaryimage","url":"https:\/\/loiseauvert.fr\/wp-content\/uploads\/2023\/05\/oiseau-vert-solarisation-sinap-20-jpg.webp","contentUrl":"https:\/\/loiseauvert.fr\/wp-content\/uploads\/2023\/05\/oiseau-vert-solarisation-sinap-20-jpg.webp","width":1000,"height":1000},{"@type":"BreadcrumbList","@id":"https:\/\/loiseauvert.fr\/produit\/solarisation-n20-harmonie-et-confiance-interieur\/#breadcrumb","itemListElement":[{"@type":"ListItem","position":1,"name":"Accueil","item":"https:\/\/loiseauvert.fr\/"},{"@type":"ListItem","position":2,"name":"Les Sp\u00e9cifiques","item":"https:\/\/loiseauvert.fr\/categorie-produit\/les-specifiques\/"},{"@type":"ListItem","position":3,"name":"Sinap"}]},{"@type":"WebSite","@id":"https:\/\/loiseauvert.fr\/#website","url":"https:\/\/loiseauvert.fr\/","name":"The Green Bird","description":"","potentialAction":[{"@type":"SearchAction","target":{"@type":"EntryPoint","urlTemplate":"https:\/\/loiseauvert.fr\/?s={search_term_string}"},"query-input":{"@type":"PropertyValueSpecification","valueRequired":true,"valueName":"search_term_string"}}],"inLanguage":"en-GB"}]}},"batches":[{"id":"23","date_created":"2025-05-22 10:53:53","date_expiry":"2026-11-01 00:00:00","user_id":"8","batch_number":"20.24.039","location":"","quantity":"12.0000","quantity_available":"0.0000","units":"1","status":"archived","order_ids":"[14433,14458,13912,17216]"},{"id":"75","date_created":"2025-06-26 09:45:21","date_expiry":"2027-06-01 00:00:00","user_id":"8","batch_number":"20.25.040","location":"","quantity":"79.0000","quantity_available":"1.0000","units":"1","status":"active","order_ids":"[14836,14874,14877,14898,14901,14954,15297,15328,15350,15584,15592,15621,15713,15739,15747,15892,15913,16037,16112,16146,16366,16399,16553,16646,16688,16753,16842,16906,17026,17078,17166,17174,17230,17234,17241,17291,17304,17359,17414,17480,17521,17659,17733,17774,17803,17849,18098,18175,18177,18293,18447,18437,18491,18533,18545,18574,18644,18698,18724,18745]"},{"id":"193","date_created":"2026-03-23 15:25:40","date_expiry":"2028-03-01 00:00:00","user_id":"0","batch_number":"20.26.041","location":"","quantity":"71.0000","quantity_available":"71.0000","units":"1","status":"active","order_ids":null}],"_links":{"self":[{"href":"https:\/\/loiseauvert.fr\/en\/wp-json\/wp\/v2\/product\/1559","targetHints":{"allow":["GET"]}}],"collection":[{"href":"https:\/\/loiseauvert.fr\/en\/wp-json\/wp\/v2\/product"}],"about":[{"href":"https:\/\/loiseauvert.fr\/en\/wp-json\/wp\/v2\/types\/product"}],"wp:featuredmedia":[{"embeddable":true,"href":"https:\/\/loiseauvert.fr\/en\/wp-json\/wp\/v2\/media\/1569"}],"wp:attachment":[{"href":"https:\/\/loiseauvert.fr\/en\/wp-json\/wp\/v2\/media?parent=1559"}],"wp:term":[{"taxonomy":"product_brand","embeddable":true,"href":"https:\/\/loiseauvert.fr\/en\/wp-json\/wp\/v2\/product_brand?post=1559"},{"taxonomy":"product_cat","embeddable":true,"href":"https:\/\/loiseauvert.fr\/en\/wp-json\/wp\/v2\/product_cat?post=1559"},{"taxonomy":"product_tag","embeddable":true,"href":"https:\/\/loiseauvert.fr\/en\/wp-json\/wp\/v2\/product_tag?post=1559"}],"curies":[{"name":"wp","href":"https:\/\/api.w.org\/{rel}","templated":true}]}}