{"id":1505,"date":"2023-05-19T15:21:22","date_gmt":"2023-05-19T13:21:22","guid":{"rendered":"https:\/\/loiseauvert.fr\/?post_type=product&#038;p=1505"},"modified":"2026-04-03T17:31:00","modified_gmt":"2026-04-03T15:31:00","slug":"solarisation-n36-energie-vitale-et-affirmation-de-soi","status":"publish","type":"product","link":"https:\/\/loiseauvert.fr\/en\/product\/solarisation-n36-energie-vitale-et-affirmation-de-soi\/","title":{"rendered":"Breathe"},"content":{"rendered":"<h3>Solarization No. 36<\/h3>\n<p><strong>\u00ab\u00a0Encouragement \u00e0 embrasser pleinement son \u00e9nergie vitale\u00a0\u00bb<\/strong><\/p>\n<ul>\n<li>Accompagne la lib\u00e9ration des influences limitantes et invite \u00e0 retrouver son espace personnel.<\/li>\n<li>Favorise la reconnaissance de l\u2019abondance pr\u00e9sente et soutient l\u2019affirmation de soi, la libert\u00e9 et l\u2019autonomie.<\/li>\n<\/ul>","protected":false},"excerpt":{"rendered":"<p>Invite \u00e0 se reconnecter \u00e0 son \u00e9nergie vitale et \u00e0 ressentir un sentiment d\u2019appartenance.<br data-start=\"187\" data-end=\"190\" \/>Accompagne le renforcement du pouvoir personnel et le bien-\u00eatre int\u00e9rieur.<\/p>","protected":false},"featured_media":1519,"template":"","meta":{"_acf_changed":false,"_glsr_average":0,"_glsr_ranking":0,"_glsr_reviews":0},"product_brand":[],"product_cat":[60],"product_tag":[],"class_list":{"0":"post-1505","1":"product","2":"type-product","3":"status-publish","4":"has-post-thumbnail","6":"product_cat-les-specifiques","8":"first","9":"instock","10":"taxable","11":"shipping-taxable","12":"purchasable","13":"product-type-simple"},"supplier_id":null,"supplier_sku":"","barcode":null,"atum_controlled":true,"out_stock_date":null,"out_stock_threshold":null,"inheritable":false,"inbound_stock":null,"stock_on_hold":5,"sold_today":0,"sales_last_days":1,"reserved_stock":null,"customer_returns":null,"warehouse_damage":null,"lost_in_post":null,"other_logs":null,"out_stock_days":0,"lost_sales":0,"has_location":false,"update_date":"2026-04-06T10:18:21","atum_locations":[],"atum_stock_status":"instock","restock_status":false,"low_stock_amount":"","sales_update_date":"2026-04-06T10:18:21","calc_backorders":null,"acf":[],"yoast_head":"<!-- This site is optimized with the Yoast SEO plugin v26.9 - https:\/\/yoast.com\/product\/yoast-seo-wordpress\/ -->\n<title>Respir - L&#039;Oiseau Vert<\/title>\n<meta name=\"description\" content=\"la Solarisation n\u00b036 pour lib\u00e9rer les influences limitantes, retrouver votre espace personnel, renforcer l\u2019affirmation de soi et la vitalit\u00e9.\" \/>\n<meta name=\"robots\" content=\"index, follow, max-snippet:-1, max-image-preview:large, max-video-preview:-1\" \/>\n<link rel=\"canonical\" href=\"https:\/\/loiseauvert.fr\/en\/product\/solarisation-n36-energie-vitale-et-affirmation-de-soi\/\" \/>\n<meta property=\"og:locale\" content=\"en_GB\" \/>\n<meta property=\"og:type\" content=\"article\" \/>\n<meta property=\"og:title\" content=\"Respir - L&#039;Oiseau Vert\" \/>\n<meta property=\"og:description\" content=\"la Solarisation n\u00b036 pour lib\u00e9rer les influences limitantes, retrouver votre espace personnel, renforcer l\u2019affirmation de soi et la vitalit\u00e9.\" \/>\n<meta property=\"og:url\" content=\"https:\/\/loiseauvert.fr\/en\/product\/solarisation-n36-energie-vitale-et-affirmation-de-soi\/\" \/>\n<meta property=\"og:site_name\" content=\"L&#039;Oiseau Vert\" \/>\n<meta property=\"article:modified_time\" content=\"2026-04-03T15:31:00+00:00\" \/>\n<meta property=\"og:image\" content=\"https:\/\/loiseauvert.fr\/wp-content\/uploads\/2023\/05\/oiseau-vert-solarisation-respir-36-jpg.webp\" \/>\n\t<meta property=\"og:image:width\" content=\"1000\" \/>\n\t<meta property=\"og:image:height\" content=\"1000\" \/>\n\t<meta property=\"og:image:type\" content=\"image\/jpeg\" \/>\n<meta name=\"twitter:card\" content=\"summary_large_image\" \/>\n<meta name=\"twitter:label1\" content=\"Estimated reading time\" \/>\n\t<meta name=\"twitter:data1\" content=\"1 minute\" \/>\n<script type=\"application\/ld+json\" class=\"yoast-schema-graph\">{\"@context\":\"https:\/\/schema.org\",\"@graph\":[{\"@type\":\"WebPage\",\"@id\":\"https:\/\/loiseauvert.fr\/produit\/solarisation-n36-energie-vitale-et-affirmation-de-soi\/\",\"url\":\"https:\/\/loiseauvert.fr\/produit\/solarisation-n36-energie-vitale-et-affirmation-de-soi\/\",\"name\":\"Respir - L&#039;Oiseau Vert\",\"isPartOf\":{\"@id\":\"https:\/\/loiseauvert.fr\/#website\"},\"primaryImageOfPage\":{\"@id\":\"https:\/\/loiseauvert.fr\/produit\/solarisation-n36-energie-vitale-et-affirmation-de-soi\/#primaryimage\"},\"image\":{\"@id\":\"https:\/\/loiseauvert.fr\/produit\/solarisation-n36-energie-vitale-et-affirmation-de-soi\/#primaryimage\"},\"thumbnailUrl\":\"https:\/\/loiseauvert.fr\/wp-content\/uploads\/2023\/05\/oiseau-vert-solarisation-respir-36-jpg.webp\",\"datePublished\":\"2023-05-19T13:21:22+00:00\",\"dateModified\":\"2026-04-03T15:31:00+00:00\",\"description\":\"la Solarisation n\u00b036 pour lib\u00e9rer les influences limitantes, retrouver votre espace personnel, renforcer l\u2019affirmation de soi et la vitalit\u00e9.\",\"breadcrumb\":{\"@id\":\"https:\/\/loiseauvert.fr\/produit\/solarisation-n36-energie-vitale-et-affirmation-de-soi\/#breadcrumb\"},\"inLanguage\":\"en-GB\",\"potentialAction\":[{\"@type\":\"ReadAction\",\"target\":[\"https:\/\/loiseauvert.fr\/produit\/solarisation-n36-energie-vitale-et-affirmation-de-soi\/\"]}]},{\"@type\":\"ImageObject\",\"inLanguage\":\"en-GB\",\"@id\":\"https:\/\/loiseauvert.fr\/produit\/solarisation-n36-energie-vitale-et-affirmation-de-soi\/#primaryimage\",\"url\":\"https:\/\/loiseauvert.fr\/wp-content\/uploads\/2023\/05\/oiseau-vert-solarisation-respir-36-jpg.webp\",\"contentUrl\":\"https:\/\/loiseauvert.fr\/wp-content\/uploads\/2023\/05\/oiseau-vert-solarisation-respir-36-jpg.webp\",\"width\":1000,\"height\":1000},{\"@type\":\"BreadcrumbList\",\"@id\":\"https:\/\/loiseauvert.fr\/produit\/solarisation-n36-energie-vitale-et-affirmation-de-soi\/#breadcrumb\",\"itemListElement\":[{\"@type\":\"ListItem\",\"position\":1,\"name\":\"Accueil\",\"item\":\"https:\/\/loiseauvert.fr\/\"},{\"@type\":\"ListItem\",\"position\":2,\"name\":\"Les Sp\u00e9cifiques\",\"item\":\"https:\/\/loiseauvert.fr\/categorie-produit\/les-specifiques\/\"},{\"@type\":\"ListItem\",\"position\":3,\"name\":\"Respir\"}]},{\"@type\":\"WebSite\",\"@id\":\"https:\/\/loiseauvert.fr\/#website\",\"url\":\"https:\/\/loiseauvert.fr\/\",\"name\":\"L&#039;Oiseau Vert\",\"description\":\"\",\"potentialAction\":[{\"@type\":\"SearchAction\",\"target\":{\"@type\":\"EntryPoint\",\"urlTemplate\":\"https:\/\/loiseauvert.fr\/?s={search_term_string}\"},\"query-input\":{\"@type\":\"PropertyValueSpecification\",\"valueRequired\":true,\"valueName\":\"search_term_string\"}}],\"inLanguage\":\"en-GB\"}]}<\/script>\n<!-- \/ Yoast SEO plugin. -->","yoast_head_json":{"title":"Breathe - L&#039;Green Bird","description":"la Solarisation n\u00b036 pour lib\u00e9rer les influences limitantes, retrouver votre espace personnel, renforcer l\u2019affirmation de soi et la vitalit\u00e9.","robots":{"index":"index","follow":"follow","max-snippet":"max-snippet:-1","max-image-preview":"max-image-preview:large","max-video-preview":"max-video-preview:-1"},"canonical":"https:\/\/loiseauvert.fr\/en\/product\/solarisation-n36-energie-vitale-et-affirmation-de-soi\/","og_locale":"en_GB","og_type":"article","og_title":"Respir - L&#039;Oiseau Vert","og_description":"la Solarisation n\u00b036 pour lib\u00e9rer les influences limitantes, retrouver votre espace personnel, renforcer l\u2019affirmation de soi et la vitalit\u00e9.","og_url":"https:\/\/loiseauvert.fr\/en\/product\/solarisation-n36-energie-vitale-et-affirmation-de-soi\/","og_site_name":"L&#039;Oiseau Vert","article_modified_time":"2026-04-03T15:31:00+00:00","og_image":[{"width":1000,"height":1000,"url":"https:\/\/loiseauvert.fr\/wp-content\/uploads\/2023\/05\/oiseau-vert-solarisation-respir-36-jpg.webp","type":"image\/jpeg"}],"twitter_card":"summary_large_image","twitter_misc":{"Estimated reading time":"1 minute"},"schema":{"@context":"https:\/\/schema.org","@graph":[{"@type":"WebPage","@id":"https:\/\/loiseauvert.fr\/produit\/solarisation-n36-energie-vitale-et-affirmation-de-soi\/","url":"https:\/\/loiseauvert.fr\/produit\/solarisation-n36-energie-vitale-et-affirmation-de-soi\/","name":"Breathe - L&#039;Green Bird","isPartOf":{"@id":"https:\/\/loiseauvert.fr\/#website"},"primaryImageOfPage":{"@id":"https:\/\/loiseauvert.fr\/produit\/solarisation-n36-energie-vitale-et-affirmation-de-soi\/#primaryimage"},"image":{"@id":"https:\/\/loiseauvert.fr\/produit\/solarisation-n36-energie-vitale-et-affirmation-de-soi\/#primaryimage"},"thumbnailUrl":"https:\/\/loiseauvert.fr\/wp-content\/uploads\/2023\/05\/oiseau-vert-solarisation-respir-36-jpg.webp","datePublished":"2023-05-19T13:21:22+00:00","dateModified":"2026-04-03T15:31:00+00:00","description":"la Solarisation n\u00b036 pour lib\u00e9rer les influences limitantes, retrouver votre espace personnel, renforcer l\u2019affirmation de soi et la vitalit\u00e9.","breadcrumb":{"@id":"https:\/\/loiseauvert.fr\/produit\/solarisation-n36-energie-vitale-et-affirmation-de-soi\/#breadcrumb"},"inLanguage":"en-GB","potentialAction":[{"@type":"ReadAction","target":["https:\/\/loiseauvert.fr\/produit\/solarisation-n36-energie-vitale-et-affirmation-de-soi\/"]}]},{"@type":"ImageObject","inLanguage":"en-GB","@id":"https:\/\/loiseauvert.fr\/produit\/solarisation-n36-energie-vitale-et-affirmation-de-soi\/#primaryimage","url":"https:\/\/loiseauvert.fr\/wp-content\/uploads\/2023\/05\/oiseau-vert-solarisation-respir-36-jpg.webp","contentUrl":"https:\/\/loiseauvert.fr\/wp-content\/uploads\/2023\/05\/oiseau-vert-solarisation-respir-36-jpg.webp","width":1000,"height":1000},{"@type":"BreadcrumbList","@id":"https:\/\/loiseauvert.fr\/produit\/solarisation-n36-energie-vitale-et-affirmation-de-soi\/#breadcrumb","itemListElement":[{"@type":"ListItem","position":1,"name":"Accueil","item":"https:\/\/loiseauvert.fr\/"},{"@type":"ListItem","position":2,"name":"Les Sp\u00e9cifiques","item":"https:\/\/loiseauvert.fr\/categorie-produit\/les-specifiques\/"},{"@type":"ListItem","position":3,"name":"Respir"}]},{"@type":"WebSite","@id":"https:\/\/loiseauvert.fr\/#website","url":"https:\/\/loiseauvert.fr\/","name":"The Green Bird","description":"","potentialAction":[{"@type":"SearchAction","target":{"@type":"EntryPoint","urlTemplate":"https:\/\/loiseauvert.fr\/?s={search_term_string}"},"query-input":{"@type":"PropertyValueSpecification","valueRequired":true,"valueName":"search_term_string"}}],"inLanguage":"en-GB"}]}},"batches":[{"id":"37","date_created":"2025-05-22 11:13:41","date_expiry":"2026-11-01 00:00:00","user_id":"8","batch_number":"36.24.037","location":"","quantity":"19.0000","quantity_available":"0.0000","units":"1","status":"archived","order_ids":"[14433,14471,14501,13912,14543,14588,14683,14802,14852,14973,15039,15067,15091,15144,15170,17199]"},{"id":"84","date_created":"2025-07-04 17:23:37","date_expiry":"2027-07-01 00:00:00","user_id":"8","batch_number":"36.25.038","location":"","quantity":"73.0000","quantity_available":"0.0000","units":"1","status":"archived","order_ids":"[15223,15267,15411,15417,15492,15611,15640,15715,15750,15769,16044,16125,16135,16203,16239,16268,16320,16432,16464,16508,16562,16598,16631,16767,16822,16845,16897,17056,17096,17115,17126,17166,17200,17521,17526,17533,17554,17588,17807,18155,18158,18210,18307,18406,18458,18535,18821,18893]"},{"id":"176","date_created":"2026-02-04 13:23:14","date_expiry":"2028-02-01 00:00:00","user_id":"0","batch_number":"36.26.039","location":"","quantity":"71.0000","quantity_available":"71.0000","units":"1","status":"active","order_ids":null}],"_links":{"self":[{"href":"https:\/\/loiseauvert.fr\/en\/wp-json\/wp\/v2\/product\/1505","targetHints":{"allow":["GET"]}}],"collection":[{"href":"https:\/\/loiseauvert.fr\/en\/wp-json\/wp\/v2\/product"}],"about":[{"href":"https:\/\/loiseauvert.fr\/en\/wp-json\/wp\/v2\/types\/product"}],"wp:featuredmedia":[{"embeddable":true,"href":"https:\/\/loiseauvert.fr\/en\/wp-json\/wp\/v2\/media\/1519"}],"wp:attachment":[{"href":"https:\/\/loiseauvert.fr\/en\/wp-json\/wp\/v2\/media?parent=1505"}],"wp:term":[{"taxonomy":"product_brand","embeddable":true,"href":"https:\/\/loiseauvert.fr\/en\/wp-json\/wp\/v2\/product_brand?post=1505"},{"taxonomy":"product_cat","embeddable":true,"href":"https:\/\/loiseauvert.fr\/en\/wp-json\/wp\/v2\/product_cat?post=1505"},{"taxonomy":"product_tag","embeddable":true,"href":"https:\/\/loiseauvert.fr\/en\/wp-json\/wp\/v2\/product_tag?post=1505"}],"curies":[{"name":"wp","href":"https:\/\/api.w.org\/{rel}","templated":true}]}}