{"id":1476,"date":"2023-05-19T15:20:49","date_gmt":"2023-05-19T13:20:49","guid":{"rendered":"https:\/\/loiseauvert.fr\/?post_type=product&#038;p=1476"},"modified":"2026-04-02T23:26:57","modified_gmt":"2026-04-02T21:26:57","slug":"solarisation-n17-soutien-vibratoire-et-serenite-interieure","status":"publish","type":"product","link":"https:\/\/loiseauvert.fr\/en\/product\/solarisation-n17-soutien-vibratoire-et-serenite-interieure\/","title":{"rendered":"Protec"},"content":{"rendered":"<h3>Solarization No. 17<\/h3>\n<p><strong>\u00ab\u00a0Soutien vibratoire face aux perturbations de l\u2019environnement\u00a0\u00bb<\/strong><\/p>\n<ul>\n<li>Accompagne le renforcement de la s\u00e9r\u00e9nit\u00e9 int\u00e9rieure face aux influences ext\u00e9rieures.<\/li>\n<li>Favorise une expression libre et confiante.<\/li>\n<li>Soutient la confiance dans la gestion des situations difficiles.<\/li>\n<\/ul>","protected":false},"excerpt":{"rendered":"<p data-start=\"72\" data-end=\"226\">Favorise un sentiment de s\u00e9curit\u00e9 et d\u2019harmonie avec son environnement.<br data-start=\"160\" data-end=\"163\" \/>Soutient la capacit\u00e9 \u00e0 faire face aux influences ext\u00e9rieures.<\/p>","protected":false},"featured_media":1492,"template":"","meta":{"_acf_changed":false,"_glsr_average":0,"_glsr_ranking":0,"_glsr_reviews":0},"product_brand":[],"product_cat":[60],"product_tag":[],"class_list":{"0":"post-1476","1":"product","2":"type-product","3":"status-publish","4":"has-post-thumbnail","6":"product_cat-les-specifiques","8":"first","9":"instock","10":"taxable","11":"shipping-taxable","12":"purchasable","13":"product-type-simple"},"supplier_id":null,"supplier_sku":"","barcode":null,"atum_controlled":true,"out_stock_date":null,"out_stock_threshold":null,"inheritable":false,"inbound_stock":null,"stock_on_hold":1,"sold_today":0,"sales_last_days":2,"reserved_stock":null,"customer_returns":null,"warehouse_damage":null,"lost_in_post":null,"other_logs":null,"out_stock_days":0,"lost_sales":0,"has_location":false,"update_date":"2026-04-06T10:18:20","atum_locations":[],"atum_stock_status":"instock","restock_status":false,"low_stock_amount":"","sales_update_date":"2026-04-06T10:18:20","calc_backorders":null,"acf":[],"yoast_head":"<!-- This site is optimized with the Yoast SEO plugin v26.9 - https:\/\/yoast.com\/product\/yoast-seo-wordpress\/ -->\n<title>Protec - L&#039;Oiseau Vert<\/title>\n<meta name=\"description\" content=\"la Solarisation n\u00b017, un soutien vibratoire aide \u00e0 renforcer la s\u00e9r\u00e9nit\u00e9 int\u00e9rieure, favorise l\u2019expression confiante et permet de g\u00e9rer les d\u00e9fis quotidien\" \/>\n<meta name=\"robots\" content=\"index, follow, max-snippet:-1, max-image-preview:large, max-video-preview:-1\" \/>\n<link rel=\"canonical\" href=\"https:\/\/loiseauvert.fr\/en\/product\/solarisation-n17-soutien-vibratoire-et-serenite-interieure\/\" \/>\n<meta property=\"og:locale\" content=\"en_GB\" \/>\n<meta property=\"og:type\" content=\"article\" \/>\n<meta property=\"og:title\" content=\"Protec - L&#039;Oiseau Vert\" \/>\n<meta property=\"og:description\" content=\"la Solarisation n\u00b017, un soutien vibratoire aide \u00e0 renforcer la s\u00e9r\u00e9nit\u00e9 int\u00e9rieure, favorise l\u2019expression confiante et permet de g\u00e9rer les d\u00e9fis quotidien\" \/>\n<meta property=\"og:url\" content=\"https:\/\/loiseauvert.fr\/en\/product\/solarisation-n17-soutien-vibratoire-et-serenite-interieure\/\" \/>\n<meta property=\"og:site_name\" content=\"L&#039;Oiseau Vert\" \/>\n<meta property=\"article:modified_time\" content=\"2026-04-02T21:26:57+00:00\" \/>\n<meta property=\"og:image\" content=\"https:\/\/loiseauvert.fr\/wp-content\/uploads\/2023\/05\/oiseau-vert-solarisation-protec-17-jpg.webp\" \/>\n\t<meta property=\"og:image:width\" content=\"1000\" \/>\n\t<meta property=\"og:image:height\" content=\"1000\" \/>\n\t<meta property=\"og:image:type\" content=\"image\/jpeg\" \/>\n<meta name=\"twitter:card\" content=\"summary_large_image\" \/>\n<meta name=\"twitter:label1\" content=\"Estimated reading time\" \/>\n\t<meta name=\"twitter:data1\" content=\"1 minute\" \/>\n<script type=\"application\/ld+json\" class=\"yoast-schema-graph\">{\"@context\":\"https:\/\/schema.org\",\"@graph\":[{\"@type\":\"WebPage\",\"@id\":\"https:\/\/loiseauvert.fr\/produit\/solarisation-n17-soutien-vibratoire-et-serenite-interieure\/\",\"url\":\"https:\/\/loiseauvert.fr\/produit\/solarisation-n17-soutien-vibratoire-et-serenite-interieure\/\",\"name\":\"Protec - L&#039;Oiseau Vert\",\"isPartOf\":{\"@id\":\"https:\/\/loiseauvert.fr\/#website\"},\"primaryImageOfPage\":{\"@id\":\"https:\/\/loiseauvert.fr\/produit\/solarisation-n17-soutien-vibratoire-et-serenite-interieure\/#primaryimage\"},\"image\":{\"@id\":\"https:\/\/loiseauvert.fr\/produit\/solarisation-n17-soutien-vibratoire-et-serenite-interieure\/#primaryimage\"},\"thumbnailUrl\":\"https:\/\/loiseauvert.fr\/wp-content\/uploads\/2023\/05\/oiseau-vert-solarisation-protec-17-jpg.webp\",\"datePublished\":\"2023-05-19T13:20:49+00:00\",\"dateModified\":\"2026-04-02T21:26:57+00:00\",\"description\":\"la Solarisation n\u00b017, un soutien vibratoire aide \u00e0 renforcer la s\u00e9r\u00e9nit\u00e9 int\u00e9rieure, favorise l\u2019expression confiante et permet de g\u00e9rer les d\u00e9fis quotidien\",\"breadcrumb\":{\"@id\":\"https:\/\/loiseauvert.fr\/produit\/solarisation-n17-soutien-vibratoire-et-serenite-interieure\/#breadcrumb\"},\"inLanguage\":\"en-GB\",\"potentialAction\":[{\"@type\":\"ReadAction\",\"target\":[\"https:\/\/loiseauvert.fr\/produit\/solarisation-n17-soutien-vibratoire-et-serenite-interieure\/\"]}]},{\"@type\":\"ImageObject\",\"inLanguage\":\"en-GB\",\"@id\":\"https:\/\/loiseauvert.fr\/produit\/solarisation-n17-soutien-vibratoire-et-serenite-interieure\/#primaryimage\",\"url\":\"https:\/\/loiseauvert.fr\/wp-content\/uploads\/2023\/05\/oiseau-vert-solarisation-protec-17-jpg.webp\",\"contentUrl\":\"https:\/\/loiseauvert.fr\/wp-content\/uploads\/2023\/05\/oiseau-vert-solarisation-protec-17-jpg.webp\",\"width\":1000,\"height\":1000},{\"@type\":\"BreadcrumbList\",\"@id\":\"https:\/\/loiseauvert.fr\/produit\/solarisation-n17-soutien-vibratoire-et-serenite-interieure\/#breadcrumb\",\"itemListElement\":[{\"@type\":\"ListItem\",\"position\":1,\"name\":\"Accueil\",\"item\":\"https:\/\/loiseauvert.fr\/\"},{\"@type\":\"ListItem\",\"position\":2,\"name\":\"Les Sp\u00e9cifiques\",\"item\":\"https:\/\/loiseauvert.fr\/categorie-produit\/les-specifiques\/\"},{\"@type\":\"ListItem\",\"position\":3,\"name\":\"Protec\"}]},{\"@type\":\"WebSite\",\"@id\":\"https:\/\/loiseauvert.fr\/#website\",\"url\":\"https:\/\/loiseauvert.fr\/\",\"name\":\"L&#039;Oiseau Vert\",\"description\":\"\",\"potentialAction\":[{\"@type\":\"SearchAction\",\"target\":{\"@type\":\"EntryPoint\",\"urlTemplate\":\"https:\/\/loiseauvert.fr\/?s={search_term_string}\"},\"query-input\":{\"@type\":\"PropertyValueSpecification\",\"valueRequired\":true,\"valueName\":\"search_term_string\"}}],\"inLanguage\":\"en-GB\"}]}<\/script>\n<!-- \/ Yoast SEO plugin. -->","yoast_head_json":{"title":"Protec - L&#039;Oiseau Vert","description":"la Solarisation n\u00b017, un soutien vibratoire aide \u00e0 renforcer la s\u00e9r\u00e9nit\u00e9 int\u00e9rieure, favorise l\u2019expression confiante et permet de g\u00e9rer les d\u00e9fis quotidien","robots":{"index":"index","follow":"follow","max-snippet":"max-snippet:-1","max-image-preview":"max-image-preview:large","max-video-preview":"max-video-preview:-1"},"canonical":"https:\/\/loiseauvert.fr\/en\/product\/solarisation-n17-soutien-vibratoire-et-serenite-interieure\/","og_locale":"en_GB","og_type":"article","og_title":"Protec - L&#039;Oiseau Vert","og_description":"la Solarisation n\u00b017, un soutien vibratoire aide \u00e0 renforcer la s\u00e9r\u00e9nit\u00e9 int\u00e9rieure, favorise l\u2019expression confiante et permet de g\u00e9rer les d\u00e9fis quotidien","og_url":"https:\/\/loiseauvert.fr\/en\/product\/solarisation-n17-soutien-vibratoire-et-serenite-interieure\/","og_site_name":"L&#039;Oiseau Vert","article_modified_time":"2026-04-02T21:26:57+00:00","og_image":[{"width":1000,"height":1000,"url":"https:\/\/loiseauvert.fr\/wp-content\/uploads\/2023\/05\/oiseau-vert-solarisation-protec-17-jpg.webp","type":"image\/jpeg"}],"twitter_card":"summary_large_image","twitter_misc":{"Estimated reading time":"1 minute"},"schema":{"@context":"https:\/\/schema.org","@graph":[{"@type":"WebPage","@id":"https:\/\/loiseauvert.fr\/produit\/solarisation-n17-soutien-vibratoire-et-serenite-interieure\/","url":"https:\/\/loiseauvert.fr\/produit\/solarisation-n17-soutien-vibratoire-et-serenite-interieure\/","name":"Protec - L&#039;Oiseau Vert","isPartOf":{"@id":"https:\/\/loiseauvert.fr\/#website"},"primaryImageOfPage":{"@id":"https:\/\/loiseauvert.fr\/produit\/solarisation-n17-soutien-vibratoire-et-serenite-interieure\/#primaryimage"},"image":{"@id":"https:\/\/loiseauvert.fr\/produit\/solarisation-n17-soutien-vibratoire-et-serenite-interieure\/#primaryimage"},"thumbnailUrl":"https:\/\/loiseauvert.fr\/wp-content\/uploads\/2023\/05\/oiseau-vert-solarisation-protec-17-jpg.webp","datePublished":"2023-05-19T13:20:49+00:00","dateModified":"2026-04-02T21:26:57+00:00","description":"la Solarisation n\u00b017, un soutien vibratoire aide \u00e0 renforcer la s\u00e9r\u00e9nit\u00e9 int\u00e9rieure, favorise l\u2019expression confiante et permet de g\u00e9rer les d\u00e9fis quotidien","breadcrumb":{"@id":"https:\/\/loiseauvert.fr\/produit\/solarisation-n17-soutien-vibratoire-et-serenite-interieure\/#breadcrumb"},"inLanguage":"en-GB","potentialAction":[{"@type":"ReadAction","target":["https:\/\/loiseauvert.fr\/produit\/solarisation-n17-soutien-vibratoire-et-serenite-interieure\/"]}]},{"@type":"ImageObject","inLanguage":"en-GB","@id":"https:\/\/loiseauvert.fr\/produit\/solarisation-n17-soutien-vibratoire-et-serenite-interieure\/#primaryimage","url":"https:\/\/loiseauvert.fr\/wp-content\/uploads\/2023\/05\/oiseau-vert-solarisation-protec-17-jpg.webp","contentUrl":"https:\/\/loiseauvert.fr\/wp-content\/uploads\/2023\/05\/oiseau-vert-solarisation-protec-17-jpg.webp","width":1000,"height":1000},{"@type":"BreadcrumbList","@id":"https:\/\/loiseauvert.fr\/produit\/solarisation-n17-soutien-vibratoire-et-serenite-interieure\/#breadcrumb","itemListElement":[{"@type":"ListItem","position":1,"name":"Accueil","item":"https:\/\/loiseauvert.fr\/"},{"@type":"ListItem","position":2,"name":"Les Sp\u00e9cifiques","item":"https:\/\/loiseauvert.fr\/categorie-produit\/les-specifiques\/"},{"@type":"ListItem","position":3,"name":"Protec"}]},{"@type":"WebSite","@id":"https:\/\/loiseauvert.fr\/#website","url":"https:\/\/loiseauvert.fr\/","name":"The Green Bird","description":"","potentialAction":[{"@type":"SearchAction","target":{"@type":"EntryPoint","urlTemplate":"https:\/\/loiseauvert.fr\/?s={search_term_string}"},"query-input":{"@type":"PropertyValueSpecification","valueRequired":true,"valueName":"search_term_string"}}],"inLanguage":"en-GB"}]}},"batches":[{"id":"19","date_created":"2025-05-22 10:46:06","date_expiry":"2027-04-01 00:00:00","user_id":"8","batch_number":"17.25.80","location":"","quantity":"51.0000","quantity_available":"0.0000","units":"1","status":"archived","order_ids":"[10175,13883,14524,14526,14541,14615,14618,14687,14738,14829,14922,14940,14960,14962,14963,15162,15252,15414,15455,15457,15537,15564,15608,15636,15739,15749,15858,15875,15926]"},{"id":"141","date_created":"2025-11-26 08:56:46","date_expiry":"2027-12-01 00:00:00","user_id":"0","batch_number":"17.25.081","location":"","quantity":"62.0000","quantity_available":"42.0000","units":"1","status":"active","order_ids":"[16883,17018,17053,17062,17084,17129,17269,17293,17563,17590,17789,17950,17992,17994,18001,18031,18099,18130,18182,18372,18739,18873]"}],"_links":{"self":[{"href":"https:\/\/loiseauvert.fr\/en\/wp-json\/wp\/v2\/product\/1476","targetHints":{"allow":["GET"]}}],"collection":[{"href":"https:\/\/loiseauvert.fr\/en\/wp-json\/wp\/v2\/product"}],"about":[{"href":"https:\/\/loiseauvert.fr\/en\/wp-json\/wp\/v2\/types\/product"}],"wp:featuredmedia":[{"embeddable":true,"href":"https:\/\/loiseauvert.fr\/en\/wp-json\/wp\/v2\/media\/1492"}],"wp:attachment":[{"href":"https:\/\/loiseauvert.fr\/en\/wp-json\/wp\/v2\/media?parent=1476"}],"wp:term":[{"taxonomy":"product_brand","embeddable":true,"href":"https:\/\/loiseauvert.fr\/en\/wp-json\/wp\/v2\/product_brand?post=1476"},{"taxonomy":"product_cat","embeddable":true,"href":"https:\/\/loiseauvert.fr\/en\/wp-json\/wp\/v2\/product_cat?post=1476"},{"taxonomy":"product_tag","embeddable":true,"href":"https:\/\/loiseauvert.fr\/en\/wp-json\/wp\/v2\/product_tag?post=1476"}],"curies":[{"name":"wp","href":"https:\/\/api.w.org\/{rel}","templated":true}]}}