{"id":1447,"date":"2023-05-19T15:20:05","date_gmt":"2023-05-19T13:20:05","guid":{"rendered":"https:\/\/loiseauvert.fr\/?post_type=product&#038;p=1447"},"modified":"2026-04-02T23:26:57","modified_gmt":"2026-04-02T21:26:57","slug":"solarisation-n14-securite-interieure-et-acceptation-de-soi","status":"publish","type":"product","link":"https:\/\/loiseauvert.fr\/en\/product\/solarisation-n14-securite-interieure-et-acceptation-de-soi\/","title":{"rendered":"Pelia"},"content":{"rendered":"<h3>Solarization No. 14<\/h3>\n<p><strong>\u00ab\u00a0Je choisis pour moi, en s\u00e9curit\u00e9 dans mon espace\u00a0\u00bb<\/strong><\/p>\n<ul>\n<li>Accompagne la gestion des conflits int\u00e9rieurs li\u00e9s aux relations et \u00e0 l\u2019acceptation de soi.<\/li>\n<li>Favorise l\u2019acceptation de ses limites et un rapport apais\u00e9 aux autres.<\/li>\n<li>Encourage \u00e0 s\u2019affranchir d\u2019id\u00e9als excessifs pour mieux s\u2019accepter.<\/li>\n<\/ul>","protected":false},"excerpt":{"rendered":"<p data-start=\"72\" data-end=\"264\">Favorise le sentiment de s\u00e9curit\u00e9 dans son espace personnel.<br data-start=\"160\" data-end=\"163\" \/>Encourage \u00e0 agir en accord avec ses propres besoins plut\u00f4t qu\u2019en fonction des attentes ext\u00e9rieures.<\/p>","protected":false},"featured_media":1464,"template":"","meta":{"_acf_changed":false,"_glsr_average":0,"_glsr_ranking":0,"_glsr_reviews":0},"product_brand":[],"product_cat":[60],"product_tag":[],"class_list":{"0":"post-1447","1":"product","2":"type-product","3":"status-publish","4":"has-post-thumbnail","6":"product_cat-les-specifiques","8":"first","9":"instock","10":"taxable","11":"shipping-taxable","12":"purchasable","13":"product-type-simple"},"supplier_id":null,"supplier_sku":"","barcode":null,"atum_controlled":true,"out_stock_date":null,"out_stock_threshold":null,"inheritable":false,"inbound_stock":null,"stock_on_hold":2,"sold_today":0,"sales_last_days":1,"reserved_stock":null,"customer_returns":null,"warehouse_damage":null,"lost_in_post":null,"other_logs":null,"out_stock_days":0,"lost_sales":0,"has_location":false,"update_date":"2026-04-06T10:18:19","atum_locations":[],"atum_stock_status":"instock","restock_status":false,"low_stock_amount":"","sales_update_date":"2026-04-06T10:18:19","calc_backorders":null,"acf":[],"yoast_head":"<!-- This site is optimized with the Yoast SEO plugin v26.9 - https:\/\/yoast.com\/product\/yoast-seo-wordpress\/ -->\n<title>P\u00e9lia - L&#039;Oiseau Vert<\/title>\n<meta name=\"description\" content=\"la Solarisation n\u00b014 favorise la s\u00e9curit\u00e9 int\u00e9rieure, apaise les conflits int\u00e9rieurs et encourage l\u2019acceptation de soi et des autres\" \/>\n<meta name=\"robots\" content=\"index, follow, max-snippet:-1, max-image-preview:large, max-video-preview:-1\" \/>\n<link rel=\"canonical\" href=\"https:\/\/loiseauvert.fr\/en\/product\/solarisation-n14-securite-interieure-et-acceptation-de-soi\/\" \/>\n<meta property=\"og:locale\" content=\"en_GB\" \/>\n<meta property=\"og:type\" content=\"article\" \/>\n<meta property=\"og:title\" content=\"P\u00e9lia - L&#039;Oiseau Vert\" \/>\n<meta property=\"og:description\" content=\"la Solarisation n\u00b014 favorise la s\u00e9curit\u00e9 int\u00e9rieure, apaise les conflits int\u00e9rieurs et encourage l\u2019acceptation de soi et des autres\" \/>\n<meta property=\"og:url\" content=\"https:\/\/loiseauvert.fr\/en\/product\/solarisation-n14-securite-interieure-et-acceptation-de-soi\/\" \/>\n<meta property=\"og:site_name\" content=\"L&#039;Oiseau Vert\" \/>\n<meta property=\"article:modified_time\" content=\"2026-04-02T21:26:57+00:00\" \/>\n<meta property=\"og:image\" content=\"https:\/\/loiseauvert.fr\/wp-content\/uploads\/2023\/05\/oiseau-vert-solarisation-pelia-14-jpg.webp\" \/>\n\t<meta property=\"og:image:width\" content=\"1000\" \/>\n\t<meta property=\"og:image:height\" content=\"1000\" \/>\n\t<meta property=\"og:image:type\" content=\"image\/jpeg\" \/>\n<meta name=\"twitter:card\" content=\"summary_large_image\" \/>\n<meta name=\"twitter:label1\" content=\"Estimated reading time\" \/>\n\t<meta name=\"twitter:data1\" content=\"1 minute\" \/>\n<script type=\"application\/ld+json\" class=\"yoast-schema-graph\">{\"@context\":\"https:\/\/schema.org\",\"@graph\":[{\"@type\":\"WebPage\",\"@id\":\"https:\/\/loiseauvert.fr\/produit\/solarisation-n14-securite-interieure-et-acceptation-de-soi\/\",\"url\":\"https:\/\/loiseauvert.fr\/produit\/solarisation-n14-securite-interieure-et-acceptation-de-soi\/\",\"name\":\"P\u00e9lia - L&#039;Oiseau Vert\",\"isPartOf\":{\"@id\":\"https:\/\/loiseauvert.fr\/#website\"},\"primaryImageOfPage\":{\"@id\":\"https:\/\/loiseauvert.fr\/produit\/solarisation-n14-securite-interieure-et-acceptation-de-soi\/#primaryimage\"},\"image\":{\"@id\":\"https:\/\/loiseauvert.fr\/produit\/solarisation-n14-securite-interieure-et-acceptation-de-soi\/#primaryimage\"},\"thumbnailUrl\":\"https:\/\/loiseauvert.fr\/wp-content\/uploads\/2023\/05\/oiseau-vert-solarisation-pelia-14-jpg.webp\",\"datePublished\":\"2023-05-19T13:20:05+00:00\",\"dateModified\":\"2026-04-02T21:26:57+00:00\",\"description\":\"la Solarisation n\u00b014 favorise la s\u00e9curit\u00e9 int\u00e9rieure, apaise les conflits int\u00e9rieurs et encourage l\u2019acceptation de soi et des autres\",\"breadcrumb\":{\"@id\":\"https:\/\/loiseauvert.fr\/produit\/solarisation-n14-securite-interieure-et-acceptation-de-soi\/#breadcrumb\"},\"inLanguage\":\"en-GB\",\"potentialAction\":[{\"@type\":\"ReadAction\",\"target\":[\"https:\/\/loiseauvert.fr\/produit\/solarisation-n14-securite-interieure-et-acceptation-de-soi\/\"]}]},{\"@type\":\"ImageObject\",\"inLanguage\":\"en-GB\",\"@id\":\"https:\/\/loiseauvert.fr\/produit\/solarisation-n14-securite-interieure-et-acceptation-de-soi\/#primaryimage\",\"url\":\"https:\/\/loiseauvert.fr\/wp-content\/uploads\/2023\/05\/oiseau-vert-solarisation-pelia-14-jpg.webp\",\"contentUrl\":\"https:\/\/loiseauvert.fr\/wp-content\/uploads\/2023\/05\/oiseau-vert-solarisation-pelia-14-jpg.webp\",\"width\":1000,\"height\":1000},{\"@type\":\"BreadcrumbList\",\"@id\":\"https:\/\/loiseauvert.fr\/produit\/solarisation-n14-securite-interieure-et-acceptation-de-soi\/#breadcrumb\",\"itemListElement\":[{\"@type\":\"ListItem\",\"position\":1,\"name\":\"Accueil\",\"item\":\"https:\/\/loiseauvert.fr\/\"},{\"@type\":\"ListItem\",\"position\":2,\"name\":\"Les Sp\u00e9cifiques\",\"item\":\"https:\/\/loiseauvert.fr\/categorie-produit\/les-specifiques\/\"},{\"@type\":\"ListItem\",\"position\":3,\"name\":\"P\u00e9lia\"}]},{\"@type\":\"WebSite\",\"@id\":\"https:\/\/loiseauvert.fr\/#website\",\"url\":\"https:\/\/loiseauvert.fr\/\",\"name\":\"L&#039;Oiseau Vert\",\"description\":\"\",\"potentialAction\":[{\"@type\":\"SearchAction\",\"target\":{\"@type\":\"EntryPoint\",\"urlTemplate\":\"https:\/\/loiseauvert.fr\/?s={search_term_string}\"},\"query-input\":{\"@type\":\"PropertyValueSpecification\",\"valueRequired\":true,\"valueName\":\"search_term_string\"}}],\"inLanguage\":\"en-GB\"}]}<\/script>\n<!-- \/ Yoast SEO plugin. -->","yoast_head_json":{"title":"Pelia - L&#039;Green Bird","description":"la Solarisation n\u00b014 favorise la s\u00e9curit\u00e9 int\u00e9rieure, apaise les conflits int\u00e9rieurs et encourage l\u2019acceptation de soi et des autres","robots":{"index":"index","follow":"follow","max-snippet":"max-snippet:-1","max-image-preview":"max-image-preview:large","max-video-preview":"max-video-preview:-1"},"canonical":"https:\/\/loiseauvert.fr\/en\/product\/solarisation-n14-securite-interieure-et-acceptation-de-soi\/","og_locale":"en_GB","og_type":"article","og_title":"P\u00e9lia - L&#039;Oiseau Vert","og_description":"la Solarisation n\u00b014 favorise la s\u00e9curit\u00e9 int\u00e9rieure, apaise les conflits int\u00e9rieurs et encourage l\u2019acceptation de soi et des autres","og_url":"https:\/\/loiseauvert.fr\/en\/product\/solarisation-n14-securite-interieure-et-acceptation-de-soi\/","og_site_name":"L&#039;Oiseau Vert","article_modified_time":"2026-04-02T21:26:57+00:00","og_image":[{"width":1000,"height":1000,"url":"https:\/\/loiseauvert.fr\/wp-content\/uploads\/2023\/05\/oiseau-vert-solarisation-pelia-14-jpg.webp","type":"image\/jpeg"}],"twitter_card":"summary_large_image","twitter_misc":{"Estimated reading time":"1 minute"},"schema":{"@context":"https:\/\/schema.org","@graph":[{"@type":"WebPage","@id":"https:\/\/loiseauvert.fr\/produit\/solarisation-n14-securite-interieure-et-acceptation-de-soi\/","url":"https:\/\/loiseauvert.fr\/produit\/solarisation-n14-securite-interieure-et-acceptation-de-soi\/","name":"Pelia - L&#039;Green Bird","isPartOf":{"@id":"https:\/\/loiseauvert.fr\/#website"},"primaryImageOfPage":{"@id":"https:\/\/loiseauvert.fr\/produit\/solarisation-n14-securite-interieure-et-acceptation-de-soi\/#primaryimage"},"image":{"@id":"https:\/\/loiseauvert.fr\/produit\/solarisation-n14-securite-interieure-et-acceptation-de-soi\/#primaryimage"},"thumbnailUrl":"https:\/\/loiseauvert.fr\/wp-content\/uploads\/2023\/05\/oiseau-vert-solarisation-pelia-14-jpg.webp","datePublished":"2023-05-19T13:20:05+00:00","dateModified":"2026-04-02T21:26:57+00:00","description":"la Solarisation n\u00b014 favorise la s\u00e9curit\u00e9 int\u00e9rieure, apaise les conflits int\u00e9rieurs et encourage l\u2019acceptation de soi et des autres","breadcrumb":{"@id":"https:\/\/loiseauvert.fr\/produit\/solarisation-n14-securite-interieure-et-acceptation-de-soi\/#breadcrumb"},"inLanguage":"en-GB","potentialAction":[{"@type":"ReadAction","target":["https:\/\/loiseauvert.fr\/produit\/solarisation-n14-securite-interieure-et-acceptation-de-soi\/"]}]},{"@type":"ImageObject","inLanguage":"en-GB","@id":"https:\/\/loiseauvert.fr\/produit\/solarisation-n14-securite-interieure-et-acceptation-de-soi\/#primaryimage","url":"https:\/\/loiseauvert.fr\/wp-content\/uploads\/2023\/05\/oiseau-vert-solarisation-pelia-14-jpg.webp","contentUrl":"https:\/\/loiseauvert.fr\/wp-content\/uploads\/2023\/05\/oiseau-vert-solarisation-pelia-14-jpg.webp","width":1000,"height":1000},{"@type":"BreadcrumbList","@id":"https:\/\/loiseauvert.fr\/produit\/solarisation-n14-securite-interieure-et-acceptation-de-soi\/#breadcrumb","itemListElement":[{"@type":"ListItem","position":1,"name":"Accueil","item":"https:\/\/loiseauvert.fr\/"},{"@type":"ListItem","position":2,"name":"Les Sp\u00e9cifiques","item":"https:\/\/loiseauvert.fr\/categorie-produit\/les-specifiques\/"},{"@type":"ListItem","position":3,"name":"P\u00e9lia"}]},{"@type":"WebSite","@id":"https:\/\/loiseauvert.fr\/#website","url":"https:\/\/loiseauvert.fr\/","name":"The Green Bird","description":"","potentialAction":[{"@type":"SearchAction","target":{"@type":"EntryPoint","urlTemplate":"https:\/\/loiseauvert.fr\/?s={search_term_string}"},"query-input":{"@type":"PropertyValueSpecification","valueRequired":true,"valueName":"search_term_string"}}],"inLanguage":"en-GB"}]}},"batches":[{"id":"16","date_created":"2025-05-22 10:40:33","date_expiry":"2027-04-01 00:00:00","user_id":"8","batch_number":"14.25.059","location":"","quantity":"46.0000","quantity_available":"0.0000","units":"1","status":"archived","order_ids":"[14502,14507,13864,14577,14607,14620,14700,14868,14884,14912,15042,15066,15117,15175,15267,15399,15419,15485,15638,15670,15672]"},{"id":"122","date_created":"2025-10-15 11:06:16","date_expiry":"2027-10-01 00:00:00","user_id":"0","batch_number":"14.25.060","location":"","quantity":"72.0000","quantity_available":"19.0000","units":"1","status":"active","order_ids":"[16268,16281,16319,16394,16495,16531,16547,16549,16568,16112,16825,16829,16968,17010,17069,17135,17174,17182,17262,17275,17418,17439,17472,17864,18020,18024,18032,18148,18152,18211,18251,18191,18308,18370,18393,18417,18479,18493,18535,18557,18720,18873]"}],"_links":{"self":[{"href":"https:\/\/loiseauvert.fr\/en\/wp-json\/wp\/v2\/product\/1447","targetHints":{"allow":["GET"]}}],"collection":[{"href":"https:\/\/loiseauvert.fr\/en\/wp-json\/wp\/v2\/product"}],"about":[{"href":"https:\/\/loiseauvert.fr\/en\/wp-json\/wp\/v2\/types\/product"}],"wp:featuredmedia":[{"embeddable":true,"href":"https:\/\/loiseauvert.fr\/en\/wp-json\/wp\/v2\/media\/1464"}],"wp:attachment":[{"href":"https:\/\/loiseauvert.fr\/en\/wp-json\/wp\/v2\/media?parent=1447"}],"wp:term":[{"taxonomy":"product_brand","embeddable":true,"href":"https:\/\/loiseauvert.fr\/en\/wp-json\/wp\/v2\/product_brand?post=1447"},{"taxonomy":"product_cat","embeddable":true,"href":"https:\/\/loiseauvert.fr\/en\/wp-json\/wp\/v2\/product_cat?post=1447"},{"taxonomy":"product_tag","embeddable":true,"href":"https:\/\/loiseauvert.fr\/en\/wp-json\/wp\/v2\/product_tag?post=1447"}],"curies":[{"name":"wp","href":"https:\/\/api.w.org\/{rel}","templated":true}]}}