{"id":1417,"date":"2023-05-19T15:19:26","date_gmt":"2023-05-19T13:19:26","guid":{"rendered":"https:\/\/loiseauvert.fr\/?post_type=product&#038;p=1417"},"modified":"2026-04-08T15:19:52","modified_gmt":"2026-04-08T13:19:52","slug":"solarisation-n65-harmonie-et-vitalite-energetique","status":"publish","type":"product","link":"https:\/\/loiseauvert.fr\/en\/product\/solarisation-n65-harmonie-et-vitalite-energetique\/","title":{"rendered":"Orqi"},"content":{"rendered":"<h3>Solarization No. 65<\/h3>\n<p><strong>\u00ab\u00a0<\/strong><strong> Accompagne le processus de r\u00e9\u00e9quilibrage et de revitalisation de l\u2019\u00e9nergie vitale.<\/strong><strong> \u00ab\u00a0<\/strong><\/p>\n<ul>\n<li data-start=\"72\" data-end=\"251\">Soutient l\u2019harmonisation des niveaux \u00e9nerg\u00e9tiques et favorise le renforcement de la vitalit\u00e9.<\/li>\n<li data-start=\"72\" data-end=\"251\">Encourage une meilleure conscience de soi.<\/li>\n<\/ul>","protected":false},"excerpt":{"rendered":"<p>Favorise l\u2019harmonisation \u00e9nerg\u00e9tique et le renforcement de la conscience.<\/p>","protected":false},"featured_media":1435,"template":"","meta":{"_acf_changed":false,"_glsr_average":0,"_glsr_ranking":0,"_glsr_reviews":0},"product_brand":[],"product_cat":[58],"product_tag":[],"class_list":{"0":"post-1417","1":"product","2":"type-product","3":"status-publish","4":"has-post-thumbnail","6":"product_cat-les-mixtes","8":"first","9":"instock","10":"taxable","11":"shipping-taxable","12":"purchasable","13":"product-type-simple"},"supplier_id":null,"supplier_sku":"","barcode":null,"atum_controlled":true,"out_stock_date":null,"out_stock_threshold":null,"inheritable":false,"inbound_stock":null,"stock_on_hold":1,"sold_today":0,"sales_last_days":4,"reserved_stock":null,"customer_returns":null,"warehouse_damage":null,"lost_in_post":null,"other_logs":null,"out_stock_days":0,"lost_sales":0,"has_location":false,"update_date":"2026-04-09T10:18:02","atum_locations":[],"atum_stock_status":"instock","restock_status":false,"low_stock_amount":"","sales_update_date":"2026-04-09T10:18:02","calc_backorders":null,"acf":[],"yoast_head":"<!-- This site is optimized with the Yoast SEO plugin v26.9 - https:\/\/yoast.com\/product\/yoast-seo-wordpress\/ -->\n<title>Orqi - L&#039;Oiseau Vert<\/title>\n<meta name=\"description\" content=\"la Solarisation n\u00b065 est un soutien vibratoire et harmonise l\u2019\u00e9nergie vitale, renforce la vitalit\u00e9 et encourage une meilleure conscience de soi.\" \/>\n<meta name=\"robots\" content=\"index, follow, max-snippet:-1, max-image-preview:large, max-video-preview:-1\" \/>\n<link rel=\"canonical\" href=\"https:\/\/loiseauvert.fr\/en\/product\/solarisation-n65-harmonie-et-vitalite-energetique\/\" \/>\n<meta property=\"og:locale\" content=\"en_GB\" \/>\n<meta property=\"og:type\" content=\"article\" \/>\n<meta property=\"og:title\" content=\"Orqi - L&#039;Oiseau Vert\" \/>\n<meta property=\"og:description\" content=\"la Solarisation n\u00b065 est un soutien vibratoire et harmonise l\u2019\u00e9nergie vitale, renforce la vitalit\u00e9 et encourage une meilleure conscience de soi.\" \/>\n<meta property=\"og:url\" content=\"https:\/\/loiseauvert.fr\/en\/product\/solarisation-n65-harmonie-et-vitalite-energetique\/\" \/>\n<meta property=\"og:site_name\" content=\"L&#039;Oiseau Vert\" \/>\n<meta property=\"article:modified_time\" content=\"2026-04-08T13:19:52+00:00\" \/>\n<meta property=\"og:image\" content=\"https:\/\/loiseauvert.fr\/wp-content\/uploads\/2023\/05\/l-oiseau-vert-solarisation-orqi-65-jpg.webp\" \/>\n\t<meta property=\"og:image:width\" content=\"1000\" \/>\n\t<meta property=\"og:image:height\" content=\"1000\" \/>\n\t<meta property=\"og:image:type\" content=\"image\/jpeg\" \/>\n<meta name=\"twitter:card\" content=\"summary_large_image\" \/>\n<meta name=\"twitter:label1\" content=\"Estimated reading time\" \/>\n\t<meta name=\"twitter:data1\" content=\"1 minute\" \/>\n<script type=\"application\/ld+json\" class=\"yoast-schema-graph\">{\"@context\":\"https:\/\/schema.org\",\"@graph\":[{\"@type\":\"WebPage\",\"@id\":\"https:\/\/loiseauvert.fr\/produit\/solarisation-n65-harmonie-et-vitalite-energetique\/\",\"url\":\"https:\/\/loiseauvert.fr\/produit\/solarisation-n65-harmonie-et-vitalite-energetique\/\",\"name\":\"Orqi - L&#039;Oiseau Vert\",\"isPartOf\":{\"@id\":\"https:\/\/loiseauvert.fr\/#website\"},\"primaryImageOfPage\":{\"@id\":\"https:\/\/loiseauvert.fr\/produit\/solarisation-n65-harmonie-et-vitalite-energetique\/#primaryimage\"},\"image\":{\"@id\":\"https:\/\/loiseauvert.fr\/produit\/solarisation-n65-harmonie-et-vitalite-energetique\/#primaryimage\"},\"thumbnailUrl\":\"https:\/\/loiseauvert.fr\/wp-content\/uploads\/2023\/05\/l-oiseau-vert-solarisation-orqi-65-jpg.webp\",\"datePublished\":\"2023-05-19T13:19:26+00:00\",\"dateModified\":\"2026-04-08T13:19:52+00:00\",\"description\":\"la Solarisation n\u00b065 est un soutien vibratoire et harmonise l\u2019\u00e9nergie vitale, renforce la vitalit\u00e9 et encourage une meilleure conscience de soi.\",\"breadcrumb\":{\"@id\":\"https:\/\/loiseauvert.fr\/produit\/solarisation-n65-harmonie-et-vitalite-energetique\/#breadcrumb\"},\"inLanguage\":\"en-GB\",\"potentialAction\":[{\"@type\":\"ReadAction\",\"target\":[\"https:\/\/loiseauvert.fr\/produit\/solarisation-n65-harmonie-et-vitalite-energetique\/\"]}]},{\"@type\":\"ImageObject\",\"inLanguage\":\"en-GB\",\"@id\":\"https:\/\/loiseauvert.fr\/produit\/solarisation-n65-harmonie-et-vitalite-energetique\/#primaryimage\",\"url\":\"https:\/\/loiseauvert.fr\/wp-content\/uploads\/2023\/05\/l-oiseau-vert-solarisation-orqi-65-jpg.webp\",\"contentUrl\":\"https:\/\/loiseauvert.fr\/wp-content\/uploads\/2023\/05\/l-oiseau-vert-solarisation-orqi-65-jpg.webp\",\"width\":1000,\"height\":1000},{\"@type\":\"BreadcrumbList\",\"@id\":\"https:\/\/loiseauvert.fr\/produit\/solarisation-n65-harmonie-et-vitalite-energetique\/#breadcrumb\",\"itemListElement\":[{\"@type\":\"ListItem\",\"position\":1,\"name\":\"Accueil\",\"item\":\"https:\/\/loiseauvert.fr\/\"},{\"@type\":\"ListItem\",\"position\":2,\"name\":\"Les Mixtes\",\"item\":\"https:\/\/loiseauvert.fr\/categorie-produit\/les-mixtes\/\"},{\"@type\":\"ListItem\",\"position\":3,\"name\":\"Orqi\"}]},{\"@type\":\"WebSite\",\"@id\":\"https:\/\/loiseauvert.fr\/#website\",\"url\":\"https:\/\/loiseauvert.fr\/\",\"name\":\"L&#039;Oiseau Vert\",\"description\":\"\",\"potentialAction\":[{\"@type\":\"SearchAction\",\"target\":{\"@type\":\"EntryPoint\",\"urlTemplate\":\"https:\/\/loiseauvert.fr\/?s={search_term_string}\"},\"query-input\":{\"@type\":\"PropertyValueSpecification\",\"valueRequired\":true,\"valueName\":\"search_term_string\"}}],\"inLanguage\":\"en-GB\"}]}<\/script>\n<!-- \/ Yoast SEO plugin. -->","yoast_head_json":{"title":"Orqi - L&#039;Green Bird","description":"la Solarisation n\u00b065 est un soutien vibratoire et harmonise l\u2019\u00e9nergie vitale, renforce la vitalit\u00e9 et encourage une meilleure conscience de soi.","robots":{"index":"index","follow":"follow","max-snippet":"max-snippet:-1","max-image-preview":"max-image-preview:large","max-video-preview":"max-video-preview:-1"},"canonical":"https:\/\/loiseauvert.fr\/en\/product\/solarisation-n65-harmonie-et-vitalite-energetique\/","og_locale":"en_GB","og_type":"article","og_title":"Orqi - L&#039;Oiseau Vert","og_description":"la Solarisation n\u00b065 est un soutien vibratoire et harmonise l\u2019\u00e9nergie vitale, renforce la vitalit\u00e9 et encourage une meilleure conscience de soi.","og_url":"https:\/\/loiseauvert.fr\/en\/product\/solarisation-n65-harmonie-et-vitalite-energetique\/","og_site_name":"L&#039;Oiseau Vert","article_modified_time":"2026-04-08T13:19:52+00:00","og_image":[{"width":1000,"height":1000,"url":"https:\/\/loiseauvert.fr\/wp-content\/uploads\/2023\/05\/l-oiseau-vert-solarisation-orqi-65-jpg.webp","type":"image\/jpeg"}],"twitter_card":"summary_large_image","twitter_misc":{"Estimated reading time":"1 minute"},"schema":{"@context":"https:\/\/schema.org","@graph":[{"@type":"WebPage","@id":"https:\/\/loiseauvert.fr\/produit\/solarisation-n65-harmonie-et-vitalite-energetique\/","url":"https:\/\/loiseauvert.fr\/produit\/solarisation-n65-harmonie-et-vitalite-energetique\/","name":"Orqi - L&#039;Green Bird","isPartOf":{"@id":"https:\/\/loiseauvert.fr\/#website"},"primaryImageOfPage":{"@id":"https:\/\/loiseauvert.fr\/produit\/solarisation-n65-harmonie-et-vitalite-energetique\/#primaryimage"},"image":{"@id":"https:\/\/loiseauvert.fr\/produit\/solarisation-n65-harmonie-et-vitalite-energetique\/#primaryimage"},"thumbnailUrl":"https:\/\/loiseauvert.fr\/wp-content\/uploads\/2023\/05\/l-oiseau-vert-solarisation-orqi-65-jpg.webp","datePublished":"2023-05-19T13:19:26+00:00","dateModified":"2026-04-08T13:19:52+00:00","description":"la Solarisation n\u00b065 est un soutien vibratoire et harmonise l\u2019\u00e9nergie vitale, renforce la vitalit\u00e9 et encourage une meilleure conscience de soi.","breadcrumb":{"@id":"https:\/\/loiseauvert.fr\/produit\/solarisation-n65-harmonie-et-vitalite-energetique\/#breadcrumb"},"inLanguage":"en-GB","potentialAction":[{"@type":"ReadAction","target":["https:\/\/loiseauvert.fr\/produit\/solarisation-n65-harmonie-et-vitalite-energetique\/"]}]},{"@type":"ImageObject","inLanguage":"en-GB","@id":"https:\/\/loiseauvert.fr\/produit\/solarisation-n65-harmonie-et-vitalite-energetique\/#primaryimage","url":"https:\/\/loiseauvert.fr\/wp-content\/uploads\/2023\/05\/l-oiseau-vert-solarisation-orqi-65-jpg.webp","contentUrl":"https:\/\/loiseauvert.fr\/wp-content\/uploads\/2023\/05\/l-oiseau-vert-solarisation-orqi-65-jpg.webp","width":1000,"height":1000},{"@type":"BreadcrumbList","@id":"https:\/\/loiseauvert.fr\/produit\/solarisation-n65-harmonie-et-vitalite-energetique\/#breadcrumb","itemListElement":[{"@type":"ListItem","position":1,"name":"Accueil","item":"https:\/\/loiseauvert.fr\/"},{"@type":"ListItem","position":2,"name":"Les Mixtes","item":"https:\/\/loiseauvert.fr\/categorie-produit\/les-mixtes\/"},{"@type":"ListItem","position":3,"name":"Orqi"}]},{"@type":"WebSite","@id":"https:\/\/loiseauvert.fr\/#website","url":"https:\/\/loiseauvert.fr\/","name":"The Green Bird","description":"","potentialAction":[{"@type":"SearchAction","target":{"@type":"EntryPoint","urlTemplate":"https:\/\/loiseauvert.fr\/?s={search_term_string}"},"query-input":{"@type":"PropertyValueSpecification","valueRequired":true,"valueName":"search_term_string"}}],"inLanguage":"en-GB"}]}},"batches":[{"id":"50","date_created":"2025-05-22 11:51:57","date_expiry":"2027-05-01 00:00:00","user_id":"8","batch_number":"65.25.047","location":"","quantity":"60.0000","quantity_available":"0.0000","units":"1","status":"archived","order_ids":"[14400,14409,14433,14460,14501,14515,14521,14531,13868,14544,14615,14630,14693,14751,14243,14852,14860]"},{"id":"76","date_created":"2025-06-26 09:45:58","date_expiry":"2027-06-01 00:00:00","user_id":"8","batch_number":"65.25.048","location":"","quantity":"78.0000","quantity_available":"0.0000","units":"1","status":"archived","order_ids":"[14861,14926,14952,14972,14983,15109,15170,15171,15232,15259,15305,15337,15341,15383,15390,15451,15455,15533,15545,15552,15577,15643,15664,15670,15683,15705,15711,15739,15769,15773,15809,15878,15922,15991,15992,15999,16023]"},{"id":"116","date_created":"2025-10-08 15:22:30","date_expiry":"2027-10-01 00:00:00","user_id":"0","batch_number":"65.25.049","location":"","quantity":"72.0000","quantity_available":"0.0000","units":"1","status":"archived","order_ids":"[12561,16129,16135,16136,16169,16189,16252,16253,16276,16307,16310,16318,16411,16462,16518,16541,16571,16629,16633,16634,16689,16709,16741,16822,16831,16832,16869,17000,17008,17042,17121,17141,17156,17167,17177,17185,17200,17249,17269,17296,17407,17438,17468,17521,17536,17554]"},{"id":"161","date_created":"2025-12-23 16:21:04","date_expiry":"2028-01-01 00:00:00","user_id":"0","batch_number":"65.26.050","location":"","quantity":"75.0000","quantity_available":"22.0000","units":"1","status":"active","order_ids":"[17554,17566,17664,17681,17857,17991,18178,18187,18192,18298,18308,18349,18387,18406,18480,18511,18534,18572,18593,18638,18688,18821,18831,18853,18602,18948]"}],"_links":{"self":[{"href":"https:\/\/loiseauvert.fr\/en\/wp-json\/wp\/v2\/product\/1417","targetHints":{"allow":["GET"]}}],"collection":[{"href":"https:\/\/loiseauvert.fr\/en\/wp-json\/wp\/v2\/product"}],"about":[{"href":"https:\/\/loiseauvert.fr\/en\/wp-json\/wp\/v2\/types\/product"}],"wp:featuredmedia":[{"embeddable":true,"href":"https:\/\/loiseauvert.fr\/en\/wp-json\/wp\/v2\/media\/1435"}],"wp:attachment":[{"href":"https:\/\/loiseauvert.fr\/en\/wp-json\/wp\/v2\/media?parent=1417"}],"wp:term":[{"taxonomy":"product_brand","embeddable":true,"href":"https:\/\/loiseauvert.fr\/en\/wp-json\/wp\/v2\/product_brand?post=1417"},{"taxonomy":"product_cat","embeddable":true,"href":"https:\/\/loiseauvert.fr\/en\/wp-json\/wp\/v2\/product_cat?post=1417"},{"taxonomy":"product_tag","embeddable":true,"href":"https:\/\/loiseauvert.fr\/en\/wp-json\/wp\/v2\/product_tag?post=1417"}],"curies":[{"name":"wp","href":"https:\/\/api.w.org\/{rel}","templated":true}]}}