{"id":1381,"date":"2023-05-19T15:16:56","date_gmt":"2023-05-19T13:16:56","guid":{"rendered":"https:\/\/loiseauvert.fr\/?post_type=product&#038;p=1381"},"modified":"2026-04-15T19:58:26","modified_gmt":"2026-04-15T17:58:26","slug":"solarisation-n18-vivre-lelan-creatif-avec-joie-et-spontaneite","status":"publish","type":"product","link":"https:\/\/loiseauvert.fr\/en\/product\/solarisation-n18-vivre-lelan-creatif-avec-joie-et-spontaneite\/","title":{"rendered":"Netal"},"content":{"rendered":"<h3>Solarization No. 18<\/h3>\n<p><strong>\u00ab\u00a0Invite \u00e0 vivre l\u2019\u00e9lan cr\u00e9atif avec joie et spontan\u00e9it\u00e9\u00a0\u00bb<\/strong><\/p>\n<ul>\n<li>\n<p data-start=\"106\" data-end=\"344\">Accompagne la gestion du besoin de retrait social et du sentiment d\u2019abandon.<\/p>\n<\/li>\n<li>\n<p data-start=\"106\" data-end=\"344\">Favorise un sentiment de s\u00e9curit\u00e9 int\u00e9rieure et le sentiment de ma\u00eetrise de sa vie.<\/p>\n<\/li>\n<li>\n<p data-start=\"106\" data-end=\"344\">Encourage la prise d\u2019initiative pour orienter son parcours personnel.<\/p>\n<\/li>\n<\/ul>","protected":false},"excerpt":{"rendered":"<p data-start=\"74\" data-end=\"160\">Favorise l\u2019expression cr\u00e9ative de soi dans un \u00e9tat de joie naturelle.<\/p>","protected":false},"featured_media":1403,"template":"","meta":{"_acf_changed":false,"_glsr_average":0,"_glsr_ranking":0,"_glsr_reviews":0},"product_brand":[],"product_cat":[60],"product_tag":[],"class_list":{"0":"post-1381","1":"product","2":"type-product","3":"status-publish","4":"has-post-thumbnail","6":"product_cat-les-specifiques","8":"first","9":"instock","10":"taxable","11":"shipping-taxable","12":"purchasable","13":"product-type-simple"},"supplier_id":null,"supplier_sku":"","barcode":null,"atum_controlled":true,"out_stock_date":null,"out_stock_threshold":null,"inheritable":false,"inbound_stock":null,"stock_on_hold":6,"sold_today":0,"sales_last_days":0,"reserved_stock":null,"customer_returns":null,"warehouse_damage":null,"lost_in_post":null,"other_logs":null,"out_stock_days":0,"lost_sales":0,"has_location":false,"update_date":"2026-04-26T10:18:18","atum_locations":[],"atum_stock_status":"instock","restock_status":false,"low_stock_amount":"","sales_update_date":"2026-04-26T10:18:18","calc_backorders":null,"acf":[],"yoast_head":"<!-- This site is optimized with the Yoast SEO plugin v26.9 - https:\/\/yoast.com\/product\/yoast-seo-wordpress\/ -->\n<title>N\u00e9tal - L&#039;Oiseau Vert<\/title>\n<meta name=\"description\" content=\"Solarisation n\u00b018 \u2013 Stimule cr\u00e9ativit\u00e9, spontan\u00e9it\u00e9 et confiance en soi. Favorise la s\u00e9curit\u00e9 int\u00e9rieure et la prise d\u2019initiative dans sa vie.\" \/>\n<meta name=\"robots\" content=\"index, follow, max-snippet:-1, max-image-preview:large, max-video-preview:-1\" \/>\n<link rel=\"canonical\" href=\"https:\/\/loiseauvert.fr\/en\/product\/solarisation-n18-vivre-lelan-creatif-avec-joie-et-spontaneite\/\" \/>\n<meta property=\"og:locale\" content=\"en_GB\" \/>\n<meta property=\"og:type\" content=\"article\" \/>\n<meta property=\"og:title\" content=\"N\u00e9tal - L&#039;Oiseau Vert\" \/>\n<meta property=\"og:description\" content=\"Solarisation n\u00b018 \u2013 Stimule cr\u00e9ativit\u00e9, spontan\u00e9it\u00e9 et confiance en soi. Favorise la s\u00e9curit\u00e9 int\u00e9rieure et la prise d\u2019initiative dans sa vie.\" \/>\n<meta property=\"og:url\" content=\"https:\/\/loiseauvert.fr\/en\/product\/solarisation-n18-vivre-lelan-creatif-avec-joie-et-spontaneite\/\" \/>\n<meta property=\"og:site_name\" content=\"L&#039;Oiseau Vert\" \/>\n<meta property=\"article:modified_time\" content=\"2026-04-15T17:58:26+00:00\" \/>\n<meta property=\"og:image\" content=\"https:\/\/loiseauvert.fr\/wp-content\/uploads\/2023\/05\/oiseau-vert-solarisation-netal-18-1-jpg.webp\" \/>\n\t<meta property=\"og:image:width\" content=\"1000\" \/>\n\t<meta property=\"og:image:height\" content=\"1000\" \/>\n\t<meta property=\"og:image:type\" content=\"image\/jpeg\" \/>\n<meta name=\"twitter:card\" content=\"summary_large_image\" \/>\n<meta name=\"twitter:label1\" content=\"Estimated reading time\" \/>\n\t<meta name=\"twitter:data1\" content=\"1 minute\" \/>\n<script type=\"application\/ld+json\" class=\"yoast-schema-graph\">{\"@context\":\"https:\/\/schema.org\",\"@graph\":[{\"@type\":\"WebPage\",\"@id\":\"https:\/\/loiseauvert.fr\/produit\/solarisation-n18-vivre-lelan-creatif-avec-joie-et-spontaneite\/\",\"url\":\"https:\/\/loiseauvert.fr\/produit\/solarisation-n18-vivre-lelan-creatif-avec-joie-et-spontaneite\/\",\"name\":\"N\u00e9tal - L&#039;Oiseau Vert\",\"isPartOf\":{\"@id\":\"https:\/\/loiseauvert.fr\/#website\"},\"primaryImageOfPage\":{\"@id\":\"https:\/\/loiseauvert.fr\/produit\/solarisation-n18-vivre-lelan-creatif-avec-joie-et-spontaneite\/#primaryimage\"},\"image\":{\"@id\":\"https:\/\/loiseauvert.fr\/produit\/solarisation-n18-vivre-lelan-creatif-avec-joie-et-spontaneite\/#primaryimage\"},\"thumbnailUrl\":\"https:\/\/loiseauvert.fr\/wp-content\/uploads\/2023\/05\/oiseau-vert-solarisation-netal-18-1-jpg.webp\",\"datePublished\":\"2023-05-19T13:16:56+00:00\",\"dateModified\":\"2026-04-15T17:58:26+00:00\",\"description\":\"Solarisation n\u00b018 \u2013 Stimule cr\u00e9ativit\u00e9, spontan\u00e9it\u00e9 et confiance en soi. Favorise la s\u00e9curit\u00e9 int\u00e9rieure et la prise d\u2019initiative dans sa vie.\",\"breadcrumb\":{\"@id\":\"https:\/\/loiseauvert.fr\/produit\/solarisation-n18-vivre-lelan-creatif-avec-joie-et-spontaneite\/#breadcrumb\"},\"inLanguage\":\"en-GB\",\"potentialAction\":[{\"@type\":\"ReadAction\",\"target\":[\"https:\/\/loiseauvert.fr\/produit\/solarisation-n18-vivre-lelan-creatif-avec-joie-et-spontaneite\/\"]}]},{\"@type\":\"ImageObject\",\"inLanguage\":\"en-GB\",\"@id\":\"https:\/\/loiseauvert.fr\/produit\/solarisation-n18-vivre-lelan-creatif-avec-joie-et-spontaneite\/#primaryimage\",\"url\":\"https:\/\/loiseauvert.fr\/wp-content\/uploads\/2023\/05\/oiseau-vert-solarisation-netal-18-1-jpg.webp\",\"contentUrl\":\"https:\/\/loiseauvert.fr\/wp-content\/uploads\/2023\/05\/oiseau-vert-solarisation-netal-18-1-jpg.webp\",\"width\":1000,\"height\":1000},{\"@type\":\"BreadcrumbList\",\"@id\":\"https:\/\/loiseauvert.fr\/produit\/solarisation-n18-vivre-lelan-creatif-avec-joie-et-spontaneite\/#breadcrumb\",\"itemListElement\":[{\"@type\":\"ListItem\",\"position\":1,\"name\":\"Accueil\",\"item\":\"https:\/\/loiseauvert.fr\/\"},{\"@type\":\"ListItem\",\"position\":2,\"name\":\"Les Sp\u00e9cifiques\",\"item\":\"https:\/\/loiseauvert.fr\/categorie-produit\/les-specifiques\/\"},{\"@type\":\"ListItem\",\"position\":3,\"name\":\"N\u00e9tal\"}]},{\"@type\":\"WebSite\",\"@id\":\"https:\/\/loiseauvert.fr\/#website\",\"url\":\"https:\/\/loiseauvert.fr\/\",\"name\":\"L&#039;Oiseau Vert\",\"description\":\"\",\"potentialAction\":[{\"@type\":\"SearchAction\",\"target\":{\"@type\":\"EntryPoint\",\"urlTemplate\":\"https:\/\/loiseauvert.fr\/?s={search_term_string}\"},\"query-input\":{\"@type\":\"PropertyValueSpecification\",\"valueRequired\":true,\"valueName\":\"search_term_string\"}}],\"inLanguage\":\"en-GB\"}]}<\/script>\n<!-- \/ Yoast SEO plugin. -->","yoast_head_json":{"title":"Netal - L&#039;Green Bird","description":"Solarisation n\u00b018 \u2013 Stimule cr\u00e9ativit\u00e9, spontan\u00e9it\u00e9 et confiance en soi. Favorise la s\u00e9curit\u00e9 int\u00e9rieure et la prise d\u2019initiative dans sa vie.","robots":{"index":"index","follow":"follow","max-snippet":"max-snippet:-1","max-image-preview":"max-image-preview:large","max-video-preview":"max-video-preview:-1"},"canonical":"https:\/\/loiseauvert.fr\/en\/product\/solarisation-n18-vivre-lelan-creatif-avec-joie-et-spontaneite\/","og_locale":"en_GB","og_type":"article","og_title":"N\u00e9tal - L&#039;Oiseau Vert","og_description":"Solarisation n\u00b018 \u2013 Stimule cr\u00e9ativit\u00e9, spontan\u00e9it\u00e9 et confiance en soi. Favorise la s\u00e9curit\u00e9 int\u00e9rieure et la prise d\u2019initiative dans sa vie.","og_url":"https:\/\/loiseauvert.fr\/en\/product\/solarisation-n18-vivre-lelan-creatif-avec-joie-et-spontaneite\/","og_site_name":"L&#039;Oiseau Vert","article_modified_time":"2026-04-15T17:58:26+00:00","og_image":[{"width":1000,"height":1000,"url":"https:\/\/loiseauvert.fr\/wp-content\/uploads\/2023\/05\/oiseau-vert-solarisation-netal-18-1-jpg.webp","type":"image\/jpeg"}],"twitter_card":"summary_large_image","twitter_misc":{"Estimated reading time":"1 minute"},"schema":{"@context":"https:\/\/schema.org","@graph":[{"@type":"WebPage","@id":"https:\/\/loiseauvert.fr\/produit\/solarisation-n18-vivre-lelan-creatif-avec-joie-et-spontaneite\/","url":"https:\/\/loiseauvert.fr\/produit\/solarisation-n18-vivre-lelan-creatif-avec-joie-et-spontaneite\/","name":"Netal - L&#039;Green Bird","isPartOf":{"@id":"https:\/\/loiseauvert.fr\/#website"},"primaryImageOfPage":{"@id":"https:\/\/loiseauvert.fr\/produit\/solarisation-n18-vivre-lelan-creatif-avec-joie-et-spontaneite\/#primaryimage"},"image":{"@id":"https:\/\/loiseauvert.fr\/produit\/solarisation-n18-vivre-lelan-creatif-avec-joie-et-spontaneite\/#primaryimage"},"thumbnailUrl":"https:\/\/loiseauvert.fr\/wp-content\/uploads\/2023\/05\/oiseau-vert-solarisation-netal-18-1-jpg.webp","datePublished":"2023-05-19T13:16:56+00:00","dateModified":"2026-04-15T17:58:26+00:00","description":"Solarisation n\u00b018 \u2013 Stimule cr\u00e9ativit\u00e9, spontan\u00e9it\u00e9 et confiance en soi. Favorise la s\u00e9curit\u00e9 int\u00e9rieure et la prise d\u2019initiative dans sa vie.","breadcrumb":{"@id":"https:\/\/loiseauvert.fr\/produit\/solarisation-n18-vivre-lelan-creatif-avec-joie-et-spontaneite\/#breadcrumb"},"inLanguage":"en-GB","potentialAction":[{"@type":"ReadAction","target":["https:\/\/loiseauvert.fr\/produit\/solarisation-n18-vivre-lelan-creatif-avec-joie-et-spontaneite\/"]}]},{"@type":"ImageObject","inLanguage":"en-GB","@id":"https:\/\/loiseauvert.fr\/produit\/solarisation-n18-vivre-lelan-creatif-avec-joie-et-spontaneite\/#primaryimage","url":"https:\/\/loiseauvert.fr\/wp-content\/uploads\/2023\/05\/oiseau-vert-solarisation-netal-18-1-jpg.webp","contentUrl":"https:\/\/loiseauvert.fr\/wp-content\/uploads\/2023\/05\/oiseau-vert-solarisation-netal-18-1-jpg.webp","width":1000,"height":1000},{"@type":"BreadcrumbList","@id":"https:\/\/loiseauvert.fr\/produit\/solarisation-n18-vivre-lelan-creatif-avec-joie-et-spontaneite\/#breadcrumb","itemListElement":[{"@type":"ListItem","position":1,"name":"Accueil","item":"https:\/\/loiseauvert.fr\/"},{"@type":"ListItem","position":2,"name":"Les Sp\u00e9cifiques","item":"https:\/\/loiseauvert.fr\/categorie-produit\/les-specifiques\/"},{"@type":"ListItem","position":3,"name":"N\u00e9tal"}]},{"@type":"WebSite","@id":"https:\/\/loiseauvert.fr\/#website","url":"https:\/\/loiseauvert.fr\/","name":"The Green Bird","description":"","potentialAction":[{"@type":"SearchAction","target":{"@type":"EntryPoint","urlTemplate":"https:\/\/loiseauvert.fr\/?s={search_term_string}"},"query-input":{"@type":"PropertyValueSpecification","valueRequired":true,"valueName":"search_term_string"}}],"inLanguage":"en-GB"}]}},"batches":[{"id":"21","date_created":"2025-05-22 10:47:53","date_expiry":"2027-02-01 00:00:00","user_id":"8","batch_number":"18.25.054","location":"","quantity":"37.0000","quantity_available":"0.0000","units":"1","status":"archived","order_ids":"[14406,14436,14438,14445,14481,14534,13883,14590,14613,14630,15142,15155,15174,15279,15331,15336,15341,15376]"},{"id":"91","date_created":"2025-07-28 15:28:12","date_expiry":"2027-07-01 00:00:00","user_id":"8","batch_number":"18.25.055","location":"","quantity":"78.0000","quantity_available":"11.0000","units":"1","status":"active","order_ids":"[15387,15420,15430,15436,15493,15497,15609,15619,15786,16017,16022,16077,16156,16164,16301,16322,16433,16480,16515,16684,16686,16831,16938,16951,16981,17034,17188,17246,17562,17690,17699,17725,17840,17862,17954,17968,17990,18025,18090,18481,18507,18527,18541,18546,18628,18785,18821,18602,18948,18991,19033,19042]"}],"_links":{"self":[{"href":"https:\/\/loiseauvert.fr\/en\/wp-json\/wp\/v2\/product\/1381","targetHints":{"allow":["GET"]}}],"collection":[{"href":"https:\/\/loiseauvert.fr\/en\/wp-json\/wp\/v2\/product"}],"about":[{"href":"https:\/\/loiseauvert.fr\/en\/wp-json\/wp\/v2\/types\/product"}],"wp:featuredmedia":[{"embeddable":true,"href":"https:\/\/loiseauvert.fr\/en\/wp-json\/wp\/v2\/media\/1403"}],"wp:attachment":[{"href":"https:\/\/loiseauvert.fr\/en\/wp-json\/wp\/v2\/media?parent=1381"}],"wp:term":[{"taxonomy":"product_brand","embeddable":true,"href":"https:\/\/loiseauvert.fr\/en\/wp-json\/wp\/v2\/product_brand?post=1381"},{"taxonomy":"product_cat","embeddable":true,"href":"https:\/\/loiseauvert.fr\/en\/wp-json\/wp\/v2\/product_cat?post=1381"},{"taxonomy":"product_tag","embeddable":true,"href":"https:\/\/loiseauvert.fr\/en\/wp-json\/wp\/v2\/product_tag?post=1381"}],"curies":[{"name":"wp","href":"https:\/\/api.w.org\/{rel}","templated":true}]}}