{"id":1345,"date":"2023-05-19T15:16:05","date_gmt":"2023-05-19T13:16:05","guid":{"rendered":"https:\/\/loiseauvert.fr\/?post_type=product&#038;p=1345"},"modified":"2026-04-10T17:11:19","modified_gmt":"2026-04-10T15:11:19","slug":"solarisation-natyl-estime-de-soi","status":"publish","type":"product","link":"https:\/\/loiseauvert.fr\/en\/product\/solarisation-natyl-estime-de-soi\/","title":{"rendered":"Natyl"},"content":{"rendered":"<h3>Solarization No. 31<\/h3>\n<p><strong>\u00ab\u00a0Estime de soi et affirmation int\u00e9rieure\u00a0\u00bb<\/strong><\/p>\n<ul>\n<li>Favorise l&rsquo;exploration des sch\u00e9mas personnels et de la cr\u00e9ativit\u00e9 int\u00e9rieure.<\/li>\n<li>Aide \u00e0 lib\u00e9rer le potentiel personnel et \u00e0 accueillir de nouvelles perspectives de vie.<\/li>\n<li>Encourage la reconnexion avec ses forces int\u00e9rieures et son pouvoir cr\u00e9atif.<\/li>\n<li>Soutient un processus de d\u00e9veloppement personnel et d&rsquo;alignement avec ses aspirations profondes.<\/li>\n<\/ul>","protected":false},"excerpt":{"rendered":"<p>Favorise l\u2019affirmation de soi et la confiance en ses capacit\u00e9s.<\/p>","protected":false},"featured_media":1369,"template":"","meta":{"_acf_changed":false,"_glsr_average":0,"_glsr_ranking":0,"_glsr_reviews":0},"product_brand":[],"product_cat":[60],"product_tag":[],"class_list":{"0":"post-1345","1":"product","2":"type-product","3":"status-publish","4":"has-post-thumbnail","6":"product_cat-les-specifiques","8":"first","9":"instock","10":"taxable","11":"shipping-taxable","12":"purchasable","13":"product-type-simple"},"supplier_id":null,"supplier_sku":"","barcode":null,"atum_controlled":true,"out_stock_date":null,"out_stock_threshold":null,"inheritable":false,"inbound_stock":null,"stock_on_hold":0,"sold_today":0,"sales_last_days":2,"reserved_stock":null,"customer_returns":null,"warehouse_damage":null,"lost_in_post":null,"other_logs":null,"out_stock_days":0,"lost_sales":0,"has_location":false,"update_date":"2026-04-17T10:17:34","atum_locations":[],"atum_stock_status":"instock","restock_status":false,"low_stock_amount":"","sales_update_date":"2026-04-17T10:17:34","calc_backorders":null,"acf":[],"yoast_head":"<!-- This site is optimized with the Yoast SEO plugin v26.9 - https:\/\/yoast.com\/product\/yoast-seo-wordpress\/ -->\n<title>Natyl - L&#039;Oiseau Vert<\/title>\n<meta name=\"description\" content=\"Solarisation n\u00b031 \u2013 D\u00e9veloppez estime de soi, affirmation int\u00e9rieure et cr\u00e9ativit\u00e9. Un soutien pour lib\u00e9rer son potentiel et avancer en harmonie.\" \/>\n<meta name=\"robots\" content=\"index, follow, max-snippet:-1, max-image-preview:large, max-video-preview:-1\" \/>\n<link rel=\"canonical\" href=\"https:\/\/loiseauvert.fr\/en\/product\/solarisation-natyl-estime-de-soi\/\" \/>\n<meta property=\"og:locale\" content=\"en_GB\" \/>\n<meta property=\"og:type\" content=\"article\" \/>\n<meta property=\"og:title\" content=\"Natyl - L&#039;Oiseau Vert\" \/>\n<meta property=\"og:description\" content=\"Solarisation n\u00b031 \u2013 D\u00e9veloppez estime de soi, affirmation int\u00e9rieure et cr\u00e9ativit\u00e9. Un soutien pour lib\u00e9rer son potentiel et avancer en harmonie.\" \/>\n<meta property=\"og:url\" content=\"https:\/\/loiseauvert.fr\/en\/product\/solarisation-natyl-estime-de-soi\/\" \/>\n<meta property=\"og:site_name\" content=\"L&#039;Oiseau Vert\" \/>\n<meta property=\"article:modified_time\" content=\"2026-04-10T15:11:19+00:00\" \/>\n<meta property=\"og:image\" content=\"https:\/\/loiseauvert.fr\/wp-content\/uploads\/2023\/05\/oiseau-vert-solarisation-natyl-31-jpg.webp\" \/>\n\t<meta property=\"og:image:width\" content=\"1000\" \/>\n\t<meta property=\"og:image:height\" content=\"1000\" \/>\n\t<meta property=\"og:image:type\" content=\"image\/jpeg\" \/>\n<meta name=\"twitter:card\" content=\"summary_large_image\" \/>\n<meta name=\"twitter:label1\" content=\"Estimated reading time\" \/>\n\t<meta name=\"twitter:data1\" content=\"1 minute\" \/>\n<script type=\"application\/ld+json\" class=\"yoast-schema-graph\">{\"@context\":\"https:\/\/schema.org\",\"@graph\":[{\"@type\":\"WebPage\",\"@id\":\"https:\/\/loiseauvert.fr\/produit\/solarisation-natyl-estime-de-soi\/\",\"url\":\"https:\/\/loiseauvert.fr\/produit\/solarisation-natyl-estime-de-soi\/\",\"name\":\"Natyl - L&#039;Oiseau Vert\",\"isPartOf\":{\"@id\":\"https:\/\/loiseauvert.fr\/#website\"},\"primaryImageOfPage\":{\"@id\":\"https:\/\/loiseauvert.fr\/produit\/solarisation-natyl-estime-de-soi\/#primaryimage\"},\"image\":{\"@id\":\"https:\/\/loiseauvert.fr\/produit\/solarisation-natyl-estime-de-soi\/#primaryimage\"},\"thumbnailUrl\":\"https:\/\/loiseauvert.fr\/wp-content\/uploads\/2023\/05\/oiseau-vert-solarisation-natyl-31-jpg.webp\",\"datePublished\":\"2023-05-19T13:16:05+00:00\",\"dateModified\":\"2026-04-10T15:11:19+00:00\",\"description\":\"Solarisation n\u00b031 \u2013 D\u00e9veloppez estime de soi, affirmation int\u00e9rieure et cr\u00e9ativit\u00e9. Un soutien pour lib\u00e9rer son potentiel et avancer en harmonie.\",\"breadcrumb\":{\"@id\":\"https:\/\/loiseauvert.fr\/produit\/solarisation-natyl-estime-de-soi\/#breadcrumb\"},\"inLanguage\":\"en-GB\",\"potentialAction\":[{\"@type\":\"ReadAction\",\"target\":[\"https:\/\/loiseauvert.fr\/produit\/solarisation-natyl-estime-de-soi\/\"]}]},{\"@type\":\"ImageObject\",\"inLanguage\":\"en-GB\",\"@id\":\"https:\/\/loiseauvert.fr\/produit\/solarisation-natyl-estime-de-soi\/#primaryimage\",\"url\":\"https:\/\/loiseauvert.fr\/wp-content\/uploads\/2023\/05\/oiseau-vert-solarisation-natyl-31-jpg.webp\",\"contentUrl\":\"https:\/\/loiseauvert.fr\/wp-content\/uploads\/2023\/05\/oiseau-vert-solarisation-natyl-31-jpg.webp\",\"width\":1000,\"height\":1000},{\"@type\":\"BreadcrumbList\",\"@id\":\"https:\/\/loiseauvert.fr\/produit\/solarisation-natyl-estime-de-soi\/#breadcrumb\",\"itemListElement\":[{\"@type\":\"ListItem\",\"position\":1,\"name\":\"Accueil\",\"item\":\"https:\/\/loiseauvert.fr\/\"},{\"@type\":\"ListItem\",\"position\":2,\"name\":\"Les Sp\u00e9cifiques\",\"item\":\"https:\/\/loiseauvert.fr\/categorie-produit\/les-specifiques\/\"},{\"@type\":\"ListItem\",\"position\":3,\"name\":\"Natyl\"}]},{\"@type\":\"WebSite\",\"@id\":\"https:\/\/loiseauvert.fr\/#website\",\"url\":\"https:\/\/loiseauvert.fr\/\",\"name\":\"L&#039;Oiseau Vert\",\"description\":\"\",\"potentialAction\":[{\"@type\":\"SearchAction\",\"target\":{\"@type\":\"EntryPoint\",\"urlTemplate\":\"https:\/\/loiseauvert.fr\/?s={search_term_string}\"},\"query-input\":{\"@type\":\"PropertyValueSpecification\",\"valueRequired\":true,\"valueName\":\"search_term_string\"}}],\"inLanguage\":\"en-GB\"}]}<\/script>\n<!-- \/ Yoast SEO plugin. -->","yoast_head_json":{"title":"Natyl - L&#039;Green Bird","description":"Solarisation n\u00b031 \u2013 D\u00e9veloppez estime de soi, affirmation int\u00e9rieure et cr\u00e9ativit\u00e9. Un soutien pour lib\u00e9rer son potentiel et avancer en harmonie.","robots":{"index":"index","follow":"follow","max-snippet":"max-snippet:-1","max-image-preview":"max-image-preview:large","max-video-preview":"max-video-preview:-1"},"canonical":"https:\/\/loiseauvert.fr\/en\/product\/solarisation-natyl-estime-de-soi\/","og_locale":"en_GB","og_type":"article","og_title":"Natyl - L&#039;Oiseau Vert","og_description":"Solarisation n\u00b031 \u2013 D\u00e9veloppez estime de soi, affirmation int\u00e9rieure et cr\u00e9ativit\u00e9. Un soutien pour lib\u00e9rer son potentiel et avancer en harmonie.","og_url":"https:\/\/loiseauvert.fr\/en\/product\/solarisation-natyl-estime-de-soi\/","og_site_name":"L&#039;Oiseau Vert","article_modified_time":"2026-04-10T15:11:19+00:00","og_image":[{"width":1000,"height":1000,"url":"https:\/\/loiseauvert.fr\/wp-content\/uploads\/2023\/05\/oiseau-vert-solarisation-natyl-31-jpg.webp","type":"image\/jpeg"}],"twitter_card":"summary_large_image","twitter_misc":{"Estimated reading time":"1 minute"},"schema":{"@context":"https:\/\/schema.org","@graph":[{"@type":"WebPage","@id":"https:\/\/loiseauvert.fr\/produit\/solarisation-natyl-estime-de-soi\/","url":"https:\/\/loiseauvert.fr\/produit\/solarisation-natyl-estime-de-soi\/","name":"Natyl - L&#039;Green Bird","isPartOf":{"@id":"https:\/\/loiseauvert.fr\/#website"},"primaryImageOfPage":{"@id":"https:\/\/loiseauvert.fr\/produit\/solarisation-natyl-estime-de-soi\/#primaryimage"},"image":{"@id":"https:\/\/loiseauvert.fr\/produit\/solarisation-natyl-estime-de-soi\/#primaryimage"},"thumbnailUrl":"https:\/\/loiseauvert.fr\/wp-content\/uploads\/2023\/05\/oiseau-vert-solarisation-natyl-31-jpg.webp","datePublished":"2023-05-19T13:16:05+00:00","dateModified":"2026-04-10T15:11:19+00:00","description":"Solarisation n\u00b031 \u2013 D\u00e9veloppez estime de soi, affirmation int\u00e9rieure et cr\u00e9ativit\u00e9. Un soutien pour lib\u00e9rer son potentiel et avancer en harmonie.","breadcrumb":{"@id":"https:\/\/loiseauvert.fr\/produit\/solarisation-natyl-estime-de-soi\/#breadcrumb"},"inLanguage":"en-GB","potentialAction":[{"@type":"ReadAction","target":["https:\/\/loiseauvert.fr\/produit\/solarisation-natyl-estime-de-soi\/"]}]},{"@type":"ImageObject","inLanguage":"en-GB","@id":"https:\/\/loiseauvert.fr\/produit\/solarisation-natyl-estime-de-soi\/#primaryimage","url":"https:\/\/loiseauvert.fr\/wp-content\/uploads\/2023\/05\/oiseau-vert-solarisation-natyl-31-jpg.webp","contentUrl":"https:\/\/loiseauvert.fr\/wp-content\/uploads\/2023\/05\/oiseau-vert-solarisation-natyl-31-jpg.webp","width":1000,"height":1000},{"@type":"BreadcrumbList","@id":"https:\/\/loiseauvert.fr\/produit\/solarisation-natyl-estime-de-soi\/#breadcrumb","itemListElement":[{"@type":"ListItem","position":1,"name":"Accueil","item":"https:\/\/loiseauvert.fr\/"},{"@type":"ListItem","position":2,"name":"Les Sp\u00e9cifiques","item":"https:\/\/loiseauvert.fr\/categorie-produit\/les-specifiques\/"},{"@type":"ListItem","position":3,"name":"Natyl"}]},{"@type":"WebSite","@id":"https:\/\/loiseauvert.fr\/#website","url":"https:\/\/loiseauvert.fr\/","name":"The Green Bird","description":"","potentialAction":[{"@type":"SearchAction","target":{"@type":"EntryPoint","urlTemplate":"https:\/\/loiseauvert.fr\/?s={search_term_string}"},"query-input":{"@type":"PropertyValueSpecification","valueRequired":true,"valueName":"search_term_string"}}],"inLanguage":"en-GB"}]}},"batches":[{"id":"33","date_created":"2025-05-22 11:09:44","date_expiry":"2027-05-01 00:00:00","user_id":"8","batch_number":"31.25.071","location":"","quantity":"68.0000","quantity_available":"0.0000","units":"1","status":"archived","order_ids":"[14429,14433,14462,14630,14632,14634,14638,14685,14695,14696,14775,14785,14852,14862,14901,14912,14930,14988,15190,15223,15229,15334,15399,15451,15454,15470,15525,15566,15616,15706,15766,15834,15853,15992,16008,16083,16175,16194,16229,16281,16388,16397,16495,16511,16534,16540,16611,16617,16651,16688,16774,16879,16916,16919,16938]"},{"id":"137","date_created":"2025-11-17 17:54:24","date_expiry":"2027-11-01 00:00:00","user_id":"0","batch_number":"31.25.072","location":"","quantity":"70.0000","quantity_available":"22.0000","units":"1","status":"active","order_ids":"[16997,17004,17053,17154,17353,17368,17383,17413,17447,17707,17708,17860,17898,17925,18024,18044,18088,18119,18140,18143,18184,18233,18270,18271,18289,18442,18467,18535,18564,18670,18730,18814,18821,18899,18602,18981]"}],"_links":{"self":[{"href":"https:\/\/loiseauvert.fr\/en\/wp-json\/wp\/v2\/product\/1345","targetHints":{"allow":["GET"]}}],"collection":[{"href":"https:\/\/loiseauvert.fr\/en\/wp-json\/wp\/v2\/product"}],"about":[{"href":"https:\/\/loiseauvert.fr\/en\/wp-json\/wp\/v2\/types\/product"}],"wp:featuredmedia":[{"embeddable":true,"href":"https:\/\/loiseauvert.fr\/en\/wp-json\/wp\/v2\/media\/1369"}],"wp:attachment":[{"href":"https:\/\/loiseauvert.fr\/en\/wp-json\/wp\/v2\/media?parent=1345"}],"wp:term":[{"taxonomy":"product_brand","embeddable":true,"href":"https:\/\/loiseauvert.fr\/en\/wp-json\/wp\/v2\/product_brand?post=1345"},{"taxonomy":"product_cat","embeddable":true,"href":"https:\/\/loiseauvert.fr\/en\/wp-json\/wp\/v2\/product_cat?post=1345"},{"taxonomy":"product_tag","embeddable":true,"href":"https:\/\/loiseauvert.fr\/en\/wp-json\/wp\/v2\/product_tag?post=1345"}],"curies":[{"name":"wp","href":"https:\/\/api.w.org\/{rel}","templated":true}]}}