{"id":1344,"date":"2023-05-19T15:16:05","date_gmt":"2023-05-19T13:16:05","guid":{"rendered":"https:\/\/loiseauvert.fr\/?post_type=product&#038;p=1344"},"modified":"2026-04-01T12:33:05","modified_gmt":"2026-04-01T10:33:05","slug":"solarisation-n38-force-interieure","status":"publish","type":"product","link":"https:\/\/loiseauvert.fr\/en\/product\/solarisation-n38-force-interieure\/","title":{"rendered":"Mirror"},"content":{"rendered":"<h3>Solarization No. 38<\/h3>\n<p><strong>\u00ab\u00a0Force et autorit\u00e9 respectueuses, ouverture \u00e0 une conscience \u00e9lev\u00e9e\u00a0\u00bb<\/strong><\/p>\n<ul>\n<li>Accompagne dans la gestion des \u00e9motions et des comportements r\u00e9actifs.<\/li>\n<li>Favorise une approche plus sereine et \u00e9quilibr\u00e9e face aux situations stressantes.<\/li>\n<li>Encourage la prise de recul face aux d\u00e9fis \u00e9motionnels et favorise l\u2019expression authentique.<\/li>\n<li>Aide \u00e0 cultiver un bien-\u00eatre personnel durable et une meilleure relation avec soi-m\u00eame.<\/li>\n<li>Soutient l\u2019\u00e9quilibre int\u00e9rieur pour une approche plus calme des exp\u00e9riences de la vie.<\/li>\n<\/ul>","protected":false},"excerpt":{"rendered":"<p>Encourage le d\u00e9veloppement personnel et la confiance en ses capacit\u00e9s.<\/p>","protected":false},"featured_media":1368,"template":"","meta":{"_acf_changed":false,"_glsr_average":0,"_glsr_ranking":0,"_glsr_reviews":0},"product_brand":[],"product_cat":[60],"product_tag":[],"class_list":{"0":"post-1344","1":"product","2":"type-product","3":"status-publish","4":"has-post-thumbnail","6":"product_cat-les-specifiques","8":"first","9":"instock","10":"taxable","11":"shipping-taxable","12":"purchasable","13":"product-type-simple"},"supplier_id":null,"supplier_sku":"","barcode":null,"atum_controlled":true,"out_stock_date":null,"out_stock_threshold":null,"inheritable":false,"inbound_stock":null,"stock_on_hold":8,"sold_today":0,"sales_last_days":1,"reserved_stock":null,"customer_returns":null,"warehouse_damage":null,"lost_in_post":null,"other_logs":null,"out_stock_days":0,"lost_sales":0,"has_location":false,"update_date":"2026-04-06T10:18:19","atum_locations":[],"atum_stock_status":"instock","restock_status":false,"low_stock_amount":"","sales_update_date":"2026-04-06T10:18:19","calc_backorders":null,"acf":[],"yoast_head":"<!-- This site is optimized with the Yoast SEO plugin v26.9 - https:\/\/yoast.com\/product\/yoast-seo-wordpress\/ -->\n<title>Miroir - L&#039;Oiseau Vert<\/title>\n<meta name=\"description\" content=\"Solarisation n\u00b038 \u2013 D\u00e9veloppez force int\u00e9rieure, \u00e9quilibre \u00e9motionnel et bien-\u00eatre durable. Une aide pour vivre avec s\u00e9r\u00e9nit\u00e9 et conscience \u00e9lev\u00e9e.\" \/>\n<meta name=\"robots\" content=\"index, follow, max-snippet:-1, max-image-preview:large, max-video-preview:-1\" \/>\n<link rel=\"canonical\" href=\"https:\/\/loiseauvert.fr\/en\/product\/solarisation-n38-force-interieure\/\" \/>\n<meta property=\"og:locale\" content=\"en_GB\" \/>\n<meta property=\"og:type\" content=\"article\" \/>\n<meta property=\"og:title\" content=\"Miroir - L&#039;Oiseau Vert\" \/>\n<meta property=\"og:description\" content=\"Solarisation n\u00b038 \u2013 D\u00e9veloppez force int\u00e9rieure, \u00e9quilibre \u00e9motionnel et bien-\u00eatre durable. Une aide pour vivre avec s\u00e9r\u00e9nit\u00e9 et conscience \u00e9lev\u00e9e.\" \/>\n<meta property=\"og:url\" content=\"https:\/\/loiseauvert.fr\/en\/product\/solarisation-n38-force-interieure\/\" \/>\n<meta property=\"og:site_name\" content=\"L&#039;Oiseau Vert\" \/>\n<meta property=\"article:modified_time\" content=\"2026-04-01T10:33:05+00:00\" \/>\n<meta property=\"og:image\" content=\"https:\/\/loiseauvert.fr\/wp-content\/uploads\/2023\/05\/oiseau-vert-solarisation-miroir-38-jpg.webp\" \/>\n\t<meta property=\"og:image:width\" content=\"1000\" \/>\n\t<meta property=\"og:image:height\" content=\"1000\" \/>\n\t<meta property=\"og:image:type\" content=\"image\/jpeg\" \/>\n<meta name=\"twitter:card\" content=\"summary_large_image\" \/>\n<meta name=\"twitter:label1\" content=\"Estimated reading time\" \/>\n\t<meta name=\"twitter:data1\" content=\"1 minute\" \/>\n<script type=\"application\/ld+json\" class=\"yoast-schema-graph\">{\"@context\":\"https:\/\/schema.org\",\"@graph\":[{\"@type\":\"WebPage\",\"@id\":\"https:\/\/loiseauvert.fr\/produit\/solarisation-n38-force-interieure\/\",\"url\":\"https:\/\/loiseauvert.fr\/produit\/solarisation-n38-force-interieure\/\",\"name\":\"Miroir - L&#039;Oiseau Vert\",\"isPartOf\":{\"@id\":\"https:\/\/loiseauvert.fr\/#website\"},\"primaryImageOfPage\":{\"@id\":\"https:\/\/loiseauvert.fr\/produit\/solarisation-n38-force-interieure\/#primaryimage\"},\"image\":{\"@id\":\"https:\/\/loiseauvert.fr\/produit\/solarisation-n38-force-interieure\/#primaryimage\"},\"thumbnailUrl\":\"https:\/\/loiseauvert.fr\/wp-content\/uploads\/2023\/05\/oiseau-vert-solarisation-miroir-38-jpg.webp\",\"datePublished\":\"2023-05-19T13:16:05+00:00\",\"dateModified\":\"2026-04-01T10:33:05+00:00\",\"description\":\"Solarisation n\u00b038 \u2013 D\u00e9veloppez force int\u00e9rieure, \u00e9quilibre \u00e9motionnel et bien-\u00eatre durable. Une aide pour vivre avec s\u00e9r\u00e9nit\u00e9 et conscience \u00e9lev\u00e9e.\",\"breadcrumb\":{\"@id\":\"https:\/\/loiseauvert.fr\/produit\/solarisation-n38-force-interieure\/#breadcrumb\"},\"inLanguage\":\"en-GB\",\"potentialAction\":[{\"@type\":\"ReadAction\",\"target\":[\"https:\/\/loiseauvert.fr\/produit\/solarisation-n38-force-interieure\/\"]}]},{\"@type\":\"ImageObject\",\"inLanguage\":\"en-GB\",\"@id\":\"https:\/\/loiseauvert.fr\/produit\/solarisation-n38-force-interieure\/#primaryimage\",\"url\":\"https:\/\/loiseauvert.fr\/wp-content\/uploads\/2023\/05\/oiseau-vert-solarisation-miroir-38-jpg.webp\",\"contentUrl\":\"https:\/\/loiseauvert.fr\/wp-content\/uploads\/2023\/05\/oiseau-vert-solarisation-miroir-38-jpg.webp\",\"width\":1000,\"height\":1000},{\"@type\":\"BreadcrumbList\",\"@id\":\"https:\/\/loiseauvert.fr\/produit\/solarisation-n38-force-interieure\/#breadcrumb\",\"itemListElement\":[{\"@type\":\"ListItem\",\"position\":1,\"name\":\"Accueil\",\"item\":\"https:\/\/loiseauvert.fr\/\"},{\"@type\":\"ListItem\",\"position\":2,\"name\":\"Les Sp\u00e9cifiques\",\"item\":\"https:\/\/loiseauvert.fr\/categorie-produit\/les-specifiques\/\"},{\"@type\":\"ListItem\",\"position\":3,\"name\":\"Miroir\"}]},{\"@type\":\"WebSite\",\"@id\":\"https:\/\/loiseauvert.fr\/#website\",\"url\":\"https:\/\/loiseauvert.fr\/\",\"name\":\"L&#039;Oiseau Vert\",\"description\":\"\",\"potentialAction\":[{\"@type\":\"SearchAction\",\"target\":{\"@type\":\"EntryPoint\",\"urlTemplate\":\"https:\/\/loiseauvert.fr\/?s={search_term_string}\"},\"query-input\":{\"@type\":\"PropertyValueSpecification\",\"valueRequired\":true,\"valueName\":\"search_term_string\"}}],\"inLanguage\":\"en-GB\"}]}<\/script>\n<!-- \/ Yoast SEO plugin. -->","yoast_head_json":{"title":"Mirror - L&#039;Green Bird","description":"Solarisation n\u00b038 \u2013 D\u00e9veloppez force int\u00e9rieure, \u00e9quilibre \u00e9motionnel et bien-\u00eatre durable. Une aide pour vivre avec s\u00e9r\u00e9nit\u00e9 et conscience \u00e9lev\u00e9e.","robots":{"index":"index","follow":"follow","max-snippet":"max-snippet:-1","max-image-preview":"max-image-preview:large","max-video-preview":"max-video-preview:-1"},"canonical":"https:\/\/loiseauvert.fr\/en\/product\/solarisation-n38-force-interieure\/","og_locale":"en_GB","og_type":"article","og_title":"Miroir - L&#039;Oiseau Vert","og_description":"Solarisation n\u00b038 \u2013 D\u00e9veloppez force int\u00e9rieure, \u00e9quilibre \u00e9motionnel et bien-\u00eatre durable. Une aide pour vivre avec s\u00e9r\u00e9nit\u00e9 et conscience \u00e9lev\u00e9e.","og_url":"https:\/\/loiseauvert.fr\/en\/product\/solarisation-n38-force-interieure\/","og_site_name":"L&#039;Oiseau Vert","article_modified_time":"2026-04-01T10:33:05+00:00","og_image":[{"width":1000,"height":1000,"url":"https:\/\/loiseauvert.fr\/wp-content\/uploads\/2023\/05\/oiseau-vert-solarisation-miroir-38-jpg.webp","type":"image\/jpeg"}],"twitter_card":"summary_large_image","twitter_misc":{"Estimated reading time":"1 minute"},"schema":{"@context":"https:\/\/schema.org","@graph":[{"@type":"WebPage","@id":"https:\/\/loiseauvert.fr\/produit\/solarisation-n38-force-interieure\/","url":"https:\/\/loiseauvert.fr\/produit\/solarisation-n38-force-interieure\/","name":"Mirror - L&#039;Green Bird","isPartOf":{"@id":"https:\/\/loiseauvert.fr\/#website"},"primaryImageOfPage":{"@id":"https:\/\/loiseauvert.fr\/produit\/solarisation-n38-force-interieure\/#primaryimage"},"image":{"@id":"https:\/\/loiseauvert.fr\/produit\/solarisation-n38-force-interieure\/#primaryimage"},"thumbnailUrl":"https:\/\/loiseauvert.fr\/wp-content\/uploads\/2023\/05\/oiseau-vert-solarisation-miroir-38-jpg.webp","datePublished":"2023-05-19T13:16:05+00:00","dateModified":"2026-04-01T10:33:05+00:00","description":"Solarisation n\u00b038 \u2013 D\u00e9veloppez force int\u00e9rieure, \u00e9quilibre \u00e9motionnel et bien-\u00eatre durable. Une aide pour vivre avec s\u00e9r\u00e9nit\u00e9 et conscience \u00e9lev\u00e9e.","breadcrumb":{"@id":"https:\/\/loiseauvert.fr\/produit\/solarisation-n38-force-interieure\/#breadcrumb"},"inLanguage":"en-GB","potentialAction":[{"@type":"ReadAction","target":["https:\/\/loiseauvert.fr\/produit\/solarisation-n38-force-interieure\/"]}]},{"@type":"ImageObject","inLanguage":"en-GB","@id":"https:\/\/loiseauvert.fr\/produit\/solarisation-n38-force-interieure\/#primaryimage","url":"https:\/\/loiseauvert.fr\/wp-content\/uploads\/2023\/05\/oiseau-vert-solarisation-miroir-38-jpg.webp","contentUrl":"https:\/\/loiseauvert.fr\/wp-content\/uploads\/2023\/05\/oiseau-vert-solarisation-miroir-38-jpg.webp","width":1000,"height":1000},{"@type":"BreadcrumbList","@id":"https:\/\/loiseauvert.fr\/produit\/solarisation-n38-force-interieure\/#breadcrumb","itemListElement":[{"@type":"ListItem","position":1,"name":"Accueil","item":"https:\/\/loiseauvert.fr\/"},{"@type":"ListItem","position":2,"name":"Les Sp\u00e9cifiques","item":"https:\/\/loiseauvert.fr\/categorie-produit\/les-specifiques\/"},{"@type":"ListItem","position":3,"name":"Miroir"}]},{"@type":"WebSite","@id":"https:\/\/loiseauvert.fr\/#website","url":"https:\/\/loiseauvert.fr\/","name":"The Green Bird","description":"","potentialAction":[{"@type":"SearchAction","target":{"@type":"EntryPoint","urlTemplate":"https:\/\/loiseauvert.fr\/?s={search_term_string}"},"query-input":{"@type":"PropertyValueSpecification","valueRequired":true,"valueName":"search_term_string"}}],"inLanguage":"en-GB"}]}},"batches":[{"id":"39","date_created":"2025-05-22 11:36:45","date_expiry":"2026-06-01 00:00:00","user_id":"8","batch_number":"38.24.056","location":"","quantity":"12.0000","quantity_available":"1.0000","units":"1","status":"archived","order_ids":"[14414,14425,14477,13883,14715,14855,14985,15109,15267]"},{"id":"87","date_created":"2025-07-10 09:54:22","date_expiry":"2027-07-01 00:00:00","user_id":"8","batch_number":"38.25.059","location":"","quantity":"71.0000","quantity_available":"0.0000","units":"1","status":"archived","order_ids":"[14121,15267,15270,15283,15326,15371,15411,15439,15488,15533,15537,15544,15551,15580,15712,15808,15871,15896,15958,16004,16198,16241,16308,16309,16688,16779,16879,16905,17034,17065,17074,17095,17139,17180,17359,17526,17536,17588,17679,17695,17710,17727,17837,17980,18024,18085,18117,18340,18377,18508,18535,18576]"},{"id":"182","date_created":"2026-02-09 09:53:04","date_expiry":"2028-02-01 00:00:00","user_id":"0","batch_number":"38.26.60","location":"","quantity":"76.0000","quantity_available":"67.0000","units":"1","status":"active","order_ids":"[18576,18669,18673,18760,18845]"}],"_links":{"self":[{"href":"https:\/\/loiseauvert.fr\/en\/wp-json\/wp\/v2\/product\/1344","targetHints":{"allow":["GET"]}}],"collection":[{"href":"https:\/\/loiseauvert.fr\/en\/wp-json\/wp\/v2\/product"}],"about":[{"href":"https:\/\/loiseauvert.fr\/en\/wp-json\/wp\/v2\/types\/product"}],"wp:featuredmedia":[{"embeddable":true,"href":"https:\/\/loiseauvert.fr\/en\/wp-json\/wp\/v2\/media\/1368"}],"wp:attachment":[{"href":"https:\/\/loiseauvert.fr\/en\/wp-json\/wp\/v2\/media?parent=1344"}],"wp:term":[{"taxonomy":"product_brand","embeddable":true,"href":"https:\/\/loiseauvert.fr\/en\/wp-json\/wp\/v2\/product_brand?post=1344"},{"taxonomy":"product_cat","embeddable":true,"href":"https:\/\/loiseauvert.fr\/en\/wp-json\/wp\/v2\/product_cat?post=1344"},{"taxonomy":"product_tag","embeddable":true,"href":"https:\/\/loiseauvert.fr\/en\/wp-json\/wp\/v2\/product_tag?post=1344"}],"curies":[{"name":"wp","href":"https:\/\/api.w.org\/{rel}","templated":true}]}}