{"id":1343,"date":"2023-05-19T15:16:05","date_gmt":"2023-05-19T13:16:05","guid":{"rendered":"https:\/\/loiseauvert.fr\/?post_type=product&#038;p=1343"},"modified":"2026-04-04T20:10:38","modified_gmt":"2026-04-04T18:10:38","slug":"solarisation-n30-acceptation-et-renouveau-interieur","status":"publish","type":"product","link":"https:\/\/loiseauvert.fr\/en\/product\/solarisation-n30-acceptation-et-renouveau-interieur\/","title":{"rendered":"Metab"},"content":{"rendered":"<h3>Solarization No. 30<\/h3>\n<p><strong>\u00ab\u00a0Ouvre un espace pour l\u2019acceptation et le renouveau int\u00e9rieur\u00a0\u00bb<\/strong><\/p>\n<ul>\n<li>Favorise un recentrage sur soi et un apaisement int\u00e9rieur<\/li>\n<li>Invite \u00e0 un regard plus serein sur ses \u00e9motions et ses sch\u00e9mas de pens\u00e9e.<\/li>\n<li>Aide \u00e0 cultiver la clart\u00e9, la prise de recul et l\u2019acceptation de soi.<\/li>\n<li>Pour accompagner les p\u00e9riodes de transition, de questionnement ou de recentrage personnel.<\/li>\n<\/ul>","protected":false},"excerpt":{"rendered":"<p>Favorise une meilleure gestion des exp\u00e9riences pass\u00e9es avec une approche plus sereine et constructive.<\/p>","protected":false},"featured_media":1367,"template":"","meta":{"_acf_changed":false,"_glsr_average":0,"_glsr_ranking":0,"_glsr_reviews":0},"product_brand":[],"product_cat":[60],"product_tag":[],"class_list":{"0":"post-1343","1":"product","2":"type-product","3":"status-publish","4":"has-post-thumbnail","6":"product_cat-les-specifiques","8":"first","9":"instock","10":"taxable","11":"shipping-taxable","12":"purchasable","13":"product-type-simple"},"supplier_id":null,"supplier_sku":"","barcode":null,"atum_controlled":true,"out_stock_date":null,"out_stock_threshold":null,"inheritable":false,"inbound_stock":null,"stock_on_hold":2,"sold_today":0,"sales_last_days":3,"reserved_stock":null,"customer_returns":null,"warehouse_damage":null,"lost_in_post":null,"other_logs":null,"out_stock_days":0,"lost_sales":0,"has_location":false,"update_date":"2026-04-06T10:18:19","atum_locations":[],"atum_stock_status":"instock","restock_status":false,"low_stock_amount":"","sales_update_date":"2026-04-06T10:18:19","calc_backorders":null,"acf":[],"yoast_head":"<!-- This site is optimized with the Yoast SEO plugin v26.9 - https:\/\/yoast.com\/product\/yoast-seo-wordpress\/ -->\n<title>Metab - L&#039;Oiseau Vert<\/title>\n<meta name=\"description\" content=\"Solarisation n\u00b030 \u2013 Favorise acceptation de soi, apaisement et clart\u00e9 int\u00e9rieure. Un soutien pr\u00e9cieux pour les p\u00e9riodes de transition et de renouveau.\" \/>\n<meta name=\"robots\" content=\"index, follow, max-snippet:-1, max-image-preview:large, max-video-preview:-1\" \/>\n<link rel=\"canonical\" href=\"https:\/\/loiseauvert.fr\/en\/product\/solarisation-n30-acceptation-et-renouveau-interieur\/\" \/>\n<meta property=\"og:locale\" content=\"en_GB\" \/>\n<meta property=\"og:type\" content=\"article\" \/>\n<meta property=\"og:title\" content=\"Metab - L&#039;Oiseau Vert\" \/>\n<meta property=\"og:description\" content=\"Solarisation n\u00b030 \u2013 Favorise acceptation de soi, apaisement et clart\u00e9 int\u00e9rieure. Un soutien pr\u00e9cieux pour les p\u00e9riodes de transition et de renouveau.\" \/>\n<meta property=\"og:url\" content=\"https:\/\/loiseauvert.fr\/en\/product\/solarisation-n30-acceptation-et-renouveau-interieur\/\" \/>\n<meta property=\"og:site_name\" content=\"L&#039;Oiseau Vert\" \/>\n<meta property=\"article:modified_time\" content=\"2026-04-04T18:10:38+00:00\" \/>\n<meta property=\"og:image\" content=\"https:\/\/loiseauvert.fr\/wp-content\/uploads\/2023\/05\/oiseau-vert-solarisations-metab-30-jpg.webp\" \/>\n\t<meta property=\"og:image:width\" content=\"1000\" \/>\n\t<meta property=\"og:image:height\" content=\"1000\" \/>\n\t<meta property=\"og:image:type\" content=\"image\/jpeg\" \/>\n<meta name=\"twitter:card\" content=\"summary_large_image\" \/>\n<meta name=\"twitter:label1\" content=\"Estimated reading time\" \/>\n\t<meta name=\"twitter:data1\" content=\"1 minute\" \/>\n<script type=\"application\/ld+json\" class=\"yoast-schema-graph\">{\"@context\":\"https:\/\/schema.org\",\"@graph\":[{\"@type\":\"WebPage\",\"@id\":\"https:\/\/loiseauvert.fr\/produit\/solarisation-n30-acceptation-et-renouveau-interieur\/\",\"url\":\"https:\/\/loiseauvert.fr\/produit\/solarisation-n30-acceptation-et-renouveau-interieur\/\",\"name\":\"Metab - L&#039;Oiseau Vert\",\"isPartOf\":{\"@id\":\"https:\/\/loiseauvert.fr\/#website\"},\"primaryImageOfPage\":{\"@id\":\"https:\/\/loiseauvert.fr\/produit\/solarisation-n30-acceptation-et-renouveau-interieur\/#primaryimage\"},\"image\":{\"@id\":\"https:\/\/loiseauvert.fr\/produit\/solarisation-n30-acceptation-et-renouveau-interieur\/#primaryimage\"},\"thumbnailUrl\":\"https:\/\/loiseauvert.fr\/wp-content\/uploads\/2023\/05\/oiseau-vert-solarisations-metab-30-jpg.webp\",\"datePublished\":\"2023-05-19T13:16:05+00:00\",\"dateModified\":\"2026-04-04T18:10:38+00:00\",\"description\":\"Solarisation n\u00b030 \u2013 Favorise acceptation de soi, apaisement et clart\u00e9 int\u00e9rieure. Un soutien pr\u00e9cieux pour les p\u00e9riodes de transition et de renouveau.\",\"breadcrumb\":{\"@id\":\"https:\/\/loiseauvert.fr\/produit\/solarisation-n30-acceptation-et-renouveau-interieur\/#breadcrumb\"},\"inLanguage\":\"en-GB\",\"potentialAction\":[{\"@type\":\"ReadAction\",\"target\":[\"https:\/\/loiseauvert.fr\/produit\/solarisation-n30-acceptation-et-renouveau-interieur\/\"]}]},{\"@type\":\"ImageObject\",\"inLanguage\":\"en-GB\",\"@id\":\"https:\/\/loiseauvert.fr\/produit\/solarisation-n30-acceptation-et-renouveau-interieur\/#primaryimage\",\"url\":\"https:\/\/loiseauvert.fr\/wp-content\/uploads\/2023\/05\/oiseau-vert-solarisations-metab-30-jpg.webp\",\"contentUrl\":\"https:\/\/loiseauvert.fr\/wp-content\/uploads\/2023\/05\/oiseau-vert-solarisations-metab-30-jpg.webp\",\"width\":1000,\"height\":1000},{\"@type\":\"BreadcrumbList\",\"@id\":\"https:\/\/loiseauvert.fr\/produit\/solarisation-n30-acceptation-et-renouveau-interieur\/#breadcrumb\",\"itemListElement\":[{\"@type\":\"ListItem\",\"position\":1,\"name\":\"Accueil\",\"item\":\"https:\/\/loiseauvert.fr\/\"},{\"@type\":\"ListItem\",\"position\":2,\"name\":\"Les Sp\u00e9cifiques\",\"item\":\"https:\/\/loiseauvert.fr\/categorie-produit\/les-specifiques\/\"},{\"@type\":\"ListItem\",\"position\":3,\"name\":\"Metab\"}]},{\"@type\":\"WebSite\",\"@id\":\"https:\/\/loiseauvert.fr\/#website\",\"url\":\"https:\/\/loiseauvert.fr\/\",\"name\":\"L&#039;Oiseau Vert\",\"description\":\"\",\"potentialAction\":[{\"@type\":\"SearchAction\",\"target\":{\"@type\":\"EntryPoint\",\"urlTemplate\":\"https:\/\/loiseauvert.fr\/?s={search_term_string}\"},\"query-input\":{\"@type\":\"PropertyValueSpecification\",\"valueRequired\":true,\"valueName\":\"search_term_string\"}}],\"inLanguage\":\"en-GB\"}]}<\/script>\n<!-- \/ Yoast SEO plugin. -->","yoast_head_json":{"title":"Metab - L&#039;Green Bird","description":"Solarisation n\u00b030 \u2013 Favorise acceptation de soi, apaisement et clart\u00e9 int\u00e9rieure. Un soutien pr\u00e9cieux pour les p\u00e9riodes de transition et de renouveau.","robots":{"index":"index","follow":"follow","max-snippet":"max-snippet:-1","max-image-preview":"max-image-preview:large","max-video-preview":"max-video-preview:-1"},"canonical":"https:\/\/loiseauvert.fr\/en\/product\/solarisation-n30-acceptation-et-renouveau-interieur\/","og_locale":"en_GB","og_type":"article","og_title":"Metab - L&#039;Oiseau Vert","og_description":"Solarisation n\u00b030 \u2013 Favorise acceptation de soi, apaisement et clart\u00e9 int\u00e9rieure. Un soutien pr\u00e9cieux pour les p\u00e9riodes de transition et de renouveau.","og_url":"https:\/\/loiseauvert.fr\/en\/product\/solarisation-n30-acceptation-et-renouveau-interieur\/","og_site_name":"L&#039;Oiseau Vert","article_modified_time":"2026-04-04T18:10:38+00:00","og_image":[{"width":1000,"height":1000,"url":"https:\/\/loiseauvert.fr\/wp-content\/uploads\/2023\/05\/oiseau-vert-solarisations-metab-30-jpg.webp","type":"image\/jpeg"}],"twitter_card":"summary_large_image","twitter_misc":{"Estimated reading time":"1 minute"},"schema":{"@context":"https:\/\/schema.org","@graph":[{"@type":"WebPage","@id":"https:\/\/loiseauvert.fr\/produit\/solarisation-n30-acceptation-et-renouveau-interieur\/","url":"https:\/\/loiseauvert.fr\/produit\/solarisation-n30-acceptation-et-renouveau-interieur\/","name":"Metab - L&#039;Green Bird","isPartOf":{"@id":"https:\/\/loiseauvert.fr\/#website"},"primaryImageOfPage":{"@id":"https:\/\/loiseauvert.fr\/produit\/solarisation-n30-acceptation-et-renouveau-interieur\/#primaryimage"},"image":{"@id":"https:\/\/loiseauvert.fr\/produit\/solarisation-n30-acceptation-et-renouveau-interieur\/#primaryimage"},"thumbnailUrl":"https:\/\/loiseauvert.fr\/wp-content\/uploads\/2023\/05\/oiseau-vert-solarisations-metab-30-jpg.webp","datePublished":"2023-05-19T13:16:05+00:00","dateModified":"2026-04-04T18:10:38+00:00","description":"Solarisation n\u00b030 \u2013 Favorise acceptation de soi, apaisement et clart\u00e9 int\u00e9rieure. Un soutien pr\u00e9cieux pour les p\u00e9riodes de transition et de renouveau.","breadcrumb":{"@id":"https:\/\/loiseauvert.fr\/produit\/solarisation-n30-acceptation-et-renouveau-interieur\/#breadcrumb"},"inLanguage":"en-GB","potentialAction":[{"@type":"ReadAction","target":["https:\/\/loiseauvert.fr\/produit\/solarisation-n30-acceptation-et-renouveau-interieur\/"]}]},{"@type":"ImageObject","inLanguage":"en-GB","@id":"https:\/\/loiseauvert.fr\/produit\/solarisation-n30-acceptation-et-renouveau-interieur\/#primaryimage","url":"https:\/\/loiseauvert.fr\/wp-content\/uploads\/2023\/05\/oiseau-vert-solarisations-metab-30-jpg.webp","contentUrl":"https:\/\/loiseauvert.fr\/wp-content\/uploads\/2023\/05\/oiseau-vert-solarisations-metab-30-jpg.webp","width":1000,"height":1000},{"@type":"BreadcrumbList","@id":"https:\/\/loiseauvert.fr\/produit\/solarisation-n30-acceptation-et-renouveau-interieur\/#breadcrumb","itemListElement":[{"@type":"ListItem","position":1,"name":"Accueil","item":"https:\/\/loiseauvert.fr\/"},{"@type":"ListItem","position":2,"name":"Les Sp\u00e9cifiques","item":"https:\/\/loiseauvert.fr\/categorie-produit\/les-specifiques\/"},{"@type":"ListItem","position":3,"name":"Metab"}]},{"@type":"WebSite","@id":"https:\/\/loiseauvert.fr\/#website","url":"https:\/\/loiseauvert.fr\/","name":"The Green Bird","description":"","potentialAction":[{"@type":"SearchAction","target":{"@type":"EntryPoint","urlTemplate":"https:\/\/loiseauvert.fr\/?s={search_term_string}"},"query-input":{"@type":"PropertyValueSpecification","valueRequired":true,"valueName":"search_term_string"}}],"inLanguage":"en-GB"}]}},"batches":[{"id":"31","date_created":"2025-05-22 11:03:05","date_expiry":"2027-05-01 00:00:00","user_id":"8","batch_number":"30.25.045","location":"","quantity":"73.0000","quantity_available":"0.0000","units":"1","status":"archived","order_ids":"[13864,14430,14524,14550,14591,14615,14645,14664,14711,14718,14757,14802,14867,14948,14954,15199,15259,15313,15314,15349,15381,15455,15459,15530,15541,15552,15623,15851,15883,15889,16018,16042,16045,16068,16121,16220,16249,16321,16357,16645,16709,16719,16822,16938]"},{"id":"133","date_created":"2025-11-05 17:05:31","date_expiry":"2027-11-01 00:00:00","user_id":"0","batch_number":"30.25.046","location":"","quantity":"74.0000","quantity_available":"50.0000","units":"1","status":"active","order_ids":"[16963,17114,17176,17210,17262,17269,17725,17803,17894,17952,18119,18140,18251,18270,18408,18425,18442,18520,18649,18650,18768,18772,18904]"}],"_links":{"self":[{"href":"https:\/\/loiseauvert.fr\/en\/wp-json\/wp\/v2\/product\/1343","targetHints":{"allow":["GET"]}}],"collection":[{"href":"https:\/\/loiseauvert.fr\/en\/wp-json\/wp\/v2\/product"}],"about":[{"href":"https:\/\/loiseauvert.fr\/en\/wp-json\/wp\/v2\/types\/product"}],"wp:featuredmedia":[{"embeddable":true,"href":"https:\/\/loiseauvert.fr\/en\/wp-json\/wp\/v2\/media\/1367"}],"wp:attachment":[{"href":"https:\/\/loiseauvert.fr\/en\/wp-json\/wp\/v2\/media?parent=1343"}],"wp:term":[{"taxonomy":"product_brand","embeddable":true,"href":"https:\/\/loiseauvert.fr\/en\/wp-json\/wp\/v2\/product_brand?post=1343"},{"taxonomy":"product_cat","embeddable":true,"href":"https:\/\/loiseauvert.fr\/en\/wp-json\/wp\/v2\/product_cat?post=1343"},{"taxonomy":"product_tag","embeddable":true,"href":"https:\/\/loiseauvert.fr\/en\/wp-json\/wp\/v2\/product_tag?post=1343"}],"curies":[{"name":"wp","href":"https:\/\/api.w.org\/{rel}","templated":true}]}}