{"id":12705,"date":"2025-02-05T15:33:47","date_gmt":"2025-02-05T14:33:47","guid":{"rendered":"https:\/\/loiseauvert.fr\/?post_type=product&#038;p=12705"},"modified":"2025-12-15T10:33:15","modified_gmt":"2025-12-15T09:33:15","slug":"formation-infotherapie-5-jours-dom","status":"publish","type":"product","link":"https:\/\/loiseauvert.fr\/en\/product\/formation-infotherapie-5-jours-dom\/","title":{"rendered":"Formation en Infoth\u00e9rapie &#038; Solarisations &#8211; 5 jours Ile de la R\u00e9union"},"content":{"rendered":"<h1 data-start=\"242\" data-end=\"291\"><strong data-start=\"244\" data-end=\"289\">Formation en Infoth\u00e9rapie &amp; Solarisations<\/strong><\/h1>\n<h3 data-start=\"292\" data-end=\"367\"><em data-start=\"296\" data-end=\"367\">D\u00e9veloppez une approche holistique, intuitive et profond\u00e9ment humaine<\/em><\/h3>\n<p data-start=\"369\" data-end=\"744\">D\u00e9couvrez une formation unique con\u00e7ue pour celles et ceux qui souhaitent accompagner l\u2019\u00eatre humain dans sa globalit\u00e9 \u2014 physique, \u00e9motionnelle, \u00e9nerg\u00e9tique et spirituelle.<br data-start=\"539\" data-end=\"542\" \/>L\u2019Infoth\u00e9rapie propose une mani\u00e8re douce et subtile de r\u00e9-informer le corps, tandis que l\u2019\u00e9tude des <strong data-start=\"642\" data-end=\"659\">Solarizations<\/strong> vous permet d\u2019explorer l\u2019impact des \u00e9motions et des m\u00e9moires sur l\u2019\u00e9quilibre global.<\/p>\n<h2 data-start=\"1523\" data-end=\"1555\"><strong data-start=\"1526\" data-end=\"1555\">Objectifs de la formation<\/strong><\/h2>\n<ul data-start=\"1557\" data-end=\"2071\">\n<li data-start=\"1557\" data-end=\"1656\">\n<p data-start=\"1559\" data-end=\"1656\"><strong data-start=\"1559\" data-end=\"1595\">Acqu\u00e9rir les bases fondamentales<\/strong> pour comprendre, utiliser et conseiller les Solarisations.<\/p>\n<\/li>\n<li data-start=\"1657\" data-end=\"1755\">\n<p data-start=\"1659\" data-end=\"1755\"><strong data-start=\"1659\" data-end=\"1703\">Apprendre \u00e0 utiliser l\u2019Antenne de Lecher<\/strong> (outil optionnel selon la sensibilit\u00e9 de chacun).<\/p>\n<\/li>\n<li data-start=\"1756\" data-end=\"1848\">\n<p data-start=\"1758\" data-end=\"1848\"><strong data-start=\"1758\" data-end=\"1807\">D\u00e9velopper votre perception des corps subtils<\/strong> et affiner votre ressenti \u00e9nerg\u00e9tique.<\/p>\n<\/li>\n<li data-start=\"1849\" data-end=\"1954\">\n<p data-start=\"1851\" data-end=\"1954\"><strong data-start=\"1851\" data-end=\"1887\">Explorer la palette \u00e9motionnelle<\/strong> associ\u00e9e \u00e0 chaque Solarisation afin d\u2019accompagner au plus juste.<\/p>\n<\/li>\n<li data-start=\"1955\" data-end=\"2071\">\n<p data-start=\"1957\" data-end=\"2071\"><strong data-start=\"1957\" data-end=\"2001\">Pratiquer la syntonisation personnalis\u00e9e<\/strong>, pour ajuster les Solarisations selon les besoins de chaque individu.<\/p>\n<\/li>\n<\/ul>\n<p>Pour vous permettre d\u2019acc\u00e9der \u00e0 la formation en toute s\u00e9r\u00e9nit\u00e9, vous pouvez r\u00e9gler <strong data-start=\"3395\" data-end=\"3430\">en 4 fois sans frais via Paypal<\/strong>.<\/p>","protected":false},"excerpt":{"rendered":"<p>Formation en Infoth\u00e9rapie &amp; Solarisations D\u00e9veloppez une approche holistique, intuitive et profond\u00e9ment humaine D\u00e9couvrez une formation unique con\u00e7ue pour celles et ceux qui souhaitent accompagner l\u2019\u00eatre humain dans sa globalit\u00e9 \u2014 physique, \u00e9motionnelle, \u00e9nerg\u00e9tique et spirituelle.L\u2019Infoth\u00e9rapie propose une mani\u00e8re douce et subtile de r\u00e9-informer le corps, tandis que l\u2019\u00e9tude des Solarisations vous permet d\u2019explorer l\u2019impact [&hellip;]<\/p>","protected":false},"featured_media":16750,"template":"","meta":{"_acf_changed":false,"_glsr_average":0,"_glsr_ranking":0,"_glsr_reviews":0},"product_brand":[],"product_cat":[288],"product_tag":[],"class_list":{"0":"post-12705","1":"product","2":"type-product","3":"status-publish","4":"has-post-thumbnail","6":"product_cat-formations-et-ateliers","8":"first","9":"instock","10":"virtual","11":"taxable","12":"purchasable","13":"product-type-simple"},"supplier_id":null,"supplier_sku":"","barcode":null,"atum_controlled":true,"out_stock_date":null,"out_stock_threshold":null,"inheritable":false,"inbound_stock":0,"stock_on_hold":0,"sold_today":0,"sales_last_days":0,"reserved_stock":0,"customer_returns":0,"warehouse_damage":0,"lost_in_post":0,"other_logs":0,"out_stock_days":0,"lost_sales":0,"has_location":false,"update_date":"2026-04-07T01:31:43","atum_locations":[],"atum_stock_status":"instock","restock_status":false,"low_stock_amount":"","sales_update_date":"2026-04-07T01:31:43","calc_backorders":null,"acf":[],"yoast_head":"<!-- This site is optimized with the Yoast SEO plugin v26.9 - https:\/\/yoast.com\/product\/yoast-seo-wordpress\/ -->\n<title>Formation en Infoth\u00e9rapie &amp; Solarisations - 5 jours Ile de la R\u00e9union - L&#039;Oiseau Vert<\/title>\n<meta name=\"robots\" content=\"index, follow, max-snippet:-1, max-image-preview:large, max-video-preview:-1\" \/>\n<link rel=\"canonical\" href=\"https:\/\/loiseauvert.fr\/en\/product\/formation-infotherapie-5-jours-dom\/\" \/>\n<meta property=\"og:locale\" content=\"en_GB\" \/>\n<meta property=\"og:type\" content=\"article\" \/>\n<meta property=\"og:title\" content=\"Formation en Infoth\u00e9rapie &amp; Solarisations - 5 jours Ile de la R\u00e9union - L&#039;Oiseau Vert\" \/>\n<meta property=\"og:description\" content=\"Formation en Infoth\u00e9rapie &amp; Solarisations D\u00e9veloppez une approche holistique, intuitive et profond\u00e9ment humaine D\u00e9couvrez une formation unique con\u00e7ue pour celles et ceux qui souhaitent accompagner l\u2019\u00eatre humain dans sa globalit\u00e9 \u2014 physique, \u00e9motionnelle, \u00e9nerg\u00e9tique et spirituelle.L\u2019Infoth\u00e9rapie propose une mani\u00e8re douce et subtile de r\u00e9-informer le corps, tandis que l\u2019\u00e9tude des Solarisations vous permet d\u2019explorer l\u2019impact [&hellip;]\" \/>\n<meta property=\"og:url\" content=\"https:\/\/loiseauvert.fr\/en\/product\/formation-infotherapie-5-jours-dom\/\" \/>\n<meta property=\"og:site_name\" content=\"L&#039;Oiseau Vert\" \/>\n<meta property=\"article:modified_time\" content=\"2025-12-15T09:33:15+00:00\" \/>\n<meta property=\"og:image\" content=\"https:\/\/loiseauvert.fr\/wp-content\/uploads\/2025\/02\/formation-header.jpg\" \/>\n\t<meta property=\"og:image:width\" content=\"2000\" \/>\n\t<meta property=\"og:image:height\" content=\"1172\" \/>\n\t<meta property=\"og:image:type\" content=\"image\/jpeg\" \/>\n<meta name=\"twitter:card\" content=\"summary_large_image\" \/>\n<meta name=\"twitter:label1\" content=\"Estimated reading time\" \/>\n\t<meta name=\"twitter:data1\" content=\"1 minute\" \/>\n<script type=\"application\/ld+json\" class=\"yoast-schema-graph\">{\"@context\":\"https:\/\/schema.org\",\"@graph\":[{\"@type\":\"WebPage\",\"@id\":\"https:\/\/loiseauvert.fr\/produit\/formation-infotherapie-5-jours-dom\/\",\"url\":\"https:\/\/loiseauvert.fr\/produit\/formation-infotherapie-5-jours-dom\/\",\"name\":\"Formation en Infoth\u00e9rapie & Solarisations - 5 jours Ile de la R\u00e9union - L&#039;Oiseau Vert\",\"isPartOf\":{\"@id\":\"https:\/\/loiseauvert.fr\/#website\"},\"primaryImageOfPage\":{\"@id\":\"https:\/\/loiseauvert.fr\/produit\/formation-infotherapie-5-jours-dom\/#primaryimage\"},\"image\":{\"@id\":\"https:\/\/loiseauvert.fr\/produit\/formation-infotherapie-5-jours-dom\/#primaryimage\"},\"thumbnailUrl\":\"https:\/\/loiseauvert.fr\/wp-content\/uploads\/2025\/02\/formation-header.jpg\",\"datePublished\":\"2025-02-05T14:33:47+00:00\",\"dateModified\":\"2025-12-15T09:33:15+00:00\",\"breadcrumb\":{\"@id\":\"https:\/\/loiseauvert.fr\/produit\/formation-infotherapie-5-jours-dom\/#breadcrumb\"},\"inLanguage\":\"en-GB\",\"potentialAction\":[{\"@type\":\"ReadAction\",\"target\":[\"https:\/\/loiseauvert.fr\/produit\/formation-infotherapie-5-jours-dom\/\"]}]},{\"@type\":\"ImageObject\",\"inLanguage\":\"en-GB\",\"@id\":\"https:\/\/loiseauvert.fr\/produit\/formation-infotherapie-5-jours-dom\/#primaryimage\",\"url\":\"https:\/\/loiseauvert.fr\/wp-content\/uploads\/2025\/02\/formation-header.jpg\",\"contentUrl\":\"https:\/\/loiseauvert.fr\/wp-content\/uploads\/2025\/02\/formation-header.jpg\",\"width\":2000,\"height\":1172},{\"@type\":\"BreadcrumbList\",\"@id\":\"https:\/\/loiseauvert.fr\/produit\/formation-infotherapie-5-jours-dom\/#breadcrumb\",\"itemListElement\":[{\"@type\":\"ListItem\",\"position\":1,\"name\":\"Accueil\",\"item\":\"https:\/\/loiseauvert.fr\/\"},{\"@type\":\"ListItem\",\"position\":2,\"name\":\"Formations et Ateliers\",\"item\":\"https:\/\/loiseauvert.fr\/categorie-produit\/formations-et-ateliers\/\"},{\"@type\":\"ListItem\",\"position\":3,\"name\":\"Formation en Infoth\u00e9rapie &#038; Solarisations &#8211; 5 jours Ile de la R\u00e9union\"}]},{\"@type\":\"WebSite\",\"@id\":\"https:\/\/loiseauvert.fr\/#website\",\"url\":\"https:\/\/loiseauvert.fr\/\",\"name\":\"L&#039;Oiseau Vert\",\"description\":\"\",\"potentialAction\":[{\"@type\":\"SearchAction\",\"target\":{\"@type\":\"EntryPoint\",\"urlTemplate\":\"https:\/\/loiseauvert.fr\/?s={search_term_string}\"},\"query-input\":{\"@type\":\"PropertyValueSpecification\",\"valueRequired\":true,\"valueName\":\"search_term_string\"}}],\"inLanguage\":\"en-GB\"}]}<\/script>\n<!-- \/ Yoast SEO plugin. -->","yoast_head_json":{"title":"Formation en Infoth\u00e9rapie & Solarisations - 5 jours Ile de la R\u00e9union - L&#039;Oiseau Vert","robots":{"index":"index","follow":"follow","max-snippet":"max-snippet:-1","max-image-preview":"max-image-preview:large","max-video-preview":"max-video-preview:-1"},"canonical":"https:\/\/loiseauvert.fr\/en\/product\/formation-infotherapie-5-jours-dom\/","og_locale":"en_GB","og_type":"article","og_title":"Formation en Infoth\u00e9rapie & Solarisations - 5 jours Ile de la R\u00e9union - L&#039;Oiseau Vert","og_description":"Formation en Infoth\u00e9rapie &amp; Solarisations D\u00e9veloppez une approche holistique, intuitive et profond\u00e9ment humaine D\u00e9couvrez une formation unique con\u00e7ue pour celles et ceux qui souhaitent accompagner l\u2019\u00eatre humain dans sa globalit\u00e9 \u2014 physique, \u00e9motionnelle, \u00e9nerg\u00e9tique et spirituelle.L\u2019Infoth\u00e9rapie propose une mani\u00e8re douce et subtile de r\u00e9-informer le corps, tandis que l\u2019\u00e9tude des Solarisations vous permet d\u2019explorer l\u2019impact [&hellip;]","og_url":"https:\/\/loiseauvert.fr\/en\/product\/formation-infotherapie-5-jours-dom\/","og_site_name":"L&#039;Oiseau Vert","article_modified_time":"2025-12-15T09:33:15+00:00","og_image":[{"width":2000,"height":1172,"url":"https:\/\/loiseauvert.fr\/wp-content\/uploads\/2025\/02\/formation-header.jpg","type":"image\/jpeg"}],"twitter_card":"summary_large_image","twitter_misc":{"Estimated reading time":"1 minute"},"schema":{"@context":"https:\/\/schema.org","@graph":[{"@type":"WebPage","@id":"https:\/\/loiseauvert.fr\/produit\/formation-infotherapie-5-jours-dom\/","url":"https:\/\/loiseauvert.fr\/produit\/formation-infotherapie-5-jours-dom\/","name":"Formation en Infoth\u00e9rapie & Solarisations - 5 jours Ile de la R\u00e9union - L&#039;Oiseau Vert","isPartOf":{"@id":"https:\/\/loiseauvert.fr\/#website"},"primaryImageOfPage":{"@id":"https:\/\/loiseauvert.fr\/produit\/formation-infotherapie-5-jours-dom\/#primaryimage"},"image":{"@id":"https:\/\/loiseauvert.fr\/produit\/formation-infotherapie-5-jours-dom\/#primaryimage"},"thumbnailUrl":"https:\/\/loiseauvert.fr\/wp-content\/uploads\/2025\/02\/formation-header.jpg","datePublished":"2025-02-05T14:33:47+00:00","dateModified":"2025-12-15T09:33:15+00:00","breadcrumb":{"@id":"https:\/\/loiseauvert.fr\/produit\/formation-infotherapie-5-jours-dom\/#breadcrumb"},"inLanguage":"en-GB","potentialAction":[{"@type":"ReadAction","target":["https:\/\/loiseauvert.fr\/produit\/formation-infotherapie-5-jours-dom\/"]}]},{"@type":"ImageObject","inLanguage":"en-GB","@id":"https:\/\/loiseauvert.fr\/produit\/formation-infotherapie-5-jours-dom\/#primaryimage","url":"https:\/\/loiseauvert.fr\/wp-content\/uploads\/2025\/02\/formation-header.jpg","contentUrl":"https:\/\/loiseauvert.fr\/wp-content\/uploads\/2025\/02\/formation-header.jpg","width":2000,"height":1172},{"@type":"BreadcrumbList","@id":"https:\/\/loiseauvert.fr\/produit\/formation-infotherapie-5-jours-dom\/#breadcrumb","itemListElement":[{"@type":"ListItem","position":1,"name":"Accueil","item":"https:\/\/loiseauvert.fr\/"},{"@type":"ListItem","position":2,"name":"Formations et Ateliers","item":"https:\/\/loiseauvert.fr\/categorie-produit\/formations-et-ateliers\/"},{"@type":"ListItem","position":3,"name":"Formation en Infoth\u00e9rapie &#038; Solarisations &#8211; 5 jours Ile de la R\u00e9union"}]},{"@type":"WebSite","@id":"https:\/\/loiseauvert.fr\/#website","url":"https:\/\/loiseauvert.fr\/","name":"The Green Bird","description":"","potentialAction":[{"@type":"SearchAction","target":{"@type":"EntryPoint","urlTemplate":"https:\/\/loiseauvert.fr\/?s={search_term_string}"},"query-input":{"@type":"PropertyValueSpecification","valueRequired":true,"valueName":"search_term_string"}}],"inLanguage":"en-GB"}]}},"batches":[],"_links":{"self":[{"href":"https:\/\/loiseauvert.fr\/en\/wp-json\/wp\/v2\/product\/12705","targetHints":{"allow":["GET"]}}],"collection":[{"href":"https:\/\/loiseauvert.fr\/en\/wp-json\/wp\/v2\/product"}],"about":[{"href":"https:\/\/loiseauvert.fr\/en\/wp-json\/wp\/v2\/types\/product"}],"wp:featuredmedia":[{"embeddable":true,"href":"https:\/\/loiseauvert.fr\/en\/wp-json\/wp\/v2\/media\/16750"}],"wp:attachment":[{"href":"https:\/\/loiseauvert.fr\/en\/wp-json\/wp\/v2\/media?parent=12705"}],"wp:term":[{"taxonomy":"product_brand","embeddable":true,"href":"https:\/\/loiseauvert.fr\/en\/wp-json\/wp\/v2\/product_brand?post=12705"},{"taxonomy":"product_cat","embeddable":true,"href":"https:\/\/loiseauvert.fr\/en\/wp-json\/wp\/v2\/product_cat?post=12705"},{"taxonomy":"product_tag","embeddable":true,"href":"https:\/\/loiseauvert.fr\/en\/wp-json\/wp\/v2\/product_tag?post=12705"}],"curies":[{"name":"wp","href":"https:\/\/api.w.org\/{rel}","templated":true}]}}