{"id":1263,"date":"2023-05-19T15:10:00","date_gmt":"2023-05-19T13:10:00","guid":{"rendered":"https:\/\/loiseauvert.fr\/?post_type=product&#038;p=1263"},"modified":"2026-03-31T18:38:52","modified_gmt":"2026-03-31T16:38:52","slug":"antenne-de-lecher-outil-de-mesure-et-dharmonisation-energetique","status":"publish","type":"product","link":"https:\/\/loiseauvert.fr\/en\/product\/antenne-de-lecher-outil-de-mesure-et-dharmonisation-energetique\/","title":{"rendered":"Lecher antenna"},"content":{"rendered":"<p data-start=\"273\" data-end=\"328\"><strong data-start=\"273\" data-end=\"326\">Un outil de mesure et d\u2019harmonisation \u00e9nerg\u00e9tique<\/strong><\/p>\n<p data-start=\"330\" data-end=\"614\">Con\u00e7ue par L\u2019Oiseau Vert selon les travaux du physicien Reinhard Schneider, cette antenne de L\u00e9cher est un instrument de d\u00e9tection et de r\u00e9\u00e9quilibrage \u00e9nerg\u00e9tique. Elle peut \u00eatre utilis\u00e9e dans les domaines de l\u2019habitat (g\u00e9obiologie), du bien-\u00eatre ou lors de recherches personnelles.<\/p>\n<p data-start=\"616\" data-end=\"662\">Fabriqu\u00e9e avec des mat\u00e9riaux haut de gamme :<\/p>\n<ul data-start=\"663\" data-end=\"922\">\n<li data-start=\"663\" data-end=\"761\">\n<p data-start=\"665\" data-end=\"761\"><strong data-start=\"665\" data-end=\"697\">Branches en fibre de carbone<\/strong>, pour une isolation optimale et une excellente prise en main.<\/p>\n<\/li>\n<li data-start=\"762\" data-end=\"922\">\n<p data-start=\"764\" data-end=\"922\"><strong data-start=\"764\" data-end=\"801\">T\u00eate de l&rsquo;Antenne en POM (polyoxym\u00e9thyl\u00e8ne)<\/strong>, garantissant une isolation compl\u00e8te face aux interf\u00e9rences \u00e9lectromagn\u00e9tiques, pour une meilleure pr\u00e9cision de lecture.<\/p>\n<\/li>\n<li data-start=\"762\" data-end=\"922\">\n<p data-start=\"764\" data-end=\"922\"><strong><span style=\"color: #000000;\">Masse au choix<\/span><span style=\"color: #ff0000;\"> (\u00e0 pr\u00e9ciser en commentaire lors de votre commande<\/span><\/strong><span style=\"color: #ff0000;\">).<\/span><strong>\u00a0<span style=\"color: #000000;\">Voir photos.<\/span><\/strong><\/p>\n<ul data-start=\"663\" data-end=\"922\">\n<li data-start=\"762\" data-end=\"922\">\n<p data-start=\"764\" data-end=\"922\"><span style=\"font-family: inherit;\">Masse ergonomique aluminium anodis\u00e9<strong> (exp\u00e9di\u00e9e par d\u00e9faut)<\/strong>.<\/span><\/p>\n<\/li>\n<li data-start=\"762\" data-end=\"922\">Masse plate aluminium brillant .<\/li>\n<\/ul>\n<\/li>\n<\/ul>","protected":false},"excerpt":{"rendered":"<p>Un outil de mesure et d\u2019harmonisation \u00e9nerg\u00e9tique Con\u00e7ue par L\u2019Oiseau Vert selon les travaux du physicien Reinhard Schneider, cette antenne de L\u00e9cher est un instrument de d\u00e9tection et de r\u00e9\u00e9quilibrage \u00e9nerg\u00e9tique. Elle peut \u00eatre utilis\u00e9e dans les domaines de l\u2019habitat (g\u00e9obiologie), du bien-\u00eatre ou lors de recherches personnelles. Fabriqu\u00e9e avec des mat\u00e9riaux haut de gamme [&hellip;]<\/p>","protected":false},"featured_media":17109,"template":"","meta":{"_acf_changed":false,"_glsr_average":0,"_glsr_ranking":0,"_glsr_reviews":0},"product_brand":[],"product_cat":[64],"product_tag":[],"class_list":{"0":"post-1263","1":"product","2":"type-product","3":"status-publish","4":"has-post-thumbnail","6":"product_cat-autres-produits","8":"first","9":"instock","10":"taxable","11":"shipping-taxable","12":"purchasable","13":"product-type-simple"},"supplier_id":null,"supplier_sku":"","barcode":null,"atum_controlled":true,"out_stock_date":null,"out_stock_threshold":null,"inheritable":false,"inbound_stock":null,"stock_on_hold":0,"sold_today":0,"sales_last_days":1,"reserved_stock":null,"customer_returns":null,"warehouse_damage":null,"lost_in_post":null,"other_logs":null,"out_stock_days":0,"lost_sales":0,"has_location":false,"update_date":"2026-04-09T10:18:02","atum_locations":[],"atum_stock_status":"instock","restock_status":false,"low_stock_amount":"","sales_update_date":"2026-04-09T10:18:02","calc_backorders":null,"acf":[],"yoast_head":"<!-- This site is optimized with the Yoast SEO plugin v26.9 - https:\/\/yoast.com\/product\/yoast-seo-wordpress\/ -->\n<title>L&#039;antenne de Lecher - L&#039;Oiseau Vert<\/title>\n<meta name=\"description\" content=\"Antenne de L\u00e9cher \u2013 Outil de d\u00e9tection et d\u2019harmonisation \u00e9nerg\u00e9tique. Haute pr\u00e9cision, id\u00e9ale pour g\u00e9obiologie, bien-\u00eatre et \u00e9quilibre personnel.\" \/>\n<meta name=\"robots\" content=\"index, follow, max-snippet:-1, max-image-preview:large, max-video-preview:-1\" \/>\n<link rel=\"canonical\" href=\"https:\/\/loiseauvert.fr\/en\/product\/antenne-de-lecher-outil-de-mesure-et-dharmonisation-energetique\/\" \/>\n<meta property=\"og:locale\" content=\"en_GB\" \/>\n<meta property=\"og:type\" content=\"article\" \/>\n<meta property=\"og:title\" content=\"L&#039;antenne de Lecher - L&#039;Oiseau Vert\" \/>\n<meta property=\"og:description\" content=\"Antenne de L\u00e9cher \u2013 Outil de d\u00e9tection et d\u2019harmonisation \u00e9nerg\u00e9tique. Haute pr\u00e9cision, id\u00e9ale pour g\u00e9obiologie, bien-\u00eatre et \u00e9quilibre personnel.\" \/>\n<meta property=\"og:url\" content=\"https:\/\/loiseauvert.fr\/en\/product\/antenne-de-lecher-outil-de-mesure-et-dharmonisation-energetique\/\" \/>\n<meta property=\"og:site_name\" content=\"L&#039;Oiseau Vert\" \/>\n<meta property=\"article:modified_time\" content=\"2026-03-31T16:38:52+00:00\" \/>\n<meta property=\"og:image\" content=\"https:\/\/loiseauvert.fr\/wp-content\/uploads\/2023\/05\/1000036266.jpg\" \/>\n\t<meta property=\"og:image:width\" content=\"1752\" \/>\n\t<meta property=\"og:image:height\" content=\"1410\" \/>\n\t<meta property=\"og:image:type\" content=\"image\/jpeg\" \/>\n<meta name=\"twitter:card\" content=\"summary_large_image\" \/>\n<meta name=\"twitter:label1\" content=\"Estimated reading time\" \/>\n\t<meta name=\"twitter:data1\" content=\"1 minute\" \/>\n<script type=\"application\/ld+json\" class=\"yoast-schema-graph\">{\"@context\":\"https:\/\/schema.org\",\"@graph\":[{\"@type\":\"WebPage\",\"@id\":\"https:\/\/loiseauvert.fr\/produit\/antenne-de-lecher-outil-de-mesure-et-dharmonisation-energetique\/\",\"url\":\"https:\/\/loiseauvert.fr\/produit\/antenne-de-lecher-outil-de-mesure-et-dharmonisation-energetique\/\",\"name\":\"L'antenne de Lecher - L&#039;Oiseau Vert\",\"isPartOf\":{\"@id\":\"https:\/\/loiseauvert.fr\/#website\"},\"primaryImageOfPage\":{\"@id\":\"https:\/\/loiseauvert.fr\/produit\/antenne-de-lecher-outil-de-mesure-et-dharmonisation-energetique\/#primaryimage\"},\"image\":{\"@id\":\"https:\/\/loiseauvert.fr\/produit\/antenne-de-lecher-outil-de-mesure-et-dharmonisation-energetique\/#primaryimage\"},\"thumbnailUrl\":\"https:\/\/loiseauvert.fr\/wp-content\/uploads\/2023\/05\/1000036266.jpg\",\"datePublished\":\"2023-05-19T13:10:00+00:00\",\"dateModified\":\"2026-03-31T16:38:52+00:00\",\"description\":\"Antenne de L\u00e9cher \u2013 Outil de d\u00e9tection et d\u2019harmonisation \u00e9nerg\u00e9tique. Haute pr\u00e9cision, id\u00e9ale pour g\u00e9obiologie, bien-\u00eatre et \u00e9quilibre personnel.\",\"breadcrumb\":{\"@id\":\"https:\/\/loiseauvert.fr\/produit\/antenne-de-lecher-outil-de-mesure-et-dharmonisation-energetique\/#breadcrumb\"},\"inLanguage\":\"en-GB\",\"potentialAction\":[{\"@type\":\"ReadAction\",\"target\":[\"https:\/\/loiseauvert.fr\/produit\/antenne-de-lecher-outil-de-mesure-et-dharmonisation-energetique\/\"]}]},{\"@type\":\"ImageObject\",\"inLanguage\":\"en-GB\",\"@id\":\"https:\/\/loiseauvert.fr\/produit\/antenne-de-lecher-outil-de-mesure-et-dharmonisation-energetique\/#primaryimage\",\"url\":\"https:\/\/loiseauvert.fr\/wp-content\/uploads\/2023\/05\/1000036266.jpg\",\"contentUrl\":\"https:\/\/loiseauvert.fr\/wp-content\/uploads\/2023\/05\/1000036266.jpg\",\"width\":1752,\"height\":1410},{\"@type\":\"BreadcrumbList\",\"@id\":\"https:\/\/loiseauvert.fr\/produit\/antenne-de-lecher-outil-de-mesure-et-dharmonisation-energetique\/#breadcrumb\",\"itemListElement\":[{\"@type\":\"ListItem\",\"position\":1,\"name\":\"Accueil\",\"item\":\"https:\/\/loiseauvert.fr\/\"},{\"@type\":\"ListItem\",\"position\":2,\"name\":\"Autres produits\",\"item\":\"https:\/\/loiseauvert.fr\/categorie-produit\/autres-produits\/\"},{\"@type\":\"ListItem\",\"position\":3,\"name\":\"L&#8217;antenne de Lecher\"}]},{\"@type\":\"WebSite\",\"@id\":\"https:\/\/loiseauvert.fr\/#website\",\"url\":\"https:\/\/loiseauvert.fr\/\",\"name\":\"L&#039;Oiseau Vert\",\"description\":\"\",\"potentialAction\":[{\"@type\":\"SearchAction\",\"target\":{\"@type\":\"EntryPoint\",\"urlTemplate\":\"https:\/\/loiseauvert.fr\/?s={search_term_string}\"},\"query-input\":{\"@type\":\"PropertyValueSpecification\",\"valueRequired\":true,\"valueName\":\"search_term_string\"}}],\"inLanguage\":\"en-GB\"}]}<\/script>\n<!-- \/ Yoast SEO plugin. -->","yoast_head_json":{"title":"Lecher&#039;s antenna - L&#039;Oiseau Vert","description":"Antenne de L\u00e9cher \u2013 Outil de d\u00e9tection et d\u2019harmonisation \u00e9nerg\u00e9tique. Haute pr\u00e9cision, id\u00e9ale pour g\u00e9obiologie, bien-\u00eatre et \u00e9quilibre personnel.","robots":{"index":"index","follow":"follow","max-snippet":"max-snippet:-1","max-image-preview":"max-image-preview:large","max-video-preview":"max-video-preview:-1"},"canonical":"https:\/\/loiseauvert.fr\/en\/product\/antenne-de-lecher-outil-de-mesure-et-dharmonisation-energetique\/","og_locale":"en_GB","og_type":"article","og_title":"L'antenne de Lecher - L&#039;Oiseau Vert","og_description":"Antenne de L\u00e9cher \u2013 Outil de d\u00e9tection et d\u2019harmonisation \u00e9nerg\u00e9tique. Haute pr\u00e9cision, id\u00e9ale pour g\u00e9obiologie, bien-\u00eatre et \u00e9quilibre personnel.","og_url":"https:\/\/loiseauvert.fr\/en\/product\/antenne-de-lecher-outil-de-mesure-et-dharmonisation-energetique\/","og_site_name":"L&#039;Oiseau Vert","article_modified_time":"2026-03-31T16:38:52+00:00","og_image":[{"width":1752,"height":1410,"url":"https:\/\/loiseauvert.fr\/wp-content\/uploads\/2023\/05\/1000036266.jpg","type":"image\/jpeg"}],"twitter_card":"summary_large_image","twitter_misc":{"Estimated reading time":"1 minute"},"schema":{"@context":"https:\/\/schema.org","@graph":[{"@type":"WebPage","@id":"https:\/\/loiseauvert.fr\/produit\/antenne-de-lecher-outil-de-mesure-et-dharmonisation-energetique\/","url":"https:\/\/loiseauvert.fr\/produit\/antenne-de-lecher-outil-de-mesure-et-dharmonisation-energetique\/","name":"Lecher&#039;s antenna - L&#039;Oiseau Vert","isPartOf":{"@id":"https:\/\/loiseauvert.fr\/#website"},"primaryImageOfPage":{"@id":"https:\/\/loiseauvert.fr\/produit\/antenne-de-lecher-outil-de-mesure-et-dharmonisation-energetique\/#primaryimage"},"image":{"@id":"https:\/\/loiseauvert.fr\/produit\/antenne-de-lecher-outil-de-mesure-et-dharmonisation-energetique\/#primaryimage"},"thumbnailUrl":"https:\/\/loiseauvert.fr\/wp-content\/uploads\/2023\/05\/1000036266.jpg","datePublished":"2023-05-19T13:10:00+00:00","dateModified":"2026-03-31T16:38:52+00:00","description":"Antenne de L\u00e9cher \u2013 Outil de d\u00e9tection et d\u2019harmonisation \u00e9nerg\u00e9tique. Haute pr\u00e9cision, id\u00e9ale pour g\u00e9obiologie, bien-\u00eatre et \u00e9quilibre personnel.","breadcrumb":{"@id":"https:\/\/loiseauvert.fr\/produit\/antenne-de-lecher-outil-de-mesure-et-dharmonisation-energetique\/#breadcrumb"},"inLanguage":"en-GB","potentialAction":[{"@type":"ReadAction","target":["https:\/\/loiseauvert.fr\/produit\/antenne-de-lecher-outil-de-mesure-et-dharmonisation-energetique\/"]}]},{"@type":"ImageObject","inLanguage":"en-GB","@id":"https:\/\/loiseauvert.fr\/produit\/antenne-de-lecher-outil-de-mesure-et-dharmonisation-energetique\/#primaryimage","url":"https:\/\/loiseauvert.fr\/wp-content\/uploads\/2023\/05\/1000036266.jpg","contentUrl":"https:\/\/loiseauvert.fr\/wp-content\/uploads\/2023\/05\/1000036266.jpg","width":1752,"height":1410},{"@type":"BreadcrumbList","@id":"https:\/\/loiseauvert.fr\/produit\/antenne-de-lecher-outil-de-mesure-et-dharmonisation-energetique\/#breadcrumb","itemListElement":[{"@type":"ListItem","position":1,"name":"Accueil","item":"https:\/\/loiseauvert.fr\/"},{"@type":"ListItem","position":2,"name":"Autres produits","item":"https:\/\/loiseauvert.fr\/categorie-produit\/autres-produits\/"},{"@type":"ListItem","position":3,"name":"L&#8217;antenne de Lecher"}]},{"@type":"WebSite","@id":"https:\/\/loiseauvert.fr\/#website","url":"https:\/\/loiseauvert.fr\/","name":"The Green Bird","description":"","potentialAction":[{"@type":"SearchAction","target":{"@type":"EntryPoint","urlTemplate":"https:\/\/loiseauvert.fr\/?s={search_term_string}"},"query-input":{"@type":"PropertyValueSpecification","valueRequired":true,"valueName":"search_term_string"}}],"inLanguage":"en-GB"}]}},"batches":[],"_links":{"self":[{"href":"https:\/\/loiseauvert.fr\/en\/wp-json\/wp\/v2\/product\/1263","targetHints":{"allow":["GET"]}}],"collection":[{"href":"https:\/\/loiseauvert.fr\/en\/wp-json\/wp\/v2\/product"}],"about":[{"href":"https:\/\/loiseauvert.fr\/en\/wp-json\/wp\/v2\/types\/product"}],"wp:featuredmedia":[{"embeddable":true,"href":"https:\/\/loiseauvert.fr\/en\/wp-json\/wp\/v2\/media\/17109"}],"wp:attachment":[{"href":"https:\/\/loiseauvert.fr\/en\/wp-json\/wp\/v2\/media?parent=1263"}],"wp:term":[{"taxonomy":"product_brand","embeddable":true,"href":"https:\/\/loiseauvert.fr\/en\/wp-json\/wp\/v2\/product_brand?post=1263"},{"taxonomy":"product_cat","embeddable":true,"href":"https:\/\/loiseauvert.fr\/en\/wp-json\/wp\/v2\/product_cat?post=1263"},{"taxonomy":"product_tag","embeddable":true,"href":"https:\/\/loiseauvert.fr\/en\/wp-json\/wp\/v2\/product_tag?post=1263"}],"curies":[{"name":"wp","href":"https:\/\/api.w.org\/{rel}","templated":true}]}}