{"id":1222,"date":"2023-05-19T15:08:45","date_gmt":"2023-05-19T13:08:45","guid":{"rendered":"https:\/\/loiseauvert.fr\/?post_type=product&#038;p=1222"},"modified":"2026-03-20T19:05:48","modified_gmt":"2026-03-20T18:05:48","slug":"solarisation-n35-confiance-en-ses-capacites-innees","status":"publish","type":"product","link":"https:\/\/loiseauvert.fr\/en\/product\/solarisation-n35-confiance-en-ses-capacites-innees\/","title":{"rendered":"Kouei"},"content":{"rendered":"<h3>Solarization No. 35<\/h3>\n<p><strong>\u00ab\u00a0Accompagnement vers la confiance en ses capacit\u00e9s inn\u00e9es\u00a0\u00bb<\/strong><\/p>\n<ul>\n<li>\n<p data-start=\"615\" data-end=\"1017\">Favorise une meilleure connaissance de soi et invite \u00e0 prendre conscience des sch\u00e9mas personnels qui limitent l\u2019\u00e9panouissement.<\/p>\n<\/li>\n<li>\n<p data-start=\"615\" data-end=\"1017\">Accompagne le chemin vers une \u00e9nergie positive, l\u2019\u00e9quilibre int\u00e9rieur, et un sentiment d\u2019unit\u00e9 avec soi-m\u00eame.<\/p>\n<\/li>\n<li>\n<p data-start=\"615\" data-end=\"1017\">Soutient le d\u00e9veloppement d\u2019une approche bienveillante envers soi et encourage l\u2019ouverture \u00e0 des ressources personnelles profondes.<\/p>\n<\/li>\n<\/ul>","protected":false},"excerpt":{"rendered":"<p data-start=\"111\" data-end=\"159\"><strong data-start=\"115\" data-end=\"159\">Protection &amp; Int\u00e9gration<\/strong><\/p>\n<p data-start=\"161\" data-end=\"381\">Soutient la confiance en ses propres ressources et favorise un sentiment d\u2019ancrage et de force int\u00e9rieure.<br data-start=\"286\" data-end=\"289\" \/>Accompagne l\u2019int\u00e9gration harmonieuse des exp\u00e9riences pour mieux avancer avec assurance.<\/p>","protected":false},"featured_media":1251,"template":"","meta":{"_acf_changed":false,"_glsr_average":0,"_glsr_ranking":0,"_glsr_reviews":0},"product_brand":[],"product_cat":[60],"product_tag":[],"class_list":{"0":"post-1222","1":"product","2":"type-product","3":"status-publish","4":"has-post-thumbnail","6":"product_cat-les-specifiques","8":"first","9":"instock","10":"taxable","11":"shipping-taxable","12":"purchasable","13":"product-type-simple"},"supplier_id":null,"supplier_sku":"","barcode":null,"atum_controlled":true,"out_stock_date":null,"out_stock_threshold":null,"inheritable":false,"inbound_stock":null,"stock_on_hold":1,"sold_today":0,"sales_last_days":0,"reserved_stock":null,"customer_returns":null,"warehouse_damage":null,"lost_in_post":null,"other_logs":null,"out_stock_days":0,"lost_sales":0,"has_location":false,"update_date":"2026-04-06T10:18:20","atum_locations":[],"atum_stock_status":"instock","restock_status":false,"low_stock_amount":"","sales_update_date":"2026-04-06T10:18:20","calc_backorders":null,"acf":[],"yoast_head":"<!-- This site is optimized with the Yoast SEO plugin v26.9 - https:\/\/yoast.com\/product\/yoast-seo-wordpress\/ -->\n<title>Kouei - L&#039;Oiseau Vert<\/title>\n<meta name=\"description\" content=\"Solarisation 35 D\u00e9veloppez confiance en vous, \u00e9quilibre int\u00e9rieur et \u00e9nergie positive. Un soutien pour r\u00e9v\u00e9ler vos capacit\u00e9s inn\u00e9es et ressources profondes.\" \/>\n<meta name=\"robots\" content=\"index, follow, max-snippet:-1, max-image-preview:large, max-video-preview:-1\" \/>\n<link rel=\"canonical\" href=\"https:\/\/loiseauvert.fr\/en\/product\/solarisation-n35-confiance-en-ses-capacites-innees\/\" \/>\n<meta property=\"og:locale\" content=\"en_GB\" \/>\n<meta property=\"og:type\" content=\"article\" \/>\n<meta property=\"og:title\" content=\"Kouei - L&#039;Oiseau Vert\" \/>\n<meta property=\"og:description\" content=\"Solarisation 35 D\u00e9veloppez confiance en vous, \u00e9quilibre int\u00e9rieur et \u00e9nergie positive. Un soutien pour r\u00e9v\u00e9ler vos capacit\u00e9s inn\u00e9es et ressources profondes.\" \/>\n<meta property=\"og:url\" content=\"https:\/\/loiseauvert.fr\/en\/product\/solarisation-n35-confiance-en-ses-capacites-innees\/\" \/>\n<meta property=\"og:site_name\" content=\"L&#039;Oiseau Vert\" \/>\n<meta property=\"article:modified_time\" content=\"2026-03-20T18:05:48+00:00\" \/>\n<meta property=\"og:image\" content=\"https:\/\/loiseauvert.fr\/wp-content\/uploads\/2023\/05\/oiseau-vert-solarisation-kouei-35-jpg.webp\" \/>\n\t<meta property=\"og:image:width\" content=\"1000\" \/>\n\t<meta property=\"og:image:height\" content=\"1000\" \/>\n\t<meta property=\"og:image:type\" content=\"image\/jpeg\" \/>\n<meta name=\"twitter:card\" content=\"summary_large_image\" \/>\n<meta name=\"twitter:label1\" content=\"Estimated reading time\" \/>\n\t<meta name=\"twitter:data1\" content=\"1 minute\" \/>\n<script type=\"application\/ld+json\" class=\"yoast-schema-graph\">{\"@context\":\"https:\/\/schema.org\",\"@graph\":[{\"@type\":\"WebPage\",\"@id\":\"https:\/\/loiseauvert.fr\/produit\/solarisation-n35-confiance-en-ses-capacites-innees\/\",\"url\":\"https:\/\/loiseauvert.fr\/produit\/solarisation-n35-confiance-en-ses-capacites-innees\/\",\"name\":\"Kouei - L&#039;Oiseau Vert\",\"isPartOf\":{\"@id\":\"https:\/\/loiseauvert.fr\/#website\"},\"primaryImageOfPage\":{\"@id\":\"https:\/\/loiseauvert.fr\/produit\/solarisation-n35-confiance-en-ses-capacites-innees\/#primaryimage\"},\"image\":{\"@id\":\"https:\/\/loiseauvert.fr\/produit\/solarisation-n35-confiance-en-ses-capacites-innees\/#primaryimage\"},\"thumbnailUrl\":\"https:\/\/loiseauvert.fr\/wp-content\/uploads\/2023\/05\/oiseau-vert-solarisation-kouei-35-jpg.webp\",\"datePublished\":\"2023-05-19T13:08:45+00:00\",\"dateModified\":\"2026-03-20T18:05:48+00:00\",\"description\":\"Solarisation 35 D\u00e9veloppez confiance en vous, \u00e9quilibre int\u00e9rieur et \u00e9nergie positive. Un soutien pour r\u00e9v\u00e9ler vos capacit\u00e9s inn\u00e9es et ressources profondes.\",\"breadcrumb\":{\"@id\":\"https:\/\/loiseauvert.fr\/produit\/solarisation-n35-confiance-en-ses-capacites-innees\/#breadcrumb\"},\"inLanguage\":\"en-GB\",\"potentialAction\":[{\"@type\":\"ReadAction\",\"target\":[\"https:\/\/loiseauvert.fr\/produit\/solarisation-n35-confiance-en-ses-capacites-innees\/\"]}]},{\"@type\":\"ImageObject\",\"inLanguage\":\"en-GB\",\"@id\":\"https:\/\/loiseauvert.fr\/produit\/solarisation-n35-confiance-en-ses-capacites-innees\/#primaryimage\",\"url\":\"https:\/\/loiseauvert.fr\/wp-content\/uploads\/2023\/05\/oiseau-vert-solarisation-kouei-35-jpg.webp\",\"contentUrl\":\"https:\/\/loiseauvert.fr\/wp-content\/uploads\/2023\/05\/oiseau-vert-solarisation-kouei-35-jpg.webp\",\"width\":1000,\"height\":1000},{\"@type\":\"BreadcrumbList\",\"@id\":\"https:\/\/loiseauvert.fr\/produit\/solarisation-n35-confiance-en-ses-capacites-innees\/#breadcrumb\",\"itemListElement\":[{\"@type\":\"ListItem\",\"position\":1,\"name\":\"Accueil\",\"item\":\"https:\/\/loiseauvert.fr\/\"},{\"@type\":\"ListItem\",\"position\":2,\"name\":\"Les Sp\u00e9cifiques\",\"item\":\"https:\/\/loiseauvert.fr\/categorie-produit\/les-specifiques\/\"},{\"@type\":\"ListItem\",\"position\":3,\"name\":\"Kouei\"}]},{\"@type\":\"WebSite\",\"@id\":\"https:\/\/loiseauvert.fr\/#website\",\"url\":\"https:\/\/loiseauvert.fr\/\",\"name\":\"L&#039;Oiseau Vert\",\"description\":\"\",\"potentialAction\":[{\"@type\":\"SearchAction\",\"target\":{\"@type\":\"EntryPoint\",\"urlTemplate\":\"https:\/\/loiseauvert.fr\/?s={search_term_string}\"},\"query-input\":{\"@type\":\"PropertyValueSpecification\",\"valueRequired\":true,\"valueName\":\"search_term_string\"}}],\"inLanguage\":\"en-GB\"}]}<\/script>\n<!-- \/ Yoast SEO plugin. -->","yoast_head_json":{"title":"Kouei - L&#039;Green Bird","description":"Solarisation 35 D\u00e9veloppez confiance en vous, \u00e9quilibre int\u00e9rieur et \u00e9nergie positive. Un soutien pour r\u00e9v\u00e9ler vos capacit\u00e9s inn\u00e9es et ressources profondes.","robots":{"index":"index","follow":"follow","max-snippet":"max-snippet:-1","max-image-preview":"max-image-preview:large","max-video-preview":"max-video-preview:-1"},"canonical":"https:\/\/loiseauvert.fr\/en\/product\/solarisation-n35-confiance-en-ses-capacites-innees\/","og_locale":"en_GB","og_type":"article","og_title":"Kouei - L&#039;Oiseau Vert","og_description":"Solarisation 35 D\u00e9veloppez confiance en vous, \u00e9quilibre int\u00e9rieur et \u00e9nergie positive. Un soutien pour r\u00e9v\u00e9ler vos capacit\u00e9s inn\u00e9es et ressources profondes.","og_url":"https:\/\/loiseauvert.fr\/en\/product\/solarisation-n35-confiance-en-ses-capacites-innees\/","og_site_name":"L&#039;Oiseau Vert","article_modified_time":"2026-03-20T18:05:48+00:00","og_image":[{"width":1000,"height":1000,"url":"https:\/\/loiseauvert.fr\/wp-content\/uploads\/2023\/05\/oiseau-vert-solarisation-kouei-35-jpg.webp","type":"image\/jpeg"}],"twitter_card":"summary_large_image","twitter_misc":{"Estimated reading time":"1 minute"},"schema":{"@context":"https:\/\/schema.org","@graph":[{"@type":"WebPage","@id":"https:\/\/loiseauvert.fr\/produit\/solarisation-n35-confiance-en-ses-capacites-innees\/","url":"https:\/\/loiseauvert.fr\/produit\/solarisation-n35-confiance-en-ses-capacites-innees\/","name":"Kouei - L&#039;Green Bird","isPartOf":{"@id":"https:\/\/loiseauvert.fr\/#website"},"primaryImageOfPage":{"@id":"https:\/\/loiseauvert.fr\/produit\/solarisation-n35-confiance-en-ses-capacites-innees\/#primaryimage"},"image":{"@id":"https:\/\/loiseauvert.fr\/produit\/solarisation-n35-confiance-en-ses-capacites-innees\/#primaryimage"},"thumbnailUrl":"https:\/\/loiseauvert.fr\/wp-content\/uploads\/2023\/05\/oiseau-vert-solarisation-kouei-35-jpg.webp","datePublished":"2023-05-19T13:08:45+00:00","dateModified":"2026-03-20T18:05:48+00:00","description":"Solarisation 35 D\u00e9veloppez confiance en vous, \u00e9quilibre int\u00e9rieur et \u00e9nergie positive. Un soutien pour r\u00e9v\u00e9ler vos capacit\u00e9s inn\u00e9es et ressources profondes.","breadcrumb":{"@id":"https:\/\/loiseauvert.fr\/produit\/solarisation-n35-confiance-en-ses-capacites-innees\/#breadcrumb"},"inLanguage":"en-GB","potentialAction":[{"@type":"ReadAction","target":["https:\/\/loiseauvert.fr\/produit\/solarisation-n35-confiance-en-ses-capacites-innees\/"]}]},{"@type":"ImageObject","inLanguage":"en-GB","@id":"https:\/\/loiseauvert.fr\/produit\/solarisation-n35-confiance-en-ses-capacites-innees\/#primaryimage","url":"https:\/\/loiseauvert.fr\/wp-content\/uploads\/2023\/05\/oiseau-vert-solarisation-kouei-35-jpg.webp","contentUrl":"https:\/\/loiseauvert.fr\/wp-content\/uploads\/2023\/05\/oiseau-vert-solarisation-kouei-35-jpg.webp","width":1000,"height":1000},{"@type":"BreadcrumbList","@id":"https:\/\/loiseauvert.fr\/produit\/solarisation-n35-confiance-en-ses-capacites-innees\/#breadcrumb","itemListElement":[{"@type":"ListItem","position":1,"name":"Accueil","item":"https:\/\/loiseauvert.fr\/"},{"@type":"ListItem","position":2,"name":"Les Sp\u00e9cifiques","item":"https:\/\/loiseauvert.fr\/categorie-produit\/les-specifiques\/"},{"@type":"ListItem","position":3,"name":"Kouei"}]},{"@type":"WebSite","@id":"https:\/\/loiseauvert.fr\/#website","url":"https:\/\/loiseauvert.fr\/","name":"The Green Bird","description":"","potentialAction":[{"@type":"SearchAction","target":{"@type":"EntryPoint","urlTemplate":"https:\/\/loiseauvert.fr\/?s={search_term_string}"},"query-input":{"@type":"PropertyValueSpecification","valueRequired":true,"valueName":"search_term_string"}}],"inLanguage":"en-GB"}]}},"batches":[{"id":"36","date_created":"2025-05-22 11:12:46","date_expiry":"2026-12-01 00:00:00","user_id":"8","batch_number":"35.24.041","location":"","quantity":"6.0000","quantity_available":"0.0000","units":"1","status":"archived","order_ids":"[14441,14479,14490,14128,14707]"},{"id":"67","date_created":"2025-05-28 17:30:54","date_expiry":"2027-06-01 00:00:00","user_id":"8","batch_number":"35.25.042","location":"","quantity":"73.0000","quantity_available":"0.0000","units":"1","status":"archived","order_ids":"[14243,14707,14799,14809,14898,14905,15259,15278,15396,15560,15586,15606,15623,15641,15657,15739,15880,16238,16356,16465,16553,16577,16591,16616,16772,16780,16831,16881,16893,16961,17043,17064,17145,17334,17358]"},{"id":"152","date_created":"2025-12-11 13:00:03","date_expiry":"2027-12-01 00:00:00","user_id":"0","batch_number":"35.25.043","location":"","quantity":"74.0000","quantity_available":"50.0000","units":"1","status":"active","order_ids":"[17521,17526,17671,17791,17858,17875,17925,17971,18021,18036,18046,18295,18301,18308,18311,18394,18398,18447,18586,18650,18679]"}],"_links":{"self":[{"href":"https:\/\/loiseauvert.fr\/en\/wp-json\/wp\/v2\/product\/1222","targetHints":{"allow":["GET"]}}],"collection":[{"href":"https:\/\/loiseauvert.fr\/en\/wp-json\/wp\/v2\/product"}],"about":[{"href":"https:\/\/loiseauvert.fr\/en\/wp-json\/wp\/v2\/types\/product"}],"wp:featuredmedia":[{"embeddable":true,"href":"https:\/\/loiseauvert.fr\/en\/wp-json\/wp\/v2\/media\/1251"}],"wp:attachment":[{"href":"https:\/\/loiseauvert.fr\/en\/wp-json\/wp\/v2\/media?parent=1222"}],"wp:term":[{"taxonomy":"product_brand","embeddable":true,"href":"https:\/\/loiseauvert.fr\/en\/wp-json\/wp\/v2\/product_brand?post=1222"},{"taxonomy":"product_cat","embeddable":true,"href":"https:\/\/loiseauvert.fr\/en\/wp-json\/wp\/v2\/product_cat?post=1222"},{"taxonomy":"product_tag","embeddable":true,"href":"https:\/\/loiseauvert.fr\/en\/wp-json\/wp\/v2\/product_tag?post=1222"}],"curies":[{"name":"wp","href":"https:\/\/api.w.org\/{rel}","templated":true}]}}